{"id":30446,"date":"2021-04-15T11:49:52","date_gmt":"2021-04-15T09:49:52","guid":{"rendered":"https:\/\/lentraide.es\/?page_id=30446"},"modified":"2025-04-09T13:49:38","modified_gmt":"2025-04-09T11:49:38","slug":"ser-empresa-colaboradora","status":"publish","type":"page","link":"https:\/\/lentraide.es\/es\/ser-empresa-colaboradora\/","title":{"rendered":"Ser Empresa Colaboradora"},"content":{"rendered":"<div class=\"wpb-content-wrapper\"><p>[vc_row css_animation=\u00bb\u00bb row_type=\u00bbrow\u00bb use_row_as_full_screen_section=\u00bbno\u00bb type=\u00bbfull_width\u00bb angled_section=\u00bbno\u00bb text_align=\u00bbleft\u00bb background_image_as_pattern=\u00bbwithout_pattern\u00bb z_index=\u00bb\u00bb css=\u00bb.vc_custom_1588789001472{background-color: #1044a7 !important;border-radius: 20px !important;}\u00bb][vc_column][vc_empty_space height=\u00bb10px\u00bb][vc_column_text]<\/p>\n<blockquote>\n<h2 class=\"white\" style=\"text-align: center;\" data-mce-style=\"text-align: center;\">Al convertirte como empresa colaboradora de l\u2019Entraide,<br \/>tu empresa se compromete con la Asociaci\u00f3n<\/h2>\n<h2 class=\"white\" style=\"text-align: center;\" data-mce-style=\"text-align: center;\">y cumple su papel de empresa socialmente responsable.<\/h2>\n<\/blockquote>\n<p>[\/vc_column_text][vc_empty_space height=\u00bb10px\u00bb][\/vc_column][\/vc_row][vc_row css_animation=\u00bb\u00bb row_type=\u00bbrow\u00bb use_row_as_full_screen_section=\u00bbno\u00bb type=\u00bbfull_width\u00bb angled_section=\u00bbno\u00bb text_align=\u00bbleft\u00bb background_image_as_pattern=\u00bbwithout_pattern\u00bb][vc_column][vc_row_inner row_type=\u00bbrow\u00bb type=\u00bbfull_width\u00bb text_align=\u00bbleft\u00bb css_animation=\u00bb\u00bb][vc_column_inner][vc_empty_space height=\u00bb20px\u00bb][vc_column_text]<\/p>\n<h2 style=\"text-align: justify;\" data-mce-style=\"text-align: justify;\">La ayuda de nuestras empresas colaboradoras puede adoptar diferentes formas:<\/h2>\n<p>[\/vc_column_text][\/vc_column_inner][\/vc_row_inner][\/vc_column][\/vc_row][vc_row css_animation=\u00bb\u00bb row_type=\u00bbrow\u00bb use_row_as_full_screen_section=\u00bbno\u00bb type=\u00bbfull_width\u00bb angled_section=\u00bbno\u00bb text_align=\u00bbleft\u00bb background_image_as_pattern=\u00bbwithout_pattern\u00bb][vc_column width=\u00bb2\/3&#8243;][vc_empty_space][vc_column_text]<\/p>\n<h4><strong>&#8211; <\/strong><strong>Patrocinar un evento&nbsp;<\/strong><\/h4>\n<p>[\/vc_column_text][vc_empty_space height=\u00bb12px\u00bb][vc_column_text]<\/p>\n<ul>\n<li>Dependiendo de tu objetivo de notoriedad.<\/li>\n<li>Los elementos de la imagen de tu empresa (logotipo, etc.) y tu colaboraci\u00f3n se anunciar\u00e1n por correo electr\u00f3nico, en nuestra p\u00e1gina web y en nuestro Facebook, a nuestra base de datos (m\u00e1s de 1500) y durante el evento, as\u00ed como en los folletos publicitarios distribuidos a un amplio p\u00fablico.<br data-mce-bogus=\"1\"><\/li>\n<\/ul>\n<p>Tu empresa y tu colaboraci\u00f3n tambi\u00e9n ser\u00e1n destacadas en el lugar del evento en forma de un soporte que se decidir\u00e1 conjuntamente (Roll up\u2026).<\/p>\n<p>Los principales eventos que se patrocinan son nuestra cena de gala anual, los torneos de golf y bridge, las sesiones de teatro y nuestra venta navide\u00f1a.<\/p>\n<p>[\/vc_column_text][vc_empty_space height=\u00bb60px\u00bb][vc_column_text]<\/p>\n<h4><strong>&#8211; Donaciones en especie<\/strong><\/h4>\n<p>[\/vc_column_text][vc_empty_space height=\u00bb12px\u00bb][vc_column_text]<\/p>\n<ul>\n<li>Proporcionar ayuda directa a las familias en dificultades apoyadas por Entraide. Por ejemplo, \u201dcestas de Navidad\u201d, gafas, tickets de restaurante, material de campamento\u2026<\/li>\n<li>Ofrecer premios para las t\u00f3mbolas y loter\u00edas de los eventos de Entraide. Por ejemplo, premios para la t\u00f3mbola del Mercado Navide\u00f1o de Entraide que acoge cada a\u00f1o a m\u00e1s de 1000 personas del p\u00fablico, prestigiosos premios para la t\u00f3mbola de la cena de Gala anual en la Casa de Vel\u00e1zquez\u2026<\/li>\n<\/ul>\n<p>[\/vc_column_text][vc_empty_space height=\u00bb60px\u00bb][vc_column_text]<\/p>\n<h4><strong>&#8211; Mecenazgo de competencias<\/strong><\/h4>\n<p>[\/vc_column_text][vc_empty_space height=\u00bb12px\u00bb][vc_column_text]<\/p>\n<p style=\"text-align: justify;\" data-mce-style=\"text-align: justify;\">En relaci\u00f3n con la actividad de la empresa.&nbsp; Por ejemplo, consultas jur\u00eddicas o m\u00e9dicas gratuitas o a precio reducido\u2026<\/p>\n<p>[\/vc_column_text][\/vc_column][vc_column width=\u00bb1\/3&#8243;][vc_empty_space height=\u00bb52px\u00bb][vc_single_image image=\u00bb23672&#8243; img_size=\u00bblarge\u00bb alignment=\u00bbright\u00bb css=\u00bb.vc_custom_1588788215753{padding-left: 20px !important;}\u00bb qode_css_animation=\u00bb\u00bb][vc_single_image image=\u00bb23674&#8243; img_size=\u00bblarge\u00bb alignment=\u00bbright\u00bb css=\u00bb.vc_custom_1588788701949{margin-top: 10px !important;padding-left: 20px !important;}\u00bb qode_css_animation=\u00bb\u00bb][\/vc_column][\/vc_row][vc_row css_animation=\u00bb\u00bb row_type=\u00bbrow\u00bb use_row_as_full_screen_section=\u00bbno\u00bb type=\u00bbfull_width\u00bb angled_section=\u00bbno\u00bb text_align=\u00bbleft\u00bb background_image_as_pattern=\u00bbwithout_pattern\u00bb][vc_column]<\/p>\n<p>[vc_empty_space height=\u00bb60px\u00bb]<\/p>\n<p>[\/vc_column][\/vc_row][vc_row css_animation=\u00bb\u00bb row_type=\u00bbrow\u00bb use_row_as_full_screen_section=\u00bbno\u00bb type=\u00bbfull_width\u00bb angled_section=\u00bbno\u00bb text_align=\u00bbleft\u00bb background_image_as_pattern=\u00bbwithout_pattern\u00bb][vc_column][vc_separator type=\u00bbnormal\u00bb][vc_row_inner row_type=\u00bbrow\u00bb type=\u00bbfull_width\u00bb text_align=\u00bbleft\u00bb css_animation=\u00bb\u00bb][vc_column_inner width=\u00bb1\/2&#8243;][vc_column_text]<\/p>\n<p>Ponte en contacto con nosotros aqu\u00ed, para convertirte en socio y desarrollar con nosotros tu proyecto de colaboraci\u00f3n y patrocinio personalizado:<\/p>\n<p>[\/vc_column_text][\/vc_column_inner][vc_column_inner width=\u00bb1\/2&#8243;][\/vc_column_inner][\/vc_row_inner]\n<div class=\"wpcf7 no-js\" id=\"wpcf7-f23319-o1\" lang=\"es-ES\" dir=\"ltr\" data-wpcf7-id=\"23319\">\n<div class=\"screen-reader-response\"><p role=\"status\" aria-live=\"polite\" aria-atomic=\"true\"><\/p> <ul><\/ul><\/div>\n<form action=\"\/es\/wp-json\/wp\/v2\/pages\/30446#wpcf7-f23319-o1\" method=\"post\" class=\"wpcf7-form init default\" aria-label=\"Formulario de contacto\" novalidate=\"novalidate\" data-status=\"init\">\n<fieldset class=\"hidden-fields-container\"><input type=\"hidden\" name=\"_wpcf7\" value=\"23319\" \/><input type=\"hidden\" name=\"_wpcf7_version\" value=\"6.1.5\" \/><input type=\"hidden\" name=\"_wpcf7_locale\" value=\"es_ES\" \/><input type=\"hidden\" name=\"_wpcf7_unit_tag\" value=\"wpcf7-f23319-o1\" \/><input type=\"hidden\" name=\"_wpcf7_container_post\" value=\"0\" \/><input type=\"hidden\" name=\"_wpcf7_posted_data_hash\" value=\"\" \/><input type=\"hidden\" name=\"_wpcf7_recaptcha_response\" value=\"\" \/>\n<\/fieldset>\n<div class=\"vc_row\">\n\t<div class=\"form-group\">\n\t\t<div class=\"vc_col-sm-6\">\n\t\t\t<p><label> `Civilit\u00e9<br \/>\n<span class=\"wpcf7-form-control-wrap\" data-name=\"your-civilite\"><input size=\"40\" maxlength=\"400\" class=\"wpcf7-form-control wpcf7-text wpcf7-validates-as-required\" aria-required=\"true\" aria-invalid=\"false\" value=\"\" type=\"text\" name=\"your-civilite\" \/><\/span> <\/label>\n\t\t\t<\/p>\n\t\t\t<p><label> Pr\u00e9nom<br \/>\n<span class=\"wpcf7-form-control-wrap\" data-name=\"your-prenom\"><input size=\"40\" maxlength=\"400\" class=\"wpcf7-form-control wpcf7-text wpcf7-validates-as-required\" aria-required=\"true\" aria-invalid=\"false\" value=\"\" type=\"text\" name=\"your-prenom\" \/><\/span> <\/label>\n\t\t\t<\/p>\n\t\t\t<p><label> Nom<br \/>\n<span class=\"wpcf7-form-control-wrap\" data-name=\"your-nom\"><input size=\"40\" maxlength=\"400\" class=\"wpcf7-form-control wpcf7-text wpcf7-validates-as-required\" aria-required=\"true\" aria-invalid=\"false\" value=\"\" type=\"text\" name=\"your-nom\" \/><\/span> <\/label>\n\t\t\t<\/p>\n\t\t\t<p><label> Nom de l\u2019Entreprise<br \/>\n<span class=\"wpcf7-form-control-wrap\" data-name=\"your-nom-enterprise\"><input size=\"40\" maxlength=\"400\" class=\"wpcf7-form-control wpcf7-text wpcf7-validates-as-required\" aria-required=\"true\" aria-invalid=\"false\" value=\"\" type=\"text\" name=\"your-nom-enterprise\" \/><\/span> <\/label>\n\t\t\t<\/p>\n\t\t<\/div>\n\n<!-- text area -->\n\t\t<div class=\"vc_col-sm-6\">\n\t\t\t<p><label> Email<br \/>\n<span class=\"wpcf7-form-control-wrap\" data-name=\"your-email\"><input size=\"40\" maxlength=\"400\" class=\"wpcf7-form-control wpcf7-text wpcf7-validates-as-required\" aria-required=\"true\" aria-invalid=\"false\" value=\"\" type=\"text\" name=\"your-email\" \/><\/span> <\/label>\n\t\t\t<\/p>\n\t\t\t<p><label> T\u00e9l\u00e9phone<br \/>\n<span class=\"wpcf7-form-control-wrap\" data-name=\"your-telephone\"><input size=\"40\" maxlength=\"400\" class=\"wpcf7-form-control wpcf7-text wpcf7-validates-as-required\" aria-required=\"true\" aria-invalid=\"false\" value=\"\" type=\"text\" name=\"your-telephone\" \/><\/span> <\/label>\n\t\t\t<\/p>\n\t\t\t<p><label> Votre message :<br \/>\n<span class=\"wpcf7-form-control-wrap\" data-name=\"your-message\"><textarea cols=\"40\" rows=\"10\" maxlength=\"2000\" class=\"wpcf7-form-control wpcf7-textarea\" aria-invalid=\"false\" name=\"your-message\"><\/textarea><\/span> <\/label>\n\t\t\t<\/p>\n\t\t<\/div>\n\t<\/div>\n<\/div>\n<p><span class=\"wpcf7-form-control-wrap\" data-name=\"acceptance-211\"><span class=\"wpcf7-form-control wpcf7-acceptance\"><span class=\"wpcf7-list-item\"><label><input type=\"checkbox\" name=\"acceptance-211\" value=\"1\" aria-invalid=\"false\" \/><span class=\"wpcf7-list-item-label\">J\u2019accepte la <a href=\"https:\/\/lentraide.es\/politique-de-confidentialite\/\" target=\"_blank\">politique de confidentialit\u00e9 de l\u2019Entraide<\/span><\/label><\/span><\/span><\/span>\n<\/p>\n<p><input class=\"wpcf7-form-control wpcf7-submit has-spinner\" type=\"submit\" value=\"Envoyer\" \/>\n<\/p>\n\n\n\n\n<div class=\"wpcf7-response-output\" aria-hidden=\"true\"><\/div>\n<\/form>\n<\/div>\n[\/vc_column][\/vc_row][vc_row css_animation=\u00bb\u00bb row_type=\u00bbrow\u00bb use_row_as_full_screen_section=\u00bbno\u00bb type=\u00bbfull_width\u00bb angled_section=\u00bbno\u00bb text_align=\u00bbleft\u00bb background_image_as_pattern=\u00bbwithout_pattern\u00bb][vc_column][vc_column_text]<\/p>\n<h2 style=\"text-align: center;\" data-mce-style=\"text-align: center;\">Gracias a todos nuestras empresas colaboradas !<\/h2>\n<p>[\/vc_column_text][vc_empty_space height=\u00bb20px\u00bb][qode_content_slider][qode_content_slider_item][qode_clients columns=\u00bbsix_columns\u00bb hover_effect=\u00bbdefault\u00bb disable_separators=\u00bb\u00bb][qode_client image=\u00bb23947&#8243;][qode_client image=\u00bb23952&#8243;][qode_client image=\u00bb23945&#8243;][qode_client image=\u00bb23877&#8243;][qode_client image=\u00bb23949&#8243;][qode_client image=\u00bb23943&#8243;][\/qode_clients][qode_clients columns=\u00bbsix_columns\u00bb hover_effect=\u00bbdefault\u00bb disable_separators=\u00bb\u00bb][qode_client image=\u00bb23939&#8243;][qode_client image=\u00bb23911&#8243;][qode_client image=\u00bb23913&#8243;][qode_client image=\u00bb23992&#8243;][qode_client image=\u00bb23994&#8243;][qode_client image=\u00bb23996&#8243;][\/qode_clients][qode_clients columns=\u00bbsix_columns\u00bb hover_effect=\u00bbdefault\u00bb disable_separators=\u00bb\u00bb][qode_client image=\u00bb24030&#8243;][qode_client image=\u00bb24032&#8243;][qode_client image=\u00bb24034&#8243;][qode_client image=\u00bb24036&#8243;][qode_client image=\u00bb24038&#8243;][qode_client image=\u00bb24040&#8243;][\/qode_clients][qode_clients columns=\u00bbsix_columns\u00bb hover_effect=\u00bbdefault\u00bb disable_separators=\u00bb\u00bb][qode_client image=\u00bb24071&#8243;][qode_client image=\u00bb24077&#8243;][qode_client image=\u00bb24075&#8243;][qode_client image=\u00bb24073&#8243;][qode_client image=\u00bb24081&#8243;][qode_client image=\u00bb24083&#8243;][\/qode_clients][\/qode_content_slider_item][qode_content_slider_item][qode_clients columns=\u00bbsix_columns\u00bb hover_effect=\u00bbdefault\u00bb disable_separators=\u00bb\u00bb][qode_client image=\u00bb23907&#8243;][qode_client image=\u00bb23956&#8243;][qode_client image=\u00bb23903&#8243;][qode_client image=\u00bb23925&#8243;][qode_client image=\u00bb23958&#8243;][qode_client image=\u00bb23954&#8243;][\/qode_clients][qode_clients columns=\u00bbsix_columns\u00bb hover_effect=\u00bbdefault\u00bb disable_separators=\u00bb\u00bb][qode_client image=\u00bb23998&#8243;][qode_client image=\u00bb24000&#8243;][qode_client image=\u00bb24002&#8243;][qode_client image=\u00bb24004&#8243;][qode_client image=\u00bb24011&#8243;][qode_client image=\u00bb24013&#8243;][\/qode_clients][qode_clients columns=\u00bbsix_columns\u00bb hover_effect=\u00bbdefault\u00bb disable_separators=\u00bb\u00bb][qode_client image=\u00bb24043&#8243;][qode_client image=\u00bb24045&#8243;][qode_client image=\u00bb24047&#8243;][qode_client image=\u00bb24049&#8243;][qode_client image=\u00bb24051&#8243;][qode_client image=\u00bb24053&#8243;][\/qode_clients][qode_clients columns=\u00bbsix_columns\u00bb hover_effect=\u00bbdefault\u00bb disable_separators=\u00bb\u00bb][qode_client image=\u00bb23976&#8243;][qode_client image=\u00bb23978&#8243;][qode_client image=\u00bb23980&#8243;][qode_client image=\u00bb23982&#8243;][qode_client image=\u00bb23984&#8243;][qode_client image=\u00bb23986&#8243;][\/qode_clients][\/qode_content_slider_item][qode_content_slider_item][qode_clients columns=\u00bbsix_columns\u00bb hover_effect=\u00bbdefault\u00bb disable_separators=\u00bb\u00bb][qode_client image=\u00bb24000&#8243;][qode_client image=\u00bb23915&#8243;][qode_client image=\u00bb23965&#8243;][qode_client image=\u00bb23905&#8243;][qode_client image=\u00bb24007&#8243;][qode_client image=\u00bb24009&#8243;][\/qode_clients][qode_clients columns=\u00bbsix_columns\u00bb hover_effect=\u00bbdefault\u00bb disable_separators=\u00bb\u00bb][qode_client image=\u00bb24015&#8243;][qode_client image=\u00bb24019&#8243;][qode_client image=\u00bb24021&#8243;][qode_client image=\u00bb24017&#8243;][qode_client image=\u00bb24023&#8243;][qode_client image=\u00bb24026&#8243;][\/qode_clients][qode_clients columns=\u00bbsix_columns\u00bb hover_effect=\u00bbdefault\u00bb disable_separators=\u00bb\u00bb][qode_client image=\u00bb24374&#8243;][qode_client image=\u00bb24059&#8243;][qode_client image=\u00bb24061&#8243;][qode_client image=\u00bb24063&#8243;][qode_client image=\u00bb24065&#8243;][qode_client image=\u00bb24067&#8243;][\/qode_clients][qode_clients columns=\u00bbsix_columns\u00bb hover_effect=\u00bbdefault\u00bb disable_separators=\u00bb\u00bb][qode_client image=\u00bb23963&#8243;][qode_client image=\u00bb23965&#8243;][qode_client image=\u00bb23967&#8243;][qode_client image=\u00bb23969&#8243;][qode_client image=\u00bb23971&#8243;][qode_client image=\u00bb23973&#8243;][\/qode_clients][\/qode_content_slider_item][\/qode_content_slider][\/vc_column][\/vc_row][vc_row css_animation=\u00bb\u00bb row_type=\u00bbrow\u00bb use_row_as_full_screen_section=\u00bbno\u00bb type=\u00bbfull_width\u00bb angled_section=\u00bbno\u00bb text_align=\u00bbleft\u00bb background_image_as_pattern=\u00bbwithout_pattern\u00bb][vc_column]<\/p>\n<p>[vc_empty_space height=\u00bb52px\u00bb]<\/p>\n<p>[\/vc_column][\/vc_row]<\/p>\n<\/div>","protected":false},"excerpt":{"rendered":"<p>[vc_row css_animation=\u00bb\u00bb row_type=\u00bbrow\u00bb use_row_as_full_screen_section=\u00bbno\u00bb type=\u00bbfull_width\u00bb angled_section=\u00bbno\u00bb text_align=\u00bbleft\u00bb background_image_as_pattern=\u00bbwithout_pattern\u00bb z_index=\u00bb\u00bb css=\u00bb.vc_custom_1588789001472{background-color: #1044a7 !important;border-radius: 20px !important;}\u00bb][vc_column][vc_empty_space height=\u00bb10px\u00bb][vc_column_text] Al convertirte como empresa colaboradora de l\u2019Entraide,tu empresa se compromete con la Asociaci\u00f3n y cumple&#8230;<\/p>\n","protected":false},"author":400,"featured_media":0,"parent":0,"menu_order":0,"comment_status":"closed","ping_status":"closed","template":"","meta":{"_acf_changed":false,"footnotes":""},"class_list":["post-30446","page","type-page","status-publish","hentry"],"acf":[],"yoast_head":"<!-- This site is optimized with the Yoast SEO plugin v27.3 - https:\/\/yoast.com\/product\/yoast-seo-wordpress\/ -->\n<title>Ser Empresa Colaboradora | Entraide Fran\u00e7aise<\/title>\n<meta name=\"description\" content=\"Ser Empresa Colaboradora | Entraide Fran\u00e7aise |\" \/>\n<meta name=\"robots\" content=\"index, follow, max-snippet:-1, max-image-preview:large, max-video-preview:-1\" \/>\n<link rel=\"canonical\" href=\"https:\/\/lentraide.es\/es\/ser-empresa-colaboradora\/\" \/>\n<meta property=\"og:locale\" content=\"es_ES\" \/>\n<meta property=\"og:type\" content=\"article\" \/>\n<meta property=\"og:title\" content=\"Ser Empresa Colaboradora | Entraide Fran\u00e7aise\" \/>\n<meta property=\"og:description\" content=\"Ser Empresa Colaboradora | Entraide Fran\u00e7aise |\" \/>\n<meta property=\"og:url\" content=\"https:\/\/lentraide.es\/es\/ser-empresa-colaboradora\/\" \/>\n<meta property=\"og:site_name\" content=\"Entraide Fran\u00e7aise\" \/>\n<meta property=\"article:publisher\" content=\"https:\/\/www.facebook.com\/entraide.francaisemadrid\" \/>\n<meta property=\"article:modified_time\" content=\"2025-04-09T11:49:38+00:00\" \/>\n<meta name=\"twitter:card\" content=\"summary_large_image\" \/>\n<meta name=\"twitter:label1\" content=\"Tiempo de lectura\" \/>\n\t<meta name=\"twitter:data1\" content=\"18 minutos\" \/>\n<script type=\"application\/ld+json\" class=\"yoast-schema-graph\">{\"@context\":\"https:\\\/\\\/schema.org\",\"@graph\":[{\"@type\":\"WebPage\",\"@id\":\"https:\\\/\\\/lentraide.es\\\/es\\\/ser-empresa-colaboradora\\\/\",\"url\":\"https:\\\/\\\/lentraide.es\\\/es\\\/ser-empresa-colaboradora\\\/\",\"name\":\"Ser Empresa Colaboradora | Entraide Fran\u00e7aise\",\"isPartOf\":{\"@id\":\"https:\\\/\\\/lentraide.es\\\/fr\\\/#website\"},\"datePublished\":\"2021-04-15T09:49:52+00:00\",\"dateModified\":\"2025-04-09T11:49:38+00:00\",\"description\":\"Ser Empresa Colaboradora | Entraide Fran\u00e7aise |\",\"breadcrumb\":{\"@id\":\"https:\\\/\\\/lentraide.es\\\/es\\\/ser-empresa-colaboradora\\\/#breadcrumb\"},\"inLanguage\":\"es\",\"potentialAction\":[{\"@type\":\"ReadAction\",\"target\":[\"https:\\\/\\\/lentraide.es\\\/es\\\/ser-empresa-colaboradora\\\/\"]}]},{\"@type\":\"BreadcrumbList\",\"@id\":\"https:\\\/\\\/lentraide.es\\\/es\\\/ser-empresa-colaboradora\\\/#breadcrumb\",\"itemListElement\":[{\"@type\":\"ListItem\",\"position\":1,\"name\":\"Accueil\",\"item\":\"https:\\\/\\\/lentraide.es\\\/es\\\/\"},{\"@type\":\"ListItem\",\"position\":2,\"name\":\"Ser Empresa Colaboradora\"}]},{\"@type\":\"WebSite\",\"@id\":\"https:\\\/\\\/lentraide.es\\\/fr\\\/#website\",\"url\":\"https:\\\/\\\/lentraide.es\\\/fr\\\/\",\"name\":\"Entraide Fran\u00e7aise\",\"description\":\"Une main tendue vers la France\",\"publisher\":{\"@id\":\"https:\\\/\\\/lentraide.es\\\/fr\\\/#organization\"},\"alternateName\":\"L'entraide\",\"potentialAction\":[{\"@type\":\"SearchAction\",\"target\":{\"@type\":\"EntryPoint\",\"urlTemplate\":\"https:\\\/\\\/lentraide.es\\\/fr\\\/?s={search_term_string}\"},\"query-input\":{\"@type\":\"PropertyValueSpecification\",\"valueRequired\":true,\"valueName\":\"search_term_string\"}}],\"inLanguage\":\"es\"},{\"@type\":\"Organization\",\"@id\":\"https:\\\/\\\/lentraide.es\\\/fr\\\/#organization\",\"name\":\"Entraide Fran\u00e7aise\",\"alternateName\":\"L'entraide\",\"url\":\"https:\\\/\\\/lentraide.es\\\/fr\\\/\",\"logo\":{\"@type\":\"ImageObject\",\"inLanguage\":\"es\",\"@id\":\"https:\\\/\\\/lentraide.es\\\/fr\\\/#\\\/schema\\\/logo\\\/image\\\/\",\"url\":\"https:\\\/\\\/lentraide.es\\\/wp-content\\\/uploads\\\/2015\\\/07\\\/LOGO-azul2.png\",\"contentUrl\":\"https:\\\/\\\/lentraide.es\\\/wp-content\\\/uploads\\\/2015\\\/07\\\/LOGO-azul2.png\",\"width\":232,\"height\":146,\"caption\":\"Entraide Fran\u00e7aise\"},\"image\":{\"@id\":\"https:\\\/\\\/lentraide.es\\\/fr\\\/#\\\/schema\\\/logo\\\/image\\\/\"},\"sameAs\":[\"https:\\\/\\\/www.facebook.com\\\/entraide.francaisemadrid\",\"https:\\\/\\\/www.instagram.com\\\/entraidefrancaisemadrid\\\/\"]}]}<\/script>\n<!-- \/ Yoast SEO plugin. -->","yoast_head_json":{"title":"Ser Empresa Colaboradora | Entraide Fran\u00e7aise","description":"Ser Empresa Colaboradora | Entraide Fran\u00e7aise |","robots":{"index":"index","follow":"follow","max-snippet":"max-snippet:-1","max-image-preview":"max-image-preview:large","max-video-preview":"max-video-preview:-1"},"canonical":"https:\/\/lentraide.es\/es\/ser-empresa-colaboradora\/","og_locale":"es_ES","og_type":"article","og_title":"Ser Empresa Colaboradora | Entraide Fran\u00e7aise","og_description":"Ser Empresa Colaboradora | Entraide Fran\u00e7aise |","og_url":"https:\/\/lentraide.es\/es\/ser-empresa-colaboradora\/","og_site_name":"Entraide Fran\u00e7aise","article_publisher":"https:\/\/www.facebook.com\/entraide.francaisemadrid","article_modified_time":"2025-04-09T11:49:38+00:00","twitter_card":"summary_large_image","twitter_misc":{"Tiempo de lectura":"18 minutos"},"schema":{"@context":"https:\/\/schema.org","@graph":[{"@type":"WebPage","@id":"https:\/\/lentraide.es\/es\/ser-empresa-colaboradora\/","url":"https:\/\/lentraide.es\/es\/ser-empresa-colaboradora\/","name":"Ser Empresa Colaboradora | Entraide Fran\u00e7aise","isPartOf":{"@id":"https:\/\/lentraide.es\/fr\/#website"},"datePublished":"2021-04-15T09:49:52+00:00","dateModified":"2025-04-09T11:49:38+00:00","description":"Ser Empresa Colaboradora | Entraide Fran\u00e7aise |","breadcrumb":{"@id":"https:\/\/lentraide.es\/es\/ser-empresa-colaboradora\/#breadcrumb"},"inLanguage":"es","potentialAction":[{"@type":"ReadAction","target":["https:\/\/lentraide.es\/es\/ser-empresa-colaboradora\/"]}]},{"@type":"BreadcrumbList","@id":"https:\/\/lentraide.es\/es\/ser-empresa-colaboradora\/#breadcrumb","itemListElement":[{"@type":"ListItem","position":1,"name":"Accueil","item":"https:\/\/lentraide.es\/es\/"},{"@type":"ListItem","position":2,"name":"Ser Empresa Colaboradora"}]},{"@type":"WebSite","@id":"https:\/\/lentraide.es\/fr\/#website","url":"https:\/\/lentraide.es\/fr\/","name":"Entraide Fran\u00e7aise","description":"Une main tendue vers la France","publisher":{"@id":"https:\/\/lentraide.es\/fr\/#organization"},"alternateName":"L'entraide","potentialAction":[{"@type":"SearchAction","target":{"@type":"EntryPoint","urlTemplate":"https:\/\/lentraide.es\/fr\/?s={search_term_string}"},"query-input":{"@type":"PropertyValueSpecification","valueRequired":true,"valueName":"search_term_string"}}],"inLanguage":"es"},{"@type":"Organization","@id":"https:\/\/lentraide.es\/fr\/#organization","name":"Entraide Fran\u00e7aise","alternateName":"L'entraide","url":"https:\/\/lentraide.es\/fr\/","logo":{"@type":"ImageObject","inLanguage":"es","@id":"https:\/\/lentraide.es\/fr\/#\/schema\/logo\/image\/","url":"https:\/\/lentraide.es\/wp-content\/uploads\/2015\/07\/LOGO-azul2.png","contentUrl":"https:\/\/lentraide.es\/wp-content\/uploads\/2015\/07\/LOGO-azul2.png","width":232,"height":146,"caption":"Entraide Fran\u00e7aise"},"image":{"@id":"https:\/\/lentraide.es\/fr\/#\/schema\/logo\/image\/"},"sameAs":["https:\/\/www.facebook.com\/entraide.francaisemadrid","https:\/\/www.instagram.com\/entraidefrancaisemadrid\/"]}]}},"_links":{"self":[{"href":"https:\/\/lentraide.es\/es\/wp-json\/wp\/v2\/pages\/30446","targetHints":{"allow":["GET"]}}],"collection":[{"href":"https:\/\/lentraide.es\/es\/wp-json\/wp\/v2\/pages"}],"about":[{"href":"https:\/\/lentraide.es\/es\/wp-json\/wp\/v2\/types\/page"}],"author":[{"embeddable":true,"href":"https:\/\/lentraide.es\/es\/wp-json\/wp\/v2\/users\/400"}],"replies":[{"embeddable":true,"href":"https:\/\/lentraide.es\/es\/wp-json\/wp\/v2\/comments?post=30446"}],"version-history":[{"count":0,"href":"https:\/\/lentraide.es\/es\/wp-json\/wp\/v2\/pages\/30446\/revisions"}],"wp:attachment":[{"href":"https:\/\/lentraide.es\/es\/wp-json\/wp\/v2\/media?parent=30446"}],"curies":[{"name":"wp","href":"https:\/\/api.w.org\/{rel}","templated":true}]}}