{"id":30457,"date":"2021-04-15T12:08:53","date_gmt":"2021-04-15T10:08:53","guid":{"rendered":"https:\/\/lentraide.es\/?page_id=30457"},"modified":"2026-04-16T14:41:22","modified_gmt":"2026-04-16T12:41:22","slug":"faire-un-don-es","status":"publish","type":"page","link":"https:\/\/lentraide.es\/es\/faire-un-don-es\/","title":{"rendered":"Hacer una donaci\u00f3n"},"content":{"rendered":"<div class=\"wpb-content-wrapper\"><p>[vc_row css_animation=\u00bb\u00bb row_type=\u00bbrow\u00bb use_row_as_full_screen_section=\u00bbyes\u00bb type=\u00bbfull_width\u00bb angled_section=\u00bbno\u00bb text_align=\u00bbleft\u00bb background_image_as_pattern=\u00bbwithout_pattern\u00bb z_index=\u00bb\u00bb][vc_column width=\u00bb1\/6&#8243;][vc_empty_space][\/vc_column][vc_column width=\u00bb2\/3&#8243; css=\u00bb.vc_custom_1587385485756{padding-left: 30px !important;}\u00bb][vc_empty_space][vc_column_text css=\u00bb\u00bb]<\/p>\n<h3 style=\"text-align: center;\" data-mce-style=\"text-align: center;\">La generosidad de los donantes es esencial para el funcionamiento de l&#8217;Entraide<\/h3>\n<p>[\/vc_column_text][vc_empty_space][vc_single_image image=\u00bb53832&#8243; img_size=\u00bbmedium\u00bb alignment=\u00bbcenter\u00bb css=\u00bb.vc_custom_1769254032003{margin-top: 30px !important;}\u00bb qode_css_animation=\u00bb\u00bb][vc_empty_space][vc_column_text css=\u00bb\u00bb]<\/p>\n<h2 class=\"qode-simple-quote-text-title\" style=\"text-align: center;\">Gracias a sus donaciones, l&#8217;Entraide asiste cada a\u00f1o a cerca de 200 personas en dificultades.<\/h2>\n<p><\/p>\n<h2 class=\"qode-simple-quote-text-title\" style=\"text-align: center;\">\u00a1Ay\u00fadenos a continuar nuestra labor!<\/h2>\n<p><\/p>\n<h2 class=\"qode-simple-quote-text-title\" style=\"text-align: center;\">\u00a1Contamos con ustedes!<\/h2>\n<p>[\/vc_column_text][vc_empty_space][\/vc_column][vc_column width=\u00bb1\/6&#8243;][vc_empty_space][\/vc_column][\/vc_row][vc_row css_animation=\u00bb\u00bb row_type=\u00bbrow\u00bb use_row_as_full_screen_section=\u00bbno\u00bb type=\u00bbfull_width\u00bb angled_section=\u00bbno\u00bb text_align=\u00bbleft\u00bb background_image_as_pattern=\u00bbwithout_pattern\u00bb][vc_column][vc_row_inner row_type=\u00bbrow\u00bb type=\u00bbfull_width\u00bb text_align=\u00bbleft\u00bb css_animation=\u00bb\u00bb][vc_column_inner][vc_empty_space height=\u00bb60px\u00bb][vc_column_text]<\/p>\n<h2 style=\"text-align: center;\" data-mce-style=\"text-align: center;\">Vuestras donaciones en acci\u00f3n :<\/h2>\n<p><\/p>\n<h4 style=\"text-align: center;\" data-mce-style=\"text-align: center;\">Elige la acci\u00f3n que deseas apoyar o haz una donaci\u00f3n libre.<\/h4>\n<p>[\/vc_column_text][vc_empty_space height=\u00bb60px\u00bb][\/vc_column_inner][\/vc_row_inner][\/vc_column][\/vc_row][vc_row css_animation=\u00bb\u00bb row_type=\u00bbrow\u00bb use_row_as_full_screen_section=\u00bbno\u00bb type=\u00bbgrid\u00bb angled_section=\u00bbno\u00bb text_align=\u00bbcenter\u00bb background_image_as_pattern=\u00bbwithout_pattern\u00bb z_index=\u00bb\u00bb][vc_column]<div class='cover_boxes' data-active-element='1'><ul class='clearfix'><li><div class='box'><a itemprop='url' class='thumb' href='https:\/\/lentraide.es\/tienda\/donacion-libre\/?lang=es' target='_self'><img itemprop='image' alt='Donar al banco alimentario' src='https:\/\/lentraide.es\/wp-content\/uploads\/2020\/03\/mother-and-son-buying-groceries-MAHKS8Y-FILEminimizer.jpg' \/><\/a><div class=\"box_content\"><h3 >Donar al banco alimentario<\/h3><p >Hacer entregar un carrito de comida.<\/p><a itemprop='url' class='qbutton tiny' href='https:\/\/lentraide.es\/tienda\/donacion-libre\/?lang=es' target='_self'>Ejemplo : 50\u20ac<\/a><\/div><\/div><\/li><li><div class='box'><a itemprop='url' class='thumb' href='https:\/\/lentraide.es\/tienda\/donacion-libre\/?lang=es' target='_self'><img itemprop='image' alt='Pagar cuidados de salud.' src='https:\/\/lentraide.es\/wp-content\/uploads\/2020\/04\/adorable-blur-bookcase-books-261895-Opti-scaled-e1676131942137.jpg' \/><\/a><div class=\"box_content\"><h3 >Pagar cuidados de salud.<\/h3><p >Proporcionar acceso a cuidados oftalmol\u00f3gicos, dentales...<\/p><a itemprop='url' class='qbutton tiny' href='https:\/\/lentraide.es\/tienda\/donacion-libre\/?lang=es' target='_self'>Ejemplo : 100\u20ac<\/a><\/div><\/div><\/li><li><div class='box'><a itemprop='url' class='thumb' href='https:\/\/lentraide.es\/tienda\/donacion-libre\/?lang=es' target='_self'><img itemprop='image' alt='Contribuir al pago del alquiler.' src='https:\/\/lentraide.es\/wp-content\/uploads\/2020\/04\/Aider-au-loyer-scaled-e1676131920874.jpg' \/><\/a><div class=\"box_content\"><h3 >Contribuir al pago del alquiler.<\/h3><p >Pagar una parte del alquiler, facturas de electricidad o gas.<\/p><a itemprop='url' class='qbutton tiny' href='https:\/\/lentraide.es\/tienda\/donacion-libre\/?lang=es' target='_self'>Ejemplo : 200\u20ac<\/a><\/div><\/div><\/li><\/ul><\/div>[vc_empty_space][vc_empty_space]<div class='cover_boxes' data-active-element='1'><ul class='clearfix'><li><div class='box'><a itemprop='url' class='thumb' href='https:\/\/lentraide.es\/tienda\/donacion-libre\/?lang=es' target='_self'><img itemprop='image' alt='Ofrecer un campamento de verano a un ni\u00f1o.' src='https:\/\/lentraide.es\/wp-content\/uploads\/2020\/03\/happy-school-children-playing-tug-of-war-with-PWAZQT9-FILEminimizer.jpg' \/><\/a><div class=\"box_content\"><h3 >Ofrecer un campamento de verano a un ni\u00f1o.<\/h3><p >Un campamento de verano o apoyo escolar durante todo el a\u00f1o.<\/p><a itemprop='url' class='qbutton tiny' href='https:\/\/lentraide.es\/tienda\/donacion-libre\/?lang=es' target='_self'>Ejemplo : 700\u20ac<\/a><\/div><\/div><\/li><li><div class='box'><a itemprop='url' class='thumb' href='https:\/\/lentraide.es\/tienda\/donacion-libre\/?lang=es' target='_self'><img itemprop='image' alt='Pagar una formaci\u00f3n profesional.' src='https:\/\/lentraide.es\/wp-content\/uploads\/2020\/03\/serious-foreman-controlling-young-worker-8G7MHRY-FILEminimizer.jpg' \/><\/a><div class=\"box_content\"><h3 >Pagar una formaci\u00f3n profesional.<\/h3><p >Ayudar a la integraci\u00f3n economica de los adultos jovenes<\/p><a itemprop='url' class='qbutton tiny' href='https:\/\/lentraide.es\/tienda\/donacion-libre\/?lang=es' target='_self'>Ejemplo : 1.000\u20ac<\/a><\/div><\/div><\/li><li><div class='box'><a itemprop='url' class='thumb' href='https:\/\/lentraide.es\/tienda\/donacion-libre\/?lang=es' target='_self'><img itemprop='image' alt='Hacer una donaci\u00f3n libre' src='https:\/\/lentraide.es\/wp-content\/uploads\/2020\/03\/young-people-putting-their-hands-together-UBC4Q32-FILEminimizer-e1676131294164.jpg' \/><\/a><div class=\"box_content\"><h3 >Hacer una donaci\u00f3n libre<\/h3><p >Apoyar l&#039;Entraide de manera libre<\/p><a itemprop='url' class='qbutton tiny' href='https:\/\/lentraide.es\/tienda\/donacion-libre\/?lang=es' target='_self'>Hacer una donaci\u00f3n libre<\/a><\/div><\/div><\/li><\/ul><\/div>[\/vc_column][\/vc_row][vc_row css_animation=\u00bb\u00bb row_type=\u00bbrow\u00bb use_row_as_full_screen_section=\u00bbno\u00bb type=\u00bbfull_width\u00bb angled_section=\u00bbno\u00bb text_align=\u00bbleft\u00bb background_image_as_pattern=\u00bbwithout_pattern\u00bb][vc_column][vc_empty_space height=\u00bb50px\u00bb][\/vc_column][\/vc_row][vc_row css_animation=\u00bb\u00bb row_type=\u00bbrow\u00bb use_row_as_full_screen_section=\u00bbno\u00bb type=\u00bbfull_width\u00bb angled_section=\u00bbno\u00bb text_align=\u00bbleft\u00bb background_image_as_pattern=\u00bbwithout_pattern\u00bb z_index=\u00bb\u00bb css=\u00bb.vc_custom_1769253643484{background-color: #BFE1FF !important;}\u00bb][vc_column width=\u00bb1\/6&#8243;][vc_empty_space][\/vc_column][vc_column width=\u00bb2\/3&#8243;][vc_empty_space][vc_column_text css=\u00bb\u00bb]<\/p>\n<h4 style=\"text-align: center;\"><strong>O si prefieres,<\/strong><\/h4>\n<p><\/p>\n<h4 style=\"text-align: center;\"><strong>por transferencia bancaria hasta nuestra cuenta bancaria en Abanca<\/strong><\/h4>\n<p>&nbsp;<\/p>\n<h4 style=\"text-align: center;\">IBAN : ES59 2080 1600 0130 4001 9919<\/h4>\n<p><\/p>\n<h4 style=\"text-align: center;\">BIC : CAGLESMMXXX<\/h4>\n<p><\/p>\n<h4 style=\"text-align: center;\">Titular : AYUDA MUTUA FRANCESA<\/h4>\n<p>[\/vc_column_text][vc_empty_space][\/vc_column][vc_column width=\u00bb1\/6&#8243;][vc_empty_space][\/vc_column][\/vc_row][vc_row css_animation=\u00bb\u00bb row_type=\u00bbrow\u00bb use_row_as_full_screen_section=\u00bbno\u00bb type=\u00bbfull_width\u00bb angled_section=\u00bbno\u00bb text_align=\u00bbleft\u00bb background_image_as_pattern=\u00bbwithout_pattern\u00bb z_index=\u00bb\u00bb css=\u00bb.vc_custom_1769253661570{background-color: #FFFFBD !important;}\u00bb][vc_column width=\u00bb1\/6&#8243;][vc_empty_space][\/vc_column][vc_column width=\u00bb2\/3&#8243;][vc_empty_space][vc_column_text css=\u00bb\u00bb]<\/p>\n<h4 style=\"text-align: center;\"><strong>\u00a1 Donar por Bizum, tambien es posible !<\/strong><\/h4>\n<p>&nbsp;<\/p>\n<h4 style=\"text-align: center;\"><strong>El identificador de l&#8217;Entraide Fran\u00e7aise es\u00a0 el 02292.<\/strong><\/h4>\n<p>&nbsp;<\/p>\n<h4 style=\"text-align: center;\"><\/h4>\n<p><\/p>\n<h4 style=\"text-align: center;\">\u00bf Como funciona ?<\/h4>\n<p>&nbsp;<\/p>\n<h4 style=\"text-align: justify;\">Dona a ONG con Bizum de forma r\u00e1pida, segura y sin comisiones. El proceso es sencillo: accede a la app de tu banco con Bizum activado, selecciona la opci\u00f3n \u00abDonar a una ONG\u00bb, introduce el c\u00f3digo de 5 d\u00edgitos de la organizaci\u00f3n, elige la cantidad y confirma. Tu donaci\u00f3n llega en segundos y el 100 % del dinero se destina directamente a la causa.<\/h4>\n<p>[\/vc_column_text][vc_empty_space][\/vc_column][vc_column width=\u00bb1\/6&#8243;][vc_empty_space][\/vc_column][\/vc_row][vc_row css_animation=\u00bb\u00bb row_type=\u00bbrow\u00bb use_row_as_full_screen_section=\u00bbno\u00bb type=\u00bbfull_width\u00bb angled_section=\u00bbno\u00bb text_align=\u00bbleft\u00bb background_image_as_pattern=\u00bbwithout_pattern\u00bb][vc_column][vc_empty_space][\/vc_column][\/vc_row][vc_row css_animation=\u00bb\u00bb row_type=\u00bbrow\u00bb use_row_as_full_screen_section=\u00bbno\u00bb type=\u00bbfull_width\u00bb angled_section=\u00bbno\u00bb text_align=\u00bbleft\u00bb background_image_as_pattern=\u00bbwithout_pattern\u00bb][vc_column width=\u00bb1\/4&#8243;][vc_empty_space][\/vc_column][vc_column width=\u00bb1\/4&#8243;][vc_column_text]<\/p>\n<h2 style=\"text-align: center;\" data-mce-style=\"text-align: center;\">Deducci\u00f3n fiscale :<\/h2>\n<p>[\/vc_column_text][vc_column_text css=\u00bb\u00bb]<\/p>\n<h4 dir=\"auto\">La Entraide es una asociaci\u00f3n de utilidad p\u00fablica.<\/h4>\n<p><\/p>\n<h4 dir=\"auto\">Por lo tanto, puedes beneficiarte de una deducci\u00f3n fiscal del 80% del monto donado (con un l\u00edmite de 250\u20ac al a\u00f1o, 40% por encima de 250\u20ac de donaciones) en el IRPF.<\/h4>\n<p><\/p>\n<h4 dir=\"auto\">Ejemplo:<\/h4>\n<p><\/p>\n<h4>Donaci\u00f3n de 200\u20ac &#8211; Deducci\u00f3n fiscal de 160\u20ac =\u00a0Coste real para el donante 40\u20ac<\/h4>\n<p>[\/vc_column_text][\/vc_column][vc_column width=\u00bb1\/4&#8243;][vc_single_image image=\u00bb62682&#8243; img_size=\u00bblarge\u00bb alignment=\u00bbcenter\u00bb css=\u00bb\u00bb qode_css_animation=\u00bb\u00bb][\/vc_column][vc_column width=\u00bb1\/4&#8243;][vc_empty_space][\/vc_column][\/vc_row][vc_row css_animation=\u00bb\u00bb row_type=\u00bbrow\u00bb use_row_as_full_screen_section=\u00bbno\u00bb type=\u00bbfull_width\u00bb angled_section=\u00bbno\u00bb text_align=\u00bbleft\u00bb background_image_as_pattern=\u00bbwithout_pattern\u00bb][vc_column][vc_empty_space][\/vc_column][\/vc_row][vc_row css_animation=\u00bb\u00bb row_type=\u00bbrow\u00bb use_row_as_full_screen_section=\u00bbno\u00bb type=\u00bbfull_width\u00bb angled_section=\u00bbno\u00bb text_align=\u00bbleft\u00bb background_image_as_pattern=\u00bbwithout_pattern\u00bb][vc_column width=\u00bb1\/4&#8243;][vc_empty_space][\/vc_column][vc_column width=\u00bb1\/4&#8243;][vc_single_image image=\u00bb22984&#8243; img_size=\u00bblarge\u00bb alignment=\u00bbcenter\u00bb css=\u00bb\u00bb qode_css_animation=\u00bb\u00bb][\/vc_column][vc_column width=\u00bb1\/4&#8243;][vc_empty_space][vc_column_text css=\u00bb\u00bb]<\/p>\n<h3 style=\"text-align: center;\">A que sirven 100 euros de donaciones ?<\/h3>\n<p>[\/vc_column_text][vc_column_text css=\u00bb\u00bb]<\/p>\n<h4 style=\"text-align: center;\">25\u20ac Ayuda para la vivienda<\/h4>\n<p><\/p>\n<h4 style=\"text-align: center;\">20\u20ac Asistencia social<\/h4>\n<p><\/p>\n<h4 style=\"text-align: center;\">13\u20ac Ayudas alimentarias<\/h4>\n<p><\/p>\n<h4 style=\"text-align: center;\">10\u20ac Ayudas medicales<\/h4>\n<p><\/p>\n<h4 style=\"text-align: center;\">9\u20ac Campamentos de verano\/h4><\/p>\n<h4 style=\"text-align: center;\">8\u20ac Ayudas juridicas<\/h4>\n<p><\/p>\n<h4 style=\"text-align: center;\">3\u20ac FFormaci\u00f3n profesional<\/h4>\n<p>[\/vc_column_text][vc_empty_space][\/vc_column][vc_column width=\u00bb1\/4&#8243;][vc_empty_space][\/vc_column][\/vc_row][vc_row css_animation=\u00bb\u00bb row_type=\u00bbrow\u00bb use_row_as_full_screen_section=\u00bbno\u00bb type=\u00bbfull_width\u00bb angled_section=\u00bbno\u00bb text_align=\u00bbleft\u00bb background_image_as_pattern=\u00bbwithout_pattern\u00bb][vc_column][vc_empty_space][\/vc_column][\/vc_row]<\/p>\n<\/div>","protected":false},"excerpt":{"rendered":"<p>[vc_row css_animation=\u00bb\u00bb row_type=\u00bbrow\u00bb use_row_as_full_screen_section=\u00bbyes\u00bb type=\u00bbfull_width\u00bb angled_section=\u00bbno\u00bb text_align=\u00bbleft\u00bb background_image_as_pattern=\u00bbwithout_pattern\u00bb z_index=\u00bb\u00bb][vc_column width=\u00bb1\/6&#8243;][vc_empty_space][\/vc_column][vc_column width=\u00bb2\/3&#8243; css=\u00bb.vc_custom_1587385485756{padding-left: 30px !important;}\u00bb][vc_empty_space][vc_column_text css=\u00bb\u00bb] La generosidad de los donantes es esencial para el funcionamiento de l&#8217;Entraide [\/vc_column_text][vc_empty_space][vc_single_image image=\u00bb53832&#8243; img_size=\u00bbmedium\u00bb&#8230;<\/p>\n","protected":false},"author":400,"featured_media":0,"parent":0,"menu_order":0,"comment_status":"closed","ping_status":"closed","template":"full_width.php","meta":{"_acf_changed":false,"footnotes":""},"class_list":["post-30457","page","type-page","status-publish","hentry"],"acf":[],"yoast_head":"<!-- This site is optimized with the Yoast SEO plugin v27.3 - https:\/\/yoast.com\/product\/yoast-seo-wordpress\/ -->\n<title>Hacer una donaci\u00f3n | Entraide Fran\u00e7aise<\/title>\n<meta name=\"description\" content=\"Hacer una donaci\u00f3n | Entraide Fran\u00e7aise |\" \/>\n<meta name=\"robots\" content=\"index, follow, max-snippet:-1, max-image-preview:large, max-video-preview:-1\" \/>\n<link rel=\"canonical\" href=\"https:\/\/lentraide.es\/es\/faire-un-don-es\/\" \/>\n<meta property=\"og:locale\" content=\"es_ES\" \/>\n<meta property=\"og:type\" content=\"article\" \/>\n<meta property=\"og:title\" content=\"Hacer una donaci\u00f3n | Entraide Fran\u00e7aise\" \/>\n<meta property=\"og:description\" content=\"Hacer una donaci\u00f3n | Entraide Fran\u00e7aise |\" \/>\n<meta property=\"og:url\" content=\"https:\/\/lentraide.es\/es\/faire-un-don-es\/\" \/>\n<meta property=\"og:site_name\" content=\"Entraide Fran\u00e7aise\" \/>\n<meta property=\"article:publisher\" content=\"https:\/\/www.facebook.com\/entraide.francaisemadrid\" \/>\n<meta property=\"article:modified_time\" content=\"2026-04-16T12:41:22+00:00\" \/>\n<meta name=\"twitter:card\" content=\"summary_large_image\" \/>\n<meta name=\"twitter:label1\" content=\"Tiempo de lectura\" \/>\n\t<meta name=\"twitter:data1\" content=\"4 minutos\" \/>\n<script type=\"application\/ld+json\" class=\"yoast-schema-graph\">{\"@context\":\"https:\\\/\\\/schema.org\",\"@graph\":[{\"@type\":\"WebPage\",\"@id\":\"https:\\\/\\\/lentraide.es\\\/es\\\/faire-un-don-es\\\/\",\"url\":\"https:\\\/\\\/lentraide.es\\\/es\\\/faire-un-don-es\\\/\",\"name\":\"Hacer una donaci\u00f3n | Entraide Fran\u00e7aise\",\"isPartOf\":{\"@id\":\"https:\\\/\\\/lentraide.es\\\/fr\\\/#website\"},\"datePublished\":\"2021-04-15T10:08:53+00:00\",\"dateModified\":\"2026-04-16T12:41:22+00:00\",\"description\":\"Hacer una donaci\u00f3n | Entraide Fran\u00e7aise |\",\"breadcrumb\":{\"@id\":\"https:\\\/\\\/lentraide.es\\\/es\\\/faire-un-don-es\\\/#breadcrumb\"},\"inLanguage\":\"es\",\"potentialAction\":[{\"@type\":\"ReadAction\",\"target\":[\"https:\\\/\\\/lentraide.es\\\/es\\\/faire-un-don-es\\\/\"]}]},{\"@type\":\"BreadcrumbList\",\"@id\":\"https:\\\/\\\/lentraide.es\\\/es\\\/faire-un-don-es\\\/#breadcrumb\",\"itemListElement\":[{\"@type\":\"ListItem\",\"position\":1,\"name\":\"Accueil\",\"item\":\"https:\\\/\\\/lentraide.es\\\/es\\\/\"},{\"@type\":\"ListItem\",\"position\":2,\"name\":\"Hacer una donaci\u00f3n\"}]},{\"@type\":\"WebSite\",\"@id\":\"https:\\\/\\\/lentraide.es\\\/fr\\\/#website\",\"url\":\"https:\\\/\\\/lentraide.es\\\/fr\\\/\",\"name\":\"Entraide Fran\u00e7aise\",\"description\":\"Une main tendue vers la France\",\"publisher\":{\"@id\":\"https:\\\/\\\/lentraide.es\\\/fr\\\/#organization\"},\"alternateName\":\"L'entraide\",\"potentialAction\":[{\"@type\":\"SearchAction\",\"target\":{\"@type\":\"EntryPoint\",\"urlTemplate\":\"https:\\\/\\\/lentraide.es\\\/fr\\\/?s={search_term_string}\"},\"query-input\":{\"@type\":\"PropertyValueSpecification\",\"valueRequired\":true,\"valueName\":\"search_term_string\"}}],\"inLanguage\":\"es\"},{\"@type\":\"Organization\",\"@id\":\"https:\\\/\\\/lentraide.es\\\/fr\\\/#organization\",\"name\":\"Entraide Fran\u00e7aise\",\"alternateName\":\"L'entraide\",\"url\":\"https:\\\/\\\/lentraide.es\\\/fr\\\/\",\"logo\":{\"@type\":\"ImageObject\",\"inLanguage\":\"es\",\"@id\":\"https:\\\/\\\/lentraide.es\\\/fr\\\/#\\\/schema\\\/logo\\\/image\\\/\",\"url\":\"https:\\\/\\\/lentraide.es\\\/wp-content\\\/uploads\\\/2015\\\/07\\\/LOGO-azul2.png\",\"contentUrl\":\"https:\\\/\\\/lentraide.es\\\/wp-content\\\/uploads\\\/2015\\\/07\\\/LOGO-azul2.png\",\"width\":232,\"height\":146,\"caption\":\"Entraide Fran\u00e7aise\"},\"image\":{\"@id\":\"https:\\\/\\\/lentraide.es\\\/fr\\\/#\\\/schema\\\/logo\\\/image\\\/\"},\"sameAs\":[\"https:\\\/\\\/www.facebook.com\\\/entraide.francaisemadrid\",\"https:\\\/\\\/www.instagram.com\\\/entraidefrancaisemadrid\\\/\"]}]}<\/script>\n<!-- \/ Yoast SEO plugin. -->","yoast_head_json":{"title":"Hacer una donaci\u00f3n | Entraide Fran\u00e7aise","description":"Hacer una donaci\u00f3n | Entraide Fran\u00e7aise |","robots":{"index":"index","follow":"follow","max-snippet":"max-snippet:-1","max-image-preview":"max-image-preview:large","max-video-preview":"max-video-preview:-1"},"canonical":"https:\/\/lentraide.es\/es\/faire-un-don-es\/","og_locale":"es_ES","og_type":"article","og_title":"Hacer una donaci\u00f3n | Entraide Fran\u00e7aise","og_description":"Hacer una donaci\u00f3n | Entraide Fran\u00e7aise |","og_url":"https:\/\/lentraide.es\/es\/faire-un-don-es\/","og_site_name":"Entraide Fran\u00e7aise","article_publisher":"https:\/\/www.facebook.com\/entraide.francaisemadrid","article_modified_time":"2026-04-16T12:41:22+00:00","twitter_card":"summary_large_image","twitter_misc":{"Tiempo de lectura":"4 minutos"},"schema":{"@context":"https:\/\/schema.org","@graph":[{"@type":"WebPage","@id":"https:\/\/lentraide.es\/es\/faire-un-don-es\/","url":"https:\/\/lentraide.es\/es\/faire-un-don-es\/","name":"Hacer una donaci\u00f3n | Entraide Fran\u00e7aise","isPartOf":{"@id":"https:\/\/lentraide.es\/fr\/#website"},"datePublished":"2021-04-15T10:08:53+00:00","dateModified":"2026-04-16T12:41:22+00:00","description":"Hacer una donaci\u00f3n | Entraide Fran\u00e7aise |","breadcrumb":{"@id":"https:\/\/lentraide.es\/es\/faire-un-don-es\/#breadcrumb"},"inLanguage":"es","potentialAction":[{"@type":"ReadAction","target":["https:\/\/lentraide.es\/es\/faire-un-don-es\/"]}]},{"@type":"BreadcrumbList","@id":"https:\/\/lentraide.es\/es\/faire-un-don-es\/#breadcrumb","itemListElement":[{"@type":"ListItem","position":1,"name":"Accueil","item":"https:\/\/lentraide.es\/es\/"},{"@type":"ListItem","position":2,"name":"Hacer una donaci\u00f3n"}]},{"@type":"WebSite","@id":"https:\/\/lentraide.es\/fr\/#website","url":"https:\/\/lentraide.es\/fr\/","name":"Entraide Fran\u00e7aise","description":"Une main tendue vers la France","publisher":{"@id":"https:\/\/lentraide.es\/fr\/#organization"},"alternateName":"L'entraide","potentialAction":[{"@type":"SearchAction","target":{"@type":"EntryPoint","urlTemplate":"https:\/\/lentraide.es\/fr\/?s={search_term_string}"},"query-input":{"@type":"PropertyValueSpecification","valueRequired":true,"valueName":"search_term_string"}}],"inLanguage":"es"},{"@type":"Organization","@id":"https:\/\/lentraide.es\/fr\/#organization","name":"Entraide Fran\u00e7aise","alternateName":"L'entraide","url":"https:\/\/lentraide.es\/fr\/","logo":{"@type":"ImageObject","inLanguage":"es","@id":"https:\/\/lentraide.es\/fr\/#\/schema\/logo\/image\/","url":"https:\/\/lentraide.es\/wp-content\/uploads\/2015\/07\/LOGO-azul2.png","contentUrl":"https:\/\/lentraide.es\/wp-content\/uploads\/2015\/07\/LOGO-azul2.png","width":232,"height":146,"caption":"Entraide Fran\u00e7aise"},"image":{"@id":"https:\/\/lentraide.es\/fr\/#\/schema\/logo\/image\/"},"sameAs":["https:\/\/www.facebook.com\/entraide.francaisemadrid","https:\/\/www.instagram.com\/entraidefrancaisemadrid\/"]}]}},"_links":{"self":[{"href":"https:\/\/lentraide.es\/es\/wp-json\/wp\/v2\/pages\/30457","targetHints":{"allow":["GET"]}}],"collection":[{"href":"https:\/\/lentraide.es\/es\/wp-json\/wp\/v2\/pages"}],"about":[{"href":"https:\/\/lentraide.es\/es\/wp-json\/wp\/v2\/types\/page"}],"author":[{"embeddable":true,"href":"https:\/\/lentraide.es\/es\/wp-json\/wp\/v2\/users\/400"}],"replies":[{"embeddable":true,"href":"https:\/\/lentraide.es\/es\/wp-json\/wp\/v2\/comments?post=30457"}],"version-history":[{"count":19,"href":"https:\/\/lentraide.es\/es\/wp-json\/wp\/v2\/pages\/30457\/revisions"}],"predecessor-version":[{"id":63586,"href":"https:\/\/lentraide.es\/es\/wp-json\/wp\/v2\/pages\/30457\/revisions\/63586"}],"wp:attachment":[{"href":"https:\/\/lentraide.es\/es\/wp-json\/wp\/v2\/media?parent=30457"}],"curies":[{"name":"wp","href":"https:\/\/api.w.org\/{rel}","templated":true}]}}