{"id":62368,"date":"2025-11-29T11:54:32","date_gmt":"2025-11-29T10:54:32","guid":{"rendered":"https:\/\/lentraide.es\/apoyo-para-superar-un-obstaculo-de-la-vida\/"},"modified":"2025-11-29T11:54:40","modified_gmt":"2025-11-29T10:54:40","slug":"apoyo-para-superar-un-obstaculo-de-la-vida","status":"publish","type":"page","link":"https:\/\/lentraide.es\/es\/apoyo-para-superar-un-obstaculo-de-la-vida\/","title":{"rendered":"Apoyo para superar un obst\u00e1culo de la vida"},"content":{"rendered":"<div class=\"wpb-content-wrapper\"><p>[vc_row css_animation=\u00bb\u00bb row_type=\u00bbrow\u00bb use_row_as_full_screen_section=\u00bbno\u00bb type=\u00bbgrid\u00bb angled_section=\u00bbno\u00bb text_align=\u00bbleft\u00bb background_image_as_pattern=\u00bbwithout_pattern\u00bb z_index=\u00bb\u00bb][vc_column width=\u00bb1\/6&#8243;][vc_empty_space height=\u00bb20px\u00bb][\/vc_column][vc_column width=\u00bb2\/3&#8243;][vc_empty_space height=\u00bb20px\u00bb][vc_column_text css=\u00bb\u00bb]<\/p>\n<h1 style=\"text-align: center;\"><span style=\"color: #00b7ff;\"><strong>APOYO PARA SUPERAR UN OBST\u00c1CULO DE LA VIDA<\/strong><\/span><\/h1>\n<p>[\/vc_column_text][\/vc_column][vc_column width=\u00bb1\/6&#8243;][vc_empty_space height=\u00bb20px\u00bb][\/vc_column][\/vc_row][vc_row css_animation=\u00bb\u00bb row_type=\u00bbrow\u00bb use_row_as_full_screen_section=\u00bbno\u00bb type=\u00bbfull_width\u00bb angled_section=\u00bbno\u00bb text_align=\u00bbleft\u00bb background_image_as_pattern=\u00bbwithout_pattern\u00bb][vc_column][vc_empty_space]<div class=\"qode-workflow Accompagner pour surmonter un obstacle\">\n    <span class=\"main-line\" style=\"background-color:#878787;\"><\/span>\n    <div class=\"qode-workflow-item\">\n    <span class=\"line\" style=\"\"><\/span>\n    <div class=\"qode-workflow-item-inner reverse\">\n        <div class=\"qode-workflow-image right\">\n            <img loading=\"lazy\" decoding=\"async\" width=\"488\" height=\"451\" src=\"https:\/\/lentraide.es\/wp-content\/uploads\/2020\/05\/leonor.png\" class=\"attachment-full size-full\" alt=\"\" srcset=\"https:\/\/lentraide.es\/wp-content\/uploads\/2020\/05\/leonor.png 488w, https:\/\/lentraide.es\/wp-content\/uploads\/2020\/05\/leonor-300x277.png 300w\" sizes=\"auto, (max-width: 488px) 100vw, 488px\" \/>        <\/div>\n        <div class=\"qode-workflow-text\">\n            <span class=\"circle\" style=\"border-color:#000000;\"><\/span>\n                            <h3>Apoyo para superar un obst\u00e1culo de la vida<\/h3>\n                                                    <p class=\"text\">Acoger y escuchar a las personas en dificultades son los primeros pasos para encontrar una soluci\u00f3n. Puede ser tan sencillo como ayudar a una persona mayor a realizar un tr\u00e1mite administrativo ante la administraci\u00f3n espa\u00f1ola o francesa, para su pensi\u00f3n, para acceder a la sanidad, etc. Tambi\u00e9n puede consistir en resolver situaciones dif\u00edciles de separaci\u00f3n, recurriendo al apoyo jur\u00eddico de los tribunales.  Tambi\u00e9n puede consistir en resolver situaciones dif\u00edciles de separaci\u00f3n, recurriendo al apoyo jur\u00eddico de los tribunales.  Por \u00faltimo, l&#039;Entraide facilita el acceso a cuidados dentales u oftalmol\u00f3gicos excepcionales, o ayuda a superar una discapacidad auditiva o de movilidad.<\/p>\n                    <\/div>\n    <\/div>\n<\/div><div class=\"qode-workflow-item\">\n    <span class=\"line\" style=\"\"><\/span>\n    <div class=\"qode-workflow-item-inner \">\n        <div class=\"qode-workflow-image left\">\n            <img loading=\"lazy\" decoding=\"async\" width=\"800\" height=\"534\" src=\"https:\/\/lentraide.es\/wp-content\/uploads\/2020\/05\/Dentition.jpg\" class=\"attachment-full size-full\" alt=\"\" srcset=\"https:\/\/lentraide.es\/wp-content\/uploads\/2020\/05\/Dentition.jpg 800w, https:\/\/lentraide.es\/wp-content\/uploads\/2020\/05\/Dentition-300x200.jpg 300w, https:\/\/lentraide.es\/wp-content\/uploads\/2020\/05\/Dentition-768x513.jpg 768w, https:\/\/lentraide.es\/wp-content\/uploads\/2020\/05\/Dentition-700x467.jpg 700w\" sizes=\"auto, (max-width: 800px) 100vw, 800px\" \/>        <\/div>\n        <div class=\"qode-workflow-text\">\n            <span class=\"circle\" style=\"border-color:#000000;\"><\/span>\n                            <h3>Los cuidados sanitarios<\/h3>\n                                                    <p class=\"text\">L&#039;Entraide financia el suministro de equipos m\u00e9dicos a personas desfavorecidas enfermas o discapacitadas: aud\u00edfonos, gafas, equipos dentales, sillas de ruedas, etc. La enfermedad puede dejar a estas personas psicol\u00f3gicamente d\u00e9biles a la hora de tratar con la profesi\u00f3n m\u00e9dica, por lo que nuestros voluntarios les ayudan en el proceso.<\/p>\n                    <\/div>\n    <\/div>\n<\/div><div class=\"qode-workflow-item\">\n    <span class=\"line\" style=\"\"><\/span>\n    <div class=\"qode-workflow-item-inner reverse\">\n        <div class=\"qode-workflow-image right\">\n            <img loading=\"lazy\" decoding=\"async\" width=\"670\" height=\"419\" src=\"https:\/\/lentraide.es\/wp-content\/uploads\/2020\/05\/Aides-Administrative.png\" class=\"attachment-full size-full\" alt=\"\" srcset=\"https:\/\/lentraide.es\/wp-content\/uploads\/2020\/05\/Aides-Administrative.png 670w, https:\/\/lentraide.es\/wp-content\/uploads\/2020\/05\/Aides-Administrative-300x188.png 300w\" sizes=\"auto, (max-width: 670px) 100vw, 670px\" \/>        <\/div>\n        <div class=\"qode-workflow-text\">\n            <span class=\"circle\" style=\"border-color:#000000;\"><\/span>\n                            <h3>Los tramites administrativos<\/h3>\n                                                    <p class=\"text\">Algunas personas pueden sentirse d\u00e9biles ante las autoridades o simplemente desconocer sus derechos. El trabajador social de Entraide eval\u00faa su situaci\u00f3n y les ayuda con sus tr\u00e1mites administrativos en Espa\u00f1a. Entraide tambi\u00e9n trabaja con las autoridades francesas (el Consulado de Francia en Madrid, la comisi\u00f3n local de becas escolares, el Comit\u00e9 Consular de Protecci\u00f3n y Acci\u00f3n Social, las cajas de pensiones en Francia, etc.).<\/p>\n                    <\/div>\n    <\/div>\n<\/div><div class=\"qode-workflow-item\">\n    <span class=\"line\" style=\"\"><\/span>\n    <div class=\"qode-workflow-item-inner \">\n        <div class=\"qode-workflow-image left\">\n            <img loading=\"lazy\" decoding=\"async\" width=\"556\" height=\"417\" src=\"https:\/\/lentraide.es\/wp-content\/uploads\/2020\/05\/Aide-Juridique.jpg\" class=\"attachment-full size-full\" alt=\"\" srcset=\"https:\/\/lentraide.es\/wp-content\/uploads\/2020\/05\/Aide-Juridique.jpg 556w, https:\/\/lentraide.es\/wp-content\/uploads\/2020\/05\/Aide-Juridique-300x225.jpg 300w\" sizes=\"auto, (max-width: 556px) 100vw, 556px\" \/>        <\/div>\n        <div class=\"qode-workflow-text\">\n            <span class=\"circle\" style=\"border-color:#000000;\"><\/span>\n                            <h3>Ayudas juridicas<\/h3>\n                                                    <p class=\"text\">Algunas familias, a menudo monoparentales, se enfrentan a problemas de impago de pensiones alimenticias, separaci\u00f3n, divorcio o incluso violencia dom\u00e9stica. En estos casos, L&#039;Entraide presta apoyo con la ayuda de asesores jur\u00eddicos o asociaciones especializadas, y sufraga los gastos de abogados y procedimientos judiciales.<\/p>\n                    <\/div>\n    <\/div>\n<\/div><\/div>[\/vc_column][\/vc_row][vc_row css_animation=\u00bb\u00bb row_type=\u00bbrow\u00bb use_row_as_full_screen_section=\u00bbno\u00bb type=\u00bbfull_width\u00bb angled_section=\u00bbno\u00bb text_align=\u00bbleft\u00bb background_image_as_pattern=\u00bbwithout_pattern\u00bb css=\u00bb.vc_custom_1764413348953{background-color: #1E73BE !important;}\u00bb z_index=\u00bb\u00bb][vc_column width=\u00bb1\/2&#8243;][vc_empty_space][vc_column_text css=\u00bb\u00bb]<\/p>\n<h1 style=\"text-align: right;\"><a href=\"https:\/\/lentraide.es\/es\/apoyarnos\/\"><span style=\"color: #ffffff;\"><strong>APOYA LAS ACCIONES DE L&#8217;ENTRAIDE &gt;<\/strong><\/span><\/a><\/h1>\n<p>[\/vc_column_text][vc_empty_space][\/vc_column][vc_column width=\u00bb1\/2&#8243;][vc_empty_space][vc_btn title=\u00bbUN PEQUE\u00d1O GESTO, UN GRAN IMPACTO\u00bb color=\u00bbwhite\u00bb size=\u00bblg\u00bb align=\u00bbleft\u00bb css=\u00bb\u00bb link=\u00bburl:https%3A%2F%2Flentraide.es%2Fes%2Fapoyarnos%2F|title:Apoyanos|target:_blank|\u00bb][vc_empty_space][\/vc_column][\/vc_row]<\/p>\n<\/div>","protected":false},"excerpt":{"rendered":"<p>[vc_row css_animation=\u00bb\u00bb row_type=\u00bbrow\u00bb use_row_as_full_screen_section=\u00bbno\u00bb type=\u00bbgrid\u00bb angled_section=\u00bbno\u00bb text_align=\u00bbleft\u00bb background_image_as_pattern=\u00bbwithout_pattern\u00bb z_index=\u00bb\u00bb][vc_column width=\u00bb1\/6&#8243;][vc_empty_space height=\u00bb20px\u00bb][\/vc_column][vc_column width=\u00bb2\/3&#8243;][vc_empty_space height=\u00bb20px\u00bb][vc_column_text css=\u00bb\u00bb] APOYO PARA SUPERAR UN OBST\u00c1CULO DE LA VIDA [\/vc_column_text][\/vc_column][vc_column width=\u00bb1\/6&#8243;][vc_empty_space height=\u00bb20px\u00bb][\/vc_column][\/vc_row][vc_row css_animation=\u00bb\u00bb row_type=\u00bbrow\u00bb use_row_as_full_screen_section=\u00bbno\u00bb type=\u00bbfull_width\u00bb angled_section=\u00bbno\u00bb&#8230;<\/p>\n","protected":false},"author":400,"featured_media":0,"parent":0,"menu_order":0,"comment_status":"closed","ping_status":"closed","template":"full_width.php","meta":{"_acf_changed":false,"footnotes":""},"class_list":["post-62368","page","type-page","status-publish","hentry"],"acf":[],"yoast_head":"<!-- This site is optimized with the Yoast SEO plugin v27.3 - https:\/\/yoast.com\/product\/yoast-seo-wordpress\/ -->\n<title>Apoyo para superar un obst\u00e1culo de la vida | Entraide Fran\u00e7aise<\/title>\n<meta name=\"description\" content=\"Apoyo para superar un obst\u00e1culo de la vida | Entraide Fran\u00e7aise |\" \/>\n<meta name=\"robots\" content=\"index, follow, max-snippet:-1, max-image-preview:large, max-video-preview:-1\" \/>\n<link rel=\"canonical\" href=\"https:\/\/lentraide.es\/es\/apoyo-para-superar-un-obstaculo-de-la-vida\/\" \/>\n<meta property=\"og:locale\" content=\"es_ES\" \/>\n<meta property=\"og:type\" content=\"article\" \/>\n<meta property=\"og:title\" content=\"Apoyo para superar un obst\u00e1culo de la vida | Entraide Fran\u00e7aise\" \/>\n<meta property=\"og:description\" content=\"Apoyo para superar un obst\u00e1culo de la vida | Entraide Fran\u00e7aise |\" \/>\n<meta property=\"og:url\" content=\"https:\/\/lentraide.es\/es\/apoyo-para-superar-un-obstaculo-de-la-vida\/\" \/>\n<meta property=\"og:site_name\" content=\"Entraide Fran\u00e7aise\" \/>\n<meta property=\"article:publisher\" content=\"https:\/\/www.facebook.com\/entraide.francaisemadrid\" \/>\n<meta property=\"article:modified_time\" content=\"2025-11-29T10:54:40+00:00\" \/>\n<meta name=\"twitter:card\" content=\"summary_large_image\" \/>\n<meta name=\"twitter:label1\" content=\"Tiempo de lectura\" \/>\n\t<meta name=\"twitter:data1\" content=\"3 minutos\" \/>\n<script type=\"application\/ld+json\" class=\"yoast-schema-graph\">{\"@context\":\"https:\\\/\\\/schema.org\",\"@graph\":[{\"@type\":\"WebPage\",\"@id\":\"https:\\\/\\\/lentraide.es\\\/es\\\/apoyo-para-superar-un-obstaculo-de-la-vida\\\/\",\"url\":\"https:\\\/\\\/lentraide.es\\\/es\\\/apoyo-para-superar-un-obstaculo-de-la-vida\\\/\",\"name\":\"Apoyo para superar un obst\u00e1culo de la vida | Entraide Fran\u00e7aise\",\"isPartOf\":{\"@id\":\"https:\\\/\\\/lentraide.es\\\/fr\\\/#website\"},\"datePublished\":\"2025-11-29T10:54:32+00:00\",\"dateModified\":\"2025-11-29T10:54:40+00:00\",\"description\":\"Apoyo para superar un obst\u00e1culo de la vida | Entraide Fran\u00e7aise |\",\"breadcrumb\":{\"@id\":\"https:\\\/\\\/lentraide.es\\\/es\\\/apoyo-para-superar-un-obstaculo-de-la-vida\\\/#breadcrumb\"},\"inLanguage\":\"es\",\"potentialAction\":[{\"@type\":\"ReadAction\",\"target\":[\"https:\\\/\\\/lentraide.es\\\/es\\\/apoyo-para-superar-un-obstaculo-de-la-vida\\\/\"]}]},{\"@type\":\"BreadcrumbList\",\"@id\":\"https:\\\/\\\/lentraide.es\\\/es\\\/apoyo-para-superar-un-obstaculo-de-la-vida\\\/#breadcrumb\",\"itemListElement\":[{\"@type\":\"ListItem\",\"position\":1,\"name\":\"Accueil\",\"item\":\"https:\\\/\\\/lentraide.es\\\/es\\\/\"},{\"@type\":\"ListItem\",\"position\":2,\"name\":\"Apoyo para superar un obst\u00e1culo de la vida\"}]},{\"@type\":\"WebSite\",\"@id\":\"https:\\\/\\\/lentraide.es\\\/fr\\\/#website\",\"url\":\"https:\\\/\\\/lentraide.es\\\/fr\\\/\",\"name\":\"Entraide Fran\u00e7aise\",\"description\":\"Une main tendue vers la France\",\"publisher\":{\"@id\":\"https:\\\/\\\/lentraide.es\\\/fr\\\/#organization\"},\"alternateName\":\"L'entraide\",\"potentialAction\":[{\"@type\":\"SearchAction\",\"target\":{\"@type\":\"EntryPoint\",\"urlTemplate\":\"https:\\\/\\\/lentraide.es\\\/fr\\\/?s={search_term_string}\"},\"query-input\":{\"@type\":\"PropertyValueSpecification\",\"valueRequired\":true,\"valueName\":\"search_term_string\"}}],\"inLanguage\":\"es\"},{\"@type\":\"Organization\",\"@id\":\"https:\\\/\\\/lentraide.es\\\/fr\\\/#organization\",\"name\":\"Entraide Fran\u00e7aise\",\"alternateName\":\"L'entraide\",\"url\":\"https:\\\/\\\/lentraide.es\\\/fr\\\/\",\"logo\":{\"@type\":\"ImageObject\",\"inLanguage\":\"es\",\"@id\":\"https:\\\/\\\/lentraide.es\\\/fr\\\/#\\\/schema\\\/logo\\\/image\\\/\",\"url\":\"https:\\\/\\\/lentraide.es\\\/wp-content\\\/uploads\\\/2015\\\/07\\\/LOGO-azul2.png\",\"contentUrl\":\"https:\\\/\\\/lentraide.es\\\/wp-content\\\/uploads\\\/2015\\\/07\\\/LOGO-azul2.png\",\"width\":232,\"height\":146,\"caption\":\"Entraide Fran\u00e7aise\"},\"image\":{\"@id\":\"https:\\\/\\\/lentraide.es\\\/fr\\\/#\\\/schema\\\/logo\\\/image\\\/\"},\"sameAs\":[\"https:\\\/\\\/www.facebook.com\\\/entraide.francaisemadrid\",\"https:\\\/\\\/www.instagram.com\\\/entraidefrancaisemadrid\\\/\"]}]}<\/script>\n<!-- \/ Yoast SEO plugin. -->","yoast_head_json":{"title":"Apoyo para superar un obst\u00e1culo de la vida | Entraide Fran\u00e7aise","description":"Apoyo para superar un obst\u00e1culo de la vida | Entraide Fran\u00e7aise |","robots":{"index":"index","follow":"follow","max-snippet":"max-snippet:-1","max-image-preview":"max-image-preview:large","max-video-preview":"max-video-preview:-1"},"canonical":"https:\/\/lentraide.es\/es\/apoyo-para-superar-un-obstaculo-de-la-vida\/","og_locale":"es_ES","og_type":"article","og_title":"Apoyo para superar un obst\u00e1culo de la vida | Entraide Fran\u00e7aise","og_description":"Apoyo para superar un obst\u00e1culo de la vida | Entraide Fran\u00e7aise |","og_url":"https:\/\/lentraide.es\/es\/apoyo-para-superar-un-obstaculo-de-la-vida\/","og_site_name":"Entraide Fran\u00e7aise","article_publisher":"https:\/\/www.facebook.com\/entraide.francaisemadrid","article_modified_time":"2025-11-29T10:54:40+00:00","twitter_card":"summary_large_image","twitter_misc":{"Tiempo de lectura":"3 minutos"},"schema":{"@context":"https:\/\/schema.org","@graph":[{"@type":"WebPage","@id":"https:\/\/lentraide.es\/es\/apoyo-para-superar-un-obstaculo-de-la-vida\/","url":"https:\/\/lentraide.es\/es\/apoyo-para-superar-un-obstaculo-de-la-vida\/","name":"Apoyo para superar un obst\u00e1culo de la vida | Entraide Fran\u00e7aise","isPartOf":{"@id":"https:\/\/lentraide.es\/fr\/#website"},"datePublished":"2025-11-29T10:54:32+00:00","dateModified":"2025-11-29T10:54:40+00:00","description":"Apoyo para superar un obst\u00e1culo de la vida | Entraide Fran\u00e7aise |","breadcrumb":{"@id":"https:\/\/lentraide.es\/es\/apoyo-para-superar-un-obstaculo-de-la-vida\/#breadcrumb"},"inLanguage":"es","potentialAction":[{"@type":"ReadAction","target":["https:\/\/lentraide.es\/es\/apoyo-para-superar-un-obstaculo-de-la-vida\/"]}]},{"@type":"BreadcrumbList","@id":"https:\/\/lentraide.es\/es\/apoyo-para-superar-un-obstaculo-de-la-vida\/#breadcrumb","itemListElement":[{"@type":"ListItem","position":1,"name":"Accueil","item":"https:\/\/lentraide.es\/es\/"},{"@type":"ListItem","position":2,"name":"Apoyo para superar un obst\u00e1culo de la vida"}]},{"@type":"WebSite","@id":"https:\/\/lentraide.es\/fr\/#website","url":"https:\/\/lentraide.es\/fr\/","name":"Entraide Fran\u00e7aise","description":"Une main tendue vers la France","publisher":{"@id":"https:\/\/lentraide.es\/fr\/#organization"},"alternateName":"L'entraide","potentialAction":[{"@type":"SearchAction","target":{"@type":"EntryPoint","urlTemplate":"https:\/\/lentraide.es\/fr\/?s={search_term_string}"},"query-input":{"@type":"PropertyValueSpecification","valueRequired":true,"valueName":"search_term_string"}}],"inLanguage":"es"},{"@type":"Organization","@id":"https:\/\/lentraide.es\/fr\/#organization","name":"Entraide Fran\u00e7aise","alternateName":"L'entraide","url":"https:\/\/lentraide.es\/fr\/","logo":{"@type":"ImageObject","inLanguage":"es","@id":"https:\/\/lentraide.es\/fr\/#\/schema\/logo\/image\/","url":"https:\/\/lentraide.es\/wp-content\/uploads\/2015\/07\/LOGO-azul2.png","contentUrl":"https:\/\/lentraide.es\/wp-content\/uploads\/2015\/07\/LOGO-azul2.png","width":232,"height":146,"caption":"Entraide Fran\u00e7aise"},"image":{"@id":"https:\/\/lentraide.es\/fr\/#\/schema\/logo\/image\/"},"sameAs":["https:\/\/www.facebook.com\/entraide.francaisemadrid","https:\/\/www.instagram.com\/entraidefrancaisemadrid\/"]}]}},"_links":{"self":[{"href":"https:\/\/lentraide.es\/es\/wp-json\/wp\/v2\/pages\/62368","targetHints":{"allow":["GET"]}}],"collection":[{"href":"https:\/\/lentraide.es\/es\/wp-json\/wp\/v2\/pages"}],"about":[{"href":"https:\/\/lentraide.es\/es\/wp-json\/wp\/v2\/types\/page"}],"author":[{"embeddable":true,"href":"https:\/\/lentraide.es\/es\/wp-json\/wp\/v2\/users\/400"}],"replies":[{"embeddable":true,"href":"https:\/\/lentraide.es\/es\/wp-json\/wp\/v2\/comments?post=62368"}],"version-history":[{"count":0,"href":"https:\/\/lentraide.es\/es\/wp-json\/wp\/v2\/pages\/62368\/revisions"}],"wp:attachment":[{"href":"https:\/\/lentraide.es\/es\/wp-json\/wp\/v2\/media?parent=62368"}],"curies":[{"name":"wp","href":"https:\/\/api.w.org\/{rel}","templated":true}]}}