{"id":62376,"date":"2025-11-29T12:03:32","date_gmt":"2025-11-29T11:03:32","guid":{"rendered":"https:\/\/lentraide.es\/reconstruir-un-proyecto-de-vida\/"},"modified":"2026-03-30T22:27:42","modified_gmt":"2026-03-30T20:27:42","slug":"reconstruir-un-proyecto-de-vida","status":"publish","type":"page","link":"https:\/\/lentraide.es\/es\/reconstruir-un-proyecto-de-vida\/","title":{"rendered":"Reconstruir un proyecto de vida"},"content":{"rendered":"<div class=\"wpb-content-wrapper\"><p>[vc_row css_animation=\u00bb\u00bb row_type=\u00bbrow\u00bb use_row_as_full_screen_section=\u00bbno\u00bb type=\u00bbgrid\u00bb angled_section=\u00bbno\u00bb text_align=\u00bbleft\u00bb background_image_as_pattern=\u00bbwithout_pattern\u00bb z_index=\u00bb\u00bb][vc_column width=\u00bb1\/6&#8243;]<\/p>\n<p>[vc_empty_space height=\u00bb20px\u00bb]<\/p>\n<p>[\/vc_column][vc_column width=\u00bb2\/3&#8243;][vc_empty_space height=\u00bb20px\u00bb][vc_column_text css=\u00bb\u00bb]<\/p>\n<h1 style=\"text-align: center;\" data-mce-style=\"text-align: center;\"><span style=\"color: #00b7ff;\" data-mce-style=\"color: #00b7ff;\"><strong>RECONSTRUIR UN PROYECTO DE VIDA<\/strong><\/span><\/h1>\n<p>[\/vc_column_text][vc_empty_space height=\u00bb20px\u00bb][\/vc_column][vc_column width=\u00bb1\/6&#8243;]<\/p>\n<p>[vc_empty_space height=\u00bb20px\u00bb]<\/p>\n<p>[\/vc_column][\/vc_row][vc_row css_animation=\u00bb\u00bb row_type=\u00bbrow\u00bb use_row_as_full_screen_section=\u00bbno\u00bb type=\u00bbfull_width\u00bb angled_section=\u00bbno\u00bb text_align=\u00bbleft\u00bb background_image_as_pattern=\u00bbwithout_pattern\u00bb][vc_column][vc_empty_space]<div class=\"qode-workflow \">\n    <span class=\"main-line\" style=\"background-color:#878787;\"><\/span>\n    <div class=\"qode-workflow-item\">\n    <span class=\"line\" style=\"\"><\/span>\n    <div class=\"qode-workflow-item-inner reverse\">\n        <div class=\"qode-workflow-image right\">\n            <img loading=\"lazy\" decoding=\"async\" width=\"670\" height=\"419\" src=\"https:\/\/lentraide.es\/wp-content\/uploads\/2020\/05\/Aides-Administrative.png\" class=\"attachment-full size-full\" alt=\"\" srcset=\"https:\/\/lentraide.es\/wp-content\/uploads\/2020\/05\/Aides-Administrative.png 670w, https:\/\/lentraide.es\/wp-content\/uploads\/2020\/05\/Aides-Administrative-300x188.png 300w\" sizes=\"auto, (max-width: 670px) 100vw, 670px\" \/>        <\/div>\n        <div class=\"qode-workflow-text\">\n            <span class=\"circle\" style=\"border-color:#000000;\"><\/span>\n                            <h3>Volver a confiar en si mismo<\/h3>\n                                                    <p class=\"text\">El v\u00ednculo establecido entre la familia y l&#039;Entraide a trav\u00e9s de la ayuda de urgencia, el apoyo psicol\u00f3gico y la formaci\u00f3n profesional permite prever una vuelta a la autonom\u00eda. Se ha recuperado la confianza en un futuro mejor y es el momento de pensar con la familia en un proyecto de vida: cambiar de casa o adecuarla, buscar trabajo, volver a Francia, etc. El apoyo y la constancia del equipo de Entraide ser\u00e1n esenciales para el \u00e9xito del proyecto para la familia.<\/p>\n                    <\/div>\n    <\/div>\n<\/div><div class=\"qode-workflow-item\">\n    <span class=\"line\" style=\"\"><\/span>\n    <div class=\"qode-workflow-item-inner \">\n        <div class=\"qode-workflow-image left\">\n            <img loading=\"lazy\" decoding=\"async\" width=\"1152\" height=\"768\" src=\"https:\/\/lentraide.es\/wp-content\/uploads\/2020\/03\/adult-students-in-class-2ZSWQRV-FILEminimizer.jpg\" class=\"attachment-full size-full\" alt=\"\" srcset=\"https:\/\/lentraide.es\/wp-content\/uploads\/2020\/03\/adult-students-in-class-2ZSWQRV-FILEminimizer.jpg 1152w, https:\/\/lentraide.es\/wp-content\/uploads\/2020\/03\/adult-students-in-class-2ZSWQRV-FILEminimizer-300x200.jpg 300w, https:\/\/lentraide.es\/wp-content\/uploads\/2020\/03\/adult-students-in-class-2ZSWQRV-FILEminimizer-768x512.jpg 768w, https:\/\/lentraide.es\/wp-content\/uploads\/2020\/03\/adult-students-in-class-2ZSWQRV-FILEminimizer-1024x683.jpg 1024w, https:\/\/lentraide.es\/wp-content\/uploads\/2020\/03\/adult-students-in-class-2ZSWQRV-FILEminimizer-700x467.jpg 700w\" sizes=\"auto, (max-width: 1152px) 100vw, 1152px\" \/>        <\/div>\n        <div class=\"qode-workflow-text\">\n            <span class=\"circle\" style=\"border-color:#000000;\"><\/span>\n                            <h3>La reinserci\u00f3n profesional y social<\/h3>\n                                                    <p class=\"text\">La reinserci\u00f3n de las personas que han sufrido una ruptura total con la sociedad es un proceso gradual, que implica el apoyo regular de la misma persona a largo plazo. L&#039;Entraide ha organizado simulacros de entrevistas de trabajo, ayuda con el curr\u00edculum y las cartas de presentaci\u00f3n, as\u00ed como sesiones para resaltar los puntos positivos de la persona y consejos sobre c\u00f3mo cuidar su imagen (ropa, peinado).<\/p>\n                    <\/div>\n    <\/div>\n<\/div><div class=\"qode-workflow-item\">\n    <span class=\"line\" style=\"\"><\/span>\n    <div class=\"qode-workflow-item-inner reverse\">\n        <div class=\"qode-workflow-image right\">\n            <img loading=\"lazy\" decoding=\"async\" width=\"1134\" height=\"1030\" src=\"https:\/\/lentraide.es\/wp-content\/uploads\/2020\/05\/Retour-en-France.jpg\" class=\"attachment-full size-full\" alt=\"\" srcset=\"https:\/\/lentraide.es\/wp-content\/uploads\/2020\/05\/Retour-en-France.jpg 1134w, https:\/\/lentraide.es\/wp-content\/uploads\/2020\/05\/Retour-en-France-300x272.jpg 300w, https:\/\/lentraide.es\/wp-content\/uploads\/2020\/05\/Retour-en-France-1024x930.jpg 1024w, https:\/\/lentraide.es\/wp-content\/uploads\/2020\/05\/Retour-en-France-768x698.jpg 768w, https:\/\/lentraide.es\/wp-content\/uploads\/2020\/05\/Retour-en-France-700x636.jpg 700w\" sizes=\"auto, (max-width: 1134px) 100vw, 1134px\" \/>        <\/div>\n        <div class=\"qode-workflow-text\">\n            <span class=\"circle\" style=\"border-color:#000000;\"><\/span>\n                            <h3>El regreso a Francia<\/h3>\n                                                    <p class=\"text\">A veces se plantean situaciones complejas de separaci\u00f3n, divorcio, custodia de los hijos, herencias, etc. Con la ayuda de un abogado, l&#039;Entraide proporciona apoyo para encontrar una soluci\u00f3n. Con la ayuda de un abogado, l&#039;Entraide proporciona apoyo para encontrar una soluci\u00f3n.Cuando es posible, es decir, cuando la(s) persona(s) ayudada(s) desea(n) espont\u00e1neamente regresar o se lo est\u00e1(n) planteando gradualmente, especialmente si ha(n) conservado apoyo familiar o relacional en Francia, l&#039;Entraide puede proponer un regreso a Francia.En funci\u00f3n de la situaci\u00f3n familiar, la especializaci\u00f3n profesional y las oportunidades de empleo en la regi\u00f3n, se define un lugar de mutuo acuerdo. A continuaci\u00f3n se organiza la log\u00edstica del retorno: b\u00fasqueda de un primer alojamiento, organizaci\u00f3n del traslado y puesta en orden de la nueva situaci\u00f3n administrativa en Francia.<\/p>\n                    <\/div>\n    <\/div>\n<\/div><div class=\"qode-workflow-item\">\n    <span class=\"line\" style=\"\"><\/span>\n    <div class=\"qode-workflow-item-inner \">\n        <div class=\"qode-workflow-image left\">\n            <img loading=\"lazy\" decoding=\"async\" width=\"2225\" height=\"2313\" src=\"https:\/\/lentraide.es\/wp-content\/uploads\/2020\/05\/Fran\u00e7ais-FLE.jpg\" class=\"attachment-full size-full\" alt=\"\" srcset=\"https:\/\/lentraide.es\/wp-content\/uploads\/2020\/05\/Fran\u00e7ais-FLE.jpg 2225w, https:\/\/lentraide.es\/wp-content\/uploads\/2020\/05\/Fran\u00e7ais-FLE-289x300.jpg 289w, https:\/\/lentraide.es\/wp-content\/uploads\/2020\/05\/Fran\u00e7ais-FLE-985x1024.jpg 985w, https:\/\/lentraide.es\/wp-content\/uploads\/2020\/05\/Fran\u00e7ais-FLE-768x798.jpg 768w, https:\/\/lentraide.es\/wp-content\/uploads\/2020\/05\/Fran\u00e7ais-FLE-1478x1536.jpg 1478w, https:\/\/lentraide.es\/wp-content\/uploads\/2020\/05\/Fran\u00e7ais-FLE-1970x2048.jpg 1970w, https:\/\/lentraide.es\/wp-content\/uploads\/2020\/05\/Fran\u00e7ais-FLE-700x728.jpg 700w, https:\/\/lentraide.es\/wp-content\/uploads\/2020\/05\/Fran\u00e7ais-FLE-300x312.jpg 300w\" sizes=\"auto, (max-width: 2225px) 100vw, 2225px\" \/>        <\/div>\n        <div class=\"qode-workflow-text\">\n            <span class=\"circle\" style=\"border-color:#000000;\"><\/span>\n                            <h3>Clases de franc\u00e9s<\/h3>\n                                                    <p class=\"text\">Para facilitar la integraci\u00f3n en el entorno familiar y social franc\u00e9s, l&#039;Entraide ofrece cursos de franc\u00e9s como lengua extranjera: aprender franc\u00e9s para comunicarse mejor con un c\u00f3nyuge franc\u00e9s y\/o con los hijos que asisten al Liceo Franc\u00e9s.<\/p>\n                    <\/div>\n    <\/div>\n<\/div><\/div>[\/vc_column][\/vc_row][vc_row css_animation=\u00bb\u00bb row_type=\u00bbrow\u00bb use_row_as_full_screen_section=\u00bbno\u00bb type=\u00bbfull_width\u00bb angled_section=\u00bbno\u00bb text_align=\u00bbleft\u00bb background_image_as_pattern=\u00bbwithout_pattern\u00bb css=\u00bb.vc_custom_1764413952027{background-color: #1E73BE !important;}\u00bb z_index=\u00bb\u00bb][vc_column width=\u00bb1\/2&#8243;][vc_empty_space][vc_column_text css=\u00bb\u00bb]<\/p>\n<h1 style=\"text-align: right;\" data-mce-style=\"text-align: right;\"><a href=\"\/?page_id=60492\" data-mce-href=\"https:\/\/lentraide.es\/es\/apoyarnos\/\"><span style=\"color: #ffffff;\" data-mce-style=\"color: #ffffff;\"><strong>APOYA LAS ACCIONES DE L&#8217;ENTRAIDE &gt;<\/strong><\/span><\/a><\/h1>\n<p>[\/vc_column_text][vc_empty_space][\/vc_column][vc_column width=\u00bb1\/2&#8243;][vc_empty_space][vc_btn title=\u00bbUN PEQUE\u00d1O GESTO, UN GRAN IMPACTO\u00bb color=\u00bbwhite\u00bb size=\u00bblg\u00bb align=\u00bbleft\u00bb css=\u00bb\u00bb link=\u00bburl:https%3A%2F%2Flentraide.es%2Fes%2Fapoyarnos%2F|title:Apoyanos|target:_blank|\u00bb][vc_empty_space][\/vc_column][\/vc_row]<\/p>\n<\/div>","protected":false},"excerpt":{"rendered":"<p>[vc_row css_animation=\u00bb\u00bb row_type=\u00bbrow\u00bb use_row_as_full_screen_section=\u00bbno\u00bb type=\u00bbgrid\u00bb angled_section=\u00bbno\u00bb text_align=\u00bbleft\u00bb background_image_as_pattern=\u00bbwithout_pattern\u00bb z_index=\u00bb\u00bb][vc_column width=\u00bb1\/6&#8243;] [vc_empty_space height=\u00bb20px\u00bb] [\/vc_column][vc_column width=\u00bb2\/3&#8243;][vc_empty_space height=\u00bb20px\u00bb][vc_column_text css=\u00bb\u00bb] RECONSTRUIR UN PROYECTO DE VIDA [\/vc_column_text][vc_empty_space height=\u00bb20px\u00bb][\/vc_column][vc_column width=\u00bb1\/6&#8243;] [vc_empty_space height=\u00bb20px\u00bb] [\/vc_column][\/vc_row][vc_row css_animation=\u00bb\u00bb row_type=\u00bbrow\u00bb use_row_as_full_screen_section=\u00bbno\u00bb&#8230;<\/p>\n","protected":false},"author":400,"featured_media":0,"parent":0,"menu_order":0,"comment_status":"closed","ping_status":"closed","template":"full_width.php","meta":{"_acf_changed":false,"footnotes":""},"class_list":["post-62376","page","type-page","status-publish","hentry"],"acf":[],"yoast_head":"<!-- This site is optimized with the Yoast SEO plugin v27.3 - https:\/\/yoast.com\/product\/yoast-seo-wordpress\/ -->\n<title>Reconstruir un proyecto de vida | Entraide Fran\u00e7aise<\/title>\n<meta name=\"description\" content=\"Reconstruir un proyecto de vida | Entraide Fran\u00e7aise |\" \/>\n<meta name=\"robots\" content=\"index, follow, max-snippet:-1, max-image-preview:large, max-video-preview:-1\" \/>\n<link rel=\"canonical\" href=\"https:\/\/lentraide.es\/es\/reconstruir-un-proyecto-de-vida\/\" \/>\n<meta property=\"og:locale\" content=\"es_ES\" \/>\n<meta property=\"og:type\" content=\"article\" \/>\n<meta property=\"og:title\" content=\"Reconstruir un proyecto de vida | Entraide Fran\u00e7aise\" \/>\n<meta property=\"og:description\" content=\"Reconstruir un proyecto de vida | Entraide Fran\u00e7aise |\" \/>\n<meta property=\"og:url\" content=\"https:\/\/lentraide.es\/es\/reconstruir-un-proyecto-de-vida\/\" \/>\n<meta property=\"og:site_name\" content=\"Entraide Fran\u00e7aise\" \/>\n<meta property=\"article:publisher\" content=\"https:\/\/www.facebook.com\/entraide.francaisemadrid\" \/>\n<meta property=\"article:modified_time\" content=\"2026-03-30T20:27:42+00:00\" \/>\n<meta name=\"twitter:card\" content=\"summary_large_image\" \/>\n<meta name=\"twitter:label1\" content=\"Tiempo de lectura\" \/>\n\t<meta name=\"twitter:data1\" content=\"3 minutos\" \/>\n<script type=\"application\/ld+json\" class=\"yoast-schema-graph\">{\"@context\":\"https:\\\/\\\/schema.org\",\"@graph\":[{\"@type\":\"WebPage\",\"@id\":\"https:\\\/\\\/lentraide.es\\\/es\\\/reconstruir-un-proyecto-de-vida\\\/\",\"url\":\"https:\\\/\\\/lentraide.es\\\/es\\\/reconstruir-un-proyecto-de-vida\\\/\",\"name\":\"Reconstruir un proyecto de vida | Entraide Fran\u00e7aise\",\"isPartOf\":{\"@id\":\"https:\\\/\\\/lentraide.es\\\/fr\\\/#website\"},\"datePublished\":\"2025-11-29T11:03:32+00:00\",\"dateModified\":\"2026-03-30T20:27:42+00:00\",\"description\":\"Reconstruir un proyecto de vida | Entraide Fran\u00e7aise |\",\"breadcrumb\":{\"@id\":\"https:\\\/\\\/lentraide.es\\\/es\\\/reconstruir-un-proyecto-de-vida\\\/#breadcrumb\"},\"inLanguage\":\"es\",\"potentialAction\":[{\"@type\":\"ReadAction\",\"target\":[\"https:\\\/\\\/lentraide.es\\\/es\\\/reconstruir-un-proyecto-de-vida\\\/\"]}]},{\"@type\":\"BreadcrumbList\",\"@id\":\"https:\\\/\\\/lentraide.es\\\/es\\\/reconstruir-un-proyecto-de-vida\\\/#breadcrumb\",\"itemListElement\":[{\"@type\":\"ListItem\",\"position\":1,\"name\":\"Accueil\",\"item\":\"https:\\\/\\\/lentraide.es\\\/es\\\/\"},{\"@type\":\"ListItem\",\"position\":2,\"name\":\"Reconstruir un proyecto de vida\"}]},{\"@type\":\"WebSite\",\"@id\":\"https:\\\/\\\/lentraide.es\\\/fr\\\/#website\",\"url\":\"https:\\\/\\\/lentraide.es\\\/fr\\\/\",\"name\":\"Entraide Fran\u00e7aise\",\"description\":\"Une main tendue vers la France\",\"publisher\":{\"@id\":\"https:\\\/\\\/lentraide.es\\\/fr\\\/#organization\"},\"alternateName\":\"L'entraide\",\"potentialAction\":[{\"@type\":\"SearchAction\",\"target\":{\"@type\":\"EntryPoint\",\"urlTemplate\":\"https:\\\/\\\/lentraide.es\\\/fr\\\/?s={search_term_string}\"},\"query-input\":{\"@type\":\"PropertyValueSpecification\",\"valueRequired\":true,\"valueName\":\"search_term_string\"}}],\"inLanguage\":\"es\"},{\"@type\":\"Organization\",\"@id\":\"https:\\\/\\\/lentraide.es\\\/fr\\\/#organization\",\"name\":\"Entraide Fran\u00e7aise\",\"alternateName\":\"L'entraide\",\"url\":\"https:\\\/\\\/lentraide.es\\\/fr\\\/\",\"logo\":{\"@type\":\"ImageObject\",\"inLanguage\":\"es\",\"@id\":\"https:\\\/\\\/lentraide.es\\\/fr\\\/#\\\/schema\\\/logo\\\/image\\\/\",\"url\":\"https:\\\/\\\/lentraide.es\\\/wp-content\\\/uploads\\\/2015\\\/07\\\/LOGO-azul2.png\",\"contentUrl\":\"https:\\\/\\\/lentraide.es\\\/wp-content\\\/uploads\\\/2015\\\/07\\\/LOGO-azul2.png\",\"width\":232,\"height\":146,\"caption\":\"Entraide Fran\u00e7aise\"},\"image\":{\"@id\":\"https:\\\/\\\/lentraide.es\\\/fr\\\/#\\\/schema\\\/logo\\\/image\\\/\"},\"sameAs\":[\"https:\\\/\\\/www.facebook.com\\\/entraide.francaisemadrid\",\"https:\\\/\\\/www.instagram.com\\\/entraidefrancaisemadrid\\\/\"]}]}<\/script>\n<!-- \/ Yoast SEO plugin. -->","yoast_head_json":{"title":"Reconstruir un proyecto de vida | Entraide Fran\u00e7aise","description":"Reconstruir un proyecto de vida | Entraide Fran\u00e7aise |","robots":{"index":"index","follow":"follow","max-snippet":"max-snippet:-1","max-image-preview":"max-image-preview:large","max-video-preview":"max-video-preview:-1"},"canonical":"https:\/\/lentraide.es\/es\/reconstruir-un-proyecto-de-vida\/","og_locale":"es_ES","og_type":"article","og_title":"Reconstruir un proyecto de vida | Entraide Fran\u00e7aise","og_description":"Reconstruir un proyecto de vida | Entraide Fran\u00e7aise |","og_url":"https:\/\/lentraide.es\/es\/reconstruir-un-proyecto-de-vida\/","og_site_name":"Entraide Fran\u00e7aise","article_publisher":"https:\/\/www.facebook.com\/entraide.francaisemadrid","article_modified_time":"2026-03-30T20:27:42+00:00","twitter_card":"summary_large_image","twitter_misc":{"Tiempo de lectura":"3 minutos"},"schema":{"@context":"https:\/\/schema.org","@graph":[{"@type":"WebPage","@id":"https:\/\/lentraide.es\/es\/reconstruir-un-proyecto-de-vida\/","url":"https:\/\/lentraide.es\/es\/reconstruir-un-proyecto-de-vida\/","name":"Reconstruir un proyecto de vida | Entraide Fran\u00e7aise","isPartOf":{"@id":"https:\/\/lentraide.es\/fr\/#website"},"datePublished":"2025-11-29T11:03:32+00:00","dateModified":"2026-03-30T20:27:42+00:00","description":"Reconstruir un proyecto de vida | Entraide Fran\u00e7aise |","breadcrumb":{"@id":"https:\/\/lentraide.es\/es\/reconstruir-un-proyecto-de-vida\/#breadcrumb"},"inLanguage":"es","potentialAction":[{"@type":"ReadAction","target":["https:\/\/lentraide.es\/es\/reconstruir-un-proyecto-de-vida\/"]}]},{"@type":"BreadcrumbList","@id":"https:\/\/lentraide.es\/es\/reconstruir-un-proyecto-de-vida\/#breadcrumb","itemListElement":[{"@type":"ListItem","position":1,"name":"Accueil","item":"https:\/\/lentraide.es\/es\/"},{"@type":"ListItem","position":2,"name":"Reconstruir un proyecto de vida"}]},{"@type":"WebSite","@id":"https:\/\/lentraide.es\/fr\/#website","url":"https:\/\/lentraide.es\/fr\/","name":"Entraide Fran\u00e7aise","description":"Une main tendue vers la France","publisher":{"@id":"https:\/\/lentraide.es\/fr\/#organization"},"alternateName":"L'entraide","potentialAction":[{"@type":"SearchAction","target":{"@type":"EntryPoint","urlTemplate":"https:\/\/lentraide.es\/fr\/?s={search_term_string}"},"query-input":{"@type":"PropertyValueSpecification","valueRequired":true,"valueName":"search_term_string"}}],"inLanguage":"es"},{"@type":"Organization","@id":"https:\/\/lentraide.es\/fr\/#organization","name":"Entraide Fran\u00e7aise","alternateName":"L'entraide","url":"https:\/\/lentraide.es\/fr\/","logo":{"@type":"ImageObject","inLanguage":"es","@id":"https:\/\/lentraide.es\/fr\/#\/schema\/logo\/image\/","url":"https:\/\/lentraide.es\/wp-content\/uploads\/2015\/07\/LOGO-azul2.png","contentUrl":"https:\/\/lentraide.es\/wp-content\/uploads\/2015\/07\/LOGO-azul2.png","width":232,"height":146,"caption":"Entraide Fran\u00e7aise"},"image":{"@id":"https:\/\/lentraide.es\/fr\/#\/schema\/logo\/image\/"},"sameAs":["https:\/\/www.facebook.com\/entraide.francaisemadrid","https:\/\/www.instagram.com\/entraidefrancaisemadrid\/"]}]}},"_links":{"self":[{"href":"https:\/\/lentraide.es\/es\/wp-json\/wp\/v2\/pages\/62376","targetHints":{"allow":["GET"]}}],"collection":[{"href":"https:\/\/lentraide.es\/es\/wp-json\/wp\/v2\/pages"}],"about":[{"href":"https:\/\/lentraide.es\/es\/wp-json\/wp\/v2\/types\/page"}],"author":[{"embeddable":true,"href":"https:\/\/lentraide.es\/es\/wp-json\/wp\/v2\/users\/400"}],"replies":[{"embeddable":true,"href":"https:\/\/lentraide.es\/es\/wp-json\/wp\/v2\/comments?post=62376"}],"version-history":[{"count":19,"href":"https:\/\/lentraide.es\/es\/wp-json\/wp\/v2\/pages\/62376\/revisions"}],"predecessor-version":[{"id":63430,"href":"https:\/\/lentraide.es\/es\/wp-json\/wp\/v2\/pages\/62376\/revisions\/63430"}],"wp:attachment":[{"href":"https:\/\/lentraide.es\/es\/wp-json\/wp\/v2\/media?parent=62376"}],"curies":[{"name":"wp","href":"https:\/\/api.w.org\/{rel}","templated":true}]}}