{"id":62385,"date":"2025-11-29T12:12:49","date_gmt":"2025-11-29T11:12:49","guid":{"rendered":"https:\/\/lentraide.es\/preparar-el-futuro-de-los-jovenes\/"},"modified":"2025-11-29T12:12:57","modified_gmt":"2025-11-29T11:12:57","slug":"preparar-el-futuro-de-los-jovenes","status":"publish","type":"page","link":"https:\/\/lentraide.es\/es\/preparar-el-futuro-de-los-jovenes\/","title":{"rendered":"Preparar el futuro de los jovenes"},"content":{"rendered":"<div class=\"wpb-content-wrapper\"><p>[vc_row css_animation=\u00bb\u00bb row_type=\u00bbrow\u00bb use_row_as_full_screen_section=\u00bbno\u00bb type=\u00bbgrid\u00bb angled_section=\u00bbno\u00bb text_align=\u00bbleft\u00bb background_image_as_pattern=\u00bbwithout_pattern\u00bb z_index=\u00bb\u00bb][vc_column width=\u00bb1\/6&#8243;][vc_empty_space height=\u00bb20px\u00bb][\/vc_column][vc_column width=\u00bb2\/3&#8243;][vc_empty_space height=\u00bb20px\u00bb][vc_column_text css=\u00bb\u00bb]<\/p>\n<h1 style=\"text-align: center;\"><span style=\"color: #00b7ff;\"><strong>PREPARAR EL FUTURO DE LOS JOVENES<\/strong><\/span><\/h1>\n<p>[\/vc_column_text][\/vc_column][vc_column width=\u00bb1\/6&#8243;][vc_empty_space height=\u00bb20px\u00bb][\/vc_column][\/vc_row][vc_row css_animation=\u00bb\u00bb row_type=\u00bbrow\u00bb use_row_as_full_screen_section=\u00bbno\u00bb type=\u00bbfull_width\u00bb angled_section=\u00bbno\u00bb text_align=\u00bbleft\u00bb background_image_as_pattern=\u00bbwithout_pattern\u00bb][vc_column][vc_empty_space]<div class=\"qode-workflow \">\n    <span class=\"main-line\" style=\"background-color:#878787;\"><\/span>\n    <div class=\"qode-workflow-item\">\n    <span class=\"line\" style=\"\"><\/span>\n    <div class=\"qode-workflow-item-inner reverse\">\n        <div class=\"qode-workflow-image right\">\n            <img loading=\"lazy\" decoding=\"async\" width=\"751\" height=\"720\" src=\"https:\/\/lentraide.es\/wp-content\/uploads\/2020\/05\/Camp-de-vacances.jpg\" class=\"attachment-full size-full\" alt=\"\" srcset=\"https:\/\/lentraide.es\/wp-content\/uploads\/2020\/05\/Camp-de-vacances.jpg 751w, https:\/\/lentraide.es\/wp-content\/uploads\/2020\/05\/Camp-de-vacances-300x288.jpg 300w, https:\/\/lentraide.es\/wp-content\/uploads\/2020\/05\/Camp-de-vacances-700x671.jpg 700w\" sizes=\"auto, (max-width: 751px) 100vw, 751px\" \/>        <\/div>\n        <div class=\"qode-workflow-text\">\n            <span class=\"circle\" style=\"border-color:#000000;\"><\/span>\n                            <h3>Invertir en el futuro<\/h3>\n                                                    <p class=\"text\">L&#039;Entraide ayuda a los j\u00f3venes adultos a integrarse en la sociedad mediante la formaci\u00f3n profesional en la profesi\u00f3n que elijan, organiza tutor\u00edas con sus voluntarios y todos los a\u00f1os ofrece colonias de vacaciones para los m\u00e1s peque\u00f1os, a los que siempre se ayuda respetando la cultura de su familia y con la participaci\u00f3n muy activa de sus padres.<\/p>\n                    <\/div>\n    <\/div>\n<\/div><div class=\"qode-workflow-item\">\n    <span class=\"line\" style=\"\"><\/span>\n    <div class=\"qode-workflow-item-inner \">\n        <div class=\"qode-workflow-image left\">\n            <img loading=\"lazy\" decoding=\"async\" width=\"715\" height=\"720\" src=\"https:\/\/lentraide.es\/wp-content\/uploads\/2020\/05\/Formation-professionnelle-1.jpg\" class=\"attachment-full size-full\" alt=\"\" srcset=\"https:\/\/lentraide.es\/wp-content\/uploads\/2020\/05\/Formation-professionnelle-1.jpg 715w, https:\/\/lentraide.es\/wp-content\/uploads\/2020\/05\/Formation-professionnelle-1-298x300.jpg 298w, https:\/\/lentraide.es\/wp-content\/uploads\/2020\/05\/Formation-professionnelle-1-150x150.jpg 150w, https:\/\/lentraide.es\/wp-content\/uploads\/2020\/05\/Formation-professionnelle-1-700x705.jpg 700w, https:\/\/lentraide.es\/wp-content\/uploads\/2020\/05\/Formation-professionnelle-1-300x302.jpg 300w, https:\/\/lentraide.es\/wp-content\/uploads\/2020\/05\/Formation-professionnelle-1-100x100.jpg 100w\" sizes=\"auto, (max-width: 715px) 100vw, 715px\" \/>        <\/div>\n        <div class=\"qode-workflow-text\">\n            <span class=\"circle\" style=\"border-color:#000000;\"><\/span>\n                            <h3>Orientaci\u00f3n y formaci\u00f3n profesional<\/h3>\n                                                    <p class=\"text\">A veces con fracaso escolar, los j\u00f3venes adultos de nuestras familias no pueden acceder a los cursos de formaci\u00f3n p\u00fablicos que exigen haber completado el ciclo de ense\u00f1anza secundaria (ESO). L&#039;Entraide trabaja con ellos para comprender y definir su orientaci\u00f3n profesional y buscar cursos privados alternativos o cursos ofrecidos por asociaciones de reinserci\u00f3n profesional. Paga los derechos de matr\u00edcula y apoya a los j\u00f3venes a lo largo de su formaci\u00f3n y b\u00fasqueda de empleo.<\/p>\n                    <\/div>\n    <\/div>\n<\/div><div class=\"qode-workflow-item\">\n    <span class=\"line\" style=\"\"><\/span>\n    <div class=\"qode-workflow-item-inner reverse\">\n        <div class=\"qode-workflow-image right\">\n            <img loading=\"lazy\" decoding=\"async\" width=\"1280\" height=\"1088\" src=\"https:\/\/lentraide.es\/wp-content\/uploads\/2020\/05\/Appui-scolaire.jpg\" class=\"attachment-full size-full\" alt=\"\" srcset=\"https:\/\/lentraide.es\/wp-content\/uploads\/2020\/05\/Appui-scolaire.jpg 1280w, https:\/\/lentraide.es\/wp-content\/uploads\/2020\/05\/Appui-scolaire-300x255.jpg 300w, https:\/\/lentraide.es\/wp-content\/uploads\/2020\/05\/Appui-scolaire-1024x870.jpg 1024w, https:\/\/lentraide.es\/wp-content\/uploads\/2020\/05\/Appui-scolaire-768x653.jpg 768w, https:\/\/lentraide.es\/wp-content\/uploads\/2020\/05\/Appui-scolaire-700x595.jpg 700w\" sizes=\"auto, (max-width: 1280px) 100vw, 1280px\" \/>        <\/div>\n        <div class=\"qode-workflow-text\">\n            <span class=\"circle\" style=\"border-color:#000000;\"><\/span>\n                            <h3>El apoyo escolar<\/h3>\n                                                    <p class=\"text\">Para evitar que los ni\u00f1os abandonen los estudios y se queden estancados, l&#039;Entraide ofrece clases particulares impartidas por voluntarios o profesionales de la educaci\u00f3n.<\/p>\n                    <\/div>\n    <\/div>\n<\/div><div class=\"qode-workflow-item\">\n    <span class=\"line\" style=\"\"><\/span>\n    <div class=\"qode-workflow-item-inner \">\n        <div class=\"qode-workflow-image left\">\n            <img loading=\"lazy\" decoding=\"async\" width=\"444\" height=\"444\" src=\"https:\/\/lentraide.es\/wp-content\/uploads\/2020\/05\/Camps-2.jpg\" class=\"attachment-full size-full\" alt=\"\" srcset=\"https:\/\/lentraide.es\/wp-content\/uploads\/2020\/05\/Camps-2.jpg 444w, https:\/\/lentraide.es\/wp-content\/uploads\/2020\/05\/Camps-2-300x300.jpg 300w, https:\/\/lentraide.es\/wp-content\/uploads\/2020\/05\/Camps-2-150x150.jpg 150w, https:\/\/lentraide.es\/wp-content\/uploads\/2020\/05\/Camps-2-100x100.jpg 100w\" sizes=\"auto, (max-width: 444px) 100vw, 444px\" \/>        <\/div>\n        <div class=\"qode-workflow-text\">\n            <span class=\"circle\" style=\"border-color:#000000;\"><\/span>\n                            <h3>Campamientos de vacaciones<\/h3>\n                                                    <p class=\"text\">Entraide organiza y financia colonias de vacaciones para ni\u00f1os desfavorecidos. Estas vacaciones son potentes palancas que les permiten integrarse mejor en las actividades escolares cuando vuelven al colegio.<\/p>\n                    <\/div>\n    <\/div>\n<\/div><\/div>[\/vc_column][\/vc_row][vc_row css_animation=\u00bb\u00bb row_type=\u00bbrow\u00bb use_row_as_full_screen_section=\u00bbno\u00bb type=\u00bbfull_width\u00bb angled_section=\u00bbno\u00bb text_align=\u00bbleft\u00bb background_image_as_pattern=\u00bbwithout_pattern\u00bb css=\u00bb.vc_custom_1764414597558{background-color: #1E73BE !important;}\u00bb z_index=\u00bb\u00bb][vc_column width=\u00bb1\/2&#8243;][vc_empty_space][vc_column_text css=\u00bb\u00bb]<\/p>\n<h1 style=\"text-align: right;\"><a href=\"https:\/\/lentraide.es\/es\/apoyarnos\/\"><span style=\"color: #ffffff;\"><strong>APOYA LAS ACCIONES DE L&#8217;ENTRAIDE &gt;<\/strong><\/span><\/a><\/h1>\n<p>[\/vc_column_text][vc_empty_space][\/vc_column][vc_column width=\u00bb1\/2&#8243;][vc_empty_space][vc_btn title=\u00bbUN PEQUE\u00d1O GESTO, UN GRAN IMPACTO\u00bb color=\u00bbwhite\u00bb size=\u00bblg\u00bb align=\u00bbleft\u00bb css=\u00bb\u00bb link=\u00bburl:https%3A%2F%2Flentraide.es%2Fes%2Fapoyarnos%2F|title:Apoyanos|target:_blank|\u00bb][vc_empty_space][\/vc_column][\/vc_row]<\/p>\n<\/div>","protected":false},"excerpt":{"rendered":"<p>[vc_row css_animation=\u00bb\u00bb row_type=\u00bbrow\u00bb use_row_as_full_screen_section=\u00bbno\u00bb type=\u00bbgrid\u00bb angled_section=\u00bbno\u00bb text_align=\u00bbleft\u00bb background_image_as_pattern=\u00bbwithout_pattern\u00bb z_index=\u00bb\u00bb][vc_column width=\u00bb1\/6&#8243;][vc_empty_space height=\u00bb20px\u00bb][\/vc_column][vc_column width=\u00bb2\/3&#8243;][vc_empty_space height=\u00bb20px\u00bb][vc_column_text css=\u00bb\u00bb] PREPARAR EL FUTURO DE LOS JOVENES [\/vc_column_text][\/vc_column][vc_column width=\u00bb1\/6&#8243;][vc_empty_space height=\u00bb20px\u00bb][\/vc_column][\/vc_row][vc_row css_animation=\u00bb\u00bb row_type=\u00bbrow\u00bb use_row_as_full_screen_section=\u00bbno\u00bb type=\u00bbfull_width\u00bb angled_section=\u00bbno\u00bb text_align=\u00bbleft\u00bb background_image_as_pattern=\u00bbwithout_pattern\u00bb][vc_column][vc_empty_space][\/vc_column][\/vc_row][vc_row&#8230;<\/p>\n","protected":false},"author":400,"featured_media":0,"parent":0,"menu_order":0,"comment_status":"closed","ping_status":"closed","template":"full_width.php","meta":{"_acf_changed":false,"footnotes":""},"class_list":["post-62385","page","type-page","status-publish","hentry"],"acf":[],"yoast_head":"<!-- This site is optimized with the Yoast SEO plugin v27.3 - https:\/\/yoast.com\/product\/yoast-seo-wordpress\/ -->\n<title>Preparar el futuro de los jovenes | Entraide Fran\u00e7aise<\/title>\n<meta name=\"description\" content=\"Preparar el futuro de los jovenes | Entraide Fran\u00e7aise |\" \/>\n<meta name=\"robots\" content=\"index, follow, max-snippet:-1, max-image-preview:large, max-video-preview:-1\" \/>\n<link rel=\"canonical\" href=\"https:\/\/lentraide.es\/es\/preparar-el-futuro-de-los-jovenes\/\" \/>\n<meta property=\"og:locale\" content=\"es_ES\" \/>\n<meta property=\"og:type\" content=\"article\" \/>\n<meta property=\"og:title\" content=\"Preparar el futuro de los jovenes | Entraide Fran\u00e7aise\" \/>\n<meta property=\"og:description\" content=\"Preparar el futuro de los jovenes | Entraide Fran\u00e7aise |\" \/>\n<meta property=\"og:url\" content=\"https:\/\/lentraide.es\/es\/preparar-el-futuro-de-los-jovenes\/\" \/>\n<meta property=\"og:site_name\" content=\"Entraide Fran\u00e7aise\" \/>\n<meta property=\"article:publisher\" content=\"https:\/\/www.facebook.com\/entraide.francaisemadrid\" \/>\n<meta property=\"article:modified_time\" content=\"2025-11-29T11:12:57+00:00\" \/>\n<meta name=\"twitter:card\" content=\"summary_large_image\" \/>\n<meta name=\"twitter:label1\" content=\"Tiempo de lectura\" \/>\n\t<meta name=\"twitter:data1\" content=\"3 minutos\" \/>\n<script type=\"application\/ld+json\" class=\"yoast-schema-graph\">{\"@context\":\"https:\\\/\\\/schema.org\",\"@graph\":[{\"@type\":\"WebPage\",\"@id\":\"https:\\\/\\\/lentraide.es\\\/es\\\/preparar-el-futuro-de-los-jovenes\\\/\",\"url\":\"https:\\\/\\\/lentraide.es\\\/es\\\/preparar-el-futuro-de-los-jovenes\\\/\",\"name\":\"Preparar el futuro de los jovenes | Entraide Fran\u00e7aise\",\"isPartOf\":{\"@id\":\"https:\\\/\\\/lentraide.es\\\/fr\\\/#website\"},\"datePublished\":\"2025-11-29T11:12:49+00:00\",\"dateModified\":\"2025-11-29T11:12:57+00:00\",\"description\":\"Preparar el futuro de los jovenes | Entraide Fran\u00e7aise |\",\"breadcrumb\":{\"@id\":\"https:\\\/\\\/lentraide.es\\\/es\\\/preparar-el-futuro-de-los-jovenes\\\/#breadcrumb\"},\"inLanguage\":\"es\",\"potentialAction\":[{\"@type\":\"ReadAction\",\"target\":[\"https:\\\/\\\/lentraide.es\\\/es\\\/preparar-el-futuro-de-los-jovenes\\\/\"]}]},{\"@type\":\"BreadcrumbList\",\"@id\":\"https:\\\/\\\/lentraide.es\\\/es\\\/preparar-el-futuro-de-los-jovenes\\\/#breadcrumb\",\"itemListElement\":[{\"@type\":\"ListItem\",\"position\":1,\"name\":\"Accueil\",\"item\":\"https:\\\/\\\/lentraide.es\\\/es\\\/\"},{\"@type\":\"ListItem\",\"position\":2,\"name\":\"Preparar el futuro de los jovenes\"}]},{\"@type\":\"WebSite\",\"@id\":\"https:\\\/\\\/lentraide.es\\\/fr\\\/#website\",\"url\":\"https:\\\/\\\/lentraide.es\\\/fr\\\/\",\"name\":\"Entraide Fran\u00e7aise\",\"description\":\"Une main tendue vers la France\",\"publisher\":{\"@id\":\"https:\\\/\\\/lentraide.es\\\/fr\\\/#organization\"},\"alternateName\":\"L'entraide\",\"potentialAction\":[{\"@type\":\"SearchAction\",\"target\":{\"@type\":\"EntryPoint\",\"urlTemplate\":\"https:\\\/\\\/lentraide.es\\\/fr\\\/?s={search_term_string}\"},\"query-input\":{\"@type\":\"PropertyValueSpecification\",\"valueRequired\":true,\"valueName\":\"search_term_string\"}}],\"inLanguage\":\"es\"},{\"@type\":\"Organization\",\"@id\":\"https:\\\/\\\/lentraide.es\\\/fr\\\/#organization\",\"name\":\"Entraide Fran\u00e7aise\",\"alternateName\":\"L'entraide\",\"url\":\"https:\\\/\\\/lentraide.es\\\/fr\\\/\",\"logo\":{\"@type\":\"ImageObject\",\"inLanguage\":\"es\",\"@id\":\"https:\\\/\\\/lentraide.es\\\/fr\\\/#\\\/schema\\\/logo\\\/image\\\/\",\"url\":\"https:\\\/\\\/lentraide.es\\\/wp-content\\\/uploads\\\/2015\\\/07\\\/LOGO-azul2.png\",\"contentUrl\":\"https:\\\/\\\/lentraide.es\\\/wp-content\\\/uploads\\\/2015\\\/07\\\/LOGO-azul2.png\",\"width\":232,\"height\":146,\"caption\":\"Entraide Fran\u00e7aise\"},\"image\":{\"@id\":\"https:\\\/\\\/lentraide.es\\\/fr\\\/#\\\/schema\\\/logo\\\/image\\\/\"},\"sameAs\":[\"https:\\\/\\\/www.facebook.com\\\/entraide.francaisemadrid\",\"https:\\\/\\\/www.instagram.com\\\/entraidefrancaisemadrid\\\/\"]}]}<\/script>\n<!-- \/ Yoast SEO plugin. -->","yoast_head_json":{"title":"Preparar el futuro de los jovenes | Entraide Fran\u00e7aise","description":"Preparar el futuro de los jovenes | Entraide Fran\u00e7aise |","robots":{"index":"index","follow":"follow","max-snippet":"max-snippet:-1","max-image-preview":"max-image-preview:large","max-video-preview":"max-video-preview:-1"},"canonical":"https:\/\/lentraide.es\/es\/preparar-el-futuro-de-los-jovenes\/","og_locale":"es_ES","og_type":"article","og_title":"Preparar el futuro de los jovenes | Entraide Fran\u00e7aise","og_description":"Preparar el futuro de los jovenes | Entraide Fran\u00e7aise |","og_url":"https:\/\/lentraide.es\/es\/preparar-el-futuro-de-los-jovenes\/","og_site_name":"Entraide Fran\u00e7aise","article_publisher":"https:\/\/www.facebook.com\/entraide.francaisemadrid","article_modified_time":"2025-11-29T11:12:57+00:00","twitter_card":"summary_large_image","twitter_misc":{"Tiempo de lectura":"3 minutos"},"schema":{"@context":"https:\/\/schema.org","@graph":[{"@type":"WebPage","@id":"https:\/\/lentraide.es\/es\/preparar-el-futuro-de-los-jovenes\/","url":"https:\/\/lentraide.es\/es\/preparar-el-futuro-de-los-jovenes\/","name":"Preparar el futuro de los jovenes | Entraide Fran\u00e7aise","isPartOf":{"@id":"https:\/\/lentraide.es\/fr\/#website"},"datePublished":"2025-11-29T11:12:49+00:00","dateModified":"2025-11-29T11:12:57+00:00","description":"Preparar el futuro de los jovenes | Entraide Fran\u00e7aise |","breadcrumb":{"@id":"https:\/\/lentraide.es\/es\/preparar-el-futuro-de-los-jovenes\/#breadcrumb"},"inLanguage":"es","potentialAction":[{"@type":"ReadAction","target":["https:\/\/lentraide.es\/es\/preparar-el-futuro-de-los-jovenes\/"]}]},{"@type":"BreadcrumbList","@id":"https:\/\/lentraide.es\/es\/preparar-el-futuro-de-los-jovenes\/#breadcrumb","itemListElement":[{"@type":"ListItem","position":1,"name":"Accueil","item":"https:\/\/lentraide.es\/es\/"},{"@type":"ListItem","position":2,"name":"Preparar el futuro de los jovenes"}]},{"@type":"WebSite","@id":"https:\/\/lentraide.es\/fr\/#website","url":"https:\/\/lentraide.es\/fr\/","name":"Entraide Fran\u00e7aise","description":"Une main tendue vers la France","publisher":{"@id":"https:\/\/lentraide.es\/fr\/#organization"},"alternateName":"L'entraide","potentialAction":[{"@type":"SearchAction","target":{"@type":"EntryPoint","urlTemplate":"https:\/\/lentraide.es\/fr\/?s={search_term_string}"},"query-input":{"@type":"PropertyValueSpecification","valueRequired":true,"valueName":"search_term_string"}}],"inLanguage":"es"},{"@type":"Organization","@id":"https:\/\/lentraide.es\/fr\/#organization","name":"Entraide Fran\u00e7aise","alternateName":"L'entraide","url":"https:\/\/lentraide.es\/fr\/","logo":{"@type":"ImageObject","inLanguage":"es","@id":"https:\/\/lentraide.es\/fr\/#\/schema\/logo\/image\/","url":"https:\/\/lentraide.es\/wp-content\/uploads\/2015\/07\/LOGO-azul2.png","contentUrl":"https:\/\/lentraide.es\/wp-content\/uploads\/2015\/07\/LOGO-azul2.png","width":232,"height":146,"caption":"Entraide Fran\u00e7aise"},"image":{"@id":"https:\/\/lentraide.es\/fr\/#\/schema\/logo\/image\/"},"sameAs":["https:\/\/www.facebook.com\/entraide.francaisemadrid","https:\/\/www.instagram.com\/entraidefrancaisemadrid\/"]}]}},"_links":{"self":[{"href":"https:\/\/lentraide.es\/es\/wp-json\/wp\/v2\/pages\/62385","targetHints":{"allow":["GET"]}}],"collection":[{"href":"https:\/\/lentraide.es\/es\/wp-json\/wp\/v2\/pages"}],"about":[{"href":"https:\/\/lentraide.es\/es\/wp-json\/wp\/v2\/types\/page"}],"author":[{"embeddable":true,"href":"https:\/\/lentraide.es\/es\/wp-json\/wp\/v2\/users\/400"}],"replies":[{"embeddable":true,"href":"https:\/\/lentraide.es\/es\/wp-json\/wp\/v2\/comments?post=62385"}],"version-history":[{"count":0,"href":"https:\/\/lentraide.es\/es\/wp-json\/wp\/v2\/pages\/62385\/revisions"}],"wp:attachment":[{"href":"https:\/\/lentraide.es\/es\/wp-json\/wp\/v2\/media?parent=62385"}],"curies":[{"name":"wp","href":"https:\/\/api.w.org\/{rel}","templated":true}]}}