{"id":62398,"date":"2025-11-29T12:27:26","date_gmt":"2025-11-29T11:27:26","guid":{"rendered":"https:\/\/lentraide.es\/acompanar-a-las-personas-mayores\/"},"modified":"2025-11-29T12:27:35","modified_gmt":"2025-11-29T11:27:35","slug":"acompanar-a-las-personas-mayores","status":"publish","type":"page","link":"https:\/\/lentraide.es\/es\/acompanar-a-las-personas-mayores\/","title":{"rendered":"Acompa\u00f1ar a las personas mayores"},"content":{"rendered":"<div class=\"wpb-content-wrapper\"><p>[vc_row css_animation=\u00bb\u00bb row_type=\u00bbrow\u00bb use_row_as_full_screen_section=\u00bbno\u00bb type=\u00bbgrid\u00bb angled_section=\u00bbno\u00bb text_align=\u00bbleft\u00bb background_image_as_pattern=\u00bbwithout_pattern\u00bb z_index=\u00bb\u00bb][vc_column width=\u00bb1\/6&#8243;][vc_empty_space height=\u00bb20px\u00bb][\/vc_column][vc_column width=\u00bb2\/3&#8243;][vc_empty_space height=\u00bb20px\u00bb][vc_column_text css=\u00bb\u00bb]<\/p>\n<h1 style=\"text-align: center;\"><span style=\"color: #00b7ff;\"><strong>ACOMPA\u00d1AR A LAS PERSONAS MAYORES<\/strong><\/span><\/h1>\n<p>[\/vc_column_text][\/vc_column][vc_column width=\u00bb1\/6&#8243;][vc_empty_space height=\u00bb20px\u00bb][\/vc_column][\/vc_row][vc_row css_animation=\u00bb\u00bb row_type=\u00bbrow\u00bb use_row_as_full_screen_section=\u00bbno\u00bb type=\u00bbfull_width\u00bb angled_section=\u00bbno\u00bb text_align=\u00bbleft\u00bb background_image_as_pattern=\u00bbwithout_pattern\u00bb][vc_column][vc_empty_space]<div class=\"qode-workflow \">\n    <span class=\"main-line\" style=\"background-color:#878787;\"><\/span>\n    <div class=\"qode-workflow-item\">\n    <span class=\"line\" style=\"\"><\/span>\n    <div class=\"qode-workflow-item-inner \">\n        <div class=\"qode-workflow-image left\">\n            <img loading=\"lazy\" decoding=\"async\" width=\"2560\" height=\"1920\" src=\"https:\/\/lentraide.es\/wp-content\/uploads\/2025\/11\/Coro-les-Artistes-Madrilenes-scaled.jpg\" class=\"attachment-full size-full\" alt=\"\" srcset=\"https:\/\/lentraide.es\/wp-content\/uploads\/2025\/11\/Coro-les-Artistes-Madrilenes-scaled.jpg 2560w, https:\/\/lentraide.es\/wp-content\/uploads\/2025\/11\/Coro-les-Artistes-Madrilenes-300x225.jpg 300w, https:\/\/lentraide.es\/wp-content\/uploads\/2025\/11\/Coro-les-Artistes-Madrilenes-1024x768.jpg 1024w, https:\/\/lentraide.es\/wp-content\/uploads\/2025\/11\/Coro-les-Artistes-Madrilenes-768x576.jpg 768w, https:\/\/lentraide.es\/wp-content\/uploads\/2025\/11\/Coro-les-Artistes-Madrilenes-1536x1152.jpg 1536w, https:\/\/lentraide.es\/wp-content\/uploads\/2025\/11\/Coro-les-Artistes-Madrilenes-2048x1536.jpg 2048w, https:\/\/lentraide.es\/wp-content\/uploads\/2025\/11\/Coro-les-Artistes-Madrilenes-800x600.jpg 800w, https:\/\/lentraide.es\/wp-content\/uploads\/2025\/11\/Coro-les-Artistes-Madrilenes-700x525.jpg 700w\" sizes=\"auto, (max-width: 2560px) 100vw, 2560px\" \/>        <\/div>\n        <div class=\"qode-workflow-text\">\n            <span class=\"circle\" style=\"border-color:#000000;\"><\/span>\n                            <h3>El Hogar San Luis de los Franceses: un lugar de vida y de convivencia en el coraz\u00f3n de Madrid<\/h3>\n                                                    <p class=\"text\">\u00bfSab\u00edas que en el coraz\u00f3n de Madrid existe un lugar lleno de vida donde nuestros mayores franco-espa\u00f1oles comparten cada d\u00eda momentos de amistad, cultura y solidaridad? El Hogar San Luis de los Franceses, situado en pleno centro, acoge desde hace varias d\u00e9cadas a personas mayores espa\u00f1olas y francesas en un ambiente familiar y acogedor.   Heredero del antiguo Hospital San Luis de los Franceses y creado por iniciativa de la comunidad francesa representada por nuestra asociaci\u00f3n, el Hogar siempre ha tenido como misi\u00f3n ofrecer un entorno c\u00e1lido, donde se habla franc\u00e9s y espa\u00f1ol, donde se canta, se r\u00ede y se comparte con sencillez.  Es un lugar donde se tejen lazos humanos valiosos, apoyados por un equipo atento y numerosos voluntarios.<\/p>\n                    <\/div>\n    <\/div>\n<\/div><div class=\"qode-workflow-item\">\n    <span class=\"line\" style=\"\"><\/span>\n    <div class=\"qode-workflow-item-inner reverse\">\n        <div class=\"qode-workflow-image right\">\n            <img loading=\"lazy\" decoding=\"async\" width=\"2560\" height=\"1920\" src=\"https:\/\/lentraide.es\/wp-content\/uploads\/2025\/11\/Opera-I-scaled.jpg\" class=\"attachment-full size-full\" alt=\"\" srcset=\"https:\/\/lentraide.es\/wp-content\/uploads\/2025\/11\/Opera-I-scaled.jpg 2560w, https:\/\/lentraide.es\/wp-content\/uploads\/2025\/11\/Opera-I-300x225.jpg 300w, https:\/\/lentraide.es\/wp-content\/uploads\/2025\/11\/Opera-I-1024x768.jpg 1024w, https:\/\/lentraide.es\/wp-content\/uploads\/2025\/11\/Opera-I-768x576.jpg 768w, https:\/\/lentraide.es\/wp-content\/uploads\/2025\/11\/Opera-I-1536x1152.jpg 1536w, https:\/\/lentraide.es\/wp-content\/uploads\/2025\/11\/Opera-I-2048x1536.jpg 2048w, https:\/\/lentraide.es\/wp-content\/uploads\/2025\/11\/Opera-I-800x600.jpg 800w, https:\/\/lentraide.es\/wp-content\/uploads\/2025\/11\/Opera-I-700x525.jpg 700w\" sizes=\"auto, (max-width: 2560px) 100vw, 2560px\" \/>        <\/div>\n        <div class=\"qode-workflow-text\">\n            <span class=\"circle\" style=\"border-color:#000000;\"><\/span>\n                            <h3>Un amplio abanico de actividades para todos<\/h3>\n                                                    <p class=\"text\">Hoy en d\u00eda, el Hogar ofrece una gran variedad de actividades: talleres de m\u00fasica y canto, actividades culturales, juegos, encuentros intergeneracionales o momentos de descanso alrededor de un caf\u00e9. Estos instantes compartidos aportan dinamismo y alegr\u00eda a la vida cotidiana de los residentes.   L&#039;Entraide Fran\u00e7aise se enorgullece de apoyar esta hermosa instituci\u00f3n<\/p>\n                    <\/div>\n    <\/div>\n<\/div><div class=\"qode-workflow-item\">\n    <span class=\"line\" style=\"\"><\/span>\n    <div class=\"qode-workflow-item-inner \">\n        <div class=\"qode-workflow-image left\">\n            <img loading=\"lazy\" decoding=\"async\" width=\"559\" height=\"314\" src=\"https:\/\/lentraide.es\/wp-content\/uploads\/2020\/05\/Vaincre-la-solitude.png.jpg\" class=\"attachment-full size-full\" alt=\"\" srcset=\"https:\/\/lentraide.es\/wp-content\/uploads\/2020\/05\/Vaincre-la-solitude.png.jpg 559w, https:\/\/lentraide.es\/wp-content\/uploads\/2020\/05\/Vaincre-la-solitude.png-300x169.jpg 300w, https:\/\/lentraide.es\/wp-content\/uploads\/2020\/05\/Vaincre-la-solitude.png-539x303.jpg 539w\" sizes=\"auto, (max-width: 559px) 100vw, 559px\" \/>        <\/div>\n        <div class=\"qode-workflow-text\">\n            <span class=\"circle\" style=\"border-color:#000000;\"><\/span>\n                            <h3>Superar la soledad<\/h3>\n                                                    <p class=\"text\">L&#039;Entraide ha creado el Club Sol, que re\u00fane una vez al mes a personas que tambi\u00e9n reciben ayuda econ\u00f3mica de L&#039;Entraide. Peri\u00f3dicamente se celebra un Cin\u00e9-Club, en el que se puede ver una pel\u00edcula en franc\u00e9s, hablar de ella y disfrutar de un momento de convivencia.<\/p>\n                    <\/div>\n    <\/div>\n<\/div><\/div>[\/vc_column][\/vc_row][vc_row css_animation=\u00bb\u00bb row_type=\u00bbrow\u00bb use_row_as_full_screen_section=\u00bbno\u00bb type=\u00bbfull_width\u00bb angled_section=\u00bbno\u00bb text_align=\u00bbleft\u00bb background_image_as_pattern=\u00bbwithout_pattern\u00bb css=\u00bb.vc_custom_1764415406957{background-color: #1E73BE !important;}\u00bb z_index=\u00bb\u00bb][vc_column width=\u00bb1\/2&#8243;][vc_empty_space][vc_column_text css=\u00bb\u00bb]<\/p>\n<h1 style=\"text-align: right;\"><a href=\"https:\/\/lentraide.es\/es\/apoyarnos\/\"><span style=\"color: #ffffff;\"><strong>APOYA LAS ACCIONES DE L&#8217;ENTRAIDE &gt;<\/strong><\/span><\/a><\/h1>\n<p>[\/vc_column_text][vc_empty_space][\/vc_column][vc_column width=\u00bb1\/2&#8243;][vc_empty_space][vc_btn title=\u00bbUN PEQUE\u00d1O GESTO, UN GRAN IMPACTO\u00bb color=\u00bbwhite\u00bb size=\u00bblg\u00bb align=\u00bbleft\u00bb css=\u00bb\u00bb link=\u00bburl:https%3A%2F%2Flentraide.es%2Fes%2Fapoyarnos%2F|title:Apoyanos|target:_blank|\u00bb][vc_empty_space][\/vc_column][\/vc_row]<\/p>\n<\/div>","protected":false},"excerpt":{"rendered":"<p>[vc_row css_animation=\u00bb\u00bb row_type=\u00bbrow\u00bb use_row_as_full_screen_section=\u00bbno\u00bb type=\u00bbgrid\u00bb angled_section=\u00bbno\u00bb text_align=\u00bbleft\u00bb background_image_as_pattern=\u00bbwithout_pattern\u00bb z_index=\u00bb\u00bb][vc_column width=\u00bb1\/6&#8243;][vc_empty_space height=\u00bb20px\u00bb][\/vc_column][vc_column width=\u00bb2\/3&#8243;][vc_empty_space height=\u00bb20px\u00bb][vc_column_text css=\u00bb\u00bb] ACOMPA\u00d1AR A LAS PERSONAS MAYORES [\/vc_column_text][\/vc_column][vc_column width=\u00bb1\/6&#8243;][vc_empty_space height=\u00bb20px\u00bb][\/vc_column][\/vc_row][vc_row css_animation=\u00bb\u00bb row_type=\u00bbrow\u00bb use_row_as_full_screen_section=\u00bbno\u00bb type=\u00bbfull_width\u00bb angled_section=\u00bbno\u00bb text_align=\u00bbleft\u00bb background_image_as_pattern=\u00bbwithout_pattern\u00bb][vc_column][vc_empty_space][\/vc_column][\/vc_row][vc_row css_animation=\u00bb\u00bb&#8230;<\/p>\n","protected":false},"author":400,"featured_media":0,"parent":0,"menu_order":0,"comment_status":"closed","ping_status":"closed","template":"full_width.php","meta":{"_acf_changed":false,"footnotes":""},"class_list":["post-62398","page","type-page","status-publish","hentry"],"acf":[],"yoast_head":"<!-- This site is optimized with the Yoast SEO plugin v27.3 - https:\/\/yoast.com\/product\/yoast-seo-wordpress\/ -->\n<title>Acompa\u00f1ar a las personas mayores | Entraide Fran\u00e7aise<\/title>\n<meta name=\"description\" content=\"Acompa\u00f1ar a las personas mayores | Entraide Fran\u00e7aise |\" \/>\n<meta name=\"robots\" content=\"index, follow, max-snippet:-1, max-image-preview:large, max-video-preview:-1\" \/>\n<link rel=\"canonical\" href=\"https:\/\/lentraide.es\/es\/acompanar-a-las-personas-mayores\/\" \/>\n<meta property=\"og:locale\" content=\"es_ES\" \/>\n<meta property=\"og:type\" content=\"article\" \/>\n<meta property=\"og:title\" content=\"Acompa\u00f1ar a las personas mayores | Entraide Fran\u00e7aise\" \/>\n<meta property=\"og:description\" content=\"Acompa\u00f1ar a las personas mayores | Entraide Fran\u00e7aise |\" \/>\n<meta property=\"og:url\" content=\"https:\/\/lentraide.es\/es\/acompanar-a-las-personas-mayores\/\" \/>\n<meta property=\"og:site_name\" content=\"Entraide Fran\u00e7aise\" \/>\n<meta property=\"article:publisher\" content=\"https:\/\/www.facebook.com\/entraide.francaisemadrid\" \/>\n<meta property=\"article:modified_time\" content=\"2025-11-29T11:27:35+00:00\" \/>\n<meta name=\"twitter:card\" content=\"summary_large_image\" \/>\n<meta name=\"twitter:label1\" content=\"Tiempo de lectura\" \/>\n\t<meta name=\"twitter:data1\" content=\"3 minutos\" \/>\n<script type=\"application\/ld+json\" class=\"yoast-schema-graph\">{\"@context\":\"https:\\\/\\\/schema.org\",\"@graph\":[{\"@type\":\"WebPage\",\"@id\":\"https:\\\/\\\/lentraide.es\\\/es\\\/acompanar-a-las-personas-mayores\\\/\",\"url\":\"https:\\\/\\\/lentraide.es\\\/es\\\/acompanar-a-las-personas-mayores\\\/\",\"name\":\"Acompa\u00f1ar a las personas mayores | Entraide Fran\u00e7aise\",\"isPartOf\":{\"@id\":\"https:\\\/\\\/lentraide.es\\\/fr\\\/#website\"},\"datePublished\":\"2025-11-29T11:27:26+00:00\",\"dateModified\":\"2025-11-29T11:27:35+00:00\",\"description\":\"Acompa\u00f1ar a las personas mayores | Entraide Fran\u00e7aise |\",\"breadcrumb\":{\"@id\":\"https:\\\/\\\/lentraide.es\\\/es\\\/acompanar-a-las-personas-mayores\\\/#breadcrumb\"},\"inLanguage\":\"es\",\"potentialAction\":[{\"@type\":\"ReadAction\",\"target\":[\"https:\\\/\\\/lentraide.es\\\/es\\\/acompanar-a-las-personas-mayores\\\/\"]}]},{\"@type\":\"BreadcrumbList\",\"@id\":\"https:\\\/\\\/lentraide.es\\\/es\\\/acompanar-a-las-personas-mayores\\\/#breadcrumb\",\"itemListElement\":[{\"@type\":\"ListItem\",\"position\":1,\"name\":\"Accueil\",\"item\":\"https:\\\/\\\/lentraide.es\\\/es\\\/\"},{\"@type\":\"ListItem\",\"position\":2,\"name\":\"Acompa\u00f1ar a las personas mayores\"}]},{\"@type\":\"WebSite\",\"@id\":\"https:\\\/\\\/lentraide.es\\\/fr\\\/#website\",\"url\":\"https:\\\/\\\/lentraide.es\\\/fr\\\/\",\"name\":\"Entraide Fran\u00e7aise\",\"description\":\"Une main tendue vers la France\",\"publisher\":{\"@id\":\"https:\\\/\\\/lentraide.es\\\/fr\\\/#organization\"},\"alternateName\":\"L'entraide\",\"potentialAction\":[{\"@type\":\"SearchAction\",\"target\":{\"@type\":\"EntryPoint\",\"urlTemplate\":\"https:\\\/\\\/lentraide.es\\\/fr\\\/?s={search_term_string}\"},\"query-input\":{\"@type\":\"PropertyValueSpecification\",\"valueRequired\":true,\"valueName\":\"search_term_string\"}}],\"inLanguage\":\"es\"},{\"@type\":\"Organization\",\"@id\":\"https:\\\/\\\/lentraide.es\\\/fr\\\/#organization\",\"name\":\"Entraide Fran\u00e7aise\",\"alternateName\":\"L'entraide\",\"url\":\"https:\\\/\\\/lentraide.es\\\/fr\\\/\",\"logo\":{\"@type\":\"ImageObject\",\"inLanguage\":\"es\",\"@id\":\"https:\\\/\\\/lentraide.es\\\/fr\\\/#\\\/schema\\\/logo\\\/image\\\/\",\"url\":\"https:\\\/\\\/lentraide.es\\\/wp-content\\\/uploads\\\/2015\\\/07\\\/LOGO-azul2.png\",\"contentUrl\":\"https:\\\/\\\/lentraide.es\\\/wp-content\\\/uploads\\\/2015\\\/07\\\/LOGO-azul2.png\",\"width\":232,\"height\":146,\"caption\":\"Entraide Fran\u00e7aise\"},\"image\":{\"@id\":\"https:\\\/\\\/lentraide.es\\\/fr\\\/#\\\/schema\\\/logo\\\/image\\\/\"},\"sameAs\":[\"https:\\\/\\\/www.facebook.com\\\/entraide.francaisemadrid\",\"https:\\\/\\\/www.instagram.com\\\/entraidefrancaisemadrid\\\/\"]}]}<\/script>\n<!-- \/ Yoast SEO plugin. -->","yoast_head_json":{"title":"Acompa\u00f1ar a las personas mayores | Entraide Fran\u00e7aise","description":"Acompa\u00f1ar a las personas mayores | Entraide Fran\u00e7aise |","robots":{"index":"index","follow":"follow","max-snippet":"max-snippet:-1","max-image-preview":"max-image-preview:large","max-video-preview":"max-video-preview:-1"},"canonical":"https:\/\/lentraide.es\/es\/acompanar-a-las-personas-mayores\/","og_locale":"es_ES","og_type":"article","og_title":"Acompa\u00f1ar a las personas mayores | Entraide Fran\u00e7aise","og_description":"Acompa\u00f1ar a las personas mayores | Entraide Fran\u00e7aise |","og_url":"https:\/\/lentraide.es\/es\/acompanar-a-las-personas-mayores\/","og_site_name":"Entraide Fran\u00e7aise","article_publisher":"https:\/\/www.facebook.com\/entraide.francaisemadrid","article_modified_time":"2025-11-29T11:27:35+00:00","twitter_card":"summary_large_image","twitter_misc":{"Tiempo de lectura":"3 minutos"},"schema":{"@context":"https:\/\/schema.org","@graph":[{"@type":"WebPage","@id":"https:\/\/lentraide.es\/es\/acompanar-a-las-personas-mayores\/","url":"https:\/\/lentraide.es\/es\/acompanar-a-las-personas-mayores\/","name":"Acompa\u00f1ar a las personas mayores | Entraide Fran\u00e7aise","isPartOf":{"@id":"https:\/\/lentraide.es\/fr\/#website"},"datePublished":"2025-11-29T11:27:26+00:00","dateModified":"2025-11-29T11:27:35+00:00","description":"Acompa\u00f1ar a las personas mayores | Entraide Fran\u00e7aise |","breadcrumb":{"@id":"https:\/\/lentraide.es\/es\/acompanar-a-las-personas-mayores\/#breadcrumb"},"inLanguage":"es","potentialAction":[{"@type":"ReadAction","target":["https:\/\/lentraide.es\/es\/acompanar-a-las-personas-mayores\/"]}]},{"@type":"BreadcrumbList","@id":"https:\/\/lentraide.es\/es\/acompanar-a-las-personas-mayores\/#breadcrumb","itemListElement":[{"@type":"ListItem","position":1,"name":"Accueil","item":"https:\/\/lentraide.es\/es\/"},{"@type":"ListItem","position":2,"name":"Acompa\u00f1ar a las personas mayores"}]},{"@type":"WebSite","@id":"https:\/\/lentraide.es\/fr\/#website","url":"https:\/\/lentraide.es\/fr\/","name":"Entraide Fran\u00e7aise","description":"Une main tendue vers la France","publisher":{"@id":"https:\/\/lentraide.es\/fr\/#organization"},"alternateName":"L'entraide","potentialAction":[{"@type":"SearchAction","target":{"@type":"EntryPoint","urlTemplate":"https:\/\/lentraide.es\/fr\/?s={search_term_string}"},"query-input":{"@type":"PropertyValueSpecification","valueRequired":true,"valueName":"search_term_string"}}],"inLanguage":"es"},{"@type":"Organization","@id":"https:\/\/lentraide.es\/fr\/#organization","name":"Entraide Fran\u00e7aise","alternateName":"L'entraide","url":"https:\/\/lentraide.es\/fr\/","logo":{"@type":"ImageObject","inLanguage":"es","@id":"https:\/\/lentraide.es\/fr\/#\/schema\/logo\/image\/","url":"https:\/\/lentraide.es\/wp-content\/uploads\/2015\/07\/LOGO-azul2.png","contentUrl":"https:\/\/lentraide.es\/wp-content\/uploads\/2015\/07\/LOGO-azul2.png","width":232,"height":146,"caption":"Entraide Fran\u00e7aise"},"image":{"@id":"https:\/\/lentraide.es\/fr\/#\/schema\/logo\/image\/"},"sameAs":["https:\/\/www.facebook.com\/entraide.francaisemadrid","https:\/\/www.instagram.com\/entraidefrancaisemadrid\/"]}]}},"_links":{"self":[{"href":"https:\/\/lentraide.es\/es\/wp-json\/wp\/v2\/pages\/62398","targetHints":{"allow":["GET"]}}],"collection":[{"href":"https:\/\/lentraide.es\/es\/wp-json\/wp\/v2\/pages"}],"about":[{"href":"https:\/\/lentraide.es\/es\/wp-json\/wp\/v2\/types\/page"}],"author":[{"embeddable":true,"href":"https:\/\/lentraide.es\/es\/wp-json\/wp\/v2\/users\/400"}],"replies":[{"embeddable":true,"href":"https:\/\/lentraide.es\/es\/wp-json\/wp\/v2\/comments?post=62398"}],"version-history":[{"count":0,"href":"https:\/\/lentraide.es\/es\/wp-json\/wp\/v2\/pages\/62398\/revisions"}],"wp:attachment":[{"href":"https:\/\/lentraide.es\/es\/wp-json\/wp\/v2\/media?parent=62398"}],"curies":[{"name":"wp","href":"https:\/\/api.w.org\/{rel}","templated":true}]}}