{"id":62607,"date":"2026-01-17T15:58:28","date_gmt":"2026-01-17T14:58:28","guid":{"rendered":"https:\/\/lentraide.es\/memorias-anuales\/"},"modified":"2026-01-17T16:15:27","modified_gmt":"2026-01-17T15:15:27","slug":"memorias-anuales","status":"publish","type":"page","link":"https:\/\/lentraide.es\/es\/memorias-anuales\/","title":{"rendered":"Memorias Anuales"},"content":{"rendered":"<div class=\"wpb-content-wrapper\"><p>[vc_row css_animation=\u00bb\u00bb row_type=\u00bbrow\u00bb use_row_as_full_screen_section=\u00bbno\u00bb type=\u00bbfull_width\u00bb angled_section=\u00bbno\u00bb text_align=\u00bbleft\u00bb background_image_as_pattern=\u00bbwithout_pattern\u00bb][vc_column][vc_empty_space][vc_column_text css=\u00bb\u00bb]<\/p>\n<h1 style=\"text-align: center;\">Memorias Anuales<\/h1>\n<p>[\/vc_column_text][\/vc_column][\/vc_row][vc_row css_animation=\u00bb\u00bb row_type=\u00bbrow\u00bb use_row_as_full_screen_section=\u00bbno\u00bb type=\u00bbfull_width\u00bb angled_section=\u00bbno\u00bb text_align=\u00bbleft\u00bb background_image_as_pattern=\u00bbwithout_pattern\u00bb z_index=\u00bb\u00bb][vc_column el_id=\u00bbTab\u00bb]<div class=\"qode-advanced-tabs qode-advanced-tabs qode-advanced-horizontal-tab clearfix qode-advanced-tab-without-icon qode-advanced-tabs-column-0 clearfix\">\n\t<ul class=\"qode-advanced-tabs-nav\">\n\t\t\t<\/ul>\n\t<div class=\"qode-advanced-tab-container\" id=\"tab-tab-652\" data-icon-pack=\"\" data-icon-html=\"\">[vc_row_inner row_type=\u00bbrow\u00bb type=\u00bbgrid\u00bb text_align=\u00bbcenter\u00bb css_animation=\u00bb\u00bb][vc_column_inner width=\u00bb1\/2&#8243;]<a  itemprop=\"url\" href=\"https:\/\/lentraide.es\/wp-content\/uploads\/2025\/07\/ENTRAIDE-RAPPORT-ANNUEL-2024-20-pages-FRANCAIS-WEB.pdf\" target=\"_self\"  class=\"qbutton  center default\" style=\"\">Memoria Anual 2024 - franc\u00e9s<\/a>[\/vc_column_inner][vc_column_inner width=\u00bb1\/2&#8243;]<a  itemprop=\"url\" href=\"https:\/\/lentraide.es\/wp-content\/uploads\/2025\/07\/ENTRAIDE-RAPPORT-ANNUEL-2024-20-pages-ESPANOL-WEB.pdf\" target=\"_self\"  class=\"qbutton  center default\" style=\"\">Memoria Anual 2024 - castellano<\/a>[\/vc_column_inner][\/vc_row_inner]<div class=\"qode-workflow \">\n    <span class=\"main-line\" style=\"background-color:#878787;\"><\/span>\n    <div class=\"qode-workflow-item\">\n    <span class=\"line\" style=\"\"><\/span>\n    <div class=\"qode-workflow-item-inner reverse\">\n        <div class=\"qode-workflow-image left\">\n            <img loading=\"lazy\" decoding=\"async\" width=\"2560\" height=\"2363\" src=\"https:\/\/lentraide.es\/wp-content\/uploads\/2020\/05\/Diner-de-gala-2-1-scaled.jpg\" class=\"attachment-full size-full\" alt=\"\" srcset=\"https:\/\/lentraide.es\/wp-content\/uploads\/2020\/05\/Diner-de-gala-2-1-scaled.jpg 2560w, https:\/\/lentraide.es\/wp-content\/uploads\/2020\/05\/Diner-de-gala-2-1-300x277.jpg 300w, https:\/\/lentraide.es\/wp-content\/uploads\/2020\/05\/Diner-de-gala-2-1-1024x945.jpg 1024w, https:\/\/lentraide.es\/wp-content\/uploads\/2020\/05\/Diner-de-gala-2-1-768x709.jpg 768w, https:\/\/lentraide.es\/wp-content\/uploads\/2020\/05\/Diner-de-gala-2-1-1536x1418.jpg 1536w, https:\/\/lentraide.es\/wp-content\/uploads\/2020\/05\/Diner-de-gala-2-1-2048x1890.jpg 2048w, https:\/\/lentraide.es\/wp-content\/uploads\/2020\/05\/Diner-de-gala-2-1-700x646.jpg 700w\" sizes=\"auto, (max-width: 2560px) 100vw, 2560px\" \/>        <\/div>\n        <div class=\"qode-workflow-text\">\n            <span class=\"circle\" style=\"\"><\/span>\n                            <h3>Memorias Anuales<\/h3>\n                                                    <p class=\"text\">Cada a\u00f1o, L&#039;Entraide organiza una serie de eventos que, gracias a la colectividad francesa y a los amigos espa\u00f1oles en Francia, recaudan casi la mitad de los fondos necesarios para su acci\u00f3n social, reuniendo a profesionales y particulares en torno a una actividad social, deportiva o cultural. A lo largo del a\u00f1o, organizamos veladas teatrales, un torneo de bridge, un torneo de golf, una cena de gala y una venta solidaria de Navidad<\/p>\n                    <\/div>\n    <\/div>\n<\/div><\/div>[vc_row_inner row_type=\u00bbrow\u00bb type=\u00bbfull_width\u00bb text_align=\u00bbleft\u00bb css_animation=\u00bb\u00bb][vc_column_inner][vc_empty_space height=\u00bb30&#8243;][\/vc_column_inner][\/vc_row_inner][vc_row_inner row_type=\u00bbrow\u00bb type=\u00bbgrid\u00bb text_align=\u00bbcenter\u00bb css_animation=\u00bb\u00bb css=\u00bb.vc_custom_1708060621122{background-color: #f5f5f5 !important;border-radius: 30px !important;}\u00bb][vc_column_inner width=\u00bb1\/2&#8243;][vc_empty_space height=\u00bb30&#8243;]<span data-type=\"normal\"  class=\"qode_icon_shortcode  q_font_awsome_icon fa-5x pull-center \" style=\" \"><i class=\"qode_icon_font_awesome fa fa-book qode_icon_element\" style=\"color: #9e9e9e;\" ><\/i><\/span>[vc_empty_space height=\u00bb30&#8243;][\/vc_column_inner][vc_column_inner width=\u00bb1\/2&#8243;][vc_empty_space height=\u00bb30&#8243;][vc_column_text css=\u00bb\u00bb]<\/p>\n<h4 style=\"text-align: center;\"><a href=\"https:\/\/lentraide.es\/wp-content\/uploads\/2024\/04\/Rapport-Annuel-2023-comprimido.pdf\">Rapport Annuel 2023<\/a><\/h4>\n<p><\/p>\n<h4 style=\"text-align: center;\"><a href=\"https:\/\/lentraide.es\/wp-content\/uploads\/2024\/04\/Memoria-2023-comprimido.pdf\">Memoria anual 2023<\/a><\/h4>\n<p>[\/vc_column_text][vc_column_text]<\/p>\n<h4 style=\"text-align: center;\"><a href=\"https:\/\/lentraide.es\/wp-content\/uploads\/2023\/04\/Rapport-annuel-2022-FR-comprimido-1.pdf\">Rapport Annuel 2022<\/a><\/h4>\n<p><\/p>\n<h4 style=\"text-align: center;\"><a href=\"https:\/\/lentraide.es\/wp-content\/uploads\/2020\/05\/Memoria-2019-ES-V3-comprimido-2.pdf\">Memoria anual 2022<\/a><\/h4>\n<p>[\/vc_column_text][vc_column_text]<\/p>\n<h4 style=\"text-align: center;\"><a href=\"https:\/\/lentraide.es\/wp-content\/uploads\/2022\/04\/Rapport-annuel-2021-FR-comprime.pdf\">Rapport Annuel 2021<\/a><\/h4>\n<p><\/p>\n<h4 style=\"text-align: center;\"><a href=\"https:\/\/lentraide.es\/wp-content\/uploads\/2022\/04\/Memoria-2021-ES-F-blanco-comprimido.pdf\">Memoria anual 2021<\/a><\/h4>\n<p>[\/vc_column_text][vc_empty_space height=\u00bb30&#8243;][\/vc_column_inner][\/vc_row_inner]<\/div><\/div>[\/vc_column][\/vc_row][vc_row css_animation=\u00bb\u00bb row_type=\u00bbrow\u00bb use_row_as_full_screen_section=\u00bbno\u00bb type=\u00bbfull_width\u00bb angled_section=\u00bbno\u00bb text_align=\u00bbleft\u00bb background_image_as_pattern=\u00bbwithout_pattern\u00bb][vc_column]<\/p>\n<div class=\"qode-advanced-tabs qode-advanced-tabs qode-advanced-horizontal-tab clearfix qode-advanced-tab-without-icon qode-advanced-tabs-column-0 clearfix\">\n\t<ul class=\"qode-advanced-tabs-nav\">\n\t\t\t<\/ul>\n\t<\/div>\n<p>[\/vc_column][\/vc_row]<\/p>\n<\/div>","protected":false},"excerpt":{"rendered":"<p>[vc_row css_animation=\u00bb\u00bb row_type=\u00bbrow\u00bb use_row_as_full_screen_section=\u00bbno\u00bb type=\u00bbfull_width\u00bb angled_section=\u00bbno\u00bb text_align=\u00bbleft\u00bb background_image_as_pattern=\u00bbwithout_pattern\u00bb][vc_column][vc_empty_space][vc_column_text css=\u00bb\u00bb] Memorias Anuales [\/vc_column_text][\/vc_column][\/vc_row][vc_row css_animation=\u00bb\u00bb row_type=\u00bbrow\u00bb use_row_as_full_screen_section=\u00bbno\u00bb type=\u00bbfull_width\u00bb angled_section=\u00bbno\u00bb text_align=\u00bbleft\u00bb background_image_as_pattern=\u00bbwithout_pattern\u00bb z_index=\u00bb\u00bb][vc_column el_id=\u00bbTab\u00bb][\/vc_column][\/vc_row][vc_row css_animation=\u00bb\u00bb row_type=\u00bbrow\u00bb use_row_as_full_screen_section=\u00bbno\u00bb type=\u00bbfull_width\u00bb angled_section=\u00bbno\u00bb text_align=\u00bbleft\u00bb background_image_as_pattern=\u00bbwithout_pattern\u00bb][vc_column] [\/vc_column][\/vc_row]<\/p>\n","protected":false},"author":400,"featured_media":0,"parent":0,"menu_order":0,"comment_status":"closed","ping_status":"closed","template":"full_width.php","meta":{"_acf_changed":false,"footnotes":""},"class_list":["post-62607","page","type-page","status-publish","hentry"],"acf":[],"yoast_head":"<!-- This site is optimized with the Yoast SEO plugin v27.3 - https:\/\/yoast.com\/product\/yoast-seo-wordpress\/ -->\n<title>Memorias Anuales | Entraide Fran\u00e7aise<\/title>\n<meta name=\"description\" content=\"Memorias Anuales | Entraide Fran\u00e7aise |\" \/>\n<meta name=\"robots\" content=\"index, follow, max-snippet:-1, max-image-preview:large, max-video-preview:-1\" \/>\n<link rel=\"canonical\" href=\"https:\/\/lentraide.es\/es\/memorias-anuales\/\" \/>\n<meta property=\"og:locale\" content=\"es_ES\" \/>\n<meta property=\"og:type\" content=\"article\" \/>\n<meta property=\"og:title\" content=\"Memorias Anuales | Entraide Fran\u00e7aise\" \/>\n<meta property=\"og:description\" content=\"Memorias Anuales | Entraide Fran\u00e7aise |\" \/>\n<meta property=\"og:url\" content=\"https:\/\/lentraide.es\/es\/memorias-anuales\/\" \/>\n<meta property=\"og:site_name\" content=\"Entraide Fran\u00e7aise\" \/>\n<meta property=\"article:publisher\" content=\"https:\/\/www.facebook.com\/entraide.francaisemadrid\" \/>\n<meta property=\"article:modified_time\" content=\"2026-01-17T15:15:27+00:00\" \/>\n<meta name=\"twitter:card\" content=\"summary_large_image\" \/>\n<meta name=\"twitter:label1\" content=\"Tiempo de lectura\" \/>\n\t<meta name=\"twitter:data1\" content=\"2 minutos\" \/>\n<script type=\"application\/ld+json\" class=\"yoast-schema-graph\">{\"@context\":\"https:\\\/\\\/schema.org\",\"@graph\":[{\"@type\":\"WebPage\",\"@id\":\"https:\\\/\\\/lentraide.es\\\/es\\\/memorias-anuales\\\/\",\"url\":\"https:\\\/\\\/lentraide.es\\\/es\\\/memorias-anuales\\\/\",\"name\":\"Memorias Anuales | Entraide Fran\u00e7aise\",\"isPartOf\":{\"@id\":\"https:\\\/\\\/lentraide.es\\\/fr\\\/#website\"},\"datePublished\":\"2026-01-17T14:58:28+00:00\",\"dateModified\":\"2026-01-17T15:15:27+00:00\",\"description\":\"Memorias Anuales | Entraide Fran\u00e7aise |\",\"breadcrumb\":{\"@id\":\"https:\\\/\\\/lentraide.es\\\/es\\\/memorias-anuales\\\/#breadcrumb\"},\"inLanguage\":\"es\",\"potentialAction\":[{\"@type\":\"ReadAction\",\"target\":[\"https:\\\/\\\/lentraide.es\\\/es\\\/memorias-anuales\\\/\"]}]},{\"@type\":\"BreadcrumbList\",\"@id\":\"https:\\\/\\\/lentraide.es\\\/es\\\/memorias-anuales\\\/#breadcrumb\",\"itemListElement\":[{\"@type\":\"ListItem\",\"position\":1,\"name\":\"Accueil\",\"item\":\"https:\\\/\\\/lentraide.es\\\/es\\\/\"},{\"@type\":\"ListItem\",\"position\":2,\"name\":\"Memorias Anuales\"}]},{\"@type\":\"WebSite\",\"@id\":\"https:\\\/\\\/lentraide.es\\\/fr\\\/#website\",\"url\":\"https:\\\/\\\/lentraide.es\\\/fr\\\/\",\"name\":\"Entraide Fran\u00e7aise\",\"description\":\"Une main tendue vers la France\",\"publisher\":{\"@id\":\"https:\\\/\\\/lentraide.es\\\/fr\\\/#organization\"},\"alternateName\":\"L'entraide\",\"potentialAction\":[{\"@type\":\"SearchAction\",\"target\":{\"@type\":\"EntryPoint\",\"urlTemplate\":\"https:\\\/\\\/lentraide.es\\\/fr\\\/?s={search_term_string}\"},\"query-input\":{\"@type\":\"PropertyValueSpecification\",\"valueRequired\":true,\"valueName\":\"search_term_string\"}}],\"inLanguage\":\"es\"},{\"@type\":\"Organization\",\"@id\":\"https:\\\/\\\/lentraide.es\\\/fr\\\/#organization\",\"name\":\"Entraide Fran\u00e7aise\",\"alternateName\":\"L'entraide\",\"url\":\"https:\\\/\\\/lentraide.es\\\/fr\\\/\",\"logo\":{\"@type\":\"ImageObject\",\"inLanguage\":\"es\",\"@id\":\"https:\\\/\\\/lentraide.es\\\/fr\\\/#\\\/schema\\\/logo\\\/image\\\/\",\"url\":\"https:\\\/\\\/lentraide.es\\\/wp-content\\\/uploads\\\/2015\\\/07\\\/LOGO-azul2.png\",\"contentUrl\":\"https:\\\/\\\/lentraide.es\\\/wp-content\\\/uploads\\\/2015\\\/07\\\/LOGO-azul2.png\",\"width\":232,\"height\":146,\"caption\":\"Entraide Fran\u00e7aise\"},\"image\":{\"@id\":\"https:\\\/\\\/lentraide.es\\\/fr\\\/#\\\/schema\\\/logo\\\/image\\\/\"},\"sameAs\":[\"https:\\\/\\\/www.facebook.com\\\/entraide.francaisemadrid\",\"https:\\\/\\\/www.instagram.com\\\/entraidefrancaisemadrid\\\/\"]}]}<\/script>\n<!-- \/ Yoast SEO plugin. -->","yoast_head_json":{"title":"Memorias Anuales | Entraide Fran\u00e7aise","description":"Memorias Anuales | Entraide Fran\u00e7aise |","robots":{"index":"index","follow":"follow","max-snippet":"max-snippet:-1","max-image-preview":"max-image-preview:large","max-video-preview":"max-video-preview:-1"},"canonical":"https:\/\/lentraide.es\/es\/memorias-anuales\/","og_locale":"es_ES","og_type":"article","og_title":"Memorias Anuales | Entraide Fran\u00e7aise","og_description":"Memorias Anuales | Entraide Fran\u00e7aise |","og_url":"https:\/\/lentraide.es\/es\/memorias-anuales\/","og_site_name":"Entraide Fran\u00e7aise","article_publisher":"https:\/\/www.facebook.com\/entraide.francaisemadrid","article_modified_time":"2026-01-17T15:15:27+00:00","twitter_card":"summary_large_image","twitter_misc":{"Tiempo de lectura":"2 minutos"},"schema":{"@context":"https:\/\/schema.org","@graph":[{"@type":"WebPage","@id":"https:\/\/lentraide.es\/es\/memorias-anuales\/","url":"https:\/\/lentraide.es\/es\/memorias-anuales\/","name":"Memorias Anuales | Entraide Fran\u00e7aise","isPartOf":{"@id":"https:\/\/lentraide.es\/fr\/#website"},"datePublished":"2026-01-17T14:58:28+00:00","dateModified":"2026-01-17T15:15:27+00:00","description":"Memorias Anuales | Entraide Fran\u00e7aise |","breadcrumb":{"@id":"https:\/\/lentraide.es\/es\/memorias-anuales\/#breadcrumb"},"inLanguage":"es","potentialAction":[{"@type":"ReadAction","target":["https:\/\/lentraide.es\/es\/memorias-anuales\/"]}]},{"@type":"BreadcrumbList","@id":"https:\/\/lentraide.es\/es\/memorias-anuales\/#breadcrumb","itemListElement":[{"@type":"ListItem","position":1,"name":"Accueil","item":"https:\/\/lentraide.es\/es\/"},{"@type":"ListItem","position":2,"name":"Memorias Anuales"}]},{"@type":"WebSite","@id":"https:\/\/lentraide.es\/fr\/#website","url":"https:\/\/lentraide.es\/fr\/","name":"Entraide Fran\u00e7aise","description":"Une main tendue vers la France","publisher":{"@id":"https:\/\/lentraide.es\/fr\/#organization"},"alternateName":"L'entraide","potentialAction":[{"@type":"SearchAction","target":{"@type":"EntryPoint","urlTemplate":"https:\/\/lentraide.es\/fr\/?s={search_term_string}"},"query-input":{"@type":"PropertyValueSpecification","valueRequired":true,"valueName":"search_term_string"}}],"inLanguage":"es"},{"@type":"Organization","@id":"https:\/\/lentraide.es\/fr\/#organization","name":"Entraide Fran\u00e7aise","alternateName":"L'entraide","url":"https:\/\/lentraide.es\/fr\/","logo":{"@type":"ImageObject","inLanguage":"es","@id":"https:\/\/lentraide.es\/fr\/#\/schema\/logo\/image\/","url":"https:\/\/lentraide.es\/wp-content\/uploads\/2015\/07\/LOGO-azul2.png","contentUrl":"https:\/\/lentraide.es\/wp-content\/uploads\/2015\/07\/LOGO-azul2.png","width":232,"height":146,"caption":"Entraide Fran\u00e7aise"},"image":{"@id":"https:\/\/lentraide.es\/fr\/#\/schema\/logo\/image\/"},"sameAs":["https:\/\/www.facebook.com\/entraide.francaisemadrid","https:\/\/www.instagram.com\/entraidefrancaisemadrid\/"]}]}},"_links":{"self":[{"href":"https:\/\/lentraide.es\/es\/wp-json\/wp\/v2\/pages\/62607","targetHints":{"allow":["GET"]}}],"collection":[{"href":"https:\/\/lentraide.es\/es\/wp-json\/wp\/v2\/pages"}],"about":[{"href":"https:\/\/lentraide.es\/es\/wp-json\/wp\/v2\/types\/page"}],"author":[{"embeddable":true,"href":"https:\/\/lentraide.es\/es\/wp-json\/wp\/v2\/users\/400"}],"replies":[{"embeddable":true,"href":"https:\/\/lentraide.es\/es\/wp-json\/wp\/v2\/comments?post=62607"}],"version-history":[{"count":0,"href":"https:\/\/lentraide.es\/es\/wp-json\/wp\/v2\/pages\/62607\/revisions"}],"wp:attachment":[{"href":"https:\/\/lentraide.es\/es\/wp-json\/wp\/v2\/media?parent=62607"}],"curies":[{"name":"wp","href":"https:\/\/api.w.org\/{rel}","templated":true}]}}