{"id":34971,"date":"2023-11-01T13:00:04","date_gmt":"2023-11-01T12:00:04","guid":{"rendered":"https:\/\/lentraide.es\/tienda\/huitres\/"},"modified":"2025-12-17T16:45:22","modified_gmt":"2025-12-17T15:45:22","slug":"huitres-2","status":"publish","type":"product","link":"https:\/\/lentraide.es\/es\/tienda\/huitres-2\/","title":{"rendered":"Ostras n\u00ba 2"},"content":{"rendered":"<p><strong>Zona de pesca:<\/strong> La Tremblade (Charente Maritime)<\/p>\n<p><strong>Especie:<\/strong> Ostra Fine de claire<\/p>\n<p>Estas ostras m\u00e1s grandes, ideales como entrante o para recetas calientes de ostras.<\/p>\n<p>Este bivalvo tambi\u00e9n es ideal para hacer un plato de marisco para degustar solo con vino y salsa de chalota, por ejemplo.<\/p>\n<p>Por eso la Fine de claire n \u00b0 2 es ideal para los amantes de las ostras carnosas con buen sabor yodado.<\/p>\n<p>Nuestras ostras se envasan en cestas planas para mantener su nivel de agua y as\u00ed preservar su frescura. Es gracias a este sistema que las ostras ofrecen un sabor yodado.<\/p>\n","protected":false},"excerpt":{"rendered":"<p><strong>Ostras de La Tremblade &#8211; Canasta de 24 piezas (Fines de claire n\u00ba 2)<\/strong><\/p>\n<p>OSTRAS Fines de claire n\u00ba 2<\/p>\n<p>Estas ostras m\u00e1s grandes, ideales para entrantes o recetas de ostras calientes, se entregan en una cesta de 24 piezas para conservar toda su frescura y sabor.<\/p>\n<p>\u00a1Un viaje gustativo garantizado!<\/p>\n<p>Cultivadas en La Tremblade seg\u00fan la gran tradici\u00f3n ostr\u00edcola de la familia GEAY, le encantar\u00e1 disfrutar de estas ostras en sus comidas festivas de Navidad y A\u00f1o Nuevo.<\/p>\n<p><\/p>\n<p><strong>ATENCI\u00d3N: Aseg\u00farese de elegir su opci\u00f3n de recogida de productos :<\/strong><\/p>\n<ul>\n<li>\n<div role=\"presentation\"><b>el domingo 14 de diciembre<\/b>&nbsp;a partir de las 10 horas, directamente en el stand de Ostras ubicado en el sal\u00f3n gastron\u00f3mico Mercado Solidario de Navidad;&nbsp;en este caso, la fecha tope para realizar el pedido es el<b>&nbsp;9 de diciembre<\/b><br \/><br data-mce-bogus=\"1\"><\/div>\n<\/li>\n<li>\n<div role=\"presentation\">el miercoles 24 de diciembre de 12 a 14 horas&nbsp;en&nbsp;la sala Blanche de Castille, San Luis de los Franceses, Calle de Padilla 9 , 28006 Madrid (Barrio de Salamanca);en este caso, la fecha tope para realizar el pedido es el&nbsp;<b>19 de diciembre<\/b><br \/><br data-mce-bogus=\"1\"><\/div>\n<\/li>\n<li>\n<div role=\"presentation\"><b>e<\/b><b>l miercoles 31&nbsp; de diciembre<\/b>&nbsp;de 12 a 14 horas en&nbsp;la sala Blanche de Castille, San Luis de los Franceses, Calle de Padilla 9 , 28006 Madrid (Barrio de Salamanca);&nbsp;en este caso, la fecha tope para realizar el pedido es el&nbsp;<b>26 de diciembre<\/b><\/div>\n<\/li>\n<\/ul>\n","protected":false},"featured_media":35403,"template":"","meta":{"_acf_changed":false},"product_brand":[],"product_cat":[257,176],"product_tag":[],"class_list":{"0":"post-34971","1":"product","2":"type-product","3":"status-publish","4":"has-post-thumbnail","6":"product_cat-ostras-para-navidad","7":"product_cat-venta-navidad","9":"first","10":"outofstock","11":"shipping-taxable","12":"purchasable","13":"product-type-variable","14":"has-default-attributes"},"acf":[],"yoast_head":"<!-- This site is optimized with the Yoast SEO plugin v27.3 - https:\/\/yoast.com\/product\/yoast-seo-wordpress\/ -->\n<title>Ostras n\u00ba 2 | Entraide Fran\u00e7aise<\/title>\n<meta name=\"robots\" content=\"index, follow, max-snippet:-1, max-image-preview:large, max-video-preview:-1\" \/>\n<link rel=\"canonical\" href=\"https:\/\/lentraide.es\/es\/tienda\/huitres-2\/\" \/>\n<meta property=\"og:locale\" content=\"es_ES\" \/>\n<meta property=\"og:type\" content=\"article\" \/>\n<meta property=\"og:title\" content=\"Ostras n\u00ba 2 | Entraide Fran\u00e7aise\" \/>\n<meta property=\"og:description\" content=\"Ostras de La Tremblade - Canasta de 24 piezas (Fines de claire n\u00ba 2)OSTRAS Fines de claire n\u00ba 2Estas ostras m\u00e1s grandes, ideales para entrantes o recetas de ostras calientes, se entregan en una cesta de 24 piezas para conservar toda su frescura y sabor.\u00a1Un viaje gustativo garantizado!Cultivadas en La Tremblade seg\u00fan la gran tradici\u00f3n ostr\u00edcola de la familia GEAY, le encantar\u00e1 disfrutar de estas ostras en sus comidas festivas de Navidad y A\u00f1o Nuevo.ATENCI\u00d3N: Aseg\u00farese de elegir su opci\u00f3n de recogida de productos :el domingo 14 de diciembre&nbsp;a partir de las 10 horas, directamente en el stand de Ostras ubicado en el sal\u00f3n gastron\u00f3mico Mercado Solidario de Navidad;&nbsp;en este caso, la fecha tope para realizar el pedido es el&nbsp;9 de diciembreel miercoles 24 de diciembre de 12 a 14 horas&nbsp;en&nbsp;la sala Blanche de Castille, San Luis de los Franceses, Calle de Padilla 9 , 28006 Madrid (Barrio de Salamanca);en este caso, la fecha tope para realizar el pedido es el&nbsp;19 de diciembreel miercoles 31&nbsp; de diciembre&nbsp;de 12 a 14 horas en&nbsp;la sala Blanche de Castille, San Luis de los Franceses, Calle de Padilla 9 , 28006 Madrid (Barrio de Salamanca);&nbsp;en este caso, la fecha tope para realizar el pedido es el&nbsp;26 de diciembre\" \/>\n<meta property=\"og:url\" content=\"https:\/\/lentraide.es\/es\/tienda\/huitres-2\/\" \/>\n<meta property=\"og:site_name\" content=\"Entraide Fran\u00e7aise\" \/>\n<meta property=\"article:publisher\" content=\"https:\/\/www.facebook.com\/entraide.francaisemadrid\" \/>\n<meta property=\"article:modified_time\" content=\"2025-12-17T15:45:22+00:00\" \/>\n<meta property=\"og:image\" content=\"https:\/\/lentraide.es\/wp-content\/uploads\/2020\/10\/huitre-_creuse_ouverte_catalogue-578x434-1.jpg\" \/>\n\t<meta property=\"og:image:width\" content=\"434\" \/>\n\t<meta property=\"og:image:height\" content=\"433\" \/>\n\t<meta property=\"og:image:type\" content=\"image\/jpeg\" \/>\n<meta name=\"twitter:card\" content=\"summary_large_image\" \/>\n<meta name=\"twitter:label1\" content=\"Tiempo de lectura\" \/>\n\t<meta name=\"twitter:data1\" content=\"1 minuto\" \/>\n<script type=\"application\/ld+json\" class=\"yoast-schema-graph\">{\"@context\":\"https:\\\/\\\/schema.org\",\"@graph\":[{\"@type\":\"WebPage\",\"@id\":\"https:\\\/\\\/lentraide.es\\\/es\\\/tienda\\\/huitres-2\\\/\",\"url\":\"https:\\\/\\\/lentraide.es\\\/es\\\/tienda\\\/huitres-2\\\/\",\"name\":\"Ostras n\u00ba 2 | Entraide Fran\u00e7aise\",\"isPartOf\":{\"@id\":\"https:\\\/\\\/lentraide.es\\\/fr\\\/#website\"},\"primaryImageOfPage\":{\"@id\":\"https:\\\/\\\/lentraide.es\\\/es\\\/tienda\\\/huitres-2\\\/#primaryimage\"},\"image\":{\"@id\":\"https:\\\/\\\/lentraide.es\\\/es\\\/tienda\\\/huitres-2\\\/#primaryimage\"},\"thumbnailUrl\":\"https:\\\/\\\/lentraide.es\\\/wp-content\\\/uploads\\\/2020\\\/10\\\/huitre-_creuse_ouverte_catalogue-578x434-1.jpg\",\"datePublished\":\"2023-11-01T12:00:04+00:00\",\"dateModified\":\"2025-12-17T15:45:22+00:00\",\"breadcrumb\":{\"@id\":\"https:\\\/\\\/lentraide.es\\\/es\\\/tienda\\\/huitres-2\\\/#breadcrumb\"},\"inLanguage\":\"es\",\"potentialAction\":[{\"@type\":\"ReadAction\",\"target\":[\"https:\\\/\\\/lentraide.es\\\/es\\\/tienda\\\/huitres-2\\\/\"]}]},{\"@type\":\"ImageObject\",\"inLanguage\":\"es\",\"@id\":\"https:\\\/\\\/lentraide.es\\\/es\\\/tienda\\\/huitres-2\\\/#primaryimage\",\"url\":\"https:\\\/\\\/lentraide.es\\\/wp-content\\\/uploads\\\/2020\\\/10\\\/huitre-_creuse_ouverte_catalogue-578x434-1.jpg\",\"contentUrl\":\"https:\\\/\\\/lentraide.es\\\/wp-content\\\/uploads\\\/2020\\\/10\\\/huitre-_creuse_ouverte_catalogue-578x434-1.jpg\",\"width\":434,\"height\":433},{\"@type\":\"BreadcrumbList\",\"@id\":\"https:\\\/\\\/lentraide.es\\\/es\\\/tienda\\\/huitres-2\\\/#breadcrumb\",\"itemListElement\":[{\"@type\":\"ListItem\",\"position\":1,\"name\":\"Accueil\",\"item\":\"https:\\\/\\\/lentraide.es\\\/es\\\/\"},{\"@type\":\"ListItem\",\"position\":2,\"name\":\"Tienda\",\"item\":\"https:\\\/\\\/lentraide.es\\\/es\\\/tienda\\\/\"},{\"@type\":\"ListItem\",\"position\":3,\"name\":\"Ostras n\u00ba 2\"}]},{\"@type\":\"WebSite\",\"@id\":\"https:\\\/\\\/lentraide.es\\\/fr\\\/#website\",\"url\":\"https:\\\/\\\/lentraide.es\\\/fr\\\/\",\"name\":\"Entraide Fran\u00e7aise\",\"description\":\"Une main tendue vers la France\",\"publisher\":{\"@id\":\"https:\\\/\\\/lentraide.es\\\/fr\\\/#organization\"},\"alternateName\":\"L'entraide\",\"potentialAction\":[{\"@type\":\"SearchAction\",\"target\":{\"@type\":\"EntryPoint\",\"urlTemplate\":\"https:\\\/\\\/lentraide.es\\\/fr\\\/?s={search_term_string}\"},\"query-input\":{\"@type\":\"PropertyValueSpecification\",\"valueRequired\":true,\"valueName\":\"search_term_string\"}}],\"inLanguage\":\"es\"},{\"@type\":\"Organization\",\"@id\":\"https:\\\/\\\/lentraide.es\\\/fr\\\/#organization\",\"name\":\"Entraide Fran\u00e7aise\",\"alternateName\":\"L'entraide\",\"url\":\"https:\\\/\\\/lentraide.es\\\/fr\\\/\",\"logo\":{\"@type\":\"ImageObject\",\"inLanguage\":\"es\",\"@id\":\"https:\\\/\\\/lentraide.es\\\/fr\\\/#\\\/schema\\\/logo\\\/image\\\/\",\"url\":\"https:\\\/\\\/lentraide.es\\\/wp-content\\\/uploads\\\/2015\\\/07\\\/LOGO-azul2.png\",\"contentUrl\":\"https:\\\/\\\/lentraide.es\\\/wp-content\\\/uploads\\\/2015\\\/07\\\/LOGO-azul2.png\",\"width\":232,\"height\":146,\"caption\":\"Entraide Fran\u00e7aise\"},\"image\":{\"@id\":\"https:\\\/\\\/lentraide.es\\\/fr\\\/#\\\/schema\\\/logo\\\/image\\\/\"},\"sameAs\":[\"https:\\\/\\\/www.facebook.com\\\/entraide.francaisemadrid\",\"https:\\\/\\\/www.instagram.com\\\/entraidefrancaisemadrid\\\/\"]}]}<\/script>\n<!-- \/ Yoast SEO plugin. -->","yoast_head_json":{"title":"Ostras n\u00ba 2 | Entraide Fran\u00e7aise","robots":{"index":"index","follow":"follow","max-snippet":"max-snippet:-1","max-image-preview":"max-image-preview:large","max-video-preview":"max-video-preview:-1"},"canonical":"https:\/\/lentraide.es\/es\/tienda\/huitres-2\/","og_locale":"es_ES","og_type":"article","og_title":"Ostras n\u00ba 2 | Entraide Fran\u00e7aise","og_description":"Ostras de La Tremblade - Canasta de 24 piezas (Fines de claire n\u00ba 2)OSTRAS Fines de claire n\u00ba 2Estas ostras m\u00e1s grandes, ideales para entrantes o recetas de ostras calientes, se entregan en una cesta de 24 piezas para conservar toda su frescura y sabor.\u00a1Un viaje gustativo garantizado!Cultivadas en La Tremblade seg\u00fan la gran tradici\u00f3n ostr\u00edcola de la familia GEAY, le encantar\u00e1 disfrutar de estas ostras en sus comidas festivas de Navidad y A\u00f1o Nuevo.ATENCI\u00d3N: Aseg\u00farese de elegir su opci\u00f3n de recogida de productos :el domingo 14 de diciembre&nbsp;a partir de las 10 horas, directamente en el stand de Ostras ubicado en el sal\u00f3n gastron\u00f3mico Mercado Solidario de Navidad;&nbsp;en este caso, la fecha tope para realizar el pedido es el&nbsp;9 de diciembreel miercoles 24 de diciembre de 12 a 14 horas&nbsp;en&nbsp;la sala Blanche de Castille, San Luis de los Franceses, Calle de Padilla 9 , 28006 Madrid (Barrio de Salamanca);en este caso, la fecha tope para realizar el pedido es el&nbsp;19 de diciembreel miercoles 31&nbsp; de diciembre&nbsp;de 12 a 14 horas en&nbsp;la sala Blanche de Castille, San Luis de los Franceses, Calle de Padilla 9 , 28006 Madrid (Barrio de Salamanca);&nbsp;en este caso, la fecha tope para realizar el pedido es el&nbsp;26 de diciembre","og_url":"https:\/\/lentraide.es\/es\/tienda\/huitres-2\/","og_site_name":"Entraide Fran\u00e7aise","article_publisher":"https:\/\/www.facebook.com\/entraide.francaisemadrid","article_modified_time":"2025-12-17T15:45:22+00:00","og_image":[{"width":434,"height":433,"url":"https:\/\/lentraide.es\/wp-content\/uploads\/2020\/10\/huitre-_creuse_ouverte_catalogue-578x434-1.jpg","type":"image\/jpeg"}],"twitter_card":"summary_large_image","twitter_misc":{"Tiempo de lectura":"1 minuto"},"schema":{"@context":"https:\/\/schema.org","@graph":[{"@type":"WebPage","@id":"https:\/\/lentraide.es\/es\/tienda\/huitres-2\/","url":"https:\/\/lentraide.es\/es\/tienda\/huitres-2\/","name":"Ostras n\u00ba 2 | Entraide Fran\u00e7aise","isPartOf":{"@id":"https:\/\/lentraide.es\/fr\/#website"},"primaryImageOfPage":{"@id":"https:\/\/lentraide.es\/es\/tienda\/huitres-2\/#primaryimage"},"image":{"@id":"https:\/\/lentraide.es\/es\/tienda\/huitres-2\/#primaryimage"},"thumbnailUrl":"https:\/\/lentraide.es\/wp-content\/uploads\/2020\/10\/huitre-_creuse_ouverte_catalogue-578x434-1.jpg","datePublished":"2023-11-01T12:00:04+00:00","dateModified":"2025-12-17T15:45:22+00:00","breadcrumb":{"@id":"https:\/\/lentraide.es\/es\/tienda\/huitres-2\/#breadcrumb"},"inLanguage":"es","potentialAction":[{"@type":"ReadAction","target":["https:\/\/lentraide.es\/es\/tienda\/huitres-2\/"]}]},{"@type":"ImageObject","inLanguage":"es","@id":"https:\/\/lentraide.es\/es\/tienda\/huitres-2\/#primaryimage","url":"https:\/\/lentraide.es\/wp-content\/uploads\/2020\/10\/huitre-_creuse_ouverte_catalogue-578x434-1.jpg","contentUrl":"https:\/\/lentraide.es\/wp-content\/uploads\/2020\/10\/huitre-_creuse_ouverte_catalogue-578x434-1.jpg","width":434,"height":433},{"@type":"BreadcrumbList","@id":"https:\/\/lentraide.es\/es\/tienda\/huitres-2\/#breadcrumb","itemListElement":[{"@type":"ListItem","position":1,"name":"Accueil","item":"https:\/\/lentraide.es\/es\/"},{"@type":"ListItem","position":2,"name":"Tienda","item":"https:\/\/lentraide.es\/es\/tienda\/"},{"@type":"ListItem","position":3,"name":"Ostras n\u00ba 2"}]},{"@type":"WebSite","@id":"https:\/\/lentraide.es\/fr\/#website","url":"https:\/\/lentraide.es\/fr\/","name":"Entraide Fran\u00e7aise","description":"Une main tendue vers la France","publisher":{"@id":"https:\/\/lentraide.es\/fr\/#organization"},"alternateName":"L'entraide","potentialAction":[{"@type":"SearchAction","target":{"@type":"EntryPoint","urlTemplate":"https:\/\/lentraide.es\/fr\/?s={search_term_string}"},"query-input":{"@type":"PropertyValueSpecification","valueRequired":true,"valueName":"search_term_string"}}],"inLanguage":"es"},{"@type":"Organization","@id":"https:\/\/lentraide.es\/fr\/#organization","name":"Entraide Fran\u00e7aise","alternateName":"L'entraide","url":"https:\/\/lentraide.es\/fr\/","logo":{"@type":"ImageObject","inLanguage":"es","@id":"https:\/\/lentraide.es\/fr\/#\/schema\/logo\/image\/","url":"https:\/\/lentraide.es\/wp-content\/uploads\/2015\/07\/LOGO-azul2.png","contentUrl":"https:\/\/lentraide.es\/wp-content\/uploads\/2015\/07\/LOGO-azul2.png","width":232,"height":146,"caption":"Entraide Fran\u00e7aise"},"image":{"@id":"https:\/\/lentraide.es\/fr\/#\/schema\/logo\/image\/"},"sameAs":["https:\/\/www.facebook.com\/entraide.francaisemadrid","https:\/\/www.instagram.com\/entraidefrancaisemadrid\/"]}]}},"_links":{"self":[{"href":"https:\/\/lentraide.es\/es\/wp-json\/wp\/v2\/product\/34971","targetHints":{"allow":["GET"]}}],"collection":[{"href":"https:\/\/lentraide.es\/es\/wp-json\/wp\/v2\/product"}],"about":[{"href":"https:\/\/lentraide.es\/es\/wp-json\/wp\/v2\/types\/product"}],"wp:featuredmedia":[{"embeddable":true,"href":"https:\/\/lentraide.es\/es\/wp-json\/wp\/v2\/media\/35403"}],"wp:attachment":[{"href":"https:\/\/lentraide.es\/es\/wp-json\/wp\/v2\/media?parent=34971"}],"wp:term":[{"taxonomy":"product_brand","embeddable":true,"href":"https:\/\/lentraide.es\/es\/wp-json\/wp\/v2\/product_brand?post=34971"},{"taxonomy":"product_cat","embeddable":true,"href":"https:\/\/lentraide.es\/es\/wp-json\/wp\/v2\/product_cat?post=34971"},{"taxonomy":"product_tag","embeddable":true,"href":"https:\/\/lentraide.es\/es\/wp-json\/wp\/v2\/product_tag?post=34971"}],"curies":[{"name":"wp","href":"https:\/\/api.w.org\/{rel}","templated":true}]}}