{"id":35242,"date":"2025-03-24T22:51:44","date_gmt":"2025-03-24T21:51:44","guid":{"rendered":"https:\/\/lentraide.es\/tienda\/livraison-champagne\/"},"modified":"2025-11-01T22:23:36","modified_gmt":"2025-11-01T21:23:36","slug":"livraison-entrega-champagnes","status":"publish","type":"product","link":"https:\/\/lentraide.es\/es\/tienda\/livraison-entrega-champagnes\/","title":{"rendered":"ENTREGA CHAMPAGNE (fuera de Madrid)"},"content":{"rendered":"","protected":false},"excerpt":{"rendered":"<p><strong>Para una entrega dentro del per\u00edmetro de la Provincia de Madrid (c\u00f3digo postal 28xxx), el env\u00edo a la direcci\u00f3n indicada en su pedido es gratuito.<\/strong><\/p>\n<p>Fuera de este per\u00edmetro, debe pagar el env\u00edo comprando este producto: 10 \u20ac para 1 o 2 cajas, 15 \u20ac para 3 cajas o m\u00e1s.<\/p>\n<p>Para entregas en las islas espa\u00f1olas, por favor, llame a Bruno al 639 70 79 02.<\/p>\n","protected":false},"featured_media":62117,"template":"","meta":{"_acf_changed":false},"product_brand":[],"product_cat":[254,176,198],"product_tag":[],"class_list":{"0":"post-35242","1":"product","2":"type-product","3":"status-publish","4":"has-post-thumbnail","6":"product_cat-champagne-navidad","7":"product_cat-venta-navidad","8":"product_cat-vinos-champagne","10":"first","11":"outofstock","12":"shipping-taxable","13":"purchasable","14":"product-type-variable"},"acf":[],"yoast_head":"<!-- This site is optimized with the Yoast SEO plugin v27.3 - https:\/\/yoast.com\/product\/yoast-seo-wordpress\/ -->\n<title>ENTREGA CHAMPAGNE (fuera de Madrid) | Entraide Fran\u00e7aise<\/title>\n<meta name=\"robots\" content=\"index, follow, max-snippet:-1, max-image-preview:large, max-video-preview:-1\" \/>\n<link rel=\"canonical\" href=\"https:\/\/lentraide.es\/es\/tienda\/livraison-entrega-champagnes\/\" \/>\n<meta property=\"og:locale\" content=\"es_ES\" \/>\n<meta property=\"og:type\" content=\"article\" \/>\n<meta property=\"og:title\" content=\"ENTREGA CHAMPAGNE (fuera de Madrid) | Entraide Fran\u00e7aise\" \/>\n<meta property=\"og:description\" content=\"Para una entrega dentro del per\u00edmetro de la Provincia de Madrid (c\u00f3digo postal 28xxx), el env\u00edo a la direcci\u00f3n indicada en su pedido es gratuito.  Fuera de este per\u00edmetro, debe pagar el env\u00edo comprando este producto: 10 \u20ac para 1 o 2 cajas, 15 \u20ac para 3 cajas o m\u00e1s.  Para entregas en las islas espa\u00f1olas, por favor, llame a Bruno al 639 70 79 02.\" \/>\n<meta property=\"og:url\" content=\"https:\/\/lentraide.es\/es\/tienda\/livraison-entrega-champagnes\/\" \/>\n<meta property=\"og:site_name\" content=\"Entraide Fran\u00e7aise\" \/>\n<meta property=\"article:publisher\" content=\"https:\/\/www.facebook.com\/entraide.francaisemadrid\" \/>\n<meta property=\"article:modified_time\" content=\"2025-11-01T21:23:36+00:00\" \/>\n<meta property=\"og:image\" content=\"https:\/\/lentraide.es\/wp-content\/uploads\/2025\/03\/Livraison-Entrega-Champagne.jpg\" \/>\n\t<meta property=\"og:image:width\" content=\"500\" \/>\n\t<meta property=\"og:image:height\" content=\"500\" \/>\n\t<meta property=\"og:image:type\" content=\"image\/jpeg\" \/>\n<meta name=\"twitter:card\" content=\"summary_large_image\" \/>\n<meta name=\"twitter:label1\" content=\"Tiempo de lectura\" \/>\n\t<meta name=\"twitter:data1\" content=\"1 minuto\" \/>\n<script type=\"application\/ld+json\" class=\"yoast-schema-graph\">{\"@context\":\"https:\\\/\\\/schema.org\",\"@graph\":[{\"@type\":\"WebPage\",\"@id\":\"https:\\\/\\\/lentraide.es\\\/es\\\/tienda\\\/livraison-entrega-champagnes\\\/\",\"url\":\"https:\\\/\\\/lentraide.es\\\/es\\\/tienda\\\/livraison-entrega-champagnes\\\/\",\"name\":\"ENTREGA CHAMPAGNE (fuera de Madrid) | Entraide Fran\u00e7aise\",\"isPartOf\":{\"@id\":\"https:\\\/\\\/lentraide.es\\\/fr\\\/#website\"},\"primaryImageOfPage\":{\"@id\":\"https:\\\/\\\/lentraide.es\\\/es\\\/tienda\\\/livraison-entrega-champagnes\\\/#primaryimage\"},\"image\":{\"@id\":\"https:\\\/\\\/lentraide.es\\\/es\\\/tienda\\\/livraison-entrega-champagnes\\\/#primaryimage\"},\"thumbnailUrl\":\"https:\\\/\\\/lentraide.es\\\/wp-content\\\/uploads\\\/2025\\\/03\\\/Livraison-Entrega-Champagne.jpg\",\"datePublished\":\"2025-03-24T21:51:44+00:00\",\"dateModified\":\"2025-11-01T21:23:36+00:00\",\"breadcrumb\":{\"@id\":\"https:\\\/\\\/lentraide.es\\\/es\\\/tienda\\\/livraison-entrega-champagnes\\\/#breadcrumb\"},\"inLanguage\":\"es\",\"potentialAction\":[{\"@type\":\"ReadAction\",\"target\":[\"https:\\\/\\\/lentraide.es\\\/es\\\/tienda\\\/livraison-entrega-champagnes\\\/\"]}]},{\"@type\":\"ImageObject\",\"inLanguage\":\"es\",\"@id\":\"https:\\\/\\\/lentraide.es\\\/es\\\/tienda\\\/livraison-entrega-champagnes\\\/#primaryimage\",\"url\":\"https:\\\/\\\/lentraide.es\\\/wp-content\\\/uploads\\\/2025\\\/03\\\/Livraison-Entrega-Champagne.jpg\",\"contentUrl\":\"https:\\\/\\\/lentraide.es\\\/wp-content\\\/uploads\\\/2025\\\/03\\\/Livraison-Entrega-Champagne.jpg\",\"width\":500,\"height\":500},{\"@type\":\"BreadcrumbList\",\"@id\":\"https:\\\/\\\/lentraide.es\\\/es\\\/tienda\\\/livraison-entrega-champagnes\\\/#breadcrumb\",\"itemListElement\":[{\"@type\":\"ListItem\",\"position\":1,\"name\":\"Accueil\",\"item\":\"https:\\\/\\\/lentraide.es\\\/es\\\/\"},{\"@type\":\"ListItem\",\"position\":2,\"name\":\"Tienda\",\"item\":\"https:\\\/\\\/lentraide.es\\\/es\\\/tienda\\\/\"},{\"@type\":\"ListItem\",\"position\":3,\"name\":\"ENTREGA CHAMPAGNE (fuera de Madrid)\"}]},{\"@type\":\"WebSite\",\"@id\":\"https:\\\/\\\/lentraide.es\\\/fr\\\/#website\",\"url\":\"https:\\\/\\\/lentraide.es\\\/fr\\\/\",\"name\":\"Entraide Fran\u00e7aise\",\"description\":\"Une main tendue vers la France\",\"publisher\":{\"@id\":\"https:\\\/\\\/lentraide.es\\\/fr\\\/#organization\"},\"alternateName\":\"L'entraide\",\"potentialAction\":[{\"@type\":\"SearchAction\",\"target\":{\"@type\":\"EntryPoint\",\"urlTemplate\":\"https:\\\/\\\/lentraide.es\\\/fr\\\/?s={search_term_string}\"},\"query-input\":{\"@type\":\"PropertyValueSpecification\",\"valueRequired\":true,\"valueName\":\"search_term_string\"}}],\"inLanguage\":\"es\"},{\"@type\":\"Organization\",\"@id\":\"https:\\\/\\\/lentraide.es\\\/fr\\\/#organization\",\"name\":\"Entraide Fran\u00e7aise\",\"alternateName\":\"L'entraide\",\"url\":\"https:\\\/\\\/lentraide.es\\\/fr\\\/\",\"logo\":{\"@type\":\"ImageObject\",\"inLanguage\":\"es\",\"@id\":\"https:\\\/\\\/lentraide.es\\\/fr\\\/#\\\/schema\\\/logo\\\/image\\\/\",\"url\":\"https:\\\/\\\/lentraide.es\\\/wp-content\\\/uploads\\\/2015\\\/07\\\/LOGO-azul2.png\",\"contentUrl\":\"https:\\\/\\\/lentraide.es\\\/wp-content\\\/uploads\\\/2015\\\/07\\\/LOGO-azul2.png\",\"width\":232,\"height\":146,\"caption\":\"Entraide Fran\u00e7aise\"},\"image\":{\"@id\":\"https:\\\/\\\/lentraide.es\\\/fr\\\/#\\\/schema\\\/logo\\\/image\\\/\"},\"sameAs\":[\"https:\\\/\\\/www.facebook.com\\\/entraide.francaisemadrid\",\"https:\\\/\\\/www.instagram.com\\\/entraidefrancaisemadrid\\\/\"]}]}<\/script>\n<!-- \/ Yoast SEO plugin. -->","yoast_head_json":{"title":"ENTREGA CHAMPAGNE (fuera de Madrid) | Entraide Fran\u00e7aise","robots":{"index":"index","follow":"follow","max-snippet":"max-snippet:-1","max-image-preview":"max-image-preview:large","max-video-preview":"max-video-preview:-1"},"canonical":"https:\/\/lentraide.es\/es\/tienda\/livraison-entrega-champagnes\/","og_locale":"es_ES","og_type":"article","og_title":"ENTREGA CHAMPAGNE (fuera de Madrid) | Entraide Fran\u00e7aise","og_description":"Para una entrega dentro del per\u00edmetro de la Provincia de Madrid (c\u00f3digo postal 28xxx), el env\u00edo a la direcci\u00f3n indicada en su pedido es gratuito.  Fuera de este per\u00edmetro, debe pagar el env\u00edo comprando este producto: 10 \u20ac para 1 o 2 cajas, 15 \u20ac para 3 cajas o m\u00e1s.  Para entregas en las islas espa\u00f1olas, por favor, llame a Bruno al 639 70 79 02.","og_url":"https:\/\/lentraide.es\/es\/tienda\/livraison-entrega-champagnes\/","og_site_name":"Entraide Fran\u00e7aise","article_publisher":"https:\/\/www.facebook.com\/entraide.francaisemadrid","article_modified_time":"2025-11-01T21:23:36+00:00","og_image":[{"width":500,"height":500,"url":"https:\/\/lentraide.es\/wp-content\/uploads\/2025\/03\/Livraison-Entrega-Champagne.jpg","type":"image\/jpeg"}],"twitter_card":"summary_large_image","twitter_misc":{"Tiempo de lectura":"1 minuto"},"schema":{"@context":"https:\/\/schema.org","@graph":[{"@type":"WebPage","@id":"https:\/\/lentraide.es\/es\/tienda\/livraison-entrega-champagnes\/","url":"https:\/\/lentraide.es\/es\/tienda\/livraison-entrega-champagnes\/","name":"ENTREGA CHAMPAGNE (fuera de Madrid) | Entraide Fran\u00e7aise","isPartOf":{"@id":"https:\/\/lentraide.es\/fr\/#website"},"primaryImageOfPage":{"@id":"https:\/\/lentraide.es\/es\/tienda\/livraison-entrega-champagnes\/#primaryimage"},"image":{"@id":"https:\/\/lentraide.es\/es\/tienda\/livraison-entrega-champagnes\/#primaryimage"},"thumbnailUrl":"https:\/\/lentraide.es\/wp-content\/uploads\/2025\/03\/Livraison-Entrega-Champagne.jpg","datePublished":"2025-03-24T21:51:44+00:00","dateModified":"2025-11-01T21:23:36+00:00","breadcrumb":{"@id":"https:\/\/lentraide.es\/es\/tienda\/livraison-entrega-champagnes\/#breadcrumb"},"inLanguage":"es","potentialAction":[{"@type":"ReadAction","target":["https:\/\/lentraide.es\/es\/tienda\/livraison-entrega-champagnes\/"]}]},{"@type":"ImageObject","inLanguage":"es","@id":"https:\/\/lentraide.es\/es\/tienda\/livraison-entrega-champagnes\/#primaryimage","url":"https:\/\/lentraide.es\/wp-content\/uploads\/2025\/03\/Livraison-Entrega-Champagne.jpg","contentUrl":"https:\/\/lentraide.es\/wp-content\/uploads\/2025\/03\/Livraison-Entrega-Champagne.jpg","width":500,"height":500},{"@type":"BreadcrumbList","@id":"https:\/\/lentraide.es\/es\/tienda\/livraison-entrega-champagnes\/#breadcrumb","itemListElement":[{"@type":"ListItem","position":1,"name":"Accueil","item":"https:\/\/lentraide.es\/es\/"},{"@type":"ListItem","position":2,"name":"Tienda","item":"https:\/\/lentraide.es\/es\/tienda\/"},{"@type":"ListItem","position":3,"name":"ENTREGA CHAMPAGNE (fuera de Madrid)"}]},{"@type":"WebSite","@id":"https:\/\/lentraide.es\/fr\/#website","url":"https:\/\/lentraide.es\/fr\/","name":"Entraide Fran\u00e7aise","description":"Une main tendue vers la France","publisher":{"@id":"https:\/\/lentraide.es\/fr\/#organization"},"alternateName":"L'entraide","potentialAction":[{"@type":"SearchAction","target":{"@type":"EntryPoint","urlTemplate":"https:\/\/lentraide.es\/fr\/?s={search_term_string}"},"query-input":{"@type":"PropertyValueSpecification","valueRequired":true,"valueName":"search_term_string"}}],"inLanguage":"es"},{"@type":"Organization","@id":"https:\/\/lentraide.es\/fr\/#organization","name":"Entraide Fran\u00e7aise","alternateName":"L'entraide","url":"https:\/\/lentraide.es\/fr\/","logo":{"@type":"ImageObject","inLanguage":"es","@id":"https:\/\/lentraide.es\/fr\/#\/schema\/logo\/image\/","url":"https:\/\/lentraide.es\/wp-content\/uploads\/2015\/07\/LOGO-azul2.png","contentUrl":"https:\/\/lentraide.es\/wp-content\/uploads\/2015\/07\/LOGO-azul2.png","width":232,"height":146,"caption":"Entraide Fran\u00e7aise"},"image":{"@id":"https:\/\/lentraide.es\/fr\/#\/schema\/logo\/image\/"},"sameAs":["https:\/\/www.facebook.com\/entraide.francaisemadrid","https:\/\/www.instagram.com\/entraidefrancaisemadrid\/"]}]}},"_links":{"self":[{"href":"https:\/\/lentraide.es\/es\/wp-json\/wp\/v2\/product\/35242","targetHints":{"allow":["GET"]}}],"collection":[{"href":"https:\/\/lentraide.es\/es\/wp-json\/wp\/v2\/product"}],"about":[{"href":"https:\/\/lentraide.es\/es\/wp-json\/wp\/v2\/types\/product"}],"wp:featuredmedia":[{"embeddable":true,"href":"https:\/\/lentraide.es\/es\/wp-json\/wp\/v2\/media\/62117"}],"wp:attachment":[{"href":"https:\/\/lentraide.es\/es\/wp-json\/wp\/v2\/media?parent=35242"}],"wp:term":[{"taxonomy":"product_brand","embeddable":true,"href":"https:\/\/lentraide.es\/es\/wp-json\/wp\/v2\/product_brand?post=35242"},{"taxonomy":"product_cat","embeddable":true,"href":"https:\/\/lentraide.es\/es\/wp-json\/wp\/v2\/product_cat?post=35242"},{"taxonomy":"product_tag","embeddable":true,"href":"https:\/\/lentraide.es\/es\/wp-json\/wp\/v2\/product_tag?post=35242"}],"curies":[{"name":"wp","href":"https:\/\/api.w.org\/{rel}","templated":true}]}}