{"id":35282,"date":"2020-11-11T19:16:33","date_gmt":"2020-11-11T18:16:33","guid":{"rendered":"https:\/\/lentraide.es\/tienda\/gewurztraminer\/"},"modified":"2025-10-29T17:30:00","modified_gmt":"2025-10-29T16:30:00","slug":"gewurztraminer","status":"publish","type":"product","link":"https:\/\/lentraide.es\/es\/tienda\/gewurztraminer\/","title":{"rendered":"GEWURZTRAMINER"},"content":{"rendered":"<p><strong>GEWURZTRAMINER ORO 2017<br \/>\n<\/strong><strong>Medalla de Oro Colmar<\/strong><\/p>\n<p><strong><br \/>\nUn vino de aperitivo y de gastronom\u00eda.<\/strong><\/p>\n<p><em><strong>Maridaje<\/strong>\u00a0:\u00a0 Acompa\u00f1a la gastronom\u00eda asi\u00e1tica y mediterr\u00e1nea con una maravillosa armon\u00eda. Tambi\u00e9n con quesos fuertes y afinados, as\u00ed como con postres dulces<\/em><em>.<br \/>\nA servir froid entre 8 \u00b0 C et 10 \u00b0 C, de pr\u00e9f\u00e9rence dans des verres tulipes.<\/em><\/p>\n<p style=\"text-align: right;\"><strong>Prix : 12 \u20ac<\/strong><\/p>\n","protected":false},"excerpt":{"rendered":"<p><strong>GEWURZTRAMINER ORO 2017<br \/>\n<\/strong><strong>Medalla de Oro Colmar<\/strong><\/p>\n<p><strong><br \/>\nUn vino de aperitivo y de gastronom\u00eda.<\/strong><\/p>\n<p><strong>Conservaci\u00f3n:<\/strong> Podemos apreciarlo ahora mismo. Pero est\u00e1 mejorando en el s\u00f3tano durante al menos 5 ans.<\/p>\n<p>&nbsp;<\/p>\n<p>&nbsp;<\/p>\n","protected":false},"featured_media":27628,"template":"","meta":{"_acf_changed":false},"product_brand":[],"product_cat":[256,176,255],"product_tag":[],"class_list":{"0":"post-35282","1":"product","2":"type-product","3":"status-publish","4":"has-post-thumbnail","6":"product_cat-productos-de-alsacia","7":"product_cat-venta-navidad","8":"product_cat-vinos-navidad","10":"first","11":"outofstock","12":"shipping-taxable","13":"purchasable","14":"product-type-simple"},"acf":[],"yoast_head":"<!-- This site is optimized with the Yoast SEO plugin v27.3 - https:\/\/yoast.com\/product\/yoast-seo-wordpress\/ -->\n<title>GEWURZTRAMINER | Entraide Fran\u00e7aise<\/title>\n<meta name=\"robots\" content=\"index, follow, max-snippet:-1, max-image-preview:large, max-video-preview:-1\" \/>\n<link rel=\"canonical\" href=\"https:\/\/lentraide.es\/es\/tienda\/gewurztraminer\/\" \/>\n<meta property=\"og:locale\" content=\"es_ES\" \/>\n<meta property=\"og:type\" content=\"article\" \/>\n<meta property=\"og:title\" content=\"GEWURZTRAMINER | Entraide Fran\u00e7aise\" \/>\n<meta property=\"og:description\" content=\"GEWURZTRAMINER ORO 2017 Medalla de Oro Colmar   Un vino de aperitivo y de gastronom\u00eda.  Conservaci\u00f3n: Podemos apreciarlo ahora mismo. Pero est\u00e1 mejorando en el s\u00f3tano durante al menos 5 ans.  &nbsp;  &nbsp;\" \/>\n<meta property=\"og:url\" content=\"https:\/\/lentraide.es\/es\/tienda\/gewurztraminer\/\" \/>\n<meta property=\"og:site_name\" content=\"Entraide Fran\u00e7aise\" \/>\n<meta property=\"article:publisher\" content=\"https:\/\/www.facebook.com\/entraide.francaisemadrid\" \/>\n<meta property=\"article:modified_time\" content=\"2025-10-29T16:30:00+00:00\" \/>\n<meta property=\"og:image\" content=\"https:\/\/lentraide.es\/wp-content\/uploads\/2020\/11\/Gewurzstraminer.png\" \/>\n\t<meta property=\"og:image:width\" content=\"300\" \/>\n\t<meta property=\"og:image:height\" content=\"600\" \/>\n\t<meta property=\"og:image:type\" content=\"image\/png\" \/>\n<meta name=\"twitter:card\" content=\"summary_large_image\" \/>\n<meta name=\"twitter:label1\" content=\"Tiempo de lectura\" \/>\n\t<meta name=\"twitter:data1\" content=\"1 minuto\" \/>\n<script type=\"application\/ld+json\" class=\"yoast-schema-graph\">{\"@context\":\"https:\\\/\\\/schema.org\",\"@graph\":[{\"@type\":\"WebPage\",\"@id\":\"https:\\\/\\\/lentraide.es\\\/es\\\/tienda\\\/gewurztraminer\\\/\",\"url\":\"https:\\\/\\\/lentraide.es\\\/es\\\/tienda\\\/gewurztraminer\\\/\",\"name\":\"GEWURZTRAMINER | Entraide Fran\u00e7aise\",\"isPartOf\":{\"@id\":\"https:\\\/\\\/lentraide.es\\\/fr\\\/#website\"},\"primaryImageOfPage\":{\"@id\":\"https:\\\/\\\/lentraide.es\\\/es\\\/tienda\\\/gewurztraminer\\\/#primaryimage\"},\"image\":{\"@id\":\"https:\\\/\\\/lentraide.es\\\/es\\\/tienda\\\/gewurztraminer\\\/#primaryimage\"},\"thumbnailUrl\":\"https:\\\/\\\/lentraide.es\\\/wp-content\\\/uploads\\\/2020\\\/11\\\/Gewurzstraminer.png\",\"datePublished\":\"2020-11-11T18:16:33+00:00\",\"dateModified\":\"2025-10-29T16:30:00+00:00\",\"breadcrumb\":{\"@id\":\"https:\\\/\\\/lentraide.es\\\/es\\\/tienda\\\/gewurztraminer\\\/#breadcrumb\"},\"inLanguage\":\"es\",\"potentialAction\":[{\"@type\":\"ReadAction\",\"target\":[\"https:\\\/\\\/lentraide.es\\\/es\\\/tienda\\\/gewurztraminer\\\/\"]}]},{\"@type\":\"ImageObject\",\"inLanguage\":\"es\",\"@id\":\"https:\\\/\\\/lentraide.es\\\/es\\\/tienda\\\/gewurztraminer\\\/#primaryimage\",\"url\":\"https:\\\/\\\/lentraide.es\\\/wp-content\\\/uploads\\\/2020\\\/11\\\/Gewurzstraminer.png\",\"contentUrl\":\"https:\\\/\\\/lentraide.es\\\/wp-content\\\/uploads\\\/2020\\\/11\\\/Gewurzstraminer.png\",\"width\":300,\"height\":600},{\"@type\":\"BreadcrumbList\",\"@id\":\"https:\\\/\\\/lentraide.es\\\/es\\\/tienda\\\/gewurztraminer\\\/#breadcrumb\",\"itemListElement\":[{\"@type\":\"ListItem\",\"position\":1,\"name\":\"Accueil\",\"item\":\"https:\\\/\\\/lentraide.es\\\/es\\\/\"},{\"@type\":\"ListItem\",\"position\":2,\"name\":\"Tienda\",\"item\":\"https:\\\/\\\/lentraide.es\\\/es\\\/tienda\\\/\"},{\"@type\":\"ListItem\",\"position\":3,\"name\":\"GEWURZTRAMINER\"}]},{\"@type\":\"WebSite\",\"@id\":\"https:\\\/\\\/lentraide.es\\\/fr\\\/#website\",\"url\":\"https:\\\/\\\/lentraide.es\\\/fr\\\/\",\"name\":\"Entraide Fran\u00e7aise\",\"description\":\"Une main tendue vers la France\",\"publisher\":{\"@id\":\"https:\\\/\\\/lentraide.es\\\/fr\\\/#organization\"},\"alternateName\":\"L'entraide\",\"potentialAction\":[{\"@type\":\"SearchAction\",\"target\":{\"@type\":\"EntryPoint\",\"urlTemplate\":\"https:\\\/\\\/lentraide.es\\\/fr\\\/?s={search_term_string}\"},\"query-input\":{\"@type\":\"PropertyValueSpecification\",\"valueRequired\":true,\"valueName\":\"search_term_string\"}}],\"inLanguage\":\"es\"},{\"@type\":\"Organization\",\"@id\":\"https:\\\/\\\/lentraide.es\\\/fr\\\/#organization\",\"name\":\"Entraide Fran\u00e7aise\",\"alternateName\":\"L'entraide\",\"url\":\"https:\\\/\\\/lentraide.es\\\/fr\\\/\",\"logo\":{\"@type\":\"ImageObject\",\"inLanguage\":\"es\",\"@id\":\"https:\\\/\\\/lentraide.es\\\/fr\\\/#\\\/schema\\\/logo\\\/image\\\/\",\"url\":\"https:\\\/\\\/lentraide.es\\\/wp-content\\\/uploads\\\/2015\\\/07\\\/LOGO-azul2.png\",\"contentUrl\":\"https:\\\/\\\/lentraide.es\\\/wp-content\\\/uploads\\\/2015\\\/07\\\/LOGO-azul2.png\",\"width\":232,\"height\":146,\"caption\":\"Entraide Fran\u00e7aise\"},\"image\":{\"@id\":\"https:\\\/\\\/lentraide.es\\\/fr\\\/#\\\/schema\\\/logo\\\/image\\\/\"},\"sameAs\":[\"https:\\\/\\\/www.facebook.com\\\/entraide.francaisemadrid\",\"https:\\\/\\\/www.instagram.com\\\/entraidefrancaisemadrid\\\/\"]}]}<\/script>\n<!-- \/ Yoast SEO plugin. -->","yoast_head_json":{"title":"GEWURZTRAMINER | Entraide Fran\u00e7aise","robots":{"index":"index","follow":"follow","max-snippet":"max-snippet:-1","max-image-preview":"max-image-preview:large","max-video-preview":"max-video-preview:-1"},"canonical":"https:\/\/lentraide.es\/es\/tienda\/gewurztraminer\/","og_locale":"es_ES","og_type":"article","og_title":"GEWURZTRAMINER | Entraide Fran\u00e7aise","og_description":"GEWURZTRAMINER ORO 2017 Medalla de Oro Colmar   Un vino de aperitivo y de gastronom\u00eda.  Conservaci\u00f3n: Podemos apreciarlo ahora mismo. Pero est\u00e1 mejorando en el s\u00f3tano durante al menos 5 ans.  &nbsp;  &nbsp;","og_url":"https:\/\/lentraide.es\/es\/tienda\/gewurztraminer\/","og_site_name":"Entraide Fran\u00e7aise","article_publisher":"https:\/\/www.facebook.com\/entraide.francaisemadrid","article_modified_time":"2025-10-29T16:30:00+00:00","og_image":[{"width":300,"height":600,"url":"https:\/\/lentraide.es\/wp-content\/uploads\/2020\/11\/Gewurzstraminer.png","type":"image\/png"}],"twitter_card":"summary_large_image","twitter_misc":{"Tiempo de lectura":"1 minuto"},"schema":{"@context":"https:\/\/schema.org","@graph":[{"@type":"WebPage","@id":"https:\/\/lentraide.es\/es\/tienda\/gewurztraminer\/","url":"https:\/\/lentraide.es\/es\/tienda\/gewurztraminer\/","name":"GEWURZTRAMINER | Entraide Fran\u00e7aise","isPartOf":{"@id":"https:\/\/lentraide.es\/fr\/#website"},"primaryImageOfPage":{"@id":"https:\/\/lentraide.es\/es\/tienda\/gewurztraminer\/#primaryimage"},"image":{"@id":"https:\/\/lentraide.es\/es\/tienda\/gewurztraminer\/#primaryimage"},"thumbnailUrl":"https:\/\/lentraide.es\/wp-content\/uploads\/2020\/11\/Gewurzstraminer.png","datePublished":"2020-11-11T18:16:33+00:00","dateModified":"2025-10-29T16:30:00+00:00","breadcrumb":{"@id":"https:\/\/lentraide.es\/es\/tienda\/gewurztraminer\/#breadcrumb"},"inLanguage":"es","potentialAction":[{"@type":"ReadAction","target":["https:\/\/lentraide.es\/es\/tienda\/gewurztraminer\/"]}]},{"@type":"ImageObject","inLanguage":"es","@id":"https:\/\/lentraide.es\/es\/tienda\/gewurztraminer\/#primaryimage","url":"https:\/\/lentraide.es\/wp-content\/uploads\/2020\/11\/Gewurzstraminer.png","contentUrl":"https:\/\/lentraide.es\/wp-content\/uploads\/2020\/11\/Gewurzstraminer.png","width":300,"height":600},{"@type":"BreadcrumbList","@id":"https:\/\/lentraide.es\/es\/tienda\/gewurztraminer\/#breadcrumb","itemListElement":[{"@type":"ListItem","position":1,"name":"Accueil","item":"https:\/\/lentraide.es\/es\/"},{"@type":"ListItem","position":2,"name":"Tienda","item":"https:\/\/lentraide.es\/es\/tienda\/"},{"@type":"ListItem","position":3,"name":"GEWURZTRAMINER"}]},{"@type":"WebSite","@id":"https:\/\/lentraide.es\/fr\/#website","url":"https:\/\/lentraide.es\/fr\/","name":"Entraide Fran\u00e7aise","description":"Une main tendue vers la France","publisher":{"@id":"https:\/\/lentraide.es\/fr\/#organization"},"alternateName":"L'entraide","potentialAction":[{"@type":"SearchAction","target":{"@type":"EntryPoint","urlTemplate":"https:\/\/lentraide.es\/fr\/?s={search_term_string}"},"query-input":{"@type":"PropertyValueSpecification","valueRequired":true,"valueName":"search_term_string"}}],"inLanguage":"es"},{"@type":"Organization","@id":"https:\/\/lentraide.es\/fr\/#organization","name":"Entraide Fran\u00e7aise","alternateName":"L'entraide","url":"https:\/\/lentraide.es\/fr\/","logo":{"@type":"ImageObject","inLanguage":"es","@id":"https:\/\/lentraide.es\/fr\/#\/schema\/logo\/image\/","url":"https:\/\/lentraide.es\/wp-content\/uploads\/2015\/07\/LOGO-azul2.png","contentUrl":"https:\/\/lentraide.es\/wp-content\/uploads\/2015\/07\/LOGO-azul2.png","width":232,"height":146,"caption":"Entraide Fran\u00e7aise"},"image":{"@id":"https:\/\/lentraide.es\/fr\/#\/schema\/logo\/image\/"},"sameAs":["https:\/\/www.facebook.com\/entraide.francaisemadrid","https:\/\/www.instagram.com\/entraidefrancaisemadrid\/"]}]}},"_links":{"self":[{"href":"https:\/\/lentraide.es\/es\/wp-json\/wp\/v2\/product\/35282","targetHints":{"allow":["GET"]}}],"collection":[{"href":"https:\/\/lentraide.es\/es\/wp-json\/wp\/v2\/product"}],"about":[{"href":"https:\/\/lentraide.es\/es\/wp-json\/wp\/v2\/types\/product"}],"wp:featuredmedia":[{"embeddable":true,"href":"https:\/\/lentraide.es\/es\/wp-json\/wp\/v2\/media\/27628"}],"wp:attachment":[{"href":"https:\/\/lentraide.es\/es\/wp-json\/wp\/v2\/media?parent=35282"}],"wp:term":[{"taxonomy":"product_brand","embeddable":true,"href":"https:\/\/lentraide.es\/es\/wp-json\/wp\/v2\/product_brand?post=35282"},{"taxonomy":"product_cat","embeddable":true,"href":"https:\/\/lentraide.es\/es\/wp-json\/wp\/v2\/product_cat?post=35282"},{"taxonomy":"product_tag","embeddable":true,"href":"https:\/\/lentraide.es\/es\/wp-json\/wp\/v2\/product_tag?post=35282"}],"curies":[{"name":"wp","href":"https:\/\/api.w.org\/{rel}","templated":true}]}}