{"id":35317,"date":"2023-11-01T14:00:06","date_gmt":"2023-11-01T13:00:06","guid":{"rendered":"https:\/\/lentraide.es\/tienda\/bloc-foie-gras-de-canard\/"},"modified":"2023-11-09T12:28:59","modified_gmt":"2023-11-09T11:28:59","slug":"bloc-foie-gras-de-canard","status":"publish","type":"product","link":"https:\/\/lentraide.es\/es\/tienda\/bloc-foie-gras-de-canard\/","title":{"rendered":"Bloc de Foie Gras de Pato"},"content":{"rendered":"<p><strong>Ingredientes<\/strong>:\u00a0<strong>Foie Gras de pato (98%), sal, pimienta, az\u00facar y agua.<\/strong><br \/>\n<em>Conservaci\u00f3n en lugar fresco : 5 a\u00f1os.<\/em><\/p>\n","protected":false},"excerpt":{"rendered":"<div class=\"wpb_text_column wpb_content_element \">\n<div class=\"wpb_wrapper\">\n<p><strong>Ingredientes<\/strong>:\u00a0<strong>Foie Gras de pato (98%), sal, pimienta, az\u00facar y agua.<\/strong><br \/>\n<em>Conservaci\u00f3n en lugar fresco : 5 a\u00f1os.<\/em><\/p>\n<\/div>\n<\/div>\n<div class=\"wpb_text_column wpb_content_element \">\n<div class=\"wpb_wrapper\">\n<p>Bloc de Foie gras para servir en canap\u00e9s y tostadas. Elaborado con los mejores Foie Gras del Pato de Villamart\u00edn. Sin aditivos ni conservantes 100% natural. Mantiene sabor de la Calidad Artesanal.<\/p>\n<p>&nbsp;<\/p>\n<\/div>\n<\/div>\n<p><strong>Lata de 200 g<\/strong> &#8211; Para 4 a 5 personas<\/p>\n<p><strong>Lata de 95 g<\/strong> &#8211; En aperitivo para 2 a 3 personas<\/p>\n","protected":false},"featured_media":51692,"template":"","meta":{"_acf_changed":false},"product_brand":[],"product_cat":[259,176],"product_tag":[],"class_list":{"0":"post-35317","1":"product","2":"type-product","3":"status-publish","4":"has-post-thumbnail","6":"product_cat-foie-gras-navidad","7":"product_cat-venta-navidad","9":"first","10":"outofstock","11":"shipping-taxable","12":"purchasable","13":"product-type-variable"},"acf":[],"yoast_head":"<!-- This site is optimized with the Yoast SEO plugin v27.3 - https:\/\/yoast.com\/product\/yoast-seo-wordpress\/ -->\n<title>Bloc de Foie Gras de Pato | Entraide Fran\u00e7aise<\/title>\n<meta name=\"robots\" content=\"index, follow, max-snippet:-1, max-image-preview:large, max-video-preview:-1\" \/>\n<link rel=\"canonical\" href=\"https:\/\/lentraide.es\/es\/tienda\/bloc-foie-gras-de-canard\/\" \/>\n<meta property=\"og:locale\" content=\"es_ES\" \/>\n<meta property=\"og:type\" content=\"article\" \/>\n<meta property=\"og:title\" content=\"Bloc de Foie Gras de Pato | Entraide Fran\u00e7aise\" \/>\n<meta property=\"og:description\" content=\"Ingredientes:\u00a0Foie Gras de pato (98%), sal, pimienta, az\u00facar y agua. Conservaci\u00f3n en lugar fresco : 5 a\u00f1os.       Bloc de Foie gras para servir en canap\u00e9s y tostadas. Elaborado con los mejores Foie Gras del Pato de Villamart\u00edn. Sin aditivos ni conservantes 100% natural. Mantiene sabor de la Calidad Artesanal.  &nbsp;    Lata de 200 g - Para 4 a 5 personas  Lata de 95 g - En aperitivo para 2 a 3 personas\" \/>\n<meta property=\"og:url\" content=\"https:\/\/lentraide.es\/es\/tienda\/bloc-foie-gras-de-canard\/\" \/>\n<meta property=\"og:site_name\" content=\"Entraide Fran\u00e7aise\" \/>\n<meta property=\"article:publisher\" content=\"https:\/\/www.facebook.com\/entraide.francaisemadrid\" \/>\n<meta property=\"article:modified_time\" content=\"2023-11-09T11:28:59+00:00\" \/>\n<meta property=\"og:image\" content=\"https:\/\/lentraide.es\/wp-content\/uploads\/2023\/11\/Bloc-de-foie-gras-de-pato.png\" \/>\n\t<meta property=\"og:image:width\" content=\"433\" \/>\n\t<meta property=\"og:image:height\" content=\"577\" \/>\n\t<meta property=\"og:image:type\" content=\"image\/png\" \/>\n<meta name=\"twitter:card\" content=\"summary_large_image\" \/>\n<script type=\"application\/ld+json\" class=\"yoast-schema-graph\">{\"@context\":\"https:\\\/\\\/schema.org\",\"@graph\":[{\"@type\":\"WebPage\",\"@id\":\"https:\\\/\\\/lentraide.es\\\/es\\\/tienda\\\/bloc-foie-gras-de-canard\\\/\",\"url\":\"https:\\\/\\\/lentraide.es\\\/es\\\/tienda\\\/bloc-foie-gras-de-canard\\\/\",\"name\":\"Bloc de Foie Gras de Pato | Entraide Fran\u00e7aise\",\"isPartOf\":{\"@id\":\"https:\\\/\\\/lentraide.es\\\/fr\\\/#website\"},\"primaryImageOfPage\":{\"@id\":\"https:\\\/\\\/lentraide.es\\\/es\\\/tienda\\\/bloc-foie-gras-de-canard\\\/#primaryimage\"},\"image\":{\"@id\":\"https:\\\/\\\/lentraide.es\\\/es\\\/tienda\\\/bloc-foie-gras-de-canard\\\/#primaryimage\"},\"thumbnailUrl\":\"https:\\\/\\\/lentraide.es\\\/wp-content\\\/uploads\\\/2023\\\/11\\\/Bloc-de-foie-gras-de-pato.png\",\"datePublished\":\"2023-11-01T13:00:06+00:00\",\"dateModified\":\"2023-11-09T11:28:59+00:00\",\"breadcrumb\":{\"@id\":\"https:\\\/\\\/lentraide.es\\\/es\\\/tienda\\\/bloc-foie-gras-de-canard\\\/#breadcrumb\"},\"inLanguage\":\"es\",\"potentialAction\":[{\"@type\":\"ReadAction\",\"target\":[\"https:\\\/\\\/lentraide.es\\\/es\\\/tienda\\\/bloc-foie-gras-de-canard\\\/\"]}]},{\"@type\":\"ImageObject\",\"inLanguage\":\"es\",\"@id\":\"https:\\\/\\\/lentraide.es\\\/es\\\/tienda\\\/bloc-foie-gras-de-canard\\\/#primaryimage\",\"url\":\"https:\\\/\\\/lentraide.es\\\/wp-content\\\/uploads\\\/2023\\\/11\\\/Bloc-de-foie-gras-de-pato.png\",\"contentUrl\":\"https:\\\/\\\/lentraide.es\\\/wp-content\\\/uploads\\\/2023\\\/11\\\/Bloc-de-foie-gras-de-pato.png\",\"width\":433,\"height\":577},{\"@type\":\"BreadcrumbList\",\"@id\":\"https:\\\/\\\/lentraide.es\\\/es\\\/tienda\\\/bloc-foie-gras-de-canard\\\/#breadcrumb\",\"itemListElement\":[{\"@type\":\"ListItem\",\"position\":1,\"name\":\"Accueil\",\"item\":\"https:\\\/\\\/lentraide.es\\\/es\\\/\"},{\"@type\":\"ListItem\",\"position\":2,\"name\":\"Tienda\",\"item\":\"https:\\\/\\\/lentraide.es\\\/es\\\/tienda\\\/\"},{\"@type\":\"ListItem\",\"position\":3,\"name\":\"Bloc de Foie Gras de Pato\"}]},{\"@type\":\"WebSite\",\"@id\":\"https:\\\/\\\/lentraide.es\\\/fr\\\/#website\",\"url\":\"https:\\\/\\\/lentraide.es\\\/fr\\\/\",\"name\":\"Entraide Fran\u00e7aise\",\"description\":\"Une main tendue vers la France\",\"publisher\":{\"@id\":\"https:\\\/\\\/lentraide.es\\\/fr\\\/#organization\"},\"alternateName\":\"L'entraide\",\"potentialAction\":[{\"@type\":\"SearchAction\",\"target\":{\"@type\":\"EntryPoint\",\"urlTemplate\":\"https:\\\/\\\/lentraide.es\\\/fr\\\/?s={search_term_string}\"},\"query-input\":{\"@type\":\"PropertyValueSpecification\",\"valueRequired\":true,\"valueName\":\"search_term_string\"}}],\"inLanguage\":\"es\"},{\"@type\":\"Organization\",\"@id\":\"https:\\\/\\\/lentraide.es\\\/fr\\\/#organization\",\"name\":\"Entraide Fran\u00e7aise\",\"alternateName\":\"L'entraide\",\"url\":\"https:\\\/\\\/lentraide.es\\\/fr\\\/\",\"logo\":{\"@type\":\"ImageObject\",\"inLanguage\":\"es\",\"@id\":\"https:\\\/\\\/lentraide.es\\\/fr\\\/#\\\/schema\\\/logo\\\/image\\\/\",\"url\":\"https:\\\/\\\/lentraide.es\\\/wp-content\\\/uploads\\\/2015\\\/07\\\/LOGO-azul2.png\",\"contentUrl\":\"https:\\\/\\\/lentraide.es\\\/wp-content\\\/uploads\\\/2015\\\/07\\\/LOGO-azul2.png\",\"width\":232,\"height\":146,\"caption\":\"Entraide Fran\u00e7aise\"},\"image\":{\"@id\":\"https:\\\/\\\/lentraide.es\\\/fr\\\/#\\\/schema\\\/logo\\\/image\\\/\"},\"sameAs\":[\"https:\\\/\\\/www.facebook.com\\\/entraide.francaisemadrid\",\"https:\\\/\\\/www.instagram.com\\\/entraidefrancaisemadrid\\\/\"]}]}<\/script>\n<!-- \/ Yoast SEO plugin. -->","yoast_head_json":{"title":"Bloc de Foie Gras de Pato | Entraide Fran\u00e7aise","robots":{"index":"index","follow":"follow","max-snippet":"max-snippet:-1","max-image-preview":"max-image-preview:large","max-video-preview":"max-video-preview:-1"},"canonical":"https:\/\/lentraide.es\/es\/tienda\/bloc-foie-gras-de-canard\/","og_locale":"es_ES","og_type":"article","og_title":"Bloc de Foie Gras de Pato | Entraide Fran\u00e7aise","og_description":"Ingredientes:\u00a0Foie Gras de pato (98%), sal, pimienta, az\u00facar y agua. Conservaci\u00f3n en lugar fresco : 5 a\u00f1os.       Bloc de Foie gras para servir en canap\u00e9s y tostadas. Elaborado con los mejores Foie Gras del Pato de Villamart\u00edn. Sin aditivos ni conservantes 100% natural. Mantiene sabor de la Calidad Artesanal.  &nbsp;    Lata de 200 g - Para 4 a 5 personas  Lata de 95 g - En aperitivo para 2 a 3 personas","og_url":"https:\/\/lentraide.es\/es\/tienda\/bloc-foie-gras-de-canard\/","og_site_name":"Entraide Fran\u00e7aise","article_publisher":"https:\/\/www.facebook.com\/entraide.francaisemadrid","article_modified_time":"2023-11-09T11:28:59+00:00","og_image":[{"width":433,"height":577,"url":"https:\/\/lentraide.es\/wp-content\/uploads\/2023\/11\/Bloc-de-foie-gras-de-pato.png","type":"image\/png"}],"twitter_card":"summary_large_image","schema":{"@context":"https:\/\/schema.org","@graph":[{"@type":"WebPage","@id":"https:\/\/lentraide.es\/es\/tienda\/bloc-foie-gras-de-canard\/","url":"https:\/\/lentraide.es\/es\/tienda\/bloc-foie-gras-de-canard\/","name":"Bloc de Foie Gras de Pato | Entraide Fran\u00e7aise","isPartOf":{"@id":"https:\/\/lentraide.es\/fr\/#website"},"primaryImageOfPage":{"@id":"https:\/\/lentraide.es\/es\/tienda\/bloc-foie-gras-de-canard\/#primaryimage"},"image":{"@id":"https:\/\/lentraide.es\/es\/tienda\/bloc-foie-gras-de-canard\/#primaryimage"},"thumbnailUrl":"https:\/\/lentraide.es\/wp-content\/uploads\/2023\/11\/Bloc-de-foie-gras-de-pato.png","datePublished":"2023-11-01T13:00:06+00:00","dateModified":"2023-11-09T11:28:59+00:00","breadcrumb":{"@id":"https:\/\/lentraide.es\/es\/tienda\/bloc-foie-gras-de-canard\/#breadcrumb"},"inLanguage":"es","potentialAction":[{"@type":"ReadAction","target":["https:\/\/lentraide.es\/es\/tienda\/bloc-foie-gras-de-canard\/"]}]},{"@type":"ImageObject","inLanguage":"es","@id":"https:\/\/lentraide.es\/es\/tienda\/bloc-foie-gras-de-canard\/#primaryimage","url":"https:\/\/lentraide.es\/wp-content\/uploads\/2023\/11\/Bloc-de-foie-gras-de-pato.png","contentUrl":"https:\/\/lentraide.es\/wp-content\/uploads\/2023\/11\/Bloc-de-foie-gras-de-pato.png","width":433,"height":577},{"@type":"BreadcrumbList","@id":"https:\/\/lentraide.es\/es\/tienda\/bloc-foie-gras-de-canard\/#breadcrumb","itemListElement":[{"@type":"ListItem","position":1,"name":"Accueil","item":"https:\/\/lentraide.es\/es\/"},{"@type":"ListItem","position":2,"name":"Tienda","item":"https:\/\/lentraide.es\/es\/tienda\/"},{"@type":"ListItem","position":3,"name":"Bloc de Foie Gras de Pato"}]},{"@type":"WebSite","@id":"https:\/\/lentraide.es\/fr\/#website","url":"https:\/\/lentraide.es\/fr\/","name":"Entraide Fran\u00e7aise","description":"Une main tendue vers la France","publisher":{"@id":"https:\/\/lentraide.es\/fr\/#organization"},"alternateName":"L'entraide","potentialAction":[{"@type":"SearchAction","target":{"@type":"EntryPoint","urlTemplate":"https:\/\/lentraide.es\/fr\/?s={search_term_string}"},"query-input":{"@type":"PropertyValueSpecification","valueRequired":true,"valueName":"search_term_string"}}],"inLanguage":"es"},{"@type":"Organization","@id":"https:\/\/lentraide.es\/fr\/#organization","name":"Entraide Fran\u00e7aise","alternateName":"L'entraide","url":"https:\/\/lentraide.es\/fr\/","logo":{"@type":"ImageObject","inLanguage":"es","@id":"https:\/\/lentraide.es\/fr\/#\/schema\/logo\/image\/","url":"https:\/\/lentraide.es\/wp-content\/uploads\/2015\/07\/LOGO-azul2.png","contentUrl":"https:\/\/lentraide.es\/wp-content\/uploads\/2015\/07\/LOGO-azul2.png","width":232,"height":146,"caption":"Entraide Fran\u00e7aise"},"image":{"@id":"https:\/\/lentraide.es\/fr\/#\/schema\/logo\/image\/"},"sameAs":["https:\/\/www.facebook.com\/entraide.francaisemadrid","https:\/\/www.instagram.com\/entraidefrancaisemadrid\/"]}]}},"_links":{"self":[{"href":"https:\/\/lentraide.es\/es\/wp-json\/wp\/v2\/product\/35317","targetHints":{"allow":["GET"]}}],"collection":[{"href":"https:\/\/lentraide.es\/es\/wp-json\/wp\/v2\/product"}],"about":[{"href":"https:\/\/lentraide.es\/es\/wp-json\/wp\/v2\/types\/product"}],"wp:featuredmedia":[{"embeddable":true,"href":"https:\/\/lentraide.es\/es\/wp-json\/wp\/v2\/media\/51692"}],"wp:attachment":[{"href":"https:\/\/lentraide.es\/es\/wp-json\/wp\/v2\/media?parent=35317"}],"wp:term":[{"taxonomy":"product_brand","embeddable":true,"href":"https:\/\/lentraide.es\/es\/wp-json\/wp\/v2\/product_brand?post=35317"},{"taxonomy":"product_cat","embeddable":true,"href":"https:\/\/lentraide.es\/es\/wp-json\/wp\/v2\/product_cat?post=35317"},{"taxonomy":"product_tag","embeddable":true,"href":"https:\/\/lentraide.es\/es\/wp-json\/wp\/v2\/product_tag?post=35317"}],"curies":[{"name":"wp","href":"https:\/\/api.w.org\/{rel}","templated":true}]}}