{"id":35395,"date":"2023-11-01T13:00:48","date_gmt":"2023-11-01T12:00:48","guid":{"rendered":"https:\/\/lentraide.es\/?post_type=product&#038;p=35395"},"modified":"2025-12-17T16:44:07","modified_gmt":"2025-12-17T15:44:07","slug":"huitres-3","status":"publish","type":"product","link":"https:\/\/lentraide.es\/es\/tienda\/huitres-3\/","title":{"rendered":"Ostras n\u00ba 3"},"content":{"rendered":"<p><strong>Zona de pesca:<\/strong> La Tremblade<\/p>\n<p><strong>Especie:<\/strong> Ostra Fine de claire<\/p>\n<p>Deliciosos como entrante, o para adornar una mariscada, se entregan en canasta de 24 ostras y conservan toda su frescura y sabor.<\/p>\n<p>!Un viaje de sabor garantizado\u00a1<\/p>\n<p>Nuestras ostras se envasan en cestas planas para mantener su nivel de agua y as\u00ed preservar su frescura. Es gracias a este sistema que las ostras ofrecen un sabor yodado.<\/p>\n","protected":false},"excerpt":{"rendered":"<p><strong>Ostras de La Tremblade &#8211; Canasta de 24 piezas (Fines de claire n\u00ba 3)<\/strong><\/p>\n<p>Te ofrecemos nuestras <strong>Fines de claire n \u00b03<\/strong>, producidas por la familia GEAY. Estas ostras de tama\u00f1o mediano son ideales como entrante o para una mariscada.<\/p>\n<p><strong>\u00a1Un viaje de sabor garantizado!<\/strong><\/p>\n<p>&nbsp;<\/p>\n<p><strong>ATENCI\u00d3N: Aseg\u00farese de elegir su opci\u00f3n de recogida de productos :<\/strong><\/p>\n<ul>\n<li>\n<div role=\"presentation\"><b>el domingo 14 de diciembre<\/b>\u00a0a partir de las 10 horas, directamente en el stand de Ostras ubicado en el sal\u00f3n gastron\u00f3mico Mercado Solidario de Navidad;\u00a0en este caso, la fecha tope para realizar el pedido es el<b> 9 de diciembre<\/b><\/div>\n<\/li>\n<li>\n<div role=\"presentation\">el miercoles 24 de diciembre de 12 a 14 horas\u00a0en\u00a0la sala Blanche de Castille, San Luis de los Franceses, Calle de Padilla 9 , 28006 Madrid (Barrio de Salamanca);en este caso, la fecha tope para realizar el pedido es el\u00a0<b>19 de diciembre<\/b><\/div>\n<\/li>\n<li>\n<div role=\"presentation\"><b>e<\/b><b>l miercoles 31\u00a0 de diciembre<\/b>\u00a0de 12 a 14 horas en\u00a0la sala Blanche de Castille, San Luis de los Franceses, Calle de Padilla 9 , 28006 Madrid (Barrio de Salamanca);\u00a0en este caso, la fecha tope para realizar el pedido es el\u00a0<b>26 de diciembre<\/b><\/div>\n<\/li>\n<\/ul>\n","protected":false},"featured_media":35405,"template":"","meta":{"_acf_changed":false},"product_brand":[],"product_cat":[257,176],"product_tag":[],"class_list":{"0":"post-35395","1":"product","2":"type-product","3":"status-publish","4":"has-post-thumbnail","6":"product_cat-ostras-para-navidad","7":"product_cat-venta-navidad","9":"first","10":"outofstock","11":"shipping-taxable","12":"purchasable","13":"product-type-variable","14":"has-default-attributes"},"acf":[],"yoast_head":"<!-- This site is optimized with the Yoast SEO plugin v27.3 - https:\/\/yoast.com\/product\/yoast-seo-wordpress\/ -->\n<title>Ostras n\u00ba 3 | Entraide Fran\u00e7aise<\/title>\n<meta name=\"robots\" content=\"index, follow, max-snippet:-1, max-image-preview:large, max-video-preview:-1\" \/>\n<link rel=\"canonical\" href=\"https:\/\/lentraide.es\/es\/tienda\/huitres-3\/\" \/>\n<meta property=\"og:locale\" content=\"es_ES\" \/>\n<meta property=\"og:type\" content=\"article\" \/>\n<meta property=\"og:title\" content=\"Ostras n\u00ba 3 | Entraide Fran\u00e7aise\" \/>\n<meta property=\"og:description\" content=\"Ostras de La Tremblade - Canasta de 24 piezas (Fines de claire n\u00ba 3)  Te ofrecemos nuestras Fines de claire n \u00b03, producidas por la familia GEAY. Estas ostras de tama\u00f1o mediano son ideales como entrante o para una mariscada.  \u00a1Un viaje de sabor garantizado!  &nbsp;  ATENCI\u00d3N: Aseg\u00farese de elegir su opci\u00f3n de recogida de productos :    el domingo 14 de diciembre\u00a0a partir de las 10 horas, directamente en el stand de Ostras ubicado en el sal\u00f3n gastron\u00f3mico Mercado Solidario de Navidad;\u00a0en este caso, la fecha tope para realizar el pedido es el 9 de diciembre   el miercoles 24 de diciembre de 12 a 14 horas\u00a0en\u00a0la sala Blanche de Castille, San Luis de los Franceses, Calle de Padilla 9 , 28006 Madrid (Barrio de Salamanca);en este caso, la fecha tope para realizar el pedido es el\u00a019 de diciembre   el miercoles 31\u00a0 de diciembre\u00a0de 12 a 14 horas en\u00a0la sala Blanche de Castille, San Luis de los Franceses, Calle de Padilla 9 , 28006 Madrid (Barrio de Salamanca);\u00a0en este caso, la fecha tope para realizar el pedido es el\u00a026 de diciembre\" \/>\n<meta property=\"og:url\" content=\"https:\/\/lentraide.es\/es\/tienda\/huitres-3\/\" \/>\n<meta property=\"og:site_name\" content=\"Entraide Fran\u00e7aise\" \/>\n<meta property=\"article:publisher\" content=\"https:\/\/www.facebook.com\/entraide.francaisemadrid\" \/>\n<meta property=\"article:modified_time\" content=\"2025-12-17T15:44:07+00:00\" \/>\n<meta property=\"og:image\" content=\"https:\/\/lentraide.es\/wp-content\/uploads\/2020\/10\/perle-des-greves-ceviche-huitres-578x434-1.jpg\" \/>\n\t<meta property=\"og:image:width\" content=\"434\" \/>\n\t<meta property=\"og:image:height\" content=\"433\" \/>\n\t<meta property=\"og:image:type\" content=\"image\/jpeg\" \/>\n<meta name=\"twitter:card\" content=\"summary_large_image\" \/>\n<meta name=\"twitter:label1\" content=\"Tiempo de lectura\" \/>\n\t<meta name=\"twitter:data1\" content=\"1 minuto\" \/>\n<script type=\"application\/ld+json\" class=\"yoast-schema-graph\">{\"@context\":\"https:\\\/\\\/schema.org\",\"@graph\":[{\"@type\":\"WebPage\",\"@id\":\"https:\\\/\\\/lentraide.es\\\/es\\\/tienda\\\/huitres-3\\\/\",\"url\":\"https:\\\/\\\/lentraide.es\\\/es\\\/tienda\\\/huitres-3\\\/\",\"name\":\"Ostras n\u00ba 3 | Entraide Fran\u00e7aise\",\"isPartOf\":{\"@id\":\"https:\\\/\\\/lentraide.es\\\/fr\\\/#website\"},\"primaryImageOfPage\":{\"@id\":\"https:\\\/\\\/lentraide.es\\\/es\\\/tienda\\\/huitres-3\\\/#primaryimage\"},\"image\":{\"@id\":\"https:\\\/\\\/lentraide.es\\\/es\\\/tienda\\\/huitres-3\\\/#primaryimage\"},\"thumbnailUrl\":\"https:\\\/\\\/lentraide.es\\\/wp-content\\\/uploads\\\/2020\\\/10\\\/perle-des-greves-ceviche-huitres-578x434-1.jpg\",\"datePublished\":\"2023-11-01T12:00:48+00:00\",\"dateModified\":\"2025-12-17T15:44:07+00:00\",\"breadcrumb\":{\"@id\":\"https:\\\/\\\/lentraide.es\\\/es\\\/tienda\\\/huitres-3\\\/#breadcrumb\"},\"inLanguage\":\"es\",\"potentialAction\":[{\"@type\":\"ReadAction\",\"target\":[\"https:\\\/\\\/lentraide.es\\\/es\\\/tienda\\\/huitres-3\\\/\"]}]},{\"@type\":\"ImageObject\",\"inLanguage\":\"es\",\"@id\":\"https:\\\/\\\/lentraide.es\\\/es\\\/tienda\\\/huitres-3\\\/#primaryimage\",\"url\":\"https:\\\/\\\/lentraide.es\\\/wp-content\\\/uploads\\\/2020\\\/10\\\/perle-des-greves-ceviche-huitres-578x434-1.jpg\",\"contentUrl\":\"https:\\\/\\\/lentraide.es\\\/wp-content\\\/uploads\\\/2020\\\/10\\\/perle-des-greves-ceviche-huitres-578x434-1.jpg\",\"width\":434,\"height\":433},{\"@type\":\"BreadcrumbList\",\"@id\":\"https:\\\/\\\/lentraide.es\\\/es\\\/tienda\\\/huitres-3\\\/#breadcrumb\",\"itemListElement\":[{\"@type\":\"ListItem\",\"position\":1,\"name\":\"Accueil\",\"item\":\"https:\\\/\\\/lentraide.es\\\/es\\\/\"},{\"@type\":\"ListItem\",\"position\":2,\"name\":\"Tienda\",\"item\":\"https:\\\/\\\/lentraide.es\\\/es\\\/tienda\\\/\"},{\"@type\":\"ListItem\",\"position\":3,\"name\":\"Ostras n\u00ba 3\"}]},{\"@type\":\"WebSite\",\"@id\":\"https:\\\/\\\/lentraide.es\\\/fr\\\/#website\",\"url\":\"https:\\\/\\\/lentraide.es\\\/fr\\\/\",\"name\":\"Entraide Fran\u00e7aise\",\"description\":\"Une main tendue vers la France\",\"publisher\":{\"@id\":\"https:\\\/\\\/lentraide.es\\\/fr\\\/#organization\"},\"alternateName\":\"L'entraide\",\"potentialAction\":[{\"@type\":\"SearchAction\",\"target\":{\"@type\":\"EntryPoint\",\"urlTemplate\":\"https:\\\/\\\/lentraide.es\\\/fr\\\/?s={search_term_string}\"},\"query-input\":{\"@type\":\"PropertyValueSpecification\",\"valueRequired\":true,\"valueName\":\"search_term_string\"}}],\"inLanguage\":\"es\"},{\"@type\":\"Organization\",\"@id\":\"https:\\\/\\\/lentraide.es\\\/fr\\\/#organization\",\"name\":\"Entraide Fran\u00e7aise\",\"alternateName\":\"L'entraide\",\"url\":\"https:\\\/\\\/lentraide.es\\\/fr\\\/\",\"logo\":{\"@type\":\"ImageObject\",\"inLanguage\":\"es\",\"@id\":\"https:\\\/\\\/lentraide.es\\\/fr\\\/#\\\/schema\\\/logo\\\/image\\\/\",\"url\":\"https:\\\/\\\/lentraide.es\\\/wp-content\\\/uploads\\\/2015\\\/07\\\/LOGO-azul2.png\",\"contentUrl\":\"https:\\\/\\\/lentraide.es\\\/wp-content\\\/uploads\\\/2015\\\/07\\\/LOGO-azul2.png\",\"width\":232,\"height\":146,\"caption\":\"Entraide Fran\u00e7aise\"},\"image\":{\"@id\":\"https:\\\/\\\/lentraide.es\\\/fr\\\/#\\\/schema\\\/logo\\\/image\\\/\"},\"sameAs\":[\"https:\\\/\\\/www.facebook.com\\\/entraide.francaisemadrid\",\"https:\\\/\\\/www.instagram.com\\\/entraidefrancaisemadrid\\\/\"]}]}<\/script>\n<!-- \/ Yoast SEO plugin. -->","yoast_head_json":{"title":"Ostras n\u00ba 3 | Entraide Fran\u00e7aise","robots":{"index":"index","follow":"follow","max-snippet":"max-snippet:-1","max-image-preview":"max-image-preview:large","max-video-preview":"max-video-preview:-1"},"canonical":"https:\/\/lentraide.es\/es\/tienda\/huitres-3\/","og_locale":"es_ES","og_type":"article","og_title":"Ostras n\u00ba 3 | Entraide Fran\u00e7aise","og_description":"Ostras de La Tremblade - Canasta de 24 piezas (Fines de claire n\u00ba 3)  Te ofrecemos nuestras Fines de claire n \u00b03, producidas por la familia GEAY. Estas ostras de tama\u00f1o mediano son ideales como entrante o para una mariscada.  \u00a1Un viaje de sabor garantizado!  &nbsp;  ATENCI\u00d3N: Aseg\u00farese de elegir su opci\u00f3n de recogida de productos :    el domingo 14 de diciembre\u00a0a partir de las 10 horas, directamente en el stand de Ostras ubicado en el sal\u00f3n gastron\u00f3mico Mercado Solidario de Navidad;\u00a0en este caso, la fecha tope para realizar el pedido es el 9 de diciembre   el miercoles 24 de diciembre de 12 a 14 horas\u00a0en\u00a0la sala Blanche de Castille, San Luis de los Franceses, Calle de Padilla 9 , 28006 Madrid (Barrio de Salamanca);en este caso, la fecha tope para realizar el pedido es el\u00a019 de diciembre   el miercoles 31\u00a0 de diciembre\u00a0de 12 a 14 horas en\u00a0la sala Blanche de Castille, San Luis de los Franceses, Calle de Padilla 9 , 28006 Madrid (Barrio de Salamanca);\u00a0en este caso, la fecha tope para realizar el pedido es el\u00a026 de diciembre","og_url":"https:\/\/lentraide.es\/es\/tienda\/huitres-3\/","og_site_name":"Entraide Fran\u00e7aise","article_publisher":"https:\/\/www.facebook.com\/entraide.francaisemadrid","article_modified_time":"2025-12-17T15:44:07+00:00","og_image":[{"width":434,"height":433,"url":"https:\/\/lentraide.es\/wp-content\/uploads\/2020\/10\/perle-des-greves-ceviche-huitres-578x434-1.jpg","type":"image\/jpeg"}],"twitter_card":"summary_large_image","twitter_misc":{"Tiempo de lectura":"1 minuto"},"schema":{"@context":"https:\/\/schema.org","@graph":[{"@type":"WebPage","@id":"https:\/\/lentraide.es\/es\/tienda\/huitres-3\/","url":"https:\/\/lentraide.es\/es\/tienda\/huitres-3\/","name":"Ostras n\u00ba 3 | Entraide Fran\u00e7aise","isPartOf":{"@id":"https:\/\/lentraide.es\/fr\/#website"},"primaryImageOfPage":{"@id":"https:\/\/lentraide.es\/es\/tienda\/huitres-3\/#primaryimage"},"image":{"@id":"https:\/\/lentraide.es\/es\/tienda\/huitres-3\/#primaryimage"},"thumbnailUrl":"https:\/\/lentraide.es\/wp-content\/uploads\/2020\/10\/perle-des-greves-ceviche-huitres-578x434-1.jpg","datePublished":"2023-11-01T12:00:48+00:00","dateModified":"2025-12-17T15:44:07+00:00","breadcrumb":{"@id":"https:\/\/lentraide.es\/es\/tienda\/huitres-3\/#breadcrumb"},"inLanguage":"es","potentialAction":[{"@type":"ReadAction","target":["https:\/\/lentraide.es\/es\/tienda\/huitres-3\/"]}]},{"@type":"ImageObject","inLanguage":"es","@id":"https:\/\/lentraide.es\/es\/tienda\/huitres-3\/#primaryimage","url":"https:\/\/lentraide.es\/wp-content\/uploads\/2020\/10\/perle-des-greves-ceviche-huitres-578x434-1.jpg","contentUrl":"https:\/\/lentraide.es\/wp-content\/uploads\/2020\/10\/perle-des-greves-ceviche-huitres-578x434-1.jpg","width":434,"height":433},{"@type":"BreadcrumbList","@id":"https:\/\/lentraide.es\/es\/tienda\/huitres-3\/#breadcrumb","itemListElement":[{"@type":"ListItem","position":1,"name":"Accueil","item":"https:\/\/lentraide.es\/es\/"},{"@type":"ListItem","position":2,"name":"Tienda","item":"https:\/\/lentraide.es\/es\/tienda\/"},{"@type":"ListItem","position":3,"name":"Ostras n\u00ba 3"}]},{"@type":"WebSite","@id":"https:\/\/lentraide.es\/fr\/#website","url":"https:\/\/lentraide.es\/fr\/","name":"Entraide Fran\u00e7aise","description":"Une main tendue vers la France","publisher":{"@id":"https:\/\/lentraide.es\/fr\/#organization"},"alternateName":"L'entraide","potentialAction":[{"@type":"SearchAction","target":{"@type":"EntryPoint","urlTemplate":"https:\/\/lentraide.es\/fr\/?s={search_term_string}"},"query-input":{"@type":"PropertyValueSpecification","valueRequired":true,"valueName":"search_term_string"}}],"inLanguage":"es"},{"@type":"Organization","@id":"https:\/\/lentraide.es\/fr\/#organization","name":"Entraide Fran\u00e7aise","alternateName":"L'entraide","url":"https:\/\/lentraide.es\/fr\/","logo":{"@type":"ImageObject","inLanguage":"es","@id":"https:\/\/lentraide.es\/fr\/#\/schema\/logo\/image\/","url":"https:\/\/lentraide.es\/wp-content\/uploads\/2015\/07\/LOGO-azul2.png","contentUrl":"https:\/\/lentraide.es\/wp-content\/uploads\/2015\/07\/LOGO-azul2.png","width":232,"height":146,"caption":"Entraide Fran\u00e7aise"},"image":{"@id":"https:\/\/lentraide.es\/fr\/#\/schema\/logo\/image\/"},"sameAs":["https:\/\/www.facebook.com\/entraide.francaisemadrid","https:\/\/www.instagram.com\/entraidefrancaisemadrid\/"]}]}},"_links":{"self":[{"href":"https:\/\/lentraide.es\/es\/wp-json\/wp\/v2\/product\/35395","targetHints":{"allow":["GET"]}}],"collection":[{"href":"https:\/\/lentraide.es\/es\/wp-json\/wp\/v2\/product"}],"about":[{"href":"https:\/\/lentraide.es\/es\/wp-json\/wp\/v2\/types\/product"}],"wp:featuredmedia":[{"embeddable":true,"href":"https:\/\/lentraide.es\/es\/wp-json\/wp\/v2\/media\/35405"}],"wp:attachment":[{"href":"https:\/\/lentraide.es\/es\/wp-json\/wp\/v2\/media?parent=35395"}],"wp:term":[{"taxonomy":"product_brand","embeddable":true,"href":"https:\/\/lentraide.es\/es\/wp-json\/wp\/v2\/product_brand?post=35395"},{"taxonomy":"product_cat","embeddable":true,"href":"https:\/\/lentraide.es\/es\/wp-json\/wp\/v2\/product_cat?post=35395"},{"taxonomy":"product_tag","embeddable":true,"href":"https:\/\/lentraide.es\/es\/wp-json\/wp\/v2\/product_tag?post=35395"}],"curies":[{"name":"wp","href":"https:\/\/api.w.org\/{rel}","templated":true}]}}