{"id":51907,"date":"2023-11-06T12:00:10","date_gmt":"2023-11-06T11:00:10","guid":{"rendered":"https:\/\/lentraide.es\/tienda\/coup-de-coeur\/"},"modified":"2023-12-16T09:43:53","modified_gmt":"2023-12-16T08:43:53","slug":"coup-de-coeur","status":"publish","type":"product","link":"https:\/\/lentraide.es\/es\/tienda\/coup-de-coeur\/","title":{"rendered":"Coffret Coup de Coeur"},"content":{"rendered":"<div class=\"wpb-content-wrapper\"><p>[vc_row css_animation=\u00bb\u00bb row_type=\u00bbrow\u00bb use_row_as_full_screen_section=\u00bbno\u00bb type=\u00bbfull_width\u00bb angled_section=\u00bbno\u00bb text_align=\u00bbleft\u00bb background_image_as_pattern=\u00bbwithout_pattern\u00bb][vc_column][vc_column_text]<\/p>\n<h4>Coffret Coup de Coeur<\/h4>\n<p>Descubra y regale estos 3 deliciosos aceites, fruto de un saber hacer \u00fanico que se remonta a m\u00e1s de un siglo. Este tr\u00edo de aceites re\u00fane los productos emblem\u00e1ticos de La Tourangelle en un \u00fanico estuche de regalo para el mayor placer de los gourmets.<\/p>\n<p><em><strong>Aceite de nuez:<\/strong><\/em><br \/>\nSu sabor a nuez tostada realza sus vinagretas, carnes rojas, carnes a la brasa, platos salseados y reposter\u00eda.<\/p>\n<p><em><strong>Aceite de avellana:<\/strong><\/em><br \/>\nSu sabor afrutado y pralin\u00e9 realzar\u00e1 sus ensaladas, carnes y reposter\u00eda.<\/p>\n<p><em><strong>Aceite de s\u00e9samo virgen:<\/strong><\/em><br \/>\nSu sabor afrutado y pralin\u00e9 realzar\u00e1 sus ensaladas, carnes y reposter\u00eda. El aceite de s\u00e9samo virgen aporta una nota de atrevimiento a ensaladas, tartares, woks y pescados, y condimenta adobos y platos de pasta.<br \/>\n\u00a1Un viaje a Asia garantizado![\/vc_column_text][\/vc_column][\/vc_row]<\/p>\n<\/div>","protected":false},"excerpt":{"rendered":"<p>Descubra y regale estos 3 deliciosos aceites, fruto de un saber hacer \u00fanico que se remonta a m\u00e1s de un siglo. Este tr\u00edo de aceites re\u00fane los productos emblem\u00e1ticos de La Tourangelle en un \u00fanico estuche de regalo para el mayor placer de los gourmets.<\/p>\n<p><em><strong>Aceite de nuez:<\/strong><\/em><br \/>\nSu sabor a nuez tostada realza sus vinagretas, carnes rojas, carnes a la brasa, platos salseados y reposter\u00eda.<\/p>\n<p><em><strong>Aceite de avellana:<\/strong><\/em><br \/>\nSu sabor afrutado y pralin\u00e9 realzar\u00e1 sus ensaladas, carnes y reposter\u00eda.<\/p>\n<p><em><strong>Aceite de s\u00e9samo virgen:<\/strong><\/em><br \/>\nSu sabor afrutado y pralin\u00e9 realzar\u00e1 sus ensaladas, carnes y reposter\u00eda. El aceite de s\u00e9samo virgen aporta una nota de atrevimiento a ensaladas, tartares, woks y pescados, y condimenta adobos y platos de pasta.<br \/>\n\u00a1Un viaje a Asia garantizado!<\/p>\n","protected":false},"featured_media":51400,"template":"","meta":{"_acf_changed":false},"product_brand":[],"product_cat":[176],"product_tag":[],"class_list":{"0":"post-51907","1":"product","2":"type-product","3":"status-publish","4":"has-post-thumbnail","6":"product_cat-venta-navidad","8":"first","9":"outofstock","10":"shipping-taxable","11":"purchasable","12":"product-type-simple"},"acf":[],"yoast_head":"<!-- This site is optimized with the Yoast SEO plugin v26.9 - https:\/\/yoast.com\/product\/yoast-seo-wordpress\/ -->\n<title>Coffret Coup de Coeur | Entraide Fran\u00e7aise<\/title>\n<meta name=\"robots\" content=\"index, follow, max-snippet:-1, max-image-preview:large, max-video-preview:-1\" \/>\n<link rel=\"canonical\" href=\"https:\/\/lentraide.es\/es\/tienda\/coup-de-coeur\/\" \/>\n<meta property=\"og:locale\" content=\"es_ES\" \/>\n<meta property=\"og:type\" content=\"article\" \/>\n<meta property=\"og:title\" content=\"Coffret Coup de Coeur | Entraide Fran\u00e7aise\" \/>\n<meta property=\"og:description\" content=\"Descubra y regale estos 3 deliciosos aceites, fruto de un saber hacer \u00fanico que se remonta a m\u00e1s de un siglo. Este tr\u00edo de aceites re\u00fane los productos emblem\u00e1ticos de La Tourangelle en un \u00fanico estuche de regalo para el mayor placer de los gourmets.  Aceite de nuez: Su sabor a nuez tostada realza sus vinagretas, carnes rojas, carnes a la brasa, platos salseados y reposter\u00eda.  Aceite de avellana: Su sabor afrutado y pralin\u00e9 realzar\u00e1 sus ensaladas, carnes y reposter\u00eda.  Aceite de s\u00e9samo virgen: Su sabor afrutado y pralin\u00e9 realzar\u00e1 sus ensaladas, carnes y reposter\u00eda. El aceite de s\u00e9samo virgen aporta una nota de atrevimiento a ensaladas, tartares, woks y pescados, y condimenta adobos y platos de pasta. \u00a1Un viaje a Asia garantizado!\" \/>\n<meta property=\"og:url\" content=\"https:\/\/lentraide.es\/es\/tienda\/coup-de-coeur\/\" \/>\n<meta property=\"og:site_name\" content=\"Entraide Fran\u00e7aise\" \/>\n<meta property=\"article:publisher\" content=\"https:\/\/www.facebook.com\/entraide.francaisemadrid\" \/>\n<meta property=\"article:modified_time\" content=\"2023-12-16T08:43:53+00:00\" \/>\n<meta property=\"og:image\" content=\"https:\/\/lentraide.es\/wp-content\/uploads\/2023\/11\/coup-de-coeur.png\" \/>\n\t<meta property=\"og:image:width\" content=\"500\" \/>\n\t<meta property=\"og:image:height\" content=\"500\" \/>\n\t<meta property=\"og:image:type\" content=\"image\/png\" \/>\n<meta name=\"twitter:card\" content=\"summary_large_image\" \/>\n<meta name=\"twitter:label1\" content=\"Tiempo de lectura\" \/>\n\t<meta name=\"twitter:data1\" content=\"1 minuto\" \/>\n<script type=\"application\/ld+json\" class=\"yoast-schema-graph\">{\"@context\":\"https:\/\/schema.org\",\"@graph\":[{\"@type\":\"WebPage\",\"@id\":\"https:\/\/lentraide.es\/es\/tienda\/coup-de-coeur\/\",\"url\":\"https:\/\/lentraide.es\/es\/tienda\/coup-de-coeur\/\",\"name\":\"Coffret Coup de Coeur | Entraide Fran\u00e7aise\",\"isPartOf\":{\"@id\":\"https:\/\/lentraide.es\/fr\/#website\"},\"primaryImageOfPage\":{\"@id\":\"https:\/\/lentraide.es\/es\/tienda\/coup-de-coeur\/#primaryimage\"},\"image\":{\"@id\":\"https:\/\/lentraide.es\/es\/tienda\/coup-de-coeur\/#primaryimage\"},\"thumbnailUrl\":\"https:\/\/lentraide.es\/wp-content\/uploads\/2023\/11\/coup-de-coeur.png\",\"datePublished\":\"2023-11-06T11:00:10+00:00\",\"dateModified\":\"2023-12-16T08:43:53+00:00\",\"breadcrumb\":{\"@id\":\"https:\/\/lentraide.es\/es\/tienda\/coup-de-coeur\/#breadcrumb\"},\"inLanguage\":\"es\",\"potentialAction\":[{\"@type\":\"ReadAction\",\"target\":[\"https:\/\/lentraide.es\/es\/tienda\/coup-de-coeur\/\"]}]},{\"@type\":\"ImageObject\",\"inLanguage\":\"es\",\"@id\":\"https:\/\/lentraide.es\/es\/tienda\/coup-de-coeur\/#primaryimage\",\"url\":\"https:\/\/lentraide.es\/wp-content\/uploads\/2023\/11\/coup-de-coeur.png\",\"contentUrl\":\"https:\/\/lentraide.es\/wp-content\/uploads\/2023\/11\/coup-de-coeur.png\",\"width\":500,\"height\":500},{\"@type\":\"BreadcrumbList\",\"@id\":\"https:\/\/lentraide.es\/es\/tienda\/coup-de-coeur\/#breadcrumb\",\"itemListElement\":[{\"@type\":\"ListItem\",\"position\":1,\"name\":\"Accueil\",\"item\":\"https:\/\/lentraide.es\/es\/\"},{\"@type\":\"ListItem\",\"position\":2,\"name\":\"Tienda\",\"item\":\"https:\/\/lentraide.es\/es\/tienda\/\"},{\"@type\":\"ListItem\",\"position\":3,\"name\":\"Coffret Coup de Coeur\"}]},{\"@type\":\"WebSite\",\"@id\":\"https:\/\/lentraide.es\/fr\/#website\",\"url\":\"https:\/\/lentraide.es\/fr\/\",\"name\":\"Entraide Fran\u00e7aise\",\"description\":\"Une main tendue vers la France\",\"publisher\":{\"@id\":\"https:\/\/lentraide.es\/fr\/#organization\"},\"alternateName\":\"L'entraide\",\"potentialAction\":[{\"@type\":\"SearchAction\",\"target\":{\"@type\":\"EntryPoint\",\"urlTemplate\":\"https:\/\/lentraide.es\/fr\/?s={search_term_string}\"},\"query-input\":{\"@type\":\"PropertyValueSpecification\",\"valueRequired\":true,\"valueName\":\"search_term_string\"}}],\"inLanguage\":\"es\"},{\"@type\":\"Organization\",\"@id\":\"https:\/\/lentraide.es\/fr\/#organization\",\"name\":\"Entraide Fran\u00e7aise\",\"alternateName\":\"L'entraide\",\"url\":\"https:\/\/lentraide.es\/fr\/\",\"logo\":{\"@type\":\"ImageObject\",\"inLanguage\":\"es\",\"@id\":\"https:\/\/lentraide.es\/fr\/#\/schema\/logo\/image\/\",\"url\":\"https:\/\/lentraide.es\/wp-content\/uploads\/2015\/07\/LOGO-azul2.png\",\"contentUrl\":\"https:\/\/lentraide.es\/wp-content\/uploads\/2015\/07\/LOGO-azul2.png\",\"width\":232,\"height\":146,\"caption\":\"Entraide Fran\u00e7aise\"},\"image\":{\"@id\":\"https:\/\/lentraide.es\/fr\/#\/schema\/logo\/image\/\"},\"sameAs\":[\"https:\/\/www.facebook.com\/entraide.francaisemadrid\",\"https:\/\/www.instagram.com\/entraidefrancaisemadrid\/\"]}]}<\/script>\n<!-- \/ Yoast SEO plugin. -->","yoast_head_json":{"title":"Coffret Coup de Coeur | Entraide Fran\u00e7aise","robots":{"index":"index","follow":"follow","max-snippet":"max-snippet:-1","max-image-preview":"max-image-preview:large","max-video-preview":"max-video-preview:-1"},"canonical":"https:\/\/lentraide.es\/es\/tienda\/coup-de-coeur\/","og_locale":"es_ES","og_type":"article","og_title":"Coffret Coup de Coeur | Entraide Fran\u00e7aise","og_description":"Descubra y regale estos 3 deliciosos aceites, fruto de un saber hacer \u00fanico que se remonta a m\u00e1s de un siglo. Este tr\u00edo de aceites re\u00fane los productos emblem\u00e1ticos de La Tourangelle en un \u00fanico estuche de regalo para el mayor placer de los gourmets.  Aceite de nuez: Su sabor a nuez tostada realza sus vinagretas, carnes rojas, carnes a la brasa, platos salseados y reposter\u00eda.  Aceite de avellana: Su sabor afrutado y pralin\u00e9 realzar\u00e1 sus ensaladas, carnes y reposter\u00eda.  Aceite de s\u00e9samo virgen: Su sabor afrutado y pralin\u00e9 realzar\u00e1 sus ensaladas, carnes y reposter\u00eda. El aceite de s\u00e9samo virgen aporta una nota de atrevimiento a ensaladas, tartares, woks y pescados, y condimenta adobos y platos de pasta. \u00a1Un viaje a Asia garantizado!","og_url":"https:\/\/lentraide.es\/es\/tienda\/coup-de-coeur\/","og_site_name":"Entraide Fran\u00e7aise","article_publisher":"https:\/\/www.facebook.com\/entraide.francaisemadrid","article_modified_time":"2023-12-16T08:43:53+00:00","og_image":[{"width":500,"height":500,"url":"https:\/\/lentraide.es\/wp-content\/uploads\/2023\/11\/coup-de-coeur.png","type":"image\/png"}],"twitter_card":"summary_large_image","twitter_misc":{"Tiempo de lectura":"1 minuto"},"schema":{"@context":"https:\/\/schema.org","@graph":[{"@type":"WebPage","@id":"https:\/\/lentraide.es\/es\/tienda\/coup-de-coeur\/","url":"https:\/\/lentraide.es\/es\/tienda\/coup-de-coeur\/","name":"Coffret Coup de Coeur | Entraide Fran\u00e7aise","isPartOf":{"@id":"https:\/\/lentraide.es\/fr\/#website"},"primaryImageOfPage":{"@id":"https:\/\/lentraide.es\/es\/tienda\/coup-de-coeur\/#primaryimage"},"image":{"@id":"https:\/\/lentraide.es\/es\/tienda\/coup-de-coeur\/#primaryimage"},"thumbnailUrl":"https:\/\/lentraide.es\/wp-content\/uploads\/2023\/11\/coup-de-coeur.png","datePublished":"2023-11-06T11:00:10+00:00","dateModified":"2023-12-16T08:43:53+00:00","breadcrumb":{"@id":"https:\/\/lentraide.es\/es\/tienda\/coup-de-coeur\/#breadcrumb"},"inLanguage":"es","potentialAction":[{"@type":"ReadAction","target":["https:\/\/lentraide.es\/es\/tienda\/coup-de-coeur\/"]}]},{"@type":"ImageObject","inLanguage":"es","@id":"https:\/\/lentraide.es\/es\/tienda\/coup-de-coeur\/#primaryimage","url":"https:\/\/lentraide.es\/wp-content\/uploads\/2023\/11\/coup-de-coeur.png","contentUrl":"https:\/\/lentraide.es\/wp-content\/uploads\/2023\/11\/coup-de-coeur.png","width":500,"height":500},{"@type":"BreadcrumbList","@id":"https:\/\/lentraide.es\/es\/tienda\/coup-de-coeur\/#breadcrumb","itemListElement":[{"@type":"ListItem","position":1,"name":"Accueil","item":"https:\/\/lentraide.es\/es\/"},{"@type":"ListItem","position":2,"name":"Tienda","item":"https:\/\/lentraide.es\/es\/tienda\/"},{"@type":"ListItem","position":3,"name":"Coffret Coup de Coeur"}]},{"@type":"WebSite","@id":"https:\/\/lentraide.es\/fr\/#website","url":"https:\/\/lentraide.es\/fr\/","name":"Entraide Fran\u00e7aise","description":"Une main tendue vers la France","publisher":{"@id":"https:\/\/lentraide.es\/fr\/#organization"},"alternateName":"L'entraide","potentialAction":[{"@type":"SearchAction","target":{"@type":"EntryPoint","urlTemplate":"https:\/\/lentraide.es\/fr\/?s={search_term_string}"},"query-input":{"@type":"PropertyValueSpecification","valueRequired":true,"valueName":"search_term_string"}}],"inLanguage":"es"},{"@type":"Organization","@id":"https:\/\/lentraide.es\/fr\/#organization","name":"Entraide Fran\u00e7aise","alternateName":"L'entraide","url":"https:\/\/lentraide.es\/fr\/","logo":{"@type":"ImageObject","inLanguage":"es","@id":"https:\/\/lentraide.es\/fr\/#\/schema\/logo\/image\/","url":"https:\/\/lentraide.es\/wp-content\/uploads\/2015\/07\/LOGO-azul2.png","contentUrl":"https:\/\/lentraide.es\/wp-content\/uploads\/2015\/07\/LOGO-azul2.png","width":232,"height":146,"caption":"Entraide Fran\u00e7aise"},"image":{"@id":"https:\/\/lentraide.es\/fr\/#\/schema\/logo\/image\/"},"sameAs":["https:\/\/www.facebook.com\/entraide.francaisemadrid","https:\/\/www.instagram.com\/entraidefrancaisemadrid\/"]}]}},"_links":{"self":[{"href":"https:\/\/lentraide.es\/es\/wp-json\/wp\/v2\/product\/51907","targetHints":{"allow":["GET"]}}],"collection":[{"href":"https:\/\/lentraide.es\/es\/wp-json\/wp\/v2\/product"}],"about":[{"href":"https:\/\/lentraide.es\/es\/wp-json\/wp\/v2\/types\/product"}],"wp:featuredmedia":[{"embeddable":true,"href":"https:\/\/lentraide.es\/es\/wp-json\/wp\/v2\/media\/51400"}],"wp:attachment":[{"href":"https:\/\/lentraide.es\/es\/wp-json\/wp\/v2\/media?parent=51907"}],"wp:term":[{"taxonomy":"product_brand","embeddable":true,"href":"https:\/\/lentraide.es\/es\/wp-json\/wp\/v2\/product_brand?post=51907"},{"taxonomy":"product_cat","embeddable":true,"href":"https:\/\/lentraide.es\/es\/wp-json\/wp\/v2\/product_cat?post=51907"},{"taxonomy":"product_tag","embeddable":true,"href":"https:\/\/lentraide.es\/es\/wp-json\/wp\/v2\/product_tag?post=51907"}],"curies":[{"name":"wp","href":"https:\/\/api.w.org\/{rel}","templated":true}]}}