{"id":51908,"date":"2023-11-06T12:00:30","date_gmt":"2023-11-06T11:00:30","guid":{"rendered":"https:\/\/lentraide.es\/tienda\/huile-noix\/"},"modified":"2025-10-29T16:31:55","modified_gmt":"2025-10-29T15:31:55","slug":"huile-noix","status":"publish","type":"product","link":"https:\/\/lentraide.es\/es\/tienda\/huile-noix\/","title":{"rendered":"Aceite de Nuez"},"content":{"rendered":"<div class=\"wpb-content-wrapper\"><p>[vc_row css_animation=\u00bb\u00bb row_type=\u00bbrow\u00bb use_row_as_full_screen_section=\u00bbno\u00bb type=\u00bbfull_width\u00bb angled_section=\u00bbno\u00bb text_align=\u00bbleft\u00bb background_image_as_pattern=\u00bbwithout_pattern\u00bb][vc_column][vc_column_text]<\/p>\n<h4><strong>El emblem\u00e1tico aceite de nuez La Tourangelle, con su inimitable sabor tostado.<\/strong><\/h4>\n<p>Las nueces se tuestan antes de ser prensadas, utilizando un aut\u00e9ntico saber hacer que se remonta a m\u00e1s de cien a\u00f1os.<br \/>\nEste producto emblem\u00e1tico de nuestra marca tiene un sabor \u00fanico. Descubra los sabores delicadamente tostados de las nueces que realzar\u00e1n sus vinagretas, carnes rojas, platos en salsa, carnes a la parrilla e incluso su reposter\u00eda.<br \/>\nEl aceite de nuez es naturalmente rico en Omega 3, un \u00e1cido graso esencial para el buen funcionamiento de nuestro organismo. Es ideal para equilibrar la proporci\u00f3n con Omega 6, lo que lo convierte en un complemento saludable para su dieta diaria.[\/vc_column_text][\/vc_column][\/vc_row]<\/p>\n<\/div>","protected":false},"excerpt":{"rendered":"<h4><strong>El emblem\u00e1tico aceite de nuez La Tourangelle, con su inimitable sabor tostado.<\/strong><\/h4>\n<p>Las nueces se tuestan antes de ser prensadas, utilizando un aut\u00e9ntico saber hacer que se remonta a m\u00e1s de cien a\u00f1os.<br \/>\nEste producto emblem\u00e1tico de nuestra marca tiene un sabor \u00fanico. Descubra los sabores delicadamente tostados de las nueces que realzar\u00e1n sus vinagretas, carnes rojas, platos en salsa, carnes a la parrilla e incluso su reposter\u00eda.<br \/>\nEl aceite de nuez es naturalmente rico en Omega 3, un \u00e1cido graso esencial para el buen funcionamiento de nuestro organismo. Es ideal para equilibrar la proporci\u00f3n con Omega 6, lo que lo convierte en un complemento saludable para su dieta diaria.<\/p>\n","protected":false},"featured_media":51408,"template":"","meta":{"_acf_changed":false},"product_brand":[],"product_cat":[258,176],"product_tag":[],"class_list":{"0":"post-51908","1":"product","2":"type-product","3":"status-publish","4":"has-post-thumbnail","6":"product_cat-aceites-gourmet","7":"product_cat-venta-navidad","9":"first","10":"outofstock","11":"shipping-taxable","12":"purchasable","13":"product-type-simple"},"acf":[],"yoast_head":"<!-- This site is optimized with the Yoast SEO plugin v27.3 - https:\/\/yoast.com\/product\/yoast-seo-wordpress\/ -->\n<title>Aceite de Nuez | Entraide Fran\u00e7aise<\/title>\n<meta name=\"robots\" content=\"index, follow, max-snippet:-1, max-image-preview:large, max-video-preview:-1\" \/>\n<link rel=\"canonical\" href=\"https:\/\/lentraide.es\/es\/tienda\/huile-noix\/\" \/>\n<meta property=\"og:locale\" content=\"es_ES\" \/>\n<meta property=\"og:type\" content=\"article\" \/>\n<meta property=\"og:title\" content=\"Aceite de Nuez | Entraide Fran\u00e7aise\" \/>\n<meta property=\"og:description\" content=\"El emblem\u00e1tico aceite de nuez La Tourangelle, con su inimitable sabor tostado. Las nueces se tuestan antes de ser prensadas, utilizando un aut\u00e9ntico saber hacer que se remonta a m\u00e1s de cien a\u00f1os. Este producto emblem\u00e1tico de nuestra marca tiene un sabor \u00fanico. Descubra los sabores delicadamente tostados de las nueces que realzar\u00e1n sus vinagretas, carnes rojas, platos en salsa, carnes a la parrilla e incluso su reposter\u00eda. El aceite de nuez es naturalmente rico en Omega 3, un \u00e1cido graso esencial para el buen funcionamiento de nuestro organismo. Es ideal para equilibrar la proporci\u00f3n con Omega 6, lo que lo convierte en un complemento saludable para su dieta diaria.\" \/>\n<meta property=\"og:url\" content=\"https:\/\/lentraide.es\/es\/tienda\/huile-noix\/\" \/>\n<meta property=\"og:site_name\" content=\"Entraide Fran\u00e7aise\" \/>\n<meta property=\"article:publisher\" content=\"https:\/\/www.facebook.com\/entraide.francaisemadrid\" \/>\n<meta property=\"article:modified_time\" content=\"2025-10-29T15:31:55+00:00\" \/>\n<meta property=\"og:image\" content=\"https:\/\/lentraide.es\/wp-content\/uploads\/2023\/11\/huile-de-noix-1.png\" \/>\n\t<meta property=\"og:image:width\" content=\"752\" \/>\n\t<meta property=\"og:image:height\" content=\"752\" \/>\n\t<meta property=\"og:image:type\" content=\"image\/png\" \/>\n<meta name=\"twitter:card\" content=\"summary_large_image\" \/>\n<meta name=\"twitter:label1\" content=\"Tiempo de lectura\" \/>\n\t<meta name=\"twitter:data1\" content=\"1 minuto\" \/>\n<script type=\"application\/ld+json\" class=\"yoast-schema-graph\">{\"@context\":\"https:\\\/\\\/schema.org\",\"@graph\":[{\"@type\":\"WebPage\",\"@id\":\"https:\\\/\\\/lentraide.es\\\/es\\\/tienda\\\/huile-noix\\\/\",\"url\":\"https:\\\/\\\/lentraide.es\\\/es\\\/tienda\\\/huile-noix\\\/\",\"name\":\"Aceite de Nuez | Entraide Fran\u00e7aise\",\"isPartOf\":{\"@id\":\"https:\\\/\\\/lentraide.es\\\/fr\\\/#website\"},\"primaryImageOfPage\":{\"@id\":\"https:\\\/\\\/lentraide.es\\\/es\\\/tienda\\\/huile-noix\\\/#primaryimage\"},\"image\":{\"@id\":\"https:\\\/\\\/lentraide.es\\\/es\\\/tienda\\\/huile-noix\\\/#primaryimage\"},\"thumbnailUrl\":\"https:\\\/\\\/lentraide.es\\\/wp-content\\\/uploads\\\/2023\\\/11\\\/huile-de-noix-1.png\",\"datePublished\":\"2023-11-06T11:00:30+00:00\",\"dateModified\":\"2025-10-29T15:31:55+00:00\",\"breadcrumb\":{\"@id\":\"https:\\\/\\\/lentraide.es\\\/es\\\/tienda\\\/huile-noix\\\/#breadcrumb\"},\"inLanguage\":\"es\",\"potentialAction\":[{\"@type\":\"ReadAction\",\"target\":[\"https:\\\/\\\/lentraide.es\\\/es\\\/tienda\\\/huile-noix\\\/\"]}]},{\"@type\":\"ImageObject\",\"inLanguage\":\"es\",\"@id\":\"https:\\\/\\\/lentraide.es\\\/es\\\/tienda\\\/huile-noix\\\/#primaryimage\",\"url\":\"https:\\\/\\\/lentraide.es\\\/wp-content\\\/uploads\\\/2023\\\/11\\\/huile-de-noix-1.png\",\"contentUrl\":\"https:\\\/\\\/lentraide.es\\\/wp-content\\\/uploads\\\/2023\\\/11\\\/huile-de-noix-1.png\",\"width\":752,\"height\":752},{\"@type\":\"BreadcrumbList\",\"@id\":\"https:\\\/\\\/lentraide.es\\\/es\\\/tienda\\\/huile-noix\\\/#breadcrumb\",\"itemListElement\":[{\"@type\":\"ListItem\",\"position\":1,\"name\":\"Accueil\",\"item\":\"https:\\\/\\\/lentraide.es\\\/es\\\/\"},{\"@type\":\"ListItem\",\"position\":2,\"name\":\"Tienda\",\"item\":\"https:\\\/\\\/lentraide.es\\\/es\\\/tienda\\\/\"},{\"@type\":\"ListItem\",\"position\":3,\"name\":\"Aceite de Nuez\"}]},{\"@type\":\"WebSite\",\"@id\":\"https:\\\/\\\/lentraide.es\\\/fr\\\/#website\",\"url\":\"https:\\\/\\\/lentraide.es\\\/fr\\\/\",\"name\":\"Entraide Fran\u00e7aise\",\"description\":\"Une main tendue vers la France\",\"publisher\":{\"@id\":\"https:\\\/\\\/lentraide.es\\\/fr\\\/#organization\"},\"alternateName\":\"L'entraide\",\"potentialAction\":[{\"@type\":\"SearchAction\",\"target\":{\"@type\":\"EntryPoint\",\"urlTemplate\":\"https:\\\/\\\/lentraide.es\\\/fr\\\/?s={search_term_string}\"},\"query-input\":{\"@type\":\"PropertyValueSpecification\",\"valueRequired\":true,\"valueName\":\"search_term_string\"}}],\"inLanguage\":\"es\"},{\"@type\":\"Organization\",\"@id\":\"https:\\\/\\\/lentraide.es\\\/fr\\\/#organization\",\"name\":\"Entraide Fran\u00e7aise\",\"alternateName\":\"L'entraide\",\"url\":\"https:\\\/\\\/lentraide.es\\\/fr\\\/\",\"logo\":{\"@type\":\"ImageObject\",\"inLanguage\":\"es\",\"@id\":\"https:\\\/\\\/lentraide.es\\\/fr\\\/#\\\/schema\\\/logo\\\/image\\\/\",\"url\":\"https:\\\/\\\/lentraide.es\\\/wp-content\\\/uploads\\\/2015\\\/07\\\/LOGO-azul2.png\",\"contentUrl\":\"https:\\\/\\\/lentraide.es\\\/wp-content\\\/uploads\\\/2015\\\/07\\\/LOGO-azul2.png\",\"width\":232,\"height\":146,\"caption\":\"Entraide Fran\u00e7aise\"},\"image\":{\"@id\":\"https:\\\/\\\/lentraide.es\\\/fr\\\/#\\\/schema\\\/logo\\\/image\\\/\"},\"sameAs\":[\"https:\\\/\\\/www.facebook.com\\\/entraide.francaisemadrid\",\"https:\\\/\\\/www.instagram.com\\\/entraidefrancaisemadrid\\\/\"]}]}<\/script>\n<!-- \/ Yoast SEO plugin. -->","yoast_head_json":{"title":"Aceite de Nuez | Entraide Fran\u00e7aise","robots":{"index":"index","follow":"follow","max-snippet":"max-snippet:-1","max-image-preview":"max-image-preview:large","max-video-preview":"max-video-preview:-1"},"canonical":"https:\/\/lentraide.es\/es\/tienda\/huile-noix\/","og_locale":"es_ES","og_type":"article","og_title":"Aceite de Nuez | Entraide Fran\u00e7aise","og_description":"El emblem\u00e1tico aceite de nuez La Tourangelle, con su inimitable sabor tostado. Las nueces se tuestan antes de ser prensadas, utilizando un aut\u00e9ntico saber hacer que se remonta a m\u00e1s de cien a\u00f1os. Este producto emblem\u00e1tico de nuestra marca tiene un sabor \u00fanico. Descubra los sabores delicadamente tostados de las nueces que realzar\u00e1n sus vinagretas, carnes rojas, platos en salsa, carnes a la parrilla e incluso su reposter\u00eda. El aceite de nuez es naturalmente rico en Omega 3, un \u00e1cido graso esencial para el buen funcionamiento de nuestro organismo. Es ideal para equilibrar la proporci\u00f3n con Omega 6, lo que lo convierte en un complemento saludable para su dieta diaria.","og_url":"https:\/\/lentraide.es\/es\/tienda\/huile-noix\/","og_site_name":"Entraide Fran\u00e7aise","article_publisher":"https:\/\/www.facebook.com\/entraide.francaisemadrid","article_modified_time":"2025-10-29T15:31:55+00:00","og_image":[{"width":752,"height":752,"url":"https:\/\/lentraide.es\/wp-content\/uploads\/2023\/11\/huile-de-noix-1.png","type":"image\/png"}],"twitter_card":"summary_large_image","twitter_misc":{"Tiempo de lectura":"1 minuto"},"schema":{"@context":"https:\/\/schema.org","@graph":[{"@type":"WebPage","@id":"https:\/\/lentraide.es\/es\/tienda\/huile-noix\/","url":"https:\/\/lentraide.es\/es\/tienda\/huile-noix\/","name":"Aceite de Nuez | Entraide Fran\u00e7aise","isPartOf":{"@id":"https:\/\/lentraide.es\/fr\/#website"},"primaryImageOfPage":{"@id":"https:\/\/lentraide.es\/es\/tienda\/huile-noix\/#primaryimage"},"image":{"@id":"https:\/\/lentraide.es\/es\/tienda\/huile-noix\/#primaryimage"},"thumbnailUrl":"https:\/\/lentraide.es\/wp-content\/uploads\/2023\/11\/huile-de-noix-1.png","datePublished":"2023-11-06T11:00:30+00:00","dateModified":"2025-10-29T15:31:55+00:00","breadcrumb":{"@id":"https:\/\/lentraide.es\/es\/tienda\/huile-noix\/#breadcrumb"},"inLanguage":"es","potentialAction":[{"@type":"ReadAction","target":["https:\/\/lentraide.es\/es\/tienda\/huile-noix\/"]}]},{"@type":"ImageObject","inLanguage":"es","@id":"https:\/\/lentraide.es\/es\/tienda\/huile-noix\/#primaryimage","url":"https:\/\/lentraide.es\/wp-content\/uploads\/2023\/11\/huile-de-noix-1.png","contentUrl":"https:\/\/lentraide.es\/wp-content\/uploads\/2023\/11\/huile-de-noix-1.png","width":752,"height":752},{"@type":"BreadcrumbList","@id":"https:\/\/lentraide.es\/es\/tienda\/huile-noix\/#breadcrumb","itemListElement":[{"@type":"ListItem","position":1,"name":"Accueil","item":"https:\/\/lentraide.es\/es\/"},{"@type":"ListItem","position":2,"name":"Tienda","item":"https:\/\/lentraide.es\/es\/tienda\/"},{"@type":"ListItem","position":3,"name":"Aceite de Nuez"}]},{"@type":"WebSite","@id":"https:\/\/lentraide.es\/fr\/#website","url":"https:\/\/lentraide.es\/fr\/","name":"Entraide Fran\u00e7aise","description":"Une main tendue vers la France","publisher":{"@id":"https:\/\/lentraide.es\/fr\/#organization"},"alternateName":"L'entraide","potentialAction":[{"@type":"SearchAction","target":{"@type":"EntryPoint","urlTemplate":"https:\/\/lentraide.es\/fr\/?s={search_term_string}"},"query-input":{"@type":"PropertyValueSpecification","valueRequired":true,"valueName":"search_term_string"}}],"inLanguage":"es"},{"@type":"Organization","@id":"https:\/\/lentraide.es\/fr\/#organization","name":"Entraide Fran\u00e7aise","alternateName":"L'entraide","url":"https:\/\/lentraide.es\/fr\/","logo":{"@type":"ImageObject","inLanguage":"es","@id":"https:\/\/lentraide.es\/fr\/#\/schema\/logo\/image\/","url":"https:\/\/lentraide.es\/wp-content\/uploads\/2015\/07\/LOGO-azul2.png","contentUrl":"https:\/\/lentraide.es\/wp-content\/uploads\/2015\/07\/LOGO-azul2.png","width":232,"height":146,"caption":"Entraide Fran\u00e7aise"},"image":{"@id":"https:\/\/lentraide.es\/fr\/#\/schema\/logo\/image\/"},"sameAs":["https:\/\/www.facebook.com\/entraide.francaisemadrid","https:\/\/www.instagram.com\/entraidefrancaisemadrid\/"]}]}},"_links":{"self":[{"href":"https:\/\/lentraide.es\/es\/wp-json\/wp\/v2\/product\/51908","targetHints":{"allow":["GET"]}}],"collection":[{"href":"https:\/\/lentraide.es\/es\/wp-json\/wp\/v2\/product"}],"about":[{"href":"https:\/\/lentraide.es\/es\/wp-json\/wp\/v2\/types\/product"}],"wp:featuredmedia":[{"embeddable":true,"href":"https:\/\/lentraide.es\/es\/wp-json\/wp\/v2\/media\/51408"}],"wp:attachment":[{"href":"https:\/\/lentraide.es\/es\/wp-json\/wp\/v2\/media?parent=51908"}],"wp:term":[{"taxonomy":"product_brand","embeddable":true,"href":"https:\/\/lentraide.es\/es\/wp-json\/wp\/v2\/product_brand?post=51908"},{"taxonomy":"product_cat","embeddable":true,"href":"https:\/\/lentraide.es\/es\/wp-json\/wp\/v2\/product_cat?post=51908"},{"taxonomy":"product_tag","embeddable":true,"href":"https:\/\/lentraide.es\/es\/wp-json\/wp\/v2\/product_tag?post=51908"}],"curies":[{"name":"wp","href":"https:\/\/api.w.org\/{rel}","templated":true}]}}