{"id":51915,"date":"2023-11-08T20:10:37","date_gmt":"2023-11-08T19:10:37","guid":{"rendered":"https:\/\/lentraide.es\/tienda\/confiture-cerise-noire\/"},"modified":"2025-10-29T16:22:41","modified_gmt":"2025-10-29T15:22:41","slug":"confiture-cerise-noire","status":"publish","type":"product","link":"https:\/\/lentraide.es\/es\/tienda\/confiture-cerise-noire\/","title":{"rendered":"MERMELADA DE CEREZA NEGRA CON AZ\u00daCAR DE CA\u00d1A"},"content":{"rendered":"<h4><strong>MERMELADA DE CEREZA NEGRA CON AZ\u00daCAR DE CA\u00d1A<\/strong><\/h4>\n<p>La cereza negra, ese emblem\u00e1tico fruto rojo que parece una fruta negra cuando est\u00e1 completamente maduro, es una especialidad imprescindible del suroeste. Aut\u00e9ntica estrella en el Pa\u00eds Vasco, este preparado de frutas elaborado seg\u00fan la mayor tradici\u00f3n de la Casa har\u00e1 las delicias de todos los gourmets.<br \/>\nFresca y deliciosa, esta mermelada fue galardonada con el Ruban Bleu a la mejor mermelada Intersuc de Par\u00eds.<br \/>\nSuele servirse con queso de oveja o pastel vasco, pero est\u00e1 igual de buena en una tostada para el desayuno.<\/p>\n<h4><strong>Tarro de 340 g<\/strong><\/h4>\n","protected":false},"excerpt":{"rendered":"<h4><strong>Tarro de 340 g<\/strong><\/h4>\n<p>La cereza negra, ese emblem\u00e1tico fruto rojo que parece una fruta negra cuando est\u00e1 completamente maduro, es una especialidad imprescindible del suroeste. Aut\u00e9ntica estrella en el Pa\u00eds Vasco, este preparado de frutas elaborado seg\u00fan la mayor tradici\u00f3n de la Casa har\u00e1 las delicias de todos los gourmets.<br \/>\nFresca y deliciosa, esta mermelada fue galardonada con el Ruban Bleu a la mejor mermelada Intersuc de Par\u00eds.<br \/>\nSuele servirse con queso de oveja o pastel vasco, pero est\u00e1 igual de buena en una tostada para el desayuno.<\/p>\n","protected":false},"featured_media":51507,"template":"","meta":{"_acf_changed":false},"product_brand":[],"product_cat":[261,176],"product_tag":[],"class_list":{"0":"post-51915","1":"product","2":"type-product","3":"status-publish","4":"has-post-thumbnail","6":"product_cat-mermeladas-navidad","7":"product_cat-venta-navidad","9":"first","10":"outofstock","11":"shipping-taxable","12":"purchasable","13":"product-type-simple"},"acf":[],"yoast_head":"<!-- This site is optimized with the Yoast SEO plugin v26.9 - https:\/\/yoast.com\/product\/yoast-seo-wordpress\/ -->\n<title>MERMELADA DE CEREZA NEGRA CON AZ\u00daCAR DE CA\u00d1A | Entraide Fran\u00e7aise<\/title>\n<meta name=\"robots\" content=\"index, follow, max-snippet:-1, max-image-preview:large, max-video-preview:-1\" \/>\n<link rel=\"canonical\" href=\"https:\/\/lentraide.es\/es\/tienda\/confiture-cerise-noire\/\" \/>\n<meta property=\"og:locale\" content=\"es_ES\" \/>\n<meta property=\"og:type\" content=\"article\" \/>\n<meta property=\"og:title\" content=\"MERMELADA DE CEREZA NEGRA CON AZ\u00daCAR DE CA\u00d1A | Entraide Fran\u00e7aise\" \/>\n<meta property=\"og:description\" content=\"Tarro de 340 g La cereza negra, ese emblem\u00e1tico fruto rojo que parece una fruta negra cuando est\u00e1 completamente maduro, es una especialidad imprescindible del suroeste. Aut\u00e9ntica estrella en el Pa\u00eds Vasco, este preparado de frutas elaborado seg\u00fan la mayor tradici\u00f3n de la Casa har\u00e1 las delicias de todos los gourmets. Fresca y deliciosa, esta mermelada fue galardonada con el Ruban Bleu a la mejor mermelada Intersuc de Par\u00eds. Suele servirse con queso de oveja o pastel vasco, pero est\u00e1 igual de buena en una tostada para el desayuno.\" \/>\n<meta property=\"og:url\" content=\"https:\/\/lentraide.es\/es\/tienda\/confiture-cerise-noire\/\" \/>\n<meta property=\"og:site_name\" content=\"Entraide Fran\u00e7aise\" \/>\n<meta property=\"article:publisher\" content=\"https:\/\/www.facebook.com\/entraide.francaisemadrid\" \/>\n<meta property=\"article:modified_time\" content=\"2025-10-29T15:22:41+00:00\" \/>\n<meta property=\"og:image\" content=\"https:\/\/lentraide.es\/wp-content\/uploads\/2023\/11\/confiture-de-cerise-noire-1.png\" \/>\n\t<meta property=\"og:image:width\" content=\"500\" \/>\n\t<meta property=\"og:image:height\" content=\"500\" \/>\n\t<meta property=\"og:image:type\" content=\"image\/png\" \/>\n<meta name=\"twitter:card\" content=\"summary_large_image\" \/>\n<meta name=\"twitter:label1\" content=\"Tiempo de lectura\" \/>\n\t<meta name=\"twitter:data1\" content=\"1 minuto\" \/>\n<script type=\"application\/ld+json\" class=\"yoast-schema-graph\">{\"@context\":\"https:\/\/schema.org\",\"@graph\":[{\"@type\":\"WebPage\",\"@id\":\"https:\/\/lentraide.es\/es\/tienda\/confiture-cerise-noire\/\",\"url\":\"https:\/\/lentraide.es\/es\/tienda\/confiture-cerise-noire\/\",\"name\":\"MERMELADA DE CEREZA NEGRA CON AZ\u00daCAR DE CA\u00d1A | Entraide Fran\u00e7aise\",\"isPartOf\":{\"@id\":\"https:\/\/lentraide.es\/fr\/#website\"},\"primaryImageOfPage\":{\"@id\":\"https:\/\/lentraide.es\/es\/tienda\/confiture-cerise-noire\/#primaryimage\"},\"image\":{\"@id\":\"https:\/\/lentraide.es\/es\/tienda\/confiture-cerise-noire\/#primaryimage\"},\"thumbnailUrl\":\"https:\/\/lentraide.es\/wp-content\/uploads\/2023\/11\/confiture-de-cerise-noire-1.png\",\"datePublished\":\"2023-11-08T19:10:37+00:00\",\"dateModified\":\"2025-10-29T15:22:41+00:00\",\"breadcrumb\":{\"@id\":\"https:\/\/lentraide.es\/es\/tienda\/confiture-cerise-noire\/#breadcrumb\"},\"inLanguage\":\"es\",\"potentialAction\":[{\"@type\":\"ReadAction\",\"target\":[\"https:\/\/lentraide.es\/es\/tienda\/confiture-cerise-noire\/\"]}]},{\"@type\":\"ImageObject\",\"inLanguage\":\"es\",\"@id\":\"https:\/\/lentraide.es\/es\/tienda\/confiture-cerise-noire\/#primaryimage\",\"url\":\"https:\/\/lentraide.es\/wp-content\/uploads\/2023\/11\/confiture-de-cerise-noire-1.png\",\"contentUrl\":\"https:\/\/lentraide.es\/wp-content\/uploads\/2023\/11\/confiture-de-cerise-noire-1.png\",\"width\":500,\"height\":500},{\"@type\":\"BreadcrumbList\",\"@id\":\"https:\/\/lentraide.es\/es\/tienda\/confiture-cerise-noire\/#breadcrumb\",\"itemListElement\":[{\"@type\":\"ListItem\",\"position\":1,\"name\":\"Accueil\",\"item\":\"https:\/\/lentraide.es\/es\/\"},{\"@type\":\"ListItem\",\"position\":2,\"name\":\"Tienda\",\"item\":\"https:\/\/lentraide.es\/es\/tienda\/\"},{\"@type\":\"ListItem\",\"position\":3,\"name\":\"MERMELADA DE CEREZA NEGRA CON AZ\u00daCAR DE CA\u00d1A\"}]},{\"@type\":\"WebSite\",\"@id\":\"https:\/\/lentraide.es\/fr\/#website\",\"url\":\"https:\/\/lentraide.es\/fr\/\",\"name\":\"Entraide Fran\u00e7aise\",\"description\":\"Une main tendue vers la France\",\"publisher\":{\"@id\":\"https:\/\/lentraide.es\/fr\/#organization\"},\"alternateName\":\"L'entraide\",\"potentialAction\":[{\"@type\":\"SearchAction\",\"target\":{\"@type\":\"EntryPoint\",\"urlTemplate\":\"https:\/\/lentraide.es\/fr\/?s={search_term_string}\"},\"query-input\":{\"@type\":\"PropertyValueSpecification\",\"valueRequired\":true,\"valueName\":\"search_term_string\"}}],\"inLanguage\":\"es\"},{\"@type\":\"Organization\",\"@id\":\"https:\/\/lentraide.es\/fr\/#organization\",\"name\":\"Entraide Fran\u00e7aise\",\"alternateName\":\"L'entraide\",\"url\":\"https:\/\/lentraide.es\/fr\/\",\"logo\":{\"@type\":\"ImageObject\",\"inLanguage\":\"es\",\"@id\":\"https:\/\/lentraide.es\/fr\/#\/schema\/logo\/image\/\",\"url\":\"https:\/\/lentraide.es\/wp-content\/uploads\/2015\/07\/LOGO-azul2.png\",\"contentUrl\":\"https:\/\/lentraide.es\/wp-content\/uploads\/2015\/07\/LOGO-azul2.png\",\"width\":232,\"height\":146,\"caption\":\"Entraide Fran\u00e7aise\"},\"image\":{\"@id\":\"https:\/\/lentraide.es\/fr\/#\/schema\/logo\/image\/\"},\"sameAs\":[\"https:\/\/www.facebook.com\/entraide.francaisemadrid\",\"https:\/\/www.instagram.com\/entraidefrancaisemadrid\/\"]}]}<\/script>\n<!-- \/ Yoast SEO plugin. -->","yoast_head_json":{"title":"MERMELADA DE CEREZA NEGRA CON AZ\u00daCAR DE CA\u00d1A | Entraide Fran\u00e7aise","robots":{"index":"index","follow":"follow","max-snippet":"max-snippet:-1","max-image-preview":"max-image-preview:large","max-video-preview":"max-video-preview:-1"},"canonical":"https:\/\/lentraide.es\/es\/tienda\/confiture-cerise-noire\/","og_locale":"es_ES","og_type":"article","og_title":"MERMELADA DE CEREZA NEGRA CON AZ\u00daCAR DE CA\u00d1A | Entraide Fran\u00e7aise","og_description":"Tarro de 340 g La cereza negra, ese emblem\u00e1tico fruto rojo que parece una fruta negra cuando est\u00e1 completamente maduro, es una especialidad imprescindible del suroeste. Aut\u00e9ntica estrella en el Pa\u00eds Vasco, este preparado de frutas elaborado seg\u00fan la mayor tradici\u00f3n de la Casa har\u00e1 las delicias de todos los gourmets. Fresca y deliciosa, esta mermelada fue galardonada con el Ruban Bleu a la mejor mermelada Intersuc de Par\u00eds. Suele servirse con queso de oveja o pastel vasco, pero est\u00e1 igual de buena en una tostada para el desayuno.","og_url":"https:\/\/lentraide.es\/es\/tienda\/confiture-cerise-noire\/","og_site_name":"Entraide Fran\u00e7aise","article_publisher":"https:\/\/www.facebook.com\/entraide.francaisemadrid","article_modified_time":"2025-10-29T15:22:41+00:00","og_image":[{"width":500,"height":500,"url":"https:\/\/lentraide.es\/wp-content\/uploads\/2023\/11\/confiture-de-cerise-noire-1.png","type":"image\/png"}],"twitter_card":"summary_large_image","twitter_misc":{"Tiempo de lectura":"1 minuto"},"schema":{"@context":"https:\/\/schema.org","@graph":[{"@type":"WebPage","@id":"https:\/\/lentraide.es\/es\/tienda\/confiture-cerise-noire\/","url":"https:\/\/lentraide.es\/es\/tienda\/confiture-cerise-noire\/","name":"MERMELADA DE CEREZA NEGRA CON AZ\u00daCAR DE CA\u00d1A | Entraide Fran\u00e7aise","isPartOf":{"@id":"https:\/\/lentraide.es\/fr\/#website"},"primaryImageOfPage":{"@id":"https:\/\/lentraide.es\/es\/tienda\/confiture-cerise-noire\/#primaryimage"},"image":{"@id":"https:\/\/lentraide.es\/es\/tienda\/confiture-cerise-noire\/#primaryimage"},"thumbnailUrl":"https:\/\/lentraide.es\/wp-content\/uploads\/2023\/11\/confiture-de-cerise-noire-1.png","datePublished":"2023-11-08T19:10:37+00:00","dateModified":"2025-10-29T15:22:41+00:00","breadcrumb":{"@id":"https:\/\/lentraide.es\/es\/tienda\/confiture-cerise-noire\/#breadcrumb"},"inLanguage":"es","potentialAction":[{"@type":"ReadAction","target":["https:\/\/lentraide.es\/es\/tienda\/confiture-cerise-noire\/"]}]},{"@type":"ImageObject","inLanguage":"es","@id":"https:\/\/lentraide.es\/es\/tienda\/confiture-cerise-noire\/#primaryimage","url":"https:\/\/lentraide.es\/wp-content\/uploads\/2023\/11\/confiture-de-cerise-noire-1.png","contentUrl":"https:\/\/lentraide.es\/wp-content\/uploads\/2023\/11\/confiture-de-cerise-noire-1.png","width":500,"height":500},{"@type":"BreadcrumbList","@id":"https:\/\/lentraide.es\/es\/tienda\/confiture-cerise-noire\/#breadcrumb","itemListElement":[{"@type":"ListItem","position":1,"name":"Accueil","item":"https:\/\/lentraide.es\/es\/"},{"@type":"ListItem","position":2,"name":"Tienda","item":"https:\/\/lentraide.es\/es\/tienda\/"},{"@type":"ListItem","position":3,"name":"MERMELADA DE CEREZA NEGRA CON AZ\u00daCAR DE CA\u00d1A"}]},{"@type":"WebSite","@id":"https:\/\/lentraide.es\/fr\/#website","url":"https:\/\/lentraide.es\/fr\/","name":"Entraide Fran\u00e7aise","description":"Une main tendue vers la France","publisher":{"@id":"https:\/\/lentraide.es\/fr\/#organization"},"alternateName":"L'entraide","potentialAction":[{"@type":"SearchAction","target":{"@type":"EntryPoint","urlTemplate":"https:\/\/lentraide.es\/fr\/?s={search_term_string}"},"query-input":{"@type":"PropertyValueSpecification","valueRequired":true,"valueName":"search_term_string"}}],"inLanguage":"es"},{"@type":"Organization","@id":"https:\/\/lentraide.es\/fr\/#organization","name":"Entraide Fran\u00e7aise","alternateName":"L'entraide","url":"https:\/\/lentraide.es\/fr\/","logo":{"@type":"ImageObject","inLanguage":"es","@id":"https:\/\/lentraide.es\/fr\/#\/schema\/logo\/image\/","url":"https:\/\/lentraide.es\/wp-content\/uploads\/2015\/07\/LOGO-azul2.png","contentUrl":"https:\/\/lentraide.es\/wp-content\/uploads\/2015\/07\/LOGO-azul2.png","width":232,"height":146,"caption":"Entraide Fran\u00e7aise"},"image":{"@id":"https:\/\/lentraide.es\/fr\/#\/schema\/logo\/image\/"},"sameAs":["https:\/\/www.facebook.com\/entraide.francaisemadrid","https:\/\/www.instagram.com\/entraidefrancaisemadrid\/"]}]}},"_links":{"self":[{"href":"https:\/\/lentraide.es\/es\/wp-json\/wp\/v2\/product\/51915","targetHints":{"allow":["GET"]}}],"collection":[{"href":"https:\/\/lentraide.es\/es\/wp-json\/wp\/v2\/product"}],"about":[{"href":"https:\/\/lentraide.es\/es\/wp-json\/wp\/v2\/types\/product"}],"wp:featuredmedia":[{"embeddable":true,"href":"https:\/\/lentraide.es\/es\/wp-json\/wp\/v2\/media\/51507"}],"wp:attachment":[{"href":"https:\/\/lentraide.es\/es\/wp-json\/wp\/v2\/media?parent=51915"}],"wp:term":[{"taxonomy":"product_brand","embeddable":true,"href":"https:\/\/lentraide.es\/es\/wp-json\/wp\/v2\/product_brand?post=51915"},{"taxonomy":"product_cat","embeddable":true,"href":"https:\/\/lentraide.es\/es\/wp-json\/wp\/v2\/product_cat?post=51915"},{"taxonomy":"product_tag","embeddable":true,"href":"https:\/\/lentraide.es\/es\/wp-json\/wp\/v2\/product_tag?post=51915"}],"curies":[{"name":"wp","href":"https:\/\/api.w.org\/{rel}","templated":true}]}}