{"id":51916,"date":"2023-11-08T20:15:15","date_gmt":"2023-11-08T19:15:15","guid":{"rendered":"https:\/\/lentraide.es\/tienda\/confiture-griotte\/"},"modified":"2025-10-29T16:20:16","modified_gmt":"2025-10-29T15:20:16","slug":"confiture-griotte","status":"publish","type":"product","link":"https:\/\/lentraide.es\/es\/tienda\/confiture-griotte\/","title":{"rendered":"MERMELADA DE PLATANO Y RON CON AZ\u00daCAR DE CA\u00d1A"},"content":{"rendered":"<h4>MERMELADA DE PL\u00c1TANO Y RON CON AZ\u00daCAR DE CA\u00d1A<\/h4>\n<p>T\u00f3mese un descanso gourmet tropical con esta deliciosa receta de mermelada de frutas ex\u00f3ticas elaborada con az\u00facar de ca\u00f1a, una mezcla de pl\u00e1tano, vainilla bourbon y ron de las Indias Occidentales.<br \/>\nNuestra tienda online est\u00e1 encantada de presentarle esta mermelada casera de pl\u00e1tano al ron con az\u00facar de ca\u00f1a.<\/p>\n<h4 style=\"text-align: right;\"><strong>Tarro de 340 g: 10 \u20ac<\/strong><\/h4>\n","protected":false},"excerpt":{"rendered":"<h4><strong>Tarro de 340 g<\/strong><\/h4>\n<p>T\u00f3mese un descanso gourmet tropical con esta deliciosa receta de mermelada de frutas ex\u00f3ticas elaborada con az\u00facar de ca\u00f1a, una mezcla de pl\u00e1tano, vainilla bourbon y ron de las Indias Occidentales.<br \/>\nNuestra tienda online est\u00e1 encantada de presentarle esta mermelada casera de pl\u00e1tano al ron con az\u00facar de ca\u00f1a.<\/p>\n","protected":false},"featured_media":58593,"template":"","meta":{"_acf_changed":false},"product_brand":[],"product_cat":[261,176],"product_tag":[],"class_list":{"0":"post-51916","1":"product","2":"type-product","3":"status-publish","4":"has-post-thumbnail","6":"product_cat-mermeladas-navidad","7":"product_cat-venta-navidad","9":"first","10":"outofstock","11":"shipping-taxable","12":"purchasable","13":"product-type-simple"},"acf":[],"yoast_head":"<!-- This site is optimized with the Yoast SEO plugin v27.3 - https:\/\/yoast.com\/product\/yoast-seo-wordpress\/ -->\n<title>MERMELADA DE PLATANO Y RON CON AZ\u00daCAR DE CA\u00d1A | Entraide Fran\u00e7aise<\/title>\n<meta name=\"robots\" content=\"index, follow, max-snippet:-1, max-image-preview:large, max-video-preview:-1\" \/>\n<link rel=\"canonical\" href=\"https:\/\/lentraide.es\/es\/tienda\/confiture-griotte\/\" \/>\n<meta property=\"og:locale\" content=\"es_ES\" \/>\n<meta property=\"og:type\" content=\"article\" \/>\n<meta property=\"og:title\" content=\"MERMELADA DE PLATANO Y RON CON AZ\u00daCAR DE CA\u00d1A | Entraide Fran\u00e7aise\" \/>\n<meta property=\"og:description\" content=\"Tarro de 340 g T\u00f3mese un descanso gourmet tropical con esta deliciosa receta de mermelada de frutas ex\u00f3ticas elaborada con az\u00facar de ca\u00f1a, una mezcla de pl\u00e1tano, vainilla bourbon y ron de las Indias Occidentales. Nuestra tienda online est\u00e1 encantada de presentarle esta mermelada casera de pl\u00e1tano al ron con az\u00facar de ca\u00f1a.\" \/>\n<meta property=\"og:url\" content=\"https:\/\/lentraide.es\/es\/tienda\/confiture-griotte\/\" \/>\n<meta property=\"og:site_name\" content=\"Entraide Fran\u00e7aise\" \/>\n<meta property=\"article:publisher\" content=\"https:\/\/www.facebook.com\/entraide.francaisemadrid\" \/>\n<meta property=\"article:modified_time\" content=\"2025-10-29T15:20:16+00:00\" \/>\n<meta property=\"og:image\" content=\"https:\/\/lentraide.es\/wp-content\/uploads\/2023\/11\/confiture-de-banane-rhum.png\" \/>\n\t<meta property=\"og:image:width\" content=\"370\" \/>\n\t<meta property=\"og:image:height\" content=\"370\" \/>\n\t<meta property=\"og:image:type\" content=\"image\/png\" \/>\n<meta name=\"twitter:card\" content=\"summary_large_image\" \/>\n<meta name=\"twitter:label1\" content=\"Tiempo de lectura\" \/>\n\t<meta name=\"twitter:data1\" content=\"1 minuto\" \/>\n<script type=\"application\/ld+json\" class=\"yoast-schema-graph\">{\"@context\":\"https:\\\/\\\/schema.org\",\"@graph\":[{\"@type\":\"WebPage\",\"@id\":\"https:\\\/\\\/lentraide.es\\\/es\\\/tienda\\\/confiture-griotte\\\/\",\"url\":\"https:\\\/\\\/lentraide.es\\\/es\\\/tienda\\\/confiture-griotte\\\/\",\"name\":\"MERMELADA DE PLATANO Y RON CON AZ\u00daCAR DE CA\u00d1A | Entraide Fran\u00e7aise\",\"isPartOf\":{\"@id\":\"https:\\\/\\\/lentraide.es\\\/fr\\\/#website\"},\"primaryImageOfPage\":{\"@id\":\"https:\\\/\\\/lentraide.es\\\/es\\\/tienda\\\/confiture-griotte\\\/#primaryimage\"},\"image\":{\"@id\":\"https:\\\/\\\/lentraide.es\\\/es\\\/tienda\\\/confiture-griotte\\\/#primaryimage\"},\"thumbnailUrl\":\"https:\\\/\\\/lentraide.es\\\/wp-content\\\/uploads\\\/2023\\\/11\\\/confiture-de-banane-rhum.png\",\"datePublished\":\"2023-11-08T19:15:15+00:00\",\"dateModified\":\"2025-10-29T15:20:16+00:00\",\"breadcrumb\":{\"@id\":\"https:\\\/\\\/lentraide.es\\\/es\\\/tienda\\\/confiture-griotte\\\/#breadcrumb\"},\"inLanguage\":\"es\",\"potentialAction\":[{\"@type\":\"ReadAction\",\"target\":[\"https:\\\/\\\/lentraide.es\\\/es\\\/tienda\\\/confiture-griotte\\\/\"]}]},{\"@type\":\"ImageObject\",\"inLanguage\":\"es\",\"@id\":\"https:\\\/\\\/lentraide.es\\\/es\\\/tienda\\\/confiture-griotte\\\/#primaryimage\",\"url\":\"https:\\\/\\\/lentraide.es\\\/wp-content\\\/uploads\\\/2023\\\/11\\\/confiture-de-banane-rhum.png\",\"contentUrl\":\"https:\\\/\\\/lentraide.es\\\/wp-content\\\/uploads\\\/2023\\\/11\\\/confiture-de-banane-rhum.png\",\"width\":370,\"height\":370},{\"@type\":\"BreadcrumbList\",\"@id\":\"https:\\\/\\\/lentraide.es\\\/es\\\/tienda\\\/confiture-griotte\\\/#breadcrumb\",\"itemListElement\":[{\"@type\":\"ListItem\",\"position\":1,\"name\":\"Accueil\",\"item\":\"https:\\\/\\\/lentraide.es\\\/es\\\/\"},{\"@type\":\"ListItem\",\"position\":2,\"name\":\"Tienda\",\"item\":\"https:\\\/\\\/lentraide.es\\\/es\\\/tienda\\\/\"},{\"@type\":\"ListItem\",\"position\":3,\"name\":\"MERMELADA DE PLATANO Y RON CON AZ\u00daCAR DE CA\u00d1A\"}]},{\"@type\":\"WebSite\",\"@id\":\"https:\\\/\\\/lentraide.es\\\/fr\\\/#website\",\"url\":\"https:\\\/\\\/lentraide.es\\\/fr\\\/\",\"name\":\"Entraide Fran\u00e7aise\",\"description\":\"Une main tendue vers la France\",\"publisher\":{\"@id\":\"https:\\\/\\\/lentraide.es\\\/fr\\\/#organization\"},\"alternateName\":\"L'entraide\",\"potentialAction\":[{\"@type\":\"SearchAction\",\"target\":{\"@type\":\"EntryPoint\",\"urlTemplate\":\"https:\\\/\\\/lentraide.es\\\/fr\\\/?s={search_term_string}\"},\"query-input\":{\"@type\":\"PropertyValueSpecification\",\"valueRequired\":true,\"valueName\":\"search_term_string\"}}],\"inLanguage\":\"es\"},{\"@type\":\"Organization\",\"@id\":\"https:\\\/\\\/lentraide.es\\\/fr\\\/#organization\",\"name\":\"Entraide Fran\u00e7aise\",\"alternateName\":\"L'entraide\",\"url\":\"https:\\\/\\\/lentraide.es\\\/fr\\\/\",\"logo\":{\"@type\":\"ImageObject\",\"inLanguage\":\"es\",\"@id\":\"https:\\\/\\\/lentraide.es\\\/fr\\\/#\\\/schema\\\/logo\\\/image\\\/\",\"url\":\"https:\\\/\\\/lentraide.es\\\/wp-content\\\/uploads\\\/2015\\\/07\\\/LOGO-azul2.png\",\"contentUrl\":\"https:\\\/\\\/lentraide.es\\\/wp-content\\\/uploads\\\/2015\\\/07\\\/LOGO-azul2.png\",\"width\":232,\"height\":146,\"caption\":\"Entraide Fran\u00e7aise\"},\"image\":{\"@id\":\"https:\\\/\\\/lentraide.es\\\/fr\\\/#\\\/schema\\\/logo\\\/image\\\/\"},\"sameAs\":[\"https:\\\/\\\/www.facebook.com\\\/entraide.francaisemadrid\",\"https:\\\/\\\/www.instagram.com\\\/entraidefrancaisemadrid\\\/\"]}]}<\/script>\n<!-- \/ Yoast SEO plugin. -->","yoast_head_json":{"title":"MERMELADA DE PLATANO Y RON CON AZ\u00daCAR DE CA\u00d1A | Entraide Fran\u00e7aise","robots":{"index":"index","follow":"follow","max-snippet":"max-snippet:-1","max-image-preview":"max-image-preview:large","max-video-preview":"max-video-preview:-1"},"canonical":"https:\/\/lentraide.es\/es\/tienda\/confiture-griotte\/","og_locale":"es_ES","og_type":"article","og_title":"MERMELADA DE PLATANO Y RON CON AZ\u00daCAR DE CA\u00d1A | Entraide Fran\u00e7aise","og_description":"Tarro de 340 g T\u00f3mese un descanso gourmet tropical con esta deliciosa receta de mermelada de frutas ex\u00f3ticas elaborada con az\u00facar de ca\u00f1a, una mezcla de pl\u00e1tano, vainilla bourbon y ron de las Indias Occidentales. Nuestra tienda online est\u00e1 encantada de presentarle esta mermelada casera de pl\u00e1tano al ron con az\u00facar de ca\u00f1a.","og_url":"https:\/\/lentraide.es\/es\/tienda\/confiture-griotte\/","og_site_name":"Entraide Fran\u00e7aise","article_publisher":"https:\/\/www.facebook.com\/entraide.francaisemadrid","article_modified_time":"2025-10-29T15:20:16+00:00","og_image":[{"width":370,"height":370,"url":"https:\/\/lentraide.es\/wp-content\/uploads\/2023\/11\/confiture-de-banane-rhum.png","type":"image\/png"}],"twitter_card":"summary_large_image","twitter_misc":{"Tiempo de lectura":"1 minuto"},"schema":{"@context":"https:\/\/schema.org","@graph":[{"@type":"WebPage","@id":"https:\/\/lentraide.es\/es\/tienda\/confiture-griotte\/","url":"https:\/\/lentraide.es\/es\/tienda\/confiture-griotte\/","name":"MERMELADA DE PLATANO Y RON CON AZ\u00daCAR DE CA\u00d1A | Entraide Fran\u00e7aise","isPartOf":{"@id":"https:\/\/lentraide.es\/fr\/#website"},"primaryImageOfPage":{"@id":"https:\/\/lentraide.es\/es\/tienda\/confiture-griotte\/#primaryimage"},"image":{"@id":"https:\/\/lentraide.es\/es\/tienda\/confiture-griotte\/#primaryimage"},"thumbnailUrl":"https:\/\/lentraide.es\/wp-content\/uploads\/2023\/11\/confiture-de-banane-rhum.png","datePublished":"2023-11-08T19:15:15+00:00","dateModified":"2025-10-29T15:20:16+00:00","breadcrumb":{"@id":"https:\/\/lentraide.es\/es\/tienda\/confiture-griotte\/#breadcrumb"},"inLanguage":"es","potentialAction":[{"@type":"ReadAction","target":["https:\/\/lentraide.es\/es\/tienda\/confiture-griotte\/"]}]},{"@type":"ImageObject","inLanguage":"es","@id":"https:\/\/lentraide.es\/es\/tienda\/confiture-griotte\/#primaryimage","url":"https:\/\/lentraide.es\/wp-content\/uploads\/2023\/11\/confiture-de-banane-rhum.png","contentUrl":"https:\/\/lentraide.es\/wp-content\/uploads\/2023\/11\/confiture-de-banane-rhum.png","width":370,"height":370},{"@type":"BreadcrumbList","@id":"https:\/\/lentraide.es\/es\/tienda\/confiture-griotte\/#breadcrumb","itemListElement":[{"@type":"ListItem","position":1,"name":"Accueil","item":"https:\/\/lentraide.es\/es\/"},{"@type":"ListItem","position":2,"name":"Tienda","item":"https:\/\/lentraide.es\/es\/tienda\/"},{"@type":"ListItem","position":3,"name":"MERMELADA DE PLATANO Y RON CON AZ\u00daCAR DE CA\u00d1A"}]},{"@type":"WebSite","@id":"https:\/\/lentraide.es\/fr\/#website","url":"https:\/\/lentraide.es\/fr\/","name":"Entraide Fran\u00e7aise","description":"Une main tendue vers la France","publisher":{"@id":"https:\/\/lentraide.es\/fr\/#organization"},"alternateName":"L'entraide","potentialAction":[{"@type":"SearchAction","target":{"@type":"EntryPoint","urlTemplate":"https:\/\/lentraide.es\/fr\/?s={search_term_string}"},"query-input":{"@type":"PropertyValueSpecification","valueRequired":true,"valueName":"search_term_string"}}],"inLanguage":"es"},{"@type":"Organization","@id":"https:\/\/lentraide.es\/fr\/#organization","name":"Entraide Fran\u00e7aise","alternateName":"L'entraide","url":"https:\/\/lentraide.es\/fr\/","logo":{"@type":"ImageObject","inLanguage":"es","@id":"https:\/\/lentraide.es\/fr\/#\/schema\/logo\/image\/","url":"https:\/\/lentraide.es\/wp-content\/uploads\/2015\/07\/LOGO-azul2.png","contentUrl":"https:\/\/lentraide.es\/wp-content\/uploads\/2015\/07\/LOGO-azul2.png","width":232,"height":146,"caption":"Entraide Fran\u00e7aise"},"image":{"@id":"https:\/\/lentraide.es\/fr\/#\/schema\/logo\/image\/"},"sameAs":["https:\/\/www.facebook.com\/entraide.francaisemadrid","https:\/\/www.instagram.com\/entraidefrancaisemadrid\/"]}]}},"_links":{"self":[{"href":"https:\/\/lentraide.es\/es\/wp-json\/wp\/v2\/product\/51916","targetHints":{"allow":["GET"]}}],"collection":[{"href":"https:\/\/lentraide.es\/es\/wp-json\/wp\/v2\/product"}],"about":[{"href":"https:\/\/lentraide.es\/es\/wp-json\/wp\/v2\/types\/product"}],"wp:featuredmedia":[{"embeddable":true,"href":"https:\/\/lentraide.es\/es\/wp-json\/wp\/v2\/media\/58593"}],"wp:attachment":[{"href":"https:\/\/lentraide.es\/es\/wp-json\/wp\/v2\/media?parent=51916"}],"wp:term":[{"taxonomy":"product_brand","embeddable":true,"href":"https:\/\/lentraide.es\/es\/wp-json\/wp\/v2\/product_brand?post=51916"},{"taxonomy":"product_cat","embeddable":true,"href":"https:\/\/lentraide.es\/es\/wp-json\/wp\/v2\/product_cat?post=51916"},{"taxonomy":"product_tag","embeddable":true,"href":"https:\/\/lentraide.es\/es\/wp-json\/wp\/v2\/product_tag?post=51916"}],"curies":[{"name":"wp","href":"https:\/\/api.w.org\/{rel}","templated":true}]}}