{"id":51924,"date":"2023-11-08T20:47:32","date_gmt":"2023-11-08T19:47:32","guid":{"rendered":"https:\/\/lentraide.es\/tienda\/chutney-figue\/"},"modified":"2025-10-29T15:27:29","modified_gmt":"2025-10-29T14:27:29","slug":"chutney-figue","status":"publish","type":"product","link":"https:\/\/lentraide.es\/es\/tienda\/chutney-figue\/","title":{"rendered":"CHUTNEY DE HIGO"},"content":{"rendered":"<h4>CHUTNEY DE HIGO<\/h4>\n<p>Inspirados en las tradiciones culinarias de la India y Gran Breta\u00f1a, los chutneys son condimentos agridulces, picantes y avinagrados que aportan un toque de originalidad a platos tradicionales o ex\u00f3ticos. Acompa\u00f1ados por un chef, nuestros Maestros Chutneyeros han desarrollado algunas recetas de chutney muy atrevidas, con un caracter\u00edstico \u201ctoque franc\u00e9s\u201d. Estas recetas son mezclas bien pensadas para combinaciones perfectas. Haga un viaje sensorial y descubra esta nueva \u201cColecci\u00f3n\u201d, para un safari de renovaci\u00f3n y modernidad en su plato. Aunque el uso de los diferentes chutneys s\u00f3lo est\u00e9 limitado por la imaginaci\u00f3n del cocinero, descubra nuestras recetas y nuestra selecci\u00f3n de acompa\u00f1amientos.<\/p>\n<h4><strong>Tarro de 100 g<\/strong><\/h4>\n","protected":false},"excerpt":{"rendered":"<h4><strong>Tarro de 100 g<\/strong><\/h4>\n<p>Inspirados en las tradiciones culinarias de la India y Gran Breta\u00f1a, los chutneys son condimentos agridulces, picantes y avinagrados que aportan un toque de originalidad a platos tradicionales o ex\u00f3ticos. Acompa\u00f1ados por un chef, nuestros Maestros Chutneyeros han desarrollado algunas recetas de chutney muy atrevidas, con un caracter\u00edstico \u201ctoque franc\u00e9s\u201d. Estas recetas son mezclas bien pensadas para combinaciones perfectas. Haga un viaje sensorial y descubra esta nueva \u201cColecci\u00f3n\u201d, para un safari de renovaci\u00f3n y modernidad en su plato. Aunque el uso de los diferentes chutneys s\u00f3lo est\u00e9 limitado por la imaginaci\u00f3n del cocinero, descubra nuestras recetas y nuestra selecci\u00f3n de acompa\u00f1amientos.<\/p>\n","protected":false},"featured_media":51439,"template":"","meta":{"_acf_changed":false},"product_brand":[],"product_cat":[261,176],"product_tag":[],"class_list":{"0":"post-51924","1":"product","2":"type-product","3":"status-publish","4":"has-post-thumbnail","6":"product_cat-mermeladas-navidad","7":"product_cat-venta-navidad","9":"first","10":"outofstock","11":"shipping-taxable","12":"purchasable","13":"product-type-simple"},"acf":[],"yoast_head":"<!-- This site is optimized with the Yoast SEO plugin v27.3 - https:\/\/yoast.com\/product\/yoast-seo-wordpress\/ -->\n<title>CHUTNEY DE HIGO | Entraide Fran\u00e7aise<\/title>\n<meta name=\"robots\" content=\"index, follow, max-snippet:-1, max-image-preview:large, max-video-preview:-1\" \/>\n<link rel=\"canonical\" href=\"https:\/\/lentraide.es\/es\/tienda\/chutney-figue\/\" \/>\n<meta property=\"og:locale\" content=\"es_ES\" \/>\n<meta property=\"og:type\" content=\"article\" \/>\n<meta property=\"og:title\" content=\"CHUTNEY DE HIGO | Entraide Fran\u00e7aise\" \/>\n<meta property=\"og:description\" content=\"Tarro de 100 g Inspirados en las tradiciones culinarias de la India y Gran Breta\u00f1a, los chutneys son condimentos agridulces, picantes y avinagrados que aportan un toque de originalidad a platos tradicionales o ex\u00f3ticos. Acompa\u00f1ados por un chef, nuestros Maestros Chutneyeros han desarrollado algunas recetas de chutney muy atrevidas, con un caracter\u00edstico \u201ctoque franc\u00e9s\u201d. Estas recetas son mezclas bien pensadas para combinaciones perfectas. Haga un viaje sensorial y descubra esta nueva \u201cColecci\u00f3n\u201d, para un safari de renovaci\u00f3n y modernidad en su plato. Aunque el uso de los diferentes chutneys s\u00f3lo est\u00e9 limitado por la imaginaci\u00f3n del cocinero, descubra nuestras recetas y nuestra selecci\u00f3n de acompa\u00f1amientos.\" \/>\n<meta property=\"og:url\" content=\"https:\/\/lentraide.es\/es\/tienda\/chutney-figue\/\" \/>\n<meta property=\"og:site_name\" content=\"Entraide Fran\u00e7aise\" \/>\n<meta property=\"article:publisher\" content=\"https:\/\/www.facebook.com\/entraide.francaisemadrid\" \/>\n<meta property=\"article:modified_time\" content=\"2025-10-29T14:27:29+00:00\" \/>\n<meta property=\"og:image\" content=\"https:\/\/lentraide.es\/wp-content\/uploads\/2023\/11\/chutney-de-figue.png\" \/>\n\t<meta property=\"og:image:width\" content=\"500\" \/>\n\t<meta property=\"og:image:height\" content=\"500\" \/>\n\t<meta property=\"og:image:type\" content=\"image\/png\" \/>\n<meta name=\"twitter:card\" content=\"summary_large_image\" \/>\n<meta name=\"twitter:label1\" content=\"Tiempo de lectura\" \/>\n\t<meta name=\"twitter:data1\" content=\"1 minuto\" \/>\n<script type=\"application\/ld+json\" class=\"yoast-schema-graph\">{\"@context\":\"https:\\\/\\\/schema.org\",\"@graph\":[{\"@type\":\"WebPage\",\"@id\":\"https:\\\/\\\/lentraide.es\\\/es\\\/tienda\\\/chutney-figue\\\/\",\"url\":\"https:\\\/\\\/lentraide.es\\\/es\\\/tienda\\\/chutney-figue\\\/\",\"name\":\"CHUTNEY DE HIGO | Entraide Fran\u00e7aise\",\"isPartOf\":{\"@id\":\"https:\\\/\\\/lentraide.es\\\/fr\\\/#website\"},\"primaryImageOfPage\":{\"@id\":\"https:\\\/\\\/lentraide.es\\\/es\\\/tienda\\\/chutney-figue\\\/#primaryimage\"},\"image\":{\"@id\":\"https:\\\/\\\/lentraide.es\\\/es\\\/tienda\\\/chutney-figue\\\/#primaryimage\"},\"thumbnailUrl\":\"https:\\\/\\\/lentraide.es\\\/wp-content\\\/uploads\\\/2023\\\/11\\\/chutney-de-figue.png\",\"datePublished\":\"2023-11-08T19:47:32+00:00\",\"dateModified\":\"2025-10-29T14:27:29+00:00\",\"breadcrumb\":{\"@id\":\"https:\\\/\\\/lentraide.es\\\/es\\\/tienda\\\/chutney-figue\\\/#breadcrumb\"},\"inLanguage\":\"es\",\"potentialAction\":[{\"@type\":\"ReadAction\",\"target\":[\"https:\\\/\\\/lentraide.es\\\/es\\\/tienda\\\/chutney-figue\\\/\"]}]},{\"@type\":\"ImageObject\",\"inLanguage\":\"es\",\"@id\":\"https:\\\/\\\/lentraide.es\\\/es\\\/tienda\\\/chutney-figue\\\/#primaryimage\",\"url\":\"https:\\\/\\\/lentraide.es\\\/wp-content\\\/uploads\\\/2023\\\/11\\\/chutney-de-figue.png\",\"contentUrl\":\"https:\\\/\\\/lentraide.es\\\/wp-content\\\/uploads\\\/2023\\\/11\\\/chutney-de-figue.png\",\"width\":500,\"height\":500},{\"@type\":\"BreadcrumbList\",\"@id\":\"https:\\\/\\\/lentraide.es\\\/es\\\/tienda\\\/chutney-figue\\\/#breadcrumb\",\"itemListElement\":[{\"@type\":\"ListItem\",\"position\":1,\"name\":\"Accueil\",\"item\":\"https:\\\/\\\/lentraide.es\\\/es\\\/\"},{\"@type\":\"ListItem\",\"position\":2,\"name\":\"Tienda\",\"item\":\"https:\\\/\\\/lentraide.es\\\/es\\\/tienda\\\/\"},{\"@type\":\"ListItem\",\"position\":3,\"name\":\"CHUTNEY DE HIGO\"}]},{\"@type\":\"WebSite\",\"@id\":\"https:\\\/\\\/lentraide.es\\\/fr\\\/#website\",\"url\":\"https:\\\/\\\/lentraide.es\\\/fr\\\/\",\"name\":\"Entraide Fran\u00e7aise\",\"description\":\"Une main tendue vers la France\",\"publisher\":{\"@id\":\"https:\\\/\\\/lentraide.es\\\/fr\\\/#organization\"},\"alternateName\":\"L'entraide\",\"potentialAction\":[{\"@type\":\"SearchAction\",\"target\":{\"@type\":\"EntryPoint\",\"urlTemplate\":\"https:\\\/\\\/lentraide.es\\\/fr\\\/?s={search_term_string}\"},\"query-input\":{\"@type\":\"PropertyValueSpecification\",\"valueRequired\":true,\"valueName\":\"search_term_string\"}}],\"inLanguage\":\"es\"},{\"@type\":\"Organization\",\"@id\":\"https:\\\/\\\/lentraide.es\\\/fr\\\/#organization\",\"name\":\"Entraide Fran\u00e7aise\",\"alternateName\":\"L'entraide\",\"url\":\"https:\\\/\\\/lentraide.es\\\/fr\\\/\",\"logo\":{\"@type\":\"ImageObject\",\"inLanguage\":\"es\",\"@id\":\"https:\\\/\\\/lentraide.es\\\/fr\\\/#\\\/schema\\\/logo\\\/image\\\/\",\"url\":\"https:\\\/\\\/lentraide.es\\\/wp-content\\\/uploads\\\/2015\\\/07\\\/LOGO-azul2.png\",\"contentUrl\":\"https:\\\/\\\/lentraide.es\\\/wp-content\\\/uploads\\\/2015\\\/07\\\/LOGO-azul2.png\",\"width\":232,\"height\":146,\"caption\":\"Entraide Fran\u00e7aise\"},\"image\":{\"@id\":\"https:\\\/\\\/lentraide.es\\\/fr\\\/#\\\/schema\\\/logo\\\/image\\\/\"},\"sameAs\":[\"https:\\\/\\\/www.facebook.com\\\/entraide.francaisemadrid\",\"https:\\\/\\\/www.instagram.com\\\/entraidefrancaisemadrid\\\/\"]}]}<\/script>\n<!-- \/ Yoast SEO plugin. -->","yoast_head_json":{"title":"CHUTNEY DE HIGO | Entraide Fran\u00e7aise","robots":{"index":"index","follow":"follow","max-snippet":"max-snippet:-1","max-image-preview":"max-image-preview:large","max-video-preview":"max-video-preview:-1"},"canonical":"https:\/\/lentraide.es\/es\/tienda\/chutney-figue\/","og_locale":"es_ES","og_type":"article","og_title":"CHUTNEY DE HIGO | Entraide Fran\u00e7aise","og_description":"Tarro de 100 g Inspirados en las tradiciones culinarias de la India y Gran Breta\u00f1a, los chutneys son condimentos agridulces, picantes y avinagrados que aportan un toque de originalidad a platos tradicionales o ex\u00f3ticos. Acompa\u00f1ados por un chef, nuestros Maestros Chutneyeros han desarrollado algunas recetas de chutney muy atrevidas, con un caracter\u00edstico \u201ctoque franc\u00e9s\u201d. Estas recetas son mezclas bien pensadas para combinaciones perfectas. Haga un viaje sensorial y descubra esta nueva \u201cColecci\u00f3n\u201d, para un safari de renovaci\u00f3n y modernidad en su plato. Aunque el uso de los diferentes chutneys s\u00f3lo est\u00e9 limitado por la imaginaci\u00f3n del cocinero, descubra nuestras recetas y nuestra selecci\u00f3n de acompa\u00f1amientos.","og_url":"https:\/\/lentraide.es\/es\/tienda\/chutney-figue\/","og_site_name":"Entraide Fran\u00e7aise","article_publisher":"https:\/\/www.facebook.com\/entraide.francaisemadrid","article_modified_time":"2025-10-29T14:27:29+00:00","og_image":[{"width":500,"height":500,"url":"https:\/\/lentraide.es\/wp-content\/uploads\/2023\/11\/chutney-de-figue.png","type":"image\/png"}],"twitter_card":"summary_large_image","twitter_misc":{"Tiempo de lectura":"1 minuto"},"schema":{"@context":"https:\/\/schema.org","@graph":[{"@type":"WebPage","@id":"https:\/\/lentraide.es\/es\/tienda\/chutney-figue\/","url":"https:\/\/lentraide.es\/es\/tienda\/chutney-figue\/","name":"CHUTNEY DE HIGO | Entraide Fran\u00e7aise","isPartOf":{"@id":"https:\/\/lentraide.es\/fr\/#website"},"primaryImageOfPage":{"@id":"https:\/\/lentraide.es\/es\/tienda\/chutney-figue\/#primaryimage"},"image":{"@id":"https:\/\/lentraide.es\/es\/tienda\/chutney-figue\/#primaryimage"},"thumbnailUrl":"https:\/\/lentraide.es\/wp-content\/uploads\/2023\/11\/chutney-de-figue.png","datePublished":"2023-11-08T19:47:32+00:00","dateModified":"2025-10-29T14:27:29+00:00","breadcrumb":{"@id":"https:\/\/lentraide.es\/es\/tienda\/chutney-figue\/#breadcrumb"},"inLanguage":"es","potentialAction":[{"@type":"ReadAction","target":["https:\/\/lentraide.es\/es\/tienda\/chutney-figue\/"]}]},{"@type":"ImageObject","inLanguage":"es","@id":"https:\/\/lentraide.es\/es\/tienda\/chutney-figue\/#primaryimage","url":"https:\/\/lentraide.es\/wp-content\/uploads\/2023\/11\/chutney-de-figue.png","contentUrl":"https:\/\/lentraide.es\/wp-content\/uploads\/2023\/11\/chutney-de-figue.png","width":500,"height":500},{"@type":"BreadcrumbList","@id":"https:\/\/lentraide.es\/es\/tienda\/chutney-figue\/#breadcrumb","itemListElement":[{"@type":"ListItem","position":1,"name":"Accueil","item":"https:\/\/lentraide.es\/es\/"},{"@type":"ListItem","position":2,"name":"Tienda","item":"https:\/\/lentraide.es\/es\/tienda\/"},{"@type":"ListItem","position":3,"name":"CHUTNEY DE HIGO"}]},{"@type":"WebSite","@id":"https:\/\/lentraide.es\/fr\/#website","url":"https:\/\/lentraide.es\/fr\/","name":"Entraide Fran\u00e7aise","description":"Une main tendue vers la France","publisher":{"@id":"https:\/\/lentraide.es\/fr\/#organization"},"alternateName":"L'entraide","potentialAction":[{"@type":"SearchAction","target":{"@type":"EntryPoint","urlTemplate":"https:\/\/lentraide.es\/fr\/?s={search_term_string}"},"query-input":{"@type":"PropertyValueSpecification","valueRequired":true,"valueName":"search_term_string"}}],"inLanguage":"es"},{"@type":"Organization","@id":"https:\/\/lentraide.es\/fr\/#organization","name":"Entraide Fran\u00e7aise","alternateName":"L'entraide","url":"https:\/\/lentraide.es\/fr\/","logo":{"@type":"ImageObject","inLanguage":"es","@id":"https:\/\/lentraide.es\/fr\/#\/schema\/logo\/image\/","url":"https:\/\/lentraide.es\/wp-content\/uploads\/2015\/07\/LOGO-azul2.png","contentUrl":"https:\/\/lentraide.es\/wp-content\/uploads\/2015\/07\/LOGO-azul2.png","width":232,"height":146,"caption":"Entraide Fran\u00e7aise"},"image":{"@id":"https:\/\/lentraide.es\/fr\/#\/schema\/logo\/image\/"},"sameAs":["https:\/\/www.facebook.com\/entraide.francaisemadrid","https:\/\/www.instagram.com\/entraidefrancaisemadrid\/"]}]}},"_links":{"self":[{"href":"https:\/\/lentraide.es\/es\/wp-json\/wp\/v2\/product\/51924","targetHints":{"allow":["GET"]}}],"collection":[{"href":"https:\/\/lentraide.es\/es\/wp-json\/wp\/v2\/product"}],"about":[{"href":"https:\/\/lentraide.es\/es\/wp-json\/wp\/v2\/types\/product"}],"wp:featuredmedia":[{"embeddable":true,"href":"https:\/\/lentraide.es\/es\/wp-json\/wp\/v2\/media\/51439"}],"wp:attachment":[{"href":"https:\/\/lentraide.es\/es\/wp-json\/wp\/v2\/media?parent=51924"}],"wp:term":[{"taxonomy":"product_brand","embeddable":true,"href":"https:\/\/lentraide.es\/es\/wp-json\/wp\/v2\/product_brand?post=51924"},{"taxonomy":"product_cat","embeddable":true,"href":"https:\/\/lentraide.es\/es\/wp-json\/wp\/v2\/product_cat?post=51924"},{"taxonomy":"product_tag","embeddable":true,"href":"https:\/\/lentraide.es\/es\/wp-json\/wp\/v2\/product_tag?post=51924"}],"curies":[{"name":"wp","href":"https:\/\/api.w.org\/{rel}","templated":true}]}}