{"id":51932,"date":"2023-11-01T12:00:06","date_gmt":"2023-11-01T11:00:06","guid":{"rendered":"https:\/\/lentraide.es\/tienda\/petit-apero-des-amis\/"},"modified":"2023-11-09T19:21:58","modified_gmt":"2023-11-09T18:21:58","slug":"petit-apero-des-amis","status":"publish","type":"product","link":"https:\/\/lentraide.es\/es\/tienda\/petit-apero-des-amis\/","title":{"rendered":"Estuche \u00abPetit Ap\u00e9ro des Amis\u00bb"},"content":{"rendered":"<h4><strong>Petit Ap\u00e9ro des Amis<\/strong><\/h4>\n<p><strong>Deleite a sus amigos y familiares<\/strong> con nuestra caja regalo Petit ap\u00e9ro des amis, dise\u00f1ada para organizar f\u00e1cilmente una magn\u00edfica cena de aperitivo en casa. En un abrir y cerrar de ojos, podr\u00e1 empezar la fiesta con <strong>nuestras deliciosas recetas de pescado.<\/strong><\/p>\n<p>Dise\u00f1adas con amor al mar y a sus tesoros, nuestras cajas de aperitivos revelan <strong>un mosaico de sabores frescos y yodados.<\/strong> Sardinas, caballa, at\u00fan y salm\u00f3n se presentan en deliciosas preparaciones: <strong>desmigados, cremas, rillettes, triturados\u2026<\/strong> \u00a1su variedad de sabores y texturas har\u00e1 las delicias de toda la concurrencia!<\/p>\n","protected":false},"excerpt":{"rendered":"<p><strong>Deleite a sus amigos y familiares<\/strong> con nuestra caja regalo Petit ap\u00e9ro des amis, dise\u00f1ada para organizar f\u00e1cilmente una magn\u00edfica cena de aperitivo en casa. En un abrir y cerrar de ojos, podr\u00e1 empezar la fiesta con <strong>nuestras deliciosas recetas de pescado.<\/strong><\/p>\n<p>Dise\u00f1adas con amor al mar y a sus tesoros, nuestras cajas de aperitivos revelan <strong>un mosaico de sabores frescos y yodados.<\/strong> Sardinas, caballa, at\u00fan y salm\u00f3n se presentan en deliciosas preparaciones: <strong>desmigados, cremas, rillettes, triturados\u2026<\/strong> \u00a1su variedad de sabores y texturas har\u00e1 las delicias de toda la concurrencia!<\/p>\n","protected":false},"featured_media":51381,"template":"","meta":{"_acf_changed":false},"product_brand":[],"product_cat":[176],"product_tag":[],"class_list":{"0":"post-51932","1":"product","2":"type-product","3":"status-publish","4":"has-post-thumbnail","6":"product_cat-venta-navidad","8":"first","9":"outofstock","10":"shipping-taxable","11":"purchasable","12":"product-type-simple"},"acf":[],"yoast_head":"<!-- This site is optimized with the Yoast SEO plugin v27.3 - https:\/\/yoast.com\/product\/yoast-seo-wordpress\/ -->\n<title>Estuche &quot;Petit Ap\u00e9ro des Amis&quot; | Entraide Fran\u00e7aise<\/title>\n<meta name=\"robots\" content=\"index, follow, max-snippet:-1, max-image-preview:large, max-video-preview:-1\" \/>\n<link rel=\"canonical\" href=\"https:\/\/lentraide.es\/es\/tienda\/petit-apero-des-amis\/\" \/>\n<meta property=\"og:locale\" content=\"es_ES\" \/>\n<meta property=\"og:type\" content=\"article\" \/>\n<meta property=\"og:title\" content=\"Estuche &quot;Petit Ap\u00e9ro des Amis&quot; | Entraide Fran\u00e7aise\" \/>\n<meta property=\"og:description\" content=\"Deleite a sus amigos y familiares con nuestra caja regalo Petit ap\u00e9ro des amis, dise\u00f1ada para organizar f\u00e1cilmente una magn\u00edfica cena de aperitivo en casa. En un abrir y cerrar de ojos, podr\u00e1 empezar la fiesta con nuestras deliciosas recetas de pescado.  Dise\u00f1adas con amor al mar y a sus tesoros, nuestras cajas de aperitivos revelan un mosaico de sabores frescos y yodados. Sardinas, caballa, at\u00fan y salm\u00f3n se presentan en deliciosas preparaciones: desmigados, cremas, rillettes, triturados\u2026 \u00a1su variedad de sabores y texturas har\u00e1 las delicias de toda la concurrencia!\" \/>\n<meta property=\"og:url\" content=\"https:\/\/lentraide.es\/es\/tienda\/petit-apero-des-amis\/\" \/>\n<meta property=\"og:site_name\" content=\"Entraide Fran\u00e7aise\" \/>\n<meta property=\"article:publisher\" content=\"https:\/\/www.facebook.com\/entraide.francaisemadrid\" \/>\n<meta property=\"article:modified_time\" content=\"2023-11-09T18:21:58+00:00\" \/>\n<meta property=\"og:image\" content=\"https:\/\/lentraide.es\/wp-content\/uploads\/2023\/11\/petit-apero-des-amis-1.png\" \/>\n\t<meta property=\"og:image:width\" content=\"480\" \/>\n\t<meta property=\"og:image:height\" content=\"480\" \/>\n\t<meta property=\"og:image:type\" content=\"image\/png\" \/>\n<meta name=\"twitter:card\" content=\"summary_large_image\" \/>\n<meta name=\"twitter:label1\" content=\"Tiempo de lectura\" \/>\n\t<meta name=\"twitter:data1\" content=\"1 minuto\" \/>\n<script type=\"application\/ld+json\" class=\"yoast-schema-graph\">{\"@context\":\"https:\\\/\\\/schema.org\",\"@graph\":[{\"@type\":\"WebPage\",\"@id\":\"https:\\\/\\\/lentraide.es\\\/es\\\/tienda\\\/petit-apero-des-amis\\\/\",\"url\":\"https:\\\/\\\/lentraide.es\\\/es\\\/tienda\\\/petit-apero-des-amis\\\/\",\"name\":\"Estuche \\\"Petit Ap\u00e9ro des Amis\\\" | Entraide Fran\u00e7aise\",\"isPartOf\":{\"@id\":\"https:\\\/\\\/lentraide.es\\\/fr\\\/#website\"},\"primaryImageOfPage\":{\"@id\":\"https:\\\/\\\/lentraide.es\\\/es\\\/tienda\\\/petit-apero-des-amis\\\/#primaryimage\"},\"image\":{\"@id\":\"https:\\\/\\\/lentraide.es\\\/es\\\/tienda\\\/petit-apero-des-amis\\\/#primaryimage\"},\"thumbnailUrl\":\"https:\\\/\\\/lentraide.es\\\/wp-content\\\/uploads\\\/2023\\\/11\\\/petit-apero-des-amis-1.png\",\"datePublished\":\"2023-11-01T11:00:06+00:00\",\"dateModified\":\"2023-11-09T18:21:58+00:00\",\"breadcrumb\":{\"@id\":\"https:\\\/\\\/lentraide.es\\\/es\\\/tienda\\\/petit-apero-des-amis\\\/#breadcrumb\"},\"inLanguage\":\"es\",\"potentialAction\":[{\"@type\":\"ReadAction\",\"target\":[\"https:\\\/\\\/lentraide.es\\\/es\\\/tienda\\\/petit-apero-des-amis\\\/\"]}]},{\"@type\":\"ImageObject\",\"inLanguage\":\"es\",\"@id\":\"https:\\\/\\\/lentraide.es\\\/es\\\/tienda\\\/petit-apero-des-amis\\\/#primaryimage\",\"url\":\"https:\\\/\\\/lentraide.es\\\/wp-content\\\/uploads\\\/2023\\\/11\\\/petit-apero-des-amis-1.png\",\"contentUrl\":\"https:\\\/\\\/lentraide.es\\\/wp-content\\\/uploads\\\/2023\\\/11\\\/petit-apero-des-amis-1.png\",\"width\":480,\"height\":480},{\"@type\":\"BreadcrumbList\",\"@id\":\"https:\\\/\\\/lentraide.es\\\/es\\\/tienda\\\/petit-apero-des-amis\\\/#breadcrumb\",\"itemListElement\":[{\"@type\":\"ListItem\",\"position\":1,\"name\":\"Accueil\",\"item\":\"https:\\\/\\\/lentraide.es\\\/es\\\/\"},{\"@type\":\"ListItem\",\"position\":2,\"name\":\"Tienda\",\"item\":\"https:\\\/\\\/lentraide.es\\\/es\\\/tienda\\\/\"},{\"@type\":\"ListItem\",\"position\":3,\"name\":\"Estuche \u00abPetit Ap\u00e9ro des Amis\u00a0\u00bb\"}]},{\"@type\":\"WebSite\",\"@id\":\"https:\\\/\\\/lentraide.es\\\/fr\\\/#website\",\"url\":\"https:\\\/\\\/lentraide.es\\\/fr\\\/\",\"name\":\"Entraide Fran\u00e7aise\",\"description\":\"Une main tendue vers la France\",\"publisher\":{\"@id\":\"https:\\\/\\\/lentraide.es\\\/fr\\\/#organization\"},\"alternateName\":\"L'entraide\",\"potentialAction\":[{\"@type\":\"SearchAction\",\"target\":{\"@type\":\"EntryPoint\",\"urlTemplate\":\"https:\\\/\\\/lentraide.es\\\/fr\\\/?s={search_term_string}\"},\"query-input\":{\"@type\":\"PropertyValueSpecification\",\"valueRequired\":true,\"valueName\":\"search_term_string\"}}],\"inLanguage\":\"es\"},{\"@type\":\"Organization\",\"@id\":\"https:\\\/\\\/lentraide.es\\\/fr\\\/#organization\",\"name\":\"Entraide Fran\u00e7aise\",\"alternateName\":\"L'entraide\",\"url\":\"https:\\\/\\\/lentraide.es\\\/fr\\\/\",\"logo\":{\"@type\":\"ImageObject\",\"inLanguage\":\"es\",\"@id\":\"https:\\\/\\\/lentraide.es\\\/fr\\\/#\\\/schema\\\/logo\\\/image\\\/\",\"url\":\"https:\\\/\\\/lentraide.es\\\/wp-content\\\/uploads\\\/2015\\\/07\\\/LOGO-azul2.png\",\"contentUrl\":\"https:\\\/\\\/lentraide.es\\\/wp-content\\\/uploads\\\/2015\\\/07\\\/LOGO-azul2.png\",\"width\":232,\"height\":146,\"caption\":\"Entraide Fran\u00e7aise\"},\"image\":{\"@id\":\"https:\\\/\\\/lentraide.es\\\/fr\\\/#\\\/schema\\\/logo\\\/image\\\/\"},\"sameAs\":[\"https:\\\/\\\/www.facebook.com\\\/entraide.francaisemadrid\",\"https:\\\/\\\/www.instagram.com\\\/entraidefrancaisemadrid\\\/\"]}]}<\/script>\n<!-- \/ Yoast SEO plugin. -->","yoast_head_json":{"title":"Estuche \"Petit Ap\u00e9ro des Amis\" | Entraide Fran\u00e7aise","robots":{"index":"index","follow":"follow","max-snippet":"max-snippet:-1","max-image-preview":"max-image-preview:large","max-video-preview":"max-video-preview:-1"},"canonical":"https:\/\/lentraide.es\/es\/tienda\/petit-apero-des-amis\/","og_locale":"es_ES","og_type":"article","og_title":"Estuche \"Petit Ap\u00e9ro des Amis\" | Entraide Fran\u00e7aise","og_description":"Deleite a sus amigos y familiares con nuestra caja regalo Petit ap\u00e9ro des amis, dise\u00f1ada para organizar f\u00e1cilmente una magn\u00edfica cena de aperitivo en casa. En un abrir y cerrar de ojos, podr\u00e1 empezar la fiesta con nuestras deliciosas recetas de pescado.  Dise\u00f1adas con amor al mar y a sus tesoros, nuestras cajas de aperitivos revelan un mosaico de sabores frescos y yodados. Sardinas, caballa, at\u00fan y salm\u00f3n se presentan en deliciosas preparaciones: desmigados, cremas, rillettes, triturados\u2026 \u00a1su variedad de sabores y texturas har\u00e1 las delicias de toda la concurrencia!","og_url":"https:\/\/lentraide.es\/es\/tienda\/petit-apero-des-amis\/","og_site_name":"Entraide Fran\u00e7aise","article_publisher":"https:\/\/www.facebook.com\/entraide.francaisemadrid","article_modified_time":"2023-11-09T18:21:58+00:00","og_image":[{"width":480,"height":480,"url":"https:\/\/lentraide.es\/wp-content\/uploads\/2023\/11\/petit-apero-des-amis-1.png","type":"image\/png"}],"twitter_card":"summary_large_image","twitter_misc":{"Tiempo de lectura":"1 minuto"},"schema":{"@context":"https:\/\/schema.org","@graph":[{"@type":"WebPage","@id":"https:\/\/lentraide.es\/es\/tienda\/petit-apero-des-amis\/","url":"https:\/\/lentraide.es\/es\/tienda\/petit-apero-des-amis\/","name":"Estuche \"Petit Ap\u00e9ro des Amis\" | Entraide Fran\u00e7aise","isPartOf":{"@id":"https:\/\/lentraide.es\/fr\/#website"},"primaryImageOfPage":{"@id":"https:\/\/lentraide.es\/es\/tienda\/petit-apero-des-amis\/#primaryimage"},"image":{"@id":"https:\/\/lentraide.es\/es\/tienda\/petit-apero-des-amis\/#primaryimage"},"thumbnailUrl":"https:\/\/lentraide.es\/wp-content\/uploads\/2023\/11\/petit-apero-des-amis-1.png","datePublished":"2023-11-01T11:00:06+00:00","dateModified":"2023-11-09T18:21:58+00:00","breadcrumb":{"@id":"https:\/\/lentraide.es\/es\/tienda\/petit-apero-des-amis\/#breadcrumb"},"inLanguage":"es","potentialAction":[{"@type":"ReadAction","target":["https:\/\/lentraide.es\/es\/tienda\/petit-apero-des-amis\/"]}]},{"@type":"ImageObject","inLanguage":"es","@id":"https:\/\/lentraide.es\/es\/tienda\/petit-apero-des-amis\/#primaryimage","url":"https:\/\/lentraide.es\/wp-content\/uploads\/2023\/11\/petit-apero-des-amis-1.png","contentUrl":"https:\/\/lentraide.es\/wp-content\/uploads\/2023\/11\/petit-apero-des-amis-1.png","width":480,"height":480},{"@type":"BreadcrumbList","@id":"https:\/\/lentraide.es\/es\/tienda\/petit-apero-des-amis\/#breadcrumb","itemListElement":[{"@type":"ListItem","position":1,"name":"Accueil","item":"https:\/\/lentraide.es\/es\/"},{"@type":"ListItem","position":2,"name":"Tienda","item":"https:\/\/lentraide.es\/es\/tienda\/"},{"@type":"ListItem","position":3,"name":"Estuche \u00abPetit Ap\u00e9ro des Amis\u00a0\u00bb"}]},{"@type":"WebSite","@id":"https:\/\/lentraide.es\/fr\/#website","url":"https:\/\/lentraide.es\/fr\/","name":"Entraide Fran\u00e7aise","description":"Une main tendue vers la France","publisher":{"@id":"https:\/\/lentraide.es\/fr\/#organization"},"alternateName":"L'entraide","potentialAction":[{"@type":"SearchAction","target":{"@type":"EntryPoint","urlTemplate":"https:\/\/lentraide.es\/fr\/?s={search_term_string}"},"query-input":{"@type":"PropertyValueSpecification","valueRequired":true,"valueName":"search_term_string"}}],"inLanguage":"es"},{"@type":"Organization","@id":"https:\/\/lentraide.es\/fr\/#organization","name":"Entraide Fran\u00e7aise","alternateName":"L'entraide","url":"https:\/\/lentraide.es\/fr\/","logo":{"@type":"ImageObject","inLanguage":"es","@id":"https:\/\/lentraide.es\/fr\/#\/schema\/logo\/image\/","url":"https:\/\/lentraide.es\/wp-content\/uploads\/2015\/07\/LOGO-azul2.png","contentUrl":"https:\/\/lentraide.es\/wp-content\/uploads\/2015\/07\/LOGO-azul2.png","width":232,"height":146,"caption":"Entraide Fran\u00e7aise"},"image":{"@id":"https:\/\/lentraide.es\/fr\/#\/schema\/logo\/image\/"},"sameAs":["https:\/\/www.facebook.com\/entraide.francaisemadrid","https:\/\/www.instagram.com\/entraidefrancaisemadrid\/"]}]}},"_links":{"self":[{"href":"https:\/\/lentraide.es\/es\/wp-json\/wp\/v2\/product\/51932","targetHints":{"allow":["GET"]}}],"collection":[{"href":"https:\/\/lentraide.es\/es\/wp-json\/wp\/v2\/product"}],"about":[{"href":"https:\/\/lentraide.es\/es\/wp-json\/wp\/v2\/types\/product"}],"wp:featuredmedia":[{"embeddable":true,"href":"https:\/\/lentraide.es\/es\/wp-json\/wp\/v2\/media\/51381"}],"wp:attachment":[{"href":"https:\/\/lentraide.es\/es\/wp-json\/wp\/v2\/media?parent=51932"}],"wp:term":[{"taxonomy":"product_brand","embeddable":true,"href":"https:\/\/lentraide.es\/es\/wp-json\/wp\/v2\/product_brand?post=51932"},{"taxonomy":"product_cat","embeddable":true,"href":"https:\/\/lentraide.es\/es\/wp-json\/wp\/v2\/product_cat?post=51932"},{"taxonomy":"product_tag","embeddable":true,"href":"https:\/\/lentraide.es\/es\/wp-json\/wp\/v2\/product_tag?post=51932"}],"curies":[{"name":"wp","href":"https:\/\/api.w.org\/{rel}","templated":true}]}}