{"id":51934,"date":"2023-11-01T12:00:07","date_gmt":"2023-11-01T11:00:07","guid":{"rendered":"https:\/\/lentraide.es\/tienda\/on-dirait-le-sud\/"},"modified":"2023-11-09T19:22:32","modified_gmt":"2023-11-09T18:22:32","slug":"on-dirait-le-sud","status":"publish","type":"product","link":"https:\/\/lentraide.es\/es\/tienda\/on-dirait-le-sud\/","title":{"rendered":"Estuche \u00abOn Dirait le Sud\u00bb"},"content":{"rendered":"<h4><strong>Estuche On Dirait le Sud<\/strong><\/h4>\n<p>Nuestro estuche regional On dirait le Sud re\u00fane <strong>nuestras 5 recetas m\u00e1s meridionales<\/strong> para una sabrosa escapada provenzal. Nuestros tiernos pescados \u2013 <strong>sardinas, caballa y at\u00fan<\/strong> \u2013 se aromatizan con <strong>oliva y lim\u00f3n, un toque de ajo, hierbas y tomates secos<\/strong>. Tambi\u00e9n descubrir\u00e1 <strong>la dulzura afrutada del lim\u00f3n de Menton<\/strong>, que cuenta con una Indicaci\u00f3n Geogr\u00e1fica Protegida porque se cultiva de forma natural y tradicional en una peque\u00f1a zona de 5 municipios a menos de 7 km del Mediterr\u00e1neo.<\/p>\n","protected":false},"excerpt":{"rendered":"<p>Nuestro estuche regional On dirait le Sud re\u00fane <strong>nuestras 5 recetas m\u00e1s meridionales<\/strong> para una sabrosa escapada provenzal. Nuestros tiernos pescados \u2013 <strong>sardinas, caballa y at\u00fan<\/strong> \u2013 se aromatizan con <strong>oliva y lim\u00f3n, un toque de ajo, hierbas y tomates secos<\/strong>. Tambi\u00e9n descubrir\u00e1 <strong>la dulzura afrutada del lim\u00f3n de Menton<\/strong>, que cuenta con una Indicaci\u00f3n Geogr\u00e1fica Protegida porque se cultiva de forma natural y tradicional en una peque\u00f1a zona de 5 municipios a menos de 7 km del Mediterr\u00e1neo.<\/p>\n","protected":false},"featured_media":51385,"template":"","meta":{"_acf_changed":false},"product_brand":[],"product_cat":[176],"product_tag":[],"class_list":{"0":"post-51934","1":"product","2":"type-product","3":"status-publish","4":"has-post-thumbnail","6":"product_cat-venta-navidad","8":"first","9":"outofstock","10":"shipping-taxable","11":"purchasable","12":"product-type-simple"},"acf":[],"yoast_head":"<!-- This site is optimized with the Yoast SEO plugin v27.3 - https:\/\/yoast.com\/product\/yoast-seo-wordpress\/ -->\n<title>Estuche &quot;On Dirait le Sud&quot; | Entraide Fran\u00e7aise<\/title>\n<meta name=\"robots\" content=\"index, follow, max-snippet:-1, max-image-preview:large, max-video-preview:-1\" \/>\n<link rel=\"canonical\" href=\"https:\/\/lentraide.es\/es\/tienda\/on-dirait-le-sud\/\" \/>\n<meta property=\"og:locale\" content=\"es_ES\" \/>\n<meta property=\"og:type\" content=\"article\" \/>\n<meta property=\"og:title\" content=\"Estuche &quot;On Dirait le Sud&quot; | Entraide Fran\u00e7aise\" \/>\n<meta property=\"og:description\" content=\"Nuestro estuche regional On dirait le Sud re\u00fane nuestras 5 recetas m\u00e1s meridionales para una sabrosa escapada provenzal. Nuestros tiernos pescados \u2013 sardinas, caballa y at\u00fan \u2013 se aromatizan con oliva y lim\u00f3n, un toque de ajo, hierbas y tomates secos. Tambi\u00e9n descubrir\u00e1 la dulzura afrutada del lim\u00f3n de Menton, que cuenta con una Indicaci\u00f3n Geogr\u00e1fica Protegida porque se cultiva de forma natural y tradicional en una peque\u00f1a zona de 5 municipios a menos de 7 km del Mediterr\u00e1neo.\" \/>\n<meta property=\"og:url\" content=\"https:\/\/lentraide.es\/es\/tienda\/on-dirait-le-sud\/\" \/>\n<meta property=\"og:site_name\" content=\"Entraide Fran\u00e7aise\" \/>\n<meta property=\"article:publisher\" content=\"https:\/\/www.facebook.com\/entraide.francaisemadrid\" \/>\n<meta property=\"article:modified_time\" content=\"2023-11-09T18:22:32+00:00\" \/>\n<meta property=\"og:image\" content=\"https:\/\/lentraide.es\/wp-content\/uploads\/2023\/11\/on-dirait-le-sud-1.png\" \/>\n\t<meta property=\"og:image:width\" content=\"480\" \/>\n\t<meta property=\"og:image:height\" content=\"480\" \/>\n\t<meta property=\"og:image:type\" content=\"image\/png\" \/>\n<meta name=\"twitter:card\" content=\"summary_large_image\" \/>\n<meta name=\"twitter:label1\" content=\"Tiempo de lectura\" \/>\n\t<meta name=\"twitter:data1\" content=\"1 minuto\" \/>\n<script type=\"application\/ld+json\" class=\"yoast-schema-graph\">{\"@context\":\"https:\\\/\\\/schema.org\",\"@graph\":[{\"@type\":\"WebPage\",\"@id\":\"https:\\\/\\\/lentraide.es\\\/es\\\/tienda\\\/on-dirait-le-sud\\\/\",\"url\":\"https:\\\/\\\/lentraide.es\\\/es\\\/tienda\\\/on-dirait-le-sud\\\/\",\"name\":\"Estuche \\\"On Dirait le Sud\\\" | Entraide Fran\u00e7aise\",\"isPartOf\":{\"@id\":\"https:\\\/\\\/lentraide.es\\\/fr\\\/#website\"},\"primaryImageOfPage\":{\"@id\":\"https:\\\/\\\/lentraide.es\\\/es\\\/tienda\\\/on-dirait-le-sud\\\/#primaryimage\"},\"image\":{\"@id\":\"https:\\\/\\\/lentraide.es\\\/es\\\/tienda\\\/on-dirait-le-sud\\\/#primaryimage\"},\"thumbnailUrl\":\"https:\\\/\\\/lentraide.es\\\/wp-content\\\/uploads\\\/2023\\\/11\\\/on-dirait-le-sud-1.png\",\"datePublished\":\"2023-11-01T11:00:07+00:00\",\"dateModified\":\"2023-11-09T18:22:32+00:00\",\"breadcrumb\":{\"@id\":\"https:\\\/\\\/lentraide.es\\\/es\\\/tienda\\\/on-dirait-le-sud\\\/#breadcrumb\"},\"inLanguage\":\"es\",\"potentialAction\":[{\"@type\":\"ReadAction\",\"target\":[\"https:\\\/\\\/lentraide.es\\\/es\\\/tienda\\\/on-dirait-le-sud\\\/\"]}]},{\"@type\":\"ImageObject\",\"inLanguage\":\"es\",\"@id\":\"https:\\\/\\\/lentraide.es\\\/es\\\/tienda\\\/on-dirait-le-sud\\\/#primaryimage\",\"url\":\"https:\\\/\\\/lentraide.es\\\/wp-content\\\/uploads\\\/2023\\\/11\\\/on-dirait-le-sud-1.png\",\"contentUrl\":\"https:\\\/\\\/lentraide.es\\\/wp-content\\\/uploads\\\/2023\\\/11\\\/on-dirait-le-sud-1.png\",\"width\":480,\"height\":480},{\"@type\":\"BreadcrumbList\",\"@id\":\"https:\\\/\\\/lentraide.es\\\/es\\\/tienda\\\/on-dirait-le-sud\\\/#breadcrumb\",\"itemListElement\":[{\"@type\":\"ListItem\",\"position\":1,\"name\":\"Accueil\",\"item\":\"https:\\\/\\\/lentraide.es\\\/es\\\/\"},{\"@type\":\"ListItem\",\"position\":2,\"name\":\"Tienda\",\"item\":\"https:\\\/\\\/lentraide.es\\\/es\\\/tienda\\\/\"},{\"@type\":\"ListItem\",\"position\":3,\"name\":\"Estuche \u00abOn Dirait le Sud\u00a0\u00bb\"}]},{\"@type\":\"WebSite\",\"@id\":\"https:\\\/\\\/lentraide.es\\\/fr\\\/#website\",\"url\":\"https:\\\/\\\/lentraide.es\\\/fr\\\/\",\"name\":\"Entraide Fran\u00e7aise\",\"description\":\"Une main tendue vers la France\",\"publisher\":{\"@id\":\"https:\\\/\\\/lentraide.es\\\/fr\\\/#organization\"},\"alternateName\":\"L'entraide\",\"potentialAction\":[{\"@type\":\"SearchAction\",\"target\":{\"@type\":\"EntryPoint\",\"urlTemplate\":\"https:\\\/\\\/lentraide.es\\\/fr\\\/?s={search_term_string}\"},\"query-input\":{\"@type\":\"PropertyValueSpecification\",\"valueRequired\":true,\"valueName\":\"search_term_string\"}}],\"inLanguage\":\"es\"},{\"@type\":\"Organization\",\"@id\":\"https:\\\/\\\/lentraide.es\\\/fr\\\/#organization\",\"name\":\"Entraide Fran\u00e7aise\",\"alternateName\":\"L'entraide\",\"url\":\"https:\\\/\\\/lentraide.es\\\/fr\\\/\",\"logo\":{\"@type\":\"ImageObject\",\"inLanguage\":\"es\",\"@id\":\"https:\\\/\\\/lentraide.es\\\/fr\\\/#\\\/schema\\\/logo\\\/image\\\/\",\"url\":\"https:\\\/\\\/lentraide.es\\\/wp-content\\\/uploads\\\/2015\\\/07\\\/LOGO-azul2.png\",\"contentUrl\":\"https:\\\/\\\/lentraide.es\\\/wp-content\\\/uploads\\\/2015\\\/07\\\/LOGO-azul2.png\",\"width\":232,\"height\":146,\"caption\":\"Entraide Fran\u00e7aise\"},\"image\":{\"@id\":\"https:\\\/\\\/lentraide.es\\\/fr\\\/#\\\/schema\\\/logo\\\/image\\\/\"},\"sameAs\":[\"https:\\\/\\\/www.facebook.com\\\/entraide.francaisemadrid\",\"https:\\\/\\\/www.instagram.com\\\/entraidefrancaisemadrid\\\/\"]}]}<\/script>\n<!-- \/ Yoast SEO plugin. -->","yoast_head_json":{"title":"Estuche \"On Dirait le Sud\" | Entraide Fran\u00e7aise","robots":{"index":"index","follow":"follow","max-snippet":"max-snippet:-1","max-image-preview":"max-image-preview:large","max-video-preview":"max-video-preview:-1"},"canonical":"https:\/\/lentraide.es\/es\/tienda\/on-dirait-le-sud\/","og_locale":"es_ES","og_type":"article","og_title":"Estuche \"On Dirait le Sud\" | Entraide Fran\u00e7aise","og_description":"Nuestro estuche regional On dirait le Sud re\u00fane nuestras 5 recetas m\u00e1s meridionales para una sabrosa escapada provenzal. Nuestros tiernos pescados \u2013 sardinas, caballa y at\u00fan \u2013 se aromatizan con oliva y lim\u00f3n, un toque de ajo, hierbas y tomates secos. Tambi\u00e9n descubrir\u00e1 la dulzura afrutada del lim\u00f3n de Menton, que cuenta con una Indicaci\u00f3n Geogr\u00e1fica Protegida porque se cultiva de forma natural y tradicional en una peque\u00f1a zona de 5 municipios a menos de 7 km del Mediterr\u00e1neo.","og_url":"https:\/\/lentraide.es\/es\/tienda\/on-dirait-le-sud\/","og_site_name":"Entraide Fran\u00e7aise","article_publisher":"https:\/\/www.facebook.com\/entraide.francaisemadrid","article_modified_time":"2023-11-09T18:22:32+00:00","og_image":[{"width":480,"height":480,"url":"https:\/\/lentraide.es\/wp-content\/uploads\/2023\/11\/on-dirait-le-sud-1.png","type":"image\/png"}],"twitter_card":"summary_large_image","twitter_misc":{"Tiempo de lectura":"1 minuto"},"schema":{"@context":"https:\/\/schema.org","@graph":[{"@type":"WebPage","@id":"https:\/\/lentraide.es\/es\/tienda\/on-dirait-le-sud\/","url":"https:\/\/lentraide.es\/es\/tienda\/on-dirait-le-sud\/","name":"Estuche \"On Dirait le Sud\" | Entraide Fran\u00e7aise","isPartOf":{"@id":"https:\/\/lentraide.es\/fr\/#website"},"primaryImageOfPage":{"@id":"https:\/\/lentraide.es\/es\/tienda\/on-dirait-le-sud\/#primaryimage"},"image":{"@id":"https:\/\/lentraide.es\/es\/tienda\/on-dirait-le-sud\/#primaryimage"},"thumbnailUrl":"https:\/\/lentraide.es\/wp-content\/uploads\/2023\/11\/on-dirait-le-sud-1.png","datePublished":"2023-11-01T11:00:07+00:00","dateModified":"2023-11-09T18:22:32+00:00","breadcrumb":{"@id":"https:\/\/lentraide.es\/es\/tienda\/on-dirait-le-sud\/#breadcrumb"},"inLanguage":"es","potentialAction":[{"@type":"ReadAction","target":["https:\/\/lentraide.es\/es\/tienda\/on-dirait-le-sud\/"]}]},{"@type":"ImageObject","inLanguage":"es","@id":"https:\/\/lentraide.es\/es\/tienda\/on-dirait-le-sud\/#primaryimage","url":"https:\/\/lentraide.es\/wp-content\/uploads\/2023\/11\/on-dirait-le-sud-1.png","contentUrl":"https:\/\/lentraide.es\/wp-content\/uploads\/2023\/11\/on-dirait-le-sud-1.png","width":480,"height":480},{"@type":"BreadcrumbList","@id":"https:\/\/lentraide.es\/es\/tienda\/on-dirait-le-sud\/#breadcrumb","itemListElement":[{"@type":"ListItem","position":1,"name":"Accueil","item":"https:\/\/lentraide.es\/es\/"},{"@type":"ListItem","position":2,"name":"Tienda","item":"https:\/\/lentraide.es\/es\/tienda\/"},{"@type":"ListItem","position":3,"name":"Estuche \u00abOn Dirait le Sud\u00a0\u00bb"}]},{"@type":"WebSite","@id":"https:\/\/lentraide.es\/fr\/#website","url":"https:\/\/lentraide.es\/fr\/","name":"Entraide Fran\u00e7aise","description":"Une main tendue vers la France","publisher":{"@id":"https:\/\/lentraide.es\/fr\/#organization"},"alternateName":"L'entraide","potentialAction":[{"@type":"SearchAction","target":{"@type":"EntryPoint","urlTemplate":"https:\/\/lentraide.es\/fr\/?s={search_term_string}"},"query-input":{"@type":"PropertyValueSpecification","valueRequired":true,"valueName":"search_term_string"}}],"inLanguage":"es"},{"@type":"Organization","@id":"https:\/\/lentraide.es\/fr\/#organization","name":"Entraide Fran\u00e7aise","alternateName":"L'entraide","url":"https:\/\/lentraide.es\/fr\/","logo":{"@type":"ImageObject","inLanguage":"es","@id":"https:\/\/lentraide.es\/fr\/#\/schema\/logo\/image\/","url":"https:\/\/lentraide.es\/wp-content\/uploads\/2015\/07\/LOGO-azul2.png","contentUrl":"https:\/\/lentraide.es\/wp-content\/uploads\/2015\/07\/LOGO-azul2.png","width":232,"height":146,"caption":"Entraide Fran\u00e7aise"},"image":{"@id":"https:\/\/lentraide.es\/fr\/#\/schema\/logo\/image\/"},"sameAs":["https:\/\/www.facebook.com\/entraide.francaisemadrid","https:\/\/www.instagram.com\/entraidefrancaisemadrid\/"]}]}},"_links":{"self":[{"href":"https:\/\/lentraide.es\/es\/wp-json\/wp\/v2\/product\/51934","targetHints":{"allow":["GET"]}}],"collection":[{"href":"https:\/\/lentraide.es\/es\/wp-json\/wp\/v2\/product"}],"about":[{"href":"https:\/\/lentraide.es\/es\/wp-json\/wp\/v2\/types\/product"}],"wp:featuredmedia":[{"embeddable":true,"href":"https:\/\/lentraide.es\/es\/wp-json\/wp\/v2\/media\/51385"}],"wp:attachment":[{"href":"https:\/\/lentraide.es\/es\/wp-json\/wp\/v2\/media?parent=51934"}],"wp:term":[{"taxonomy":"product_brand","embeddable":true,"href":"https:\/\/lentraide.es\/es\/wp-json\/wp\/v2\/product_brand?post=51934"},{"taxonomy":"product_cat","embeddable":true,"href":"https:\/\/lentraide.es\/es\/wp-json\/wp\/v2\/product_cat?post=51934"},{"taxonomy":"product_tag","embeddable":true,"href":"https:\/\/lentraide.es\/es\/wp-json\/wp\/v2\/product_tag?post=51934"}],"curies":[{"name":"wp","href":"https:\/\/api.w.org\/{rel}","templated":true}]}}