{"id":51936,"date":"2023-11-01T12:00:27","date_gmt":"2023-11-01T11:00:27","guid":{"rendered":"https:\/\/lentraide.es\/tienda\/cote-sud-ouest\/"},"modified":"2025-10-29T16:58:29","modified_gmt":"2025-10-29T15:58:29","slug":"cote-sud-ouest","status":"publish","type":"product","link":"https:\/\/lentraide.es\/es\/tienda\/cote-sud-ouest\/","title":{"rendered":"Estuche \u00abC\u00f4t\u00e9 Sud-Ouest\u00bb"},"content":{"rendered":"<p><strong>Estuche C\u00f4t\u00e9 Sud-Ouest<\/strong><\/p>\n<p><em>\u00a1Ongi etorri!<\/em> <strong>\u00a1Bienvenido al Pa\u00eds Vasco!<br \/>\n<\/strong>Famoso por su costa ondulada y verde, con sus inmensas olas azul oc\u00e9ano, sus casas de entramado de madera vestidas de rojo y blanco, y la legendaria hospitalidad de sus habitantes, el Pa\u00eds Vasco es un lugar que invita a cenar y a disfrutar plenamente de la vida.<\/p>\n<p>Nuestro estuche C\u00f4t\u00e9 Sud-Ouest de <strong>4 recetas c\u00e1lidas y sutilmente especiadas<\/strong> le ofrece una <strong>escapada gastron\u00f3mica con notas vivas y afrutadas<\/strong>. Las sardinas que se deshacen en la boca y el at\u00fan blanco tierno se realzan con ingredientes t\u00edpicamente locales, como <strong>el jam\u00f3n de Bayona<\/strong>, que cuenta con una Indicaci\u00f3n Geogr\u00e1fica Protegida porque s\u00f3lo se produce en la cuenca del Adour, entre el Atl\u00e1ntico y los Pirineos. <strong>El pimiento de Espelette<\/strong>, por su parte, tiene una Denominaci\u00f3n de Origen Protegida, ya que su terru\u00f1o se limita a una peque\u00f1a zona que abarca 10 municipios <strong>en el coraz\u00f3n de un entorno natural privilegiado<\/strong>.<\/p>\n<p>&nbsp;<\/p>\n","protected":false},"excerpt":{"rendered":"<p><em>\u00a1Ongi etorri!<\/em> <strong>\u00a1Bienvenido al Pa\u00eds Vasco!<br \/>\n<\/strong>Famoso por su costa ondulada y verde, con sus inmensas olas azul oc\u00e9ano, sus casas de entramado de madera vestidas de rojo y blanco, y la legendaria hospitalidad de sus habitantes, el Pa\u00eds Vasco es un lugar que invita a cenar y a disfrutar plenamente de la vida.<\/p>\n<p>Nuestro estuche C\u00f4t\u00e9 Sud-Ouest de <strong>4 recetas c\u00e1lidas y sutilmente especiadas<\/strong> le ofrece una <strong>escapada gastron\u00f3mica con notas vivas y afrutadas<\/strong>. Las sardinas que se deshacen en la boca y el at\u00fan blanco tierno se realzan con ingredientes t\u00edpicamente locales, como <strong>el jam\u00f3n de Bayona<\/strong>, que cuenta con una Indicaci\u00f3n Geogr\u00e1fica Protegida porque s\u00f3lo se produce en la cuenca del Adour, entre el Atl\u00e1ntico y los Pirineos. <strong>El pimiento de Espelette<\/strong>, por su parte, tiene una Denominaci\u00f3n de Origen Protegida, ya que su terru\u00f1o se limita a una peque\u00f1a zona que abarca 10 municipios <strong>en el coraz\u00f3n de un entorno natural privilegiado<\/strong>.<\/p>\n","protected":false},"featured_media":51387,"template":"","meta":{"_acf_changed":false},"product_brand":[],"product_cat":[260],"product_tag":[],"class_list":{"0":"post-51936","1":"product","2":"type-product","3":"status-publish","4":"has-post-thumbnail","6":"product_cat-productos-de-pescados","8":"first","9":"outofstock","10":"shipping-taxable","11":"purchasable","12":"product-type-simple"},"acf":[],"yoast_head":"<!-- This site is optimized with the Yoast SEO plugin v26.9 - https:\/\/yoast.com\/product\/yoast-seo-wordpress\/ -->\n<title>Estuche &quot;C\u00f4t\u00e9 Sud-Ouest&quot; | Entraide Fran\u00e7aise<\/title>\n<meta name=\"robots\" content=\"index, follow, max-snippet:-1, max-image-preview:large, max-video-preview:-1\" \/>\n<link rel=\"canonical\" href=\"https:\/\/lentraide.es\/es\/tienda\/cote-sud-ouest\/\" \/>\n<meta property=\"og:locale\" content=\"es_ES\" \/>\n<meta property=\"og:type\" content=\"article\" \/>\n<meta property=\"og:title\" content=\"Estuche &quot;C\u00f4t\u00e9 Sud-Ouest&quot; | Entraide Fran\u00e7aise\" \/>\n<meta property=\"og:description\" content=\"\u00a1Ongi etorri! \u00a1Bienvenido al Pa\u00eds Vasco! Famoso por su costa ondulada y verde, con sus inmensas olas azul oc\u00e9ano, sus casas de entramado de madera vestidas de rojo y blanco, y la legendaria hospitalidad de sus habitantes, el Pa\u00eds Vasco es un lugar que invita a cenar y a disfrutar plenamente de la vida.  Nuestro estuche C\u00f4t\u00e9 Sud-Ouest de 4 recetas c\u00e1lidas y sutilmente especiadas le ofrece una escapada gastron\u00f3mica con notas vivas y afrutadas. Las sardinas que se deshacen en la boca y el at\u00fan blanco tierno se realzan con ingredientes t\u00edpicamente locales, como el jam\u00f3n de Bayona, que cuenta con una Indicaci\u00f3n Geogr\u00e1fica Protegida porque s\u00f3lo se produce en la cuenca del Adour, entre el Atl\u00e1ntico y los Pirineos. El pimiento de Espelette, por su parte, tiene una Denominaci\u00f3n de Origen Protegida, ya que su terru\u00f1o se limita a una peque\u00f1a zona que abarca 10 municipios en el coraz\u00f3n de un entorno natural privilegiado.\" \/>\n<meta property=\"og:url\" content=\"https:\/\/lentraide.es\/es\/tienda\/cote-sud-ouest\/\" \/>\n<meta property=\"og:site_name\" content=\"Entraide Fran\u00e7aise\" \/>\n<meta property=\"article:publisher\" content=\"https:\/\/www.facebook.com\/entraide.francaisemadrid\" \/>\n<meta property=\"article:modified_time\" content=\"2025-10-29T15:58:29+00:00\" \/>\n<meta property=\"og:image\" content=\"https:\/\/lentraide.es\/wp-content\/uploads\/2023\/11\/cote-sud-ouest-1.png\" \/>\n\t<meta property=\"og:image:width\" content=\"480\" \/>\n\t<meta property=\"og:image:height\" content=\"480\" \/>\n\t<meta property=\"og:image:type\" content=\"image\/png\" \/>\n<meta name=\"twitter:card\" content=\"summary_large_image\" \/>\n<meta name=\"twitter:label1\" content=\"Tiempo de lectura\" \/>\n\t<meta name=\"twitter:data1\" content=\"1 minuto\" \/>\n<script type=\"application\/ld+json\" class=\"yoast-schema-graph\">{\"@context\":\"https:\/\/schema.org\",\"@graph\":[{\"@type\":\"WebPage\",\"@id\":\"https:\/\/lentraide.es\/es\/tienda\/cote-sud-ouest\/\",\"url\":\"https:\/\/lentraide.es\/es\/tienda\/cote-sud-ouest\/\",\"name\":\"Estuche \\\"C\u00f4t\u00e9 Sud-Ouest\\\" | Entraide Fran\u00e7aise\",\"isPartOf\":{\"@id\":\"https:\/\/lentraide.es\/fr\/#website\"},\"primaryImageOfPage\":{\"@id\":\"https:\/\/lentraide.es\/es\/tienda\/cote-sud-ouest\/#primaryimage\"},\"image\":{\"@id\":\"https:\/\/lentraide.es\/es\/tienda\/cote-sud-ouest\/#primaryimage\"},\"thumbnailUrl\":\"https:\/\/lentraide.es\/wp-content\/uploads\/2023\/11\/cote-sud-ouest-1.png\",\"datePublished\":\"2023-11-01T11:00:27+00:00\",\"dateModified\":\"2025-10-29T15:58:29+00:00\",\"breadcrumb\":{\"@id\":\"https:\/\/lentraide.es\/es\/tienda\/cote-sud-ouest\/#breadcrumb\"},\"inLanguage\":\"es\",\"potentialAction\":[{\"@type\":\"ReadAction\",\"target\":[\"https:\/\/lentraide.es\/es\/tienda\/cote-sud-ouest\/\"]}]},{\"@type\":\"ImageObject\",\"inLanguage\":\"es\",\"@id\":\"https:\/\/lentraide.es\/es\/tienda\/cote-sud-ouest\/#primaryimage\",\"url\":\"https:\/\/lentraide.es\/wp-content\/uploads\/2023\/11\/cote-sud-ouest-1.png\",\"contentUrl\":\"https:\/\/lentraide.es\/wp-content\/uploads\/2023\/11\/cote-sud-ouest-1.png\",\"width\":480,\"height\":480},{\"@type\":\"BreadcrumbList\",\"@id\":\"https:\/\/lentraide.es\/es\/tienda\/cote-sud-ouest\/#breadcrumb\",\"itemListElement\":[{\"@type\":\"ListItem\",\"position\":1,\"name\":\"Accueil\",\"item\":\"https:\/\/lentraide.es\/es\/\"},{\"@type\":\"ListItem\",\"position\":2,\"name\":\"Tienda\",\"item\":\"https:\/\/lentraide.es\/es\/tienda\/\"},{\"@type\":\"ListItem\",\"position\":3,\"name\":\"Estuche \u00abC\u00f4t\u00e9 Sud-Ouest\u00a0\u00bb\"}]},{\"@type\":\"WebSite\",\"@id\":\"https:\/\/lentraide.es\/fr\/#website\",\"url\":\"https:\/\/lentraide.es\/fr\/\",\"name\":\"Entraide Fran\u00e7aise\",\"description\":\"Une main tendue vers la France\",\"publisher\":{\"@id\":\"https:\/\/lentraide.es\/fr\/#organization\"},\"alternateName\":\"L'entraide\",\"potentialAction\":[{\"@type\":\"SearchAction\",\"target\":{\"@type\":\"EntryPoint\",\"urlTemplate\":\"https:\/\/lentraide.es\/fr\/?s={search_term_string}\"},\"query-input\":{\"@type\":\"PropertyValueSpecification\",\"valueRequired\":true,\"valueName\":\"search_term_string\"}}],\"inLanguage\":\"es\"},{\"@type\":\"Organization\",\"@id\":\"https:\/\/lentraide.es\/fr\/#organization\",\"name\":\"Entraide Fran\u00e7aise\",\"alternateName\":\"L'entraide\",\"url\":\"https:\/\/lentraide.es\/fr\/\",\"logo\":{\"@type\":\"ImageObject\",\"inLanguage\":\"es\",\"@id\":\"https:\/\/lentraide.es\/fr\/#\/schema\/logo\/image\/\",\"url\":\"https:\/\/lentraide.es\/wp-content\/uploads\/2015\/07\/LOGO-azul2.png\",\"contentUrl\":\"https:\/\/lentraide.es\/wp-content\/uploads\/2015\/07\/LOGO-azul2.png\",\"width\":232,\"height\":146,\"caption\":\"Entraide Fran\u00e7aise\"},\"image\":{\"@id\":\"https:\/\/lentraide.es\/fr\/#\/schema\/logo\/image\/\"},\"sameAs\":[\"https:\/\/www.facebook.com\/entraide.francaisemadrid\",\"https:\/\/www.instagram.com\/entraidefrancaisemadrid\/\"]}]}<\/script>\n<!-- \/ Yoast SEO plugin. -->","yoast_head_json":{"title":"Estuche \"C\u00f4t\u00e9 Sud-Ouest\" | Entraide Fran\u00e7aise","robots":{"index":"index","follow":"follow","max-snippet":"max-snippet:-1","max-image-preview":"max-image-preview:large","max-video-preview":"max-video-preview:-1"},"canonical":"https:\/\/lentraide.es\/es\/tienda\/cote-sud-ouest\/","og_locale":"es_ES","og_type":"article","og_title":"Estuche \"C\u00f4t\u00e9 Sud-Ouest\" | Entraide Fran\u00e7aise","og_description":"\u00a1Ongi etorri! \u00a1Bienvenido al Pa\u00eds Vasco! Famoso por su costa ondulada y verde, con sus inmensas olas azul oc\u00e9ano, sus casas de entramado de madera vestidas de rojo y blanco, y la legendaria hospitalidad de sus habitantes, el Pa\u00eds Vasco es un lugar que invita a cenar y a disfrutar plenamente de la vida.  Nuestro estuche C\u00f4t\u00e9 Sud-Ouest de 4 recetas c\u00e1lidas y sutilmente especiadas le ofrece una escapada gastron\u00f3mica con notas vivas y afrutadas. Las sardinas que se deshacen en la boca y el at\u00fan blanco tierno se realzan con ingredientes t\u00edpicamente locales, como el jam\u00f3n de Bayona, que cuenta con una Indicaci\u00f3n Geogr\u00e1fica Protegida porque s\u00f3lo se produce en la cuenca del Adour, entre el Atl\u00e1ntico y los Pirineos. El pimiento de Espelette, por su parte, tiene una Denominaci\u00f3n de Origen Protegida, ya que su terru\u00f1o se limita a una peque\u00f1a zona que abarca 10 municipios en el coraz\u00f3n de un entorno natural privilegiado.","og_url":"https:\/\/lentraide.es\/es\/tienda\/cote-sud-ouest\/","og_site_name":"Entraide Fran\u00e7aise","article_publisher":"https:\/\/www.facebook.com\/entraide.francaisemadrid","article_modified_time":"2025-10-29T15:58:29+00:00","og_image":[{"width":480,"height":480,"url":"https:\/\/lentraide.es\/wp-content\/uploads\/2023\/11\/cote-sud-ouest-1.png","type":"image\/png"}],"twitter_card":"summary_large_image","twitter_misc":{"Tiempo de lectura":"1 minuto"},"schema":{"@context":"https:\/\/schema.org","@graph":[{"@type":"WebPage","@id":"https:\/\/lentraide.es\/es\/tienda\/cote-sud-ouest\/","url":"https:\/\/lentraide.es\/es\/tienda\/cote-sud-ouest\/","name":"Estuche \"C\u00f4t\u00e9 Sud-Ouest\" | Entraide Fran\u00e7aise","isPartOf":{"@id":"https:\/\/lentraide.es\/fr\/#website"},"primaryImageOfPage":{"@id":"https:\/\/lentraide.es\/es\/tienda\/cote-sud-ouest\/#primaryimage"},"image":{"@id":"https:\/\/lentraide.es\/es\/tienda\/cote-sud-ouest\/#primaryimage"},"thumbnailUrl":"https:\/\/lentraide.es\/wp-content\/uploads\/2023\/11\/cote-sud-ouest-1.png","datePublished":"2023-11-01T11:00:27+00:00","dateModified":"2025-10-29T15:58:29+00:00","breadcrumb":{"@id":"https:\/\/lentraide.es\/es\/tienda\/cote-sud-ouest\/#breadcrumb"},"inLanguage":"es","potentialAction":[{"@type":"ReadAction","target":["https:\/\/lentraide.es\/es\/tienda\/cote-sud-ouest\/"]}]},{"@type":"ImageObject","inLanguage":"es","@id":"https:\/\/lentraide.es\/es\/tienda\/cote-sud-ouest\/#primaryimage","url":"https:\/\/lentraide.es\/wp-content\/uploads\/2023\/11\/cote-sud-ouest-1.png","contentUrl":"https:\/\/lentraide.es\/wp-content\/uploads\/2023\/11\/cote-sud-ouest-1.png","width":480,"height":480},{"@type":"BreadcrumbList","@id":"https:\/\/lentraide.es\/es\/tienda\/cote-sud-ouest\/#breadcrumb","itemListElement":[{"@type":"ListItem","position":1,"name":"Accueil","item":"https:\/\/lentraide.es\/es\/"},{"@type":"ListItem","position":2,"name":"Tienda","item":"https:\/\/lentraide.es\/es\/tienda\/"},{"@type":"ListItem","position":3,"name":"Estuche \u00abC\u00f4t\u00e9 Sud-Ouest\u00a0\u00bb"}]},{"@type":"WebSite","@id":"https:\/\/lentraide.es\/fr\/#website","url":"https:\/\/lentraide.es\/fr\/","name":"Entraide Fran\u00e7aise","description":"Une main tendue vers la France","publisher":{"@id":"https:\/\/lentraide.es\/fr\/#organization"},"alternateName":"L'entraide","potentialAction":[{"@type":"SearchAction","target":{"@type":"EntryPoint","urlTemplate":"https:\/\/lentraide.es\/fr\/?s={search_term_string}"},"query-input":{"@type":"PropertyValueSpecification","valueRequired":true,"valueName":"search_term_string"}}],"inLanguage":"es"},{"@type":"Organization","@id":"https:\/\/lentraide.es\/fr\/#organization","name":"Entraide Fran\u00e7aise","alternateName":"L'entraide","url":"https:\/\/lentraide.es\/fr\/","logo":{"@type":"ImageObject","inLanguage":"es","@id":"https:\/\/lentraide.es\/fr\/#\/schema\/logo\/image\/","url":"https:\/\/lentraide.es\/wp-content\/uploads\/2015\/07\/LOGO-azul2.png","contentUrl":"https:\/\/lentraide.es\/wp-content\/uploads\/2015\/07\/LOGO-azul2.png","width":232,"height":146,"caption":"Entraide Fran\u00e7aise"},"image":{"@id":"https:\/\/lentraide.es\/fr\/#\/schema\/logo\/image\/"},"sameAs":["https:\/\/www.facebook.com\/entraide.francaisemadrid","https:\/\/www.instagram.com\/entraidefrancaisemadrid\/"]}]}},"_links":{"self":[{"href":"https:\/\/lentraide.es\/es\/wp-json\/wp\/v2\/product\/51936","targetHints":{"allow":["GET"]}}],"collection":[{"href":"https:\/\/lentraide.es\/es\/wp-json\/wp\/v2\/product"}],"about":[{"href":"https:\/\/lentraide.es\/es\/wp-json\/wp\/v2\/types\/product"}],"wp:featuredmedia":[{"embeddable":true,"href":"https:\/\/lentraide.es\/es\/wp-json\/wp\/v2\/media\/51387"}],"wp:attachment":[{"href":"https:\/\/lentraide.es\/es\/wp-json\/wp\/v2\/media?parent=51936"}],"wp:term":[{"taxonomy":"product_brand","embeddable":true,"href":"https:\/\/lentraide.es\/es\/wp-json\/wp\/v2\/product_brand?post=51936"},{"taxonomy":"product_cat","embeddable":true,"href":"https:\/\/lentraide.es\/es\/wp-json\/wp\/v2\/product_cat?post=51936"},{"taxonomy":"product_tag","embeddable":true,"href":"https:\/\/lentraide.es\/es\/wp-json\/wp\/v2\/product_tag?post=51936"}],"curies":[{"name":"wp","href":"https:\/\/api.w.org\/{rel}","templated":true}]}}