{"id":53950,"date":"2026-03-06T17:00:37","date_gmt":"2026-03-06T16:00:37","guid":{"rendered":"https:\/\/lentraide.es\/?post_type=product&#038;p=53950"},"modified":"2026-05-01T12:53:02","modified_gmt":"2026-05-01T10:53:02","slug":"torneo-golf-mayo-esp","status":"publish","type":"product","link":"https:\/\/lentraide.es\/es\/tienda\/torneo-golf-mayo-esp\/","title":{"rendered":"Torneo de golf \u2013 12 de junio a las 14:00 &#8211; Golf de Torrej\u00f3n de Ard\u00f3z"},"content":{"rendered":"<div class=\"wpb-content-wrapper\"><p>[vc_row css_animation=\u00bb\u00bb row_type=\u00bbrow\u00bb use_row_as_full_screen_section=\u00bbno\u00bb type=\u00bbfull_width\u00bb angled_section=\u00bbno\u00bb text_align=\u00bbleft\u00bb background_image_as_pattern=\u00bbwithout_pattern\u00bb][vc_column][vc_column_text css=\u00bb\u00bb]<strong>Informaci\u00f3n adicional\u00a0:<\/strong><\/p>\n<p><strong>Buggies\u00a0:<\/strong><br \/>\nN\u00famero de buggies muy limitado.<br \/>\nSolo 8 veh\u00edculos disponibles,<br \/>\nasignaci\u00f3n por orden de inscripci\u00f3n.<\/p>\n<p><strong>Boleto de t\u00f3mbola\u00a0:<\/strong><br \/>\n5\u00a0\u20ac por boleto (a comprar directamente durante el evento).<\/p>\n<p><strong>Formulario obligatorio\u00a0:<\/strong><br \/>\nA rellenar para todos los jugadores del torneo y sus acompa\u00f1antes al c\u00f3ctel<br \/>\npara acceder a la Base A\u00e9rea\u00a0:<br \/>\n<a href=\"https:\/\/forms.gle\/12rQEjCvEPPvJZmi8\">https:\/\/forms.gle\/12rQEjCvEPPvJZmi8<\/a><\/p>\n<p><strong>Acceso a la Base A\u00e9rea\u00a0:<\/strong><br \/>\nPor razones de seguridad, es imprescindible comunicar\u00a0:<\/p>\n<ul>\n<li>La marca, el modelo, el color y la matr\u00edcula del coche<\/li>\n<li>El DNI o el pasaporte de cada ocupante del veh\u00edculo<\/li>\n<\/ul>\n<p>Esto tambi\u00e9n se aplica a las personas que solo asistan al c\u00f3ctel de las 20:00.<\/p>\n<p><strong>Acceso al campo de golf\u00a0:<\/strong><br \/>\nEl campo de golf se encuentra al fondo de la Base A\u00e9rea.<br \/>\nDespu\u00e9s de pasar el control de seguridad, contin\u00fae todo recto durante aproximadamente 1 km,\u00a0luego gire a la derecha siguiendo los carteles \u00abCampo de Golf\u00bb.[\/vc_column_text][\/vc_column][\/vc_row]<\/p>\n<\/div>","protected":false},"excerpt":{"rendered":"<p dir=\"auto\" style=\"text-align: justify;\">L&#8217;Entraide organiza su tradicional torneo de golf el VIERNES 12 DE JUNIO DE 2026 en el CAMPO DE GOLF de la BASE A\u00c9REA DE TORREJ\u00d3N (Autopista A2 &#8211; salida 22 &#8211; Base A\u00e9rea).<\/p>\n<p>&nbsp;<\/p>\n<p dir=\"auto\" style=\"text-align: justify;\">La salida de esta competici\u00f3n oficial de la RFGE en modo STABLEFORD est\u00e1 fijada a las 14:30 <strong>en punto<\/strong>, la recepci\u00f3n de los participantes comenzar\u00e1 a las 14:00. El c\u00f3ctel y la ceremonia de entrega de trofeos se llevar\u00e1n a cabo a partir de las 20:00. La inscripci\u00f3n puede realizarse para uno u otro de los eventos.<\/p>\n<p>&nbsp;<\/p>\n<p dir=\"auto\" style=\"text-align: justify;\">El Club House dispone de vestuarios y duchas para los jugadores, quienes recibir\u00e1n una colaci\u00f3n (s\u00e1ndwich, barra energ\u00e9tica, fruta y botella de agua) antes de la salida.<\/p>\n<p>&nbsp;<\/p>\n<p dir=\"auto\" style=\"text-align: justify;\">La totalidad de las contribuciones financieras de este d\u00eda ser\u00e1n destinadas a la Entraide de Madrid para sus obras caritativas.<\/p>\n<p>&nbsp;<\/p>\n<p style=\"text-align: justify;\">Para la inscripci\u00f3n, hay dos opciones, con o sin buggy:<\/p>\n<ul style=\"text-align: justify;\">\n<li>Torneo (Green Fee) + Colaci\u00f3n (Tentempi\u00e9) + C\u00f3ctel<\/li>\n<li>Torneo (Green Fee) + Colaci\u00f3n (Tentempi\u00e9) + C\u00f3ctel + Buggy (sujeto a la disponibilidad de los 8 veh\u00edculos)<\/li>\n<\/ul>\n<p>&nbsp;<\/p>\n<p style=\"text-align: justify;\"><span style=\"color: #0000ff;\"><strong>Gracias de rellenar este formulario para participar al torneo y acceder a la Base Aerea : <a href=\"https:\/\/forms.gle\/12rQEjCvEPPvJZmi8\">https:\/\/forms.gle\/12rQEjCvEPPvJZmi8<\/a>\u00a0<\/strong><\/span><\/p>\n","protected":false},"featured_media":63692,"template":"","meta":{"_acf_changed":false},"product_brand":[],"product_cat":[194],"product_tag":[],"class_list":{"0":"post-53950","1":"product","2":"type-product","3":"status-publish","4":"has-post-thumbnail","6":"product_cat-eventos","8":"first","9":"instock","10":"featured","11":"shipping-taxable","12":"purchasable","13":"product-type-variable","14":"has-default-attributes"},"acf":[],"yoast_head":"<!-- This site is optimized with the Yoast SEO plugin v27.3 - https:\/\/yoast.com\/product\/yoast-seo-wordpress\/ -->\n<title>Torneo de golf \u2013 12 de junio a las 14:00 - Golf de Torrej\u00f3n de Ard\u00f3z | Entraide Fran\u00e7aise<\/title>\n<meta name=\"description\" content=\"Torneo de golf de l&#039;Entraide Fran\u00e7aise\" \/>\n<meta name=\"robots\" content=\"index, follow, max-snippet:-1, max-image-preview:large, max-video-preview:-1\" \/>\n<link rel=\"canonical\" href=\"https:\/\/lentraide.es\/es\/tienda\/torneo-golf-mayo-esp\/\" \/>\n<meta property=\"og:locale\" content=\"es_ES\" \/>\n<meta property=\"og:type\" content=\"article\" \/>\n<meta property=\"og:title\" content=\"Torneo de golf \u2013 12 de junio a las 14:00 - Golf de Torrej\u00f3n de Ard\u00f3z | Entraide Fran\u00e7aise\" \/>\n<meta property=\"og:description\" content=\"Torneo de golf de l&#039;Entraide Fran\u00e7aise\" \/>\n<meta property=\"og:url\" content=\"https:\/\/lentraide.es\/es\/tienda\/torneo-golf-mayo-esp\/\" \/>\n<meta property=\"og:site_name\" content=\"Entraide Fran\u00e7aise\" \/>\n<meta property=\"article:publisher\" content=\"https:\/\/www.facebook.com\/entraide.francaisemadrid\" \/>\n<meta property=\"article:modified_time\" content=\"2026-05-01T10:53:02+00:00\" \/>\n<meta property=\"og:image\" content=\"https:\/\/lentraide.es\/wp-content\/uploads\/2026\/03\/Golf-Je-bouge-pour-lEntraide-2026-sponsors.jpg\" \/>\n\t<meta property=\"og:image:width\" content=\"738\" \/>\n\t<meta property=\"og:image:height\" content=\"738\" \/>\n\t<meta property=\"og:image:type\" content=\"image\/jpeg\" \/>\n<meta name=\"twitter:card\" content=\"summary_large_image\" \/>\n<meta name=\"twitter:label1\" content=\"Tiempo de lectura\" \/>\n\t<meta name=\"twitter:data1\" content=\"1 minuto\" \/>\n<script type=\"application\/ld+json\" class=\"yoast-schema-graph\">{\"@context\":\"https:\\\/\\\/schema.org\",\"@graph\":[{\"@type\":\"WebPage\",\"@id\":\"https:\\\/\\\/lentraide.es\\\/es\\\/tienda\\\/torneo-golf-mayo-esp\\\/\",\"url\":\"https:\\\/\\\/lentraide.es\\\/es\\\/tienda\\\/torneo-golf-mayo-esp\\\/\",\"name\":\"Torneo de golf \u2013 12 de junio a las 14:00 - Golf de Torrej\u00f3n de Ard\u00f3z | Entraide Fran\u00e7aise\",\"isPartOf\":{\"@id\":\"https:\\\/\\\/lentraide.es\\\/fr\\\/#website\"},\"primaryImageOfPage\":{\"@id\":\"https:\\\/\\\/lentraide.es\\\/es\\\/tienda\\\/torneo-golf-mayo-esp\\\/#primaryimage\"},\"image\":{\"@id\":\"https:\\\/\\\/lentraide.es\\\/es\\\/tienda\\\/torneo-golf-mayo-esp\\\/#primaryimage\"},\"thumbnailUrl\":\"https:\\\/\\\/lentraide.es\\\/wp-content\\\/uploads\\\/2026\\\/03\\\/Golf-Je-bouge-pour-lEntraide-2026-sponsors.jpg\",\"datePublished\":\"2026-03-06T16:00:37+00:00\",\"dateModified\":\"2026-05-01T10:53:02+00:00\",\"description\":\"Torneo de golf de l'Entraide Fran\u00e7aise\",\"breadcrumb\":{\"@id\":\"https:\\\/\\\/lentraide.es\\\/es\\\/tienda\\\/torneo-golf-mayo-esp\\\/#breadcrumb\"},\"inLanguage\":\"es\",\"potentialAction\":[{\"@type\":\"ReadAction\",\"target\":[\"https:\\\/\\\/lentraide.es\\\/es\\\/tienda\\\/torneo-golf-mayo-esp\\\/\"]}]},{\"@type\":\"ImageObject\",\"inLanguage\":\"es\",\"@id\":\"https:\\\/\\\/lentraide.es\\\/es\\\/tienda\\\/torneo-golf-mayo-esp\\\/#primaryimage\",\"url\":\"https:\\\/\\\/lentraide.es\\\/wp-content\\\/uploads\\\/2026\\\/03\\\/Golf-Je-bouge-pour-lEntraide-2026-sponsors.jpg\",\"contentUrl\":\"https:\\\/\\\/lentraide.es\\\/wp-content\\\/uploads\\\/2026\\\/03\\\/Golf-Je-bouge-pour-lEntraide-2026-sponsors.jpg\",\"width\":738,\"height\":738},{\"@type\":\"BreadcrumbList\",\"@id\":\"https:\\\/\\\/lentraide.es\\\/es\\\/tienda\\\/torneo-golf-mayo-esp\\\/#breadcrumb\",\"itemListElement\":[{\"@type\":\"ListItem\",\"position\":1,\"name\":\"Accueil\",\"item\":\"https:\\\/\\\/lentraide.es\\\/es\\\/\"},{\"@type\":\"ListItem\",\"position\":2,\"name\":\"Tienda\",\"item\":\"https:\\\/\\\/lentraide.es\\\/es\\\/tienda\\\/\"},{\"@type\":\"ListItem\",\"position\":3,\"name\":\"Torneo de golf \u2013 12 de junio a las 14:00 &#8211; Golf de Torrej\u00f3n de Ard\u00f3z\"}]},{\"@type\":\"WebSite\",\"@id\":\"https:\\\/\\\/lentraide.es\\\/fr\\\/#website\",\"url\":\"https:\\\/\\\/lentraide.es\\\/fr\\\/\",\"name\":\"Entraide Fran\u00e7aise\",\"description\":\"Une main tendue vers la France\",\"publisher\":{\"@id\":\"https:\\\/\\\/lentraide.es\\\/fr\\\/#organization\"},\"alternateName\":\"L'entraide\",\"potentialAction\":[{\"@type\":\"SearchAction\",\"target\":{\"@type\":\"EntryPoint\",\"urlTemplate\":\"https:\\\/\\\/lentraide.es\\\/fr\\\/?s={search_term_string}\"},\"query-input\":{\"@type\":\"PropertyValueSpecification\",\"valueRequired\":true,\"valueName\":\"search_term_string\"}}],\"inLanguage\":\"es\"},{\"@type\":\"Organization\",\"@id\":\"https:\\\/\\\/lentraide.es\\\/fr\\\/#organization\",\"name\":\"Entraide Fran\u00e7aise\",\"alternateName\":\"L'entraide\",\"url\":\"https:\\\/\\\/lentraide.es\\\/fr\\\/\",\"logo\":{\"@type\":\"ImageObject\",\"inLanguage\":\"es\",\"@id\":\"https:\\\/\\\/lentraide.es\\\/fr\\\/#\\\/schema\\\/logo\\\/image\\\/\",\"url\":\"https:\\\/\\\/lentraide.es\\\/wp-content\\\/uploads\\\/2015\\\/07\\\/LOGO-azul2.png\",\"contentUrl\":\"https:\\\/\\\/lentraide.es\\\/wp-content\\\/uploads\\\/2015\\\/07\\\/LOGO-azul2.png\",\"width\":232,\"height\":146,\"caption\":\"Entraide Fran\u00e7aise\"},\"image\":{\"@id\":\"https:\\\/\\\/lentraide.es\\\/fr\\\/#\\\/schema\\\/logo\\\/image\\\/\"},\"sameAs\":[\"https:\\\/\\\/www.facebook.com\\\/entraide.francaisemadrid\",\"https:\\\/\\\/www.instagram.com\\\/entraidefrancaisemadrid\\\/\"]}]}<\/script>\n<!-- \/ Yoast SEO plugin. -->","yoast_head_json":{"title":"Torneo de golf \u2013 12 de junio a las 14:00 - Golf de Torrej\u00f3n de Ard\u00f3z | Entraide Fran\u00e7aise","description":"Torneo de golf de l'Entraide Fran\u00e7aise","robots":{"index":"index","follow":"follow","max-snippet":"max-snippet:-1","max-image-preview":"max-image-preview:large","max-video-preview":"max-video-preview:-1"},"canonical":"https:\/\/lentraide.es\/es\/tienda\/torneo-golf-mayo-esp\/","og_locale":"es_ES","og_type":"article","og_title":"Torneo de golf \u2013 12 de junio a las 14:00 - Golf de Torrej\u00f3n de Ard\u00f3z | Entraide Fran\u00e7aise","og_description":"Torneo de golf de l'Entraide Fran\u00e7aise","og_url":"https:\/\/lentraide.es\/es\/tienda\/torneo-golf-mayo-esp\/","og_site_name":"Entraide Fran\u00e7aise","article_publisher":"https:\/\/www.facebook.com\/entraide.francaisemadrid","article_modified_time":"2026-05-01T10:53:02+00:00","og_image":[{"width":738,"height":738,"url":"https:\/\/lentraide.es\/wp-content\/uploads\/2026\/03\/Golf-Je-bouge-pour-lEntraide-2026-sponsors.jpg","type":"image\/jpeg"}],"twitter_card":"summary_large_image","twitter_misc":{"Tiempo de lectura":"1 minuto"},"schema":{"@context":"https:\/\/schema.org","@graph":[{"@type":"WebPage","@id":"https:\/\/lentraide.es\/es\/tienda\/torneo-golf-mayo-esp\/","url":"https:\/\/lentraide.es\/es\/tienda\/torneo-golf-mayo-esp\/","name":"Torneo de golf \u2013 12 de junio a las 14:00 - Golf de Torrej\u00f3n de Ard\u00f3z | Entraide Fran\u00e7aise","isPartOf":{"@id":"https:\/\/lentraide.es\/fr\/#website"},"primaryImageOfPage":{"@id":"https:\/\/lentraide.es\/es\/tienda\/torneo-golf-mayo-esp\/#primaryimage"},"image":{"@id":"https:\/\/lentraide.es\/es\/tienda\/torneo-golf-mayo-esp\/#primaryimage"},"thumbnailUrl":"https:\/\/lentraide.es\/wp-content\/uploads\/2026\/03\/Golf-Je-bouge-pour-lEntraide-2026-sponsors.jpg","datePublished":"2026-03-06T16:00:37+00:00","dateModified":"2026-05-01T10:53:02+00:00","description":"Torneo de golf de l'Entraide Fran\u00e7aise","breadcrumb":{"@id":"https:\/\/lentraide.es\/es\/tienda\/torneo-golf-mayo-esp\/#breadcrumb"},"inLanguage":"es","potentialAction":[{"@type":"ReadAction","target":["https:\/\/lentraide.es\/es\/tienda\/torneo-golf-mayo-esp\/"]}]},{"@type":"ImageObject","inLanguage":"es","@id":"https:\/\/lentraide.es\/es\/tienda\/torneo-golf-mayo-esp\/#primaryimage","url":"https:\/\/lentraide.es\/wp-content\/uploads\/2026\/03\/Golf-Je-bouge-pour-lEntraide-2026-sponsors.jpg","contentUrl":"https:\/\/lentraide.es\/wp-content\/uploads\/2026\/03\/Golf-Je-bouge-pour-lEntraide-2026-sponsors.jpg","width":738,"height":738},{"@type":"BreadcrumbList","@id":"https:\/\/lentraide.es\/es\/tienda\/torneo-golf-mayo-esp\/#breadcrumb","itemListElement":[{"@type":"ListItem","position":1,"name":"Accueil","item":"https:\/\/lentraide.es\/es\/"},{"@type":"ListItem","position":2,"name":"Tienda","item":"https:\/\/lentraide.es\/es\/tienda\/"},{"@type":"ListItem","position":3,"name":"Torneo de golf \u2013 12 de junio a las 14:00 &#8211; Golf de Torrej\u00f3n de Ard\u00f3z"}]},{"@type":"WebSite","@id":"https:\/\/lentraide.es\/fr\/#website","url":"https:\/\/lentraide.es\/fr\/","name":"Entraide Fran\u00e7aise","description":"Une main tendue vers la France","publisher":{"@id":"https:\/\/lentraide.es\/fr\/#organization"},"alternateName":"L'entraide","potentialAction":[{"@type":"SearchAction","target":{"@type":"EntryPoint","urlTemplate":"https:\/\/lentraide.es\/fr\/?s={search_term_string}"},"query-input":{"@type":"PropertyValueSpecification","valueRequired":true,"valueName":"search_term_string"}}],"inLanguage":"es"},{"@type":"Organization","@id":"https:\/\/lentraide.es\/fr\/#organization","name":"Entraide Fran\u00e7aise","alternateName":"L'entraide","url":"https:\/\/lentraide.es\/fr\/","logo":{"@type":"ImageObject","inLanguage":"es","@id":"https:\/\/lentraide.es\/fr\/#\/schema\/logo\/image\/","url":"https:\/\/lentraide.es\/wp-content\/uploads\/2015\/07\/LOGO-azul2.png","contentUrl":"https:\/\/lentraide.es\/wp-content\/uploads\/2015\/07\/LOGO-azul2.png","width":232,"height":146,"caption":"Entraide Fran\u00e7aise"},"image":{"@id":"https:\/\/lentraide.es\/fr\/#\/schema\/logo\/image\/"},"sameAs":["https:\/\/www.facebook.com\/entraide.francaisemadrid","https:\/\/www.instagram.com\/entraidefrancaisemadrid\/"]}]}},"_links":{"self":[{"href":"https:\/\/lentraide.es\/es\/wp-json\/wp\/v2\/product\/53950","targetHints":{"allow":["GET"]}}],"collection":[{"href":"https:\/\/lentraide.es\/es\/wp-json\/wp\/v2\/product"}],"about":[{"href":"https:\/\/lentraide.es\/es\/wp-json\/wp\/v2\/types\/product"}],"wp:featuredmedia":[{"embeddable":true,"href":"https:\/\/lentraide.es\/es\/wp-json\/wp\/v2\/media\/63692"}],"wp:attachment":[{"href":"https:\/\/lentraide.es\/es\/wp-json\/wp\/v2\/media?parent=53950"}],"wp:term":[{"taxonomy":"product_brand","embeddable":true,"href":"https:\/\/lentraide.es\/es\/wp-json\/wp\/v2\/product_brand?post=53950"},{"taxonomy":"product_cat","embeddable":true,"href":"https:\/\/lentraide.es\/es\/wp-json\/wp\/v2\/product_cat?post=53950"},{"taxonomy":"product_tag","embeddable":true,"href":"https:\/\/lentraide.es\/es\/wp-json\/wp\/v2\/product_tag?post=53950"}],"curies":[{"name":"wp","href":"https:\/\/api.w.org\/{rel}","templated":true}]}}