{"id":58252,"date":"2024-10-24T13:30:00","date_gmt":"2024-10-24T11:30:00","guid":{"rendered":"https:\/\/lentraide.es\/?post_type=product&#038;p=58252"},"modified":"2025-12-11T22:39:30","modified_gmt":"2025-12-11T21:39:30","slug":"champagne-lamalaurie-les-deux-terres","status":"publish","type":"product","link":"https:\/\/lentraide.es\/es\/tienda\/champagne-lamalaurie-les-deux-terres\/","title":{"rendered":"Champagne LA MALAURIE Grand Cru &#8211; Les Deux Terres &#8211; Caisse de 6 bouteilles"},"content":{"rendered":"","protected":false},"excerpt":{"rendered":"<p class=\"mt-4\">Cet assemblage de chardonnay et pinot noir r\u00e9v\u00e8le une magnifique teinte de maturit\u00e9, avec ses reflets jaune-dor\u00e9 et un subtil chapelet de bulles.<\/p>\n<p>Une d\u00e9licatesse et gourmandise absolues, rel\u00e8vent la rondeur et la longueur crayeuse du terroir. Un vin franc et droit, con\u00e7u pour les amateurs. Le dosage est volontairement tr\u00e8s faible pour ne pas impacter les caract\u00e8res originels de cette cuv\u00e9e, Les Deux Terres.<\/p>\n<p>&nbsp;<\/p>\n<hr \/>\n<p>&nbsp;<\/p>\n<p><span style=\"color: #0000ff;\">Pour les ventes sur le site web, il est <strong>IMP\u00c9RATIF<\/strong> de choisir la modalit\u00e9 de livraison via le produit Livraison : <a href=\"https:\/\/lentraide.es\/es\/tienda\/livraison-entrega-champagnes\/\">https:\/\/lentraide.es\/fr\/tienda\/livraison-entrega-champagnes\/<\/a><\/span><\/p>\n<p>&nbsp;<\/p>\n<ul>\n<li>le transport est GRATUIT sur MADRID (Province de Madrid)<\/li>\n<li>en dehors de ce p\u00e9rim\u00e8tre, il vous est demand\u00e9 10 \u20ac pour une ou deux caisses, et 15 \u20ac pour 3 caisses et plus.<\/li>\n<li>Iles Bal\u00e9ares et Canaries, merci de vous renseigner aupr\u00e8s de Bruno 639 70 79 02.<\/li>\n<\/ul>\n","protected":false},"featured_media":58218,"template":"","meta":{"_acf_changed":false},"product_brand":[],"product_cat":[254,176,198],"product_tag":[],"class_list":{"0":"post-58252","1":"product","2":"type-product","3":"status-publish","4":"has-post-thumbnail","6":"product_cat-champagne-navidad","7":"product_cat-venta-navidad","8":"product_cat-vinos-champagne","10":"first","11":"outofstock","12":"shipping-taxable","13":"purchasable","14":"product-type-simple"},"acf":[],"yoast_head":"<!-- This site is optimized with the Yoast SEO plugin v27.3 - https:\/\/yoast.com\/product\/yoast-seo-wordpress\/ -->\n<title>Champagne LA MALAURIE Grand Cru - Les Deux Terres - Caisse de 6 bouteilles | Entraide Fran\u00e7aise<\/title>\n<meta name=\"robots\" content=\"index, follow, max-snippet:-1, max-image-preview:large, max-video-preview:-1\" \/>\n<link rel=\"canonical\" href=\"https:\/\/lentraide.es\/es\/tienda\/champagne-lamalaurie-les-deux-terres\/\" \/>\n<meta property=\"og:locale\" content=\"es_ES\" \/>\n<meta property=\"og:type\" content=\"article\" \/>\n<meta property=\"og:title\" content=\"Champagne LA MALAURIE Grand Cru - Les Deux Terres - Caisse de 6 bouteilles | Entraide Fran\u00e7aise\" \/>\n<meta property=\"og:description\" content=\"Cet assemblage de chardonnay et pinot noir r\u00e9v\u00e8le une magnifique teinte de maturit\u00e9, avec ses reflets jaune-dor\u00e9 et un subtil chapelet de bulles. Une d\u00e9licatesse et gourmandise absolues, rel\u00e8vent la rondeur et la longueur crayeuse du terroir. Un vin franc et droit, con\u00e7u pour les amateurs. Le dosage est volontairement tr\u00e8s faible pour ne pas impacter les caract\u00e8res originels de cette cuv\u00e9e, Les Deux Terres.  &nbsp;    &nbsp;  Pour les ventes sur le site web, il est IMP\u00c9RATIF de choisir la modalit\u00e9 de livraison via le produit Livraison : https:\/\/lentraide.es\/fr\/tienda\/livraison-entrega-champagnes\/  &nbsp;   le transport est GRATUIT sur MADRID (Province de Madrid)  en dehors de ce p\u00e9rim\u00e8tre, il vous est demand\u00e9 10 \u20ac pour une ou deux caisses, et 15 \u20ac pour 3 caisses et plus.  Iles Bal\u00e9ares et Canaries, merci de vous renseigner aupr\u00e8s de Bruno 639 70 79 02.\" \/>\n<meta property=\"og:url\" content=\"https:\/\/lentraide.es\/es\/tienda\/champagne-lamalaurie-les-deux-terres\/\" \/>\n<meta property=\"og:site_name\" content=\"Entraide Fran\u00e7aise\" \/>\n<meta property=\"article:publisher\" content=\"https:\/\/www.facebook.com\/entraide.francaisemadrid\" \/>\n<meta property=\"article:modified_time\" content=\"2025-12-11T21:39:30+00:00\" \/>\n<meta property=\"og:image\" content=\"https:\/\/lentraide.es\/wp-content\/uploads\/2020\/10\/Les_Deux_Terres.png\" \/>\n\t<meta property=\"og:image:width\" content=\"500\" \/>\n\t<meta property=\"og:image:height\" content=\"500\" \/>\n\t<meta property=\"og:image:type\" content=\"image\/png\" \/>\n<meta name=\"twitter:card\" content=\"summary_large_image\" \/>\n<meta name=\"twitter:label1\" content=\"Tiempo de lectura\" \/>\n\t<meta name=\"twitter:data1\" content=\"1 minuto\" \/>\n<script type=\"application\/ld+json\" class=\"yoast-schema-graph\">{\"@context\":\"https:\\\/\\\/schema.org\",\"@graph\":[{\"@type\":\"WebPage\",\"@id\":\"https:\\\/\\\/lentraide.es\\\/es\\\/tienda\\\/champagne-lamalaurie-les-deux-terres\\\/\",\"url\":\"https:\\\/\\\/lentraide.es\\\/es\\\/tienda\\\/champagne-lamalaurie-les-deux-terres\\\/\",\"name\":\"Champagne LA MALAURIE Grand Cru - Les Deux Terres - Caisse de 6 bouteilles | Entraide Fran\u00e7aise\",\"isPartOf\":{\"@id\":\"https:\\\/\\\/lentraide.es\\\/fr\\\/#website\"},\"primaryImageOfPage\":{\"@id\":\"https:\\\/\\\/lentraide.es\\\/es\\\/tienda\\\/champagne-lamalaurie-les-deux-terres\\\/#primaryimage\"},\"image\":{\"@id\":\"https:\\\/\\\/lentraide.es\\\/es\\\/tienda\\\/champagne-lamalaurie-les-deux-terres\\\/#primaryimage\"},\"thumbnailUrl\":\"https:\\\/\\\/lentraide.es\\\/wp-content\\\/uploads\\\/2020\\\/10\\\/Les_Deux_Terres.png\",\"datePublished\":\"2024-10-24T11:30:00+00:00\",\"dateModified\":\"2025-12-11T21:39:30+00:00\",\"breadcrumb\":{\"@id\":\"https:\\\/\\\/lentraide.es\\\/es\\\/tienda\\\/champagne-lamalaurie-les-deux-terres\\\/#breadcrumb\"},\"inLanguage\":\"es\",\"potentialAction\":[{\"@type\":\"ReadAction\",\"target\":[\"https:\\\/\\\/lentraide.es\\\/es\\\/tienda\\\/champagne-lamalaurie-les-deux-terres\\\/\"]}]},{\"@type\":\"ImageObject\",\"inLanguage\":\"es\",\"@id\":\"https:\\\/\\\/lentraide.es\\\/es\\\/tienda\\\/champagne-lamalaurie-les-deux-terres\\\/#primaryimage\",\"url\":\"https:\\\/\\\/lentraide.es\\\/wp-content\\\/uploads\\\/2020\\\/10\\\/Les_Deux_Terres.png\",\"contentUrl\":\"https:\\\/\\\/lentraide.es\\\/wp-content\\\/uploads\\\/2020\\\/10\\\/Les_Deux_Terres.png\",\"width\":500,\"height\":500},{\"@type\":\"BreadcrumbList\",\"@id\":\"https:\\\/\\\/lentraide.es\\\/es\\\/tienda\\\/champagne-lamalaurie-les-deux-terres\\\/#breadcrumb\",\"itemListElement\":[{\"@type\":\"ListItem\",\"position\":1,\"name\":\"Accueil\",\"item\":\"https:\\\/\\\/lentraide.es\\\/es\\\/\"},{\"@type\":\"ListItem\",\"position\":2,\"name\":\"Tienda\",\"item\":\"https:\\\/\\\/lentraide.es\\\/es\\\/tienda\\\/\"},{\"@type\":\"ListItem\",\"position\":3,\"name\":\"Champagne LA MALAURIE Grand Cru &#8211; Les Deux Terres &#8211; Caisse de 6 bouteilles\"}]},{\"@type\":\"WebSite\",\"@id\":\"https:\\\/\\\/lentraide.es\\\/fr\\\/#website\",\"url\":\"https:\\\/\\\/lentraide.es\\\/fr\\\/\",\"name\":\"Entraide Fran\u00e7aise\",\"description\":\"Une main tendue vers la France\",\"publisher\":{\"@id\":\"https:\\\/\\\/lentraide.es\\\/fr\\\/#organization\"},\"alternateName\":\"L'entraide\",\"potentialAction\":[{\"@type\":\"SearchAction\",\"target\":{\"@type\":\"EntryPoint\",\"urlTemplate\":\"https:\\\/\\\/lentraide.es\\\/fr\\\/?s={search_term_string}\"},\"query-input\":{\"@type\":\"PropertyValueSpecification\",\"valueRequired\":true,\"valueName\":\"search_term_string\"}}],\"inLanguage\":\"es\"},{\"@type\":\"Organization\",\"@id\":\"https:\\\/\\\/lentraide.es\\\/fr\\\/#organization\",\"name\":\"Entraide Fran\u00e7aise\",\"alternateName\":\"L'entraide\",\"url\":\"https:\\\/\\\/lentraide.es\\\/fr\\\/\",\"logo\":{\"@type\":\"ImageObject\",\"inLanguage\":\"es\",\"@id\":\"https:\\\/\\\/lentraide.es\\\/fr\\\/#\\\/schema\\\/logo\\\/image\\\/\",\"url\":\"https:\\\/\\\/lentraide.es\\\/wp-content\\\/uploads\\\/2015\\\/07\\\/LOGO-azul2.png\",\"contentUrl\":\"https:\\\/\\\/lentraide.es\\\/wp-content\\\/uploads\\\/2015\\\/07\\\/LOGO-azul2.png\",\"width\":232,\"height\":146,\"caption\":\"Entraide Fran\u00e7aise\"},\"image\":{\"@id\":\"https:\\\/\\\/lentraide.es\\\/fr\\\/#\\\/schema\\\/logo\\\/image\\\/\"},\"sameAs\":[\"https:\\\/\\\/www.facebook.com\\\/entraide.francaisemadrid\",\"https:\\\/\\\/www.instagram.com\\\/entraidefrancaisemadrid\\\/\"]}]}<\/script>\n<!-- \/ Yoast SEO plugin. -->","yoast_head_json":{"title":"Champagne LA MALAURIE Grand Cru - Les Deux Terres - Caisse de 6 bouteilles | Entraide Fran\u00e7aise","robots":{"index":"index","follow":"follow","max-snippet":"max-snippet:-1","max-image-preview":"max-image-preview:large","max-video-preview":"max-video-preview:-1"},"canonical":"https:\/\/lentraide.es\/es\/tienda\/champagne-lamalaurie-les-deux-terres\/","og_locale":"es_ES","og_type":"article","og_title":"Champagne LA MALAURIE Grand Cru - Les Deux Terres - Caisse de 6 bouteilles | Entraide Fran\u00e7aise","og_description":"Cet assemblage de chardonnay et pinot noir r\u00e9v\u00e8le une magnifique teinte de maturit\u00e9, avec ses reflets jaune-dor\u00e9 et un subtil chapelet de bulles. Une d\u00e9licatesse et gourmandise absolues, rel\u00e8vent la rondeur et la longueur crayeuse du terroir. Un vin franc et droit, con\u00e7u pour les amateurs. Le dosage est volontairement tr\u00e8s faible pour ne pas impacter les caract\u00e8res originels de cette cuv\u00e9e, Les Deux Terres.  &nbsp;    &nbsp;  Pour les ventes sur le site web, il est IMP\u00c9RATIF de choisir la modalit\u00e9 de livraison via le produit Livraison : https:\/\/lentraide.es\/fr\/tienda\/livraison-entrega-champagnes\/  &nbsp;   le transport est GRATUIT sur MADRID (Province de Madrid)  en dehors de ce p\u00e9rim\u00e8tre, il vous est demand\u00e9 10 \u20ac pour une ou deux caisses, et 15 \u20ac pour 3 caisses et plus.  Iles Bal\u00e9ares et Canaries, merci de vous renseigner aupr\u00e8s de Bruno 639 70 79 02.","og_url":"https:\/\/lentraide.es\/es\/tienda\/champagne-lamalaurie-les-deux-terres\/","og_site_name":"Entraide Fran\u00e7aise","article_publisher":"https:\/\/www.facebook.com\/entraide.francaisemadrid","article_modified_time":"2025-12-11T21:39:30+00:00","og_image":[{"width":500,"height":500,"url":"https:\/\/lentraide.es\/wp-content\/uploads\/2020\/10\/Les_Deux_Terres.png","type":"image\/png"}],"twitter_card":"summary_large_image","twitter_misc":{"Tiempo de lectura":"1 minuto"},"schema":{"@context":"https:\/\/schema.org","@graph":[{"@type":"WebPage","@id":"https:\/\/lentraide.es\/es\/tienda\/champagne-lamalaurie-les-deux-terres\/","url":"https:\/\/lentraide.es\/es\/tienda\/champagne-lamalaurie-les-deux-terres\/","name":"Champagne LA MALAURIE Grand Cru - Les Deux Terres - Caisse de 6 bouteilles | Entraide Fran\u00e7aise","isPartOf":{"@id":"https:\/\/lentraide.es\/fr\/#website"},"primaryImageOfPage":{"@id":"https:\/\/lentraide.es\/es\/tienda\/champagne-lamalaurie-les-deux-terres\/#primaryimage"},"image":{"@id":"https:\/\/lentraide.es\/es\/tienda\/champagne-lamalaurie-les-deux-terres\/#primaryimage"},"thumbnailUrl":"https:\/\/lentraide.es\/wp-content\/uploads\/2020\/10\/Les_Deux_Terres.png","datePublished":"2024-10-24T11:30:00+00:00","dateModified":"2025-12-11T21:39:30+00:00","breadcrumb":{"@id":"https:\/\/lentraide.es\/es\/tienda\/champagne-lamalaurie-les-deux-terres\/#breadcrumb"},"inLanguage":"es","potentialAction":[{"@type":"ReadAction","target":["https:\/\/lentraide.es\/es\/tienda\/champagne-lamalaurie-les-deux-terres\/"]}]},{"@type":"ImageObject","inLanguage":"es","@id":"https:\/\/lentraide.es\/es\/tienda\/champagne-lamalaurie-les-deux-terres\/#primaryimage","url":"https:\/\/lentraide.es\/wp-content\/uploads\/2020\/10\/Les_Deux_Terres.png","contentUrl":"https:\/\/lentraide.es\/wp-content\/uploads\/2020\/10\/Les_Deux_Terres.png","width":500,"height":500},{"@type":"BreadcrumbList","@id":"https:\/\/lentraide.es\/es\/tienda\/champagne-lamalaurie-les-deux-terres\/#breadcrumb","itemListElement":[{"@type":"ListItem","position":1,"name":"Accueil","item":"https:\/\/lentraide.es\/es\/"},{"@type":"ListItem","position":2,"name":"Tienda","item":"https:\/\/lentraide.es\/es\/tienda\/"},{"@type":"ListItem","position":3,"name":"Champagne LA MALAURIE Grand Cru &#8211; Les Deux Terres &#8211; Caisse de 6 bouteilles"}]},{"@type":"WebSite","@id":"https:\/\/lentraide.es\/fr\/#website","url":"https:\/\/lentraide.es\/fr\/","name":"Entraide Fran\u00e7aise","description":"Une main tendue vers la France","publisher":{"@id":"https:\/\/lentraide.es\/fr\/#organization"},"alternateName":"L'entraide","potentialAction":[{"@type":"SearchAction","target":{"@type":"EntryPoint","urlTemplate":"https:\/\/lentraide.es\/fr\/?s={search_term_string}"},"query-input":{"@type":"PropertyValueSpecification","valueRequired":true,"valueName":"search_term_string"}}],"inLanguage":"es"},{"@type":"Organization","@id":"https:\/\/lentraide.es\/fr\/#organization","name":"Entraide Fran\u00e7aise","alternateName":"L'entraide","url":"https:\/\/lentraide.es\/fr\/","logo":{"@type":"ImageObject","inLanguage":"es","@id":"https:\/\/lentraide.es\/fr\/#\/schema\/logo\/image\/","url":"https:\/\/lentraide.es\/wp-content\/uploads\/2015\/07\/LOGO-azul2.png","contentUrl":"https:\/\/lentraide.es\/wp-content\/uploads\/2015\/07\/LOGO-azul2.png","width":232,"height":146,"caption":"Entraide Fran\u00e7aise"},"image":{"@id":"https:\/\/lentraide.es\/fr\/#\/schema\/logo\/image\/"},"sameAs":["https:\/\/www.facebook.com\/entraide.francaisemadrid","https:\/\/www.instagram.com\/entraidefrancaisemadrid\/"]}]}},"_links":{"self":[{"href":"https:\/\/lentraide.es\/es\/wp-json\/wp\/v2\/product\/58252","targetHints":{"allow":["GET"]}}],"collection":[{"href":"https:\/\/lentraide.es\/es\/wp-json\/wp\/v2\/product"}],"about":[{"href":"https:\/\/lentraide.es\/es\/wp-json\/wp\/v2\/types\/product"}],"wp:featuredmedia":[{"embeddable":true,"href":"https:\/\/lentraide.es\/es\/wp-json\/wp\/v2\/media\/58218"}],"wp:attachment":[{"href":"https:\/\/lentraide.es\/es\/wp-json\/wp\/v2\/media?parent=58252"}],"wp:term":[{"taxonomy":"product_brand","embeddable":true,"href":"https:\/\/lentraide.es\/es\/wp-json\/wp\/v2\/product_brand?post=58252"},{"taxonomy":"product_cat","embeddable":true,"href":"https:\/\/lentraide.es\/es\/wp-json\/wp\/v2\/product_cat?post=58252"},{"taxonomy":"product_tag","embeddable":true,"href":"https:\/\/lentraide.es\/es\/wp-json\/wp\/v2\/product_tag?post=58252"}],"curies":[{"name":"wp","href":"https:\/\/api.w.org\/{rel}","templated":true}]}}