{"id":60507,"date":"2025-03-24T15:42:19","date_gmt":"2025-03-24T14:42:19","guid":{"rendered":"https:\/\/lentraide.es\/tienda\/cuota-anual\/"},"modified":"2026-03-01T12:50:28","modified_gmt":"2026-03-01T11:50:28","slug":"cuota-anual","status":"publish","type":"product","link":"https:\/\/lentraide.es\/es\/tienda\/cuota-anual\/","title":{"rendered":"Cuota Anual"},"content":{"rendered":"","protected":false},"excerpt":{"rendered":"<p>Gracias por unirte a la asociaci\u00f3n para permitir que la Entraide cumpla con sus misiones hoy y ma\u00f1ana. Tu talento, compromiso y energ\u00eda son lo que permite que la Entraide exista.<\/p>\n<p>Informaci\u00f3n sobre la cuota :<\/p>\n<p>Dos tipos de cuota:<\/p>\n<ul>\n<li>Cuota \u00abAmigo\/a\u00bb por 50 euros.<\/li>\n<li>Cuota \u00abBienhechor\/a\u00bb por 100 euros.<\/li>\n<\/ul>\n<p>Cuota v\u00e1lida para el a\u00f1o 2026.<\/p>\n","protected":false},"featured_media":60506,"template":"","meta":{"_acf_changed":false},"product_brand":[],"product_cat":[227],"product_tag":[],"class_list":{"0":"post-60507","1":"product","2":"type-product","3":"status-publish","4":"has-post-thumbnail","6":"product_cat-donaciones-y-cuotas","8":"first","9":"instock","10":"shipping-taxable","11":"purchasable","12":"product-type-variable","13":"has-default-attributes"},"acf":[],"yoast_head":"<!-- This site is optimized with the Yoast SEO plugin v27.3 - https:\/\/yoast.com\/product\/yoast-seo-wordpress\/ -->\n<title>Cuota Anual | Entraide Fran\u00e7aise<\/title>\n<meta name=\"robots\" content=\"index, follow, max-snippet:-1, max-image-preview:large, max-video-preview:-1\" \/>\n<link rel=\"canonical\" href=\"https:\/\/lentraide.es\/es\/tienda\/cuota-anual\/\" \/>\n<meta property=\"og:locale\" content=\"es_ES\" \/>\n<meta property=\"og:type\" content=\"article\" \/>\n<meta property=\"og:title\" content=\"Cuota Anual | Entraide Fran\u00e7aise\" \/>\n<meta property=\"og:description\" content=\"Gracias por unirte a la asociaci\u00f3n para permitir que la Entraide cumpla con sus misiones hoy y ma\u00f1ana. Tu talento, compromiso y energ\u00eda son lo que permite que la Entraide exista.  Informaci\u00f3n sobre la cuota :  Dos tipos de cuota:   Cuota &quot;Amigo\/a&quot; por 50 euros.  Cuota &quot;Bienhechor\/a&quot; por 100 euros.  Cuota v\u00e1lida para el a\u00f1o 2026.\" \/>\n<meta property=\"og:url\" content=\"https:\/\/lentraide.es\/es\/tienda\/cuota-anual\/\" \/>\n<meta property=\"og:site_name\" content=\"Entraide Fran\u00e7aise\" \/>\n<meta property=\"article:publisher\" content=\"https:\/\/www.facebook.com\/entraide.francaisemadrid\" \/>\n<meta property=\"article:modified_time\" content=\"2026-03-01T11:50:28+00:00\" \/>\n<meta property=\"og:image\" content=\"https:\/\/lentraide.es\/wp-content\/uploads\/2025\/03\/FICHE_PRODUIT_ENTRAIDE-4.jpg\" \/>\n\t<meta property=\"og:image:width\" content=\"550\" \/>\n\t<meta property=\"og:image:height\" content=\"550\" \/>\n\t<meta property=\"og:image:type\" content=\"image\/jpeg\" \/>\n<meta name=\"twitter:card\" content=\"summary_large_image\" \/>\n<meta name=\"twitter:label1\" content=\"Tiempo de lectura\" \/>\n\t<meta name=\"twitter:data1\" content=\"1 minuto\" \/>\n<script type=\"application\/ld+json\" class=\"yoast-schema-graph\">{\"@context\":\"https:\\\/\\\/schema.org\",\"@graph\":[{\"@type\":\"WebPage\",\"@id\":\"https:\\\/\\\/lentraide.es\\\/es\\\/tienda\\\/cuota-anual\\\/\",\"url\":\"https:\\\/\\\/lentraide.es\\\/es\\\/tienda\\\/cuota-anual\\\/\",\"name\":\"Cuota Anual | Entraide Fran\u00e7aise\",\"isPartOf\":{\"@id\":\"https:\\\/\\\/lentraide.es\\\/fr\\\/#website\"},\"primaryImageOfPage\":{\"@id\":\"https:\\\/\\\/lentraide.es\\\/es\\\/tienda\\\/cuota-anual\\\/#primaryimage\"},\"image\":{\"@id\":\"https:\\\/\\\/lentraide.es\\\/es\\\/tienda\\\/cuota-anual\\\/#primaryimage\"},\"thumbnailUrl\":\"https:\\\/\\\/lentraide.es\\\/wp-content\\\/uploads\\\/2025\\\/03\\\/FICHE_PRODUIT_ENTRAIDE-4.jpg\",\"datePublished\":\"2025-03-24T14:42:19+00:00\",\"dateModified\":\"2026-03-01T11:50:28+00:00\",\"breadcrumb\":{\"@id\":\"https:\\\/\\\/lentraide.es\\\/es\\\/tienda\\\/cuota-anual\\\/#breadcrumb\"},\"inLanguage\":\"es\",\"potentialAction\":[{\"@type\":\"ReadAction\",\"target\":[\"https:\\\/\\\/lentraide.es\\\/es\\\/tienda\\\/cuota-anual\\\/\"]}]},{\"@type\":\"ImageObject\",\"inLanguage\":\"es\",\"@id\":\"https:\\\/\\\/lentraide.es\\\/es\\\/tienda\\\/cuota-anual\\\/#primaryimage\",\"url\":\"https:\\\/\\\/lentraide.es\\\/wp-content\\\/uploads\\\/2025\\\/03\\\/FICHE_PRODUIT_ENTRAIDE-4.jpg\",\"contentUrl\":\"https:\\\/\\\/lentraide.es\\\/wp-content\\\/uploads\\\/2025\\\/03\\\/FICHE_PRODUIT_ENTRAIDE-4.jpg\",\"width\":550,\"height\":550},{\"@type\":\"BreadcrumbList\",\"@id\":\"https:\\\/\\\/lentraide.es\\\/es\\\/tienda\\\/cuota-anual\\\/#breadcrumb\",\"itemListElement\":[{\"@type\":\"ListItem\",\"position\":1,\"name\":\"Accueil\",\"item\":\"https:\\\/\\\/lentraide.es\\\/es\\\/\"},{\"@type\":\"ListItem\",\"position\":2,\"name\":\"Tienda\",\"item\":\"https:\\\/\\\/lentraide.es\\\/es\\\/tienda\\\/\"},{\"@type\":\"ListItem\",\"position\":3,\"name\":\"Cuota Anual\"}]},{\"@type\":\"WebSite\",\"@id\":\"https:\\\/\\\/lentraide.es\\\/fr\\\/#website\",\"url\":\"https:\\\/\\\/lentraide.es\\\/fr\\\/\",\"name\":\"Entraide Fran\u00e7aise\",\"description\":\"Une main tendue vers la France\",\"publisher\":{\"@id\":\"https:\\\/\\\/lentraide.es\\\/fr\\\/#organization\"},\"alternateName\":\"L'entraide\",\"potentialAction\":[{\"@type\":\"SearchAction\",\"target\":{\"@type\":\"EntryPoint\",\"urlTemplate\":\"https:\\\/\\\/lentraide.es\\\/fr\\\/?s={search_term_string}\"},\"query-input\":{\"@type\":\"PropertyValueSpecification\",\"valueRequired\":true,\"valueName\":\"search_term_string\"}}],\"inLanguage\":\"es\"},{\"@type\":\"Organization\",\"@id\":\"https:\\\/\\\/lentraide.es\\\/fr\\\/#organization\",\"name\":\"Entraide Fran\u00e7aise\",\"alternateName\":\"L'entraide\",\"url\":\"https:\\\/\\\/lentraide.es\\\/fr\\\/\",\"logo\":{\"@type\":\"ImageObject\",\"inLanguage\":\"es\",\"@id\":\"https:\\\/\\\/lentraide.es\\\/fr\\\/#\\\/schema\\\/logo\\\/image\\\/\",\"url\":\"https:\\\/\\\/lentraide.es\\\/wp-content\\\/uploads\\\/2015\\\/07\\\/LOGO-azul2.png\",\"contentUrl\":\"https:\\\/\\\/lentraide.es\\\/wp-content\\\/uploads\\\/2015\\\/07\\\/LOGO-azul2.png\",\"width\":232,\"height\":146,\"caption\":\"Entraide Fran\u00e7aise\"},\"image\":{\"@id\":\"https:\\\/\\\/lentraide.es\\\/fr\\\/#\\\/schema\\\/logo\\\/image\\\/\"},\"sameAs\":[\"https:\\\/\\\/www.facebook.com\\\/entraide.francaisemadrid\",\"https:\\\/\\\/www.instagram.com\\\/entraidefrancaisemadrid\\\/\"]}]}<\/script>\n<!-- \/ Yoast SEO plugin. -->","yoast_head_json":{"title":"Cuota Anual | Entraide Fran\u00e7aise","robots":{"index":"index","follow":"follow","max-snippet":"max-snippet:-1","max-image-preview":"max-image-preview:large","max-video-preview":"max-video-preview:-1"},"canonical":"https:\/\/lentraide.es\/es\/tienda\/cuota-anual\/","og_locale":"es_ES","og_type":"article","og_title":"Cuota Anual | Entraide Fran\u00e7aise","og_description":"Gracias por unirte a la asociaci\u00f3n para permitir que la Entraide cumpla con sus misiones hoy y ma\u00f1ana. Tu talento, compromiso y energ\u00eda son lo que permite que la Entraide exista.  Informaci\u00f3n sobre la cuota :  Dos tipos de cuota:   Cuota \"Amigo\/a\" por 50 euros.  Cuota \"Bienhechor\/a\" por 100 euros.  Cuota v\u00e1lida para el a\u00f1o 2026.","og_url":"https:\/\/lentraide.es\/es\/tienda\/cuota-anual\/","og_site_name":"Entraide Fran\u00e7aise","article_publisher":"https:\/\/www.facebook.com\/entraide.francaisemadrid","article_modified_time":"2026-03-01T11:50:28+00:00","og_image":[{"width":550,"height":550,"url":"https:\/\/lentraide.es\/wp-content\/uploads\/2025\/03\/FICHE_PRODUIT_ENTRAIDE-4.jpg","type":"image\/jpeg"}],"twitter_card":"summary_large_image","twitter_misc":{"Tiempo de lectura":"1 minuto"},"schema":{"@context":"https:\/\/schema.org","@graph":[{"@type":"WebPage","@id":"https:\/\/lentraide.es\/es\/tienda\/cuota-anual\/","url":"https:\/\/lentraide.es\/es\/tienda\/cuota-anual\/","name":"Cuota Anual | Entraide Fran\u00e7aise","isPartOf":{"@id":"https:\/\/lentraide.es\/fr\/#website"},"primaryImageOfPage":{"@id":"https:\/\/lentraide.es\/es\/tienda\/cuota-anual\/#primaryimage"},"image":{"@id":"https:\/\/lentraide.es\/es\/tienda\/cuota-anual\/#primaryimage"},"thumbnailUrl":"https:\/\/lentraide.es\/wp-content\/uploads\/2025\/03\/FICHE_PRODUIT_ENTRAIDE-4.jpg","datePublished":"2025-03-24T14:42:19+00:00","dateModified":"2026-03-01T11:50:28+00:00","breadcrumb":{"@id":"https:\/\/lentraide.es\/es\/tienda\/cuota-anual\/#breadcrumb"},"inLanguage":"es","potentialAction":[{"@type":"ReadAction","target":["https:\/\/lentraide.es\/es\/tienda\/cuota-anual\/"]}]},{"@type":"ImageObject","inLanguage":"es","@id":"https:\/\/lentraide.es\/es\/tienda\/cuota-anual\/#primaryimage","url":"https:\/\/lentraide.es\/wp-content\/uploads\/2025\/03\/FICHE_PRODUIT_ENTRAIDE-4.jpg","contentUrl":"https:\/\/lentraide.es\/wp-content\/uploads\/2025\/03\/FICHE_PRODUIT_ENTRAIDE-4.jpg","width":550,"height":550},{"@type":"BreadcrumbList","@id":"https:\/\/lentraide.es\/es\/tienda\/cuota-anual\/#breadcrumb","itemListElement":[{"@type":"ListItem","position":1,"name":"Accueil","item":"https:\/\/lentraide.es\/es\/"},{"@type":"ListItem","position":2,"name":"Tienda","item":"https:\/\/lentraide.es\/es\/tienda\/"},{"@type":"ListItem","position":3,"name":"Cuota Anual"}]},{"@type":"WebSite","@id":"https:\/\/lentraide.es\/fr\/#website","url":"https:\/\/lentraide.es\/fr\/","name":"Entraide Fran\u00e7aise","description":"Une main tendue vers la France","publisher":{"@id":"https:\/\/lentraide.es\/fr\/#organization"},"alternateName":"L'entraide","potentialAction":[{"@type":"SearchAction","target":{"@type":"EntryPoint","urlTemplate":"https:\/\/lentraide.es\/fr\/?s={search_term_string}"},"query-input":{"@type":"PropertyValueSpecification","valueRequired":true,"valueName":"search_term_string"}}],"inLanguage":"es"},{"@type":"Organization","@id":"https:\/\/lentraide.es\/fr\/#organization","name":"Entraide Fran\u00e7aise","alternateName":"L'entraide","url":"https:\/\/lentraide.es\/fr\/","logo":{"@type":"ImageObject","inLanguage":"es","@id":"https:\/\/lentraide.es\/fr\/#\/schema\/logo\/image\/","url":"https:\/\/lentraide.es\/wp-content\/uploads\/2015\/07\/LOGO-azul2.png","contentUrl":"https:\/\/lentraide.es\/wp-content\/uploads\/2015\/07\/LOGO-azul2.png","width":232,"height":146,"caption":"Entraide Fran\u00e7aise"},"image":{"@id":"https:\/\/lentraide.es\/fr\/#\/schema\/logo\/image\/"},"sameAs":["https:\/\/www.facebook.com\/entraide.francaisemadrid","https:\/\/www.instagram.com\/entraidefrancaisemadrid\/"]}]}},"_links":{"self":[{"href":"https:\/\/lentraide.es\/es\/wp-json\/wp\/v2\/product\/60507","targetHints":{"allow":["GET"]}}],"collection":[{"href":"https:\/\/lentraide.es\/es\/wp-json\/wp\/v2\/product"}],"about":[{"href":"https:\/\/lentraide.es\/es\/wp-json\/wp\/v2\/types\/product"}],"wp:featuredmedia":[{"embeddable":true,"href":"https:\/\/lentraide.es\/es\/wp-json\/wp\/v2\/media\/60506"}],"wp:attachment":[{"href":"https:\/\/lentraide.es\/es\/wp-json\/wp\/v2\/media?parent=60507"}],"wp:term":[{"taxonomy":"product_brand","embeddable":true,"href":"https:\/\/lentraide.es\/es\/wp-json\/wp\/v2\/product_brand?post=60507"},{"taxonomy":"product_cat","embeddable":true,"href":"https:\/\/lentraide.es\/es\/wp-json\/wp\/v2\/product_cat?post=60507"},{"taxonomy":"product_tag","embeddable":true,"href":"https:\/\/lentraide.es\/es\/wp-json\/wp\/v2\/product_tag?post=60507"}],"curies":[{"name":"wp","href":"https:\/\/api.w.org\/{rel}","templated":true}]}}