{"id":60797,"date":"2024-10-24T13:22:58","date_gmt":"2024-10-24T11:22:58","guid":{"rendered":"https:\/\/lentraide.es\/tienda\/champagne-lamalaurie-les-crayeres\/"},"modified":"2025-10-31T15:36:23","modified_gmt":"2025-10-31T14:36:23","slug":"champagne-lamalaurie-les-crayeres","status":"publish","type":"product","link":"https:\/\/lentraide.es\/es\/tienda\/champagne-lamalaurie-les-crayeres\/","title":{"rendered":"Champagne LA MALAURIE &#8211; Les Cray\u00e8res &#8211; Blanc de Blanc &#8211; Caisse de 6 bouteilles"},"content":{"rendered":"","protected":false},"excerpt":{"rendered":"<p><strong>Champagne LA MALAURIE \u2013 BLANC DE BLANC \u2013 LES CRAY\u00c8RES \u2013 Caja de 6 botellas<\/strong><\/p>\n<p>Este hermoso Chardonnay presenta reflejos amarillo-verde, fruto de la combinaci\u00f3n de uvas de la C\u00f4te des Blancs, Romery y Vitryat.<\/p>\n<p>En nariz, revela sutiles aromas de flores blancas y c\u00edtricos. Luego aparece una nota de gouache que caracteriza la mineralidad de la tiza de estos terru\u00f1os de Blancs. Una nota final de brioche completa esta paleta arom\u00e1tica.<\/p>\n<hr \/>\n<p><strong>Para las ventas en el sitio web, es IMPERATIVO elegir la modalidad de entrega a trav\u00e9s del producto ENTREGA:<\/strong><br \/>\n<a href=\"https:\/\/lentraide.es\/es\/tienda\/livraison-entrega-champagnes\/\">https:\/\/lentraide.es\/es\/tienda\/livraison-entrega-champagnes\/<\/a><\/p>\n<hr \/>\n<p><strong>El transporte es GRATUITO en MADRID (Provincia de Madrid).<\/strong><br \/>\nFuera de este per\u00edmetro, se solicita un pago de 10\u202f\u20ac por una o dos cajas, y 15\u202f\u20ac por tres cajas o m\u00e1s.<br \/>\nPara Baleares y Canarias, por favor contactar con Bruno al 639 70 79 02.<\/p>\n","protected":false},"featured_media":58216,"template":"","meta":{"_acf_changed":false},"product_brand":[],"product_cat":[254,176,198],"product_tag":[],"class_list":{"0":"post-60797","1":"product","2":"type-product","3":"status-publish","4":"has-post-thumbnail","6":"product_cat-champagne-navidad","7":"product_cat-venta-navidad","8":"product_cat-vinos-champagne","10":"first","11":"outofstock","12":"shipping-taxable","13":"purchasable","14":"product-type-simple"},"acf":[],"yoast_head":"<!-- This site is optimized with the Yoast SEO plugin v26.9 - https:\/\/yoast.com\/product\/yoast-seo-wordpress\/ -->\n<title>Champagne LA MALAURIE - Les Cray\u00e8res - Blanc de Blanc - Caisse de 6 bouteilles | Entraide Fran\u00e7aise<\/title>\n<meta name=\"robots\" content=\"index, follow, max-snippet:-1, max-image-preview:large, max-video-preview:-1\" \/>\n<link rel=\"canonical\" href=\"https:\/\/lentraide.es\/es\/tienda\/champagne-lamalaurie-les-crayeres\/\" \/>\n<meta property=\"og:locale\" content=\"es_ES\" \/>\n<meta property=\"og:type\" content=\"article\" \/>\n<meta property=\"og:title\" content=\"Champagne LA MALAURIE - Les Cray\u00e8res - Blanc de Blanc - Caisse de 6 bouteilles | Entraide Fran\u00e7aise\" \/>\n<meta property=\"og:description\" content=\"Champagne LA MALAURIE \u2013 BLANC DE BLANC \u2013 LES CRAY\u00c8RES \u2013 Caja de 6 botellas  Este hermoso Chardonnay presenta reflejos amarillo-verde, fruto de la combinaci\u00f3n de uvas de la C\u00f4te des Blancs, Romery y Vitryat.  En nariz, revela sutiles aromas de flores blancas y c\u00edtricos. Luego aparece una nota de gouache que caracteriza la mineralidad de la tiza de estos terru\u00f1os de Blancs. Una nota final de brioche completa esta paleta arom\u00e1tica.    Para las ventas en el sitio web, es IMPERATIVO elegir la modalidad de entrega a trav\u00e9s del producto ENTREGA: https:\/\/lentraide.es\/es\/tienda\/livraison-entrega-champagnes\/    El transporte es GRATUITO en MADRID (Provincia de Madrid). Fuera de este per\u00edmetro, se solicita un pago de 10\u202f\u20ac por una o dos cajas, y 15\u202f\u20ac por tres cajas o m\u00e1s. Para Baleares y Canarias, por favor contactar con Bruno al 639 70 79 02.\" \/>\n<meta property=\"og:url\" content=\"https:\/\/lentraide.es\/es\/tienda\/champagne-lamalaurie-les-crayeres\/\" \/>\n<meta property=\"og:site_name\" content=\"Entraide Fran\u00e7aise\" \/>\n<meta property=\"article:publisher\" content=\"https:\/\/www.facebook.com\/entraide.francaisemadrid\" \/>\n<meta property=\"article:modified_time\" content=\"2025-10-31T14:36:23+00:00\" \/>\n<meta property=\"og:image\" content=\"https:\/\/lentraide.es\/wp-content\/uploads\/2020\/10\/Les_Crayeres.png\" \/>\n\t<meta property=\"og:image:width\" content=\"500\" \/>\n\t<meta property=\"og:image:height\" content=\"500\" \/>\n\t<meta property=\"og:image:type\" content=\"image\/png\" \/>\n<meta name=\"twitter:card\" content=\"summary_large_image\" \/>\n<meta name=\"twitter:label1\" content=\"Tiempo de lectura\" \/>\n\t<meta name=\"twitter:data1\" content=\"1 minuto\" \/>\n<script type=\"application\/ld+json\" class=\"yoast-schema-graph\">{\"@context\":\"https:\/\/schema.org\",\"@graph\":[{\"@type\":\"WebPage\",\"@id\":\"https:\/\/lentraide.es\/es\/tienda\/champagne-lamalaurie-les-crayeres\/\",\"url\":\"https:\/\/lentraide.es\/es\/tienda\/champagne-lamalaurie-les-crayeres\/\",\"name\":\"Champagne LA MALAURIE - Les Cray\u00e8res - Blanc de Blanc - Caisse de 6 bouteilles | Entraide Fran\u00e7aise\",\"isPartOf\":{\"@id\":\"https:\/\/lentraide.es\/fr\/#website\"},\"primaryImageOfPage\":{\"@id\":\"https:\/\/lentraide.es\/es\/tienda\/champagne-lamalaurie-les-crayeres\/#primaryimage\"},\"image\":{\"@id\":\"https:\/\/lentraide.es\/es\/tienda\/champagne-lamalaurie-les-crayeres\/#primaryimage\"},\"thumbnailUrl\":\"https:\/\/lentraide.es\/wp-content\/uploads\/2020\/10\/Les_Crayeres.png\",\"datePublished\":\"2024-10-24T11:22:58+00:00\",\"dateModified\":\"2025-10-31T14:36:23+00:00\",\"breadcrumb\":{\"@id\":\"https:\/\/lentraide.es\/es\/tienda\/champagne-lamalaurie-les-crayeres\/#breadcrumb\"},\"inLanguage\":\"es\",\"potentialAction\":[{\"@type\":\"ReadAction\",\"target\":[\"https:\/\/lentraide.es\/es\/tienda\/champagne-lamalaurie-les-crayeres\/\"]}]},{\"@type\":\"ImageObject\",\"inLanguage\":\"es\",\"@id\":\"https:\/\/lentraide.es\/es\/tienda\/champagne-lamalaurie-les-crayeres\/#primaryimage\",\"url\":\"https:\/\/lentraide.es\/wp-content\/uploads\/2020\/10\/Les_Crayeres.png\",\"contentUrl\":\"https:\/\/lentraide.es\/wp-content\/uploads\/2020\/10\/Les_Crayeres.png\",\"width\":500,\"height\":500},{\"@type\":\"BreadcrumbList\",\"@id\":\"https:\/\/lentraide.es\/es\/tienda\/champagne-lamalaurie-les-crayeres\/#breadcrumb\",\"itemListElement\":[{\"@type\":\"ListItem\",\"position\":1,\"name\":\"Accueil\",\"item\":\"https:\/\/lentraide.es\/es\/\"},{\"@type\":\"ListItem\",\"position\":2,\"name\":\"Tienda\",\"item\":\"https:\/\/lentraide.es\/es\/tienda\/\"},{\"@type\":\"ListItem\",\"position\":3,\"name\":\"Champagne LA MALAURIE &#8211; Les Cray\u00e8res &#8211; Blanc de Blanc &#8211; Caisse de 6 bouteilles\"}]},{\"@type\":\"WebSite\",\"@id\":\"https:\/\/lentraide.es\/fr\/#website\",\"url\":\"https:\/\/lentraide.es\/fr\/\",\"name\":\"Entraide Fran\u00e7aise\",\"description\":\"Une main tendue vers la France\",\"publisher\":{\"@id\":\"https:\/\/lentraide.es\/fr\/#organization\"},\"alternateName\":\"L'entraide\",\"potentialAction\":[{\"@type\":\"SearchAction\",\"target\":{\"@type\":\"EntryPoint\",\"urlTemplate\":\"https:\/\/lentraide.es\/fr\/?s={search_term_string}\"},\"query-input\":{\"@type\":\"PropertyValueSpecification\",\"valueRequired\":true,\"valueName\":\"search_term_string\"}}],\"inLanguage\":\"es\"},{\"@type\":\"Organization\",\"@id\":\"https:\/\/lentraide.es\/fr\/#organization\",\"name\":\"Entraide Fran\u00e7aise\",\"alternateName\":\"L'entraide\",\"url\":\"https:\/\/lentraide.es\/fr\/\",\"logo\":{\"@type\":\"ImageObject\",\"inLanguage\":\"es\",\"@id\":\"https:\/\/lentraide.es\/fr\/#\/schema\/logo\/image\/\",\"url\":\"https:\/\/lentraide.es\/wp-content\/uploads\/2015\/07\/LOGO-azul2.png\",\"contentUrl\":\"https:\/\/lentraide.es\/wp-content\/uploads\/2015\/07\/LOGO-azul2.png\",\"width\":232,\"height\":146,\"caption\":\"Entraide Fran\u00e7aise\"},\"image\":{\"@id\":\"https:\/\/lentraide.es\/fr\/#\/schema\/logo\/image\/\"},\"sameAs\":[\"https:\/\/www.facebook.com\/entraide.francaisemadrid\",\"https:\/\/www.instagram.com\/entraidefrancaisemadrid\/\"]}]}<\/script>\n<!-- \/ Yoast SEO plugin. -->","yoast_head_json":{"title":"Champagne LA MALAURIE - Les Cray\u00e8res - Blanc de Blanc - Caisse de 6 bouteilles | Entraide Fran\u00e7aise","robots":{"index":"index","follow":"follow","max-snippet":"max-snippet:-1","max-image-preview":"max-image-preview:large","max-video-preview":"max-video-preview:-1"},"canonical":"https:\/\/lentraide.es\/es\/tienda\/champagne-lamalaurie-les-crayeres\/","og_locale":"es_ES","og_type":"article","og_title":"Champagne LA MALAURIE - Les Cray\u00e8res - Blanc de Blanc - Caisse de 6 bouteilles | Entraide Fran\u00e7aise","og_description":"Champagne LA MALAURIE \u2013 BLANC DE BLANC \u2013 LES CRAY\u00c8RES \u2013 Caja de 6 botellas  Este hermoso Chardonnay presenta reflejos amarillo-verde, fruto de la combinaci\u00f3n de uvas de la C\u00f4te des Blancs, Romery y Vitryat.  En nariz, revela sutiles aromas de flores blancas y c\u00edtricos. Luego aparece una nota de gouache que caracteriza la mineralidad de la tiza de estos terru\u00f1os de Blancs. Una nota final de brioche completa esta paleta arom\u00e1tica.    Para las ventas en el sitio web, es IMPERATIVO elegir la modalidad de entrega a trav\u00e9s del producto ENTREGA: https:\/\/lentraide.es\/es\/tienda\/livraison-entrega-champagnes\/    El transporte es GRATUITO en MADRID (Provincia de Madrid). Fuera de este per\u00edmetro, se solicita un pago de 10\u202f\u20ac por una o dos cajas, y 15\u202f\u20ac por tres cajas o m\u00e1s. Para Baleares y Canarias, por favor contactar con Bruno al 639 70 79 02.","og_url":"https:\/\/lentraide.es\/es\/tienda\/champagne-lamalaurie-les-crayeres\/","og_site_name":"Entraide Fran\u00e7aise","article_publisher":"https:\/\/www.facebook.com\/entraide.francaisemadrid","article_modified_time":"2025-10-31T14:36:23+00:00","og_image":[{"width":500,"height":500,"url":"https:\/\/lentraide.es\/wp-content\/uploads\/2020\/10\/Les_Crayeres.png","type":"image\/png"}],"twitter_card":"summary_large_image","twitter_misc":{"Tiempo de lectura":"1 minuto"},"schema":{"@context":"https:\/\/schema.org","@graph":[{"@type":"WebPage","@id":"https:\/\/lentraide.es\/es\/tienda\/champagne-lamalaurie-les-crayeres\/","url":"https:\/\/lentraide.es\/es\/tienda\/champagne-lamalaurie-les-crayeres\/","name":"Champagne LA MALAURIE - Les Cray\u00e8res - Blanc de Blanc - Caisse de 6 bouteilles | Entraide Fran\u00e7aise","isPartOf":{"@id":"https:\/\/lentraide.es\/fr\/#website"},"primaryImageOfPage":{"@id":"https:\/\/lentraide.es\/es\/tienda\/champagne-lamalaurie-les-crayeres\/#primaryimage"},"image":{"@id":"https:\/\/lentraide.es\/es\/tienda\/champagne-lamalaurie-les-crayeres\/#primaryimage"},"thumbnailUrl":"https:\/\/lentraide.es\/wp-content\/uploads\/2020\/10\/Les_Crayeres.png","datePublished":"2024-10-24T11:22:58+00:00","dateModified":"2025-10-31T14:36:23+00:00","breadcrumb":{"@id":"https:\/\/lentraide.es\/es\/tienda\/champagne-lamalaurie-les-crayeres\/#breadcrumb"},"inLanguage":"es","potentialAction":[{"@type":"ReadAction","target":["https:\/\/lentraide.es\/es\/tienda\/champagne-lamalaurie-les-crayeres\/"]}]},{"@type":"ImageObject","inLanguage":"es","@id":"https:\/\/lentraide.es\/es\/tienda\/champagne-lamalaurie-les-crayeres\/#primaryimage","url":"https:\/\/lentraide.es\/wp-content\/uploads\/2020\/10\/Les_Crayeres.png","contentUrl":"https:\/\/lentraide.es\/wp-content\/uploads\/2020\/10\/Les_Crayeres.png","width":500,"height":500},{"@type":"BreadcrumbList","@id":"https:\/\/lentraide.es\/es\/tienda\/champagne-lamalaurie-les-crayeres\/#breadcrumb","itemListElement":[{"@type":"ListItem","position":1,"name":"Accueil","item":"https:\/\/lentraide.es\/es\/"},{"@type":"ListItem","position":2,"name":"Tienda","item":"https:\/\/lentraide.es\/es\/tienda\/"},{"@type":"ListItem","position":3,"name":"Champagne LA MALAURIE &#8211; Les Cray\u00e8res &#8211; Blanc de Blanc &#8211; Caisse de 6 bouteilles"}]},{"@type":"WebSite","@id":"https:\/\/lentraide.es\/fr\/#website","url":"https:\/\/lentraide.es\/fr\/","name":"Entraide Fran\u00e7aise","description":"Une main tendue vers la France","publisher":{"@id":"https:\/\/lentraide.es\/fr\/#organization"},"alternateName":"L'entraide","potentialAction":[{"@type":"SearchAction","target":{"@type":"EntryPoint","urlTemplate":"https:\/\/lentraide.es\/fr\/?s={search_term_string}"},"query-input":{"@type":"PropertyValueSpecification","valueRequired":true,"valueName":"search_term_string"}}],"inLanguage":"es"},{"@type":"Organization","@id":"https:\/\/lentraide.es\/fr\/#organization","name":"Entraide Fran\u00e7aise","alternateName":"L'entraide","url":"https:\/\/lentraide.es\/fr\/","logo":{"@type":"ImageObject","inLanguage":"es","@id":"https:\/\/lentraide.es\/fr\/#\/schema\/logo\/image\/","url":"https:\/\/lentraide.es\/wp-content\/uploads\/2015\/07\/LOGO-azul2.png","contentUrl":"https:\/\/lentraide.es\/wp-content\/uploads\/2015\/07\/LOGO-azul2.png","width":232,"height":146,"caption":"Entraide Fran\u00e7aise"},"image":{"@id":"https:\/\/lentraide.es\/fr\/#\/schema\/logo\/image\/"},"sameAs":["https:\/\/www.facebook.com\/entraide.francaisemadrid","https:\/\/www.instagram.com\/entraidefrancaisemadrid\/"]}]}},"_links":{"self":[{"href":"https:\/\/lentraide.es\/es\/wp-json\/wp\/v2\/product\/60797","targetHints":{"allow":["GET"]}}],"collection":[{"href":"https:\/\/lentraide.es\/es\/wp-json\/wp\/v2\/product"}],"about":[{"href":"https:\/\/lentraide.es\/es\/wp-json\/wp\/v2\/types\/product"}],"wp:featuredmedia":[{"embeddable":true,"href":"https:\/\/lentraide.es\/es\/wp-json\/wp\/v2\/media\/58216"}],"wp:attachment":[{"href":"https:\/\/lentraide.es\/es\/wp-json\/wp\/v2\/media?parent=60797"}],"wp:term":[{"taxonomy":"product_brand","embeddable":true,"href":"https:\/\/lentraide.es\/es\/wp-json\/wp\/v2\/product_brand?post=60797"},{"taxonomy":"product_cat","embeddable":true,"href":"https:\/\/lentraide.es\/es\/wp-json\/wp\/v2\/product_cat?post=60797"},{"taxonomy":"product_tag","embeddable":true,"href":"https:\/\/lentraide.es\/es\/wp-json\/wp\/v2\/product_tag?post=60797"}],"curies":[{"name":"wp","href":"https:\/\/api.w.org\/{rel}","templated":true}]}}