{"id":61894,"date":"2025-10-29T11:58:31","date_gmt":"2025-10-29T10:58:31","guid":{"rendered":"https:\/\/lentraide.es\/tienda\/rillettes-de-cerdo-negro-de-bigorre\/"},"modified":"2025-10-29T12:26:16","modified_gmt":"2025-10-29T11:26:16","slug":"rillettes-de-cerdo-negro-de-bigorre","status":"publish","type":"product","link":"https:\/\/lentraide.es\/es\/tienda\/rillettes-de-cerdo-negro-de-bigorre\/","title":{"rendered":"Rillettes de cerdo negro de Bigorre"},"content":{"rendered":"","protected":false},"excerpt":{"rendered":"<p>Soy m\u00e1s carnoso que un pat\u00e9, con <strong>textura desmenuzada<\/strong>. Conservo las <strong>fibras de la carne<\/strong>. Provengo de <strong>cerdos criados en libertad <\/strong>en los<strong> Pirineos centrales<\/strong>, con <strong>alimentaci\u00f3n natural<\/strong> y <strong>sometidos al<\/strong> <strong>ejercicio<\/strong>. Ello me da un <strong>sabor \u00fanico<\/strong>.<\/p>\n<p>180g<\/p>\n","protected":false},"featured_media":61847,"template":"","meta":{"_acf_changed":false},"product_brand":[],"product_cat":[263,176],"product_tag":[],"class_list":{"0":"post-61894","1":"product","2":"type-product","3":"status-publish","4":"has-post-thumbnail","6":"product_cat-pates-olala","7":"product_cat-venta-navidad","9":"first","10":"outofstock","11":"shipping-taxable","12":"purchasable","13":"product-type-simple"},"acf":[],"yoast_head":"<!-- This site is optimized with the Yoast SEO plugin v26.9 - https:\/\/yoast.com\/product\/yoast-seo-wordpress\/ -->\n<title>Rillettes de cerdo negro de Bigorre | Entraide Fran\u00e7aise<\/title>\n<meta name=\"robots\" content=\"index, follow, max-snippet:-1, max-image-preview:large, max-video-preview:-1\" \/>\n<link rel=\"canonical\" href=\"https:\/\/lentraide.es\/es\/tienda\/rillettes-de-cerdo-negro-de-bigorre\/\" \/>\n<meta property=\"og:locale\" content=\"es_ES\" \/>\n<meta property=\"og:type\" content=\"article\" \/>\n<meta property=\"og:title\" content=\"Rillettes de cerdo negro de Bigorre | Entraide Fran\u00e7aise\" \/>\n<meta property=\"og:description\" content=\"Soy m\u00e1s carnoso que un pat\u00e9, con textura desmenuzada. Conservo las fibras de la carne. Provengo de cerdos criados en libertad en los Pirineos centrales, con alimentaci\u00f3n natural y sometidos al ejercicio. Ello me da un sabor \u00fanico.  180g\" \/>\n<meta property=\"og:url\" content=\"https:\/\/lentraide.es\/es\/tienda\/rillettes-de-cerdo-negro-de-bigorre\/\" \/>\n<meta property=\"og:site_name\" content=\"Entraide Fran\u00e7aise\" \/>\n<meta property=\"article:publisher\" content=\"https:\/\/www.facebook.com\/entraide.francaisemadrid\" \/>\n<meta property=\"article:modified_time\" content=\"2025-10-29T11:26:16+00:00\" \/>\n<meta property=\"og:image\" content=\"https:\/\/lentraide.es\/wp-content\/uploads\/2024\/10\/Rillettes-de-Noir-de-Bigorre.png\" \/>\n\t<meta property=\"og:image:width\" content=\"371\" \/>\n\t<meta property=\"og:image:height\" content=\"423\" \/>\n\t<meta property=\"og:image:type\" content=\"image\/png\" \/>\n<meta name=\"twitter:card\" content=\"summary_large_image\" \/>\n<script type=\"application\/ld+json\" class=\"yoast-schema-graph\">{\"@context\":\"https:\/\/schema.org\",\"@graph\":[{\"@type\":\"WebPage\",\"@id\":\"https:\/\/lentraide.es\/es\/tienda\/rillettes-de-cerdo-negro-de-bigorre\/\",\"url\":\"https:\/\/lentraide.es\/es\/tienda\/rillettes-de-cerdo-negro-de-bigorre\/\",\"name\":\"Rillettes de cerdo negro de Bigorre | Entraide Fran\u00e7aise\",\"isPartOf\":{\"@id\":\"https:\/\/lentraide.es\/fr\/#website\"},\"primaryImageOfPage\":{\"@id\":\"https:\/\/lentraide.es\/es\/tienda\/rillettes-de-cerdo-negro-de-bigorre\/#primaryimage\"},\"image\":{\"@id\":\"https:\/\/lentraide.es\/es\/tienda\/rillettes-de-cerdo-negro-de-bigorre\/#primaryimage\"},\"thumbnailUrl\":\"https:\/\/lentraide.es\/wp-content\/uploads\/2024\/10\/Rillettes-de-Noir-de-Bigorre.png\",\"datePublished\":\"2025-10-29T10:58:31+00:00\",\"dateModified\":\"2025-10-29T11:26:16+00:00\",\"breadcrumb\":{\"@id\":\"https:\/\/lentraide.es\/es\/tienda\/rillettes-de-cerdo-negro-de-bigorre\/#breadcrumb\"},\"inLanguage\":\"es\",\"potentialAction\":[{\"@type\":\"ReadAction\",\"target\":[\"https:\/\/lentraide.es\/es\/tienda\/rillettes-de-cerdo-negro-de-bigorre\/\"]}]},{\"@type\":\"ImageObject\",\"inLanguage\":\"es\",\"@id\":\"https:\/\/lentraide.es\/es\/tienda\/rillettes-de-cerdo-negro-de-bigorre\/#primaryimage\",\"url\":\"https:\/\/lentraide.es\/wp-content\/uploads\/2024\/10\/Rillettes-de-Noir-de-Bigorre.png\",\"contentUrl\":\"https:\/\/lentraide.es\/wp-content\/uploads\/2024\/10\/Rillettes-de-Noir-de-Bigorre.png\",\"width\":371,\"height\":423},{\"@type\":\"BreadcrumbList\",\"@id\":\"https:\/\/lentraide.es\/es\/tienda\/rillettes-de-cerdo-negro-de-bigorre\/#breadcrumb\",\"itemListElement\":[{\"@type\":\"ListItem\",\"position\":1,\"name\":\"Accueil\",\"item\":\"https:\/\/lentraide.es\/es\/\"},{\"@type\":\"ListItem\",\"position\":2,\"name\":\"Tienda\",\"item\":\"https:\/\/lentraide.es\/es\/tienda\/\"},{\"@type\":\"ListItem\",\"position\":3,\"name\":\"Rillettes de cerdo negro de Bigorre\"}]},{\"@type\":\"WebSite\",\"@id\":\"https:\/\/lentraide.es\/fr\/#website\",\"url\":\"https:\/\/lentraide.es\/fr\/\",\"name\":\"Entraide Fran\u00e7aise\",\"description\":\"Une main tendue vers la France\",\"publisher\":{\"@id\":\"https:\/\/lentraide.es\/fr\/#organization\"},\"alternateName\":\"L'entraide\",\"potentialAction\":[{\"@type\":\"SearchAction\",\"target\":{\"@type\":\"EntryPoint\",\"urlTemplate\":\"https:\/\/lentraide.es\/fr\/?s={search_term_string}\"},\"query-input\":{\"@type\":\"PropertyValueSpecification\",\"valueRequired\":true,\"valueName\":\"search_term_string\"}}],\"inLanguage\":\"es\"},{\"@type\":\"Organization\",\"@id\":\"https:\/\/lentraide.es\/fr\/#organization\",\"name\":\"Entraide Fran\u00e7aise\",\"alternateName\":\"L'entraide\",\"url\":\"https:\/\/lentraide.es\/fr\/\",\"logo\":{\"@type\":\"ImageObject\",\"inLanguage\":\"es\",\"@id\":\"https:\/\/lentraide.es\/fr\/#\/schema\/logo\/image\/\",\"url\":\"https:\/\/lentraide.es\/wp-content\/uploads\/2015\/07\/LOGO-azul2.png\",\"contentUrl\":\"https:\/\/lentraide.es\/wp-content\/uploads\/2015\/07\/LOGO-azul2.png\",\"width\":232,\"height\":146,\"caption\":\"Entraide Fran\u00e7aise\"},\"image\":{\"@id\":\"https:\/\/lentraide.es\/fr\/#\/schema\/logo\/image\/\"},\"sameAs\":[\"https:\/\/www.facebook.com\/entraide.francaisemadrid\",\"https:\/\/www.instagram.com\/entraidefrancaisemadrid\/\"]}]}<\/script>\n<!-- \/ Yoast SEO plugin. -->","yoast_head_json":{"title":"Rillettes de cerdo negro de Bigorre | Entraide Fran\u00e7aise","robots":{"index":"index","follow":"follow","max-snippet":"max-snippet:-1","max-image-preview":"max-image-preview:large","max-video-preview":"max-video-preview:-1"},"canonical":"https:\/\/lentraide.es\/es\/tienda\/rillettes-de-cerdo-negro-de-bigorre\/","og_locale":"es_ES","og_type":"article","og_title":"Rillettes de cerdo negro de Bigorre | Entraide Fran\u00e7aise","og_description":"Soy m\u00e1s carnoso que un pat\u00e9, con textura desmenuzada. Conservo las fibras de la carne. Provengo de cerdos criados en libertad en los Pirineos centrales, con alimentaci\u00f3n natural y sometidos al ejercicio. Ello me da un sabor \u00fanico.  180g","og_url":"https:\/\/lentraide.es\/es\/tienda\/rillettes-de-cerdo-negro-de-bigorre\/","og_site_name":"Entraide Fran\u00e7aise","article_publisher":"https:\/\/www.facebook.com\/entraide.francaisemadrid","article_modified_time":"2025-10-29T11:26:16+00:00","og_image":[{"width":371,"height":423,"url":"https:\/\/lentraide.es\/wp-content\/uploads\/2024\/10\/Rillettes-de-Noir-de-Bigorre.png","type":"image\/png"}],"twitter_card":"summary_large_image","schema":{"@context":"https:\/\/schema.org","@graph":[{"@type":"WebPage","@id":"https:\/\/lentraide.es\/es\/tienda\/rillettes-de-cerdo-negro-de-bigorre\/","url":"https:\/\/lentraide.es\/es\/tienda\/rillettes-de-cerdo-negro-de-bigorre\/","name":"Rillettes de cerdo negro de Bigorre | Entraide Fran\u00e7aise","isPartOf":{"@id":"https:\/\/lentraide.es\/fr\/#website"},"primaryImageOfPage":{"@id":"https:\/\/lentraide.es\/es\/tienda\/rillettes-de-cerdo-negro-de-bigorre\/#primaryimage"},"image":{"@id":"https:\/\/lentraide.es\/es\/tienda\/rillettes-de-cerdo-negro-de-bigorre\/#primaryimage"},"thumbnailUrl":"https:\/\/lentraide.es\/wp-content\/uploads\/2024\/10\/Rillettes-de-Noir-de-Bigorre.png","datePublished":"2025-10-29T10:58:31+00:00","dateModified":"2025-10-29T11:26:16+00:00","breadcrumb":{"@id":"https:\/\/lentraide.es\/es\/tienda\/rillettes-de-cerdo-negro-de-bigorre\/#breadcrumb"},"inLanguage":"es","potentialAction":[{"@type":"ReadAction","target":["https:\/\/lentraide.es\/es\/tienda\/rillettes-de-cerdo-negro-de-bigorre\/"]}]},{"@type":"ImageObject","inLanguage":"es","@id":"https:\/\/lentraide.es\/es\/tienda\/rillettes-de-cerdo-negro-de-bigorre\/#primaryimage","url":"https:\/\/lentraide.es\/wp-content\/uploads\/2024\/10\/Rillettes-de-Noir-de-Bigorre.png","contentUrl":"https:\/\/lentraide.es\/wp-content\/uploads\/2024\/10\/Rillettes-de-Noir-de-Bigorre.png","width":371,"height":423},{"@type":"BreadcrumbList","@id":"https:\/\/lentraide.es\/es\/tienda\/rillettes-de-cerdo-negro-de-bigorre\/#breadcrumb","itemListElement":[{"@type":"ListItem","position":1,"name":"Accueil","item":"https:\/\/lentraide.es\/es\/"},{"@type":"ListItem","position":2,"name":"Tienda","item":"https:\/\/lentraide.es\/es\/tienda\/"},{"@type":"ListItem","position":3,"name":"Rillettes de cerdo negro de Bigorre"}]},{"@type":"WebSite","@id":"https:\/\/lentraide.es\/fr\/#website","url":"https:\/\/lentraide.es\/fr\/","name":"Entraide Fran\u00e7aise","description":"Une main tendue vers la France","publisher":{"@id":"https:\/\/lentraide.es\/fr\/#organization"},"alternateName":"L'entraide","potentialAction":[{"@type":"SearchAction","target":{"@type":"EntryPoint","urlTemplate":"https:\/\/lentraide.es\/fr\/?s={search_term_string}"},"query-input":{"@type":"PropertyValueSpecification","valueRequired":true,"valueName":"search_term_string"}}],"inLanguage":"es"},{"@type":"Organization","@id":"https:\/\/lentraide.es\/fr\/#organization","name":"Entraide Fran\u00e7aise","alternateName":"L'entraide","url":"https:\/\/lentraide.es\/fr\/","logo":{"@type":"ImageObject","inLanguage":"es","@id":"https:\/\/lentraide.es\/fr\/#\/schema\/logo\/image\/","url":"https:\/\/lentraide.es\/wp-content\/uploads\/2015\/07\/LOGO-azul2.png","contentUrl":"https:\/\/lentraide.es\/wp-content\/uploads\/2015\/07\/LOGO-azul2.png","width":232,"height":146,"caption":"Entraide Fran\u00e7aise"},"image":{"@id":"https:\/\/lentraide.es\/fr\/#\/schema\/logo\/image\/"},"sameAs":["https:\/\/www.facebook.com\/entraide.francaisemadrid","https:\/\/www.instagram.com\/entraidefrancaisemadrid\/"]}]}},"_links":{"self":[{"href":"https:\/\/lentraide.es\/es\/wp-json\/wp\/v2\/product\/61894","targetHints":{"allow":["GET"]}}],"collection":[{"href":"https:\/\/lentraide.es\/es\/wp-json\/wp\/v2\/product"}],"about":[{"href":"https:\/\/lentraide.es\/es\/wp-json\/wp\/v2\/types\/product"}],"wp:featuredmedia":[{"embeddable":true,"href":"https:\/\/lentraide.es\/es\/wp-json\/wp\/v2\/media\/61847"}],"wp:attachment":[{"href":"https:\/\/lentraide.es\/es\/wp-json\/wp\/v2\/media?parent=61894"}],"wp:term":[{"taxonomy":"product_brand","embeddable":true,"href":"https:\/\/lentraide.es\/es\/wp-json\/wp\/v2\/product_brand?post=61894"},{"taxonomy":"product_cat","embeddable":true,"href":"https:\/\/lentraide.es\/es\/wp-json\/wp\/v2\/product_cat?post=61894"},{"taxonomy":"product_tag","embeddable":true,"href":"https:\/\/lentraide.es\/es\/wp-json\/wp\/v2\/product_tag?post=61894"}],"curies":[{"name":"wp","href":"https:\/\/api.w.org\/{rel}","templated":true}]}}