{"id":61896,"date":"2025-10-29T11:54:06","date_gmt":"2025-10-29T10:54:06","guid":{"rendered":"https:\/\/lentraide.es\/tienda\/pate-de-jabali-salvaje-al-pinot-gris\/"},"modified":"2025-10-29T12:28:44","modified_gmt":"2025-10-29T11:28:44","slug":"pate-de-jabali-salvaje-al-pinot-gris","status":"publish","type":"product","link":"https:\/\/lentraide.es\/es\/tienda\/pate-de-jabali-salvaje-al-pinot-gris\/","title":{"rendered":"Pat\u00e9 de jabal\u00ed salvaje al Pinot Gris"},"content":{"rendered":"","protected":false},"excerpt":{"rendered":"<p>Mi <strong>Pinot Gris<\/strong> aporta una <strong>nota afrutada y especiada<\/strong> que se combina perfectamente con mi <strong>carne de jabal\u00ed robusta<\/strong>.<br \/>\nSoy un <strong>cl\u00e1sico del este de Francia<\/strong>. Muy popular en <strong>Alsacia y Borgo\u00f1a<\/strong><\/p>\n<p>100g<\/p>\n","protected":false},"featured_media":61845,"template":"","meta":{"_acf_changed":false},"product_brand":[],"product_cat":[263,176],"product_tag":[],"class_list":{"0":"post-61896","1":"product","2":"type-product","3":"status-publish","4":"has-post-thumbnail","6":"product_cat-pates-olala","7":"product_cat-venta-navidad","9":"first","10":"outofstock","11":"shipping-taxable","12":"purchasable","13":"product-type-simple"},"acf":[],"yoast_head":"<!-- This site is optimized with the Yoast SEO plugin v26.9 - https:\/\/yoast.com\/product\/yoast-seo-wordpress\/ -->\n<title>Pat\u00e9 de jabal\u00ed salvaje al Pinot Gris | Entraide Fran\u00e7aise<\/title>\n<meta name=\"robots\" content=\"index, follow, max-snippet:-1, max-image-preview:large, max-video-preview:-1\" \/>\n<link rel=\"canonical\" href=\"https:\/\/lentraide.es\/es\/tienda\/pate-de-jabali-salvaje-al-pinot-gris\/\" \/>\n<meta property=\"og:locale\" content=\"es_ES\" \/>\n<meta property=\"og:type\" content=\"article\" \/>\n<meta property=\"og:title\" content=\"Pat\u00e9 de jabal\u00ed salvaje al Pinot Gris | Entraide Fran\u00e7aise\" \/>\n<meta property=\"og:description\" content=\"Mi Pinot Gris aporta una nota afrutada y especiada que se combina perfectamente con mi carne de jabal\u00ed robusta. Soy un cl\u00e1sico del este de Francia. Muy popular en Alsacia y Borgo\u00f1a  100g\" \/>\n<meta property=\"og:url\" content=\"https:\/\/lentraide.es\/es\/tienda\/pate-de-jabali-salvaje-al-pinot-gris\/\" \/>\n<meta property=\"og:site_name\" content=\"Entraide Fran\u00e7aise\" \/>\n<meta property=\"article:publisher\" content=\"https:\/\/www.facebook.com\/entraide.francaisemadrid\" \/>\n<meta property=\"article:modified_time\" content=\"2025-10-29T11:28:44+00:00\" \/>\n<meta property=\"og:image\" content=\"https:\/\/lentraide.es\/wp-content\/uploads\/2024\/10\/Pate-de-Sanglier.png\" \/>\n\t<meta property=\"og:image:width\" content=\"309\" \/>\n\t<meta property=\"og:image:height\" content=\"353\" \/>\n\t<meta property=\"og:image:type\" content=\"image\/png\" \/>\n<meta name=\"twitter:card\" content=\"summary_large_image\" \/>\n<script type=\"application\/ld+json\" class=\"yoast-schema-graph\">{\"@context\":\"https:\/\/schema.org\",\"@graph\":[{\"@type\":\"WebPage\",\"@id\":\"https:\/\/lentraide.es\/es\/tienda\/pate-de-jabali-salvaje-al-pinot-gris\/\",\"url\":\"https:\/\/lentraide.es\/es\/tienda\/pate-de-jabali-salvaje-al-pinot-gris\/\",\"name\":\"Pat\u00e9 de jabal\u00ed salvaje al Pinot Gris | Entraide Fran\u00e7aise\",\"isPartOf\":{\"@id\":\"https:\/\/lentraide.es\/fr\/#website\"},\"primaryImageOfPage\":{\"@id\":\"https:\/\/lentraide.es\/es\/tienda\/pate-de-jabali-salvaje-al-pinot-gris\/#primaryimage\"},\"image\":{\"@id\":\"https:\/\/lentraide.es\/es\/tienda\/pate-de-jabali-salvaje-al-pinot-gris\/#primaryimage\"},\"thumbnailUrl\":\"https:\/\/lentraide.es\/wp-content\/uploads\/2024\/10\/Pate-de-Sanglier.png\",\"datePublished\":\"2025-10-29T10:54:06+00:00\",\"dateModified\":\"2025-10-29T11:28:44+00:00\",\"breadcrumb\":{\"@id\":\"https:\/\/lentraide.es\/es\/tienda\/pate-de-jabali-salvaje-al-pinot-gris\/#breadcrumb\"},\"inLanguage\":\"es\",\"potentialAction\":[{\"@type\":\"ReadAction\",\"target\":[\"https:\/\/lentraide.es\/es\/tienda\/pate-de-jabali-salvaje-al-pinot-gris\/\"]}]},{\"@type\":\"ImageObject\",\"inLanguage\":\"es\",\"@id\":\"https:\/\/lentraide.es\/es\/tienda\/pate-de-jabali-salvaje-al-pinot-gris\/#primaryimage\",\"url\":\"https:\/\/lentraide.es\/wp-content\/uploads\/2024\/10\/Pate-de-Sanglier.png\",\"contentUrl\":\"https:\/\/lentraide.es\/wp-content\/uploads\/2024\/10\/Pate-de-Sanglier.png\",\"width\":309,\"height\":353},{\"@type\":\"BreadcrumbList\",\"@id\":\"https:\/\/lentraide.es\/es\/tienda\/pate-de-jabali-salvaje-al-pinot-gris\/#breadcrumb\",\"itemListElement\":[{\"@type\":\"ListItem\",\"position\":1,\"name\":\"Accueil\",\"item\":\"https:\/\/lentraide.es\/es\/\"},{\"@type\":\"ListItem\",\"position\":2,\"name\":\"Tienda\",\"item\":\"https:\/\/lentraide.es\/es\/tienda\/\"},{\"@type\":\"ListItem\",\"position\":3,\"name\":\"Pat\u00e9 de jabal\u00ed salvaje al Pinot Gris\"}]},{\"@type\":\"WebSite\",\"@id\":\"https:\/\/lentraide.es\/fr\/#website\",\"url\":\"https:\/\/lentraide.es\/fr\/\",\"name\":\"Entraide Fran\u00e7aise\",\"description\":\"Une main tendue vers la France\",\"publisher\":{\"@id\":\"https:\/\/lentraide.es\/fr\/#organization\"},\"alternateName\":\"L'entraide\",\"potentialAction\":[{\"@type\":\"SearchAction\",\"target\":{\"@type\":\"EntryPoint\",\"urlTemplate\":\"https:\/\/lentraide.es\/fr\/?s={search_term_string}\"},\"query-input\":{\"@type\":\"PropertyValueSpecification\",\"valueRequired\":true,\"valueName\":\"search_term_string\"}}],\"inLanguage\":\"es\"},{\"@type\":\"Organization\",\"@id\":\"https:\/\/lentraide.es\/fr\/#organization\",\"name\":\"Entraide Fran\u00e7aise\",\"alternateName\":\"L'entraide\",\"url\":\"https:\/\/lentraide.es\/fr\/\",\"logo\":{\"@type\":\"ImageObject\",\"inLanguage\":\"es\",\"@id\":\"https:\/\/lentraide.es\/fr\/#\/schema\/logo\/image\/\",\"url\":\"https:\/\/lentraide.es\/wp-content\/uploads\/2015\/07\/LOGO-azul2.png\",\"contentUrl\":\"https:\/\/lentraide.es\/wp-content\/uploads\/2015\/07\/LOGO-azul2.png\",\"width\":232,\"height\":146,\"caption\":\"Entraide Fran\u00e7aise\"},\"image\":{\"@id\":\"https:\/\/lentraide.es\/fr\/#\/schema\/logo\/image\/\"},\"sameAs\":[\"https:\/\/www.facebook.com\/entraide.francaisemadrid\",\"https:\/\/www.instagram.com\/entraidefrancaisemadrid\/\"]}]}<\/script>\n<!-- \/ Yoast SEO plugin. -->","yoast_head_json":{"title":"Pat\u00e9 de jabal\u00ed salvaje al Pinot Gris | Entraide Fran\u00e7aise","robots":{"index":"index","follow":"follow","max-snippet":"max-snippet:-1","max-image-preview":"max-image-preview:large","max-video-preview":"max-video-preview:-1"},"canonical":"https:\/\/lentraide.es\/es\/tienda\/pate-de-jabali-salvaje-al-pinot-gris\/","og_locale":"es_ES","og_type":"article","og_title":"Pat\u00e9 de jabal\u00ed salvaje al Pinot Gris | Entraide Fran\u00e7aise","og_description":"Mi Pinot Gris aporta una nota afrutada y especiada que se combina perfectamente con mi carne de jabal\u00ed robusta. Soy un cl\u00e1sico del este de Francia. Muy popular en Alsacia y Borgo\u00f1a  100g","og_url":"https:\/\/lentraide.es\/es\/tienda\/pate-de-jabali-salvaje-al-pinot-gris\/","og_site_name":"Entraide Fran\u00e7aise","article_publisher":"https:\/\/www.facebook.com\/entraide.francaisemadrid","article_modified_time":"2025-10-29T11:28:44+00:00","og_image":[{"width":309,"height":353,"url":"https:\/\/lentraide.es\/wp-content\/uploads\/2024\/10\/Pate-de-Sanglier.png","type":"image\/png"}],"twitter_card":"summary_large_image","schema":{"@context":"https:\/\/schema.org","@graph":[{"@type":"WebPage","@id":"https:\/\/lentraide.es\/es\/tienda\/pate-de-jabali-salvaje-al-pinot-gris\/","url":"https:\/\/lentraide.es\/es\/tienda\/pate-de-jabali-salvaje-al-pinot-gris\/","name":"Pat\u00e9 de jabal\u00ed salvaje al Pinot Gris | Entraide Fran\u00e7aise","isPartOf":{"@id":"https:\/\/lentraide.es\/fr\/#website"},"primaryImageOfPage":{"@id":"https:\/\/lentraide.es\/es\/tienda\/pate-de-jabali-salvaje-al-pinot-gris\/#primaryimage"},"image":{"@id":"https:\/\/lentraide.es\/es\/tienda\/pate-de-jabali-salvaje-al-pinot-gris\/#primaryimage"},"thumbnailUrl":"https:\/\/lentraide.es\/wp-content\/uploads\/2024\/10\/Pate-de-Sanglier.png","datePublished":"2025-10-29T10:54:06+00:00","dateModified":"2025-10-29T11:28:44+00:00","breadcrumb":{"@id":"https:\/\/lentraide.es\/es\/tienda\/pate-de-jabali-salvaje-al-pinot-gris\/#breadcrumb"},"inLanguage":"es","potentialAction":[{"@type":"ReadAction","target":["https:\/\/lentraide.es\/es\/tienda\/pate-de-jabali-salvaje-al-pinot-gris\/"]}]},{"@type":"ImageObject","inLanguage":"es","@id":"https:\/\/lentraide.es\/es\/tienda\/pate-de-jabali-salvaje-al-pinot-gris\/#primaryimage","url":"https:\/\/lentraide.es\/wp-content\/uploads\/2024\/10\/Pate-de-Sanglier.png","contentUrl":"https:\/\/lentraide.es\/wp-content\/uploads\/2024\/10\/Pate-de-Sanglier.png","width":309,"height":353},{"@type":"BreadcrumbList","@id":"https:\/\/lentraide.es\/es\/tienda\/pate-de-jabali-salvaje-al-pinot-gris\/#breadcrumb","itemListElement":[{"@type":"ListItem","position":1,"name":"Accueil","item":"https:\/\/lentraide.es\/es\/"},{"@type":"ListItem","position":2,"name":"Tienda","item":"https:\/\/lentraide.es\/es\/tienda\/"},{"@type":"ListItem","position":3,"name":"Pat\u00e9 de jabal\u00ed salvaje al Pinot Gris"}]},{"@type":"WebSite","@id":"https:\/\/lentraide.es\/fr\/#website","url":"https:\/\/lentraide.es\/fr\/","name":"Entraide Fran\u00e7aise","description":"Une main tendue vers la France","publisher":{"@id":"https:\/\/lentraide.es\/fr\/#organization"},"alternateName":"L'entraide","potentialAction":[{"@type":"SearchAction","target":{"@type":"EntryPoint","urlTemplate":"https:\/\/lentraide.es\/fr\/?s={search_term_string}"},"query-input":{"@type":"PropertyValueSpecification","valueRequired":true,"valueName":"search_term_string"}}],"inLanguage":"es"},{"@type":"Organization","@id":"https:\/\/lentraide.es\/fr\/#organization","name":"Entraide Fran\u00e7aise","alternateName":"L'entraide","url":"https:\/\/lentraide.es\/fr\/","logo":{"@type":"ImageObject","inLanguage":"es","@id":"https:\/\/lentraide.es\/fr\/#\/schema\/logo\/image\/","url":"https:\/\/lentraide.es\/wp-content\/uploads\/2015\/07\/LOGO-azul2.png","contentUrl":"https:\/\/lentraide.es\/wp-content\/uploads\/2015\/07\/LOGO-azul2.png","width":232,"height":146,"caption":"Entraide Fran\u00e7aise"},"image":{"@id":"https:\/\/lentraide.es\/fr\/#\/schema\/logo\/image\/"},"sameAs":["https:\/\/www.facebook.com\/entraide.francaisemadrid","https:\/\/www.instagram.com\/entraidefrancaisemadrid\/"]}]}},"_links":{"self":[{"href":"https:\/\/lentraide.es\/es\/wp-json\/wp\/v2\/product\/61896","targetHints":{"allow":["GET"]}}],"collection":[{"href":"https:\/\/lentraide.es\/es\/wp-json\/wp\/v2\/product"}],"about":[{"href":"https:\/\/lentraide.es\/es\/wp-json\/wp\/v2\/types\/product"}],"wp:featuredmedia":[{"embeddable":true,"href":"https:\/\/lentraide.es\/es\/wp-json\/wp\/v2\/media\/61845"}],"wp:attachment":[{"href":"https:\/\/lentraide.es\/es\/wp-json\/wp\/v2\/media?parent=61896"}],"wp:term":[{"taxonomy":"product_brand","embeddable":true,"href":"https:\/\/lentraide.es\/es\/wp-json\/wp\/v2\/product_brand?post=61896"},{"taxonomy":"product_cat","embeddable":true,"href":"https:\/\/lentraide.es\/es\/wp-json\/wp\/v2\/product_cat?post=61896"},{"taxonomy":"product_tag","embeddable":true,"href":"https:\/\/lentraide.es\/es\/wp-json\/wp\/v2\/product_tag?post=61896"}],"curies":[{"name":"wp","href":"https:\/\/api.w.org\/{rel}","templated":true}]}}