{"id":61898,"date":"2025-10-29T11:49:01","date_gmt":"2025-10-29T10:49:01","guid":{"rendered":"https:\/\/lentraide.es\/tienda\/terrina-de-pichon-con-pimiento-de-espelette\/"},"modified":"2025-10-29T12:33:05","modified_gmt":"2025-10-29T11:33:05","slug":"terrina-de-pichon-con-pimiento-de-espelette","status":"publish","type":"product","link":"https:\/\/lentraide.es\/es\/tienda\/terrina-de-pichon-con-pimiento-de-espelette\/","title":{"rendered":"Terrina de pich\u00f3n con pimiento de Espelette"},"content":{"rendered":"","protected":false},"excerpt":{"rendered":"<p>Mi <strong>pimiento de Espelette<\/strong>, t\u00edpico del <strong>Pa\u00eds Vasco franc\u00e9s,<\/strong> realza mi sabor sutil y, sin embargo, pronunciado. Mi padre es un <strong>experto reconocido en la cr\u00eda de pichones<\/strong>. Mi granero es un lugar predilecto para la mayor\u00eda de los chefs con estrella francesa y espa\u00f1ola.<\/p>\n<p>200g<\/p>\n","protected":false},"featured_media":61855,"template":"","meta":{"_acf_changed":false},"product_brand":[],"product_cat":[263,176],"product_tag":[],"class_list":{"0":"post-61898","1":"product","2":"type-product","3":"status-publish","4":"has-post-thumbnail","6":"product_cat-pates-olala","7":"product_cat-venta-navidad","9":"first","10":"outofstock","11":"shipping-taxable","12":"purchasable","13":"product-type-simple"},"acf":[],"yoast_head":"<!-- This site is optimized with the Yoast SEO plugin v27.3 - https:\/\/yoast.com\/product\/yoast-seo-wordpress\/ -->\n<title>Terrina de pich\u00f3n con pimiento de Espelette | Entraide Fran\u00e7aise<\/title>\n<meta name=\"robots\" content=\"index, follow, max-snippet:-1, max-image-preview:large, max-video-preview:-1\" \/>\n<link rel=\"canonical\" href=\"https:\/\/lentraide.es\/es\/tienda\/terrina-de-pichon-con-pimiento-de-espelette\/\" \/>\n<meta property=\"og:locale\" content=\"es_ES\" \/>\n<meta property=\"og:type\" content=\"article\" \/>\n<meta property=\"og:title\" content=\"Terrina de pich\u00f3n con pimiento de Espelette | Entraide Fran\u00e7aise\" \/>\n<meta property=\"og:description\" content=\"Mi pimiento de Espelette, t\u00edpico del Pa\u00eds Vasco franc\u00e9s, realza mi sabor sutil y, sin embargo, pronunciado. Mi padre es un experto reconocido en la cr\u00eda de pichones. Mi granero es un lugar predilecto para la mayor\u00eda de los chefs con estrella francesa y espa\u00f1ola.  200g\" \/>\n<meta property=\"og:url\" content=\"https:\/\/lentraide.es\/es\/tienda\/terrina-de-pichon-con-pimiento-de-espelette\/\" \/>\n<meta property=\"og:site_name\" content=\"Entraide Fran\u00e7aise\" \/>\n<meta property=\"article:publisher\" content=\"https:\/\/www.facebook.com\/entraide.francaisemadrid\" \/>\n<meta property=\"article:modified_time\" content=\"2025-10-29T11:33:05+00:00\" \/>\n<meta property=\"og:image\" content=\"https:\/\/lentraide.es\/wp-content\/uploads\/2024\/10\/Terrine-de-Pigeonneau.png\" \/>\n\t<meta property=\"og:image:width\" content=\"800\" \/>\n\t<meta property=\"og:image:height\" content=\"800\" \/>\n\t<meta property=\"og:image:type\" content=\"image\/png\" \/>\n<meta name=\"twitter:card\" content=\"summary_large_image\" \/>\n<script type=\"application\/ld+json\" class=\"yoast-schema-graph\">{\"@context\":\"https:\\\/\\\/schema.org\",\"@graph\":[{\"@type\":\"WebPage\",\"@id\":\"https:\\\/\\\/lentraide.es\\\/es\\\/tienda\\\/terrina-de-pichon-con-pimiento-de-espelette\\\/\",\"url\":\"https:\\\/\\\/lentraide.es\\\/es\\\/tienda\\\/terrina-de-pichon-con-pimiento-de-espelette\\\/\",\"name\":\"Terrina de pich\u00f3n con pimiento de Espelette | Entraide Fran\u00e7aise\",\"isPartOf\":{\"@id\":\"https:\\\/\\\/lentraide.es\\\/fr\\\/#website\"},\"primaryImageOfPage\":{\"@id\":\"https:\\\/\\\/lentraide.es\\\/es\\\/tienda\\\/terrina-de-pichon-con-pimiento-de-espelette\\\/#primaryimage\"},\"image\":{\"@id\":\"https:\\\/\\\/lentraide.es\\\/es\\\/tienda\\\/terrina-de-pichon-con-pimiento-de-espelette\\\/#primaryimage\"},\"thumbnailUrl\":\"https:\\\/\\\/lentraide.es\\\/wp-content\\\/uploads\\\/2024\\\/10\\\/Terrine-de-Pigeonneau.png\",\"datePublished\":\"2025-10-29T10:49:01+00:00\",\"dateModified\":\"2025-10-29T11:33:05+00:00\",\"breadcrumb\":{\"@id\":\"https:\\\/\\\/lentraide.es\\\/es\\\/tienda\\\/terrina-de-pichon-con-pimiento-de-espelette\\\/#breadcrumb\"},\"inLanguage\":\"es\",\"potentialAction\":[{\"@type\":\"ReadAction\",\"target\":[\"https:\\\/\\\/lentraide.es\\\/es\\\/tienda\\\/terrina-de-pichon-con-pimiento-de-espelette\\\/\"]}]},{\"@type\":\"ImageObject\",\"inLanguage\":\"es\",\"@id\":\"https:\\\/\\\/lentraide.es\\\/es\\\/tienda\\\/terrina-de-pichon-con-pimiento-de-espelette\\\/#primaryimage\",\"url\":\"https:\\\/\\\/lentraide.es\\\/wp-content\\\/uploads\\\/2024\\\/10\\\/Terrine-de-Pigeonneau.png\",\"contentUrl\":\"https:\\\/\\\/lentraide.es\\\/wp-content\\\/uploads\\\/2024\\\/10\\\/Terrine-de-Pigeonneau.png\",\"width\":800,\"height\":800},{\"@type\":\"BreadcrumbList\",\"@id\":\"https:\\\/\\\/lentraide.es\\\/es\\\/tienda\\\/terrina-de-pichon-con-pimiento-de-espelette\\\/#breadcrumb\",\"itemListElement\":[{\"@type\":\"ListItem\",\"position\":1,\"name\":\"Accueil\",\"item\":\"https:\\\/\\\/lentraide.es\\\/es\\\/\"},{\"@type\":\"ListItem\",\"position\":2,\"name\":\"Tienda\",\"item\":\"https:\\\/\\\/lentraide.es\\\/es\\\/tienda\\\/\"},{\"@type\":\"ListItem\",\"position\":3,\"name\":\"Terrina de pich\u00f3n con pimiento de Espelette\"}]},{\"@type\":\"WebSite\",\"@id\":\"https:\\\/\\\/lentraide.es\\\/fr\\\/#website\",\"url\":\"https:\\\/\\\/lentraide.es\\\/fr\\\/\",\"name\":\"Entraide Fran\u00e7aise\",\"description\":\"Une main tendue vers la France\",\"publisher\":{\"@id\":\"https:\\\/\\\/lentraide.es\\\/fr\\\/#organization\"},\"alternateName\":\"L'entraide\",\"potentialAction\":[{\"@type\":\"SearchAction\",\"target\":{\"@type\":\"EntryPoint\",\"urlTemplate\":\"https:\\\/\\\/lentraide.es\\\/fr\\\/?s={search_term_string}\"},\"query-input\":{\"@type\":\"PropertyValueSpecification\",\"valueRequired\":true,\"valueName\":\"search_term_string\"}}],\"inLanguage\":\"es\"},{\"@type\":\"Organization\",\"@id\":\"https:\\\/\\\/lentraide.es\\\/fr\\\/#organization\",\"name\":\"Entraide Fran\u00e7aise\",\"alternateName\":\"L'entraide\",\"url\":\"https:\\\/\\\/lentraide.es\\\/fr\\\/\",\"logo\":{\"@type\":\"ImageObject\",\"inLanguage\":\"es\",\"@id\":\"https:\\\/\\\/lentraide.es\\\/fr\\\/#\\\/schema\\\/logo\\\/image\\\/\",\"url\":\"https:\\\/\\\/lentraide.es\\\/wp-content\\\/uploads\\\/2015\\\/07\\\/LOGO-azul2.png\",\"contentUrl\":\"https:\\\/\\\/lentraide.es\\\/wp-content\\\/uploads\\\/2015\\\/07\\\/LOGO-azul2.png\",\"width\":232,\"height\":146,\"caption\":\"Entraide Fran\u00e7aise\"},\"image\":{\"@id\":\"https:\\\/\\\/lentraide.es\\\/fr\\\/#\\\/schema\\\/logo\\\/image\\\/\"},\"sameAs\":[\"https:\\\/\\\/www.facebook.com\\\/entraide.francaisemadrid\",\"https:\\\/\\\/www.instagram.com\\\/entraidefrancaisemadrid\\\/\"]}]}<\/script>\n<!-- \/ Yoast SEO plugin. -->","yoast_head_json":{"title":"Terrina de pich\u00f3n con pimiento de Espelette | Entraide Fran\u00e7aise","robots":{"index":"index","follow":"follow","max-snippet":"max-snippet:-1","max-image-preview":"max-image-preview:large","max-video-preview":"max-video-preview:-1"},"canonical":"https:\/\/lentraide.es\/es\/tienda\/terrina-de-pichon-con-pimiento-de-espelette\/","og_locale":"es_ES","og_type":"article","og_title":"Terrina de pich\u00f3n con pimiento de Espelette | Entraide Fran\u00e7aise","og_description":"Mi pimiento de Espelette, t\u00edpico del Pa\u00eds Vasco franc\u00e9s, realza mi sabor sutil y, sin embargo, pronunciado. Mi padre es un experto reconocido en la cr\u00eda de pichones. Mi granero es un lugar predilecto para la mayor\u00eda de los chefs con estrella francesa y espa\u00f1ola.  200g","og_url":"https:\/\/lentraide.es\/es\/tienda\/terrina-de-pichon-con-pimiento-de-espelette\/","og_site_name":"Entraide Fran\u00e7aise","article_publisher":"https:\/\/www.facebook.com\/entraide.francaisemadrid","article_modified_time":"2025-10-29T11:33:05+00:00","og_image":[{"width":800,"height":800,"url":"https:\/\/lentraide.es\/wp-content\/uploads\/2024\/10\/Terrine-de-Pigeonneau.png","type":"image\/png"}],"twitter_card":"summary_large_image","schema":{"@context":"https:\/\/schema.org","@graph":[{"@type":"WebPage","@id":"https:\/\/lentraide.es\/es\/tienda\/terrina-de-pichon-con-pimiento-de-espelette\/","url":"https:\/\/lentraide.es\/es\/tienda\/terrina-de-pichon-con-pimiento-de-espelette\/","name":"Terrina de pich\u00f3n con pimiento de Espelette | Entraide Fran\u00e7aise","isPartOf":{"@id":"https:\/\/lentraide.es\/fr\/#website"},"primaryImageOfPage":{"@id":"https:\/\/lentraide.es\/es\/tienda\/terrina-de-pichon-con-pimiento-de-espelette\/#primaryimage"},"image":{"@id":"https:\/\/lentraide.es\/es\/tienda\/terrina-de-pichon-con-pimiento-de-espelette\/#primaryimage"},"thumbnailUrl":"https:\/\/lentraide.es\/wp-content\/uploads\/2024\/10\/Terrine-de-Pigeonneau.png","datePublished":"2025-10-29T10:49:01+00:00","dateModified":"2025-10-29T11:33:05+00:00","breadcrumb":{"@id":"https:\/\/lentraide.es\/es\/tienda\/terrina-de-pichon-con-pimiento-de-espelette\/#breadcrumb"},"inLanguage":"es","potentialAction":[{"@type":"ReadAction","target":["https:\/\/lentraide.es\/es\/tienda\/terrina-de-pichon-con-pimiento-de-espelette\/"]}]},{"@type":"ImageObject","inLanguage":"es","@id":"https:\/\/lentraide.es\/es\/tienda\/terrina-de-pichon-con-pimiento-de-espelette\/#primaryimage","url":"https:\/\/lentraide.es\/wp-content\/uploads\/2024\/10\/Terrine-de-Pigeonneau.png","contentUrl":"https:\/\/lentraide.es\/wp-content\/uploads\/2024\/10\/Terrine-de-Pigeonneau.png","width":800,"height":800},{"@type":"BreadcrumbList","@id":"https:\/\/lentraide.es\/es\/tienda\/terrina-de-pichon-con-pimiento-de-espelette\/#breadcrumb","itemListElement":[{"@type":"ListItem","position":1,"name":"Accueil","item":"https:\/\/lentraide.es\/es\/"},{"@type":"ListItem","position":2,"name":"Tienda","item":"https:\/\/lentraide.es\/es\/tienda\/"},{"@type":"ListItem","position":3,"name":"Terrina de pich\u00f3n con pimiento de Espelette"}]},{"@type":"WebSite","@id":"https:\/\/lentraide.es\/fr\/#website","url":"https:\/\/lentraide.es\/fr\/","name":"Entraide Fran\u00e7aise","description":"Une main tendue vers la France","publisher":{"@id":"https:\/\/lentraide.es\/fr\/#organization"},"alternateName":"L'entraide","potentialAction":[{"@type":"SearchAction","target":{"@type":"EntryPoint","urlTemplate":"https:\/\/lentraide.es\/fr\/?s={search_term_string}"},"query-input":{"@type":"PropertyValueSpecification","valueRequired":true,"valueName":"search_term_string"}}],"inLanguage":"es"},{"@type":"Organization","@id":"https:\/\/lentraide.es\/fr\/#organization","name":"Entraide Fran\u00e7aise","alternateName":"L'entraide","url":"https:\/\/lentraide.es\/fr\/","logo":{"@type":"ImageObject","inLanguage":"es","@id":"https:\/\/lentraide.es\/fr\/#\/schema\/logo\/image\/","url":"https:\/\/lentraide.es\/wp-content\/uploads\/2015\/07\/LOGO-azul2.png","contentUrl":"https:\/\/lentraide.es\/wp-content\/uploads\/2015\/07\/LOGO-azul2.png","width":232,"height":146,"caption":"Entraide Fran\u00e7aise"},"image":{"@id":"https:\/\/lentraide.es\/fr\/#\/schema\/logo\/image\/"},"sameAs":["https:\/\/www.facebook.com\/entraide.francaisemadrid","https:\/\/www.instagram.com\/entraidefrancaisemadrid\/"]}]}},"_links":{"self":[{"href":"https:\/\/lentraide.es\/es\/wp-json\/wp\/v2\/product\/61898","targetHints":{"allow":["GET"]}}],"collection":[{"href":"https:\/\/lentraide.es\/es\/wp-json\/wp\/v2\/product"}],"about":[{"href":"https:\/\/lentraide.es\/es\/wp-json\/wp\/v2\/types\/product"}],"wp:featuredmedia":[{"embeddable":true,"href":"https:\/\/lentraide.es\/es\/wp-json\/wp\/v2\/media\/61855"}],"wp:attachment":[{"href":"https:\/\/lentraide.es\/es\/wp-json\/wp\/v2\/media?parent=61898"}],"wp:term":[{"taxonomy":"product_brand","embeddable":true,"href":"https:\/\/lentraide.es\/es\/wp-json\/wp\/v2\/product_brand?post=61898"},{"taxonomy":"product_cat","embeddable":true,"href":"https:\/\/lentraide.es\/es\/wp-json\/wp\/v2\/product_cat?post=61898"},{"taxonomy":"product_tag","embeddable":true,"href":"https:\/\/lentraide.es\/es\/wp-json\/wp\/v2\/product_tag?post=61898"}],"curies":[{"name":"wp","href":"https:\/\/api.w.org\/{rel}","templated":true}]}}