{"id":61916,"date":"2024-10-25T20:31:17","date_gmt":"2024-10-25T18:31:17","guid":{"rendered":"https:\/\/lentraide.es\/tienda\/lote-de-3-latas-mousses-y-parfait\/"},"modified":"2025-10-29T15:11:43","modified_gmt":"2025-10-29T14:11:43","slug":"lote-de-3-latas-mousses-y-parfait","status":"publish","type":"product","link":"https:\/\/lentraide.es\/es\/tienda\/lote-de-3-latas-mousses-y-parfait\/","title":{"rendered":"Lote de 3 latas &#8211; Mousses y Parfait"},"content":{"rendered":"","protected":false},"excerpt":{"rendered":"<div class=\"wpb_text_column wpb_content_element \">\n<div class=\"wpb_wrapper\">\n<p><strong>Producto ideal para sus regalas de Navidad<\/strong><\/p>\n<p>Composici\u00f3n : Parfait de h\u00edgado de pato (95 g), Mousse de h\u00edgado de pato (95 g), Mousse de h\u00edgado de pato con pimienta verde (95 g)<\/p>\n<p>Fecha limite de conservaci\u00f3n : 5 a\u00f1os<\/p>\n<\/div>\n<\/div>\n<div class=\"vc_empty_space\"><\/div>\n<div class=\"wpb_text_column wpb_content_element \">\n<div class=\"wpb_wrapper\">\n<p><strong>3 latas de 95 gramos cada una<\/strong><\/p>\n<\/div>\n<\/div>\n","protected":false},"featured_media":61753,"template":"","meta":{"_acf_changed":false},"product_brand":[],"product_cat":[259,176],"product_tag":[],"class_list":{"0":"post-61916","1":"product","2":"type-product","3":"status-publish","4":"has-post-thumbnail","6":"product_cat-foie-gras-navidad","7":"product_cat-venta-navidad","9":"first","10":"outofstock","11":"shipping-taxable","12":"purchasable","13":"product-type-simple"},"acf":[],"yoast_head":"<!-- This site is optimized with the Yoast SEO plugin v26.9 - https:\/\/yoast.com\/product\/yoast-seo-wordpress\/ -->\n<title>Lote de 3 latas - Mousses y Parfait | Entraide Fran\u00e7aise<\/title>\n<meta name=\"robots\" content=\"index, follow, max-snippet:-1, max-image-preview:large, max-video-preview:-1\" \/>\n<link rel=\"canonical\" href=\"https:\/\/lentraide.es\/es\/tienda\/lote-de-3-latas-mousses-y-parfait\/\" \/>\n<meta property=\"og:locale\" content=\"es_ES\" \/>\n<meta property=\"og:type\" content=\"article\" \/>\n<meta property=\"og:title\" content=\"Lote de 3 latas - Mousses y Parfait | Entraide Fran\u00e7aise\" \/>\n<meta property=\"og:description\" content=\"Producto ideal para sus regalas de Navidad  Composici\u00f3n : Parfait de h\u00edgado de pato (95 g), Mousse de h\u00edgado de pato (95 g), Mousse de h\u00edgado de pato con pimienta verde (95 g)  Fecha limite de conservaci\u00f3n : 5 a\u00f1os        3 latas de 95 gramos cada una\" \/>\n<meta property=\"og:url\" content=\"https:\/\/lentraide.es\/es\/tienda\/lote-de-3-latas-mousses-y-parfait\/\" \/>\n<meta property=\"og:site_name\" content=\"Entraide Fran\u00e7aise\" \/>\n<meta property=\"article:publisher\" content=\"https:\/\/www.facebook.com\/entraide.francaisemadrid\" \/>\n<meta property=\"article:modified_time\" content=\"2025-10-29T14:11:43+00:00\" \/>\n<meta property=\"og:image\" content=\"https:\/\/lentraide.es\/wp-content\/uploads\/2025\/10\/lot3boites-scaled.jpg\" \/>\n\t<meta property=\"og:image:width\" content=\"1495\" \/>\n\t<meta property=\"og:image:height\" content=\"2560\" \/>\n\t<meta property=\"og:image:type\" content=\"image\/jpeg\" \/>\n<meta name=\"twitter:card\" content=\"summary_large_image\" \/>\n<script type=\"application\/ld+json\" class=\"yoast-schema-graph\">{\"@context\":\"https:\/\/schema.org\",\"@graph\":[{\"@type\":\"WebPage\",\"@id\":\"https:\/\/lentraide.es\/es\/tienda\/lote-de-3-latas-mousses-y-parfait\/\",\"url\":\"https:\/\/lentraide.es\/es\/tienda\/lote-de-3-latas-mousses-y-parfait\/\",\"name\":\"Lote de 3 latas - Mousses y Parfait | Entraide Fran\u00e7aise\",\"isPartOf\":{\"@id\":\"https:\/\/lentraide.es\/fr\/#website\"},\"primaryImageOfPage\":{\"@id\":\"https:\/\/lentraide.es\/es\/tienda\/lote-de-3-latas-mousses-y-parfait\/#primaryimage\"},\"image\":{\"@id\":\"https:\/\/lentraide.es\/es\/tienda\/lote-de-3-latas-mousses-y-parfait\/#primaryimage\"},\"thumbnailUrl\":\"https:\/\/lentraide.es\/wp-content\/uploads\/2025\/10\/lot3boites-scaled.jpg\",\"datePublished\":\"2024-10-25T18:31:17+00:00\",\"dateModified\":\"2025-10-29T14:11:43+00:00\",\"breadcrumb\":{\"@id\":\"https:\/\/lentraide.es\/es\/tienda\/lote-de-3-latas-mousses-y-parfait\/#breadcrumb\"},\"inLanguage\":\"es\",\"potentialAction\":[{\"@type\":\"ReadAction\",\"target\":[\"https:\/\/lentraide.es\/es\/tienda\/lote-de-3-latas-mousses-y-parfait\/\"]}]},{\"@type\":\"ImageObject\",\"inLanguage\":\"es\",\"@id\":\"https:\/\/lentraide.es\/es\/tienda\/lote-de-3-latas-mousses-y-parfait\/#primaryimage\",\"url\":\"https:\/\/lentraide.es\/wp-content\/uploads\/2025\/10\/lot3boites-scaled.jpg\",\"contentUrl\":\"https:\/\/lentraide.es\/wp-content\/uploads\/2025\/10\/lot3boites-scaled.jpg\",\"width\":1495,\"height\":2560},{\"@type\":\"BreadcrumbList\",\"@id\":\"https:\/\/lentraide.es\/es\/tienda\/lote-de-3-latas-mousses-y-parfait\/#breadcrumb\",\"itemListElement\":[{\"@type\":\"ListItem\",\"position\":1,\"name\":\"Accueil\",\"item\":\"https:\/\/lentraide.es\/es\/\"},{\"@type\":\"ListItem\",\"position\":2,\"name\":\"Tienda\",\"item\":\"https:\/\/lentraide.es\/es\/tienda\/\"},{\"@type\":\"ListItem\",\"position\":3,\"name\":\"Lote de 3 latas &#8211; Mousses y Parfait\"}]},{\"@type\":\"WebSite\",\"@id\":\"https:\/\/lentraide.es\/fr\/#website\",\"url\":\"https:\/\/lentraide.es\/fr\/\",\"name\":\"Entraide Fran\u00e7aise\",\"description\":\"Une main tendue vers la France\",\"publisher\":{\"@id\":\"https:\/\/lentraide.es\/fr\/#organization\"},\"alternateName\":\"L'entraide\",\"potentialAction\":[{\"@type\":\"SearchAction\",\"target\":{\"@type\":\"EntryPoint\",\"urlTemplate\":\"https:\/\/lentraide.es\/fr\/?s={search_term_string}\"},\"query-input\":{\"@type\":\"PropertyValueSpecification\",\"valueRequired\":true,\"valueName\":\"search_term_string\"}}],\"inLanguage\":\"es\"},{\"@type\":\"Organization\",\"@id\":\"https:\/\/lentraide.es\/fr\/#organization\",\"name\":\"Entraide Fran\u00e7aise\",\"alternateName\":\"L'entraide\",\"url\":\"https:\/\/lentraide.es\/fr\/\",\"logo\":{\"@type\":\"ImageObject\",\"inLanguage\":\"es\",\"@id\":\"https:\/\/lentraide.es\/fr\/#\/schema\/logo\/image\/\",\"url\":\"https:\/\/lentraide.es\/wp-content\/uploads\/2015\/07\/LOGO-azul2.png\",\"contentUrl\":\"https:\/\/lentraide.es\/wp-content\/uploads\/2015\/07\/LOGO-azul2.png\",\"width\":232,\"height\":146,\"caption\":\"Entraide Fran\u00e7aise\"},\"image\":{\"@id\":\"https:\/\/lentraide.es\/fr\/#\/schema\/logo\/image\/\"},\"sameAs\":[\"https:\/\/www.facebook.com\/entraide.francaisemadrid\",\"https:\/\/www.instagram.com\/entraidefrancaisemadrid\/\"]}]}<\/script>\n<!-- \/ Yoast SEO plugin. -->","yoast_head_json":{"title":"Lote de 3 latas - Mousses y Parfait | Entraide Fran\u00e7aise","robots":{"index":"index","follow":"follow","max-snippet":"max-snippet:-1","max-image-preview":"max-image-preview:large","max-video-preview":"max-video-preview:-1"},"canonical":"https:\/\/lentraide.es\/es\/tienda\/lote-de-3-latas-mousses-y-parfait\/","og_locale":"es_ES","og_type":"article","og_title":"Lote de 3 latas - Mousses y Parfait | Entraide Fran\u00e7aise","og_description":"Producto ideal para sus regalas de Navidad  Composici\u00f3n : Parfait de h\u00edgado de pato (95 g), Mousse de h\u00edgado de pato (95 g), Mousse de h\u00edgado de pato con pimienta verde (95 g)  Fecha limite de conservaci\u00f3n : 5 a\u00f1os        3 latas de 95 gramos cada una","og_url":"https:\/\/lentraide.es\/es\/tienda\/lote-de-3-latas-mousses-y-parfait\/","og_site_name":"Entraide Fran\u00e7aise","article_publisher":"https:\/\/www.facebook.com\/entraide.francaisemadrid","article_modified_time":"2025-10-29T14:11:43+00:00","og_image":[{"width":1495,"height":2560,"url":"https:\/\/lentraide.es\/wp-content\/uploads\/2025\/10\/lot3boites-scaled.jpg","type":"image\/jpeg"}],"twitter_card":"summary_large_image","schema":{"@context":"https:\/\/schema.org","@graph":[{"@type":"WebPage","@id":"https:\/\/lentraide.es\/es\/tienda\/lote-de-3-latas-mousses-y-parfait\/","url":"https:\/\/lentraide.es\/es\/tienda\/lote-de-3-latas-mousses-y-parfait\/","name":"Lote de 3 latas - Mousses y Parfait | Entraide Fran\u00e7aise","isPartOf":{"@id":"https:\/\/lentraide.es\/fr\/#website"},"primaryImageOfPage":{"@id":"https:\/\/lentraide.es\/es\/tienda\/lote-de-3-latas-mousses-y-parfait\/#primaryimage"},"image":{"@id":"https:\/\/lentraide.es\/es\/tienda\/lote-de-3-latas-mousses-y-parfait\/#primaryimage"},"thumbnailUrl":"https:\/\/lentraide.es\/wp-content\/uploads\/2025\/10\/lot3boites-scaled.jpg","datePublished":"2024-10-25T18:31:17+00:00","dateModified":"2025-10-29T14:11:43+00:00","breadcrumb":{"@id":"https:\/\/lentraide.es\/es\/tienda\/lote-de-3-latas-mousses-y-parfait\/#breadcrumb"},"inLanguage":"es","potentialAction":[{"@type":"ReadAction","target":["https:\/\/lentraide.es\/es\/tienda\/lote-de-3-latas-mousses-y-parfait\/"]}]},{"@type":"ImageObject","inLanguage":"es","@id":"https:\/\/lentraide.es\/es\/tienda\/lote-de-3-latas-mousses-y-parfait\/#primaryimage","url":"https:\/\/lentraide.es\/wp-content\/uploads\/2025\/10\/lot3boites-scaled.jpg","contentUrl":"https:\/\/lentraide.es\/wp-content\/uploads\/2025\/10\/lot3boites-scaled.jpg","width":1495,"height":2560},{"@type":"BreadcrumbList","@id":"https:\/\/lentraide.es\/es\/tienda\/lote-de-3-latas-mousses-y-parfait\/#breadcrumb","itemListElement":[{"@type":"ListItem","position":1,"name":"Accueil","item":"https:\/\/lentraide.es\/es\/"},{"@type":"ListItem","position":2,"name":"Tienda","item":"https:\/\/lentraide.es\/es\/tienda\/"},{"@type":"ListItem","position":3,"name":"Lote de 3 latas &#8211; Mousses y Parfait"}]},{"@type":"WebSite","@id":"https:\/\/lentraide.es\/fr\/#website","url":"https:\/\/lentraide.es\/fr\/","name":"Entraide Fran\u00e7aise","description":"Une main tendue vers la France","publisher":{"@id":"https:\/\/lentraide.es\/fr\/#organization"},"alternateName":"L'entraide","potentialAction":[{"@type":"SearchAction","target":{"@type":"EntryPoint","urlTemplate":"https:\/\/lentraide.es\/fr\/?s={search_term_string}"},"query-input":{"@type":"PropertyValueSpecification","valueRequired":true,"valueName":"search_term_string"}}],"inLanguage":"es"},{"@type":"Organization","@id":"https:\/\/lentraide.es\/fr\/#organization","name":"Entraide Fran\u00e7aise","alternateName":"L'entraide","url":"https:\/\/lentraide.es\/fr\/","logo":{"@type":"ImageObject","inLanguage":"es","@id":"https:\/\/lentraide.es\/fr\/#\/schema\/logo\/image\/","url":"https:\/\/lentraide.es\/wp-content\/uploads\/2015\/07\/LOGO-azul2.png","contentUrl":"https:\/\/lentraide.es\/wp-content\/uploads\/2015\/07\/LOGO-azul2.png","width":232,"height":146,"caption":"Entraide Fran\u00e7aise"},"image":{"@id":"https:\/\/lentraide.es\/fr\/#\/schema\/logo\/image\/"},"sameAs":["https:\/\/www.facebook.com\/entraide.francaisemadrid","https:\/\/www.instagram.com\/entraidefrancaisemadrid\/"]}]}},"_links":{"self":[{"href":"https:\/\/lentraide.es\/es\/wp-json\/wp\/v2\/product\/61916","targetHints":{"allow":["GET"]}}],"collection":[{"href":"https:\/\/lentraide.es\/es\/wp-json\/wp\/v2\/product"}],"about":[{"href":"https:\/\/lentraide.es\/es\/wp-json\/wp\/v2\/types\/product"}],"wp:featuredmedia":[{"embeddable":true,"href":"https:\/\/lentraide.es\/es\/wp-json\/wp\/v2\/media\/61753"}],"wp:attachment":[{"href":"https:\/\/lentraide.es\/es\/wp-json\/wp\/v2\/media?parent=61916"}],"wp:term":[{"taxonomy":"product_brand","embeddable":true,"href":"https:\/\/lentraide.es\/es\/wp-json\/wp\/v2\/product_brand?post=61916"},{"taxonomy":"product_cat","embeddable":true,"href":"https:\/\/lentraide.es\/es\/wp-json\/wp\/v2\/product_cat?post=61916"},{"taxonomy":"product_tag","embeddable":true,"href":"https:\/\/lentraide.es\/es\/wp-json\/wp\/v2\/product_tag?post=61916"}],"curies":[{"name":"wp","href":"https:\/\/api.w.org\/{rel}","templated":true}]}}