{"id":61920,"date":"2024-10-30T08:27:08","date_gmt":"2024-10-30T07:27:08","guid":{"rendered":"https:\/\/lentraide.es\/tienda\/tombola-de-navidad-2025\/"},"modified":"2025-12-11T22:43:50","modified_gmt":"2025-12-11T21:43:50","slug":"tombola-de-navidad-2025","status":"publish","type":"product","link":"https:\/\/lentraide.es\/es\/tienda\/tombola-de-navidad-2025\/","title":{"rendered":"Tombola de Navidad 2025"},"content":{"rendered":"","protected":false},"excerpt":{"rendered":"<p><strong>\u00a1M\u00e1s de 80 premios ser\u00e1n sorteados en nuestra T\u00f3mbola de Navidad de Entraide!<\/strong><br \/>\nEl sorteo se realizar\u00e1 <strong>al final de la Venta de Navidad, el 14 de diciembre de 2025<\/strong>.<\/p>\n<p><strong>La venta en l\u00ednea estar\u00e1 abierta del 1 de noviembre hasta el 12 de diciembre.<\/strong><\/p>\n<p><strong>Una vez realizada la compra de tus boletos de la rifa en l\u00ednea, nos pondremos en contacto contigo para elegir tus n\u00fameros.<\/strong><\/p>\n<p><strong>\u00a1Pruebe suerte, no se arrepentir\u00e1!<\/strong><\/p>\n<p>&nbsp;<\/p>\n","protected":false},"featured_media":58749,"template":"","meta":{"_acf_changed":false},"product_brand":[],"product_cat":[221,176],"product_tag":[],"class_list":{"0":"post-61920","1":"product","2":"type-product","3":"status-publish","4":"has-post-thumbnail","6":"product_cat-tombola-es","7":"product_cat-venta-navidad","9":"first","10":"outofstock","11":"virtual","12":"purchasable","13":"product-type-simple"},"acf":[],"yoast_head":"<!-- This site is optimized with the Yoast SEO plugin v27.3 - https:\/\/yoast.com\/product\/yoast-seo-wordpress\/ -->\n<title>Tombola de Navidad 2025 | Entraide Fran\u00e7aise<\/title>\n<meta name=\"robots\" content=\"index, follow, max-snippet:-1, max-image-preview:large, max-video-preview:-1\" \/>\n<link rel=\"canonical\" href=\"https:\/\/lentraide.es\/es\/tienda\/tombola-de-navidad-2025\/\" \/>\n<meta property=\"og:locale\" content=\"es_ES\" \/>\n<meta property=\"og:type\" content=\"article\" \/>\n<meta property=\"og:title\" content=\"Tombola de Navidad 2025 | Entraide Fran\u00e7aise\" \/>\n<meta property=\"og:description\" content=\"\u00a1M\u00e1s de 80 premios ser\u00e1n sorteados en nuestra T\u00f3mbola de Navidad de Entraide! El sorteo se realizar\u00e1 al final de la Venta de Navidad, el 14 de diciembre de 2025.  La venta en l\u00ednea estar\u00e1 abierta del 1 de noviembre hasta el 12 de diciembre.  Una vez realizada la compra de tus boletos de la rifa en l\u00ednea, nos pondremos en contacto contigo para elegir tus n\u00fameros.  \u00a1Pruebe suerte, no se arrepentir\u00e1!  &nbsp;\" \/>\n<meta property=\"og:url\" content=\"https:\/\/lentraide.es\/es\/tienda\/tombola-de-navidad-2025\/\" \/>\n<meta property=\"og:site_name\" content=\"Entraide Fran\u00e7aise\" \/>\n<meta property=\"article:publisher\" content=\"https:\/\/www.facebook.com\/entraide.francaisemadrid\" \/>\n<meta property=\"article:modified_time\" content=\"2025-12-11T21:43:50+00:00\" \/>\n<meta property=\"og:image\" content=\"https:\/\/lentraide.es\/wp-content\/uploads\/2024\/06\/VENTE-EN-LIGNE-6.jpg\" \/>\n\t<meta property=\"og:image:width\" content=\"240\" \/>\n\t<meta property=\"og:image:height\" content=\"240\" \/>\n\t<meta property=\"og:image:type\" content=\"image\/jpeg\" \/>\n<meta name=\"twitter:card\" content=\"summary_large_image\" \/>\n<script type=\"application\/ld+json\" class=\"yoast-schema-graph\">{\"@context\":\"https:\\\/\\\/schema.org\",\"@graph\":[{\"@type\":\"WebPage\",\"@id\":\"https:\\\/\\\/lentraide.es\\\/es\\\/tienda\\\/tombola-de-navidad-2025\\\/\",\"url\":\"https:\\\/\\\/lentraide.es\\\/es\\\/tienda\\\/tombola-de-navidad-2025\\\/\",\"name\":\"Tombola de Navidad 2025 | Entraide Fran\u00e7aise\",\"isPartOf\":{\"@id\":\"https:\\\/\\\/lentraide.es\\\/fr\\\/#website\"},\"primaryImageOfPage\":{\"@id\":\"https:\\\/\\\/lentraide.es\\\/es\\\/tienda\\\/tombola-de-navidad-2025\\\/#primaryimage\"},\"image\":{\"@id\":\"https:\\\/\\\/lentraide.es\\\/es\\\/tienda\\\/tombola-de-navidad-2025\\\/#primaryimage\"},\"thumbnailUrl\":\"https:\\\/\\\/lentraide.es\\\/wp-content\\\/uploads\\\/2024\\\/06\\\/VENTE-EN-LIGNE-6.jpg\",\"datePublished\":\"2024-10-30T07:27:08+00:00\",\"dateModified\":\"2025-12-11T21:43:50+00:00\",\"breadcrumb\":{\"@id\":\"https:\\\/\\\/lentraide.es\\\/es\\\/tienda\\\/tombola-de-navidad-2025\\\/#breadcrumb\"},\"inLanguage\":\"es\",\"potentialAction\":[{\"@type\":\"ReadAction\",\"target\":[\"https:\\\/\\\/lentraide.es\\\/es\\\/tienda\\\/tombola-de-navidad-2025\\\/\"]}]},{\"@type\":\"ImageObject\",\"inLanguage\":\"es\",\"@id\":\"https:\\\/\\\/lentraide.es\\\/es\\\/tienda\\\/tombola-de-navidad-2025\\\/#primaryimage\",\"url\":\"https:\\\/\\\/lentraide.es\\\/wp-content\\\/uploads\\\/2024\\\/06\\\/VENTE-EN-LIGNE-6.jpg\",\"contentUrl\":\"https:\\\/\\\/lentraide.es\\\/wp-content\\\/uploads\\\/2024\\\/06\\\/VENTE-EN-LIGNE-6.jpg\",\"width\":240,\"height\":240},{\"@type\":\"BreadcrumbList\",\"@id\":\"https:\\\/\\\/lentraide.es\\\/es\\\/tienda\\\/tombola-de-navidad-2025\\\/#breadcrumb\",\"itemListElement\":[{\"@type\":\"ListItem\",\"position\":1,\"name\":\"Accueil\",\"item\":\"https:\\\/\\\/lentraide.es\\\/es\\\/\"},{\"@type\":\"ListItem\",\"position\":2,\"name\":\"Tienda\",\"item\":\"https:\\\/\\\/lentraide.es\\\/es\\\/tienda\\\/\"},{\"@type\":\"ListItem\",\"position\":3,\"name\":\"Tombola de Navidad 2025\"}]},{\"@type\":\"WebSite\",\"@id\":\"https:\\\/\\\/lentraide.es\\\/fr\\\/#website\",\"url\":\"https:\\\/\\\/lentraide.es\\\/fr\\\/\",\"name\":\"Entraide Fran\u00e7aise\",\"description\":\"Une main tendue vers la France\",\"publisher\":{\"@id\":\"https:\\\/\\\/lentraide.es\\\/fr\\\/#organization\"},\"alternateName\":\"L'entraide\",\"potentialAction\":[{\"@type\":\"SearchAction\",\"target\":{\"@type\":\"EntryPoint\",\"urlTemplate\":\"https:\\\/\\\/lentraide.es\\\/fr\\\/?s={search_term_string}\"},\"query-input\":{\"@type\":\"PropertyValueSpecification\",\"valueRequired\":true,\"valueName\":\"search_term_string\"}}],\"inLanguage\":\"es\"},{\"@type\":\"Organization\",\"@id\":\"https:\\\/\\\/lentraide.es\\\/fr\\\/#organization\",\"name\":\"Entraide Fran\u00e7aise\",\"alternateName\":\"L'entraide\",\"url\":\"https:\\\/\\\/lentraide.es\\\/fr\\\/\",\"logo\":{\"@type\":\"ImageObject\",\"inLanguage\":\"es\",\"@id\":\"https:\\\/\\\/lentraide.es\\\/fr\\\/#\\\/schema\\\/logo\\\/image\\\/\",\"url\":\"https:\\\/\\\/lentraide.es\\\/wp-content\\\/uploads\\\/2015\\\/07\\\/LOGO-azul2.png\",\"contentUrl\":\"https:\\\/\\\/lentraide.es\\\/wp-content\\\/uploads\\\/2015\\\/07\\\/LOGO-azul2.png\",\"width\":232,\"height\":146,\"caption\":\"Entraide Fran\u00e7aise\"},\"image\":{\"@id\":\"https:\\\/\\\/lentraide.es\\\/fr\\\/#\\\/schema\\\/logo\\\/image\\\/\"},\"sameAs\":[\"https:\\\/\\\/www.facebook.com\\\/entraide.francaisemadrid\",\"https:\\\/\\\/www.instagram.com\\\/entraidefrancaisemadrid\\\/\"]}]}<\/script>\n<!-- \/ Yoast SEO plugin. -->","yoast_head_json":{"title":"Tombola de Navidad 2025 | Entraide Fran\u00e7aise","robots":{"index":"index","follow":"follow","max-snippet":"max-snippet:-1","max-image-preview":"max-image-preview:large","max-video-preview":"max-video-preview:-1"},"canonical":"https:\/\/lentraide.es\/es\/tienda\/tombola-de-navidad-2025\/","og_locale":"es_ES","og_type":"article","og_title":"Tombola de Navidad 2025 | Entraide Fran\u00e7aise","og_description":"\u00a1M\u00e1s de 80 premios ser\u00e1n sorteados en nuestra T\u00f3mbola de Navidad de Entraide! El sorteo se realizar\u00e1 al final de la Venta de Navidad, el 14 de diciembre de 2025.  La venta en l\u00ednea estar\u00e1 abierta del 1 de noviembre hasta el 12 de diciembre.  Una vez realizada la compra de tus boletos de la rifa en l\u00ednea, nos pondremos en contacto contigo para elegir tus n\u00fameros.  \u00a1Pruebe suerte, no se arrepentir\u00e1!  &nbsp;","og_url":"https:\/\/lentraide.es\/es\/tienda\/tombola-de-navidad-2025\/","og_site_name":"Entraide Fran\u00e7aise","article_publisher":"https:\/\/www.facebook.com\/entraide.francaisemadrid","article_modified_time":"2025-12-11T21:43:50+00:00","og_image":[{"width":240,"height":240,"url":"https:\/\/lentraide.es\/wp-content\/uploads\/2024\/06\/VENTE-EN-LIGNE-6.jpg","type":"image\/jpeg"}],"twitter_card":"summary_large_image","schema":{"@context":"https:\/\/schema.org","@graph":[{"@type":"WebPage","@id":"https:\/\/lentraide.es\/es\/tienda\/tombola-de-navidad-2025\/","url":"https:\/\/lentraide.es\/es\/tienda\/tombola-de-navidad-2025\/","name":"Tombola de Navidad 2025 | Entraide Fran\u00e7aise","isPartOf":{"@id":"https:\/\/lentraide.es\/fr\/#website"},"primaryImageOfPage":{"@id":"https:\/\/lentraide.es\/es\/tienda\/tombola-de-navidad-2025\/#primaryimage"},"image":{"@id":"https:\/\/lentraide.es\/es\/tienda\/tombola-de-navidad-2025\/#primaryimage"},"thumbnailUrl":"https:\/\/lentraide.es\/wp-content\/uploads\/2024\/06\/VENTE-EN-LIGNE-6.jpg","datePublished":"2024-10-30T07:27:08+00:00","dateModified":"2025-12-11T21:43:50+00:00","breadcrumb":{"@id":"https:\/\/lentraide.es\/es\/tienda\/tombola-de-navidad-2025\/#breadcrumb"},"inLanguage":"es","potentialAction":[{"@type":"ReadAction","target":["https:\/\/lentraide.es\/es\/tienda\/tombola-de-navidad-2025\/"]}]},{"@type":"ImageObject","inLanguage":"es","@id":"https:\/\/lentraide.es\/es\/tienda\/tombola-de-navidad-2025\/#primaryimage","url":"https:\/\/lentraide.es\/wp-content\/uploads\/2024\/06\/VENTE-EN-LIGNE-6.jpg","contentUrl":"https:\/\/lentraide.es\/wp-content\/uploads\/2024\/06\/VENTE-EN-LIGNE-6.jpg","width":240,"height":240},{"@type":"BreadcrumbList","@id":"https:\/\/lentraide.es\/es\/tienda\/tombola-de-navidad-2025\/#breadcrumb","itemListElement":[{"@type":"ListItem","position":1,"name":"Accueil","item":"https:\/\/lentraide.es\/es\/"},{"@type":"ListItem","position":2,"name":"Tienda","item":"https:\/\/lentraide.es\/es\/tienda\/"},{"@type":"ListItem","position":3,"name":"Tombola de Navidad 2025"}]},{"@type":"WebSite","@id":"https:\/\/lentraide.es\/fr\/#website","url":"https:\/\/lentraide.es\/fr\/","name":"Entraide Fran\u00e7aise","description":"Une main tendue vers la France","publisher":{"@id":"https:\/\/lentraide.es\/fr\/#organization"},"alternateName":"L'entraide","potentialAction":[{"@type":"SearchAction","target":{"@type":"EntryPoint","urlTemplate":"https:\/\/lentraide.es\/fr\/?s={search_term_string}"},"query-input":{"@type":"PropertyValueSpecification","valueRequired":true,"valueName":"search_term_string"}}],"inLanguage":"es"},{"@type":"Organization","@id":"https:\/\/lentraide.es\/fr\/#organization","name":"Entraide Fran\u00e7aise","alternateName":"L'entraide","url":"https:\/\/lentraide.es\/fr\/","logo":{"@type":"ImageObject","inLanguage":"es","@id":"https:\/\/lentraide.es\/fr\/#\/schema\/logo\/image\/","url":"https:\/\/lentraide.es\/wp-content\/uploads\/2015\/07\/LOGO-azul2.png","contentUrl":"https:\/\/lentraide.es\/wp-content\/uploads\/2015\/07\/LOGO-azul2.png","width":232,"height":146,"caption":"Entraide Fran\u00e7aise"},"image":{"@id":"https:\/\/lentraide.es\/fr\/#\/schema\/logo\/image\/"},"sameAs":["https:\/\/www.facebook.com\/entraide.francaisemadrid","https:\/\/www.instagram.com\/entraidefrancaisemadrid\/"]}]}},"_links":{"self":[{"href":"https:\/\/lentraide.es\/es\/wp-json\/wp\/v2\/product\/61920","targetHints":{"allow":["GET"]}}],"collection":[{"href":"https:\/\/lentraide.es\/es\/wp-json\/wp\/v2\/product"}],"about":[{"href":"https:\/\/lentraide.es\/es\/wp-json\/wp\/v2\/types\/product"}],"wp:featuredmedia":[{"embeddable":true,"href":"https:\/\/lentraide.es\/es\/wp-json\/wp\/v2\/media\/58749"}],"wp:attachment":[{"href":"https:\/\/lentraide.es\/es\/wp-json\/wp\/v2\/media?parent=61920"}],"wp:term":[{"taxonomy":"product_brand","embeddable":true,"href":"https:\/\/lentraide.es\/es\/wp-json\/wp\/v2\/product_brand?post=61920"},{"taxonomy":"product_cat","embeddable":true,"href":"https:\/\/lentraide.es\/es\/wp-json\/wp\/v2\/product_cat?post=61920"},{"taxonomy":"product_tag","embeddable":true,"href":"https:\/\/lentraide.es\/es\/wp-json\/wp\/v2\/product_tag?post=61920"}],"curies":[{"name":"wp","href":"https:\/\/api.w.org\/{rel}","templated":true}]}}