{"id":61989,"date":"2025-10-30T12:28:13","date_gmt":"2025-10-30T11:28:13","guid":{"rendered":"https:\/\/lentraide.es\/tienda\/caja-de-azucar\/"},"modified":"2025-10-30T12:41:13","modified_gmt":"2025-10-30T11:41:13","slug":"caja-de-azucar","status":"publish","type":"product","link":"https:\/\/lentraide.es\/es\/tienda\/caja-de-azucar\/","title":{"rendered":"Caja de az\u00facar"},"content":{"rendered":"","protected":false},"excerpt":{"rendered":"<div>\n<p><strong>Una caja con los colores de Alsacia y un toque gourmet firmada por Hansi, llena de deliciosas galletas. \u00a1Perfecta para endulzar los d\u00edas\u2026 bocado a bocado!<\/strong><\/p>\n<p><strong>Caja de az\u00facar decorada con motivos de Hansi, rellena con un surtido de panes de especias y peque\u00f1as lenguas:<\/strong><\/p>\n<p><strong>Mezcla de panes de especias:<\/strong><br \/>\nHarina de trigo (gluten), jarabe de glucosa-fructosa, az\u00facar, cobertura de az\u00facar (az\u00facar, almid\u00f3n de trigo, jarabe de glucosa, colorantes alimentarios: polvo de espinaca, jugo concentrado de remolacha roja, extracto de c\u00e1rtamo), jarabe de az\u00facar caramelizado, especias, almid\u00f3n de patata, gasificantes: carbonatos de potasio, difosfatos dis\u00f3dicos, carbonato \u00e1cido de sodio, carbonato \u00e1cido de amonio; sal, gelatina de cerdo, colorante alimentario: jugo concentrado de remolacha roja.<\/p>\n<p><strong>Peque\u00f1as lenguas \u2013 Panes de especias con almendras, sabor naranja:<\/strong><br \/>\nHarina de trigo, az\u00facar, jarabe de az\u00facar invertido, humectante: sorbitol; almendras 4,8%, clara de huevo, miel, corteza de naranja 2,5%, jarabe de glucosa-fructosa, especias, gasificantes: carbonato \u00e1cido de sodio, carbonato \u00e1cido de amonio; almid\u00f3n de ma\u00edz, aroma natural.<\/p>\n<p><strong>Puede contener trazas de leche, semillas de s\u00e9samo, soja, cacahuetes, altramuces y otros frutos secos.<\/strong><\/p>\n<\/div>\n","protected":false},"featured_media":61928,"template":"","meta":{"_acf_changed":false},"product_brand":[],"product_cat":[256,176],"product_tag":[],"class_list":{"0":"post-61989","1":"product","2":"type-product","3":"status-publish","4":"has-post-thumbnail","6":"product_cat-productos-de-alsacia","7":"product_cat-venta-navidad","9":"first","10":"outofstock","11":"shipping-taxable","12":"purchasable","13":"product-type-simple"},"acf":[],"yoast_head":"<!-- This site is optimized with the Yoast SEO plugin v27.3 - https:\/\/yoast.com\/product\/yoast-seo-wordpress\/ -->\n<title>Caja de az\u00facar | Entraide Fran\u00e7aise<\/title>\n<meta name=\"robots\" content=\"index, follow, max-snippet:-1, max-image-preview:large, max-video-preview:-1\" \/>\n<link rel=\"canonical\" href=\"https:\/\/lentraide.es\/es\/tienda\/caja-de-azucar\/\" \/>\n<meta property=\"og:locale\" content=\"es_ES\" \/>\n<meta property=\"og:type\" content=\"article\" \/>\n<meta property=\"og:title\" content=\"Caja de az\u00facar | Entraide Fran\u00e7aise\" \/>\n<meta property=\"og:description\" content=\"Una caja con los colores de Alsacia y un toque gourmet firmada por Hansi, llena de deliciosas galletas. \u00a1Perfecta para endulzar los d\u00edas\u2026 bocado a bocado!  Caja de az\u00facar decorada con motivos de Hansi, rellena con un surtido de panes de especias y peque\u00f1as lenguas:  Mezcla de panes de especias: Harina de trigo (gluten), jarabe de glucosa-fructosa, az\u00facar, cobertura de az\u00facar (az\u00facar, almid\u00f3n de trigo, jarabe de glucosa, colorantes alimentarios: polvo de espinaca, jugo concentrado de remolacha roja, extracto de c\u00e1rtamo), jarabe de az\u00facar caramelizado, especias, almid\u00f3n de patata, gasificantes: carbonatos de potasio, difosfatos dis\u00f3dicos, carbonato \u00e1cido de sodio, carbonato \u00e1cido de amonio; sal, gelatina de cerdo, colorante alimentario: jugo concentrado de remolacha roja.  Peque\u00f1as lenguas \u2013 Panes de especias con almendras, sabor naranja: Harina de trigo, az\u00facar, jarabe de az\u00facar invertido, humectante: sorbitol; almendras 4,8%, clara de huevo, miel, corteza de naranja 2,5%, jarabe de glucosa-fructosa, especias, gasificantes: carbonato \u00e1cido de sodio, carbonato \u00e1cido de amonio; almid\u00f3n de ma\u00edz, aroma natural.  Puede contener trazas de leche, semillas de s\u00e9samo, soja, cacahuetes, altramuces y otros frutos secos.\" \/>\n<meta property=\"og:url\" content=\"https:\/\/lentraide.es\/es\/tienda\/caja-de-azucar\/\" \/>\n<meta property=\"og:site_name\" content=\"Entraide Fran\u00e7aise\" \/>\n<meta property=\"article:publisher\" content=\"https:\/\/www.facebook.com\/entraide.francaisemadrid\" \/>\n<meta property=\"article:modified_time\" content=\"2025-10-30T11:41:13+00:00\" \/>\n<meta property=\"og:image\" content=\"https:\/\/lentraide.es\/wp-content\/uploads\/2023\/11\/1761232634251blob.png\" \/>\n\t<meta property=\"og:image:width\" content=\"372\" \/>\n\t<meta property=\"og:image:height\" content=\"373\" \/>\n\t<meta property=\"og:image:type\" content=\"image\/png\" \/>\n<meta name=\"twitter:card\" content=\"summary_large_image\" \/>\n<script type=\"application\/ld+json\" class=\"yoast-schema-graph\">{\"@context\":\"https:\\\/\\\/schema.org\",\"@graph\":[{\"@type\":\"WebPage\",\"@id\":\"https:\\\/\\\/lentraide.es\\\/es\\\/tienda\\\/caja-de-azucar\\\/\",\"url\":\"https:\\\/\\\/lentraide.es\\\/es\\\/tienda\\\/caja-de-azucar\\\/\",\"name\":\"Caja de az\u00facar | Entraide Fran\u00e7aise\",\"isPartOf\":{\"@id\":\"https:\\\/\\\/lentraide.es\\\/fr\\\/#website\"},\"primaryImageOfPage\":{\"@id\":\"https:\\\/\\\/lentraide.es\\\/es\\\/tienda\\\/caja-de-azucar\\\/#primaryimage\"},\"image\":{\"@id\":\"https:\\\/\\\/lentraide.es\\\/es\\\/tienda\\\/caja-de-azucar\\\/#primaryimage\"},\"thumbnailUrl\":\"https:\\\/\\\/lentraide.es\\\/wp-content\\\/uploads\\\/2023\\\/11\\\/1761232634251blob.png\",\"datePublished\":\"2025-10-30T11:28:13+00:00\",\"dateModified\":\"2025-10-30T11:41:13+00:00\",\"breadcrumb\":{\"@id\":\"https:\\\/\\\/lentraide.es\\\/es\\\/tienda\\\/caja-de-azucar\\\/#breadcrumb\"},\"inLanguage\":\"es\",\"potentialAction\":[{\"@type\":\"ReadAction\",\"target\":[\"https:\\\/\\\/lentraide.es\\\/es\\\/tienda\\\/caja-de-azucar\\\/\"]}]},{\"@type\":\"ImageObject\",\"inLanguage\":\"es\",\"@id\":\"https:\\\/\\\/lentraide.es\\\/es\\\/tienda\\\/caja-de-azucar\\\/#primaryimage\",\"url\":\"https:\\\/\\\/lentraide.es\\\/wp-content\\\/uploads\\\/2023\\\/11\\\/1761232634251blob.png\",\"contentUrl\":\"https:\\\/\\\/lentraide.es\\\/wp-content\\\/uploads\\\/2023\\\/11\\\/1761232634251blob.png\",\"width\":372,\"height\":373},{\"@type\":\"BreadcrumbList\",\"@id\":\"https:\\\/\\\/lentraide.es\\\/es\\\/tienda\\\/caja-de-azucar\\\/#breadcrumb\",\"itemListElement\":[{\"@type\":\"ListItem\",\"position\":1,\"name\":\"Accueil\",\"item\":\"https:\\\/\\\/lentraide.es\\\/es\\\/\"},{\"@type\":\"ListItem\",\"position\":2,\"name\":\"Tienda\",\"item\":\"https:\\\/\\\/lentraide.es\\\/es\\\/tienda\\\/\"},{\"@type\":\"ListItem\",\"position\":3,\"name\":\"Caja de az\u00facar\"}]},{\"@type\":\"WebSite\",\"@id\":\"https:\\\/\\\/lentraide.es\\\/fr\\\/#website\",\"url\":\"https:\\\/\\\/lentraide.es\\\/fr\\\/\",\"name\":\"Entraide Fran\u00e7aise\",\"description\":\"Une main tendue vers la France\",\"publisher\":{\"@id\":\"https:\\\/\\\/lentraide.es\\\/fr\\\/#organization\"},\"alternateName\":\"L'entraide\",\"potentialAction\":[{\"@type\":\"SearchAction\",\"target\":{\"@type\":\"EntryPoint\",\"urlTemplate\":\"https:\\\/\\\/lentraide.es\\\/fr\\\/?s={search_term_string}\"},\"query-input\":{\"@type\":\"PropertyValueSpecification\",\"valueRequired\":true,\"valueName\":\"search_term_string\"}}],\"inLanguage\":\"es\"},{\"@type\":\"Organization\",\"@id\":\"https:\\\/\\\/lentraide.es\\\/fr\\\/#organization\",\"name\":\"Entraide Fran\u00e7aise\",\"alternateName\":\"L'entraide\",\"url\":\"https:\\\/\\\/lentraide.es\\\/fr\\\/\",\"logo\":{\"@type\":\"ImageObject\",\"inLanguage\":\"es\",\"@id\":\"https:\\\/\\\/lentraide.es\\\/fr\\\/#\\\/schema\\\/logo\\\/image\\\/\",\"url\":\"https:\\\/\\\/lentraide.es\\\/wp-content\\\/uploads\\\/2015\\\/07\\\/LOGO-azul2.png\",\"contentUrl\":\"https:\\\/\\\/lentraide.es\\\/wp-content\\\/uploads\\\/2015\\\/07\\\/LOGO-azul2.png\",\"width\":232,\"height\":146,\"caption\":\"Entraide Fran\u00e7aise\"},\"image\":{\"@id\":\"https:\\\/\\\/lentraide.es\\\/fr\\\/#\\\/schema\\\/logo\\\/image\\\/\"},\"sameAs\":[\"https:\\\/\\\/www.facebook.com\\\/entraide.francaisemadrid\",\"https:\\\/\\\/www.instagram.com\\\/entraidefrancaisemadrid\\\/\"]}]}<\/script>\n<!-- \/ Yoast SEO plugin. -->","yoast_head_json":{"title":"Caja de az\u00facar | Entraide Fran\u00e7aise","robots":{"index":"index","follow":"follow","max-snippet":"max-snippet:-1","max-image-preview":"max-image-preview:large","max-video-preview":"max-video-preview:-1"},"canonical":"https:\/\/lentraide.es\/es\/tienda\/caja-de-azucar\/","og_locale":"es_ES","og_type":"article","og_title":"Caja de az\u00facar | Entraide Fran\u00e7aise","og_description":"Una caja con los colores de Alsacia y un toque gourmet firmada por Hansi, llena de deliciosas galletas. \u00a1Perfecta para endulzar los d\u00edas\u2026 bocado a bocado!  Caja de az\u00facar decorada con motivos de Hansi, rellena con un surtido de panes de especias y peque\u00f1as lenguas:  Mezcla de panes de especias: Harina de trigo (gluten), jarabe de glucosa-fructosa, az\u00facar, cobertura de az\u00facar (az\u00facar, almid\u00f3n de trigo, jarabe de glucosa, colorantes alimentarios: polvo de espinaca, jugo concentrado de remolacha roja, extracto de c\u00e1rtamo), jarabe de az\u00facar caramelizado, especias, almid\u00f3n de patata, gasificantes: carbonatos de potasio, difosfatos dis\u00f3dicos, carbonato \u00e1cido de sodio, carbonato \u00e1cido de amonio; sal, gelatina de cerdo, colorante alimentario: jugo concentrado de remolacha roja.  Peque\u00f1as lenguas \u2013 Panes de especias con almendras, sabor naranja: Harina de trigo, az\u00facar, jarabe de az\u00facar invertido, humectante: sorbitol; almendras 4,8%, clara de huevo, miel, corteza de naranja 2,5%, jarabe de glucosa-fructosa, especias, gasificantes: carbonato \u00e1cido de sodio, carbonato \u00e1cido de amonio; almid\u00f3n de ma\u00edz, aroma natural.  Puede contener trazas de leche, semillas de s\u00e9samo, soja, cacahuetes, altramuces y otros frutos secos.","og_url":"https:\/\/lentraide.es\/es\/tienda\/caja-de-azucar\/","og_site_name":"Entraide Fran\u00e7aise","article_publisher":"https:\/\/www.facebook.com\/entraide.francaisemadrid","article_modified_time":"2025-10-30T11:41:13+00:00","og_image":[{"width":372,"height":373,"url":"https:\/\/lentraide.es\/wp-content\/uploads\/2023\/11\/1761232634251blob.png","type":"image\/png"}],"twitter_card":"summary_large_image","schema":{"@context":"https:\/\/schema.org","@graph":[{"@type":"WebPage","@id":"https:\/\/lentraide.es\/es\/tienda\/caja-de-azucar\/","url":"https:\/\/lentraide.es\/es\/tienda\/caja-de-azucar\/","name":"Caja de az\u00facar | Entraide Fran\u00e7aise","isPartOf":{"@id":"https:\/\/lentraide.es\/fr\/#website"},"primaryImageOfPage":{"@id":"https:\/\/lentraide.es\/es\/tienda\/caja-de-azucar\/#primaryimage"},"image":{"@id":"https:\/\/lentraide.es\/es\/tienda\/caja-de-azucar\/#primaryimage"},"thumbnailUrl":"https:\/\/lentraide.es\/wp-content\/uploads\/2023\/11\/1761232634251blob.png","datePublished":"2025-10-30T11:28:13+00:00","dateModified":"2025-10-30T11:41:13+00:00","breadcrumb":{"@id":"https:\/\/lentraide.es\/es\/tienda\/caja-de-azucar\/#breadcrumb"},"inLanguage":"es","potentialAction":[{"@type":"ReadAction","target":["https:\/\/lentraide.es\/es\/tienda\/caja-de-azucar\/"]}]},{"@type":"ImageObject","inLanguage":"es","@id":"https:\/\/lentraide.es\/es\/tienda\/caja-de-azucar\/#primaryimage","url":"https:\/\/lentraide.es\/wp-content\/uploads\/2023\/11\/1761232634251blob.png","contentUrl":"https:\/\/lentraide.es\/wp-content\/uploads\/2023\/11\/1761232634251blob.png","width":372,"height":373},{"@type":"BreadcrumbList","@id":"https:\/\/lentraide.es\/es\/tienda\/caja-de-azucar\/#breadcrumb","itemListElement":[{"@type":"ListItem","position":1,"name":"Accueil","item":"https:\/\/lentraide.es\/es\/"},{"@type":"ListItem","position":2,"name":"Tienda","item":"https:\/\/lentraide.es\/es\/tienda\/"},{"@type":"ListItem","position":3,"name":"Caja de az\u00facar"}]},{"@type":"WebSite","@id":"https:\/\/lentraide.es\/fr\/#website","url":"https:\/\/lentraide.es\/fr\/","name":"Entraide Fran\u00e7aise","description":"Une main tendue vers la France","publisher":{"@id":"https:\/\/lentraide.es\/fr\/#organization"},"alternateName":"L'entraide","potentialAction":[{"@type":"SearchAction","target":{"@type":"EntryPoint","urlTemplate":"https:\/\/lentraide.es\/fr\/?s={search_term_string}"},"query-input":{"@type":"PropertyValueSpecification","valueRequired":true,"valueName":"search_term_string"}}],"inLanguage":"es"},{"@type":"Organization","@id":"https:\/\/lentraide.es\/fr\/#organization","name":"Entraide Fran\u00e7aise","alternateName":"L'entraide","url":"https:\/\/lentraide.es\/fr\/","logo":{"@type":"ImageObject","inLanguage":"es","@id":"https:\/\/lentraide.es\/fr\/#\/schema\/logo\/image\/","url":"https:\/\/lentraide.es\/wp-content\/uploads\/2015\/07\/LOGO-azul2.png","contentUrl":"https:\/\/lentraide.es\/wp-content\/uploads\/2015\/07\/LOGO-azul2.png","width":232,"height":146,"caption":"Entraide Fran\u00e7aise"},"image":{"@id":"https:\/\/lentraide.es\/fr\/#\/schema\/logo\/image\/"},"sameAs":["https:\/\/www.facebook.com\/entraide.francaisemadrid","https:\/\/www.instagram.com\/entraidefrancaisemadrid\/"]}]}},"_links":{"self":[{"href":"https:\/\/lentraide.es\/es\/wp-json\/wp\/v2\/product\/61989","targetHints":{"allow":["GET"]}}],"collection":[{"href":"https:\/\/lentraide.es\/es\/wp-json\/wp\/v2\/product"}],"about":[{"href":"https:\/\/lentraide.es\/es\/wp-json\/wp\/v2\/types\/product"}],"wp:featuredmedia":[{"embeddable":true,"href":"https:\/\/lentraide.es\/es\/wp-json\/wp\/v2\/media\/61928"}],"wp:attachment":[{"href":"https:\/\/lentraide.es\/es\/wp-json\/wp\/v2\/media?parent=61989"}],"wp:term":[{"taxonomy":"product_brand","embeddable":true,"href":"https:\/\/lentraide.es\/es\/wp-json\/wp\/v2\/product_brand?post=61989"},{"taxonomy":"product_cat","embeddable":true,"href":"https:\/\/lentraide.es\/es\/wp-json\/wp\/v2\/product_cat?post=61989"},{"taxonomy":"product_tag","embeddable":true,"href":"https:\/\/lentraide.es\/es\/wp-json\/wp\/v2\/product_tag?post=61989"}],"curies":[{"name":"wp","href":"https:\/\/api.w.org\/{rel}","templated":true}]}}