{"id":61994,"date":"2025-10-30T12:06:47","date_gmt":"2025-10-30T11:06:47","guid":{"rendered":"https:\/\/lentraide.es\/tienda\/dominio-del-soto-blanco-ribera-del-duero\/"},"modified":"2025-10-30T15:51:21","modified_gmt":"2025-10-30T14:51:21","slug":"dominio-del-soto-blanco-ribera-del-duero","status":"publish","type":"product","link":"https:\/\/lentraide.es\/es\/tienda\/dominio-del-soto-blanco-ribera-del-duero\/","title":{"rendered":"Dominio del Soto Blanco &#8211; Ribera del Duero"},"content":{"rendered":"","protected":false},"excerpt":{"rendered":"<p>Cepa: 100% Albillo mayor.<\/p>\n<p>Suelo arcilloso-calc\u00e1reo.<\/p>\n<p>Clima mediterr\u00e1neo de tendencia continental que se caracteriza por inviernos crudos<\/p>\n<p>con veranos c\u00e1lidos y secos con una importante amplitud t\u00e9rmica entre el dia y la noche.<\/p>\n<p>La vendimia se realiza manualmente en cajas.<\/p>\n<p>Vinificaci\u00f3n: Prensado de racimos enteros, desfangado est\u00e1tico por fr\u00edo, fermentaci\u00f3n con levaduras<\/p>\n<p>aut\u00f3ctonas en dep\u00f3sitos de acero inoxidable (70%) y demi-muids (30%). Sin fermentaci\u00f3n malol\u00e1ctica.<\/p>\n<p>Crianza: El vino fue criado sobre l\u00edas durante 12 meses.<\/p>\n<p>Color: amarillo dorado.<\/p>\n<p>Nariz: es compleja, con aromas afrutados de pera y flor blanca,\u00a0 pero tambi\u00e9n con toques<\/p>\n<p>ahumados y aromas a mantequilla.<\/p>\n<p>Boca: el vino muestra una magn\u00edfica estructura, mucha redondez y un final ahumado y salino, ofreciendo una gran persistencia.<\/p>\n<p>Maridaje platos &amp; viNs: chipirones salteados con flores de ajo silvestre.<\/p>\n<p>Temperatura de servicio: 10-12\u00ba C.<\/p>\n<p>Conservaci\u00f3n: De 2 a 4 a\u00f1os.<\/p>\n","protected":false},"featured_media":61963,"template":"","meta":{"_acf_changed":false},"product_brand":[],"product_cat":[176,255],"product_tag":[],"class_list":{"0":"post-61994","1":"product","2":"type-product","3":"status-publish","4":"has-post-thumbnail","6":"product_cat-venta-navidad","7":"product_cat-vinos-navidad","9":"first","10":"outofstock","11":"shipping-taxable","12":"purchasable","13":"product-type-simple"},"acf":[],"yoast_head":"<!-- This site is optimized with the Yoast SEO plugin v27.3 - https:\/\/yoast.com\/product\/yoast-seo-wordpress\/ -->\n<title>Dominio del Soto Blanco - Ribera del Duero | Entraide Fran\u00e7aise<\/title>\n<meta name=\"robots\" content=\"index, follow, max-snippet:-1, max-image-preview:large, max-video-preview:-1\" \/>\n<link rel=\"canonical\" href=\"https:\/\/lentraide.es\/es\/tienda\/dominio-del-soto-blanco-ribera-del-duero\/\" \/>\n<meta property=\"og:locale\" content=\"es_ES\" \/>\n<meta property=\"og:type\" content=\"article\" \/>\n<meta property=\"og:title\" content=\"Dominio del Soto Blanco - Ribera del Duero | Entraide Fran\u00e7aise\" \/>\n<meta property=\"og:description\" content=\"Cepa: 100% Albillo mayor.  Suelo arcilloso-calc\u00e1reo.  Clima mediterr\u00e1neo de tendencia continental que se caracteriza por inviernos crudos  con veranos c\u00e1lidos y secos con una importante amplitud t\u00e9rmica entre el dia y la noche.  La vendimia se realiza manualmente en cajas.  Vinificaci\u00f3n: Prensado de racimos enteros, desfangado est\u00e1tico por fr\u00edo, fermentaci\u00f3n con levaduras  aut\u00f3ctonas en dep\u00f3sitos de acero inoxidable (70%) y demi-muids (30%). Sin fermentaci\u00f3n malol\u00e1ctica.  Crianza: El vino fue criado sobre l\u00edas durante 12 meses.  Color: amarillo dorado.  Nariz: es compleja, con aromas afrutados de pera y flor blanca,\u00a0 pero tambi\u00e9n con toques  ahumados y aromas a mantequilla.  Boca: el vino muestra una magn\u00edfica estructura, mucha redondez y un final ahumado y salino, ofreciendo una gran persistencia.  Maridaje platos &amp; viNs: chipirones salteados con flores de ajo silvestre.  Temperatura de servicio: 10-12\u00ba C.  Conservaci\u00f3n: De 2 a 4 a\u00f1os.\" \/>\n<meta property=\"og:url\" content=\"https:\/\/lentraide.es\/es\/tienda\/dominio-del-soto-blanco-ribera-del-duero\/\" \/>\n<meta property=\"og:site_name\" content=\"Entraide Fran\u00e7aise\" \/>\n<meta property=\"article:publisher\" content=\"https:\/\/www.facebook.com\/entraide.francaisemadrid\" \/>\n<meta property=\"article:modified_time\" content=\"2025-10-30T14:51:21+00:00\" \/>\n<meta property=\"og:image\" content=\"https:\/\/lentraide.es\/wp-content\/uploads\/2025\/10\/Dominio-del-soto-blanco.jpg\" \/>\n\t<meta property=\"og:image:width\" content=\"171\" \/>\n\t<meta property=\"og:image:height\" content=\"574\" \/>\n\t<meta property=\"og:image:type\" content=\"image\/jpeg\" \/>\n<meta name=\"twitter:card\" content=\"summary_large_image\" \/>\n<script type=\"application\/ld+json\" class=\"yoast-schema-graph\">{\"@context\":\"https:\\\/\\\/schema.org\",\"@graph\":[{\"@type\":\"WebPage\",\"@id\":\"https:\\\/\\\/lentraide.es\\\/es\\\/tienda\\\/dominio-del-soto-blanco-ribera-del-duero\\\/\",\"url\":\"https:\\\/\\\/lentraide.es\\\/es\\\/tienda\\\/dominio-del-soto-blanco-ribera-del-duero\\\/\",\"name\":\"Dominio del Soto Blanco - Ribera del Duero | Entraide Fran\u00e7aise\",\"isPartOf\":{\"@id\":\"https:\\\/\\\/lentraide.es\\\/fr\\\/#website\"},\"primaryImageOfPage\":{\"@id\":\"https:\\\/\\\/lentraide.es\\\/es\\\/tienda\\\/dominio-del-soto-blanco-ribera-del-duero\\\/#primaryimage\"},\"image\":{\"@id\":\"https:\\\/\\\/lentraide.es\\\/es\\\/tienda\\\/dominio-del-soto-blanco-ribera-del-duero\\\/#primaryimage\"},\"thumbnailUrl\":\"https:\\\/\\\/lentraide.es\\\/wp-content\\\/uploads\\\/2025\\\/10\\\/Dominio-del-soto-blanco.jpg\",\"datePublished\":\"2025-10-30T11:06:47+00:00\",\"dateModified\":\"2025-10-30T14:51:21+00:00\",\"breadcrumb\":{\"@id\":\"https:\\\/\\\/lentraide.es\\\/es\\\/tienda\\\/dominio-del-soto-blanco-ribera-del-duero\\\/#breadcrumb\"},\"inLanguage\":\"es\",\"potentialAction\":[{\"@type\":\"ReadAction\",\"target\":[\"https:\\\/\\\/lentraide.es\\\/es\\\/tienda\\\/dominio-del-soto-blanco-ribera-del-duero\\\/\"]}]},{\"@type\":\"ImageObject\",\"inLanguage\":\"es\",\"@id\":\"https:\\\/\\\/lentraide.es\\\/es\\\/tienda\\\/dominio-del-soto-blanco-ribera-del-duero\\\/#primaryimage\",\"url\":\"https:\\\/\\\/lentraide.es\\\/wp-content\\\/uploads\\\/2025\\\/10\\\/Dominio-del-soto-blanco.jpg\",\"contentUrl\":\"https:\\\/\\\/lentraide.es\\\/wp-content\\\/uploads\\\/2025\\\/10\\\/Dominio-del-soto-blanco.jpg\",\"width\":171,\"height\":574},{\"@type\":\"BreadcrumbList\",\"@id\":\"https:\\\/\\\/lentraide.es\\\/es\\\/tienda\\\/dominio-del-soto-blanco-ribera-del-duero\\\/#breadcrumb\",\"itemListElement\":[{\"@type\":\"ListItem\",\"position\":1,\"name\":\"Accueil\",\"item\":\"https:\\\/\\\/lentraide.es\\\/es\\\/\"},{\"@type\":\"ListItem\",\"position\":2,\"name\":\"Tienda\",\"item\":\"https:\\\/\\\/lentraide.es\\\/es\\\/tienda\\\/\"},{\"@type\":\"ListItem\",\"position\":3,\"name\":\"Dominio del Soto Blanco &#8211; Ribera del Duero\"}]},{\"@type\":\"WebSite\",\"@id\":\"https:\\\/\\\/lentraide.es\\\/fr\\\/#website\",\"url\":\"https:\\\/\\\/lentraide.es\\\/fr\\\/\",\"name\":\"Entraide Fran\u00e7aise\",\"description\":\"Une main tendue vers la France\",\"publisher\":{\"@id\":\"https:\\\/\\\/lentraide.es\\\/fr\\\/#organization\"},\"alternateName\":\"L'entraide\",\"potentialAction\":[{\"@type\":\"SearchAction\",\"target\":{\"@type\":\"EntryPoint\",\"urlTemplate\":\"https:\\\/\\\/lentraide.es\\\/fr\\\/?s={search_term_string}\"},\"query-input\":{\"@type\":\"PropertyValueSpecification\",\"valueRequired\":true,\"valueName\":\"search_term_string\"}}],\"inLanguage\":\"es\"},{\"@type\":\"Organization\",\"@id\":\"https:\\\/\\\/lentraide.es\\\/fr\\\/#organization\",\"name\":\"Entraide Fran\u00e7aise\",\"alternateName\":\"L'entraide\",\"url\":\"https:\\\/\\\/lentraide.es\\\/fr\\\/\",\"logo\":{\"@type\":\"ImageObject\",\"inLanguage\":\"es\",\"@id\":\"https:\\\/\\\/lentraide.es\\\/fr\\\/#\\\/schema\\\/logo\\\/image\\\/\",\"url\":\"https:\\\/\\\/lentraide.es\\\/wp-content\\\/uploads\\\/2015\\\/07\\\/LOGO-azul2.png\",\"contentUrl\":\"https:\\\/\\\/lentraide.es\\\/wp-content\\\/uploads\\\/2015\\\/07\\\/LOGO-azul2.png\",\"width\":232,\"height\":146,\"caption\":\"Entraide Fran\u00e7aise\"},\"image\":{\"@id\":\"https:\\\/\\\/lentraide.es\\\/fr\\\/#\\\/schema\\\/logo\\\/image\\\/\"},\"sameAs\":[\"https:\\\/\\\/www.facebook.com\\\/entraide.francaisemadrid\",\"https:\\\/\\\/www.instagram.com\\\/entraidefrancaisemadrid\\\/\"]}]}<\/script>\n<!-- \/ Yoast SEO plugin. -->","yoast_head_json":{"title":"Dominio del Soto Blanco - Ribera del Duero | Entraide Fran\u00e7aise","robots":{"index":"index","follow":"follow","max-snippet":"max-snippet:-1","max-image-preview":"max-image-preview:large","max-video-preview":"max-video-preview:-1"},"canonical":"https:\/\/lentraide.es\/es\/tienda\/dominio-del-soto-blanco-ribera-del-duero\/","og_locale":"es_ES","og_type":"article","og_title":"Dominio del Soto Blanco - Ribera del Duero | Entraide Fran\u00e7aise","og_description":"Cepa: 100% Albillo mayor.  Suelo arcilloso-calc\u00e1reo.  Clima mediterr\u00e1neo de tendencia continental que se caracteriza por inviernos crudos  con veranos c\u00e1lidos y secos con una importante amplitud t\u00e9rmica entre el dia y la noche.  La vendimia se realiza manualmente en cajas.  Vinificaci\u00f3n: Prensado de racimos enteros, desfangado est\u00e1tico por fr\u00edo, fermentaci\u00f3n con levaduras  aut\u00f3ctonas en dep\u00f3sitos de acero inoxidable (70%) y demi-muids (30%). Sin fermentaci\u00f3n malol\u00e1ctica.  Crianza: El vino fue criado sobre l\u00edas durante 12 meses.  Color: amarillo dorado.  Nariz: es compleja, con aromas afrutados de pera y flor blanca,\u00a0 pero tambi\u00e9n con toques  ahumados y aromas a mantequilla.  Boca: el vino muestra una magn\u00edfica estructura, mucha redondez y un final ahumado y salino, ofreciendo una gran persistencia.  Maridaje platos &amp; viNs: chipirones salteados con flores de ajo silvestre.  Temperatura de servicio: 10-12\u00ba C.  Conservaci\u00f3n: De 2 a 4 a\u00f1os.","og_url":"https:\/\/lentraide.es\/es\/tienda\/dominio-del-soto-blanco-ribera-del-duero\/","og_site_name":"Entraide Fran\u00e7aise","article_publisher":"https:\/\/www.facebook.com\/entraide.francaisemadrid","article_modified_time":"2025-10-30T14:51:21+00:00","og_image":[{"width":171,"height":574,"url":"https:\/\/lentraide.es\/wp-content\/uploads\/2025\/10\/Dominio-del-soto-blanco.jpg","type":"image\/jpeg"}],"twitter_card":"summary_large_image","schema":{"@context":"https:\/\/schema.org","@graph":[{"@type":"WebPage","@id":"https:\/\/lentraide.es\/es\/tienda\/dominio-del-soto-blanco-ribera-del-duero\/","url":"https:\/\/lentraide.es\/es\/tienda\/dominio-del-soto-blanco-ribera-del-duero\/","name":"Dominio del Soto Blanco - Ribera del Duero | Entraide Fran\u00e7aise","isPartOf":{"@id":"https:\/\/lentraide.es\/fr\/#website"},"primaryImageOfPage":{"@id":"https:\/\/lentraide.es\/es\/tienda\/dominio-del-soto-blanco-ribera-del-duero\/#primaryimage"},"image":{"@id":"https:\/\/lentraide.es\/es\/tienda\/dominio-del-soto-blanco-ribera-del-duero\/#primaryimage"},"thumbnailUrl":"https:\/\/lentraide.es\/wp-content\/uploads\/2025\/10\/Dominio-del-soto-blanco.jpg","datePublished":"2025-10-30T11:06:47+00:00","dateModified":"2025-10-30T14:51:21+00:00","breadcrumb":{"@id":"https:\/\/lentraide.es\/es\/tienda\/dominio-del-soto-blanco-ribera-del-duero\/#breadcrumb"},"inLanguage":"es","potentialAction":[{"@type":"ReadAction","target":["https:\/\/lentraide.es\/es\/tienda\/dominio-del-soto-blanco-ribera-del-duero\/"]}]},{"@type":"ImageObject","inLanguage":"es","@id":"https:\/\/lentraide.es\/es\/tienda\/dominio-del-soto-blanco-ribera-del-duero\/#primaryimage","url":"https:\/\/lentraide.es\/wp-content\/uploads\/2025\/10\/Dominio-del-soto-blanco.jpg","contentUrl":"https:\/\/lentraide.es\/wp-content\/uploads\/2025\/10\/Dominio-del-soto-blanco.jpg","width":171,"height":574},{"@type":"BreadcrumbList","@id":"https:\/\/lentraide.es\/es\/tienda\/dominio-del-soto-blanco-ribera-del-duero\/#breadcrumb","itemListElement":[{"@type":"ListItem","position":1,"name":"Accueil","item":"https:\/\/lentraide.es\/es\/"},{"@type":"ListItem","position":2,"name":"Tienda","item":"https:\/\/lentraide.es\/es\/tienda\/"},{"@type":"ListItem","position":3,"name":"Dominio del Soto Blanco &#8211; Ribera del Duero"}]},{"@type":"WebSite","@id":"https:\/\/lentraide.es\/fr\/#website","url":"https:\/\/lentraide.es\/fr\/","name":"Entraide Fran\u00e7aise","description":"Une main tendue vers la France","publisher":{"@id":"https:\/\/lentraide.es\/fr\/#organization"},"alternateName":"L'entraide","potentialAction":[{"@type":"SearchAction","target":{"@type":"EntryPoint","urlTemplate":"https:\/\/lentraide.es\/fr\/?s={search_term_string}"},"query-input":{"@type":"PropertyValueSpecification","valueRequired":true,"valueName":"search_term_string"}}],"inLanguage":"es"},{"@type":"Organization","@id":"https:\/\/lentraide.es\/fr\/#organization","name":"Entraide Fran\u00e7aise","alternateName":"L'entraide","url":"https:\/\/lentraide.es\/fr\/","logo":{"@type":"ImageObject","inLanguage":"es","@id":"https:\/\/lentraide.es\/fr\/#\/schema\/logo\/image\/","url":"https:\/\/lentraide.es\/wp-content\/uploads\/2015\/07\/LOGO-azul2.png","contentUrl":"https:\/\/lentraide.es\/wp-content\/uploads\/2015\/07\/LOGO-azul2.png","width":232,"height":146,"caption":"Entraide Fran\u00e7aise"},"image":{"@id":"https:\/\/lentraide.es\/fr\/#\/schema\/logo\/image\/"},"sameAs":["https:\/\/www.facebook.com\/entraide.francaisemadrid","https:\/\/www.instagram.com\/entraidefrancaisemadrid\/"]}]}},"_links":{"self":[{"href":"https:\/\/lentraide.es\/es\/wp-json\/wp\/v2\/product\/61994","targetHints":{"allow":["GET"]}}],"collection":[{"href":"https:\/\/lentraide.es\/es\/wp-json\/wp\/v2\/product"}],"about":[{"href":"https:\/\/lentraide.es\/es\/wp-json\/wp\/v2\/types\/product"}],"wp:featuredmedia":[{"embeddable":true,"href":"https:\/\/lentraide.es\/es\/wp-json\/wp\/v2\/media\/61963"}],"wp:attachment":[{"href":"https:\/\/lentraide.es\/es\/wp-json\/wp\/v2\/media?parent=61994"}],"wp:term":[{"taxonomy":"product_brand","embeddable":true,"href":"https:\/\/lentraide.es\/es\/wp-json\/wp\/v2\/product_brand?post=61994"},{"taxonomy":"product_cat","embeddable":true,"href":"https:\/\/lentraide.es\/es\/wp-json\/wp\/v2\/product_cat?post=61994"},{"taxonomy":"product_tag","embeddable":true,"href":"https:\/\/lentraide.es\/es\/wp-json\/wp\/v2\/product_tag?post=61994"}],"curies":[{"name":"wp","href":"https:\/\/api.w.org\/{rel}","templated":true}]}}