{"id":62245,"date":"2025-11-15T11:02:22","date_gmt":"2025-11-15T10:02:22","guid":{"rendered":"https:\/\/lentraide.es\/tienda\/jamon-de-bellota-el-elegido\/"},"modified":"2025-11-15T11:05:28","modified_gmt":"2025-11-15T10:05:28","slug":"jamon-de-bellota-el-elegido","status":"publish","type":"product","link":"https:\/\/lentraide.es\/es\/tienda\/jamon-de-bellota-el-elegido\/","title":{"rendered":"Jam\u00f3n de Bellota \u00abEl Elegido\u00bb"},"content":{"rendered":"","protected":false},"excerpt":{"rendered":"<p><b>Jam\u00f3n de Bellota 100% Ib\u00e9rico \u00abEl Elegido\u00bb (Cortado a Cuchillo)<\/b><\/p>\n<p><b>Estuche de 80g<\/b><\/p>\n<p>M\u00e1xima calificaci\u00f3n (3 estrellas, Sabor Excepcional) del Premio Sabor Superior del Instituto Internacional del Sabor y Calidad de Bruselas 2017.<\/p>\n<p>CADUCIDAD: 1 a\u00f1o desde la fecha de expedici\u00f3n.<\/p>\n<p>CONSERVACI\u00d3N: En un lugar fresco y seco.<\/p>\n<p>INGREDIENTES: Jam\u00f3n de cerdo de bellota ib\u00e9rico, sal marina, conservador E-252, az\u00facar, dextrosa, antioxidante E-316..<\/p>\n<p>INFORMACI\u00d3N NUTRICIONAL: (Valores por 100g de producto):<\/p>\n<p>Energ\u00eda: 1472 kJ\/354 kcal\/ Grasas: (de las cuales): 24,4 g\/ Saturadas 7,6 g\/Monoinsaturadas 15 g\/Poliinsaturadas 1,8 g\/ Hidratos de Carbono: (de los cuales):&lt;0,5 g\/ Az\u00facares: &lt;0,5 g\/ Fibra: 0 g\/ Prote\u00ednas: 33,1 g\/ Sal: 4 g.<\/p>\n","protected":false},"featured_media":62242,"template":"","meta":{"_acf_changed":false},"product_brand":[],"product_cat":[265,176],"product_tag":[],"class_list":{"0":"post-62245","1":"product","2":"type-product","3":"status-publish","4":"has-post-thumbnail","6":"product_cat-fiambres-navidad","7":"product_cat-venta-navidad","9":"first","10":"outofstock","11":"shipping-taxable","12":"purchasable","13":"product-type-simple"},"acf":[],"yoast_head":"<!-- This site is optimized with the Yoast SEO plugin v27.3 - https:\/\/yoast.com\/product\/yoast-seo-wordpress\/ -->\n<title>Jam\u00f3n de Bellota &quot;El Elegido&quot; | Entraide Fran\u00e7aise<\/title>\n<meta name=\"robots\" content=\"index, follow, max-snippet:-1, max-image-preview:large, max-video-preview:-1\" \/>\n<link rel=\"canonical\" href=\"https:\/\/lentraide.es\/es\/tienda\/jamon-de-bellota-el-elegido\/\" \/>\n<meta property=\"og:locale\" content=\"es_ES\" \/>\n<meta property=\"og:type\" content=\"article\" \/>\n<meta property=\"og:title\" content=\"Jam\u00f3n de Bellota &quot;El Elegido&quot; | Entraide Fran\u00e7aise\" \/>\n<meta property=\"og:description\" content=\"Jam\u00f3n de Bellota 100% Ib\u00e9rico \u00abEl Elegido\u00bb (Cortado a Cuchillo) Estuche de 80g M\u00e1xima calificaci\u00f3n (3 estrellas, Sabor Excepcional) del Premio Sabor Superior del Instituto Internacional del Sabor y Calidad de Bruselas 2017. CADUCIDAD: 1 a\u00f1o desde la fecha de expedici\u00f3n. CONSERVACI\u00d3N: En un lugar fresco y seco. INGREDIENTES: Jam\u00f3n de cerdo de bellota ib\u00e9rico, sal marina, conservador E-252, az\u00facar, dextrosa, antioxidante E-316.. INFORMACI\u00d3N NUTRICIONAL: (Valores por 100g de producto): Energ\u00eda: 1472 kJ\/354 kcal\/ Grasas: (de las cuales): 24,4 g\/ Saturadas 7,6 g\/Monoinsaturadas 15 g\/Poliinsaturadas 1,8 g\/ Hidratos de Carbono: (de los cuales):&lt;0,5 g\/ Az\u00facares: &lt;0,5 g\/ Fibra: 0 g\/ Prote\u00ednas: 33,1 g\/ Sal: 4 g.\" \/>\n<meta property=\"og:url\" content=\"https:\/\/lentraide.es\/es\/tienda\/jamon-de-bellota-el-elegido\/\" \/>\n<meta property=\"og:site_name\" content=\"Entraide Fran\u00e7aise\" \/>\n<meta property=\"article:publisher\" content=\"https:\/\/www.facebook.com\/entraide.francaisemadrid\" \/>\n<meta property=\"article:modified_time\" content=\"2025-11-15T10:05:28+00:00\" \/>\n<meta property=\"og:image\" content=\"https:\/\/lentraide.es\/wp-content\/uploads\/2025\/11\/Jamon-de-Bellota-100-Iberico-El-Elegido-Cortado-a-Cuchillo.jpg\" \/>\n\t<meta property=\"og:image:width\" content=\"565\" \/>\n\t<meta property=\"og:image:height\" content=\"720\" \/>\n\t<meta property=\"og:image:type\" content=\"image\/jpeg\" \/>\n<meta name=\"twitter:card\" content=\"summary_large_image\" \/>\n<script type=\"application\/ld+json\" class=\"yoast-schema-graph\">{\"@context\":\"https:\\\/\\\/schema.org\",\"@graph\":[{\"@type\":\"WebPage\",\"@id\":\"https:\\\/\\\/lentraide.es\\\/es\\\/tienda\\\/jamon-de-bellota-el-elegido\\\/\",\"url\":\"https:\\\/\\\/lentraide.es\\\/es\\\/tienda\\\/jamon-de-bellota-el-elegido\\\/\",\"name\":\"Jam\u00f3n de Bellota \\\"El Elegido\\\" | Entraide Fran\u00e7aise\",\"isPartOf\":{\"@id\":\"https:\\\/\\\/lentraide.es\\\/fr\\\/#website\"},\"primaryImageOfPage\":{\"@id\":\"https:\\\/\\\/lentraide.es\\\/es\\\/tienda\\\/jamon-de-bellota-el-elegido\\\/#primaryimage\"},\"image\":{\"@id\":\"https:\\\/\\\/lentraide.es\\\/es\\\/tienda\\\/jamon-de-bellota-el-elegido\\\/#primaryimage\"},\"thumbnailUrl\":\"https:\\\/\\\/lentraide.es\\\/wp-content\\\/uploads\\\/2025\\\/11\\\/Jamon-de-Bellota-100-Iberico-El-Elegido-Cortado-a-Cuchillo.jpg\",\"datePublished\":\"2025-11-15T10:02:22+00:00\",\"dateModified\":\"2025-11-15T10:05:28+00:00\",\"breadcrumb\":{\"@id\":\"https:\\\/\\\/lentraide.es\\\/es\\\/tienda\\\/jamon-de-bellota-el-elegido\\\/#breadcrumb\"},\"inLanguage\":\"es\",\"potentialAction\":[{\"@type\":\"ReadAction\",\"target\":[\"https:\\\/\\\/lentraide.es\\\/es\\\/tienda\\\/jamon-de-bellota-el-elegido\\\/\"]}]},{\"@type\":\"ImageObject\",\"inLanguage\":\"es\",\"@id\":\"https:\\\/\\\/lentraide.es\\\/es\\\/tienda\\\/jamon-de-bellota-el-elegido\\\/#primaryimage\",\"url\":\"https:\\\/\\\/lentraide.es\\\/wp-content\\\/uploads\\\/2025\\\/11\\\/Jamon-de-Bellota-100-Iberico-El-Elegido-Cortado-a-Cuchillo.jpg\",\"contentUrl\":\"https:\\\/\\\/lentraide.es\\\/wp-content\\\/uploads\\\/2025\\\/11\\\/Jamon-de-Bellota-100-Iberico-El-Elegido-Cortado-a-Cuchillo.jpg\",\"width\":565,\"height\":720},{\"@type\":\"BreadcrumbList\",\"@id\":\"https:\\\/\\\/lentraide.es\\\/es\\\/tienda\\\/jamon-de-bellota-el-elegido\\\/#breadcrumb\",\"itemListElement\":[{\"@type\":\"ListItem\",\"position\":1,\"name\":\"Accueil\",\"item\":\"https:\\\/\\\/lentraide.es\\\/es\\\/\"},{\"@type\":\"ListItem\",\"position\":2,\"name\":\"Tienda\",\"item\":\"https:\\\/\\\/lentraide.es\\\/es\\\/tienda\\\/\"},{\"@type\":\"ListItem\",\"position\":3,\"name\":\"Jam\u00f3n de Bellota \u00abEl Elegido\u00a0\u00bb\"}]},{\"@type\":\"WebSite\",\"@id\":\"https:\\\/\\\/lentraide.es\\\/fr\\\/#website\",\"url\":\"https:\\\/\\\/lentraide.es\\\/fr\\\/\",\"name\":\"Entraide Fran\u00e7aise\",\"description\":\"Une main tendue vers la France\",\"publisher\":{\"@id\":\"https:\\\/\\\/lentraide.es\\\/fr\\\/#organization\"},\"alternateName\":\"L'entraide\",\"potentialAction\":[{\"@type\":\"SearchAction\",\"target\":{\"@type\":\"EntryPoint\",\"urlTemplate\":\"https:\\\/\\\/lentraide.es\\\/fr\\\/?s={search_term_string}\"},\"query-input\":{\"@type\":\"PropertyValueSpecification\",\"valueRequired\":true,\"valueName\":\"search_term_string\"}}],\"inLanguage\":\"es\"},{\"@type\":\"Organization\",\"@id\":\"https:\\\/\\\/lentraide.es\\\/fr\\\/#organization\",\"name\":\"Entraide Fran\u00e7aise\",\"alternateName\":\"L'entraide\",\"url\":\"https:\\\/\\\/lentraide.es\\\/fr\\\/\",\"logo\":{\"@type\":\"ImageObject\",\"inLanguage\":\"es\",\"@id\":\"https:\\\/\\\/lentraide.es\\\/fr\\\/#\\\/schema\\\/logo\\\/image\\\/\",\"url\":\"https:\\\/\\\/lentraide.es\\\/wp-content\\\/uploads\\\/2015\\\/07\\\/LOGO-azul2.png\",\"contentUrl\":\"https:\\\/\\\/lentraide.es\\\/wp-content\\\/uploads\\\/2015\\\/07\\\/LOGO-azul2.png\",\"width\":232,\"height\":146,\"caption\":\"Entraide Fran\u00e7aise\"},\"image\":{\"@id\":\"https:\\\/\\\/lentraide.es\\\/fr\\\/#\\\/schema\\\/logo\\\/image\\\/\"},\"sameAs\":[\"https:\\\/\\\/www.facebook.com\\\/entraide.francaisemadrid\",\"https:\\\/\\\/www.instagram.com\\\/entraidefrancaisemadrid\\\/\"]}]}<\/script>\n<!-- \/ Yoast SEO plugin. -->","yoast_head_json":{"title":"Jam\u00f3n de Bellota \"El Elegido\" | Entraide Fran\u00e7aise","robots":{"index":"index","follow":"follow","max-snippet":"max-snippet:-1","max-image-preview":"max-image-preview:large","max-video-preview":"max-video-preview:-1"},"canonical":"https:\/\/lentraide.es\/es\/tienda\/jamon-de-bellota-el-elegido\/","og_locale":"es_ES","og_type":"article","og_title":"Jam\u00f3n de Bellota \"El Elegido\" | Entraide Fran\u00e7aise","og_description":"Jam\u00f3n de Bellota 100% Ib\u00e9rico \u00abEl Elegido\u00bb (Cortado a Cuchillo) Estuche de 80g M\u00e1xima calificaci\u00f3n (3 estrellas, Sabor Excepcional) del Premio Sabor Superior del Instituto Internacional del Sabor y Calidad de Bruselas 2017. CADUCIDAD: 1 a\u00f1o desde la fecha de expedici\u00f3n. CONSERVACI\u00d3N: En un lugar fresco y seco. INGREDIENTES: Jam\u00f3n de cerdo de bellota ib\u00e9rico, sal marina, conservador E-252, az\u00facar, dextrosa, antioxidante E-316.. INFORMACI\u00d3N NUTRICIONAL: (Valores por 100g de producto): Energ\u00eda: 1472 kJ\/354 kcal\/ Grasas: (de las cuales): 24,4 g\/ Saturadas 7,6 g\/Monoinsaturadas 15 g\/Poliinsaturadas 1,8 g\/ Hidratos de Carbono: (de los cuales):&lt;0,5 g\/ Az\u00facares: &lt;0,5 g\/ Fibra: 0 g\/ Prote\u00ednas: 33,1 g\/ Sal: 4 g.","og_url":"https:\/\/lentraide.es\/es\/tienda\/jamon-de-bellota-el-elegido\/","og_site_name":"Entraide Fran\u00e7aise","article_publisher":"https:\/\/www.facebook.com\/entraide.francaisemadrid","article_modified_time":"2025-11-15T10:05:28+00:00","og_image":[{"width":565,"height":720,"url":"https:\/\/lentraide.es\/wp-content\/uploads\/2025\/11\/Jamon-de-Bellota-100-Iberico-El-Elegido-Cortado-a-Cuchillo.jpg","type":"image\/jpeg"}],"twitter_card":"summary_large_image","schema":{"@context":"https:\/\/schema.org","@graph":[{"@type":"WebPage","@id":"https:\/\/lentraide.es\/es\/tienda\/jamon-de-bellota-el-elegido\/","url":"https:\/\/lentraide.es\/es\/tienda\/jamon-de-bellota-el-elegido\/","name":"Jam\u00f3n de Bellota \"El Elegido\" | Entraide Fran\u00e7aise","isPartOf":{"@id":"https:\/\/lentraide.es\/fr\/#website"},"primaryImageOfPage":{"@id":"https:\/\/lentraide.es\/es\/tienda\/jamon-de-bellota-el-elegido\/#primaryimage"},"image":{"@id":"https:\/\/lentraide.es\/es\/tienda\/jamon-de-bellota-el-elegido\/#primaryimage"},"thumbnailUrl":"https:\/\/lentraide.es\/wp-content\/uploads\/2025\/11\/Jamon-de-Bellota-100-Iberico-El-Elegido-Cortado-a-Cuchillo.jpg","datePublished":"2025-11-15T10:02:22+00:00","dateModified":"2025-11-15T10:05:28+00:00","breadcrumb":{"@id":"https:\/\/lentraide.es\/es\/tienda\/jamon-de-bellota-el-elegido\/#breadcrumb"},"inLanguage":"es","potentialAction":[{"@type":"ReadAction","target":["https:\/\/lentraide.es\/es\/tienda\/jamon-de-bellota-el-elegido\/"]}]},{"@type":"ImageObject","inLanguage":"es","@id":"https:\/\/lentraide.es\/es\/tienda\/jamon-de-bellota-el-elegido\/#primaryimage","url":"https:\/\/lentraide.es\/wp-content\/uploads\/2025\/11\/Jamon-de-Bellota-100-Iberico-El-Elegido-Cortado-a-Cuchillo.jpg","contentUrl":"https:\/\/lentraide.es\/wp-content\/uploads\/2025\/11\/Jamon-de-Bellota-100-Iberico-El-Elegido-Cortado-a-Cuchillo.jpg","width":565,"height":720},{"@type":"BreadcrumbList","@id":"https:\/\/lentraide.es\/es\/tienda\/jamon-de-bellota-el-elegido\/#breadcrumb","itemListElement":[{"@type":"ListItem","position":1,"name":"Accueil","item":"https:\/\/lentraide.es\/es\/"},{"@type":"ListItem","position":2,"name":"Tienda","item":"https:\/\/lentraide.es\/es\/tienda\/"},{"@type":"ListItem","position":3,"name":"Jam\u00f3n de Bellota \u00abEl Elegido\u00a0\u00bb"}]},{"@type":"WebSite","@id":"https:\/\/lentraide.es\/fr\/#website","url":"https:\/\/lentraide.es\/fr\/","name":"Entraide Fran\u00e7aise","description":"Une main tendue vers la France","publisher":{"@id":"https:\/\/lentraide.es\/fr\/#organization"},"alternateName":"L'entraide","potentialAction":[{"@type":"SearchAction","target":{"@type":"EntryPoint","urlTemplate":"https:\/\/lentraide.es\/fr\/?s={search_term_string}"},"query-input":{"@type":"PropertyValueSpecification","valueRequired":true,"valueName":"search_term_string"}}],"inLanguage":"es"},{"@type":"Organization","@id":"https:\/\/lentraide.es\/fr\/#organization","name":"Entraide Fran\u00e7aise","alternateName":"L'entraide","url":"https:\/\/lentraide.es\/fr\/","logo":{"@type":"ImageObject","inLanguage":"es","@id":"https:\/\/lentraide.es\/fr\/#\/schema\/logo\/image\/","url":"https:\/\/lentraide.es\/wp-content\/uploads\/2015\/07\/LOGO-azul2.png","contentUrl":"https:\/\/lentraide.es\/wp-content\/uploads\/2015\/07\/LOGO-azul2.png","width":232,"height":146,"caption":"Entraide Fran\u00e7aise"},"image":{"@id":"https:\/\/lentraide.es\/fr\/#\/schema\/logo\/image\/"},"sameAs":["https:\/\/www.facebook.com\/entraide.francaisemadrid","https:\/\/www.instagram.com\/entraidefrancaisemadrid\/"]}]}},"_links":{"self":[{"href":"https:\/\/lentraide.es\/es\/wp-json\/wp\/v2\/product\/62245","targetHints":{"allow":["GET"]}}],"collection":[{"href":"https:\/\/lentraide.es\/es\/wp-json\/wp\/v2\/product"}],"about":[{"href":"https:\/\/lentraide.es\/es\/wp-json\/wp\/v2\/types\/product"}],"wp:featuredmedia":[{"embeddable":true,"href":"https:\/\/lentraide.es\/es\/wp-json\/wp\/v2\/media\/62242"}],"wp:attachment":[{"href":"https:\/\/lentraide.es\/es\/wp-json\/wp\/v2\/media?parent=62245"}],"wp:term":[{"taxonomy":"product_brand","embeddable":true,"href":"https:\/\/lentraide.es\/es\/wp-json\/wp\/v2\/product_brand?post=62245"},{"taxonomy":"product_cat","embeddable":true,"href":"https:\/\/lentraide.es\/es\/wp-json\/wp\/v2\/product_cat?post=62245"},{"taxonomy":"product_tag","embeddable":true,"href":"https:\/\/lentraide.es\/es\/wp-json\/wp\/v2\/product_tag?post=62245"}],"curies":[{"name":"wp","href":"https:\/\/api.w.org\/{rel}","templated":true}]}}