{"id":62252,"date":"2025-11-15T11:09:53","date_gmt":"2025-11-15T10:09:53","guid":{"rendered":"https:\/\/lentraide.es\/tienda\/chorizo-iberico\/"},"modified":"2025-11-15T11:11:03","modified_gmt":"2025-11-15T10:11:03","slug":"chorizo-iberico","status":"publish","type":"product","link":"https:\/\/lentraide.es\/es\/tienda\/chorizo-iberico\/","title":{"rendered":"Chorizo Ib\u00e9rico"},"content":{"rendered":"","protected":false},"excerpt":{"rendered":"<p><b>Chorizo Ib\u00e9rico (Cortado a M\u00e1quina)<\/b><\/p>\n<p><b>Envase de 100g<\/b><\/p>\n<p>Cortado a m\u00e1quina en nuestras instalaciones, uniendo la m\u00e1xima tecnolog\u00eda y limpieza, para que el producto loncheado est\u00e9 en un perfecto estado. Se aconseja sacar la bolsa del frio 15 minutos antes de su consumo, y abrir la bolsa unos minutos antes de servirlo para dejarlo respirar fuera del envase.<\/p>\n<p><b>CADUCIDAD:<\/b>\u00a01 a\u00f1o desde la fecha de expedici\u00f3n.<br \/>\n<b>CONSERVACI\u00d3N:<\/b>\u00a0En un lugar fresco y seco.<br \/>\n<b>INGREDIENTES:<\/b>\u00a0Carne de cerdo ib\u00e9rico de bellota, sal, piment\u00f3n,\u00a0<b>leche en polvo<\/b>, az\u00facar, dextrina, especias naturales (ajo y or\u00e9gano), conservador E-250.<br \/>\n<b>INFORMACI\u00d3N NUTRICIONAL:<\/b>\u00a0(Valores por 100g de producto):<br \/>\n<b>Energ\u00eda:<\/b>\u00a01975 kJ\/472 kcal\/\u00a0<b>Grasas:<\/b>\u00a0(de las cuales): 38,5 g\/ Saturadas 14,10 g\/Monoinsaturadas 22,30 g\/Poliinsaturadas 2,2 g\/\u00a0<b>Hidratos de Carbono:<\/b>\u00a0(de los cuales):1,7 g\/\u00a0<b>Az\u00facares:<\/b>\u00a0&lt;0,5 g\/\u00a0<b>Fibra:<\/b>\u00a00 g\/\u00a0<b>Prote\u00ednas:<\/b>\u00a029,6 g\/\u00a0<b>Sal:<\/b>\u00a04,10 g<\/p>\n","protected":false},"featured_media":62236,"template":"","meta":{"_acf_changed":false},"product_brand":[],"product_cat":[265,176],"product_tag":[],"class_list":{"0":"post-62252","1":"product","2":"type-product","3":"status-publish","4":"has-post-thumbnail","6":"product_cat-fiambres-navidad","7":"product_cat-venta-navidad","9":"first","10":"outofstock","11":"shipping-taxable","12":"purchasable","13":"product-type-simple"},"acf":[],"yoast_head":"<!-- This site is optimized with the Yoast SEO plugin v26.9 - https:\/\/yoast.com\/product\/yoast-seo-wordpress\/ -->\n<title>Chorizo Ib\u00e9rico | Entraide Fran\u00e7aise<\/title>\n<meta name=\"robots\" content=\"index, follow, max-snippet:-1, max-image-preview:large, max-video-preview:-1\" \/>\n<link rel=\"canonical\" href=\"https:\/\/lentraide.es\/es\/tienda\/chorizo-iberico\/\" \/>\n<meta property=\"og:locale\" content=\"es_ES\" \/>\n<meta property=\"og:type\" content=\"article\" \/>\n<meta property=\"og:title\" content=\"Chorizo Ib\u00e9rico | Entraide Fran\u00e7aise\" \/>\n<meta property=\"og:description\" content=\"Chorizo Ib\u00e9rico (Cortado a M\u00e1quina) Envase de 100g Cortado a m\u00e1quina en nuestras instalaciones, uniendo la m\u00e1xima tecnolog\u00eda y limpieza, para que el producto loncheado est\u00e9 en un perfecto estado. Se aconseja sacar la bolsa del frio 15 minutos antes de su consumo, y abrir la bolsa unos minutos antes de servirlo para dejarlo respirar fuera del envase. CADUCIDAD:\u00a01 a\u00f1o desde la fecha de expedici\u00f3n. CONSERVACI\u00d3N:\u00a0En un lugar fresco y seco. INGREDIENTES:\u00a0Carne de cerdo ib\u00e9rico de bellota, sal, piment\u00f3n,\u00a0leche en polvo, az\u00facar, dextrina, especias naturales (ajo y or\u00e9gano), conservador E-250. INFORMACI\u00d3N NUTRICIONAL:\u00a0(Valores por 100g de producto): Energ\u00eda:\u00a01975 kJ\/472 kcal\/\u00a0Grasas:\u00a0(de las cuales): 38,5 g\/ Saturadas 14,10 g\/Monoinsaturadas 22,30 g\/Poliinsaturadas 2,2 g\/\u00a0Hidratos de Carbono:\u00a0(de los cuales):1,7 g\/\u00a0Az\u00facares:\u00a0&lt;0,5 g\/\u00a0Fibra:\u00a00 g\/\u00a0Prote\u00ednas:\u00a029,6 g\/\u00a0Sal:\u00a04,10 g\" \/>\n<meta property=\"og:url\" content=\"https:\/\/lentraide.es\/es\/tienda\/chorizo-iberico\/\" \/>\n<meta property=\"og:site_name\" content=\"Entraide Fran\u00e7aise\" \/>\n<meta property=\"article:publisher\" content=\"https:\/\/www.facebook.com\/entraide.francaisemadrid\" \/>\n<meta property=\"article:modified_time\" content=\"2025-11-15T10:11:03+00:00\" \/>\n<meta property=\"og:image\" content=\"https:\/\/lentraide.es\/wp-content\/uploads\/2025\/11\/Chorizo-Iberico-Cortado-a-Maquina.jpg\" \/>\n\t<meta property=\"og:image:width\" content=\"507\" \/>\n\t<meta property=\"og:image:height\" content=\"579\" \/>\n\t<meta property=\"og:image:type\" content=\"image\/jpeg\" \/>\n<meta name=\"twitter:card\" content=\"summary_large_image\" \/>\n<script type=\"application\/ld+json\" class=\"yoast-schema-graph\">{\"@context\":\"https:\/\/schema.org\",\"@graph\":[{\"@type\":\"WebPage\",\"@id\":\"https:\/\/lentraide.es\/es\/tienda\/chorizo-iberico\/\",\"url\":\"https:\/\/lentraide.es\/es\/tienda\/chorizo-iberico\/\",\"name\":\"Chorizo Ib\u00e9rico | Entraide Fran\u00e7aise\",\"isPartOf\":{\"@id\":\"https:\/\/lentraide.es\/fr\/#website\"},\"primaryImageOfPage\":{\"@id\":\"https:\/\/lentraide.es\/es\/tienda\/chorizo-iberico\/#primaryimage\"},\"image\":{\"@id\":\"https:\/\/lentraide.es\/es\/tienda\/chorizo-iberico\/#primaryimage\"},\"thumbnailUrl\":\"https:\/\/lentraide.es\/wp-content\/uploads\/2025\/11\/Chorizo-Iberico-Cortado-a-Maquina.jpg\",\"datePublished\":\"2025-11-15T10:09:53+00:00\",\"dateModified\":\"2025-11-15T10:11:03+00:00\",\"breadcrumb\":{\"@id\":\"https:\/\/lentraide.es\/es\/tienda\/chorizo-iberico\/#breadcrumb\"},\"inLanguage\":\"es\",\"potentialAction\":[{\"@type\":\"ReadAction\",\"target\":[\"https:\/\/lentraide.es\/es\/tienda\/chorizo-iberico\/\"]}]},{\"@type\":\"ImageObject\",\"inLanguage\":\"es\",\"@id\":\"https:\/\/lentraide.es\/es\/tienda\/chorizo-iberico\/#primaryimage\",\"url\":\"https:\/\/lentraide.es\/wp-content\/uploads\/2025\/11\/Chorizo-Iberico-Cortado-a-Maquina.jpg\",\"contentUrl\":\"https:\/\/lentraide.es\/wp-content\/uploads\/2025\/11\/Chorizo-Iberico-Cortado-a-Maquina.jpg\",\"width\":507,\"height\":579},{\"@type\":\"BreadcrumbList\",\"@id\":\"https:\/\/lentraide.es\/es\/tienda\/chorizo-iberico\/#breadcrumb\",\"itemListElement\":[{\"@type\":\"ListItem\",\"position\":1,\"name\":\"Accueil\",\"item\":\"https:\/\/lentraide.es\/es\/\"},{\"@type\":\"ListItem\",\"position\":2,\"name\":\"Tienda\",\"item\":\"https:\/\/lentraide.es\/es\/tienda\/\"},{\"@type\":\"ListItem\",\"position\":3,\"name\":\"Chorizo Ib\u00e9rico\"}]},{\"@type\":\"WebSite\",\"@id\":\"https:\/\/lentraide.es\/fr\/#website\",\"url\":\"https:\/\/lentraide.es\/fr\/\",\"name\":\"Entraide Fran\u00e7aise\",\"description\":\"Une main tendue vers la France\",\"publisher\":{\"@id\":\"https:\/\/lentraide.es\/fr\/#organization\"},\"alternateName\":\"L'entraide\",\"potentialAction\":[{\"@type\":\"SearchAction\",\"target\":{\"@type\":\"EntryPoint\",\"urlTemplate\":\"https:\/\/lentraide.es\/fr\/?s={search_term_string}\"},\"query-input\":{\"@type\":\"PropertyValueSpecification\",\"valueRequired\":true,\"valueName\":\"search_term_string\"}}],\"inLanguage\":\"es\"},{\"@type\":\"Organization\",\"@id\":\"https:\/\/lentraide.es\/fr\/#organization\",\"name\":\"Entraide Fran\u00e7aise\",\"alternateName\":\"L'entraide\",\"url\":\"https:\/\/lentraide.es\/fr\/\",\"logo\":{\"@type\":\"ImageObject\",\"inLanguage\":\"es\",\"@id\":\"https:\/\/lentraide.es\/fr\/#\/schema\/logo\/image\/\",\"url\":\"https:\/\/lentraide.es\/wp-content\/uploads\/2015\/07\/LOGO-azul2.png\",\"contentUrl\":\"https:\/\/lentraide.es\/wp-content\/uploads\/2015\/07\/LOGO-azul2.png\",\"width\":232,\"height\":146,\"caption\":\"Entraide Fran\u00e7aise\"},\"image\":{\"@id\":\"https:\/\/lentraide.es\/fr\/#\/schema\/logo\/image\/\"},\"sameAs\":[\"https:\/\/www.facebook.com\/entraide.francaisemadrid\",\"https:\/\/www.instagram.com\/entraidefrancaisemadrid\/\"]}]}<\/script>\n<!-- \/ Yoast SEO plugin. -->","yoast_head_json":{"title":"Chorizo Ib\u00e9rico | Entraide Fran\u00e7aise","robots":{"index":"index","follow":"follow","max-snippet":"max-snippet:-1","max-image-preview":"max-image-preview:large","max-video-preview":"max-video-preview:-1"},"canonical":"https:\/\/lentraide.es\/es\/tienda\/chorizo-iberico\/","og_locale":"es_ES","og_type":"article","og_title":"Chorizo Ib\u00e9rico | Entraide Fran\u00e7aise","og_description":"Chorizo Ib\u00e9rico (Cortado a M\u00e1quina) Envase de 100g Cortado a m\u00e1quina en nuestras instalaciones, uniendo la m\u00e1xima tecnolog\u00eda y limpieza, para que el producto loncheado est\u00e9 en un perfecto estado. Se aconseja sacar la bolsa del frio 15 minutos antes de su consumo, y abrir la bolsa unos minutos antes de servirlo para dejarlo respirar fuera del envase. CADUCIDAD:\u00a01 a\u00f1o desde la fecha de expedici\u00f3n. CONSERVACI\u00d3N:\u00a0En un lugar fresco y seco. INGREDIENTES:\u00a0Carne de cerdo ib\u00e9rico de bellota, sal, piment\u00f3n,\u00a0leche en polvo, az\u00facar, dextrina, especias naturales (ajo y or\u00e9gano), conservador E-250. INFORMACI\u00d3N NUTRICIONAL:\u00a0(Valores por 100g de producto): Energ\u00eda:\u00a01975 kJ\/472 kcal\/\u00a0Grasas:\u00a0(de las cuales): 38,5 g\/ Saturadas 14,10 g\/Monoinsaturadas 22,30 g\/Poliinsaturadas 2,2 g\/\u00a0Hidratos de Carbono:\u00a0(de los cuales):1,7 g\/\u00a0Az\u00facares:\u00a0&lt;0,5 g\/\u00a0Fibra:\u00a00 g\/\u00a0Prote\u00ednas:\u00a029,6 g\/\u00a0Sal:\u00a04,10 g","og_url":"https:\/\/lentraide.es\/es\/tienda\/chorizo-iberico\/","og_site_name":"Entraide Fran\u00e7aise","article_publisher":"https:\/\/www.facebook.com\/entraide.francaisemadrid","article_modified_time":"2025-11-15T10:11:03+00:00","og_image":[{"width":507,"height":579,"url":"https:\/\/lentraide.es\/wp-content\/uploads\/2025\/11\/Chorizo-Iberico-Cortado-a-Maquina.jpg","type":"image\/jpeg"}],"twitter_card":"summary_large_image","schema":{"@context":"https:\/\/schema.org","@graph":[{"@type":"WebPage","@id":"https:\/\/lentraide.es\/es\/tienda\/chorizo-iberico\/","url":"https:\/\/lentraide.es\/es\/tienda\/chorizo-iberico\/","name":"Chorizo Ib\u00e9rico | Entraide Fran\u00e7aise","isPartOf":{"@id":"https:\/\/lentraide.es\/fr\/#website"},"primaryImageOfPage":{"@id":"https:\/\/lentraide.es\/es\/tienda\/chorizo-iberico\/#primaryimage"},"image":{"@id":"https:\/\/lentraide.es\/es\/tienda\/chorizo-iberico\/#primaryimage"},"thumbnailUrl":"https:\/\/lentraide.es\/wp-content\/uploads\/2025\/11\/Chorizo-Iberico-Cortado-a-Maquina.jpg","datePublished":"2025-11-15T10:09:53+00:00","dateModified":"2025-11-15T10:11:03+00:00","breadcrumb":{"@id":"https:\/\/lentraide.es\/es\/tienda\/chorizo-iberico\/#breadcrumb"},"inLanguage":"es","potentialAction":[{"@type":"ReadAction","target":["https:\/\/lentraide.es\/es\/tienda\/chorizo-iberico\/"]}]},{"@type":"ImageObject","inLanguage":"es","@id":"https:\/\/lentraide.es\/es\/tienda\/chorizo-iberico\/#primaryimage","url":"https:\/\/lentraide.es\/wp-content\/uploads\/2025\/11\/Chorizo-Iberico-Cortado-a-Maquina.jpg","contentUrl":"https:\/\/lentraide.es\/wp-content\/uploads\/2025\/11\/Chorizo-Iberico-Cortado-a-Maquina.jpg","width":507,"height":579},{"@type":"BreadcrumbList","@id":"https:\/\/lentraide.es\/es\/tienda\/chorizo-iberico\/#breadcrumb","itemListElement":[{"@type":"ListItem","position":1,"name":"Accueil","item":"https:\/\/lentraide.es\/es\/"},{"@type":"ListItem","position":2,"name":"Tienda","item":"https:\/\/lentraide.es\/es\/tienda\/"},{"@type":"ListItem","position":3,"name":"Chorizo Ib\u00e9rico"}]},{"@type":"WebSite","@id":"https:\/\/lentraide.es\/fr\/#website","url":"https:\/\/lentraide.es\/fr\/","name":"Entraide Fran\u00e7aise","description":"Une main tendue vers la France","publisher":{"@id":"https:\/\/lentraide.es\/fr\/#organization"},"alternateName":"L'entraide","potentialAction":[{"@type":"SearchAction","target":{"@type":"EntryPoint","urlTemplate":"https:\/\/lentraide.es\/fr\/?s={search_term_string}"},"query-input":{"@type":"PropertyValueSpecification","valueRequired":true,"valueName":"search_term_string"}}],"inLanguage":"es"},{"@type":"Organization","@id":"https:\/\/lentraide.es\/fr\/#organization","name":"Entraide Fran\u00e7aise","alternateName":"L'entraide","url":"https:\/\/lentraide.es\/fr\/","logo":{"@type":"ImageObject","inLanguage":"es","@id":"https:\/\/lentraide.es\/fr\/#\/schema\/logo\/image\/","url":"https:\/\/lentraide.es\/wp-content\/uploads\/2015\/07\/LOGO-azul2.png","contentUrl":"https:\/\/lentraide.es\/wp-content\/uploads\/2015\/07\/LOGO-azul2.png","width":232,"height":146,"caption":"Entraide Fran\u00e7aise"},"image":{"@id":"https:\/\/lentraide.es\/fr\/#\/schema\/logo\/image\/"},"sameAs":["https:\/\/www.facebook.com\/entraide.francaisemadrid","https:\/\/www.instagram.com\/entraidefrancaisemadrid\/"]}]}},"_links":{"self":[{"href":"https:\/\/lentraide.es\/es\/wp-json\/wp\/v2\/product\/62252","targetHints":{"allow":["GET"]}}],"collection":[{"href":"https:\/\/lentraide.es\/es\/wp-json\/wp\/v2\/product"}],"about":[{"href":"https:\/\/lentraide.es\/es\/wp-json\/wp\/v2\/types\/product"}],"wp:featuredmedia":[{"embeddable":true,"href":"https:\/\/lentraide.es\/es\/wp-json\/wp\/v2\/media\/62236"}],"wp:attachment":[{"href":"https:\/\/lentraide.es\/es\/wp-json\/wp\/v2\/media?parent=62252"}],"wp:term":[{"taxonomy":"product_brand","embeddable":true,"href":"https:\/\/lentraide.es\/es\/wp-json\/wp\/v2\/product_brand?post=62252"},{"taxonomy":"product_cat","embeddable":true,"href":"https:\/\/lentraide.es\/es\/wp-json\/wp\/v2\/product_cat?post=62252"},{"taxonomy":"product_tag","embeddable":true,"href":"https:\/\/lentraide.es\/es\/wp-json\/wp\/v2\/product_tag?post=62252"}],"curies":[{"name":"wp","href":"https:\/\/api.w.org\/{rel}","templated":true}]}}