{"id":62332,"date":"2025-11-29T10:57:48","date_gmt":"2025-11-29T09:57:48","guid":{"rendered":"https:\/\/lentraide.es\/tienda\/escultura-lentraide-por-david-vaamonde\/"},"modified":"2025-11-29T11:00:08","modified_gmt":"2025-11-29T10:00:08","slug":"escultura-lentraide-por-david-vaamonde","status":"publish","type":"product","link":"https:\/\/lentraide.es\/es\/tienda\/escultura-lentraide-por-david-vaamonde\/","title":{"rendered":"Escultura \u00abL&#8217;entraide\u00bb por David Vaamonde"},"content":{"rendered":"","protected":false},"excerpt":{"rendered":"<div>Escultura en\u00a0bronce pulido\u00a0con\u00a0p\u00e1tina verde, colocada sobre una\u00a0base de m\u00e1rmol blanco. La forma representa una\u00a0Eque simboliza la ayuda mutua, acompa\u00f1ada de un\u00a0coraz\u00f3n\u00a0que evoca la solidaridad. Una pieza compacta y refinada,\u00a0creada especialmente para Entraide, pensada para transmitir un mensaje de apoyo.<\/div>\n<div><\/div>\n<div>Dimensiones: 9 \u00d7 11 cm, con una altura total de 12 cm.<\/div>\n<div><\/div>\n<div>Entrega : Bajo pedido, para recoger en las oficinas de Entraide con cita previa.<\/div>\n<div><\/div>\n<div>&#8212;&#8212;&#8212;&#8212;-<\/div>\n<div><\/div>\n<div>\n<div>David Vaamonde (N\u00eemes, 1976) es un artista multidisciplinar que se expresa a trav\u00e9s de la escultura, la pintura, el grabado y la ilustraci\u00f3n. Ha expuesto junto a grandes figuras como Chillida, Chirino o Picasso, y colabora con galer\u00edas en Madrid, Par\u00eds y Suiza. Creador de varios premios emblem\u00e1ticos entre Espa\u00f1a y Francia, desarrolla una obra profundamente vinculada al flamenco, la m\u00fasica y el jazz. Sus obras forman parte de colecciones p\u00fablicas y privadas a nivel internacional.<\/div>\n<div><\/div>\n<div>El artista estar\u00e1 presente en el\u00a0mercado de Navidad de Entraide en el Eurobuilding el 14 de diciembre\u00a0para presentar algunas de sus obras y pinturas. Esta escultura fue creada especialmente para Entraide.<\/div>\n<div><\/div>\n<div><a href=\"https:\/\/www.vaamondeart.com\/\" target=\"_blank\" rel=\"noopener\" data-saferedirecturl=\"https:\/\/www.google.com\/url?q=https:\/\/www.vaamondeart.com\/&amp;source=gmail&amp;ust=1764449037955000&amp;usg=AOvVaw25j5Y5U4yeLxh-0CUGDMEm\">https:\/\/www.vaamondeart.com\/<\/a><\/div>\n<\/div>\n<div><\/div>\n","protected":false},"featured_media":62331,"template":"","meta":{"_acf_changed":false},"product_brand":[],"product_cat":[176],"product_tag":[],"class_list":{"0":"post-62332","1":"product","2":"type-product","3":"status-publish","4":"has-post-thumbnail","6":"product_cat-venta-navidad","8":"first","9":"outofstock","10":"shipping-taxable","11":"purchasable","12":"product-type-simple"},"acf":[],"yoast_head":"<!-- This site is optimized with the Yoast SEO plugin v26.9 - https:\/\/yoast.com\/product\/yoast-seo-wordpress\/ -->\n<title>Escultura &quot;L&#039;entraide&quot; por David Vaamonde | Entraide Fran\u00e7aise<\/title>\n<meta name=\"robots\" content=\"index, follow, max-snippet:-1, max-image-preview:large, max-video-preview:-1\" \/>\n<link rel=\"canonical\" href=\"https:\/\/lentraide.es\/es\/tienda\/escultura-lentraide-por-david-vaamonde\/\" \/>\n<meta property=\"og:locale\" content=\"es_ES\" \/>\n<meta property=\"og:type\" content=\"article\" \/>\n<meta property=\"og:title\" content=\"Escultura &quot;L&#039;entraide&quot; por David Vaamonde | Entraide Fran\u00e7aise\" \/>\n<meta property=\"og:description\" content=\"Escultura en\u00a0bronce pulido\u00a0con\u00a0p\u00e1tina verde, colocada sobre una\u00a0base de m\u00e1rmol blanco. La forma representa una\u00a0Eque simboliza la ayuda mutua, acompa\u00f1ada de un\u00a0coraz\u00f3n\u00a0que evoca la solidaridad. Una pieza compacta y refinada,\u00a0creada especialmente para Entraide, pensada para transmitir un mensaje de apoyo.  Dimensiones: 9 \u00d7 11 cm, con una altura total de 12 cm.  Entrega : Bajo pedido, para recoger en las oficinas de Entraide con cita previa.  -------------   David Vaamonde (N\u00eemes, 1976) es un artista multidisciplinar que se expresa a trav\u00e9s de la escultura, la pintura, el grabado y la ilustraci\u00f3n. Ha expuesto junto a grandes figuras como Chillida, Chirino o Picasso, y colabora con galer\u00edas en Madrid, Par\u00eds y Suiza. Creador de varios premios emblem\u00e1ticos entre Espa\u00f1a y Francia, desarrolla una obra profundamente vinculada al flamenco, la m\u00fasica y el jazz. Sus obras forman parte de colecciones p\u00fablicas y privadas a nivel internacional.  El artista estar\u00e1 presente en el\u00a0mercado de Navidad de Entraide en el Eurobuilding el 14 de diciembre\u00a0para presentar algunas de sus obras y pinturas. Esta escultura fue creada especialmente para Entraide.  https:\/\/www.vaamondeart.com\/\" \/>\n<meta property=\"og:url\" content=\"https:\/\/lentraide.es\/es\/tienda\/escultura-lentraide-por-david-vaamonde\/\" \/>\n<meta property=\"og:site_name\" content=\"Entraide Fran\u00e7aise\" \/>\n<meta property=\"article:publisher\" content=\"https:\/\/www.facebook.com\/entraide.francaisemadrid\" \/>\n<meta property=\"article:modified_time\" content=\"2025-11-29T10:00:08+00:00\" \/>\n<meta property=\"og:image\" content=\"https:\/\/lentraide.es\/wp-content\/uploads\/2025\/11\/Oeuvre-E_David-Vaamonde.png\" \/>\n\t<meta property=\"og:image:width\" content=\"500\" \/>\n\t<meta property=\"og:image:height\" content=\"500\" \/>\n\t<meta property=\"og:image:type\" content=\"image\/png\" \/>\n<meta name=\"twitter:card\" content=\"summary_large_image\" \/>\n<script type=\"application\/ld+json\" class=\"yoast-schema-graph\">{\"@context\":\"https:\/\/schema.org\",\"@graph\":[{\"@type\":\"WebPage\",\"@id\":\"https:\/\/lentraide.es\/es\/tienda\/escultura-lentraide-por-david-vaamonde\/\",\"url\":\"https:\/\/lentraide.es\/es\/tienda\/escultura-lentraide-por-david-vaamonde\/\",\"name\":\"Escultura \\\"L'entraide\\\" por David Vaamonde | Entraide Fran\u00e7aise\",\"isPartOf\":{\"@id\":\"https:\/\/lentraide.es\/fr\/#website\"},\"primaryImageOfPage\":{\"@id\":\"https:\/\/lentraide.es\/es\/tienda\/escultura-lentraide-por-david-vaamonde\/#primaryimage\"},\"image\":{\"@id\":\"https:\/\/lentraide.es\/es\/tienda\/escultura-lentraide-por-david-vaamonde\/#primaryimage\"},\"thumbnailUrl\":\"https:\/\/lentraide.es\/wp-content\/uploads\/2025\/11\/Oeuvre-E_David-Vaamonde.png\",\"datePublished\":\"2025-11-29T09:57:48+00:00\",\"dateModified\":\"2025-11-29T10:00:08+00:00\",\"breadcrumb\":{\"@id\":\"https:\/\/lentraide.es\/es\/tienda\/escultura-lentraide-por-david-vaamonde\/#breadcrumb\"},\"inLanguage\":\"es\",\"potentialAction\":[{\"@type\":\"ReadAction\",\"target\":[\"https:\/\/lentraide.es\/es\/tienda\/escultura-lentraide-por-david-vaamonde\/\"]}]},{\"@type\":\"ImageObject\",\"inLanguage\":\"es\",\"@id\":\"https:\/\/lentraide.es\/es\/tienda\/escultura-lentraide-por-david-vaamonde\/#primaryimage\",\"url\":\"https:\/\/lentraide.es\/wp-content\/uploads\/2025\/11\/Oeuvre-E_David-Vaamonde.png\",\"contentUrl\":\"https:\/\/lentraide.es\/wp-content\/uploads\/2025\/11\/Oeuvre-E_David-Vaamonde.png\",\"width\":500,\"height\":500},{\"@type\":\"BreadcrumbList\",\"@id\":\"https:\/\/lentraide.es\/es\/tienda\/escultura-lentraide-por-david-vaamonde\/#breadcrumb\",\"itemListElement\":[{\"@type\":\"ListItem\",\"position\":1,\"name\":\"Accueil\",\"item\":\"https:\/\/lentraide.es\/es\/\"},{\"@type\":\"ListItem\",\"position\":2,\"name\":\"Tienda\",\"item\":\"https:\/\/lentraide.es\/es\/tienda\/\"},{\"@type\":\"ListItem\",\"position\":3,\"name\":\"Escultura \u00abL&rsquo;entraide\u00a0\u00bb por David Vaamonde\"}]},{\"@type\":\"WebSite\",\"@id\":\"https:\/\/lentraide.es\/fr\/#website\",\"url\":\"https:\/\/lentraide.es\/fr\/\",\"name\":\"Entraide Fran\u00e7aise\",\"description\":\"Une main tendue vers la France\",\"publisher\":{\"@id\":\"https:\/\/lentraide.es\/fr\/#organization\"},\"alternateName\":\"L'entraide\",\"potentialAction\":[{\"@type\":\"SearchAction\",\"target\":{\"@type\":\"EntryPoint\",\"urlTemplate\":\"https:\/\/lentraide.es\/fr\/?s={search_term_string}\"},\"query-input\":{\"@type\":\"PropertyValueSpecification\",\"valueRequired\":true,\"valueName\":\"search_term_string\"}}],\"inLanguage\":\"es\"},{\"@type\":\"Organization\",\"@id\":\"https:\/\/lentraide.es\/fr\/#organization\",\"name\":\"Entraide Fran\u00e7aise\",\"alternateName\":\"L'entraide\",\"url\":\"https:\/\/lentraide.es\/fr\/\",\"logo\":{\"@type\":\"ImageObject\",\"inLanguage\":\"es\",\"@id\":\"https:\/\/lentraide.es\/fr\/#\/schema\/logo\/image\/\",\"url\":\"https:\/\/lentraide.es\/wp-content\/uploads\/2015\/07\/LOGO-azul2.png\",\"contentUrl\":\"https:\/\/lentraide.es\/wp-content\/uploads\/2015\/07\/LOGO-azul2.png\",\"width\":232,\"height\":146,\"caption\":\"Entraide Fran\u00e7aise\"},\"image\":{\"@id\":\"https:\/\/lentraide.es\/fr\/#\/schema\/logo\/image\/\"},\"sameAs\":[\"https:\/\/www.facebook.com\/entraide.francaisemadrid\",\"https:\/\/www.instagram.com\/entraidefrancaisemadrid\/\"]}]}<\/script>\n<!-- \/ Yoast SEO plugin. -->","yoast_head_json":{"title":"Escultura \"L'entraide\" por David Vaamonde | Entraide Fran\u00e7aise","robots":{"index":"index","follow":"follow","max-snippet":"max-snippet:-1","max-image-preview":"max-image-preview:large","max-video-preview":"max-video-preview:-1"},"canonical":"https:\/\/lentraide.es\/es\/tienda\/escultura-lentraide-por-david-vaamonde\/","og_locale":"es_ES","og_type":"article","og_title":"Escultura \"L'entraide\" por David Vaamonde | Entraide Fran\u00e7aise","og_description":"Escultura en\u00a0bronce pulido\u00a0con\u00a0p\u00e1tina verde, colocada sobre una\u00a0base de m\u00e1rmol blanco. La forma representa una\u00a0Eque simboliza la ayuda mutua, acompa\u00f1ada de un\u00a0coraz\u00f3n\u00a0que evoca la solidaridad. Una pieza compacta y refinada,\u00a0creada especialmente para Entraide, pensada para transmitir un mensaje de apoyo.  Dimensiones: 9 \u00d7 11 cm, con una altura total de 12 cm.  Entrega : Bajo pedido, para recoger en las oficinas de Entraide con cita previa.  -------------   David Vaamonde (N\u00eemes, 1976) es un artista multidisciplinar que se expresa a trav\u00e9s de la escultura, la pintura, el grabado y la ilustraci\u00f3n. Ha expuesto junto a grandes figuras como Chillida, Chirino o Picasso, y colabora con galer\u00edas en Madrid, Par\u00eds y Suiza. Creador de varios premios emblem\u00e1ticos entre Espa\u00f1a y Francia, desarrolla una obra profundamente vinculada al flamenco, la m\u00fasica y el jazz. Sus obras forman parte de colecciones p\u00fablicas y privadas a nivel internacional.  El artista estar\u00e1 presente en el\u00a0mercado de Navidad de Entraide en el Eurobuilding el 14 de diciembre\u00a0para presentar algunas de sus obras y pinturas. Esta escultura fue creada especialmente para Entraide.  https:\/\/www.vaamondeart.com\/","og_url":"https:\/\/lentraide.es\/es\/tienda\/escultura-lentraide-por-david-vaamonde\/","og_site_name":"Entraide Fran\u00e7aise","article_publisher":"https:\/\/www.facebook.com\/entraide.francaisemadrid","article_modified_time":"2025-11-29T10:00:08+00:00","og_image":[{"width":500,"height":500,"url":"https:\/\/lentraide.es\/wp-content\/uploads\/2025\/11\/Oeuvre-E_David-Vaamonde.png","type":"image\/png"}],"twitter_card":"summary_large_image","schema":{"@context":"https:\/\/schema.org","@graph":[{"@type":"WebPage","@id":"https:\/\/lentraide.es\/es\/tienda\/escultura-lentraide-por-david-vaamonde\/","url":"https:\/\/lentraide.es\/es\/tienda\/escultura-lentraide-por-david-vaamonde\/","name":"Escultura \"L'entraide\" por David Vaamonde | Entraide Fran\u00e7aise","isPartOf":{"@id":"https:\/\/lentraide.es\/fr\/#website"},"primaryImageOfPage":{"@id":"https:\/\/lentraide.es\/es\/tienda\/escultura-lentraide-por-david-vaamonde\/#primaryimage"},"image":{"@id":"https:\/\/lentraide.es\/es\/tienda\/escultura-lentraide-por-david-vaamonde\/#primaryimage"},"thumbnailUrl":"https:\/\/lentraide.es\/wp-content\/uploads\/2025\/11\/Oeuvre-E_David-Vaamonde.png","datePublished":"2025-11-29T09:57:48+00:00","dateModified":"2025-11-29T10:00:08+00:00","breadcrumb":{"@id":"https:\/\/lentraide.es\/es\/tienda\/escultura-lentraide-por-david-vaamonde\/#breadcrumb"},"inLanguage":"es","potentialAction":[{"@type":"ReadAction","target":["https:\/\/lentraide.es\/es\/tienda\/escultura-lentraide-por-david-vaamonde\/"]}]},{"@type":"ImageObject","inLanguage":"es","@id":"https:\/\/lentraide.es\/es\/tienda\/escultura-lentraide-por-david-vaamonde\/#primaryimage","url":"https:\/\/lentraide.es\/wp-content\/uploads\/2025\/11\/Oeuvre-E_David-Vaamonde.png","contentUrl":"https:\/\/lentraide.es\/wp-content\/uploads\/2025\/11\/Oeuvre-E_David-Vaamonde.png","width":500,"height":500},{"@type":"BreadcrumbList","@id":"https:\/\/lentraide.es\/es\/tienda\/escultura-lentraide-por-david-vaamonde\/#breadcrumb","itemListElement":[{"@type":"ListItem","position":1,"name":"Accueil","item":"https:\/\/lentraide.es\/es\/"},{"@type":"ListItem","position":2,"name":"Tienda","item":"https:\/\/lentraide.es\/es\/tienda\/"},{"@type":"ListItem","position":3,"name":"Escultura \u00abL&rsquo;entraide\u00a0\u00bb por David Vaamonde"}]},{"@type":"WebSite","@id":"https:\/\/lentraide.es\/fr\/#website","url":"https:\/\/lentraide.es\/fr\/","name":"Entraide Fran\u00e7aise","description":"Une main tendue vers la France","publisher":{"@id":"https:\/\/lentraide.es\/fr\/#organization"},"alternateName":"L'entraide","potentialAction":[{"@type":"SearchAction","target":{"@type":"EntryPoint","urlTemplate":"https:\/\/lentraide.es\/fr\/?s={search_term_string}"},"query-input":{"@type":"PropertyValueSpecification","valueRequired":true,"valueName":"search_term_string"}}],"inLanguage":"es"},{"@type":"Organization","@id":"https:\/\/lentraide.es\/fr\/#organization","name":"Entraide Fran\u00e7aise","alternateName":"L'entraide","url":"https:\/\/lentraide.es\/fr\/","logo":{"@type":"ImageObject","inLanguage":"es","@id":"https:\/\/lentraide.es\/fr\/#\/schema\/logo\/image\/","url":"https:\/\/lentraide.es\/wp-content\/uploads\/2015\/07\/LOGO-azul2.png","contentUrl":"https:\/\/lentraide.es\/wp-content\/uploads\/2015\/07\/LOGO-azul2.png","width":232,"height":146,"caption":"Entraide Fran\u00e7aise"},"image":{"@id":"https:\/\/lentraide.es\/fr\/#\/schema\/logo\/image\/"},"sameAs":["https:\/\/www.facebook.com\/entraide.francaisemadrid","https:\/\/www.instagram.com\/entraidefrancaisemadrid\/"]}]}},"_links":{"self":[{"href":"https:\/\/lentraide.es\/es\/wp-json\/wp\/v2\/product\/62332","targetHints":{"allow":["GET"]}}],"collection":[{"href":"https:\/\/lentraide.es\/es\/wp-json\/wp\/v2\/product"}],"about":[{"href":"https:\/\/lentraide.es\/es\/wp-json\/wp\/v2\/types\/product"}],"wp:featuredmedia":[{"embeddable":true,"href":"https:\/\/lentraide.es\/es\/wp-json\/wp\/v2\/media\/62331"}],"wp:attachment":[{"href":"https:\/\/lentraide.es\/es\/wp-json\/wp\/v2\/media?parent=62332"}],"wp:term":[{"taxonomy":"product_brand","embeddable":true,"href":"https:\/\/lentraide.es\/es\/wp-json\/wp\/v2\/product_brand?post=62332"},{"taxonomy":"product_cat","embeddable":true,"href":"https:\/\/lentraide.es\/es\/wp-json\/wp\/v2\/product_cat?post=62332"},{"taxonomy":"product_tag","embeddable":true,"href":"https:\/\/lentraide.es\/es\/wp-json\/wp\/v2\/product_tag?post=62332"}],"curies":[{"name":"wp","href":"https:\/\/api.w.org\/{rel}","templated":true}]}}