{"id":23221,"date":"2020-02-13T12:40:00","date_gmt":"2020-02-13T11:40:00","guid":{"rendered":"https:\/\/staging.lentraide.es\/?page_id=23221"},"modified":"2026-04-16T14:37:34","modified_gmt":"2026-04-16T12:37:34","slug":"faire-un-don","status":"publish","type":"page","link":"https:\/\/lentraide.es\/fr\/faire-un-don\/","title":{"rendered":"Faire un don"},"content":{"rendered":"<div class=\"wpb-content-wrapper\"><p>[vc_row css_animation=\u00a0\u00bb\u00a0\u00bb row_type=\u00a0\u00bbrow\u00a0\u00bb use_row_as_full_screen_section=\u00a0\u00bbyes\u00a0\u00bb type=\u00a0\u00bbfull_width\u00a0\u00bb angled_section=\u00a0\u00bbno\u00a0\u00bb text_align=\u00a0\u00bbleft\u00a0\u00bb background_image_as_pattern=\u00a0\u00bbwithout_pattern\u00a0\u00bb z_index=\u00a0\u00bb\u00a0\u00bb][vc_column width=\u00a0\u00bb1\/6&Prime;][vc_empty_space][\/vc_column][vc_column width=\u00a0\u00bb2\/3&Prime; css=\u00a0\u00bb.vc_custom_1587385485756{padding-left: 30px !important;}\u00a0\u00bb][vc_empty_space][vc_column_text css=\u00a0\u00bb\u00a0\u00bb]<\/p>\n<h2 style=\"text-align: center;\">La g\u00e9n\u00e9rosit\u00e9 des donateurs est essentielle pour le fonctionnement de l\u2019Entraide.<\/h2>\n<p>[\/vc_column_text][vc_empty_space][vc_single_image image=\u00a0\u00bb53804&Prime; img_size=\u00a0\u00bbmedium\u00a0\u00bb alignment=\u00a0\u00bbcenter\u00a0\u00bb css=\u00a0\u00bb.vc_custom_1769254032003{margin-top: 30px !important;}\u00a0\u00bb qode_css_animation=\u00a0\u00bb\u00a0\u00bb][vc_empty_space][vc_column_text css=\u00a0\u00bb\u00a0\u00bb]<\/p>\n<h2 class=\"qode-simple-quote-text-title\" style=\"text-align: center;\">Gr\u00e2ce \u00e0 vos dons, l&rsquo;Entraide aide chaque ann\u00e9e pr\u00e8s de 200 personnes en difficult\u00e9.<\/h2>\n<h2><\/h2>\n<h2 class=\"qode-simple-quote-text-title\" style=\"text-align: center;\">Aidez-nous \u00e0 continuer notre action !<\/h2>\n<h2><\/h2>\n<h2 class=\"qode-simple-quote-text-title\" style=\"text-align: center;\">Nous comptons sur vous !<\/h2>\n<p>[\/vc_column_text][vc_empty_space][\/vc_column][vc_column width=\u00a0\u00bb1\/6&Prime;][vc_empty_space][\/vc_column][\/vc_row][vc_row css_animation=\u00a0\u00bb\u00a0\u00bb row_type=\u00a0\u00bbrow\u00a0\u00bb use_row_as_full_screen_section=\u00a0\u00bbno\u00a0\u00bb type=\u00a0\u00bbfull_width\u00a0\u00bb angled_section=\u00a0\u00bbno\u00a0\u00bb text_align=\u00a0\u00bbleft\u00a0\u00bb background_image_as_pattern=\u00a0\u00bbwithout_pattern\u00a0\u00bb][vc_column][vc_row_inner row_type=\u00a0\u00bbrow\u00a0\u00bb type=\u00a0\u00bbfull_width\u00a0\u00bb text_align=\u00a0\u00bbleft\u00a0\u00bb css_animation=\u00a0\u00bb\u00a0\u00bb][vc_column_inner][vc_empty_space height=\u00a0\u00bb60px\u00a0\u00bb][vc_column_text]<\/p>\n<h2 style=\"text-align: center;\">Vos dons en actions :<\/h2>\n<p>&nbsp;<\/p>\n<h4 style=\"text-align: center;\">Choisissez l&rsquo;action que vous souhaitez appuyer ou faites un don libre<\/h4>\n<p>[\/vc_column_text][vc_empty_space height=\u00a0\u00bb60px\u00a0\u00bb][\/vc_column_inner][\/vc_row_inner][\/vc_column][\/vc_row][vc_row css_animation=\u00a0\u00bb\u00a0\u00bb row_type=\u00a0\u00bbrow\u00a0\u00bb use_row_as_full_screen_section=\u00a0\u00bbno\u00a0\u00bb type=\u00a0\u00bbgrid\u00a0\u00bb angled_section=\u00a0\u00bbno\u00a0\u00bb text_align=\u00a0\u00bbcenter\u00a0\u00bb background_image_as_pattern=\u00a0\u00bbwithout_pattern\u00a0\u00bb z_index=\u00a0\u00bb\u00a0\u00bb][vc_column]<div class='cover_boxes' data-active-element='1'><ul class='clearfix'><li><div class='box'><a itemprop='url' class='thumb' href='https:\/\/lentraide.es\/tienda\/don-libre\/' target='_self'><img itemprop='image' alt='Donner \u00e0 la banque alimentaire' src='https:\/\/lentraide.es\/wp-content\/uploads\/2020\/03\/mother-and-son-buying-groceries-MAHKS8Y-FILEminimizer.jpg' \/><\/a><div class=\"box_content\"><h3 >Donner \u00e0 la banque alimentaire<\/h3><p >Faire porter un chariot de nourriture<\/p><a itemprop='url' class='qbutton tiny' href='https:\/\/lentraide.es\/tienda\/don-libre\/' target='_self'>Exemple : 50\u20ac<\/a><\/div><\/div><\/li><li><div class='box'><a itemprop='url' class='thumb' href='https:\/\/lentraide.es\/tienda\/don-libre\/' target='_self'><img itemprop='image' alt='Payer des soins de sant\u00e9' src='https:\/\/lentraide.es\/wp-content\/uploads\/2020\/04\/adorable-blur-bookcase-books-261895-Opti-scaled-e1676131942137.jpg' \/><\/a><div class=\"box_content\"><h3 >Payer des soins de sant\u00e9<\/h3><p >Donner acc\u00e8s \u00e0 des soins ophtalmologiques, dentaires\u2026<\/p><a itemprop='url' class='qbutton tiny' href='https:\/\/lentraide.es\/tienda\/don-libre\/' target='_self'>Exemple : 100\u20ac<\/a><\/div><\/div><\/li><li><div class='box'><a itemprop='url' class='thumb' href='https:\/\/lentraide.es\/tienda\/don-libre\/' target='_self'><img itemprop='image' alt='Participer au paiement du loyer' src='https:\/\/lentraide.es\/wp-content\/uploads\/2020\/04\/Aider-au-loyer-scaled-e1676131920874.jpg' \/><\/a><div class=\"box_content\"><h3 >Participer au paiement du loyer<\/h3><p >Payer une partie du loyer, des factures d\u2019\u00e9lectricit\u00e9 ou de gaz.<\/p><a itemprop='url' class='qbutton tiny' href='https:\/\/lentraide.es\/tienda\/don-libre\/' target='_self'>Exemple : 200\u20ac<\/a><\/div><\/div><\/li><\/ul><\/div>[vc_empty_space][vc_empty_space]<div class='cover_boxes' data-active-element='1'><ul class='clearfix'><li><div class='box'><a itemprop='url' class='thumb' href='https:\/\/lentraide.es\/tienda\/don-libre\/' target='_self'><img itemprop='image' alt='Offrir un camp de vacances \u00e0 un enfant' src='https:\/\/lentraide.es\/wp-content\/uploads\/2020\/03\/happy-school-children-playing-tug-of-war-with-PWAZQT9-FILEminimizer.jpg' \/><\/a><div class=\"box_content\"><h3 >Offrir un camp de vacances \u00e0 un enfant<\/h3><p >Un camp de vacances ou du soutien scolaire toute l&#039;ann\u00e9e<\/p><a itemprop='url' class='qbutton tiny' href='https:\/\/lentraide.es\/tienda\/don-libre\/' target='_self'>Exemple : 700\u20ac<\/a><\/div><\/div><\/li><li><div class='box'><a itemprop='url' class='thumb' href='https:\/\/lentraide.es\/tienda\/don-libre\/' target='_self'><img itemprop='image' alt='Payer une formation professionnelle' src='https:\/\/lentraide.es\/wp-content\/uploads\/2020\/03\/serious-foreman-controlling-young-worker-8G7MHRY-FILEminimizer.jpg' \/><\/a><div class=\"box_content\"><h3 >Payer une formation professionnelle<\/h3><p >Aider \u00e0 l\u2019insertion \u00e9conomique des jeunes adultes<\/p><a itemprop='url' class='qbutton tiny' href='https:\/\/lentraide.es\/tienda\/don-libre\/' target='_self'>Exemple : 1.000\u20ac<\/a><\/div><\/div><\/li><li><div class='box'><a itemprop='url' class='thumb' href='https:\/\/lentraide.es\/tienda\/don-libre\/' target='_self'><img itemprop='image' alt='Faire un don libre' src='https:\/\/lentraide.es\/wp-content\/uploads\/2020\/03\/young-people-putting-their-hands-together-UBC4Q32-FILEminimizer-e1676131294164.jpg' \/><\/a><div class=\"box_content\"><h3 >Faire un don libre<\/h3><p >Soutenir l&#039;Entraide \u00e0 hauteur du montant que vous souhaitez<\/p><a itemprop='url' class='qbutton tiny' href='https:\/\/lentraide.es\/tienda\/don-libre\/' target='_self'>Faire un don libre<\/a><\/div><\/div><\/li><\/ul><\/div>[\/vc_column][\/vc_row][vc_row css_animation=\u00a0\u00bb\u00a0\u00bb row_type=\u00a0\u00bbrow\u00a0\u00bb use_row_as_full_screen_section=\u00a0\u00bbno\u00a0\u00bb type=\u00a0\u00bbfull_width\u00a0\u00bb angled_section=\u00a0\u00bbno\u00a0\u00bb text_align=\u00a0\u00bbleft\u00a0\u00bb background_image_as_pattern=\u00a0\u00bbwithout_pattern\u00a0\u00bb][vc_column][vc_empty_space height=\u00a0\u00bb50px\u00a0\u00bb][\/vc_column][\/vc_row][vc_row css_animation=\u00a0\u00bb\u00a0\u00bb row_type=\u00a0\u00bbrow\u00a0\u00bb use_row_as_full_screen_section=\u00a0\u00bbno\u00a0\u00bb type=\u00a0\u00bbfull_width\u00a0\u00bb angled_section=\u00a0\u00bbno\u00a0\u00bb text_align=\u00a0\u00bbleft\u00a0\u00bb background_image_as_pattern=\u00a0\u00bbwithout_pattern\u00a0\u00bb z_index=\u00a0\u00bb\u00a0\u00bb css=\u00a0\u00bb.vc_custom_1769253643484{background-color: #BFE1FF !important;}\u00a0\u00bb][vc_column width=\u00a0\u00bb1\/6&Prime;][vc_empty_space][\/vc_column][vc_column width=\u00a0\u00bb2\/3&Prime;][vc_empty_space][vc_column_text css=\u00a0\u00bb\u00a0\u00bb]<\/p>\n<h4 style=\"text-align: center;\"><strong>Ou, si vous le pr\u00e9f\u00e9rez,<\/strong><\/h4>\n<h4 style=\"text-align: center;\"><strong>par virement direct sur notre compte bancaire Abanca<\/strong><\/h4>\n<p>&nbsp;<\/p>\n<h4 style=\"text-align: center;\">IBAN : ES59 2080 1600 0130 4001 9919<\/h4>\n<h4 style=\"text-align: center;\">BIC : CAGLESMMXXX<\/h4>\n<h4 style=\"text-align: center;\">Titular : AYUDA MUTUA FRANCESA<\/h4>\n<p>[\/vc_column_text][vc_empty_space][\/vc_column][vc_column width=\u00a0\u00bb1\/6&Prime;][vc_empty_space][\/vc_column][\/vc_row][vc_row css_animation=\u00a0\u00bb\u00a0\u00bb row_type=\u00a0\u00bbrow\u00a0\u00bb use_row_as_full_screen_section=\u00a0\u00bbno\u00a0\u00bb type=\u00a0\u00bbfull_width\u00a0\u00bb angled_section=\u00a0\u00bbno\u00a0\u00bb text_align=\u00a0\u00bbleft\u00a0\u00bb background_image_as_pattern=\u00a0\u00bbwithout_pattern\u00a0\u00bb z_index=\u00a0\u00bb\u00a0\u00bb css=\u00a0\u00bb.vc_custom_1769253661570{background-color: #FFFFBD !important;}\u00a0\u00bb][vc_column width=\u00a0\u00bb1\/6&Prime;][vc_empty_space][\/vc_column][vc_column width=\u00a0\u00bb2\/3&Prime;][vc_empty_space][vc_column_text css=\u00a0\u00bb\u00a0\u00bb]<\/p>\n<h4 style=\"text-align: center;\"><strong>Dons via Bizum, c&rsquo;est possible aussi !<\/strong><\/h4>\n<p>&nbsp;<\/p>\n<h4 style=\"text-align: center;\"><strong>Le code de l&rsquo;Entraide Fran\u00e7aise est le 02292.<\/strong><\/h4>\n<p>&nbsp;<\/p>\n<h4 style=\"text-align: center;\"><\/h4>\n<h4 style=\"text-align: center;\">Comment \u00e7a marche ?<\/h4>\n<p>&nbsp;<\/p>\n<h4 style=\"text-align: justify;\">Faites un don aux ONG avec Bizum rapidement, en toute s\u00e9curit\u00e9 et sans commissions. Le processus est simple : acc\u00e9dez \u00e0 l&rsquo;application de votre banque avec Bizum actif, s\u00e9lectionnez l&rsquo;option \u00ab Faire un don \u00e0 une ONG \u00bb (\u00abDonar a una ONG\u00a0\u00bb), saisissez le code \u00e0 5 chiffres de l&rsquo;organisation, choisissez le montant et confirmez. Votre don arrive en quelques secondes et 100 % de l&rsquo;argent va directement \u00e0 la cause<\/h4>\n<p>[\/vc_column_text][vc_empty_space][\/vc_column][vc_column width=\u00a0\u00bb1\/6&Prime;][vc_empty_space][\/vc_column][\/vc_row][vc_row css_animation=\u00a0\u00bb\u00a0\u00bb row_type=\u00a0\u00bbrow\u00a0\u00bb use_row_as_full_screen_section=\u00a0\u00bbno\u00a0\u00bb type=\u00a0\u00bbfull_width\u00a0\u00bb angled_section=\u00a0\u00bbno\u00a0\u00bb text_align=\u00a0\u00bbleft\u00a0\u00bb background_image_as_pattern=\u00a0\u00bbwithout_pattern\u00a0\u00bb][vc_column][vc_empty_space][\/vc_column][\/vc_row][vc_row css_animation=\u00a0\u00bb\u00a0\u00bb row_type=\u00a0\u00bbrow\u00a0\u00bb use_row_as_full_screen_section=\u00a0\u00bbno\u00a0\u00bb type=\u00a0\u00bbfull_width\u00a0\u00bb angled_section=\u00a0\u00bbno\u00a0\u00bb text_align=\u00a0\u00bbleft\u00a0\u00bb background_image_as_pattern=\u00a0\u00bbwithout_pattern\u00a0\u00bb][vc_column width=\u00a0\u00bb1\/4&Prime;][vc_empty_space][\/vc_column][vc_column width=\u00a0\u00bb1\/4&Prime;][vc_column_text]<\/p>\n<h2 style=\"text-align: center;\">D\u00e9duction fiscale :<\/h2>\n<p>[\/vc_column_text][vc_column_text css=\u00a0\u00bb\u00a0\u00bb]<\/p>\n<h4>L\u2019Entraide est une association d&rsquo;utilit\u00e9 publique.<\/h4>\n<p>&nbsp;<\/p>\n<h4>Par cons\u00e9quent, vous pouvez b\u00e9n\u00e9ficier d\u2019une d\u00e9duction fiscale de 80% du montant vers\u00e9 (plafonn\u00e9e \u00e0 250\u20ac par an, 40% au del\u00e0 de 250 \u20ac de dons) sur l\u2019IRPF.<\/h4>\n<p>&nbsp;<\/p>\n<h4>Exemple :<\/h4>\n<h4>Don de 200\u20ac\u00a0 &#8211; D\u00e9duction fiscale de 160\u20ac\u00a0 = Co\u00fbt r\u00e9el pour le donateur 40\u20ac<\/h4>\n<p>[\/vc_column_text][\/vc_column][vc_column width=\u00a0\u00bb1\/4&Prime;][vc_single_image image=\u00a0\u00bb62681&Prime; img_size=\u00a0\u00bblarge\u00a0\u00bb alignment=\u00a0\u00bbcenter\u00a0\u00bb css=\u00a0\u00bb\u00a0\u00bb qode_css_animation=\u00a0\u00bb\u00a0\u00bb][\/vc_column][vc_column width=\u00a0\u00bb1\/4&Prime;][vc_empty_space][\/vc_column][\/vc_row][vc_row css_animation=\u00a0\u00bb\u00a0\u00bb row_type=\u00a0\u00bbrow\u00a0\u00bb use_row_as_full_screen_section=\u00a0\u00bbno\u00a0\u00bb type=\u00a0\u00bbfull_width\u00a0\u00bb angled_section=\u00a0\u00bbno\u00a0\u00bb text_align=\u00a0\u00bbleft\u00a0\u00bb background_image_as_pattern=\u00a0\u00bbwithout_pattern\u00a0\u00bb][vc_column][vc_empty_space][\/vc_column][\/vc_row][vc_row css_animation=\u00a0\u00bb\u00a0\u00bb row_type=\u00a0\u00bbrow\u00a0\u00bb use_row_as_full_screen_section=\u00a0\u00bbno\u00a0\u00bb type=\u00a0\u00bbfull_width\u00a0\u00bb angled_section=\u00a0\u00bbno\u00a0\u00bb text_align=\u00a0\u00bbleft\u00a0\u00bb background_image_as_pattern=\u00a0\u00bbwithout_pattern\u00a0\u00bb][vc_column width=\u00a0\u00bb1\/4&Prime;][vc_empty_space][\/vc_column][vc_column width=\u00a0\u00bb1\/4&Prime;][vc_single_image image=\u00a0\u00bb22983&Prime; img_size=\u00a0\u00bblarge\u00a0\u00bb alignment=\u00a0\u00bbcenter\u00a0\u00bb css=\u00a0\u00bb\u00a0\u00bb qode_css_animation=\u00a0\u00bb\u00a0\u00bb][\/vc_column][vc_column width=\u00a0\u00bb1\/4&Prime;][vc_empty_space][vc_column_text css=\u00a0\u00bb\u00a0\u00bb]<\/p>\n<h3 style=\"text-align: center;\">\u00c0 quoi servent 100\u20ac de ressources?<\/h3>\n<p>[\/vc_column_text][vc_column_text css=\u00a0\u00bb\u00a0\u00bb]<\/p>\n<h4 style=\"text-align: center;\">25\u20ac Aides au logement<\/h4>\n<h4 style=\"text-align: center;\">20\u20ac Assistance sociale<\/h4>\n<h4 style=\"text-align: center;\">13\u20ac Aides alimentaires<\/h4>\n<h4 style=\"text-align: center;\">10\u20ac Aides m\u00e9dicales<\/h4>\n<h4 style=\"text-align: center;\">9\u20ac Camps d&rsquo;\u00e9t\u00e9<\/h4>\n<h4 style=\"text-align: center;\">8\u20ac Aides juridiques<\/h4>\n<h4 style=\"text-align: center;\">3\u20ac Formation professionnelle<\/h4>\n<p>[\/vc_column_text][vc_empty_space][\/vc_column][vc_column width=\u00a0\u00bb1\/4&Prime;][vc_empty_space][\/vc_column][\/vc_row][vc_row css_animation=\u00a0\u00bb\u00a0\u00bb row_type=\u00a0\u00bbrow\u00a0\u00bb use_row_as_full_screen_section=\u00a0\u00bbno\u00a0\u00bb type=\u00a0\u00bbfull_width\u00a0\u00bb angled_section=\u00a0\u00bbno\u00a0\u00bb text_align=\u00a0\u00bbleft\u00a0\u00bb background_image_as_pattern=\u00a0\u00bbwithout_pattern\u00a0\u00bb][vc_column][vc_empty_space][\/vc_column][\/vc_row]<\/p>\n<\/div>","protected":false},"excerpt":{"rendered":"<p>[vc_row css_animation=\u00a0\u00bb\u00a0\u00bb row_type=\u00a0\u00bbrow\u00a0\u00bb use_row_as_full_screen_section=\u00a0\u00bbyes\u00a0\u00bb type=\u00a0\u00bbfull_width\u00a0\u00bb angled_section=\u00a0\u00bbno\u00a0\u00bb text_align=\u00a0\u00bbleft\u00a0\u00bb background_image_as_pattern=\u00a0\u00bbwithout_pattern\u00a0\u00bb z_index=\u00a0\u00bb\u00a0\u00bb][vc_column width=\u00a0\u00bb1\/6&Prime;][vc_empty_space][\/vc_column][vc_column width=\u00a0\u00bb2\/3&Prime; css=\u00a0\u00bb.vc_custom_1587385485756{padding-left: 30px !important;}\u00a0\u00bb][vc_empty_space][vc_column_text css=\u00a0\u00bb\u00a0\u00bb] La g\u00e9n\u00e9rosit\u00e9 des donateurs est essentielle pour le fonctionnement de l\u2019Entraide. [\/vc_column_text][vc_empty_space][vc_single_image image=\u00a0\u00bb53804&Prime; img_size=\u00a0\u00bbmedium\u00a0\u00bb alignment=\u00a0\u00bbcenter\u00a0\u00bb&#8230;<\/p>\n","protected":false},"author":400,"featured_media":0,"parent":0,"menu_order":0,"comment_status":"closed","ping_status":"closed","template":"full_width.php","meta":{"_acf_changed":false,"footnotes":""},"class_list":["post-23221","page","type-page","status-publish","hentry"],"acf":[],"yoast_head":"<!-- This site is optimized with the Yoast SEO plugin v27.3 - https:\/\/yoast.com\/product\/yoast-seo-wordpress\/ -->\n<title>Faire un don | Entraide Fran\u00e7aise<\/title>\n<meta name=\"description\" content=\"Faire un don | Entraide Fran\u00e7aise |\" \/>\n<meta name=\"robots\" content=\"index, follow, max-snippet:-1, max-image-preview:large, max-video-preview:-1\" \/>\n<link rel=\"canonical\" href=\"https:\/\/lentraide.es\/fr\/faire-un-don\/\" \/>\n<meta property=\"og:locale\" content=\"fr_FR\" \/>\n<meta property=\"og:type\" content=\"article\" \/>\n<meta property=\"og:title\" content=\"Faire un don | Entraide Fran\u00e7aise\" \/>\n<meta property=\"og:description\" content=\"Faire un don | Entraide Fran\u00e7aise |\" \/>\n<meta property=\"og:url\" content=\"https:\/\/lentraide.es\/fr\/faire-un-don\/\" \/>\n<meta property=\"og:site_name\" content=\"Entraide Fran\u00e7aise\" \/>\n<meta property=\"article:publisher\" content=\"https:\/\/www.facebook.com\/entraide.francaisemadrid\" \/>\n<meta property=\"article:modified_time\" content=\"2026-04-16T12:37:34+00:00\" \/>\n<meta name=\"twitter:card\" content=\"summary_large_image\" \/>\n<meta name=\"twitter:label1\" content=\"Tiempo de lectura\" \/>\n\t<meta name=\"twitter:data1\" content=\"3 minutes\" \/>\n<script type=\"application\/ld+json\" class=\"yoast-schema-graph\">{\"@context\":\"https:\\\/\\\/schema.org\",\"@graph\":[{\"@type\":\"WebPage\",\"@id\":\"https:\\\/\\\/lentraide.es\\\/fr\\\/faire-un-don\\\/\",\"url\":\"https:\\\/\\\/lentraide.es\\\/fr\\\/faire-un-don\\\/\",\"name\":\"Faire un don | Entraide Fran\u00e7aise\",\"isPartOf\":{\"@id\":\"https:\\\/\\\/lentraide.es\\\/fr\\\/#website\"},\"datePublished\":\"2020-02-13T11:40:00+00:00\",\"dateModified\":\"2026-04-16T12:37:34+00:00\",\"description\":\"Faire un don | Entraide Fran\u00e7aise |\",\"breadcrumb\":{\"@id\":\"https:\\\/\\\/lentraide.es\\\/fr\\\/faire-un-don\\\/#breadcrumb\"},\"inLanguage\":\"es\",\"potentialAction\":[{\"@type\":\"ReadAction\",\"target\":[\"https:\\\/\\\/lentraide.es\\\/fr\\\/faire-un-don\\\/\"]}]},{\"@type\":\"BreadcrumbList\",\"@id\":\"https:\\\/\\\/lentraide.es\\\/fr\\\/faire-un-don\\\/#breadcrumb\",\"itemListElement\":[{\"@type\":\"ListItem\",\"position\":1,\"name\":\"Accueil\",\"item\":\"https:\\\/\\\/lentraide.es\\\/fr\\\/\"},{\"@type\":\"ListItem\",\"position\":2,\"name\":\"Faire un don\"}]},{\"@type\":\"WebSite\",\"@id\":\"https:\\\/\\\/lentraide.es\\\/fr\\\/#website\",\"url\":\"https:\\\/\\\/lentraide.es\\\/fr\\\/\",\"name\":\"Entraide Fran\u00e7aise\",\"description\":\"Une main tendue vers la France\",\"publisher\":{\"@id\":\"https:\\\/\\\/lentraide.es\\\/fr\\\/#organization\"},\"alternateName\":\"L'entraide\",\"potentialAction\":[{\"@type\":\"SearchAction\",\"target\":{\"@type\":\"EntryPoint\",\"urlTemplate\":\"https:\\\/\\\/lentraide.es\\\/fr\\\/?s={search_term_string}\"},\"query-input\":{\"@type\":\"PropertyValueSpecification\",\"valueRequired\":true,\"valueName\":\"search_term_string\"}}],\"inLanguage\":\"es\"},{\"@type\":\"Organization\",\"@id\":\"https:\\\/\\\/lentraide.es\\\/fr\\\/#organization\",\"name\":\"Entraide Fran\u00e7aise\",\"alternateName\":\"L'entraide\",\"url\":\"https:\\\/\\\/lentraide.es\\\/fr\\\/\",\"logo\":{\"@type\":\"ImageObject\",\"inLanguage\":\"es\",\"@id\":\"https:\\\/\\\/lentraide.es\\\/fr\\\/#\\\/schema\\\/logo\\\/image\\\/\",\"url\":\"https:\\\/\\\/lentraide.es\\\/wp-content\\\/uploads\\\/2015\\\/07\\\/LOGO-azul2.png\",\"contentUrl\":\"https:\\\/\\\/lentraide.es\\\/wp-content\\\/uploads\\\/2015\\\/07\\\/LOGO-azul2.png\",\"width\":232,\"height\":146,\"caption\":\"Entraide Fran\u00e7aise\"},\"image\":{\"@id\":\"https:\\\/\\\/lentraide.es\\\/fr\\\/#\\\/schema\\\/logo\\\/image\\\/\"},\"sameAs\":[\"https:\\\/\\\/www.facebook.com\\\/entraide.francaisemadrid\",\"https:\\\/\\\/www.instagram.com\\\/entraidefrancaisemadrid\\\/\"]}]}<\/script>\n<!-- \/ Yoast SEO plugin. -->","yoast_head_json":{"title":"Faire un don | Entraide Fran\u00e7aise","description":"Faire un don | Entraide Fran\u00e7aise |","robots":{"index":"index","follow":"follow","max-snippet":"max-snippet:-1","max-image-preview":"max-image-preview:large","max-video-preview":"max-video-preview:-1"},"canonical":"https:\/\/lentraide.es\/fr\/faire-un-don\/","og_locale":"fr_FR","og_type":"article","og_title":"Faire un don | Entraide Fran\u00e7aise","og_description":"Faire un don | Entraide Fran\u00e7aise |","og_url":"https:\/\/lentraide.es\/fr\/faire-un-don\/","og_site_name":"Entraide Fran\u00e7aise","article_publisher":"https:\/\/www.facebook.com\/entraide.francaisemadrid","article_modified_time":"2026-04-16T12:37:34+00:00","twitter_card":"summary_large_image","twitter_misc":{"Tiempo de lectura":"3 minutes"},"schema":{"@context":"https:\/\/schema.org","@graph":[{"@type":"WebPage","@id":"https:\/\/lentraide.es\/fr\/faire-un-don\/","url":"https:\/\/lentraide.es\/fr\/faire-un-don\/","name":"Faire un don | Entraide Fran\u00e7aise","isPartOf":{"@id":"https:\/\/lentraide.es\/fr\/#website"},"datePublished":"2020-02-13T11:40:00+00:00","dateModified":"2026-04-16T12:37:34+00:00","description":"Faire un don | Entraide Fran\u00e7aise |","breadcrumb":{"@id":"https:\/\/lentraide.es\/fr\/faire-un-don\/#breadcrumb"},"inLanguage":"es","potentialAction":[{"@type":"ReadAction","target":["https:\/\/lentraide.es\/fr\/faire-un-don\/"]}]},{"@type":"BreadcrumbList","@id":"https:\/\/lentraide.es\/fr\/faire-un-don\/#breadcrumb","itemListElement":[{"@type":"ListItem","position":1,"name":"Accueil","item":"https:\/\/lentraide.es\/fr\/"},{"@type":"ListItem","position":2,"name":"Faire un don"}]},{"@type":"WebSite","@id":"https:\/\/lentraide.es\/fr\/#website","url":"https:\/\/lentraide.es\/fr\/","name":"Entraide Fran\u00e7aise","description":"Une main tendue vers la France","publisher":{"@id":"https:\/\/lentraide.es\/fr\/#organization"},"alternateName":"L'entraide","potentialAction":[{"@type":"SearchAction","target":{"@type":"EntryPoint","urlTemplate":"https:\/\/lentraide.es\/fr\/?s={search_term_string}"},"query-input":{"@type":"PropertyValueSpecification","valueRequired":true,"valueName":"search_term_string"}}],"inLanguage":"es"},{"@type":"Organization","@id":"https:\/\/lentraide.es\/fr\/#organization","name":"Entraide Fran\u00e7aise","alternateName":"L'entraide","url":"https:\/\/lentraide.es\/fr\/","logo":{"@type":"ImageObject","inLanguage":"es","@id":"https:\/\/lentraide.es\/fr\/#\/schema\/logo\/image\/","url":"https:\/\/lentraide.es\/wp-content\/uploads\/2015\/07\/LOGO-azul2.png","contentUrl":"https:\/\/lentraide.es\/wp-content\/uploads\/2015\/07\/LOGO-azul2.png","width":232,"height":146,"caption":"Entraide Fran\u00e7aise"},"image":{"@id":"https:\/\/lentraide.es\/fr\/#\/schema\/logo\/image\/"},"sameAs":["https:\/\/www.facebook.com\/entraide.francaisemadrid","https:\/\/www.instagram.com\/entraidefrancaisemadrid\/"]}]}},"_links":{"self":[{"href":"https:\/\/lentraide.es\/fr\/wp-json\/wp\/v2\/pages\/23221","targetHints":{"allow":["GET"]}}],"collection":[{"href":"https:\/\/lentraide.es\/fr\/wp-json\/wp\/v2\/pages"}],"about":[{"href":"https:\/\/lentraide.es\/fr\/wp-json\/wp\/v2\/types\/page"}],"author":[{"embeddable":true,"href":"https:\/\/lentraide.es\/fr\/wp-json\/wp\/v2\/users\/400"}],"replies":[{"embeddable":true,"href":"https:\/\/lentraide.es\/fr\/wp-json\/wp\/v2\/comments?post=23221"}],"version-history":[{"count":15,"href":"https:\/\/lentraide.es\/fr\/wp-json\/wp\/v2\/pages\/23221\/revisions"}],"predecessor-version":[{"id":63580,"href":"https:\/\/lentraide.es\/fr\/wp-json\/wp\/v2\/pages\/23221\/revisions\/63580"}],"wp:attachment":[{"href":"https:\/\/lentraide.es\/fr\/wp-json\/wp\/v2\/media?parent=23221"}],"curies":[{"name":"wp","href":"https:\/\/api.w.org\/{rel}","templated":true}]}}