{"id":35000,"date":"2024-11-01T00:00:22","date_gmt":"2024-10-31T23:00:22","guid":{"rendered":"https:\/\/lentraide.es\/?page_id=35000"},"modified":"2025-12-15T12:11:03","modified_gmt":"2025-12-15T11:11:03","slug":"noel","status":"publish","type":"page","link":"https:\/\/lentraide.es\/fr\/noel\/","title":{"rendered":"Accueil &#8211; March\u00e9 de No\u00ebl"},"content":{"rendered":"<div class=\"wpb-content-wrapper\"><p>[vc_row css_animation=\u00a0\u00bb\u00a0\u00bb row_type=\u00a0\u00bbrow\u00a0\u00bb use_row_as_full_screen_section=\u00a0\u00bbno\u00a0\u00bb type=\u00a0\u00bbgrid\u00a0\u00bb angled_section=\u00a0\u00bbno\u00a0\u00bb text_align=\u00a0\u00bbleft\u00a0\u00bb background_image_as_pattern=\u00a0\u00bbwithout_pattern\u00a0\u00bb css=\u00a0\u00bb.vc_custom_1730410908403{margin-top: 120px !important;margin-right: 20px !important;margin-left: 20px !important;padding-top: 32px !important;padding-bottom: 32px !important;background-color: #D01729 !important;border-radius: 25px !important;}\u00a0\u00bb z_index=\u00a0\u00bb\u00a0\u00bb][vc_column][vc_empty_space height=\u00a0\u00bb50&Prime;][vc_row_inner row_type=\u00a0\u00bbrow\u00a0\u00bb type=\u00a0\u00bbfull_width\u00a0\u00bb text_align=\u00a0\u00bbleft\u00a0\u00bb css_animation=\u00a0\u00bb\u00a0\u00bb][vc_column_inner][vc_column_text css=\u00a0\u00bb\u00a0\u00bb]<\/p>\n<h1 style=\"text-align: center;\"><strong style=\"color: white;\">Le March\u00e9 de No\u00ebl de l&rsquo;Entraide, c&rsquo;est ce dimanche 14 D\u00e9cembre !<\/strong><\/h1>\n<p>[\/vc_column_text][vc_empty_space][\/vc_column_inner][\/vc_row_inner][vc_row_inner row_type=\u00a0\u00bbrow\u00a0\u00bb type=\u00a0\u00bbfull_width\u00a0\u00bb text_align=\u00a0\u00bbleft\u00a0\u00bb css_animation=\u00a0\u00bb\u00a0\u00bb][vc_column_inner width=\u00a0\u00bb1\/2&Prime;][vc_empty_space height=\u00a0\u00bb10px\u00a0\u00bb][vc_single_image image=\u00a0\u00bb61618&Prime; img_size=\u00a0\u00bblarge\u00a0\u00bb alignment=\u00a0\u00bbcenter\u00a0\u00bb onclick=\u00a0\u00bbcustom_link\u00a0\u00bb img_link_target=\u00a0\u00bb_blank\u00a0\u00bb css=\u00a0\u00bb\u00a0\u00bb qode_css_animation=\u00a0\u00bb\u00a0\u00bb link=\u00a0\u00bbhttp:\/\/www.lentraide.es\/fr\/decouvrir-marche-noel-entraide\u00a0\u00bb][\/vc_column_inner][vc_column_inner width=\u00a0\u00bb1\/4&Prime;][vc_empty_space height=\u00a0\u00bb10px\u00a0\u00bb][vc_single_image image=\u00a0\u00bb62080&Prime; img_size=\u00a0\u00bbmedium\u00a0\u00bb alignment=\u00a0\u00bbcenter\u00a0\u00bb style=\u00a0\u00bbvc_box_rounded\u00a0\u00bb onclick=\u00a0\u00bbcustom_link\u00a0\u00bb img_link_target=\u00a0\u00bb_blank\u00a0\u00bb css=\u00a0\u00bb\u00a0\u00bb qode_css_animation=\u00a0\u00bb\u00a0\u00bb link=\u00a0\u00bbhttps:\/\/lentraide.es\/fr\/decouvrir-marche-noel-entraide\/\u00a0\u00bb][vc_empty_space height=\u00a0\u00bb10px\u00a0\u00bb][vc_single_image image=\u00a0\u00bb62078&Prime; img_size=\u00a0\u00bbmedium\u00a0\u00bb alignment=\u00a0\u00bbcenter\u00a0\u00bb style=\u00a0\u00bbvc_box_rounded\u00a0\u00bb onclick=\u00a0\u00bbcustom_link\u00a0\u00bb img_link_target=\u00a0\u00bb_blank\u00a0\u00bb css=\u00a0\u00bb\u00a0\u00bb qode_css_animation=\u00a0\u00bb\u00a0\u00bb link=\u00a0\u00bbhttps:\/\/lentraide.es\/fr\/tienda\/don-noel\/\u00a0\u00bb][\/vc_column_inner][vc_column_inner width=\u00a0\u00bb1\/4&Prime;][vc_empty_space height=\u00a0\u00bb10px\u00a0\u00bb][vc_single_image image=\u00a0\u00bb62458&Prime; img_size=\u00a0\u00bbmedium\u00a0\u00bb alignment=\u00a0\u00bbcenter\u00a0\u00bb style=\u00a0\u00bbvc_box_rounded\u00a0\u00bb onclick=\u00a0\u00bbcustom_link\u00a0\u00bb img_link_target=\u00a0\u00bb_blank\u00a0\u00bb css=\u00a0\u00bb\u00a0\u00bb qode_css_animation=\u00a0\u00bb\u00a0\u00bb link=\u00a0\u00bbhttps:\/\/lentraide.es\/fr\/stand-huitres\/\u00a0\u00bb][vc_empty_space height=\u00a0\u00bb10px\u00a0\u00bb][vc_single_image image=\u00a0\u00bb62521&Prime; img_size=\u00a0\u00bbmedium\u00a0\u00bb alignment=\u00a0\u00bbcenter\u00a0\u00bb style=\u00a0\u00bbvc_box_rounded\u00a0\u00bb onclick=\u00a0\u00bbcustom_link\u00a0\u00bb img_link_target=\u00a0\u00bb_blank\u00a0\u00bb css=\u00a0\u00bb\u00a0\u00bb qode_css_animation=\u00a0\u00bb\u00a0\u00bb link=\u00a0\u00bbhttps:\/\/lentraide.es\/wp-content\/uploads\/2025\/12\/Tombola-Vente-de-Noel-2025-billets-gagnants-WEB.pdf\u00a0\u00bb][\/vc_column_inner][\/vc_row_inner][\/vc_column][\/vc_row][vc_row css_animation=\u00a0\u00bb\u00a0\u00bb row_type=\u00a0\u00bbrow\u00a0\u00bb use_row_as_full_screen_section=\u00a0\u00bbno\u00a0\u00bb type=\u00a0\u00bbfull_width\u00a0\u00bb angled_section=\u00a0\u00bbno\u00a0\u00bb text_align=\u00a0\u00bbleft\u00a0\u00bb background_image_as_pattern=\u00a0\u00bbwithout_pattern\u00a0\u00bb z_index=\u00a0\u00bb\u00a0\u00bb][vc_column][vc_empty_space][\/vc_column][\/vc_row][vc_row css_animation=\u00a0\u00bb\u00a0\u00bb row_type=\u00a0\u00bbrow\u00a0\u00bb use_row_as_full_screen_section=\u00a0\u00bbno\u00a0\u00bb type=\u00a0\u00bbfull_width\u00a0\u00bb angled_section=\u00a0\u00bbno\u00a0\u00bb text_align=\u00a0\u00bbleft\u00a0\u00bb background_image_as_pattern=\u00a0\u00bbwithout_pattern\u00a0\u00bb z_index=\u00a0\u00bb\u00a0\u00bb css=\u00a0\u00bb.vc_custom_1729713733097{margin-right: 20px !important;margin-left: 20px !important;padding-top: 32px !important;padding-bottom: 32px !important;background-color: #DFDCDC !important;border-radius: 25px !important;}\u00a0\u00bb][vc_column][vc_row_inner row_type=\u00a0\u00bbrow\u00a0\u00bb type=\u00a0\u00bbfull_width\u00a0\u00bb text_align=\u00a0\u00bbleft\u00a0\u00bb css_animation=\u00a0\u00bb\u00a0\u00bb][vc_column_inner][vc_empty_space height=\u00a0\u00bb10px\u00a0\u00bb][vc_column_text]<\/p>\n<h2 style=\"text-align: center;\">Nos actions<\/h2>\n<p>[\/vc_column_text][vc_empty_space][\/vc_column_inner][\/vc_row_inner][vc_row_inner row_type=\u00a0\u00bbrow\u00a0\u00bb type=\u00a0\u00bbfull_width\u00a0\u00bb text_align=\u00a0\u00bbleft\u00a0\u00bb css_animation=\u00a0\u00bb\u00a0\u00bb][vc_column_inner width=\u00a0\u00bb1\/3&Prime;]<div class=\"q_image_with_text_over\"><div class=\"shader\" ><\/div><img decoding=\"async\" itemprop=\"image\" src=\"https:\/\/lentraide.es\/wp-content\/uploads\/2023\/03\/grocery-shopping-concept-PHSC4QN-FILEminimizer-1.webp\" alt=\"grocery-shopping-concept\" \/><div class=\"text\"><table><tr><td><h3 class=\"caption no_icon\" style=\"\">Aider dans l&#039;urgence<\/h3><\/td><\/tr><\/table><table><tr><td><div class=\"desc\"><a  itemprop=\"url\" href=\"https:\/\/lentraide.es\/fr\/aider-dans-lurgence\/\" target=\"_blank\"  class=\"qbutton  medium center white default\" style=\"color: #FFFFFF; border-color: #FFFFFF; font-style: normal; \">En savoir plus<\/a><\/div><\/td><\/tr><\/table><\/div><\/div>[vc_empty_space][\/vc_column_inner][vc_column_inner width=\u00a0\u00bb1\/3&Prime;]<div class=\"q_image_with_text_over\"><div class=\"shader\" ><\/div><img decoding=\"async\" itemprop=\"image\" src=\"https:\/\/lentraide.es\/wp-content\/uploads\/2023\/03\/les-soins-medicaux.webp\" alt=\"les-soins-medicaux\" \/><div class=\"text\"><table><tr><td><h3 class=\"caption no_icon\" style=\"\">Accompagner pour surmonter un obstacle de la vie<\/h3><\/td><\/tr><\/table><table><tr><td><div class=\"desc\"><a  itemprop=\"url\" href=\"https:\/\/lentraide.es\/fr\/accompagner-obstacle-vie\/\" target=\"_blank\"  class=\"qbutton  medium center white default\" style=\"color: #FFFFFF; border-color: #FFFFFF; font-style: normal; \">En savoir plus<\/a><\/div><\/td><\/tr><\/table><\/div><\/div>[vc_empty_space][\/vc_column_inner][vc_column_inner width=\u00a0\u00bb1\/3&Prime;]<div class=\"q_image_with_text_over\"><div class=\"shader\" ><\/div><img decoding=\"async\" itemprop=\"image\" src=\"https:\/\/lentraide.es\/wp-content\/uploads\/2023\/03\/helping-hand-Z7FUTM6-FILEminimizer.webp\" alt=\"helping-hand\" \/><div class=\"text\"><table><tr><td><h3 class=\"caption no_icon\" style=\"\">Reconstruire un projet de vie<\/h3><\/td><\/tr><\/table><table><tr><td><div class=\"desc\"><a  itemprop=\"url\" href=\"https:\/\/lentraide.es\/fr\/reconstruire-projet-vie\/\" target=\"_blank\"  class=\"qbutton  medium center white default\" style=\"color: #FFFFFF; border-color: #FFFFFF; font-style: normal; \">En savoir plus<\/a><\/div><\/td><\/tr><\/table><\/div><\/div>[vc_empty_space][\/vc_column_inner][\/vc_row_inner][vc_row_inner row_type=\u00a0\u00bbrow\u00a0\u00bb type=\u00a0\u00bbfull_width\u00a0\u00bb text_align=\u00a0\u00bbleft\u00a0\u00bb css_animation=\u00a0\u00bb\u00a0\u00bb][vc_column_inner width=\u00a0\u00bb1\/6&Prime;][\/vc_column_inner][vc_column_inner width=\u00a0\u00bb1\/3&Prime;]<div class=\"q_image_with_text_over\"><div class=\"shader\" ><\/div><img decoding=\"async\" itemprop=\"image\" src=\"https:\/\/lentraide.es\/wp-content\/uploads\/2023\/03\/Assemblee-de-jeunes-1.webp\" alt=\"Assemblee-de-jeunes\" \/><div class=\"text\"><table><tr><td><h3 class=\"caption no_icon\" style=\"\">Pr\u00e9parer l\u2019avenir des plus jeunes<\/h3><\/td><\/tr><\/table><table><tr><td><div class=\"desc\"><a  itemprop=\"url\" href=\"https:\/\/lentraide.es\/fr\/preparer-avenir-jeunes\/\" target=\"_blank\"  class=\"qbutton  medium center white default\" style=\"color: #FFFFFF; border-color: #FFFFFF; font-style: normal; \">En savoir plus<\/a><\/div><\/td><\/tr><\/table><\/div><\/div>[\/vc_column_inner][vc_column_inner width=\u00a0\u00bb1\/3&Prime;]<div class=\"q_image_with_text_over\"><div class=\"shader\" ><\/div><img decoding=\"async\" itemprop=\"image\" src=\"https:\/\/lentraide.es\/wp-content\/uploads\/2025\/03\/senior-people-watching-televison-together-XMCES7F-FILEminimizer-e1676131374708-1.webp\" alt=\"senior-people-watching-televison-together\" \/><div class=\"text\"><table><tr><td><h3 class=\"caption no_icon\" style=\"\">Vaincre la solitude<\/h3><\/td><\/tr><\/table><table><tr><td><div class=\"desc\"><a  itemprop=\"url\" href=\"https:\/\/lentraide.es\/fr\/accompagner-personnes-agees\/\" target=\"_blank\"  class=\"qbutton  medium center white default\" style=\"color: #FFFFFF; border-color: #FFFFFF; font-style: normal; \">En savoir plus<\/a><\/div><\/td><\/tr><\/table><\/div><\/div>[\/vc_column_inner][vc_column_inner width=\u00a0\u00bb1\/6&Prime;][\/vc_column_inner][\/vc_row_inner][\/vc_column][\/vc_row][vc_row css_animation=\u00a0\u00bb\u00a0\u00bb row_type=\u00a0\u00bbrow\u00a0\u00bb use_row_as_full_screen_section=\u00a0\u00bbno\u00a0\u00bb type=\u00a0\u00bbfull_width\u00a0\u00bb angled_section=\u00a0\u00bbno\u00a0\u00bb text_align=\u00a0\u00bbleft\u00a0\u00bb background_image_as_pattern=\u00a0\u00bbwithout_pattern\u00a0\u00bb z_index=\u00a0\u00bb\u00a0\u00bb][vc_column][vc_empty_space][\/vc_column][\/vc_row][vc_row css_animation=\u00a0\u00bb\u00a0\u00bb row_type=\u00a0\u00bbrow\u00a0\u00bb use_row_as_full_screen_section=\u00a0\u00bbno\u00a0\u00bb type=\u00a0\u00bbgrid\u00a0\u00bb angled_section=\u00a0\u00bbno\u00a0\u00bb text_align=\u00a0\u00bbleft\u00a0\u00bb background_image_as_pattern=\u00a0\u00bbwithout_pattern\u00a0\u00bb z_index=\u00a0\u00bb\u00a0\u00bb css=\u00a0\u00bb.vc_custom_1729872905843{margin-right: 20px !important;margin-left: 20px !important;padding-top: 32px !important;padding-bottom: 32px !important;background-color: #D01729 !important;border-radius: 25px !important;}\u00a0\u00bb][vc_column][vc_row_inner row_type=\u00a0\u00bbrow\u00a0\u00bb type=\u00a0\u00bbfull_width\u00a0\u00bb text_align=\u00a0\u00bbleft\u00a0\u00bb css_animation=\u00a0\u00bb\u00a0\u00bb][vc_column_inner][vc_empty_space height=\u00a0\u00bb10px\u00a0\u00bb][vc_column_text css=\u00a0\u00bb\u00a0\u00bb]<\/p>\n<h4 style=\"text-align: center;\"><span style=\"color: #ffffff;\"><strong>Nos coordonn\u00e9es bancaires pour vos virements :<\/strong><\/span><\/h4>\n<h4 style=\"text-align: center;\"><span style=\"color: #ffffff;\"><strong>ABANCA &#8211; ES17 2080 3867 7430 4000 7247 &#8211; CAGLESMMXXX<\/strong><\/span><\/h4>\n<h4 style=\"text-align: center;\"><span style=\"color: #ffffff;\"><strong>CAIXABANK &#8211; ES71 2100 4991 6722 0009 1556 &#8211; CAIXESBBXXX<\/strong><\/span><\/h4>\n<p>[\/vc_column_text][vc_empty_space height=\u00a0\u00bb10px\u00a0\u00bb][\/vc_column_inner][\/vc_row_inner][\/vc_column][\/vc_row][vc_row css_animation=\u00a0\u00bb\u00a0\u00bb row_type=\u00a0\u00bbrow\u00a0\u00bb use_row_as_full_screen_section=\u00a0\u00bbno\u00a0\u00bb type=\u00a0\u00bbfull_width\u00a0\u00bb angled_section=\u00a0\u00bbno\u00a0\u00bb text_align=\u00a0\u00bbleft\u00a0\u00bb background_image_as_pattern=\u00a0\u00bbwithout_pattern\u00a0\u00bb z_index=\u00a0\u00bb\u00a0\u00bb][vc_column][vc_empty_space][\/vc_column][\/vc_row][vc_row css_animation=\u00a0\u00bb\u00a0\u00bb row_type=\u00a0\u00bbrow\u00a0\u00bb use_row_as_full_screen_section=\u00a0\u00bbno\u00a0\u00bb type=\u00a0\u00bbgrid\u00a0\u00bb angled_section=\u00a0\u00bbno\u00a0\u00bb text_align=\u00a0\u00bbleft\u00a0\u00bb background_image_as_pattern=\u00a0\u00bbwithout_pattern\u00a0\u00bb css=\u00a0\u00bb.vc_custom_1729713642172{margin-right: 20px !important;margin-left: 20px !important;padding-top: 32px !important;padding-bottom: 32px !important;background-color: #578bde !important;border-radius: 25px !important;}\u00a0\u00bb z_index=\u00a0\u00bb\u00a0\u00bb][vc_column][vc_row_inner row_type=\u00a0\u00bbrow\u00a0\u00bb type=\u00a0\u00bbgrid\u00a0\u00bb text_align=\u00a0\u00bbleft\u00a0\u00bb css_animation=\u00a0\u00bb\u00a0\u00bb][\/vc_row_inner][vc_column_inner width=\u00a0\u00bb1\/4&Prime;][\/vc_column_inner][vc_empty_space height=\u00a0\u00bb1px\u00a0\u00bb][vc_row_inner row_type=\u00a0\u00bbrow\u00a0\u00bb type=\u00a0\u00bbgrid\u00a0\u00bb text_align=\u00a0\u00bbleft\u00a0\u00bb css_animation=\u00a0\u00bb\u00a0\u00bb][vc_column_inner width=\u00a0\u00bb1\/4&Prime;][vc_single_image image=\u00a0\u00bb22999&Prime; alignment=\u00a0\u00bbcenter\u00a0\u00bb onclick=\u00a0\u00bbcustom_link\u00a0\u00bb qode_css_animation=\u00a0\u00bb\u00a0\u00bb link=\u00a0\u00bb\/devenir-membre\/\u00a0\u00bb][vc_empty_space height=\u00a0\u00bb22px\u00a0\u00bb][vc_column_text css=\u00a0\u00bb\u00a0\u00bb]<\/p>\n<h4 style=\"text-align: center;\"><strong><span style=\"color: #ffffff;\">\u00catre membre de l&rsquo;association<\/span><\/strong><\/h4>\n<p>[\/vc_column_text][vc_empty_space height=\u00a0\u00bb10px\u00a0\u00bb][\/vc_column_inner][vc_column_inner width=\u00a0\u00bb1\/4&Prime;][vc_single_image image=\u00a0\u00bb22997&Prime; alignment=\u00a0\u00bbcenter\u00a0\u00bb onclick=\u00a0\u00bbcustom_link\u00a0\u00bb qode_css_animation=\u00a0\u00bb\u00a0\u00bb link=\u00a0\u00bb\/faire-un-don\/\u00a0\u00bb][vc_empty_space height=\u00a0\u00bb22px\u00a0\u00bb][vc_column_text css=\u00a0\u00bb\u00a0\u00bb]<\/p>\n<h4 style=\"text-align: center;\"><span style=\"color: #ffffff;\"><strong>Faire un don<\/strong><\/span><\/h4>\n<p>[\/vc_column_text][vc_empty_space height=\u00a0\u00bb10px\u00a0\u00bb][\/vc_column_inner][vc_column_inner width=\u00a0\u00bb1\/4&Prime;][vc_single_image image=\u00a0\u00bb22993&Prime; alignment=\u00a0\u00bbcenter\u00a0\u00bb onclick=\u00a0\u00bbcustom_link\u00a0\u00bb qode_css_animation=\u00a0\u00bb\u00a0\u00bb link=\u00a0\u00bb\/devenir-benevole\/\u00a0\u00bb][vc_empty_space height=\u00a0\u00bb22px\u00a0\u00bb][vc_column_text]<\/p>\n<h4 style=\"text-align: center;\"><strong><span style=\"color: #ffffff;\">\u00catre b\u00e9n\u00e9vole<\/span><\/strong><\/h4>\n<p>[\/vc_column_text][vc_empty_space height=\u00a0\u00bb10px\u00a0\u00bb][\/vc_column_inner][vc_column_inner width=\u00a0\u00bb1\/4&Prime;][vc_single_image image=\u00a0\u00bb22995&Prime; alignment=\u00a0\u00bbcenter\u00a0\u00bb onclick=\u00a0\u00bbcustom_link\u00a0\u00bb css=\u00a0\u00bb\u00a0\u00bb qode_css_animation=\u00a0\u00bb\u00a0\u00bb link=\u00a0\u00bb\/devenir-partenaire\/\u00a0\u00bb][vc_empty_space height=\u00a0\u00bb22px\u00a0\u00bb][vc_column_text]<\/p>\n<h4 style=\"text-align: center;\"><strong><span style=\"color: #ffffff;\">\u00catre partenaire<\/span><\/strong><\/h4>\n<p>[\/vc_column_text][vc_empty_space height=\u00a0\u00bb10px\u00a0\u00bb][\/vc_column_inner][\/vc_row_inner][\/vc_column][\/vc_row][vc_row css_animation=\u00a0\u00bb\u00a0\u00bb row_type=\u00a0\u00bbrow\u00a0\u00bb use_row_as_full_screen_section=\u00a0\u00bbno\u00a0\u00bb type=\u00a0\u00bbfull_width\u00a0\u00bb angled_section=\u00a0\u00bbno\u00a0\u00bb text_align=\u00a0\u00bbleft\u00a0\u00bb background_image_as_pattern=\u00a0\u00bbwithout_pattern\u00a0\u00bb z_index=\u00a0\u00bb\u00a0\u00bb][vc_column][vc_empty_space height=\u00a0\u00bb33px\u00a0\u00bb][\/vc_column][\/vc_row]<\/p>\n<\/div>","protected":false},"excerpt":{"rendered":"<p>[vc_row css_animation=\u00a0\u00bb\u00a0\u00bb row_type=\u00a0\u00bbrow\u00a0\u00bb use_row_as_full_screen_section=\u00a0\u00bbno\u00a0\u00bb type=\u00a0\u00bbgrid\u00a0\u00bb angled_section=\u00a0\u00bbno\u00a0\u00bb text_align=\u00a0\u00bbleft\u00a0\u00bb background_image_as_pattern=\u00a0\u00bbwithout_pattern\u00a0\u00bb css=\u00a0\u00bb.vc_custom_1730410908403{margin-top: 120px !important;margin-right: 20px !important;margin-left: 20px !important;padding-top: 32px !important;padding-bottom: 32px !important;background-color: #D01729 !important;border-radius: 25px !important;}\u00a0\u00bb z_index=\u00a0\u00bb\u00a0\u00bb][vc_column][vc_empty_space height=\u00a0\u00bb50&Prime;][vc_row_inner row_type=\u00a0\u00bbrow\u00a0\u00bb type=\u00a0\u00bbfull_width\u00a0\u00bb text_align=\u00a0\u00bbleft\u00a0\u00bb css_animation=\u00a0\u00bb\u00a0\u00bb][vc_column_inner][vc_column_text css=\u00a0\u00bb\u00a0\u00bb]&#8230;<\/p>\n","protected":false},"author":3,"featured_media":0,"parent":0,"menu_order":0,"comment_status":"closed","ping_status":"closed","template":"full_width.php","meta":{"_acf_changed":false,"footnotes":""},"class_list":["post-35000","page","type-page","status-publish","hentry"],"acf":[],"yoast_head":"<!-- This site is optimized with the Yoast SEO plugin v26.9 - https:\/\/yoast.com\/product\/yoast-seo-wordpress\/ -->\n<title>Accueil - March\u00e9 de No\u00ebl | Entraide Fran\u00e7aise<\/title>\n<meta name=\"description\" content=\"Accueil - March\u00e9 de No\u00ebl | Entraide Fran\u00e7aise |\" \/>\n<meta name=\"robots\" content=\"index, follow, max-snippet:-1, max-image-preview:large, max-video-preview:-1\" \/>\n<link rel=\"canonical\" href=\"https:\/\/lentraide.es\/fr\/\" \/>\n<meta property=\"og:locale\" content=\"fr_FR\" \/>\n<meta property=\"og:type\" content=\"article\" \/>\n<meta property=\"og:title\" content=\"Accueil - March\u00e9 de No\u00ebl | Entraide Fran\u00e7aise\" \/>\n<meta property=\"og:description\" content=\"Accueil - March\u00e9 de No\u00ebl | Entraide Fran\u00e7aise |\" \/>\n<meta property=\"og:url\" content=\"https:\/\/lentraide.es\/fr\/\" \/>\n<meta property=\"og:site_name\" content=\"Entraide Fran\u00e7aise\" \/>\n<meta property=\"article:publisher\" content=\"https:\/\/www.facebook.com\/entraide.francaisemadrid\" \/>\n<meta property=\"article:modified_time\" content=\"2025-12-15T11:11:03+00:00\" \/>\n<meta name=\"twitter:card\" content=\"summary_large_image\" \/>\n<meta name=\"twitter:label1\" content=\"Tiempo de lectura\" \/>\n\t<meta name=\"twitter:data1\" content=\"3 minutes\" \/>\n<script type=\"application\/ld+json\" class=\"yoast-schema-graph\">{\"@context\":\"https:\/\/schema.org\",\"@graph\":[{\"@type\":\"WebPage\",\"@id\":\"https:\/\/lentraide.es\/fr\/\",\"url\":\"https:\/\/lentraide.es\/fr\/\",\"name\":\"Accueil - March\u00e9 de No\u00ebl | Entraide Fran\u00e7aise\",\"isPartOf\":{\"@id\":\"https:\/\/lentraide.es\/fr\/#website\"},\"datePublished\":\"2024-10-31T23:00:22+00:00\",\"dateModified\":\"2025-12-15T11:11:03+00:00\",\"description\":\"Accueil - March\u00e9 de No\u00ebl | Entraide Fran\u00e7aise |\",\"breadcrumb\":{\"@id\":\"https:\/\/lentraide.es\/fr\/#breadcrumb\"},\"inLanguage\":\"es\",\"potentialAction\":[{\"@type\":\"ReadAction\",\"target\":[\"https:\/\/lentraide.es\/fr\/\"]}]},{\"@type\":\"BreadcrumbList\",\"@id\":\"https:\/\/lentraide.es\/fr\/#breadcrumb\",\"itemListElement\":[{\"@type\":\"ListItem\",\"position\":1,\"name\":\"Accueil\",\"item\":\"https:\/\/lentraide.es\/fr\/\"},{\"@type\":\"ListItem\",\"position\":2,\"name\":\"Accueil &#8211; March\u00e9 de No\u00ebl\"}]},{\"@type\":\"WebSite\",\"@id\":\"https:\/\/lentraide.es\/fr\/#website\",\"url\":\"https:\/\/lentraide.es\/fr\/\",\"name\":\"Entraide Fran\u00e7aise\",\"description\":\"Une main tendue vers la France\",\"publisher\":{\"@id\":\"https:\/\/lentraide.es\/fr\/#organization\"},\"alternateName\":\"L'entraide\",\"potentialAction\":[{\"@type\":\"SearchAction\",\"target\":{\"@type\":\"EntryPoint\",\"urlTemplate\":\"https:\/\/lentraide.es\/fr\/?s={search_term_string}\"},\"query-input\":{\"@type\":\"PropertyValueSpecification\",\"valueRequired\":true,\"valueName\":\"search_term_string\"}}],\"inLanguage\":\"es\"},{\"@type\":\"Organization\",\"@id\":\"https:\/\/lentraide.es\/fr\/#organization\",\"name\":\"Entraide Fran\u00e7aise\",\"alternateName\":\"L'entraide\",\"url\":\"https:\/\/lentraide.es\/fr\/\",\"logo\":{\"@type\":\"ImageObject\",\"inLanguage\":\"es\",\"@id\":\"https:\/\/lentraide.es\/fr\/#\/schema\/logo\/image\/\",\"url\":\"https:\/\/lentraide.es\/wp-content\/uploads\/2015\/07\/LOGO-azul2.png\",\"contentUrl\":\"https:\/\/lentraide.es\/wp-content\/uploads\/2015\/07\/LOGO-azul2.png\",\"width\":232,\"height\":146,\"caption\":\"Entraide Fran\u00e7aise\"},\"image\":{\"@id\":\"https:\/\/lentraide.es\/fr\/#\/schema\/logo\/image\/\"},\"sameAs\":[\"https:\/\/www.facebook.com\/entraide.francaisemadrid\",\"https:\/\/www.instagram.com\/entraidefrancaisemadrid\/\"]}]}<\/script>\n<!-- \/ Yoast SEO plugin. -->","yoast_head_json":{"title":"Accueil - March\u00e9 de No\u00ebl | Entraide Fran\u00e7aise","description":"Accueil - March\u00e9 de No\u00ebl | Entraide Fran\u00e7aise |","robots":{"index":"index","follow":"follow","max-snippet":"max-snippet:-1","max-image-preview":"max-image-preview:large","max-video-preview":"max-video-preview:-1"},"canonical":"https:\/\/lentraide.es\/fr\/","og_locale":"fr_FR","og_type":"article","og_title":"Accueil - March\u00e9 de No\u00ebl | Entraide Fran\u00e7aise","og_description":"Accueil - March\u00e9 de No\u00ebl | Entraide Fran\u00e7aise |","og_url":"https:\/\/lentraide.es\/fr\/","og_site_name":"Entraide Fran\u00e7aise","article_publisher":"https:\/\/www.facebook.com\/entraide.francaisemadrid","article_modified_time":"2025-12-15T11:11:03+00:00","twitter_card":"summary_large_image","twitter_misc":{"Tiempo de lectura":"3 minutes"},"schema":{"@context":"https:\/\/schema.org","@graph":[{"@type":"WebPage","@id":"https:\/\/lentraide.es\/fr\/","url":"https:\/\/lentraide.es\/fr\/","name":"Accueil - March\u00e9 de No\u00ebl | Entraide Fran\u00e7aise","isPartOf":{"@id":"https:\/\/lentraide.es\/fr\/#website"},"datePublished":"2024-10-31T23:00:22+00:00","dateModified":"2025-12-15T11:11:03+00:00","description":"Accueil - March\u00e9 de No\u00ebl | Entraide Fran\u00e7aise |","breadcrumb":{"@id":"https:\/\/lentraide.es\/fr\/#breadcrumb"},"inLanguage":"es","potentialAction":[{"@type":"ReadAction","target":["https:\/\/lentraide.es\/fr\/"]}]},{"@type":"BreadcrumbList","@id":"https:\/\/lentraide.es\/fr\/#breadcrumb","itemListElement":[{"@type":"ListItem","position":1,"name":"Accueil","item":"https:\/\/lentraide.es\/fr\/"},{"@type":"ListItem","position":2,"name":"Accueil &#8211; March\u00e9 de No\u00ebl"}]},{"@type":"WebSite","@id":"https:\/\/lentraide.es\/fr\/#website","url":"https:\/\/lentraide.es\/fr\/","name":"Entraide Fran\u00e7aise","description":"Une main tendue vers la France","publisher":{"@id":"https:\/\/lentraide.es\/fr\/#organization"},"alternateName":"L'entraide","potentialAction":[{"@type":"SearchAction","target":{"@type":"EntryPoint","urlTemplate":"https:\/\/lentraide.es\/fr\/?s={search_term_string}"},"query-input":{"@type":"PropertyValueSpecification","valueRequired":true,"valueName":"search_term_string"}}],"inLanguage":"es"},{"@type":"Organization","@id":"https:\/\/lentraide.es\/fr\/#organization","name":"Entraide Fran\u00e7aise","alternateName":"L'entraide","url":"https:\/\/lentraide.es\/fr\/","logo":{"@type":"ImageObject","inLanguage":"es","@id":"https:\/\/lentraide.es\/fr\/#\/schema\/logo\/image\/","url":"https:\/\/lentraide.es\/wp-content\/uploads\/2015\/07\/LOGO-azul2.png","contentUrl":"https:\/\/lentraide.es\/wp-content\/uploads\/2015\/07\/LOGO-azul2.png","width":232,"height":146,"caption":"Entraide Fran\u00e7aise"},"image":{"@id":"https:\/\/lentraide.es\/fr\/#\/schema\/logo\/image\/"},"sameAs":["https:\/\/www.facebook.com\/entraide.francaisemadrid","https:\/\/www.instagram.com\/entraidefrancaisemadrid\/"]}]}},"_links":{"self":[{"href":"https:\/\/lentraide.es\/fr\/wp-json\/wp\/v2\/pages\/35000","targetHints":{"allow":["GET"]}}],"collection":[{"href":"https:\/\/lentraide.es\/fr\/wp-json\/wp\/v2\/pages"}],"about":[{"href":"https:\/\/lentraide.es\/fr\/wp-json\/wp\/v2\/types\/page"}],"author":[{"embeddable":true,"href":"https:\/\/lentraide.es\/fr\/wp-json\/wp\/v2\/users\/3"}],"replies":[{"embeddable":true,"href":"https:\/\/lentraide.es\/fr\/wp-json\/wp\/v2\/comments?post=35000"}],"version-history":[{"count":0,"href":"https:\/\/lentraide.es\/fr\/wp-json\/wp\/v2\/pages\/35000\/revisions"}],"wp:attachment":[{"href":"https:\/\/lentraide.es\/fr\/wp-json\/wp\/v2\/media?parent=35000"}],"curies":[{"name":"wp","href":"https:\/\/api.w.org\/{rel}","templated":true}]}}