{"id":62342,"date":"2025-11-29T11:17:02","date_gmt":"2025-11-29T10:17:02","guid":{"rendered":"https:\/\/lentraide.es\/?page_id=62342"},"modified":"2026-03-04T14:23:08","modified_gmt":"2026-03-04T13:23:08","slug":"aider-dans-lurgence","status":"publish","type":"page","link":"https:\/\/lentraide.es\/fr\/aider-dans-lurgence\/","title":{"rendered":"Aider dans l&rsquo;urgence"},"content":{"rendered":"<div class=\"wpb-content-wrapper\"><p>[vc_row css_animation=\u00a0\u00bb\u00a0\u00bb row_type=\u00a0\u00bbrow\u00a0\u00bb use_row_as_full_screen_section=\u00a0\u00bbno\u00a0\u00bb type=\u00a0\u00bbgrid\u00a0\u00bb angled_section=\u00a0\u00bbno\u00a0\u00bb text_align=\u00a0\u00bbleft\u00a0\u00bb background_image_as_pattern=\u00a0\u00bbwithout_pattern\u00a0\u00bb z_index=\u00a0\u00bb\u00a0\u00bb][vc_column width=\u00a0\u00bb1\/6&Prime;][vc_empty_space height=\u00a0\u00bb20px\u00a0\u00bb][\/vc_column][vc_column width=\u00a0\u00bb2\/3&Prime;][vc_empty_space height=\u00a0\u00bb20px\u00a0\u00bb][vc_column_text css=\u00a0\u00bb\u00a0\u00bb]<\/p>\n<h1 style=\"text-align: center;\"><span style=\"color: #00b7ff;\"><strong>AIDER DANS L&rsquo;URGENCE<\/strong><\/span><\/h1>\n<p>[\/vc_column_text][\/vc_column][vc_column width=\u00a0\u00bb1\/6&Prime;][vc_empty_space height=\u00a0\u00bb20px\u00a0\u00bb][\/vc_column][\/vc_row][vc_row css_animation=\u00a0\u00bb\u00a0\u00bb row_type=\u00a0\u00bbrow\u00a0\u00bb use_row_as_full_screen_section=\u00a0\u00bbno\u00a0\u00bb type=\u00a0\u00bbfull_width\u00a0\u00bb angled_section=\u00a0\u00bbno\u00a0\u00bb text_align=\u00a0\u00bbleft\u00a0\u00bb background_image_as_pattern=\u00a0\u00bbwithout_pattern\u00a0\u00bb][vc_column][vc_empty_space]<div class=\"qode-workflow Aider dans l&#039;urgence\">\n    <span class=\"main-line\" style=\"background-color:#878787;\"><\/span>\n    <div class=\"qode-workflow-item\">\n    <span class=\"line\" style=\"\"><\/span>\n    <div class=\"qode-workflow-item-inner reverse\">\n        <div class=\"qode-workflow-image right\">\n            <img loading=\"lazy\" decoding=\"async\" width=\"2560\" height=\"1920\" src=\"https:\/\/lentraide.es\/wp-content\/uploads\/2026\/03\/supermercado-scaled.jpg\" class=\"attachment-full size-full\" alt=\"\" srcset=\"https:\/\/lentraide.es\/wp-content\/uploads\/2026\/03\/supermercado-scaled.jpg 2560w, https:\/\/lentraide.es\/wp-content\/uploads\/2026\/03\/supermercado-300x225.jpg 300w, https:\/\/lentraide.es\/wp-content\/uploads\/2026\/03\/supermercado-1024x768.jpg 1024w, https:\/\/lentraide.es\/wp-content\/uploads\/2026\/03\/supermercado-768x576.jpg 768w, https:\/\/lentraide.es\/wp-content\/uploads\/2026\/03\/supermercado-1536x1152.jpg 1536w, https:\/\/lentraide.es\/wp-content\/uploads\/2026\/03\/supermercado-2048x1536.jpg 2048w, https:\/\/lentraide.es\/wp-content\/uploads\/2026\/03\/supermercado-800x600.jpg 800w, https:\/\/lentraide.es\/wp-content\/uploads\/2026\/03\/supermercado-700x525.jpg 700w\" sizes=\"auto, (max-width: 2560px) 100vw, 2560px\" \/>        <\/div>\n        <div class=\"qode-workflow-text\">\n            <span class=\"circle\" style=\"border-color:#000000;\"><\/span>\n                            <h3>Aider face \u00e0 la pr\u00e9carit\u00e9<\/h3>\n                                                    <p class=\"text\">Certaines familles frappent \u00e0 la porte de l\u2019Entraide en situation de grande pr\u00e9carit\u00e9 : risque d\u2019expulsion du logement, coupure de l\u2019\u00e9lectricit\u00e9 ou du chauffage, besoins alimentaires \u2026<\/p>\n<p>Ce sont les cas les plus difficiles, n\u00e9cessitant parfois une aide \u00e9conomique pendant de nombreux mois, voire des ann\u00e9es.<\/p>\n<p>L\u2019Entraide prend en charge tout ou partie du loyer, des factures d\u2019\u00e9lectricit\u00e9 ou de gaz, fait porter une fois par mois un chariot de nourriture, proc\u00e8de \u00e0 des achats de mobilier ou de petit \u00e9lectrom\u00e9nager, selon les besoins d\u2019urgence d\u00e9finis en dialogue avec la famille.<\/p>\n                    <\/div>\n    <\/div>\n<\/div><div class=\"qode-workflow-item\">\n    <span class=\"line\" style=\"\"><\/span>\n    <div class=\"qode-workflow-item-inner \">\n        <div class=\"qode-workflow-image left\">\n            <img loading=\"lazy\" decoding=\"async\" width=\"600\" height=\"448\" src=\"https:\/\/lentraide.es\/wp-content\/uploads\/2020\/05\/Aide-au-logement.jpg\" class=\"attachment-full size-full\" alt=\"\" srcset=\"https:\/\/lentraide.es\/wp-content\/uploads\/2020\/05\/Aide-au-logement.jpg 600w, https:\/\/lentraide.es\/wp-content\/uploads\/2020\/05\/Aide-au-logement-300x224.jpg 300w\" sizes=\"auto, (max-width: 600px) 100vw, 600px\" \/>        <\/div>\n        <div class=\"qode-workflow-text\">\n            <span class=\"circle\" style=\"border-color:#000000;\"><\/span>\n                            <h3>L\u2019aide au logement<\/h3>\n                                                    <p class=\"text\">La premi\u00e8re urgence \u00e0 r\u00e9soudre est souvent le logement, qui est une base indispensable pour l\u2019\u00e9quilibre de la famille. L\u2019aide passe par le maintien dans les lieux ou la recherche et l\u2019installation dans un nouveau logement. Les aides sont vari\u00e9es : paiement ponctuel de loyers ou de factures d\u2019\u00e9nergie, mise \u00e0 disposition de mobilier de base, nettoyage du logement, support juridique etc.<\/p>\n                    <\/div>\n    <\/div>\n<\/div><div class=\"qode-workflow-item\">\n    <span class=\"line\" style=\"\"><\/span>\n    <div class=\"qode-workflow-item-inner reverse\">\n        <div class=\"qode-workflow-image right\">\n            <img loading=\"lazy\" decoding=\"async\" width=\"1152\" height=\"768\" src=\"https:\/\/lentraide.es\/wp-content\/uploads\/2020\/03\/mother-and-son-buying-groceries-MAHKS8Y-FILEminimizer.jpg\" class=\"attachment-full size-full\" alt=\"\" srcset=\"https:\/\/lentraide.es\/wp-content\/uploads\/2020\/03\/mother-and-son-buying-groceries-MAHKS8Y-FILEminimizer.jpg 1152w, https:\/\/lentraide.es\/wp-content\/uploads\/2020\/03\/mother-and-son-buying-groceries-MAHKS8Y-FILEminimizer-300x200.jpg 300w, https:\/\/lentraide.es\/wp-content\/uploads\/2020\/03\/mother-and-son-buying-groceries-MAHKS8Y-FILEminimizer-768x512.jpg 768w, https:\/\/lentraide.es\/wp-content\/uploads\/2020\/03\/mother-and-son-buying-groceries-MAHKS8Y-FILEminimizer-1024x683.jpg 1024w, https:\/\/lentraide.es\/wp-content\/uploads\/2020\/03\/mother-and-son-buying-groceries-MAHKS8Y-FILEminimizer-700x467.jpg 700w\" sizes=\"auto, (max-width: 1152px) 100vw, 1152px\" \/>        <\/div>\n        <div class=\"qode-workflow-text\">\n            <span class=\"circle\" style=\"border-color:#000000;\"><\/span>\n                            <h3>L\u2019aide alimentaire<\/h3>\n                                                    <p class=\"text\">Les familles en tr\u00e8s grande difficult\u00e9 mat\u00e9rielle ont souvent perdu confiance en leur avenir et s\u2019isolent dans leurs difficult\u00e9s. L\u2019aide alimentaire permet d\u2019instaurer un lien de confiance, d\u2019abord avec l\u2019association puis avec leur entourage et la soci\u00e9t\u00e9. Chaque mois l\u2019Entraide \u00e9tablit avec avec la famille, en fonction de sa composition (b\u00e9b\u00e9, enfants, adolescents,\u2026), la liste des produits et fait livrer le caddie de nourriture.<\/p>\n<p>L\u2019Entraide proc\u00e8de aussi \u00e0 des achats de premi\u00e8re n\u00e9cessit\u00e9 (mobilier, petit \u00e9lectrom\u00e9nager), r\u00e9alise et met \u00e0 disposition des v\u00eatements et prend en charge certaines d\u00e9penses m\u00e9dicales non rembours\u00e9es.<\/p>\n                    <\/div>\n    <\/div>\n<\/div><\/div>[\/vc_column][\/vc_row][vc_row css_animation=\u00a0\u00bb\u00a0\u00bb row_type=\u00a0\u00bbrow\u00a0\u00bb use_row_as_full_screen_section=\u00a0\u00bbno\u00a0\u00bb type=\u00a0\u00bbfull_width\u00a0\u00bb angled_section=\u00a0\u00bbno\u00a0\u00bb text_align=\u00a0\u00bbleft\u00a0\u00bb background_image_as_pattern=\u00a0\u00bbwithout_pattern\u00a0\u00bb css=\u00a0\u00bb.vc_custom_1764412152020{background-color: #1E73BE !important;}\u00a0\u00bb z_index=\u00a0\u00bb\u00a0\u00bb][vc_column width=\u00a0\u00bb1\/2&Prime;][vc_empty_space][vc_column_text css=\u00a0\u00bb\u00a0\u00bb]<\/p>\n<h1 style=\"text-align: right;\"><a href=\"https:\/\/lentraide.es\/fr\/nous-soutenir\/\"><span style=\"color: #ffffff;\"><strong>SOUTENEZ LES ACTIONS DE L&rsquo;ENTRAIDE &gt;<\/strong><\/span><\/a><\/h1>\n<p>[\/vc_column_text][vc_empty_space][\/vc_column][vc_column width=\u00a0\u00bb1\/2&Prime;][vc_empty_space][vc_btn title=\u00a0\u00bbUN GESTE SIMPLE, UN IMPACT FORT\u00a0\u00bb color=\u00a0\u00bbwhite\u00a0\u00bb size=\u00a0\u00bblg\u00a0\u00bb align=\u00a0\u00bbleft\u00a0\u00bb css=\u00a0\u00bb\u00a0\u00bb link=\u00a0\u00bburl:https%3A%2F%2Flentraide.es%2Ffr%2Fnous-soutenir%2F|title:Soutenir%20les%20actions%20de%20l&rsquo;Entraide\u00a0\u00bb][vc_empty_space][\/vc_column][\/vc_row]<\/p>\n<\/div>","protected":false},"excerpt":{"rendered":"<p>[vc_row css_animation=\u00a0\u00bb\u00a0\u00bb row_type=\u00a0\u00bbrow\u00a0\u00bb use_row_as_full_screen_section=\u00a0\u00bbno\u00a0\u00bb type=\u00a0\u00bbgrid\u00a0\u00bb angled_section=\u00a0\u00bbno\u00a0\u00bb text_align=\u00a0\u00bbleft\u00a0\u00bb background_image_as_pattern=\u00a0\u00bbwithout_pattern\u00a0\u00bb z_index=\u00a0\u00bb\u00a0\u00bb][vc_column width=\u00a0\u00bb1\/6&Prime;][vc_empty_space height=\u00a0\u00bb20px\u00a0\u00bb][\/vc_column][vc_column width=\u00a0\u00bb2\/3&Prime;][vc_empty_space height=\u00a0\u00bb20px\u00a0\u00bb][vc_column_text css=\u00a0\u00bb\u00a0\u00bb] AIDER DANS L&rsquo;URGENCE [\/vc_column_text][\/vc_column][vc_column width=\u00a0\u00bb1\/6&Prime;][vc_empty_space height=\u00a0\u00bb20px\u00a0\u00bb][\/vc_column][\/vc_row][vc_row css_animation=\u00a0\u00bb\u00a0\u00bb row_type=\u00a0\u00bbrow\u00a0\u00bb use_row_as_full_screen_section=\u00a0\u00bbno\u00a0\u00bb type=\u00a0\u00bbfull_width\u00a0\u00bb angled_section=\u00a0\u00bbno\u00a0\u00bb text_align=\u00a0\u00bbleft\u00a0\u00bb background_image_as_pattern=\u00a0\u00bbwithout_pattern\u00a0\u00bb][vc_column][vc_empty_space][\/vc_column][\/vc_row][vc_row css_animation=\u00a0\u00bb\u00a0\u00bb row_type=\u00a0\u00bbrow\u00a0\u00bb use_row_as_full_screen_section=\u00a0\u00bbno\u00a0\u00bb&#8230;<\/p>\n","protected":false},"author":400,"featured_media":0,"parent":0,"menu_order":0,"comment_status":"closed","ping_status":"closed","template":"full_width.php","meta":{"_acf_changed":false,"footnotes":""},"class_list":["post-62342","page","type-page","status-publish","hentry"],"acf":[],"yoast_head":"<!-- This site is optimized with the Yoast SEO plugin v26.9 - https:\/\/yoast.com\/product\/yoast-seo-wordpress\/ -->\n<title>Aider dans l&#039;urgence | Entraide Fran\u00e7aise<\/title>\n<meta name=\"description\" content=\"Aider dans l&#039;urgence | Entraide Fran\u00e7aise |\" \/>\n<meta name=\"robots\" content=\"index, follow, max-snippet:-1, max-image-preview:large, max-video-preview:-1\" \/>\n<link rel=\"canonical\" href=\"https:\/\/lentraide.es\/fr\/aider-dans-lurgence\/\" \/>\n<meta property=\"og:locale\" content=\"fr_FR\" \/>\n<meta property=\"og:type\" content=\"article\" \/>\n<meta property=\"og:title\" content=\"Aider dans l&#039;urgence | Entraide Fran\u00e7aise\" \/>\n<meta property=\"og:description\" content=\"Aider dans l&#039;urgence | Entraide Fran\u00e7aise |\" \/>\n<meta property=\"og:url\" content=\"https:\/\/lentraide.es\/fr\/aider-dans-lurgence\/\" \/>\n<meta property=\"og:site_name\" content=\"Entraide Fran\u00e7aise\" \/>\n<meta property=\"article:publisher\" content=\"https:\/\/www.facebook.com\/entraide.francaisemadrid\" \/>\n<meta property=\"article:modified_time\" content=\"2026-03-04T13:23:08+00:00\" \/>\n<meta name=\"twitter:card\" content=\"summary_large_image\" \/>\n<meta name=\"twitter:label1\" content=\"Tiempo de lectura\" \/>\n\t<meta name=\"twitter:data1\" content=\"2 minutes\" \/>\n<script type=\"application\/ld+json\" class=\"yoast-schema-graph\">{\"@context\":\"https:\/\/schema.org\",\"@graph\":[{\"@type\":\"WebPage\",\"@id\":\"https:\/\/lentraide.es\/fr\/aider-dans-lurgence\/\",\"url\":\"https:\/\/lentraide.es\/fr\/aider-dans-lurgence\/\",\"name\":\"Aider dans l'urgence | Entraide Fran\u00e7aise\",\"isPartOf\":{\"@id\":\"https:\/\/lentraide.es\/fr\/#website\"},\"datePublished\":\"2025-11-29T10:17:02+00:00\",\"dateModified\":\"2026-03-04T13:23:08+00:00\",\"description\":\"Aider dans l'urgence | Entraide Fran\u00e7aise |\",\"breadcrumb\":{\"@id\":\"https:\/\/lentraide.es\/fr\/aider-dans-lurgence\/#breadcrumb\"},\"inLanguage\":\"es\",\"potentialAction\":[{\"@type\":\"ReadAction\",\"target\":[\"https:\/\/lentraide.es\/fr\/aider-dans-lurgence\/\"]}]},{\"@type\":\"BreadcrumbList\",\"@id\":\"https:\/\/lentraide.es\/fr\/aider-dans-lurgence\/#breadcrumb\",\"itemListElement\":[{\"@type\":\"ListItem\",\"position\":1,\"name\":\"Accueil\",\"item\":\"https:\/\/lentraide.es\/fr\/\"},{\"@type\":\"ListItem\",\"position\":2,\"name\":\"Aider dans l&rsquo;urgence\"}]},{\"@type\":\"WebSite\",\"@id\":\"https:\/\/lentraide.es\/fr\/#website\",\"url\":\"https:\/\/lentraide.es\/fr\/\",\"name\":\"Entraide Fran\u00e7aise\",\"description\":\"Une main tendue vers la France\",\"publisher\":{\"@id\":\"https:\/\/lentraide.es\/fr\/#organization\"},\"alternateName\":\"L'entraide\",\"potentialAction\":[{\"@type\":\"SearchAction\",\"target\":{\"@type\":\"EntryPoint\",\"urlTemplate\":\"https:\/\/lentraide.es\/fr\/?s={search_term_string}\"},\"query-input\":{\"@type\":\"PropertyValueSpecification\",\"valueRequired\":true,\"valueName\":\"search_term_string\"}}],\"inLanguage\":\"es\"},{\"@type\":\"Organization\",\"@id\":\"https:\/\/lentraide.es\/fr\/#organization\",\"name\":\"Entraide Fran\u00e7aise\",\"alternateName\":\"L'entraide\",\"url\":\"https:\/\/lentraide.es\/fr\/\",\"logo\":{\"@type\":\"ImageObject\",\"inLanguage\":\"es\",\"@id\":\"https:\/\/lentraide.es\/fr\/#\/schema\/logo\/image\/\",\"url\":\"https:\/\/lentraide.es\/wp-content\/uploads\/2015\/07\/LOGO-azul2.png\",\"contentUrl\":\"https:\/\/lentraide.es\/wp-content\/uploads\/2015\/07\/LOGO-azul2.png\",\"width\":232,\"height\":146,\"caption\":\"Entraide Fran\u00e7aise\"},\"image\":{\"@id\":\"https:\/\/lentraide.es\/fr\/#\/schema\/logo\/image\/\"},\"sameAs\":[\"https:\/\/www.facebook.com\/entraide.francaisemadrid\",\"https:\/\/www.instagram.com\/entraidefrancaisemadrid\/\"]}]}<\/script>\n<!-- \/ Yoast SEO plugin. -->","yoast_head_json":{"title":"Aider dans l'urgence | Entraide Fran\u00e7aise","description":"Aider dans l'urgence | Entraide Fran\u00e7aise |","robots":{"index":"index","follow":"follow","max-snippet":"max-snippet:-1","max-image-preview":"max-image-preview:large","max-video-preview":"max-video-preview:-1"},"canonical":"https:\/\/lentraide.es\/fr\/aider-dans-lurgence\/","og_locale":"fr_FR","og_type":"article","og_title":"Aider dans l'urgence | Entraide Fran\u00e7aise","og_description":"Aider dans l'urgence | Entraide Fran\u00e7aise |","og_url":"https:\/\/lentraide.es\/fr\/aider-dans-lurgence\/","og_site_name":"Entraide Fran\u00e7aise","article_publisher":"https:\/\/www.facebook.com\/entraide.francaisemadrid","article_modified_time":"2026-03-04T13:23:08+00:00","twitter_card":"summary_large_image","twitter_misc":{"Tiempo de lectura":"2 minutes"},"schema":{"@context":"https:\/\/schema.org","@graph":[{"@type":"WebPage","@id":"https:\/\/lentraide.es\/fr\/aider-dans-lurgence\/","url":"https:\/\/lentraide.es\/fr\/aider-dans-lurgence\/","name":"Aider dans l'urgence | Entraide Fran\u00e7aise","isPartOf":{"@id":"https:\/\/lentraide.es\/fr\/#website"},"datePublished":"2025-11-29T10:17:02+00:00","dateModified":"2026-03-04T13:23:08+00:00","description":"Aider dans l'urgence | Entraide Fran\u00e7aise |","breadcrumb":{"@id":"https:\/\/lentraide.es\/fr\/aider-dans-lurgence\/#breadcrumb"},"inLanguage":"es","potentialAction":[{"@type":"ReadAction","target":["https:\/\/lentraide.es\/fr\/aider-dans-lurgence\/"]}]},{"@type":"BreadcrumbList","@id":"https:\/\/lentraide.es\/fr\/aider-dans-lurgence\/#breadcrumb","itemListElement":[{"@type":"ListItem","position":1,"name":"Accueil","item":"https:\/\/lentraide.es\/fr\/"},{"@type":"ListItem","position":2,"name":"Aider dans l&rsquo;urgence"}]},{"@type":"WebSite","@id":"https:\/\/lentraide.es\/fr\/#website","url":"https:\/\/lentraide.es\/fr\/","name":"Entraide Fran\u00e7aise","description":"Une main tendue vers la France","publisher":{"@id":"https:\/\/lentraide.es\/fr\/#organization"},"alternateName":"L'entraide","potentialAction":[{"@type":"SearchAction","target":{"@type":"EntryPoint","urlTemplate":"https:\/\/lentraide.es\/fr\/?s={search_term_string}"},"query-input":{"@type":"PropertyValueSpecification","valueRequired":true,"valueName":"search_term_string"}}],"inLanguage":"es"},{"@type":"Organization","@id":"https:\/\/lentraide.es\/fr\/#organization","name":"Entraide Fran\u00e7aise","alternateName":"L'entraide","url":"https:\/\/lentraide.es\/fr\/","logo":{"@type":"ImageObject","inLanguage":"es","@id":"https:\/\/lentraide.es\/fr\/#\/schema\/logo\/image\/","url":"https:\/\/lentraide.es\/wp-content\/uploads\/2015\/07\/LOGO-azul2.png","contentUrl":"https:\/\/lentraide.es\/wp-content\/uploads\/2015\/07\/LOGO-azul2.png","width":232,"height":146,"caption":"Entraide Fran\u00e7aise"},"image":{"@id":"https:\/\/lentraide.es\/fr\/#\/schema\/logo\/image\/"},"sameAs":["https:\/\/www.facebook.com\/entraide.francaisemadrid","https:\/\/www.instagram.com\/entraidefrancaisemadrid\/"]}]}},"_links":{"self":[{"href":"https:\/\/lentraide.es\/fr\/wp-json\/wp\/v2\/pages\/62342","targetHints":{"allow":["GET"]}}],"collection":[{"href":"https:\/\/lentraide.es\/fr\/wp-json\/wp\/v2\/pages"}],"about":[{"href":"https:\/\/lentraide.es\/fr\/wp-json\/wp\/v2\/types\/page"}],"author":[{"embeddable":true,"href":"https:\/\/lentraide.es\/fr\/wp-json\/wp\/v2\/users\/400"}],"replies":[{"embeddable":true,"href":"https:\/\/lentraide.es\/fr\/wp-json\/wp\/v2\/comments?post=62342"}],"version-history":[{"count":1,"href":"https:\/\/lentraide.es\/fr\/wp-json\/wp\/v2\/pages\/62342\/revisions"}],"predecessor-version":[{"id":63005,"href":"https:\/\/lentraide.es\/fr\/wp-json\/wp\/v2\/pages\/62342\/revisions\/63005"}],"wp:attachment":[{"href":"https:\/\/lentraide.es\/fr\/wp-json\/wp\/v2\/media?parent=62342"}],"curies":[{"name":"wp","href":"https:\/\/api.w.org\/{rel}","templated":true}]}}