{"id":62345,"date":"2025-11-29T12:09:12","date_gmt":"2025-11-29T11:09:12","guid":{"rendered":"https:\/\/lentraide.es\/?page_id=62345"},"modified":"2025-11-29T12:10:04","modified_gmt":"2025-11-29T11:10:04","slug":"preparer-avenir-jeunes","status":"publish","type":"page","link":"https:\/\/lentraide.es\/fr\/preparer-avenir-jeunes\/","title":{"rendered":"Pr\u00e9parer l&rsquo;avenir des plus jeunes"},"content":{"rendered":"<div class=\"wpb-content-wrapper\"><p>[vc_row css_animation=\u00a0\u00bb\u00a0\u00bb row_type=\u00a0\u00bbrow\u00a0\u00bb use_row_as_full_screen_section=\u00a0\u00bbno\u00a0\u00bb type=\u00a0\u00bbgrid\u00a0\u00bb angled_section=\u00a0\u00bbno\u00a0\u00bb text_align=\u00a0\u00bbleft\u00a0\u00bb background_image_as_pattern=\u00a0\u00bbwithout_pattern\u00a0\u00bb z_index=\u00a0\u00bb\u00a0\u00bb][vc_column width=\u00a0\u00bb1\/6&Prime;][vc_empty_space height=\u00a0\u00bb20px\u00a0\u00bb][\/vc_column][vc_column width=\u00a0\u00bb2\/3&Prime;][vc_empty_space height=\u00a0\u00bb20px\u00a0\u00bb][vc_column_text css=\u00a0\u00bb\u00a0\u00bb]<\/p>\n<h1 style=\"text-align: center;\"><span style=\"color: #00b7ff;\"><strong>PR\u00c9PARER L&rsquo;AVENIR DES PLUS JEUNES<\/strong><\/span><\/h1>\n<p>[\/vc_column_text][\/vc_column][vc_column width=\u00a0\u00bb1\/6&Prime;][vc_empty_space height=\u00a0\u00bb20px\u00a0\u00bb][\/vc_column][\/vc_row][vc_row css_animation=\u00a0\u00bb\u00a0\u00bb row_type=\u00a0\u00bbrow\u00a0\u00bb use_row_as_full_screen_section=\u00a0\u00bbno\u00a0\u00bb type=\u00a0\u00bbfull_width\u00a0\u00bb angled_section=\u00a0\u00bbno\u00a0\u00bb text_align=\u00a0\u00bbleft\u00a0\u00bb background_image_as_pattern=\u00a0\u00bbwithout_pattern\u00a0\u00bb][vc_column][vc_empty_space]<div class=\"qode-workflow \">\n    <span class=\"main-line\" style=\"background-color:#878787;\"><\/span>\n    <div class=\"qode-workflow-item\">\n    <span class=\"line\" style=\"\"><\/span>\n    <div class=\"qode-workflow-item-inner reverse\">\n        <div class=\"qode-workflow-image right\">\n            <img loading=\"lazy\" decoding=\"async\" width=\"751\" height=\"720\" src=\"https:\/\/lentraide.es\/wp-content\/uploads\/2020\/05\/Camp-de-vacances.jpg\" class=\"attachment-full size-full\" alt=\"\" srcset=\"https:\/\/lentraide.es\/wp-content\/uploads\/2020\/05\/Camp-de-vacances.jpg 751w, https:\/\/lentraide.es\/wp-content\/uploads\/2020\/05\/Camp-de-vacances-300x288.jpg 300w, https:\/\/lentraide.es\/wp-content\/uploads\/2020\/05\/Camp-de-vacances-700x671.jpg 700w\" sizes=\"auto, (max-width: 751px) 100vw, 751px\" \/>        <\/div>\n        <div class=\"qode-workflow-text\">\n            <span class=\"circle\" style=\"border-color:#000000;\"><\/span>\n                            <h3>Investir l&#039;avenir<\/h3>\n                                                    <p class=\"text\">L\u2019Entraide aide \u00e0 l\u2019insertion \u00e9conomique des jeunes adultes par la formation professionnelle au m\u00e9tier de leur choix, organise avec ses b\u00e9n\u00e9voles le soutien scolaire, et propose tous les ans des camps de vacances pour les plus jeunes.<br \/>\nLes enfants sont toujours aid\u00e9s dans le respect de la culture de leur famille et avec la participation tr\u00e8s active de leur(s) parent(s).<\/p>\n                    <\/div>\n    <\/div>\n<\/div><div class=\"qode-workflow-item\">\n    <span class=\"line\" style=\"\"><\/span>\n    <div class=\"qode-workflow-item-inner \">\n        <div class=\"qode-workflow-image left\">\n            <img loading=\"lazy\" decoding=\"async\" width=\"715\" height=\"720\" src=\"https:\/\/lentraide.es\/wp-content\/uploads\/2020\/05\/Formation-professionnelle-1.jpg\" class=\"attachment-full size-full\" alt=\"\" srcset=\"https:\/\/lentraide.es\/wp-content\/uploads\/2020\/05\/Formation-professionnelle-1.jpg 715w, https:\/\/lentraide.es\/wp-content\/uploads\/2020\/05\/Formation-professionnelle-1-298x300.jpg 298w, https:\/\/lentraide.es\/wp-content\/uploads\/2020\/05\/Formation-professionnelle-1-150x150.jpg 150w, https:\/\/lentraide.es\/wp-content\/uploads\/2020\/05\/Formation-professionnelle-1-700x705.jpg 700w, https:\/\/lentraide.es\/wp-content\/uploads\/2020\/05\/Formation-professionnelle-1-300x302.jpg 300w, https:\/\/lentraide.es\/wp-content\/uploads\/2020\/05\/Formation-professionnelle-1-100x100.jpg 100w\" sizes=\"auto, (max-width: 715px) 100vw, 715px\" \/>        <\/div>\n        <div class=\"qode-workflow-text\">\n            <span class=\"circle\" style=\"border-color:#000000;\"><\/span>\n                            <h3>L\u2019orientation et la formation professionnelle<\/h3>\n                                                    <p class=\"text\">Parfois en situation d\u2019\u00e9chec scolaire, les jeunes adultes de nos familles ne peuvent acc\u00e9der aux formations publiques qui exigent d\u2019avoir termin\u00e9 le cycle d\u2019\u00e9tudes secondaires (ESO).<br \/>\nL\u2019Entraide dialogue avec eux pour comprendre et d\u00e9finir leur orientation professionnelle, rechercher des enseignements alternatifs, priv\u00e9s ou aupr\u00e8s d\u2019associations de r\u00e9insertion professionnelle. Elle prend en charge les frais d\u2019enseignement, et suit les jeunes tout au long de leur formation et dans leur recherche d\u2019emploi.<\/p>\n                    <\/div>\n    <\/div>\n<\/div><div class=\"qode-workflow-item\">\n    <span class=\"line\" style=\"\"><\/span>\n    <div class=\"qode-workflow-item-inner reverse\">\n        <div class=\"qode-workflow-image right\">\n            <img loading=\"lazy\" decoding=\"async\" width=\"1280\" height=\"1088\" src=\"https:\/\/lentraide.es\/wp-content\/uploads\/2020\/05\/Appui-scolaire.jpg\" class=\"attachment-full size-full\" alt=\"\" srcset=\"https:\/\/lentraide.es\/wp-content\/uploads\/2020\/05\/Appui-scolaire.jpg 1280w, https:\/\/lentraide.es\/wp-content\/uploads\/2020\/05\/Appui-scolaire-300x255.jpg 300w, https:\/\/lentraide.es\/wp-content\/uploads\/2020\/05\/Appui-scolaire-1024x870.jpg 1024w, https:\/\/lentraide.es\/wp-content\/uploads\/2020\/05\/Appui-scolaire-768x653.jpg 768w, https:\/\/lentraide.es\/wp-content\/uploads\/2020\/05\/Appui-scolaire-700x595.jpg 700w\" sizes=\"auto, (max-width: 1280px) 100vw, 1280px\" \/>        <\/div>\n        <div class=\"qode-workflow-text\">\n            <span class=\"circle\" style=\"border-color:#000000;\"><\/span>\n                            <h3>Le soutien scolaire<\/h3>\n                                                    <p class=\"text\">Pour \u00e9viter le d\u00e9crochage \u00e0 l\u2019\u00e9cole et des situations de blocage, l\u2019Entraide proposee du soutien scolaire r\u00e9alis\u00e9 par ses b\u00e9n\u00e9voles ou des professionnels de l\u2019\u00e9ducation.<\/p>\n                    <\/div>\n    <\/div>\n<\/div><div class=\"qode-workflow-item\">\n    <span class=\"line\" style=\"\"><\/span>\n    <div class=\"qode-workflow-item-inner \">\n        <div class=\"qode-workflow-image left\">\n            <img loading=\"lazy\" decoding=\"async\" width=\"444\" height=\"444\" src=\"https:\/\/lentraide.es\/wp-content\/uploads\/2020\/05\/Camps-2.jpg\" class=\"attachment-full size-full\" alt=\"\" srcset=\"https:\/\/lentraide.es\/wp-content\/uploads\/2020\/05\/Camps-2.jpg 444w, https:\/\/lentraide.es\/wp-content\/uploads\/2020\/05\/Camps-2-300x300.jpg 300w, https:\/\/lentraide.es\/wp-content\/uploads\/2020\/05\/Camps-2-150x150.jpg 150w, https:\/\/lentraide.es\/wp-content\/uploads\/2020\/05\/Camps-2-100x100.jpg 100w\" sizes=\"auto, (max-width: 444px) 100vw, 444px\" \/>        <\/div>\n        <div class=\"qode-workflow-text\">\n            <span class=\"circle\" style=\"border-color:#000000;\"><\/span>\n                            <h3>Les camps de vacances<\/h3>\n                                                    <p class=\"text\">Pour les enfants d\u00e9favoris\u00e9s l\u2019Entraide organise et finance la participation \u00e0 des camps de vacances. Ces s\u00e9jours sont de puissants leviers qui leur permettent une meilleure int\u00e9gration aux activit\u00e9s scolaires \u00e0 leur retour en classe.<\/p>\n                    <\/div>\n    <\/div>\n<\/div><\/div>[\/vc_column][\/vc_row][vc_row css_animation=\u00a0\u00bb\u00a0\u00bb row_type=\u00a0\u00bbrow\u00a0\u00bb use_row_as_full_screen_section=\u00a0\u00bbno\u00a0\u00bb type=\u00a0\u00bbfull_width\u00a0\u00bb angled_section=\u00a0\u00bbno\u00a0\u00bb text_align=\u00a0\u00bbleft\u00a0\u00bb background_image_as_pattern=\u00a0\u00bbwithout_pattern\u00a0\u00bb css=\u00a0\u00bb.vc_custom_1764414597558{background-color: #1E73BE !important;}\u00a0\u00bb z_index=\u00a0\u00bb\u00a0\u00bb][vc_column width=\u00a0\u00bb1\/2&Prime;][vc_empty_space][vc_column_text css=\u00a0\u00bb\u00a0\u00bb]<\/p>\n<h1 style=\"text-align: right;\"><a href=\"https:\/\/lentraide.es\/fr\/nous-soutenir\/\"><span style=\"color: #ffffff;\"><strong>SOUTENEZ LES ACTIONS DE L&rsquo;ENTRAIDE &gt;<\/strong><\/span><\/a><\/h1>\n<p>[\/vc_column_text][vc_empty_space][\/vc_column][vc_column width=\u00a0\u00bb1\/2&Prime;][vc_empty_space][vc_btn title=\u00a0\u00bbUN GESTE SIMPLE, UN IMPACT FORT\u00a0\u00bb color=\u00a0\u00bbwhite\u00a0\u00bb size=\u00a0\u00bblg\u00a0\u00bb align=\u00a0\u00bbleft\u00a0\u00bb css=\u00a0\u00bb\u00a0\u00bb link=\u00a0\u00bburl:https%3A%2F%2Flentraide.es%2Ffr%2Fnous-soutenir%2F|title:Nous%20soutenir|target:_blank\u00a0\u00bb][vc_empty_space][\/vc_column][\/vc_row]<\/p>\n<\/div>","protected":false},"excerpt":{"rendered":"<p>[vc_row css_animation=\u00a0\u00bb\u00a0\u00bb row_type=\u00a0\u00bbrow\u00a0\u00bb use_row_as_full_screen_section=\u00a0\u00bbno\u00a0\u00bb type=\u00a0\u00bbgrid\u00a0\u00bb angled_section=\u00a0\u00bbno\u00a0\u00bb text_align=\u00a0\u00bbleft\u00a0\u00bb background_image_as_pattern=\u00a0\u00bbwithout_pattern\u00a0\u00bb z_index=\u00a0\u00bb\u00a0\u00bb][vc_column width=\u00a0\u00bb1\/6&Prime;][vc_empty_space height=\u00a0\u00bb20px\u00a0\u00bb][\/vc_column][vc_column width=\u00a0\u00bb2\/3&Prime;][vc_empty_space height=\u00a0\u00bb20px\u00a0\u00bb][vc_column_text css=\u00a0\u00bb\u00a0\u00bb] PR\u00c9PARER L&rsquo;AVENIR DES PLUS JEUNES [\/vc_column_text][\/vc_column][vc_column width=\u00a0\u00bb1\/6&Prime;][vc_empty_space height=\u00a0\u00bb20px\u00a0\u00bb][\/vc_column][\/vc_row][vc_row css_animation=\u00a0\u00bb\u00a0\u00bb row_type=\u00a0\u00bbrow\u00a0\u00bb use_row_as_full_screen_section=\u00a0\u00bbno\u00a0\u00bb type=\u00a0\u00bbfull_width\u00a0\u00bb angled_section=\u00a0\u00bbno\u00a0\u00bb text_align=\u00a0\u00bbleft\u00a0\u00bb background_image_as_pattern=\u00a0\u00bbwithout_pattern\u00a0\u00bb][vc_column][vc_empty_space][\/vc_column][\/vc_row][vc_row css_animation=\u00a0\u00bb\u00a0\u00bb&#8230;<\/p>\n","protected":false},"author":400,"featured_media":0,"parent":0,"menu_order":0,"comment_status":"closed","ping_status":"closed","template":"full_width.php","meta":{"_acf_changed":false,"footnotes":""},"class_list":["post-62345","page","type-page","status-publish","hentry"],"acf":[],"yoast_head":"<!-- This site is optimized with the Yoast SEO plugin v26.9 - https:\/\/yoast.com\/product\/yoast-seo-wordpress\/ -->\n<title>Pr\u00e9parer l&#039;avenir des plus jeunes | Entraide Fran\u00e7aise<\/title>\n<meta name=\"description\" content=\"Pr\u00e9parer l&#039;avenir des plus jeunes | Entraide Fran\u00e7aise |\" \/>\n<meta name=\"robots\" content=\"index, follow, max-snippet:-1, max-image-preview:large, max-video-preview:-1\" \/>\n<link rel=\"canonical\" href=\"https:\/\/lentraide.es\/fr\/preparer-avenir-jeunes\/\" \/>\n<meta property=\"og:locale\" content=\"fr_FR\" \/>\n<meta property=\"og:type\" content=\"article\" \/>\n<meta property=\"og:title\" content=\"Pr\u00e9parer l&#039;avenir des plus jeunes | Entraide Fran\u00e7aise\" \/>\n<meta property=\"og:description\" content=\"Pr\u00e9parer l&#039;avenir des plus jeunes | Entraide Fran\u00e7aise |\" \/>\n<meta property=\"og:url\" content=\"https:\/\/lentraide.es\/fr\/preparer-avenir-jeunes\/\" \/>\n<meta property=\"og:site_name\" content=\"Entraide Fran\u00e7aise\" \/>\n<meta property=\"article:publisher\" content=\"https:\/\/www.facebook.com\/entraide.francaisemadrid\" \/>\n<meta property=\"article:modified_time\" content=\"2025-11-29T11:10:04+00:00\" \/>\n<meta name=\"twitter:card\" content=\"summary_large_image\" \/>\n<meta name=\"twitter:label1\" content=\"Tiempo de lectura\" \/>\n\t<meta name=\"twitter:data1\" content=\"2 minutes\" \/>\n<script type=\"application\/ld+json\" class=\"yoast-schema-graph\">{\"@context\":\"https:\/\/schema.org\",\"@graph\":[{\"@type\":\"WebPage\",\"@id\":\"https:\/\/lentraide.es\/fr\/preparer-avenir-jeunes\/\",\"url\":\"https:\/\/lentraide.es\/fr\/preparer-avenir-jeunes\/\",\"name\":\"Pr\u00e9parer l'avenir des plus jeunes | Entraide Fran\u00e7aise\",\"isPartOf\":{\"@id\":\"https:\/\/lentraide.es\/fr\/#website\"},\"datePublished\":\"2025-11-29T11:09:12+00:00\",\"dateModified\":\"2025-11-29T11:10:04+00:00\",\"description\":\"Pr\u00e9parer l'avenir des plus jeunes | Entraide Fran\u00e7aise |\",\"breadcrumb\":{\"@id\":\"https:\/\/lentraide.es\/fr\/preparer-avenir-jeunes\/#breadcrumb\"},\"inLanguage\":\"es\",\"potentialAction\":[{\"@type\":\"ReadAction\",\"target\":[\"https:\/\/lentraide.es\/fr\/preparer-avenir-jeunes\/\"]}]},{\"@type\":\"BreadcrumbList\",\"@id\":\"https:\/\/lentraide.es\/fr\/preparer-avenir-jeunes\/#breadcrumb\",\"itemListElement\":[{\"@type\":\"ListItem\",\"position\":1,\"name\":\"Accueil\",\"item\":\"https:\/\/lentraide.es\/fr\/\"},{\"@type\":\"ListItem\",\"position\":2,\"name\":\"Pr\u00e9parer l&rsquo;avenir des plus jeunes\"}]},{\"@type\":\"WebSite\",\"@id\":\"https:\/\/lentraide.es\/fr\/#website\",\"url\":\"https:\/\/lentraide.es\/fr\/\",\"name\":\"Entraide Fran\u00e7aise\",\"description\":\"Une main tendue vers la France\",\"publisher\":{\"@id\":\"https:\/\/lentraide.es\/fr\/#organization\"},\"alternateName\":\"L'entraide\",\"potentialAction\":[{\"@type\":\"SearchAction\",\"target\":{\"@type\":\"EntryPoint\",\"urlTemplate\":\"https:\/\/lentraide.es\/fr\/?s={search_term_string}\"},\"query-input\":{\"@type\":\"PropertyValueSpecification\",\"valueRequired\":true,\"valueName\":\"search_term_string\"}}],\"inLanguage\":\"es\"},{\"@type\":\"Organization\",\"@id\":\"https:\/\/lentraide.es\/fr\/#organization\",\"name\":\"Entraide Fran\u00e7aise\",\"alternateName\":\"L'entraide\",\"url\":\"https:\/\/lentraide.es\/fr\/\",\"logo\":{\"@type\":\"ImageObject\",\"inLanguage\":\"es\",\"@id\":\"https:\/\/lentraide.es\/fr\/#\/schema\/logo\/image\/\",\"url\":\"https:\/\/lentraide.es\/wp-content\/uploads\/2015\/07\/LOGO-azul2.png\",\"contentUrl\":\"https:\/\/lentraide.es\/wp-content\/uploads\/2015\/07\/LOGO-azul2.png\",\"width\":232,\"height\":146,\"caption\":\"Entraide Fran\u00e7aise\"},\"image\":{\"@id\":\"https:\/\/lentraide.es\/fr\/#\/schema\/logo\/image\/\"},\"sameAs\":[\"https:\/\/www.facebook.com\/entraide.francaisemadrid\",\"https:\/\/www.instagram.com\/entraidefrancaisemadrid\/\"]}]}<\/script>\n<!-- \/ Yoast SEO plugin. -->","yoast_head_json":{"title":"Pr\u00e9parer l'avenir des plus jeunes | Entraide Fran\u00e7aise","description":"Pr\u00e9parer l'avenir des plus jeunes | Entraide Fran\u00e7aise |","robots":{"index":"index","follow":"follow","max-snippet":"max-snippet:-1","max-image-preview":"max-image-preview:large","max-video-preview":"max-video-preview:-1"},"canonical":"https:\/\/lentraide.es\/fr\/preparer-avenir-jeunes\/","og_locale":"fr_FR","og_type":"article","og_title":"Pr\u00e9parer l'avenir des plus jeunes | Entraide Fran\u00e7aise","og_description":"Pr\u00e9parer l'avenir des plus jeunes | Entraide Fran\u00e7aise |","og_url":"https:\/\/lentraide.es\/fr\/preparer-avenir-jeunes\/","og_site_name":"Entraide Fran\u00e7aise","article_publisher":"https:\/\/www.facebook.com\/entraide.francaisemadrid","article_modified_time":"2025-11-29T11:10:04+00:00","twitter_card":"summary_large_image","twitter_misc":{"Tiempo de lectura":"2 minutes"},"schema":{"@context":"https:\/\/schema.org","@graph":[{"@type":"WebPage","@id":"https:\/\/lentraide.es\/fr\/preparer-avenir-jeunes\/","url":"https:\/\/lentraide.es\/fr\/preparer-avenir-jeunes\/","name":"Pr\u00e9parer l'avenir des plus jeunes | Entraide Fran\u00e7aise","isPartOf":{"@id":"https:\/\/lentraide.es\/fr\/#website"},"datePublished":"2025-11-29T11:09:12+00:00","dateModified":"2025-11-29T11:10:04+00:00","description":"Pr\u00e9parer l'avenir des plus jeunes | Entraide Fran\u00e7aise |","breadcrumb":{"@id":"https:\/\/lentraide.es\/fr\/preparer-avenir-jeunes\/#breadcrumb"},"inLanguage":"es","potentialAction":[{"@type":"ReadAction","target":["https:\/\/lentraide.es\/fr\/preparer-avenir-jeunes\/"]}]},{"@type":"BreadcrumbList","@id":"https:\/\/lentraide.es\/fr\/preparer-avenir-jeunes\/#breadcrumb","itemListElement":[{"@type":"ListItem","position":1,"name":"Accueil","item":"https:\/\/lentraide.es\/fr\/"},{"@type":"ListItem","position":2,"name":"Pr\u00e9parer l&rsquo;avenir des plus jeunes"}]},{"@type":"WebSite","@id":"https:\/\/lentraide.es\/fr\/#website","url":"https:\/\/lentraide.es\/fr\/","name":"Entraide Fran\u00e7aise","description":"Une main tendue vers la France","publisher":{"@id":"https:\/\/lentraide.es\/fr\/#organization"},"alternateName":"L'entraide","potentialAction":[{"@type":"SearchAction","target":{"@type":"EntryPoint","urlTemplate":"https:\/\/lentraide.es\/fr\/?s={search_term_string}"},"query-input":{"@type":"PropertyValueSpecification","valueRequired":true,"valueName":"search_term_string"}}],"inLanguage":"es"},{"@type":"Organization","@id":"https:\/\/lentraide.es\/fr\/#organization","name":"Entraide Fran\u00e7aise","alternateName":"L'entraide","url":"https:\/\/lentraide.es\/fr\/","logo":{"@type":"ImageObject","inLanguage":"es","@id":"https:\/\/lentraide.es\/fr\/#\/schema\/logo\/image\/","url":"https:\/\/lentraide.es\/wp-content\/uploads\/2015\/07\/LOGO-azul2.png","contentUrl":"https:\/\/lentraide.es\/wp-content\/uploads\/2015\/07\/LOGO-azul2.png","width":232,"height":146,"caption":"Entraide Fran\u00e7aise"},"image":{"@id":"https:\/\/lentraide.es\/fr\/#\/schema\/logo\/image\/"},"sameAs":["https:\/\/www.facebook.com\/entraide.francaisemadrid","https:\/\/www.instagram.com\/entraidefrancaisemadrid\/"]}]}},"_links":{"self":[{"href":"https:\/\/lentraide.es\/fr\/wp-json\/wp\/v2\/pages\/62345","targetHints":{"allow":["GET"]}}],"collection":[{"href":"https:\/\/lentraide.es\/fr\/wp-json\/wp\/v2\/pages"}],"about":[{"href":"https:\/\/lentraide.es\/fr\/wp-json\/wp\/v2\/types\/page"}],"author":[{"embeddable":true,"href":"https:\/\/lentraide.es\/fr\/wp-json\/wp\/v2\/users\/400"}],"replies":[{"embeddable":true,"href":"https:\/\/lentraide.es\/fr\/wp-json\/wp\/v2\/comments?post=62345"}],"version-history":[{"count":0,"href":"https:\/\/lentraide.es\/fr\/wp-json\/wp\/v2\/pages\/62345\/revisions"}],"wp:attachment":[{"href":"https:\/\/lentraide.es\/fr\/wp-json\/wp\/v2\/media?parent=62345"}],"curies":[{"name":"wp","href":"https:\/\/api.w.org\/{rel}","templated":true}]}}