{"id":62346,"date":"2025-11-29T12:22:12","date_gmt":"2025-11-29T11:22:12","guid":{"rendered":"https:\/\/lentraide.es\/?page_id=62346"},"modified":"2025-11-29T12:23:46","modified_gmt":"2025-11-29T11:23:46","slug":"accompagner-personnes-agees","status":"publish","type":"page","link":"https:\/\/lentraide.es\/fr\/accompagner-personnes-agees\/","title":{"rendered":"Accompagner les personnes \u00e2g\u00e9es"},"content":{"rendered":"<div class=\"wpb-content-wrapper\"><p>[vc_row css_animation=\u00a0\u00bb\u00a0\u00bb row_type=\u00a0\u00bbrow\u00a0\u00bb use_row_as_full_screen_section=\u00a0\u00bbno\u00a0\u00bb type=\u00a0\u00bbgrid\u00a0\u00bb angled_section=\u00a0\u00bbno\u00a0\u00bb text_align=\u00a0\u00bbleft\u00a0\u00bb background_image_as_pattern=\u00a0\u00bbwithout_pattern\u00a0\u00bb z_index=\u00a0\u00bb\u00a0\u00bb][vc_column width=\u00a0\u00bb1\/6&Prime;][vc_empty_space height=\u00a0\u00bb20px\u00a0\u00bb][\/vc_column][vc_column width=\u00a0\u00bb2\/3&Prime;][vc_empty_space height=\u00a0\u00bb20px\u00a0\u00bb][vc_column_text css=\u00a0\u00bb\u00a0\u00bb]<\/p>\n<h1 style=\"text-align: center;\"><span style=\"color: #00b7ff;\"><strong>ACCOMPAGNER LES PERSONNES AG\u00c9ES<\/strong><\/span><\/h1>\n<p>[\/vc_column_text][\/vc_column][vc_column width=\u00a0\u00bb1\/6&Prime;][vc_empty_space height=\u00a0\u00bb20px\u00a0\u00bb][\/vc_column][\/vc_row][vc_row css_animation=\u00a0\u00bb\u00a0\u00bb row_type=\u00a0\u00bbrow\u00a0\u00bb use_row_as_full_screen_section=\u00a0\u00bbno\u00a0\u00bb type=\u00a0\u00bbfull_width\u00a0\u00bb angled_section=\u00a0\u00bbno\u00a0\u00bb text_align=\u00a0\u00bbleft\u00a0\u00bb background_image_as_pattern=\u00a0\u00bbwithout_pattern\u00a0\u00bb][vc_column][vc_empty_space]<div class=\"qode-workflow \">\n    <span class=\"main-line\" style=\"background-color:#878787;\"><\/span>\n    <div class=\"qode-workflow-item\">\n    <span class=\"line\" style=\"\"><\/span>\n    <div class=\"qode-workflow-item-inner \">\n        <div class=\"qode-workflow-image left\">\n            <img loading=\"lazy\" decoding=\"async\" width=\"2560\" height=\"1920\" src=\"https:\/\/lentraide.es\/wp-content\/uploads\/2025\/11\/Coro-les-Artistes-Madrilenes-scaled.jpg\" class=\"attachment-full size-full\" alt=\"\" srcset=\"https:\/\/lentraide.es\/wp-content\/uploads\/2025\/11\/Coro-les-Artistes-Madrilenes-scaled.jpg 2560w, https:\/\/lentraide.es\/wp-content\/uploads\/2025\/11\/Coro-les-Artistes-Madrilenes-300x225.jpg 300w, https:\/\/lentraide.es\/wp-content\/uploads\/2025\/11\/Coro-les-Artistes-Madrilenes-1024x768.jpg 1024w, https:\/\/lentraide.es\/wp-content\/uploads\/2025\/11\/Coro-les-Artistes-Madrilenes-768x576.jpg 768w, https:\/\/lentraide.es\/wp-content\/uploads\/2025\/11\/Coro-les-Artistes-Madrilenes-1536x1152.jpg 1536w, https:\/\/lentraide.es\/wp-content\/uploads\/2025\/11\/Coro-les-Artistes-Madrilenes-2048x1536.jpg 2048w, https:\/\/lentraide.es\/wp-content\/uploads\/2025\/11\/Coro-les-Artistes-Madrilenes-800x600.jpg 800w, https:\/\/lentraide.es\/wp-content\/uploads\/2025\/11\/Coro-les-Artistes-Madrilenes-700x525.jpg 700w\" sizes=\"auto, (max-width: 2560px) 100vw, 2560px\" \/>        <\/div>\n        <div class=\"qode-workflow-text\">\n            <span class=\"circle\" style=\"border-color:#000000;\"><\/span>\n                            <h3>Le Foyer Saint Louis des Fran\u00e7ais : un lieu de vie et de partage au c\u0153ur de Madrid.<\/h3>\n                                                    <p class=\"text\">Saviez-vous qu\u2019il existe, au c\u0153ur de Madrid, un lieu plein de vie o\u00f9 nos a\u00een\u00e9s franco-<br \/>\nespagnols partagent chaque jour des moments d\u2019amiti\u00e9, de culture et de solidarit\u00e9.<br \/>\nLe Foyer Saint Louis des Fran\u00e7ais, situ\u00e9 au  centre-ville, accueille depuis plusieurs<br \/>\nd\u00e9cennies des personnes \u00e2g\u00e9es Espagnoles et Fran\u00e7aises dans un cadre familial et<br \/>\nbienveillant.<\/p>\n<p>H\u00e9ritier de l'H\u00f4pital Saint Louis des Fran\u00e7ais, et cr\u00e9\u00e9 \u00e0 l';initiative de la communaut\u00e9<br \/>\nfran\u00e7aise repr\u00e9sent\u00e9e par notre association, le Foyer a toujours eu pour mission d\u2019offrir<br \/>\nun environnement chaleureux, o\u00f9 l\u2019on parle fran\u00e7ais et espagnol, o\u00f9  l\u2019on chante, rit et<br \/>\n\u00e9change en toute simplicit\u00e9.<\/p>\n<p>C\u2019est un lieu o\u00f9 se tissent des liens humains pr\u00e9cieux, soutenus par une \u00e9quipe<br \/>\nattentionn\u00e9e et de nombreux b\u00e9n\u00e9voles.<\/p>\n                    <\/div>\n    <\/div>\n<\/div><div class=\"qode-workflow-item\">\n    <span class=\"line\" style=\"\"><\/span>\n    <div class=\"qode-workflow-item-inner reverse\">\n        <div class=\"qode-workflow-image right\">\n            <img loading=\"lazy\" decoding=\"async\" width=\"2560\" height=\"1920\" src=\"https:\/\/lentraide.es\/wp-content\/uploads\/2025\/11\/Opera-I-scaled.jpg\" class=\"attachment-full size-full\" alt=\"\" srcset=\"https:\/\/lentraide.es\/wp-content\/uploads\/2025\/11\/Opera-I-scaled.jpg 2560w, https:\/\/lentraide.es\/wp-content\/uploads\/2025\/11\/Opera-I-300x225.jpg 300w, https:\/\/lentraide.es\/wp-content\/uploads\/2025\/11\/Opera-I-1024x768.jpg 1024w, https:\/\/lentraide.es\/wp-content\/uploads\/2025\/11\/Opera-I-768x576.jpg 768w, https:\/\/lentraide.es\/wp-content\/uploads\/2025\/11\/Opera-I-1536x1152.jpg 1536w, https:\/\/lentraide.es\/wp-content\/uploads\/2025\/11\/Opera-I-2048x1536.jpg 2048w, https:\/\/lentraide.es\/wp-content\/uploads\/2025\/11\/Opera-I-800x600.jpg 800w, https:\/\/lentraide.es\/wp-content\/uploads\/2025\/11\/Opera-I-700x525.jpg 700w\" sizes=\"auto, (max-width: 2560px) 100vw, 2560px\" \/>        <\/div>\n        <div class=\"qode-workflow-text\">\n            <span class=\"circle\" style=\"border-color:#000000;\"><\/span>\n                            <h3>De nombreuses activit\u00e9s propos\u00e9es<\/h3>\n                                                    <p class=\"text\">Aujourd\u2019hui, le Foyer propose une grande vari\u00e9t\u00e9 d\u2019activit\u00e9s : ateliers de musique et de<br \/>\nchant, activit\u00e9s culturelles, jeux, rencontres interg\u00e9n\u00e9rationnelles, ou encore moments<br \/>\nde d\u00e9tente autour d\u2019un caf\u00e9.<\/p>\n<p>Ces instants partag\u00e9s apportent dynamisme et joie \u00e0 la vie quotidienne des r\u00e9sidents.<\/p>\n<p>L\u2019Entraide Fran\u00e7aise est fi\u00e8re de soutenir cette belle institution.<\/p>\n                    <\/div>\n    <\/div>\n<\/div><div class=\"qode-workflow-item\">\n    <span class=\"line\" style=\"\"><\/span>\n    <div class=\"qode-workflow-item-inner \">\n        <div class=\"qode-workflow-image left\">\n            <img loading=\"lazy\" decoding=\"async\" width=\"559\" height=\"314\" src=\"https:\/\/lentraide.es\/wp-content\/uploads\/2020\/05\/Vaincre-la-solitude.png.jpg\" class=\"attachment-full size-full\" alt=\"\" srcset=\"https:\/\/lentraide.es\/wp-content\/uploads\/2020\/05\/Vaincre-la-solitude.png.jpg 559w, https:\/\/lentraide.es\/wp-content\/uploads\/2020\/05\/Vaincre-la-solitude.png-300x169.jpg 300w, https:\/\/lentraide.es\/wp-content\/uploads\/2020\/05\/Vaincre-la-solitude.png-539x303.jpg 539w\" sizes=\"auto, (max-width: 559px) 100vw, 559px\" \/>        <\/div>\n        <div class=\"qode-workflow-text\">\n            <span class=\"circle\" style=\"border-color:#000000;\"><\/span>\n                            <h3>Vaincre la solitude<\/h3>\n                                                    <p class=\"text\">L\u2019Entraide a cr\u00e9\u00e9 le Club Sol r\u00e9unissant une fois par mois des personnes recevant par ailleurs l\u2019aide \u00e9conomique de l\u2019Entraide. Cela leur offre la possibilit\u00e9 de dialoguer et de partager des moments festifs ou culturels.<\/p>\n<p>Un Cin\u00e9-Club est propos\u00e9 r\u00e9guli\u00e8rement pour visionner un film en fran\u00e7ais, \u00e9changer autour de la projection et passer un moment de convivialit\u00e9<\/p>\n                    <\/div>\n    <\/div>\n<\/div><\/div>[\/vc_column][\/vc_row][vc_row css_animation=\u00a0\u00bb\u00a0\u00bb row_type=\u00a0\u00bbrow\u00a0\u00bb use_row_as_full_screen_section=\u00a0\u00bbno\u00a0\u00bb type=\u00a0\u00bbfull_width\u00a0\u00bb angled_section=\u00a0\u00bbno\u00a0\u00bb text_align=\u00a0\u00bbleft\u00a0\u00bb background_image_as_pattern=\u00a0\u00bbwithout_pattern\u00a0\u00bb css=\u00a0\u00bb.vc_custom_1764415406957{background-color: #1E73BE !important;}\u00a0\u00bb z_index=\u00a0\u00bb\u00a0\u00bb][vc_column width=\u00a0\u00bb1\/2&Prime;][vc_empty_space][vc_column_text css=\u00a0\u00bb\u00a0\u00bb]<\/p>\n<h1 style=\"text-align: right;\"><a href=\"https:\/\/lentraide.es\/fr\/nous-soutenir\/\"><span style=\"color: #ffffff;\"><strong>SOUTENEZ LES ACTIONS DE L&rsquo;ENTRAIDE &gt;<\/strong><\/span><\/a><\/h1>\n<p>[\/vc_column_text][vc_empty_space][\/vc_column][vc_column width=\u00a0\u00bb1\/2&Prime;][vc_empty_space][vc_btn title=\u00a0\u00bbUN GESTE SIMPLE, UN IMPACT FORT\u00a0\u00bb color=\u00a0\u00bbwhite\u00a0\u00bb size=\u00a0\u00bblg\u00a0\u00bb align=\u00a0\u00bbleft\u00a0\u00bb css=\u00a0\u00bb\u00a0\u00bb link=\u00a0\u00bburl:https%3A%2F%2Flentraide.es%2Ffr%2Fnous-soutenir%2F|title:Nous%20soutenir|target:_blank\u00a0\u00bb][vc_empty_space][\/vc_column][\/vc_row]<\/p>\n<\/div>","protected":false},"excerpt":{"rendered":"<p>[vc_row css_animation=\u00a0\u00bb\u00a0\u00bb row_type=\u00a0\u00bbrow\u00a0\u00bb use_row_as_full_screen_section=\u00a0\u00bbno\u00a0\u00bb type=\u00a0\u00bbgrid\u00a0\u00bb angled_section=\u00a0\u00bbno\u00a0\u00bb text_align=\u00a0\u00bbleft\u00a0\u00bb background_image_as_pattern=\u00a0\u00bbwithout_pattern\u00a0\u00bb z_index=\u00a0\u00bb\u00a0\u00bb][vc_column width=\u00a0\u00bb1\/6&Prime;][vc_empty_space height=\u00a0\u00bb20px\u00a0\u00bb][\/vc_column][vc_column width=\u00a0\u00bb2\/3&Prime;][vc_empty_space height=\u00a0\u00bb20px\u00a0\u00bb][vc_column_text css=\u00a0\u00bb\u00a0\u00bb] ACCOMPAGNER LES PERSONNES AG\u00c9ES [\/vc_column_text][\/vc_column][vc_column width=\u00a0\u00bb1\/6&Prime;][vc_empty_space height=\u00a0\u00bb20px\u00a0\u00bb][\/vc_column][\/vc_row][vc_row css_animation=\u00a0\u00bb\u00a0\u00bb row_type=\u00a0\u00bbrow\u00a0\u00bb use_row_as_full_screen_section=\u00a0\u00bbno\u00a0\u00bb type=\u00a0\u00bbfull_width\u00a0\u00bb angled_section=\u00a0\u00bbno\u00a0\u00bb text_align=\u00a0\u00bbleft\u00a0\u00bb background_image_as_pattern=\u00a0\u00bbwithout_pattern\u00a0\u00bb][vc_column][vc_empty_space][\/vc_column][\/vc_row][vc_row css_animation=\u00a0\u00bb\u00a0\u00bb row_type=\u00a0\u00bbrow\u00a0\u00bb&#8230;<\/p>\n","protected":false},"author":400,"featured_media":0,"parent":0,"menu_order":0,"comment_status":"closed","ping_status":"closed","template":"full_width.php","meta":{"_acf_changed":false,"footnotes":""},"class_list":["post-62346","page","type-page","status-publish","hentry"],"acf":[],"yoast_head":"<!-- This site is optimized with the Yoast SEO plugin v26.9 - https:\/\/yoast.com\/product\/yoast-seo-wordpress\/ -->\n<title>Accompagner les personnes \u00e2g\u00e9es | Entraide Fran\u00e7aise<\/title>\n<meta name=\"description\" content=\"Accompagner les personnes \u00e2g\u00e9es | Entraide Fran\u00e7aise |\" \/>\n<meta name=\"robots\" content=\"index, follow, max-snippet:-1, max-image-preview:large, max-video-preview:-1\" \/>\n<link rel=\"canonical\" href=\"https:\/\/lentraide.es\/fr\/accompagner-personnes-agees\/\" \/>\n<meta property=\"og:locale\" content=\"fr_FR\" \/>\n<meta property=\"og:type\" content=\"article\" \/>\n<meta property=\"og:title\" content=\"Accompagner les personnes \u00e2g\u00e9es | Entraide Fran\u00e7aise\" \/>\n<meta property=\"og:description\" content=\"Accompagner les personnes \u00e2g\u00e9es | Entraide Fran\u00e7aise |\" \/>\n<meta property=\"og:url\" content=\"https:\/\/lentraide.es\/fr\/accompagner-personnes-agees\/\" \/>\n<meta property=\"og:site_name\" content=\"Entraide Fran\u00e7aise\" \/>\n<meta property=\"article:publisher\" content=\"https:\/\/www.facebook.com\/entraide.francaisemadrid\" \/>\n<meta property=\"article:modified_time\" content=\"2025-11-29T11:23:46+00:00\" \/>\n<meta name=\"twitter:card\" content=\"summary_large_image\" \/>\n<meta name=\"twitter:label1\" content=\"Tiempo de lectura\" \/>\n\t<meta name=\"twitter:data1\" content=\"2 minutes\" \/>\n<script type=\"application\/ld+json\" class=\"yoast-schema-graph\">{\"@context\":\"https:\/\/schema.org\",\"@graph\":[{\"@type\":\"WebPage\",\"@id\":\"https:\/\/lentraide.es\/fr\/accompagner-personnes-agees\/\",\"url\":\"https:\/\/lentraide.es\/fr\/accompagner-personnes-agees\/\",\"name\":\"Accompagner les personnes \u00e2g\u00e9es | Entraide Fran\u00e7aise\",\"isPartOf\":{\"@id\":\"https:\/\/lentraide.es\/fr\/#website\"},\"datePublished\":\"2025-11-29T11:22:12+00:00\",\"dateModified\":\"2025-11-29T11:23:46+00:00\",\"description\":\"Accompagner les personnes \u00e2g\u00e9es | Entraide Fran\u00e7aise |\",\"breadcrumb\":{\"@id\":\"https:\/\/lentraide.es\/fr\/accompagner-personnes-agees\/#breadcrumb\"},\"inLanguage\":\"es\",\"potentialAction\":[{\"@type\":\"ReadAction\",\"target\":[\"https:\/\/lentraide.es\/fr\/accompagner-personnes-agees\/\"]}]},{\"@type\":\"BreadcrumbList\",\"@id\":\"https:\/\/lentraide.es\/fr\/accompagner-personnes-agees\/#breadcrumb\",\"itemListElement\":[{\"@type\":\"ListItem\",\"position\":1,\"name\":\"Accueil\",\"item\":\"https:\/\/lentraide.es\/fr\/\"},{\"@type\":\"ListItem\",\"position\":2,\"name\":\"Accompagner les personnes \u00e2g\u00e9es\"}]},{\"@type\":\"WebSite\",\"@id\":\"https:\/\/lentraide.es\/fr\/#website\",\"url\":\"https:\/\/lentraide.es\/fr\/\",\"name\":\"Entraide Fran\u00e7aise\",\"description\":\"Une main tendue vers la France\",\"publisher\":{\"@id\":\"https:\/\/lentraide.es\/fr\/#organization\"},\"alternateName\":\"L'entraide\",\"potentialAction\":[{\"@type\":\"SearchAction\",\"target\":{\"@type\":\"EntryPoint\",\"urlTemplate\":\"https:\/\/lentraide.es\/fr\/?s={search_term_string}\"},\"query-input\":{\"@type\":\"PropertyValueSpecification\",\"valueRequired\":true,\"valueName\":\"search_term_string\"}}],\"inLanguage\":\"es\"},{\"@type\":\"Organization\",\"@id\":\"https:\/\/lentraide.es\/fr\/#organization\",\"name\":\"Entraide Fran\u00e7aise\",\"alternateName\":\"L'entraide\",\"url\":\"https:\/\/lentraide.es\/fr\/\",\"logo\":{\"@type\":\"ImageObject\",\"inLanguage\":\"es\",\"@id\":\"https:\/\/lentraide.es\/fr\/#\/schema\/logo\/image\/\",\"url\":\"https:\/\/lentraide.es\/wp-content\/uploads\/2015\/07\/LOGO-azul2.png\",\"contentUrl\":\"https:\/\/lentraide.es\/wp-content\/uploads\/2015\/07\/LOGO-azul2.png\",\"width\":232,\"height\":146,\"caption\":\"Entraide Fran\u00e7aise\"},\"image\":{\"@id\":\"https:\/\/lentraide.es\/fr\/#\/schema\/logo\/image\/\"},\"sameAs\":[\"https:\/\/www.facebook.com\/entraide.francaisemadrid\",\"https:\/\/www.instagram.com\/entraidefrancaisemadrid\/\"]}]}<\/script>\n<!-- \/ Yoast SEO plugin. -->","yoast_head_json":{"title":"Accompagner les personnes \u00e2g\u00e9es | Entraide Fran\u00e7aise","description":"Accompagner les personnes \u00e2g\u00e9es | Entraide Fran\u00e7aise |","robots":{"index":"index","follow":"follow","max-snippet":"max-snippet:-1","max-image-preview":"max-image-preview:large","max-video-preview":"max-video-preview:-1"},"canonical":"https:\/\/lentraide.es\/fr\/accompagner-personnes-agees\/","og_locale":"fr_FR","og_type":"article","og_title":"Accompagner les personnes \u00e2g\u00e9es | Entraide Fran\u00e7aise","og_description":"Accompagner les personnes \u00e2g\u00e9es | Entraide Fran\u00e7aise |","og_url":"https:\/\/lentraide.es\/fr\/accompagner-personnes-agees\/","og_site_name":"Entraide Fran\u00e7aise","article_publisher":"https:\/\/www.facebook.com\/entraide.francaisemadrid","article_modified_time":"2025-11-29T11:23:46+00:00","twitter_card":"summary_large_image","twitter_misc":{"Tiempo de lectura":"2 minutes"},"schema":{"@context":"https:\/\/schema.org","@graph":[{"@type":"WebPage","@id":"https:\/\/lentraide.es\/fr\/accompagner-personnes-agees\/","url":"https:\/\/lentraide.es\/fr\/accompagner-personnes-agees\/","name":"Accompagner les personnes \u00e2g\u00e9es | Entraide Fran\u00e7aise","isPartOf":{"@id":"https:\/\/lentraide.es\/fr\/#website"},"datePublished":"2025-11-29T11:22:12+00:00","dateModified":"2025-11-29T11:23:46+00:00","description":"Accompagner les personnes \u00e2g\u00e9es | Entraide Fran\u00e7aise |","breadcrumb":{"@id":"https:\/\/lentraide.es\/fr\/accompagner-personnes-agees\/#breadcrumb"},"inLanguage":"es","potentialAction":[{"@type":"ReadAction","target":["https:\/\/lentraide.es\/fr\/accompagner-personnes-agees\/"]}]},{"@type":"BreadcrumbList","@id":"https:\/\/lentraide.es\/fr\/accompagner-personnes-agees\/#breadcrumb","itemListElement":[{"@type":"ListItem","position":1,"name":"Accueil","item":"https:\/\/lentraide.es\/fr\/"},{"@type":"ListItem","position":2,"name":"Accompagner les personnes \u00e2g\u00e9es"}]},{"@type":"WebSite","@id":"https:\/\/lentraide.es\/fr\/#website","url":"https:\/\/lentraide.es\/fr\/","name":"Entraide Fran\u00e7aise","description":"Une main tendue vers la France","publisher":{"@id":"https:\/\/lentraide.es\/fr\/#organization"},"alternateName":"L'entraide","potentialAction":[{"@type":"SearchAction","target":{"@type":"EntryPoint","urlTemplate":"https:\/\/lentraide.es\/fr\/?s={search_term_string}"},"query-input":{"@type":"PropertyValueSpecification","valueRequired":true,"valueName":"search_term_string"}}],"inLanguage":"es"},{"@type":"Organization","@id":"https:\/\/lentraide.es\/fr\/#organization","name":"Entraide Fran\u00e7aise","alternateName":"L'entraide","url":"https:\/\/lentraide.es\/fr\/","logo":{"@type":"ImageObject","inLanguage":"es","@id":"https:\/\/lentraide.es\/fr\/#\/schema\/logo\/image\/","url":"https:\/\/lentraide.es\/wp-content\/uploads\/2015\/07\/LOGO-azul2.png","contentUrl":"https:\/\/lentraide.es\/wp-content\/uploads\/2015\/07\/LOGO-azul2.png","width":232,"height":146,"caption":"Entraide Fran\u00e7aise"},"image":{"@id":"https:\/\/lentraide.es\/fr\/#\/schema\/logo\/image\/"},"sameAs":["https:\/\/www.facebook.com\/entraide.francaisemadrid","https:\/\/www.instagram.com\/entraidefrancaisemadrid\/"]}]}},"_links":{"self":[{"href":"https:\/\/lentraide.es\/fr\/wp-json\/wp\/v2\/pages\/62346","targetHints":{"allow":["GET"]}}],"collection":[{"href":"https:\/\/lentraide.es\/fr\/wp-json\/wp\/v2\/pages"}],"about":[{"href":"https:\/\/lentraide.es\/fr\/wp-json\/wp\/v2\/types\/page"}],"author":[{"embeddable":true,"href":"https:\/\/lentraide.es\/fr\/wp-json\/wp\/v2\/users\/400"}],"replies":[{"embeddable":true,"href":"https:\/\/lentraide.es\/fr\/wp-json\/wp\/v2\/comments?post=62346"}],"version-history":[{"count":0,"href":"https:\/\/lentraide.es\/fr\/wp-json\/wp\/v2\/pages\/62346\/revisions"}],"wp:attachment":[{"href":"https:\/\/lentraide.es\/fr\/wp-json\/wp\/v2\/media?parent=62346"}],"curies":[{"name":"wp","href":"https:\/\/api.w.org\/{rel}","templated":true}]}}