{"id":1827,"date":"2020-10-25T11:00:29","date_gmt":"2020-10-25T10:00:29","guid":{"rendered":"http:\/\/lentraide.es\/tienda\/bouteille-champagne\/"},"modified":"2025-12-11T22:42:54","modified_gmt":"2025-12-11T21:42:54","slug":"champagne-schloesser-brut-tradition","status":"publish","type":"product","link":"https:\/\/lentraide.es\/fr\/tienda\/champagne-schloesser-brut-tradition\/","title":{"rendered":"Champagne RENE SCHLOESSER Brut Tradition &#8211; Caisse de 6 bouteilles"},"content":{"rendered":"","protected":false},"excerpt":{"rendered":"<p>40% Pinot Noir &#8211; 30% Chardonnay &#8211; 30% Pinot Meunier<\/p>\n<p><strong><br \/>\n<\/strong>C&rsquo;est un champagne frais et fruit\u00e9. Il pr\u00e9sente une grande longueur et un bon \u00e9quilibre en bouche gr\u00e2ce aux 10 % de vins de r\u00e9serve vieillis dans de grands foudres de ch\u00eane qui entrent dans l&rsquo;assemblage.<\/p>\n<p>Grande Cuv\u00e9e BRUT, raffin\u00e9, surprendra par sa rondeur et son \u00e9quilibre et laissera appara\u00eetre la puret\u00e9 et la finesse de ses ar\u00f4mes.<\/p>\n<p>&nbsp;<\/p>\n<hr \/>\n<p>&nbsp;<\/p>\n<p><span style=\"color: #0000ff;\">Pour les ventes sur le site web, il est <strong>IMP\u00c9RATIF<\/strong> de choisir la modalit\u00e9 de livraison via le produit Livraison : <a href=\"https:\/\/lentraide.es\/fr\/tienda\/livraison-entrega-champagnes\">https:\/\/lentraide.es\/fr\/tienda\/livraison-entrega-champagnes<\/a><\/span><\/p>\n<p>&nbsp;<\/p>\n<ul>\n<li>le transport est GRATUIT sur MADRID (Province de Madrid)<\/li>\n<li>en dehors de ce p\u00e9rim\u00e8tre, il vous est demand\u00e9 10 \u20ac pour une ou deux caisses, et 15 \u20ac pour 3 caisses et plus.<\/li>\n<li>Iles Bal\u00e9ares et Canaries, merci de vous renseigner aupr\u00e8s de Bruno 639 70 79 02.<\/li>\n<\/ul>\n<p>&nbsp;<\/p>\n","protected":false},"featured_media":60877,"template":"","meta":{"_acf_changed":false},"product_brand":[],"product_cat":[243,166,87],"product_tag":[],"class_list":{"0":"post-1827","1":"product","2":"type-product","3":"status-publish","4":"has-post-thumbnail","6":"product_cat-champagne-noel","7":"product_cat-vente-de-noel","8":"product_cat-vins-champagnes","10":"first","11":"outofstock","12":"shipping-taxable","13":"purchasable","14":"product-type-simple"},"acf":[],"yoast_head":"<!-- This site is optimized with the Yoast SEO plugin v27.3 - https:\/\/yoast.com\/product\/yoast-seo-wordpress\/ -->\n<title>Champagne RENE SCHLOESSER Brut Tradition - Caisse de 6 bouteilles | Entraide Fran\u00e7aise<\/title>\n<meta name=\"robots\" content=\"index, follow, max-snippet:-1, max-image-preview:large, max-video-preview:-1\" \/>\n<link rel=\"canonical\" href=\"https:\/\/lentraide.es\/fr\/tienda\/champagne-schloesser-brut-tradition\/\" \/>\n<meta property=\"og:locale\" content=\"fr_FR\" \/>\n<meta property=\"og:type\" content=\"article\" \/>\n<meta property=\"og:title\" content=\"Champagne RENE SCHLOESSER Brut Tradition - Caisse de 6 bouteilles | Entraide Fran\u00e7aise\" \/>\n<meta property=\"og:description\" content=\"40% Pinot Noir - 30% Chardonnay - 30% Pinot Meunier   C&#039;est un champagne frais et fruit\u00e9. Il pr\u00e9sente une grande longueur et un bon \u00e9quilibre en bouche gr\u00e2ce aux 10 % de vins de r\u00e9serve vieillis dans de grands foudres de ch\u00eane qui entrent dans l&#039;assemblage.  Grande Cuv\u00e9e BRUT, raffin\u00e9, surprendra par sa rondeur et son \u00e9quilibre et laissera appara\u00eetre la puret\u00e9 et la finesse de ses ar\u00f4mes.  &nbsp;    &nbsp;  Pour les ventes sur le site web, il est IMP\u00c9RATIF de choisir la modalit\u00e9 de livraison via le produit Livraison : https:\/\/lentraide.es\/fr\/tienda\/livraison-entrega-champagnes  &nbsp;   le transport est GRATUIT sur MADRID (Province de Madrid)  en dehors de ce p\u00e9rim\u00e8tre, il vous est demand\u00e9 10 \u20ac pour une ou deux caisses, et 15 \u20ac pour 3 caisses et plus.  Iles Bal\u00e9ares et Canaries, merci de vous renseigner aupr\u00e8s de Bruno 639 70 79 02.  &nbsp;\" \/>\n<meta property=\"og:url\" content=\"https:\/\/lentraide.es\/fr\/tienda\/champagne-schloesser-brut-tradition\/\" \/>\n<meta property=\"og:site_name\" content=\"Entraide Fran\u00e7aise\" \/>\n<meta property=\"article:publisher\" content=\"https:\/\/www.facebook.com\/entraide.francaisemadrid\" \/>\n<meta property=\"article:modified_time\" content=\"2025-12-11T21:42:54+00:00\" \/>\n<meta property=\"og:image\" content=\"https:\/\/lentraide.es\/wp-content\/uploads\/2020\/10\/31.png\" \/>\n\t<meta property=\"og:image:width\" content=\"963\" \/>\n\t<meta property=\"og:image:height\" content=\"963\" \/>\n\t<meta property=\"og:image:type\" content=\"image\/png\" \/>\n<meta name=\"twitter:card\" content=\"summary_large_image\" \/>\n<meta name=\"twitter:label1\" content=\"Tiempo de lectura\" \/>\n\t<meta name=\"twitter:data1\" content=\"1 minute\" \/>\n<script type=\"application\/ld+json\" class=\"yoast-schema-graph\">{\"@context\":\"https:\\\/\\\/schema.org\",\"@graph\":[{\"@type\":\"WebPage\",\"@id\":\"https:\\\/\\\/lentraide.es\\\/fr\\\/tienda\\\/champagne-schloesser-brut-tradition\\\/\",\"url\":\"https:\\\/\\\/lentraide.es\\\/fr\\\/tienda\\\/champagne-schloesser-brut-tradition\\\/\",\"name\":\"Champagne RENE SCHLOESSER Brut Tradition - Caisse de 6 bouteilles | Entraide Fran\u00e7aise\",\"isPartOf\":{\"@id\":\"https:\\\/\\\/lentraide.es\\\/fr\\\/#website\"},\"primaryImageOfPage\":{\"@id\":\"https:\\\/\\\/lentraide.es\\\/fr\\\/tienda\\\/champagne-schloesser-brut-tradition\\\/#primaryimage\"},\"image\":{\"@id\":\"https:\\\/\\\/lentraide.es\\\/fr\\\/tienda\\\/champagne-schloesser-brut-tradition\\\/#primaryimage\"},\"thumbnailUrl\":\"https:\\\/\\\/lentraide.es\\\/wp-content\\\/uploads\\\/2020\\\/10\\\/31.png\",\"datePublished\":\"2020-10-25T10:00:29+00:00\",\"dateModified\":\"2025-12-11T21:42:54+00:00\",\"breadcrumb\":{\"@id\":\"https:\\\/\\\/lentraide.es\\\/fr\\\/tienda\\\/champagne-schloesser-brut-tradition\\\/#breadcrumb\"},\"inLanguage\":\"es\",\"potentialAction\":[{\"@type\":\"ReadAction\",\"target\":[\"https:\\\/\\\/lentraide.es\\\/fr\\\/tienda\\\/champagne-schloesser-brut-tradition\\\/\"]}]},{\"@type\":\"ImageObject\",\"inLanguage\":\"es\",\"@id\":\"https:\\\/\\\/lentraide.es\\\/fr\\\/tienda\\\/champagne-schloesser-brut-tradition\\\/#primaryimage\",\"url\":\"https:\\\/\\\/lentraide.es\\\/wp-content\\\/uploads\\\/2020\\\/10\\\/31.png\",\"contentUrl\":\"https:\\\/\\\/lentraide.es\\\/wp-content\\\/uploads\\\/2020\\\/10\\\/31.png\",\"width\":963,\"height\":963},{\"@type\":\"BreadcrumbList\",\"@id\":\"https:\\\/\\\/lentraide.es\\\/fr\\\/tienda\\\/champagne-schloesser-brut-tradition\\\/#breadcrumb\",\"itemListElement\":[{\"@type\":\"ListItem\",\"position\":1,\"name\":\"Accueil\",\"item\":\"https:\\\/\\\/lentraide.es\\\/fr\\\/\"},{\"@type\":\"ListItem\",\"position\":2,\"name\":\"Boutique\",\"item\":\"https:\\\/\\\/lentraide.es\\\/fr\\\/boutique-new\\\/\"},{\"@type\":\"ListItem\",\"position\":3,\"name\":\"Champagne RENE SCHLOESSER Brut Tradition &#8211; Caisse de 6 bouteilles\"}]},{\"@type\":\"WebSite\",\"@id\":\"https:\\\/\\\/lentraide.es\\\/fr\\\/#website\",\"url\":\"https:\\\/\\\/lentraide.es\\\/fr\\\/\",\"name\":\"Entraide Fran\u00e7aise\",\"description\":\"Une main tendue vers la France\",\"publisher\":{\"@id\":\"https:\\\/\\\/lentraide.es\\\/fr\\\/#organization\"},\"alternateName\":\"L'entraide\",\"potentialAction\":[{\"@type\":\"SearchAction\",\"target\":{\"@type\":\"EntryPoint\",\"urlTemplate\":\"https:\\\/\\\/lentraide.es\\\/fr\\\/?s={search_term_string}\"},\"query-input\":{\"@type\":\"PropertyValueSpecification\",\"valueRequired\":true,\"valueName\":\"search_term_string\"}}],\"inLanguage\":\"es\"},{\"@type\":\"Organization\",\"@id\":\"https:\\\/\\\/lentraide.es\\\/fr\\\/#organization\",\"name\":\"Entraide Fran\u00e7aise\",\"alternateName\":\"L'entraide\",\"url\":\"https:\\\/\\\/lentraide.es\\\/fr\\\/\",\"logo\":{\"@type\":\"ImageObject\",\"inLanguage\":\"es\",\"@id\":\"https:\\\/\\\/lentraide.es\\\/fr\\\/#\\\/schema\\\/logo\\\/image\\\/\",\"url\":\"https:\\\/\\\/lentraide.es\\\/wp-content\\\/uploads\\\/2015\\\/07\\\/LOGO-azul2.png\",\"contentUrl\":\"https:\\\/\\\/lentraide.es\\\/wp-content\\\/uploads\\\/2015\\\/07\\\/LOGO-azul2.png\",\"width\":232,\"height\":146,\"caption\":\"Entraide Fran\u00e7aise\"},\"image\":{\"@id\":\"https:\\\/\\\/lentraide.es\\\/fr\\\/#\\\/schema\\\/logo\\\/image\\\/\"},\"sameAs\":[\"https:\\\/\\\/www.facebook.com\\\/entraide.francaisemadrid\",\"https:\\\/\\\/www.instagram.com\\\/entraidefrancaisemadrid\\\/\"]}]}<\/script>\n<!-- \/ Yoast SEO plugin. -->","yoast_head_json":{"title":"Champagne RENE SCHLOESSER Brut Tradition - Caisse de 6 bouteilles | Entraide Fran\u00e7aise","robots":{"index":"index","follow":"follow","max-snippet":"max-snippet:-1","max-image-preview":"max-image-preview:large","max-video-preview":"max-video-preview:-1"},"canonical":"https:\/\/lentraide.es\/fr\/tienda\/champagne-schloesser-brut-tradition\/","og_locale":"fr_FR","og_type":"article","og_title":"Champagne RENE SCHLOESSER Brut Tradition - Caisse de 6 bouteilles | Entraide Fran\u00e7aise","og_description":"40% Pinot Noir - 30% Chardonnay - 30% Pinot Meunier   C'est un champagne frais et fruit\u00e9. Il pr\u00e9sente une grande longueur et un bon \u00e9quilibre en bouche gr\u00e2ce aux 10 % de vins de r\u00e9serve vieillis dans de grands foudres de ch\u00eane qui entrent dans l'assemblage.  Grande Cuv\u00e9e BRUT, raffin\u00e9, surprendra par sa rondeur et son \u00e9quilibre et laissera appara\u00eetre la puret\u00e9 et la finesse de ses ar\u00f4mes.  &nbsp;    &nbsp;  Pour les ventes sur le site web, il est IMP\u00c9RATIF de choisir la modalit\u00e9 de livraison via le produit Livraison : https:\/\/lentraide.es\/fr\/tienda\/livraison-entrega-champagnes  &nbsp;   le transport est GRATUIT sur MADRID (Province de Madrid)  en dehors de ce p\u00e9rim\u00e8tre, il vous est demand\u00e9 10 \u20ac pour une ou deux caisses, et 15 \u20ac pour 3 caisses et plus.  Iles Bal\u00e9ares et Canaries, merci de vous renseigner aupr\u00e8s de Bruno 639 70 79 02.  &nbsp;","og_url":"https:\/\/lentraide.es\/fr\/tienda\/champagne-schloesser-brut-tradition\/","og_site_name":"Entraide Fran\u00e7aise","article_publisher":"https:\/\/www.facebook.com\/entraide.francaisemadrid","article_modified_time":"2025-12-11T21:42:54+00:00","og_image":[{"width":963,"height":963,"url":"https:\/\/lentraide.es\/wp-content\/uploads\/2020\/10\/31.png","type":"image\/png"}],"twitter_card":"summary_large_image","twitter_misc":{"Tiempo de lectura":"1 minute"},"schema":{"@context":"https:\/\/schema.org","@graph":[{"@type":"WebPage","@id":"https:\/\/lentraide.es\/fr\/tienda\/champagne-schloesser-brut-tradition\/","url":"https:\/\/lentraide.es\/fr\/tienda\/champagne-schloesser-brut-tradition\/","name":"Champagne RENE SCHLOESSER Brut Tradition - Caisse de 6 bouteilles | Entraide Fran\u00e7aise","isPartOf":{"@id":"https:\/\/lentraide.es\/fr\/#website"},"primaryImageOfPage":{"@id":"https:\/\/lentraide.es\/fr\/tienda\/champagne-schloesser-brut-tradition\/#primaryimage"},"image":{"@id":"https:\/\/lentraide.es\/fr\/tienda\/champagne-schloesser-brut-tradition\/#primaryimage"},"thumbnailUrl":"https:\/\/lentraide.es\/wp-content\/uploads\/2020\/10\/31.png","datePublished":"2020-10-25T10:00:29+00:00","dateModified":"2025-12-11T21:42:54+00:00","breadcrumb":{"@id":"https:\/\/lentraide.es\/fr\/tienda\/champagne-schloesser-brut-tradition\/#breadcrumb"},"inLanguage":"es","potentialAction":[{"@type":"ReadAction","target":["https:\/\/lentraide.es\/fr\/tienda\/champagne-schloesser-brut-tradition\/"]}]},{"@type":"ImageObject","inLanguage":"es","@id":"https:\/\/lentraide.es\/fr\/tienda\/champagne-schloesser-brut-tradition\/#primaryimage","url":"https:\/\/lentraide.es\/wp-content\/uploads\/2020\/10\/31.png","contentUrl":"https:\/\/lentraide.es\/wp-content\/uploads\/2020\/10\/31.png","width":963,"height":963},{"@type":"BreadcrumbList","@id":"https:\/\/lentraide.es\/fr\/tienda\/champagne-schloesser-brut-tradition\/#breadcrumb","itemListElement":[{"@type":"ListItem","position":1,"name":"Accueil","item":"https:\/\/lentraide.es\/fr\/"},{"@type":"ListItem","position":2,"name":"Boutique","item":"https:\/\/lentraide.es\/fr\/boutique-new\/"},{"@type":"ListItem","position":3,"name":"Champagne RENE SCHLOESSER Brut Tradition &#8211; Caisse de 6 bouteilles"}]},{"@type":"WebSite","@id":"https:\/\/lentraide.es\/fr\/#website","url":"https:\/\/lentraide.es\/fr\/","name":"Entraide Fran\u00e7aise","description":"Une main tendue vers la France","publisher":{"@id":"https:\/\/lentraide.es\/fr\/#organization"},"alternateName":"L'entraide","potentialAction":[{"@type":"SearchAction","target":{"@type":"EntryPoint","urlTemplate":"https:\/\/lentraide.es\/fr\/?s={search_term_string}"},"query-input":{"@type":"PropertyValueSpecification","valueRequired":true,"valueName":"search_term_string"}}],"inLanguage":"es"},{"@type":"Organization","@id":"https:\/\/lentraide.es\/fr\/#organization","name":"Entraide Fran\u00e7aise","alternateName":"L'entraide","url":"https:\/\/lentraide.es\/fr\/","logo":{"@type":"ImageObject","inLanguage":"es","@id":"https:\/\/lentraide.es\/fr\/#\/schema\/logo\/image\/","url":"https:\/\/lentraide.es\/wp-content\/uploads\/2015\/07\/LOGO-azul2.png","contentUrl":"https:\/\/lentraide.es\/wp-content\/uploads\/2015\/07\/LOGO-azul2.png","width":232,"height":146,"caption":"Entraide Fran\u00e7aise"},"image":{"@id":"https:\/\/lentraide.es\/fr\/#\/schema\/logo\/image\/"},"sameAs":["https:\/\/www.facebook.com\/entraide.francaisemadrid","https:\/\/www.instagram.com\/entraidefrancaisemadrid\/"]}]}},"_links":{"self":[{"href":"https:\/\/lentraide.es\/fr\/wp-json\/wp\/v2\/product\/1827","targetHints":{"allow":["GET"]}}],"collection":[{"href":"https:\/\/lentraide.es\/fr\/wp-json\/wp\/v2\/product"}],"about":[{"href":"https:\/\/lentraide.es\/fr\/wp-json\/wp\/v2\/types\/product"}],"wp:featuredmedia":[{"embeddable":true,"href":"https:\/\/lentraide.es\/fr\/wp-json\/wp\/v2\/media\/60877"}],"wp:attachment":[{"href":"https:\/\/lentraide.es\/fr\/wp-json\/wp\/v2\/media?parent=1827"}],"wp:term":[{"taxonomy":"product_brand","embeddable":true,"href":"https:\/\/lentraide.es\/fr\/wp-json\/wp\/v2\/product_brand?post=1827"},{"taxonomy":"product_cat","embeddable":true,"href":"https:\/\/lentraide.es\/fr\/wp-json\/wp\/v2\/product_cat?post=1827"},{"taxonomy":"product_tag","embeddable":true,"href":"https:\/\/lentraide.es\/fr\/wp-json\/wp\/v2\/product_tag?post=1827"}],"curies":[{"name":"wp","href":"https:\/\/api.w.org\/{rel}","templated":true}]}}