{"id":26010,"date":"2023-11-01T14:00:06","date_gmt":"2023-11-01T13:00:06","guid":{"rendered":"https:\/\/lentraide.es\/?post_type=product&#038;p=26010"},"modified":"2025-12-11T22:42:07","modified_gmt":"2025-12-11T21:42:07","slug":"bloc-foie-gras-de-canard","status":"publish","type":"product","link":"https:\/\/lentraide.es\/fr\/tienda\/bloc-foie-gras-de-canard\/","title":{"rendered":"Bloc Foie Gras de Canard"},"content":{"rendered":"<p><strong>Ingr\u00e9dients : Foie gras de canard, sel, poivre, sucre.<\/strong><\/p>\n","protected":false},"excerpt":{"rendered":"<div class=\"wpb_text_column wpb_content_element \">\n<div class=\"wpb_wrapper\">\n<p><strong>Ingr\u00e9dients : Foie gras de canard, sel, poivre, sucre.<br \/>\n<\/strong>Dur\u00e9e limite de conservation : 5 ans.<\/p>\n<\/div>\n<\/div>\n<div class=\"wpb_text_column wpb_content_element \">\n<div class=\"wpb_wrapper\">\n<p>Bloc de Foie gras id\u00e9al pour l\u2019ap\u00e9ritif. D\u00e9pos\u00e9 sur canap\u00e9s ou pain de campagne l\u00e9g\u00e8rement grill\u00e9.<\/p>\n<p>Mariez- le aussi avec des saveurs sucr\u00e9es en pr\u00e9parant des bouch\u00e9es de figues, d\u2019abricot ou de pruneaux au foie gras.<\/p>\n<p>\u00c9labor\u00e9 avec le meilleur Foie Gras de Canard de Villamart\u00edn. Sans additifs ni conservateurs 100% naturel.<\/p>\n<\/div>\n<\/div>\n<p><strong>Boite de 200 g<\/strong>\u00a0&#8211; Pour 4 \u00e0 5 personnes<\/p>\n<p><strong>Boite de 95 g<\/strong> &#8211; A l&rsquo;ap\u00e9ritif pour 2 \u00e0 3 personnes<\/p>\n","protected":false},"featured_media":51691,"template":"","meta":{"_acf_changed":false},"product_brand":[],"product_cat":[244,166],"product_tag":[],"class_list":{"0":"post-26010","1":"product","2":"type-product","3":"status-publish","4":"has-post-thumbnail","6":"product_cat-foie-gras-noel","7":"product_cat-vente-de-noel","9":"first","10":"outofstock","11":"shipping-taxable","12":"purchasable","13":"product-type-variable"},"acf":[],"yoast_head":"<!-- This site is optimized with the Yoast SEO plugin v26.9 - https:\/\/yoast.com\/product\/yoast-seo-wordpress\/ -->\n<title>Bloc Foie Gras de Canard | Entraide Fran\u00e7aise<\/title>\n<meta name=\"robots\" content=\"index, follow, max-snippet:-1, max-image-preview:large, max-video-preview:-1\" \/>\n<link rel=\"canonical\" href=\"https:\/\/lentraide.es\/fr\/tienda\/bloc-foie-gras-de-canard\/\" \/>\n<meta property=\"og:locale\" content=\"fr_FR\" \/>\n<meta property=\"og:type\" content=\"article\" \/>\n<meta property=\"og:title\" content=\"Bloc Foie Gras de Canard | Entraide Fran\u00e7aise\" \/>\n<meta property=\"og:description\" content=\"Ingr\u00e9dients : Foie gras de canard, sel, poivre, sucre. Dur\u00e9e limite de conservation : 5 ans.       Bloc de Foie gras id\u00e9al pour l\u2019ap\u00e9ritif. D\u00e9pos\u00e9 sur canap\u00e9s ou pain de campagne l\u00e9g\u00e8rement grill\u00e9.  Mariez- le aussi avec des saveurs sucr\u00e9es en pr\u00e9parant des bouch\u00e9es de figues, d\u2019abricot ou de pruneaux au foie gras.  \u00c9labor\u00e9 avec le meilleur Foie Gras de Canard de Villamart\u00edn. Sans additifs ni conservateurs 100% naturel.    Boite de 200 g\u00a0- Pour 4 \u00e0 5 personnes  Boite de 95 g - A l&#039;ap\u00e9ritif pour 2 \u00e0 3 personnes\" \/>\n<meta property=\"og:url\" content=\"https:\/\/lentraide.es\/fr\/tienda\/bloc-foie-gras-de-canard\/\" \/>\n<meta property=\"og:site_name\" content=\"Entraide Fran\u00e7aise\" \/>\n<meta property=\"article:publisher\" content=\"https:\/\/www.facebook.com\/entraide.francaisemadrid\" \/>\n<meta property=\"article:modified_time\" content=\"2025-12-11T21:42:07+00:00\" \/>\n<meta property=\"og:image\" content=\"https:\/\/lentraide.es\/wp-content\/uploads\/2023\/11\/Bloc-de-foie-gras-de-pato.png\" \/>\n\t<meta property=\"og:image:width\" content=\"433\" \/>\n\t<meta property=\"og:image:height\" content=\"577\" \/>\n\t<meta property=\"og:image:type\" content=\"image\/png\" \/>\n<meta name=\"twitter:card\" content=\"summary_large_image\" \/>\n<meta name=\"twitter:label1\" content=\"Tiempo de lectura\" \/>\n\t<meta name=\"twitter:data1\" content=\"1 minute\" \/>\n<script type=\"application\/ld+json\" class=\"yoast-schema-graph\">{\"@context\":\"https:\/\/schema.org\",\"@graph\":[{\"@type\":\"WebPage\",\"@id\":\"https:\/\/lentraide.es\/fr\/tienda\/bloc-foie-gras-de-canard\/\",\"url\":\"https:\/\/lentraide.es\/fr\/tienda\/bloc-foie-gras-de-canard\/\",\"name\":\"Bloc Foie Gras de Canard | Entraide Fran\u00e7aise\",\"isPartOf\":{\"@id\":\"https:\/\/lentraide.es\/fr\/#website\"},\"primaryImageOfPage\":{\"@id\":\"https:\/\/lentraide.es\/fr\/tienda\/bloc-foie-gras-de-canard\/#primaryimage\"},\"image\":{\"@id\":\"https:\/\/lentraide.es\/fr\/tienda\/bloc-foie-gras-de-canard\/#primaryimage\"},\"thumbnailUrl\":\"https:\/\/lentraide.es\/wp-content\/uploads\/2023\/11\/Bloc-de-foie-gras-de-pato.png\",\"datePublished\":\"2023-11-01T13:00:06+00:00\",\"dateModified\":\"2025-12-11T21:42:07+00:00\",\"breadcrumb\":{\"@id\":\"https:\/\/lentraide.es\/fr\/tienda\/bloc-foie-gras-de-canard\/#breadcrumb\"},\"inLanguage\":\"es\",\"potentialAction\":[{\"@type\":\"ReadAction\",\"target\":[\"https:\/\/lentraide.es\/fr\/tienda\/bloc-foie-gras-de-canard\/\"]}]},{\"@type\":\"ImageObject\",\"inLanguage\":\"es\",\"@id\":\"https:\/\/lentraide.es\/fr\/tienda\/bloc-foie-gras-de-canard\/#primaryimage\",\"url\":\"https:\/\/lentraide.es\/wp-content\/uploads\/2023\/11\/Bloc-de-foie-gras-de-pato.png\",\"contentUrl\":\"https:\/\/lentraide.es\/wp-content\/uploads\/2023\/11\/Bloc-de-foie-gras-de-pato.png\",\"width\":433,\"height\":577},{\"@type\":\"BreadcrumbList\",\"@id\":\"https:\/\/lentraide.es\/fr\/tienda\/bloc-foie-gras-de-canard\/#breadcrumb\",\"itemListElement\":[{\"@type\":\"ListItem\",\"position\":1,\"name\":\"Accueil\",\"item\":\"https:\/\/lentraide.es\/fr\/\"},{\"@type\":\"ListItem\",\"position\":2,\"name\":\"Boutique\",\"item\":\"https:\/\/lentraide.es\/fr\/boutique-new\/\"},{\"@type\":\"ListItem\",\"position\":3,\"name\":\"Bloc Foie Gras de Canard\"}]},{\"@type\":\"WebSite\",\"@id\":\"https:\/\/lentraide.es\/fr\/#website\",\"url\":\"https:\/\/lentraide.es\/fr\/\",\"name\":\"Entraide Fran\u00e7aise\",\"description\":\"Une main tendue vers la France\",\"publisher\":{\"@id\":\"https:\/\/lentraide.es\/fr\/#organization\"},\"alternateName\":\"L'entraide\",\"potentialAction\":[{\"@type\":\"SearchAction\",\"target\":{\"@type\":\"EntryPoint\",\"urlTemplate\":\"https:\/\/lentraide.es\/fr\/?s={search_term_string}\"},\"query-input\":{\"@type\":\"PropertyValueSpecification\",\"valueRequired\":true,\"valueName\":\"search_term_string\"}}],\"inLanguage\":\"es\"},{\"@type\":\"Organization\",\"@id\":\"https:\/\/lentraide.es\/fr\/#organization\",\"name\":\"Entraide Fran\u00e7aise\",\"alternateName\":\"L'entraide\",\"url\":\"https:\/\/lentraide.es\/fr\/\",\"logo\":{\"@type\":\"ImageObject\",\"inLanguage\":\"es\",\"@id\":\"https:\/\/lentraide.es\/fr\/#\/schema\/logo\/image\/\",\"url\":\"https:\/\/lentraide.es\/wp-content\/uploads\/2015\/07\/LOGO-azul2.png\",\"contentUrl\":\"https:\/\/lentraide.es\/wp-content\/uploads\/2015\/07\/LOGO-azul2.png\",\"width\":232,\"height\":146,\"caption\":\"Entraide Fran\u00e7aise\"},\"image\":{\"@id\":\"https:\/\/lentraide.es\/fr\/#\/schema\/logo\/image\/\"},\"sameAs\":[\"https:\/\/www.facebook.com\/entraide.francaisemadrid\",\"https:\/\/www.instagram.com\/entraidefrancaisemadrid\/\"]}]}<\/script>\n<!-- \/ Yoast SEO plugin. -->","yoast_head_json":{"title":"Bloc Foie Gras de Canard | Entraide Fran\u00e7aise","robots":{"index":"index","follow":"follow","max-snippet":"max-snippet:-1","max-image-preview":"max-image-preview:large","max-video-preview":"max-video-preview:-1"},"canonical":"https:\/\/lentraide.es\/fr\/tienda\/bloc-foie-gras-de-canard\/","og_locale":"fr_FR","og_type":"article","og_title":"Bloc Foie Gras de Canard | Entraide Fran\u00e7aise","og_description":"Ingr\u00e9dients : Foie gras de canard, sel, poivre, sucre. Dur\u00e9e limite de conservation : 5 ans.       Bloc de Foie gras id\u00e9al pour l\u2019ap\u00e9ritif. D\u00e9pos\u00e9 sur canap\u00e9s ou pain de campagne l\u00e9g\u00e8rement grill\u00e9.  Mariez- le aussi avec des saveurs sucr\u00e9es en pr\u00e9parant des bouch\u00e9es de figues, d\u2019abricot ou de pruneaux au foie gras.  \u00c9labor\u00e9 avec le meilleur Foie Gras de Canard de Villamart\u00edn. Sans additifs ni conservateurs 100% naturel.    Boite de 200 g\u00a0- Pour 4 \u00e0 5 personnes  Boite de 95 g - A l'ap\u00e9ritif pour 2 \u00e0 3 personnes","og_url":"https:\/\/lentraide.es\/fr\/tienda\/bloc-foie-gras-de-canard\/","og_site_name":"Entraide Fran\u00e7aise","article_publisher":"https:\/\/www.facebook.com\/entraide.francaisemadrid","article_modified_time":"2025-12-11T21:42:07+00:00","og_image":[{"width":433,"height":577,"url":"https:\/\/lentraide.es\/wp-content\/uploads\/2023\/11\/Bloc-de-foie-gras-de-pato.png","type":"image\/png"}],"twitter_card":"summary_large_image","twitter_misc":{"Tiempo de lectura":"1 minute"},"schema":{"@context":"https:\/\/schema.org","@graph":[{"@type":"WebPage","@id":"https:\/\/lentraide.es\/fr\/tienda\/bloc-foie-gras-de-canard\/","url":"https:\/\/lentraide.es\/fr\/tienda\/bloc-foie-gras-de-canard\/","name":"Bloc Foie Gras de Canard | Entraide Fran\u00e7aise","isPartOf":{"@id":"https:\/\/lentraide.es\/fr\/#website"},"primaryImageOfPage":{"@id":"https:\/\/lentraide.es\/fr\/tienda\/bloc-foie-gras-de-canard\/#primaryimage"},"image":{"@id":"https:\/\/lentraide.es\/fr\/tienda\/bloc-foie-gras-de-canard\/#primaryimage"},"thumbnailUrl":"https:\/\/lentraide.es\/wp-content\/uploads\/2023\/11\/Bloc-de-foie-gras-de-pato.png","datePublished":"2023-11-01T13:00:06+00:00","dateModified":"2025-12-11T21:42:07+00:00","breadcrumb":{"@id":"https:\/\/lentraide.es\/fr\/tienda\/bloc-foie-gras-de-canard\/#breadcrumb"},"inLanguage":"es","potentialAction":[{"@type":"ReadAction","target":["https:\/\/lentraide.es\/fr\/tienda\/bloc-foie-gras-de-canard\/"]}]},{"@type":"ImageObject","inLanguage":"es","@id":"https:\/\/lentraide.es\/fr\/tienda\/bloc-foie-gras-de-canard\/#primaryimage","url":"https:\/\/lentraide.es\/wp-content\/uploads\/2023\/11\/Bloc-de-foie-gras-de-pato.png","contentUrl":"https:\/\/lentraide.es\/wp-content\/uploads\/2023\/11\/Bloc-de-foie-gras-de-pato.png","width":433,"height":577},{"@type":"BreadcrumbList","@id":"https:\/\/lentraide.es\/fr\/tienda\/bloc-foie-gras-de-canard\/#breadcrumb","itemListElement":[{"@type":"ListItem","position":1,"name":"Accueil","item":"https:\/\/lentraide.es\/fr\/"},{"@type":"ListItem","position":2,"name":"Boutique","item":"https:\/\/lentraide.es\/fr\/boutique-new\/"},{"@type":"ListItem","position":3,"name":"Bloc Foie Gras de Canard"}]},{"@type":"WebSite","@id":"https:\/\/lentraide.es\/fr\/#website","url":"https:\/\/lentraide.es\/fr\/","name":"Entraide Fran\u00e7aise","description":"Une main tendue vers la France","publisher":{"@id":"https:\/\/lentraide.es\/fr\/#organization"},"alternateName":"L'entraide","potentialAction":[{"@type":"SearchAction","target":{"@type":"EntryPoint","urlTemplate":"https:\/\/lentraide.es\/fr\/?s={search_term_string}"},"query-input":{"@type":"PropertyValueSpecification","valueRequired":true,"valueName":"search_term_string"}}],"inLanguage":"es"},{"@type":"Organization","@id":"https:\/\/lentraide.es\/fr\/#organization","name":"Entraide Fran\u00e7aise","alternateName":"L'entraide","url":"https:\/\/lentraide.es\/fr\/","logo":{"@type":"ImageObject","inLanguage":"es","@id":"https:\/\/lentraide.es\/fr\/#\/schema\/logo\/image\/","url":"https:\/\/lentraide.es\/wp-content\/uploads\/2015\/07\/LOGO-azul2.png","contentUrl":"https:\/\/lentraide.es\/wp-content\/uploads\/2015\/07\/LOGO-azul2.png","width":232,"height":146,"caption":"Entraide Fran\u00e7aise"},"image":{"@id":"https:\/\/lentraide.es\/fr\/#\/schema\/logo\/image\/"},"sameAs":["https:\/\/www.facebook.com\/entraide.francaisemadrid","https:\/\/www.instagram.com\/entraidefrancaisemadrid\/"]}]}},"_links":{"self":[{"href":"https:\/\/lentraide.es\/fr\/wp-json\/wp\/v2\/product\/26010","targetHints":{"allow":["GET"]}}],"collection":[{"href":"https:\/\/lentraide.es\/fr\/wp-json\/wp\/v2\/product"}],"about":[{"href":"https:\/\/lentraide.es\/fr\/wp-json\/wp\/v2\/types\/product"}],"wp:featuredmedia":[{"embeddable":true,"href":"https:\/\/lentraide.es\/fr\/wp-json\/wp\/v2\/media\/51691"}],"wp:attachment":[{"href":"https:\/\/lentraide.es\/fr\/wp-json\/wp\/v2\/media?parent=26010"}],"wp:term":[{"taxonomy":"product_brand","embeddable":true,"href":"https:\/\/lentraide.es\/fr\/wp-json\/wp\/v2\/product_brand?post=26010"},{"taxonomy":"product_cat","embeddable":true,"href":"https:\/\/lentraide.es\/fr\/wp-json\/wp\/v2\/product_cat?post=26010"},{"taxonomy":"product_tag","embeddable":true,"href":"https:\/\/lentraide.es\/fr\/wp-json\/wp\/v2\/product_tag?post=26010"}],"curies":[{"name":"wp","href":"https:\/\/api.w.org\/{rel}","templated":true}]}}