{"id":26309,"date":"2020-11-01T14:00:06","date_gmt":"2020-11-01T13:00:06","guid":{"rendered":"https:\/\/lentraide.es\/?post_type=product&#038;p=26309"},"modified":"2025-12-11T22:42:56","modified_gmt":"2025-12-11T21:42:56","slug":"foie-gras-de-canard-mi-cuit","status":"publish","type":"product","link":"https:\/\/lentraide.es\/fr\/tienda\/foie-gras-de-canard-mi-cuit\/","title":{"rendered":"Foie Gras de Canard mi-cuit entier"},"content":{"rendered":"<div class=\"wpb-content-wrapper\"><p>[vc_row css_animation=\u00a0\u00bb\u00a0\u00bb row_type=\u00a0\u00bbrow\u00a0\u00bb use_row_as_full_screen_section=\u00a0\u00bbno\u00a0\u00bb type=\u00a0\u00bbfull_width\u00a0\u00bb angled_section=\u00a0\u00bbno\u00a0\u00bb text_align=\u00a0\u00bbleft\u00a0\u00bb background_image_as_pattern=\u00a0\u00bbwithout_pattern\u00a0\u00bb][vc_column][vc_column_text]<strong>Ingr\u00e9dients: Foie gras de canard, sel, poivre.<br \/>\n<\/strong><em>Dur\u00e9e limite de conservation : 90 jours<\/em>[\/vc_column_text][\/vc_column][\/vc_row]<\/p>\n<p>&nbsp;<\/p>\n<\/div>","protected":false},"excerpt":{"rendered":"<p><strong>Ingr\u00e9dients: Foie gras de canard, sel, poivre.<br \/>\n<\/strong><em>Dur\u00e9e limite de conservation : 90 jours<\/em><\/p>\n<p>Foie Gras Mi-cuit entier \u00e9labor\u00e9 por nos artisans sans additifs ni conservateurs avec les meilleurs foies de notre Canard de Villamart\u00edn \u00e9lev\u00e9 en semi libert\u00e9.<br \/>\n100% naturel avec toute sa saveur traditionnelle. Nos foies gras de canard entier mi-cuit doivent se d\u00e9guster selon les r\u00e8gles de l\u2019art.<br \/>\nAssurez-vous que votre produit soit \u00e0 la bonne temp\u00e9rature, en le sortant du r\u00e9frig\u00e9rateur environ trente minutes avant de passer \u00e0 table.<\/p>\n<p>[vc_row css_animation=\u00a0\u00bb\u00a0\u00bb row_type=\u00a0\u00bbrow\u00a0\u00bb use_row_as_full_screen_section=\u00a0\u00bbno\u00a0\u00bb type=\u00a0\u00bbfull_width\u00a0\u00bb angled_section=\u00a0\u00bbno\u00a0\u00bb text_align=\u00a0\u00bbleft\u00a0\u00bb background_image_as_pattern=\u00a0\u00bbwithout_pattern\u00a0\u00bb][vc_column][vc_btn title=\u00a0\u00bbRetour Stand\u00a0\u00bb link=\u00a0\u00bburl:https%3A%2F%2Flentraide.es%2Fstand-foies-gras%2F\u00a0\u00bb][\/vc_column][\/vc_row]<\/p>\n","protected":false},"featured_media":51202,"template":"","meta":{"_acf_changed":false},"product_brand":[],"product_cat":[244,166],"product_tag":[],"class_list":{"0":"post-26309","1":"product","2":"type-product","3":"status-publish","4":"has-post-thumbnail","6":"product_cat-foie-gras-noel","7":"product_cat-vente-de-noel","9":"first","10":"outofstock","11":"shipping-taxable","12":"purchasable","13":"product-type-variable","14":"has-default-attributes"},"acf":[],"yoast_head":"<!-- This site is optimized with the Yoast SEO plugin v27.3 - https:\/\/yoast.com\/product\/yoast-seo-wordpress\/ -->\n<title>Foie Gras de Canard mi-cuit entier | Entraide Fran\u00e7aise<\/title>\n<meta name=\"robots\" content=\"index, follow, max-snippet:-1, max-image-preview:large, max-video-preview:-1\" \/>\n<link rel=\"canonical\" href=\"https:\/\/lentraide.es\/fr\/tienda\/foie-gras-de-canard-mi-cuit\/\" \/>\n<meta property=\"og:locale\" content=\"fr_FR\" \/>\n<meta property=\"og:type\" content=\"article\" \/>\n<meta property=\"og:title\" content=\"Foie Gras de Canard mi-cuit entier | Entraide Fran\u00e7aise\" \/>\n<meta property=\"og:description\" content=\"Ingr\u00e9dients: Foie gras de canard, sel, poivre. Dur\u00e9e limite de conservation : 90 jours  Foie Gras Mi-cuit entier \u00e9labor\u00e9 por nos artisans sans additifs ni conservateurs avec les meilleurs foies de notre Canard de Villamart\u00edn \u00e9lev\u00e9 en semi libert\u00e9. 100% naturel avec toute sa saveur traditionnelle. Nos foies gras de canard entier mi-cuit doivent se d\u00e9guster selon les r\u00e8gles de l\u2019art. Assurez-vous que votre produit soit \u00e0 la bonne temp\u00e9rature, en le sortant du r\u00e9frig\u00e9rateur environ trente minutes avant de passer \u00e0 table.  [vc_row css_animation=&quot;&quot; row_type=&quot;row&quot; use_row_as_full_screen_section=&quot;no&quot; type=&quot;full_width&quot; angled_section=&quot;no&quot; text_align=&quot;left&quot; background_image_as_pattern=&quot;without_pattern&quot;][vc_column][vc_btn title=&quot;Retour Stand&quot; link=&quot;url:https%3A%2F%2Flentraide.es%2Fstand-foies-gras%2F&quot;][\/vc_column][\/vc_row]\" \/>\n<meta property=\"og:url\" content=\"https:\/\/lentraide.es\/fr\/tienda\/foie-gras-de-canard-mi-cuit\/\" \/>\n<meta property=\"og:site_name\" content=\"Entraide Fran\u00e7aise\" \/>\n<meta property=\"article:publisher\" content=\"https:\/\/www.facebook.com\/entraide.francaisemadrid\" \/>\n<meta property=\"article:modified_time\" content=\"2025-12-11T21:42:56+00:00\" \/>\n<meta property=\"og:image\" content=\"https:\/\/lentraide.es\/wp-content\/uploads\/2020\/10\/Mi-cuit-1.png\" \/>\n\t<meta property=\"og:image:width\" content=\"800\" \/>\n\t<meta property=\"og:image:height\" content=\"456\" \/>\n\t<meta property=\"og:image:type\" content=\"image\/png\" \/>\n<meta name=\"twitter:card\" content=\"summary_large_image\" \/>\n<meta name=\"twitter:label1\" content=\"Tiempo de lectura\" \/>\n\t<meta name=\"twitter:data1\" content=\"1 minute\" \/>\n<script type=\"application\/ld+json\" class=\"yoast-schema-graph\">{\"@context\":\"https:\\\/\\\/schema.org\",\"@graph\":[{\"@type\":\"WebPage\",\"@id\":\"https:\\\/\\\/lentraide.es\\\/fr\\\/tienda\\\/foie-gras-de-canard-mi-cuit\\\/\",\"url\":\"https:\\\/\\\/lentraide.es\\\/fr\\\/tienda\\\/foie-gras-de-canard-mi-cuit\\\/\",\"name\":\"Foie Gras de Canard mi-cuit entier | Entraide Fran\u00e7aise\",\"isPartOf\":{\"@id\":\"https:\\\/\\\/lentraide.es\\\/fr\\\/#website\"},\"primaryImageOfPage\":{\"@id\":\"https:\\\/\\\/lentraide.es\\\/fr\\\/tienda\\\/foie-gras-de-canard-mi-cuit\\\/#primaryimage\"},\"image\":{\"@id\":\"https:\\\/\\\/lentraide.es\\\/fr\\\/tienda\\\/foie-gras-de-canard-mi-cuit\\\/#primaryimage\"},\"thumbnailUrl\":\"https:\\\/\\\/lentraide.es\\\/wp-content\\\/uploads\\\/2020\\\/10\\\/Mi-cuit-1.png\",\"datePublished\":\"2020-11-01T13:00:06+00:00\",\"dateModified\":\"2025-12-11T21:42:56+00:00\",\"breadcrumb\":{\"@id\":\"https:\\\/\\\/lentraide.es\\\/fr\\\/tienda\\\/foie-gras-de-canard-mi-cuit\\\/#breadcrumb\"},\"inLanguage\":\"es\",\"potentialAction\":[{\"@type\":\"ReadAction\",\"target\":[\"https:\\\/\\\/lentraide.es\\\/fr\\\/tienda\\\/foie-gras-de-canard-mi-cuit\\\/\"]}]},{\"@type\":\"ImageObject\",\"inLanguage\":\"es\",\"@id\":\"https:\\\/\\\/lentraide.es\\\/fr\\\/tienda\\\/foie-gras-de-canard-mi-cuit\\\/#primaryimage\",\"url\":\"https:\\\/\\\/lentraide.es\\\/wp-content\\\/uploads\\\/2020\\\/10\\\/Mi-cuit-1.png\",\"contentUrl\":\"https:\\\/\\\/lentraide.es\\\/wp-content\\\/uploads\\\/2020\\\/10\\\/Mi-cuit-1.png\",\"width\":800,\"height\":456},{\"@type\":\"BreadcrumbList\",\"@id\":\"https:\\\/\\\/lentraide.es\\\/fr\\\/tienda\\\/foie-gras-de-canard-mi-cuit\\\/#breadcrumb\",\"itemListElement\":[{\"@type\":\"ListItem\",\"position\":1,\"name\":\"Accueil\",\"item\":\"https:\\\/\\\/lentraide.es\\\/fr\\\/\"},{\"@type\":\"ListItem\",\"position\":2,\"name\":\"Boutique\",\"item\":\"https:\\\/\\\/lentraide.es\\\/fr\\\/boutique-new\\\/\"},{\"@type\":\"ListItem\",\"position\":3,\"name\":\"Foie Gras de Canard mi-cuit entier\"}]},{\"@type\":\"WebSite\",\"@id\":\"https:\\\/\\\/lentraide.es\\\/fr\\\/#website\",\"url\":\"https:\\\/\\\/lentraide.es\\\/fr\\\/\",\"name\":\"Entraide Fran\u00e7aise\",\"description\":\"Une main tendue vers la France\",\"publisher\":{\"@id\":\"https:\\\/\\\/lentraide.es\\\/fr\\\/#organization\"},\"alternateName\":\"L'entraide\",\"potentialAction\":[{\"@type\":\"SearchAction\",\"target\":{\"@type\":\"EntryPoint\",\"urlTemplate\":\"https:\\\/\\\/lentraide.es\\\/fr\\\/?s={search_term_string}\"},\"query-input\":{\"@type\":\"PropertyValueSpecification\",\"valueRequired\":true,\"valueName\":\"search_term_string\"}}],\"inLanguage\":\"es\"},{\"@type\":\"Organization\",\"@id\":\"https:\\\/\\\/lentraide.es\\\/fr\\\/#organization\",\"name\":\"Entraide Fran\u00e7aise\",\"alternateName\":\"L'entraide\",\"url\":\"https:\\\/\\\/lentraide.es\\\/fr\\\/\",\"logo\":{\"@type\":\"ImageObject\",\"inLanguage\":\"es\",\"@id\":\"https:\\\/\\\/lentraide.es\\\/fr\\\/#\\\/schema\\\/logo\\\/image\\\/\",\"url\":\"https:\\\/\\\/lentraide.es\\\/wp-content\\\/uploads\\\/2015\\\/07\\\/LOGO-azul2.png\",\"contentUrl\":\"https:\\\/\\\/lentraide.es\\\/wp-content\\\/uploads\\\/2015\\\/07\\\/LOGO-azul2.png\",\"width\":232,\"height\":146,\"caption\":\"Entraide Fran\u00e7aise\"},\"image\":{\"@id\":\"https:\\\/\\\/lentraide.es\\\/fr\\\/#\\\/schema\\\/logo\\\/image\\\/\"},\"sameAs\":[\"https:\\\/\\\/www.facebook.com\\\/entraide.francaisemadrid\",\"https:\\\/\\\/www.instagram.com\\\/entraidefrancaisemadrid\\\/\"]}]}<\/script>\n<!-- \/ Yoast SEO plugin. -->","yoast_head_json":{"title":"Foie Gras de Canard mi-cuit entier | Entraide Fran\u00e7aise","robots":{"index":"index","follow":"follow","max-snippet":"max-snippet:-1","max-image-preview":"max-image-preview:large","max-video-preview":"max-video-preview:-1"},"canonical":"https:\/\/lentraide.es\/fr\/tienda\/foie-gras-de-canard-mi-cuit\/","og_locale":"fr_FR","og_type":"article","og_title":"Foie Gras de Canard mi-cuit entier | Entraide Fran\u00e7aise","og_description":"Ingr\u00e9dients: Foie gras de canard, sel, poivre. Dur\u00e9e limite de conservation : 90 jours  Foie Gras Mi-cuit entier \u00e9labor\u00e9 por nos artisans sans additifs ni conservateurs avec les meilleurs foies de notre Canard de Villamart\u00edn \u00e9lev\u00e9 en semi libert\u00e9. 100% naturel avec toute sa saveur traditionnelle. Nos foies gras de canard entier mi-cuit doivent se d\u00e9guster selon les r\u00e8gles de l\u2019art. Assurez-vous que votre produit soit \u00e0 la bonne temp\u00e9rature, en le sortant du r\u00e9frig\u00e9rateur environ trente minutes avant de passer \u00e0 table.  [vc_row css_animation=\"\" row_type=\"row\" use_row_as_full_screen_section=\"no\" type=\"full_width\" angled_section=\"no\" text_align=\"left\" background_image_as_pattern=\"without_pattern\"][vc_column][vc_btn title=\"Retour Stand\" link=\"url:https%3A%2F%2Flentraide.es%2Fstand-foies-gras%2F\"][\/vc_column][\/vc_row]","og_url":"https:\/\/lentraide.es\/fr\/tienda\/foie-gras-de-canard-mi-cuit\/","og_site_name":"Entraide Fran\u00e7aise","article_publisher":"https:\/\/www.facebook.com\/entraide.francaisemadrid","article_modified_time":"2025-12-11T21:42:56+00:00","og_image":[{"width":800,"height":456,"url":"https:\/\/lentraide.es\/wp-content\/uploads\/2020\/10\/Mi-cuit-1.png","type":"image\/png"}],"twitter_card":"summary_large_image","twitter_misc":{"Tiempo de lectura":"1 minute"},"schema":{"@context":"https:\/\/schema.org","@graph":[{"@type":"WebPage","@id":"https:\/\/lentraide.es\/fr\/tienda\/foie-gras-de-canard-mi-cuit\/","url":"https:\/\/lentraide.es\/fr\/tienda\/foie-gras-de-canard-mi-cuit\/","name":"Foie Gras de Canard mi-cuit entier | Entraide Fran\u00e7aise","isPartOf":{"@id":"https:\/\/lentraide.es\/fr\/#website"},"primaryImageOfPage":{"@id":"https:\/\/lentraide.es\/fr\/tienda\/foie-gras-de-canard-mi-cuit\/#primaryimage"},"image":{"@id":"https:\/\/lentraide.es\/fr\/tienda\/foie-gras-de-canard-mi-cuit\/#primaryimage"},"thumbnailUrl":"https:\/\/lentraide.es\/wp-content\/uploads\/2020\/10\/Mi-cuit-1.png","datePublished":"2020-11-01T13:00:06+00:00","dateModified":"2025-12-11T21:42:56+00:00","breadcrumb":{"@id":"https:\/\/lentraide.es\/fr\/tienda\/foie-gras-de-canard-mi-cuit\/#breadcrumb"},"inLanguage":"es","potentialAction":[{"@type":"ReadAction","target":["https:\/\/lentraide.es\/fr\/tienda\/foie-gras-de-canard-mi-cuit\/"]}]},{"@type":"ImageObject","inLanguage":"es","@id":"https:\/\/lentraide.es\/fr\/tienda\/foie-gras-de-canard-mi-cuit\/#primaryimage","url":"https:\/\/lentraide.es\/wp-content\/uploads\/2020\/10\/Mi-cuit-1.png","contentUrl":"https:\/\/lentraide.es\/wp-content\/uploads\/2020\/10\/Mi-cuit-1.png","width":800,"height":456},{"@type":"BreadcrumbList","@id":"https:\/\/lentraide.es\/fr\/tienda\/foie-gras-de-canard-mi-cuit\/#breadcrumb","itemListElement":[{"@type":"ListItem","position":1,"name":"Accueil","item":"https:\/\/lentraide.es\/fr\/"},{"@type":"ListItem","position":2,"name":"Boutique","item":"https:\/\/lentraide.es\/fr\/boutique-new\/"},{"@type":"ListItem","position":3,"name":"Foie Gras de Canard mi-cuit entier"}]},{"@type":"WebSite","@id":"https:\/\/lentraide.es\/fr\/#website","url":"https:\/\/lentraide.es\/fr\/","name":"Entraide Fran\u00e7aise","description":"Une main tendue vers la France","publisher":{"@id":"https:\/\/lentraide.es\/fr\/#organization"},"alternateName":"L'entraide","potentialAction":[{"@type":"SearchAction","target":{"@type":"EntryPoint","urlTemplate":"https:\/\/lentraide.es\/fr\/?s={search_term_string}"},"query-input":{"@type":"PropertyValueSpecification","valueRequired":true,"valueName":"search_term_string"}}],"inLanguage":"es"},{"@type":"Organization","@id":"https:\/\/lentraide.es\/fr\/#organization","name":"Entraide Fran\u00e7aise","alternateName":"L'entraide","url":"https:\/\/lentraide.es\/fr\/","logo":{"@type":"ImageObject","inLanguage":"es","@id":"https:\/\/lentraide.es\/fr\/#\/schema\/logo\/image\/","url":"https:\/\/lentraide.es\/wp-content\/uploads\/2015\/07\/LOGO-azul2.png","contentUrl":"https:\/\/lentraide.es\/wp-content\/uploads\/2015\/07\/LOGO-azul2.png","width":232,"height":146,"caption":"Entraide Fran\u00e7aise"},"image":{"@id":"https:\/\/lentraide.es\/fr\/#\/schema\/logo\/image\/"},"sameAs":["https:\/\/www.facebook.com\/entraide.francaisemadrid","https:\/\/www.instagram.com\/entraidefrancaisemadrid\/"]}]}},"_links":{"self":[{"href":"https:\/\/lentraide.es\/fr\/wp-json\/wp\/v2\/product\/26309","targetHints":{"allow":["GET"]}}],"collection":[{"href":"https:\/\/lentraide.es\/fr\/wp-json\/wp\/v2\/product"}],"about":[{"href":"https:\/\/lentraide.es\/fr\/wp-json\/wp\/v2\/types\/product"}],"wp:featuredmedia":[{"embeddable":true,"href":"https:\/\/lentraide.es\/fr\/wp-json\/wp\/v2\/media\/51202"}],"wp:attachment":[{"href":"https:\/\/lentraide.es\/fr\/wp-json\/wp\/v2\/media?parent=26309"}],"wp:term":[{"taxonomy":"product_brand","embeddable":true,"href":"https:\/\/lentraide.es\/fr\/wp-json\/wp\/v2\/product_brand?post=26309"},{"taxonomy":"product_cat","embeddable":true,"href":"https:\/\/lentraide.es\/fr\/wp-json\/wp\/v2\/product_cat?post=26309"},{"taxonomy":"product_tag","embeddable":true,"href":"https:\/\/lentraide.es\/fr\/wp-json\/wp\/v2\/product_tag?post=26309"}],"curies":[{"name":"wp","href":"https:\/\/api.w.org\/{rel}","templated":true}]}}