{"id":26338,"date":"2023-11-01T14:00:57","date_gmt":"2023-11-01T13:00:57","guid":{"rendered":"https:\/\/lentraide.es\/?post_type=product&#038;p=26338"},"modified":"2025-12-11T22:41:57","modified_gmt":"2025-12-11T21:41:57","slug":"rillettes-agneau-de-lait","status":"publish","type":"product","link":"https:\/\/lentraide.es\/fr\/tienda\/rillettes-agneau-de-lait\/","title":{"rendered":"Rillettes d&rsquo;agneau de lait 200 g"},"content":{"rendered":"<p><strong>Ingr\u00e9dients : viande d&rsquo;agneau de lait, graisse de canard, sel, poivre.<br \/>\n<\/strong><em>Dur\u00e9e limite de conservation : 5 ans.<\/em><\/p>\n","protected":false},"excerpt":{"rendered":"<h4><strong>Rillettes d&rsquo;agneau de lait 200 g<\/strong><\/h4>\n<p class=\"Cuerpo\"><span lang=\"ES-TRAD\" style=\"font-size: 13.0pt;\">Les rillettes d\u2019agneau de lait, un produit innovant d\u00e9velopp\u00e9 par Selectos de Castilla, embl\u00e9matique de la r\u00e9gion de Palencia. Le savoir-faire fran\u00e7ais appliqu\u00e9 \u00e0 l\u2019une des meilleures viandes de Castilla y Leon<\/span><\/p>\n<p><strong>Ingr\u00e9dients : viande d&rsquo;agneau de lait, graisse de canard, sel, poivre.<br \/>\n<\/strong><em>Dur\u00e9e limite de conservation : 5 ans.<\/em><\/p>\n<p>Pr\u00e9paration : Id\u00e9al \u00e0 l&rsquo;ap\u00e9ritif ou en entr\u00e9e sur un pain de campagne toast\u00e9 accompagn\u00e9 de cornichons.<\/p>\n","protected":false},"featured_media":51225,"template":"","meta":{"_acf_changed":false},"product_brand":[],"product_cat":[244,166],"product_tag":[],"class_list":{"0":"post-26338","1":"product","2":"type-product","3":"status-publish","4":"has-post-thumbnail","6":"product_cat-foie-gras-noel","7":"product_cat-vente-de-noel","9":"first","10":"outofstock","11":"shipping-taxable","12":"purchasable","13":"product-type-simple"},"acf":[],"yoast_head":"<!-- This site is optimized with the Yoast SEO plugin v27.3 - https:\/\/yoast.com\/product\/yoast-seo-wordpress\/ -->\n<title>Rillettes d&#039;agneau de lait 200 g | Entraide Fran\u00e7aise<\/title>\n<meta name=\"robots\" content=\"index, follow, max-snippet:-1, max-image-preview:large, max-video-preview:-1\" \/>\n<link rel=\"canonical\" href=\"https:\/\/lentraide.es\/fr\/tienda\/rillettes-agneau-de-lait\/\" \/>\n<meta property=\"og:locale\" content=\"fr_FR\" \/>\n<meta property=\"og:type\" content=\"article\" \/>\n<meta property=\"og:title\" content=\"Rillettes d&#039;agneau de lait 200 g | Entraide Fran\u00e7aise\" \/>\n<meta property=\"og:description\" content=\"Rillettes d&#039;agneau de lait 200 g Les rillettes d\u2019agneau de lait, un produit innovant d\u00e9velopp\u00e9 par Selectos de Castilla, embl\u00e9matique de la r\u00e9gion de Palencia. Le savoir-faire fran\u00e7ais appliqu\u00e9 \u00e0 l\u2019une des meilleures viandes de Castilla y Leon Ingr\u00e9dients : viande d&#039;agneau de lait, graisse de canard, sel, poivre. Dur\u00e9e limite de conservation : 5 ans.  Pr\u00e9paration : Id\u00e9al \u00e0 l&#039;ap\u00e9ritif ou en entr\u00e9e sur un pain de campagne toast\u00e9 accompagn\u00e9 de cornichons.\" \/>\n<meta property=\"og:url\" content=\"https:\/\/lentraide.es\/fr\/tienda\/rillettes-agneau-de-lait\/\" \/>\n<meta property=\"og:site_name\" content=\"Entraide Fran\u00e7aise\" \/>\n<meta property=\"article:publisher\" content=\"https:\/\/www.facebook.com\/entraide.francaisemadrid\" \/>\n<meta property=\"article:modified_time\" content=\"2025-12-11T21:41:57+00:00\" \/>\n<meta property=\"og:image\" content=\"https:\/\/lentraide.es\/wp-content\/uploads\/2023\/11\/Rillettes-de-lechazo-churro-200-g.png\" \/>\n\t<meta property=\"og:image:width\" content=\"450\" \/>\n\t<meta property=\"og:image:height\" content=\"450\" \/>\n\t<meta property=\"og:image:type\" content=\"image\/png\" \/>\n<meta name=\"twitter:card\" content=\"summary_large_image\" \/>\n<meta name=\"twitter:label1\" content=\"Tiempo de lectura\" \/>\n\t<meta name=\"twitter:data1\" content=\"1 minute\" \/>\n<script type=\"application\/ld+json\" class=\"yoast-schema-graph\">{\"@context\":\"https:\\\/\\\/schema.org\",\"@graph\":[{\"@type\":\"WebPage\",\"@id\":\"https:\\\/\\\/lentraide.es\\\/fr\\\/tienda\\\/rillettes-agneau-de-lait\\\/\",\"url\":\"https:\\\/\\\/lentraide.es\\\/fr\\\/tienda\\\/rillettes-agneau-de-lait\\\/\",\"name\":\"Rillettes d'agneau de lait 200 g | Entraide Fran\u00e7aise\",\"isPartOf\":{\"@id\":\"https:\\\/\\\/lentraide.es\\\/fr\\\/#website\"},\"primaryImageOfPage\":{\"@id\":\"https:\\\/\\\/lentraide.es\\\/fr\\\/tienda\\\/rillettes-agneau-de-lait\\\/#primaryimage\"},\"image\":{\"@id\":\"https:\\\/\\\/lentraide.es\\\/fr\\\/tienda\\\/rillettes-agneau-de-lait\\\/#primaryimage\"},\"thumbnailUrl\":\"https:\\\/\\\/lentraide.es\\\/wp-content\\\/uploads\\\/2023\\\/11\\\/Rillettes-de-lechazo-churro-200-g.png\",\"datePublished\":\"2023-11-01T13:00:57+00:00\",\"dateModified\":\"2025-12-11T21:41:57+00:00\",\"breadcrumb\":{\"@id\":\"https:\\\/\\\/lentraide.es\\\/fr\\\/tienda\\\/rillettes-agneau-de-lait\\\/#breadcrumb\"},\"inLanguage\":\"es\",\"potentialAction\":[{\"@type\":\"ReadAction\",\"target\":[\"https:\\\/\\\/lentraide.es\\\/fr\\\/tienda\\\/rillettes-agneau-de-lait\\\/\"]}]},{\"@type\":\"ImageObject\",\"inLanguage\":\"es\",\"@id\":\"https:\\\/\\\/lentraide.es\\\/fr\\\/tienda\\\/rillettes-agneau-de-lait\\\/#primaryimage\",\"url\":\"https:\\\/\\\/lentraide.es\\\/wp-content\\\/uploads\\\/2023\\\/11\\\/Rillettes-de-lechazo-churro-200-g.png\",\"contentUrl\":\"https:\\\/\\\/lentraide.es\\\/wp-content\\\/uploads\\\/2023\\\/11\\\/Rillettes-de-lechazo-churro-200-g.png\",\"width\":450,\"height\":450},{\"@type\":\"BreadcrumbList\",\"@id\":\"https:\\\/\\\/lentraide.es\\\/fr\\\/tienda\\\/rillettes-agneau-de-lait\\\/#breadcrumb\",\"itemListElement\":[{\"@type\":\"ListItem\",\"position\":1,\"name\":\"Accueil\",\"item\":\"https:\\\/\\\/lentraide.es\\\/fr\\\/\"},{\"@type\":\"ListItem\",\"position\":2,\"name\":\"Boutique\",\"item\":\"https:\\\/\\\/lentraide.es\\\/fr\\\/boutique-new\\\/\"},{\"@type\":\"ListItem\",\"position\":3,\"name\":\"Rillettes d&rsquo;agneau de lait 200 g\"}]},{\"@type\":\"WebSite\",\"@id\":\"https:\\\/\\\/lentraide.es\\\/fr\\\/#website\",\"url\":\"https:\\\/\\\/lentraide.es\\\/fr\\\/\",\"name\":\"Entraide Fran\u00e7aise\",\"description\":\"Une main tendue vers la France\",\"publisher\":{\"@id\":\"https:\\\/\\\/lentraide.es\\\/fr\\\/#organization\"},\"alternateName\":\"L'entraide\",\"potentialAction\":[{\"@type\":\"SearchAction\",\"target\":{\"@type\":\"EntryPoint\",\"urlTemplate\":\"https:\\\/\\\/lentraide.es\\\/fr\\\/?s={search_term_string}\"},\"query-input\":{\"@type\":\"PropertyValueSpecification\",\"valueRequired\":true,\"valueName\":\"search_term_string\"}}],\"inLanguage\":\"es\"},{\"@type\":\"Organization\",\"@id\":\"https:\\\/\\\/lentraide.es\\\/fr\\\/#organization\",\"name\":\"Entraide Fran\u00e7aise\",\"alternateName\":\"L'entraide\",\"url\":\"https:\\\/\\\/lentraide.es\\\/fr\\\/\",\"logo\":{\"@type\":\"ImageObject\",\"inLanguage\":\"es\",\"@id\":\"https:\\\/\\\/lentraide.es\\\/fr\\\/#\\\/schema\\\/logo\\\/image\\\/\",\"url\":\"https:\\\/\\\/lentraide.es\\\/wp-content\\\/uploads\\\/2015\\\/07\\\/LOGO-azul2.png\",\"contentUrl\":\"https:\\\/\\\/lentraide.es\\\/wp-content\\\/uploads\\\/2015\\\/07\\\/LOGO-azul2.png\",\"width\":232,\"height\":146,\"caption\":\"Entraide Fran\u00e7aise\"},\"image\":{\"@id\":\"https:\\\/\\\/lentraide.es\\\/fr\\\/#\\\/schema\\\/logo\\\/image\\\/\"},\"sameAs\":[\"https:\\\/\\\/www.facebook.com\\\/entraide.francaisemadrid\",\"https:\\\/\\\/www.instagram.com\\\/entraidefrancaisemadrid\\\/\"]}]}<\/script>\n<!-- \/ Yoast SEO plugin. -->","yoast_head_json":{"title":"Rillettes d'agneau de lait 200 g | Entraide Fran\u00e7aise","robots":{"index":"index","follow":"follow","max-snippet":"max-snippet:-1","max-image-preview":"max-image-preview:large","max-video-preview":"max-video-preview:-1"},"canonical":"https:\/\/lentraide.es\/fr\/tienda\/rillettes-agneau-de-lait\/","og_locale":"fr_FR","og_type":"article","og_title":"Rillettes d'agneau de lait 200 g | Entraide Fran\u00e7aise","og_description":"Rillettes d'agneau de lait 200 g Les rillettes d\u2019agneau de lait, un produit innovant d\u00e9velopp\u00e9 par Selectos de Castilla, embl\u00e9matique de la r\u00e9gion de Palencia. Le savoir-faire fran\u00e7ais appliqu\u00e9 \u00e0 l\u2019une des meilleures viandes de Castilla y Leon Ingr\u00e9dients : viande d'agneau de lait, graisse de canard, sel, poivre. Dur\u00e9e limite de conservation : 5 ans.  Pr\u00e9paration : Id\u00e9al \u00e0 l'ap\u00e9ritif ou en entr\u00e9e sur un pain de campagne toast\u00e9 accompagn\u00e9 de cornichons.","og_url":"https:\/\/lentraide.es\/fr\/tienda\/rillettes-agneau-de-lait\/","og_site_name":"Entraide Fran\u00e7aise","article_publisher":"https:\/\/www.facebook.com\/entraide.francaisemadrid","article_modified_time":"2025-12-11T21:41:57+00:00","og_image":[{"width":450,"height":450,"url":"https:\/\/lentraide.es\/wp-content\/uploads\/2023\/11\/Rillettes-de-lechazo-churro-200-g.png","type":"image\/png"}],"twitter_card":"summary_large_image","twitter_misc":{"Tiempo de lectura":"1 minute"},"schema":{"@context":"https:\/\/schema.org","@graph":[{"@type":"WebPage","@id":"https:\/\/lentraide.es\/fr\/tienda\/rillettes-agneau-de-lait\/","url":"https:\/\/lentraide.es\/fr\/tienda\/rillettes-agneau-de-lait\/","name":"Rillettes d'agneau de lait 200 g | Entraide Fran\u00e7aise","isPartOf":{"@id":"https:\/\/lentraide.es\/fr\/#website"},"primaryImageOfPage":{"@id":"https:\/\/lentraide.es\/fr\/tienda\/rillettes-agneau-de-lait\/#primaryimage"},"image":{"@id":"https:\/\/lentraide.es\/fr\/tienda\/rillettes-agneau-de-lait\/#primaryimage"},"thumbnailUrl":"https:\/\/lentraide.es\/wp-content\/uploads\/2023\/11\/Rillettes-de-lechazo-churro-200-g.png","datePublished":"2023-11-01T13:00:57+00:00","dateModified":"2025-12-11T21:41:57+00:00","breadcrumb":{"@id":"https:\/\/lentraide.es\/fr\/tienda\/rillettes-agneau-de-lait\/#breadcrumb"},"inLanguage":"es","potentialAction":[{"@type":"ReadAction","target":["https:\/\/lentraide.es\/fr\/tienda\/rillettes-agneau-de-lait\/"]}]},{"@type":"ImageObject","inLanguage":"es","@id":"https:\/\/lentraide.es\/fr\/tienda\/rillettes-agneau-de-lait\/#primaryimage","url":"https:\/\/lentraide.es\/wp-content\/uploads\/2023\/11\/Rillettes-de-lechazo-churro-200-g.png","contentUrl":"https:\/\/lentraide.es\/wp-content\/uploads\/2023\/11\/Rillettes-de-lechazo-churro-200-g.png","width":450,"height":450},{"@type":"BreadcrumbList","@id":"https:\/\/lentraide.es\/fr\/tienda\/rillettes-agneau-de-lait\/#breadcrumb","itemListElement":[{"@type":"ListItem","position":1,"name":"Accueil","item":"https:\/\/lentraide.es\/fr\/"},{"@type":"ListItem","position":2,"name":"Boutique","item":"https:\/\/lentraide.es\/fr\/boutique-new\/"},{"@type":"ListItem","position":3,"name":"Rillettes d&rsquo;agneau de lait 200 g"}]},{"@type":"WebSite","@id":"https:\/\/lentraide.es\/fr\/#website","url":"https:\/\/lentraide.es\/fr\/","name":"Entraide Fran\u00e7aise","description":"Une main tendue vers la France","publisher":{"@id":"https:\/\/lentraide.es\/fr\/#organization"},"alternateName":"L'entraide","potentialAction":[{"@type":"SearchAction","target":{"@type":"EntryPoint","urlTemplate":"https:\/\/lentraide.es\/fr\/?s={search_term_string}"},"query-input":{"@type":"PropertyValueSpecification","valueRequired":true,"valueName":"search_term_string"}}],"inLanguage":"es"},{"@type":"Organization","@id":"https:\/\/lentraide.es\/fr\/#organization","name":"Entraide Fran\u00e7aise","alternateName":"L'entraide","url":"https:\/\/lentraide.es\/fr\/","logo":{"@type":"ImageObject","inLanguage":"es","@id":"https:\/\/lentraide.es\/fr\/#\/schema\/logo\/image\/","url":"https:\/\/lentraide.es\/wp-content\/uploads\/2015\/07\/LOGO-azul2.png","contentUrl":"https:\/\/lentraide.es\/wp-content\/uploads\/2015\/07\/LOGO-azul2.png","width":232,"height":146,"caption":"Entraide Fran\u00e7aise"},"image":{"@id":"https:\/\/lentraide.es\/fr\/#\/schema\/logo\/image\/"},"sameAs":["https:\/\/www.facebook.com\/entraide.francaisemadrid","https:\/\/www.instagram.com\/entraidefrancaisemadrid\/"]}]}},"_links":{"self":[{"href":"https:\/\/lentraide.es\/fr\/wp-json\/wp\/v2\/product\/26338","targetHints":{"allow":["GET"]}}],"collection":[{"href":"https:\/\/lentraide.es\/fr\/wp-json\/wp\/v2\/product"}],"about":[{"href":"https:\/\/lentraide.es\/fr\/wp-json\/wp\/v2\/types\/product"}],"wp:featuredmedia":[{"embeddable":true,"href":"https:\/\/lentraide.es\/fr\/wp-json\/wp\/v2\/media\/51225"}],"wp:attachment":[{"href":"https:\/\/lentraide.es\/fr\/wp-json\/wp\/v2\/media?parent=26338"}],"wp:term":[{"taxonomy":"product_brand","embeddable":true,"href":"https:\/\/lentraide.es\/fr\/wp-json\/wp\/v2\/product_brand?post=26338"},{"taxonomy":"product_cat","embeddable":true,"href":"https:\/\/lentraide.es\/fr\/wp-json\/wp\/v2\/product_cat?post=26338"},{"taxonomy":"product_tag","embeddable":true,"href":"https:\/\/lentraide.es\/fr\/wp-json\/wp\/v2\/product_tag?post=26338"}],"curies":[{"name":"wp","href":"https:\/\/api.w.org\/{rel}","templated":true}]}}