{"id":26874,"date":"2020-11-04T21:31:40","date_gmt":"2020-11-04T20:31:40","guid":{"rendered":"https:\/\/lentraide.es\/?post_type=product&#038;p=26874"},"modified":"2025-12-11T22:42:56","modified_gmt":"2025-12-11T21:42:56","slug":"keluga-amour","status":"publish","type":"product","link":"https:\/\/lentraide.es\/fr\/tienda\/keluga-amour\/","title":{"rendered":"Keluga Amour"},"content":{"rendered":"","protected":false},"excerpt":{"rendered":"<p><strong>CAVIAR PERSIKA KELUGA AMOUR<\/strong><\/p>\n<p>Elabor\u00e9 par les iraniens.<br \/>\nEsturgeon: Fr\u00e8re jumeau\u00a0 du Beluga.<br \/>\nBelle pr\u00e9sentation. Couleur l\u00e9g\u00e8rement dor\u00e9e.<br \/>\nPeu sal\u00e9, Saveur \u00e9l\u00e9gante et raffin\u00e9e.<\/p>\n","protected":false},"featured_media":26860,"template":"","meta":{"_acf_changed":false},"product_brand":[],"product_cat":[246,166],"product_tag":[],"class_list":{"0":"post-26874","1":"product","2":"type-product","3":"status-publish","4":"has-post-thumbnail","6":"product_cat-caviar-noel","7":"product_cat-vente-de-noel","9":"first","10":"outofstock","11":"shipping-taxable","12":"purchasable","13":"product-type-variable","14":"has-default-attributes"},"acf":[],"yoast_head":"<!-- This site is optimized with the Yoast SEO plugin v27.3 - https:\/\/yoast.com\/product\/yoast-seo-wordpress\/ -->\n<title>Keluga Amour | Entraide Fran\u00e7aise<\/title>\n<meta name=\"robots\" content=\"index, follow, max-snippet:-1, max-image-preview:large, max-video-preview:-1\" \/>\n<link rel=\"canonical\" href=\"https:\/\/lentraide.es\/fr\/tienda\/keluga-amour\/\" \/>\n<meta property=\"og:locale\" content=\"fr_FR\" \/>\n<meta property=\"og:type\" content=\"article\" \/>\n<meta property=\"og:title\" content=\"Keluga Amour | Entraide Fran\u00e7aise\" \/>\n<meta property=\"og:description\" content=\"CAVIAR PERSIKA KELUGA AMOUR  Elabor\u00e9 par les iraniens. Esturgeon: Fr\u00e8re jumeau\u00a0 du Beluga. Belle pr\u00e9sentation. Couleur l\u00e9g\u00e8rement dor\u00e9e. Peu sal\u00e9, Saveur \u00e9l\u00e9gante et raffin\u00e9e.\" \/>\n<meta property=\"og:url\" content=\"https:\/\/lentraide.es\/fr\/tienda\/keluga-amour\/\" \/>\n<meta property=\"og:site_name\" content=\"Entraide Fran\u00e7aise\" \/>\n<meta property=\"article:publisher\" content=\"https:\/\/www.facebook.com\/entraide.francaisemadrid\" \/>\n<meta property=\"article:modified_time\" content=\"2025-12-11T21:42:56+00:00\" \/>\n<meta property=\"og:image\" content=\"https:\/\/lentraide.es\/wp-content\/uploads\/2020\/10\/Caviar-Persika.jpg\" \/>\n\t<meta property=\"og:image:width\" content=\"1600\" \/>\n\t<meta property=\"og:image:height\" content=\"900\" \/>\n\t<meta property=\"og:image:type\" content=\"image\/jpeg\" \/>\n<meta name=\"twitter:card\" content=\"summary_large_image\" \/>\n<script type=\"application\/ld+json\" class=\"yoast-schema-graph\">{\"@context\":\"https:\\\/\\\/schema.org\",\"@graph\":[{\"@type\":\"WebPage\",\"@id\":\"https:\\\/\\\/lentraide.es\\\/fr\\\/tienda\\\/keluga-amour\\\/\",\"url\":\"https:\\\/\\\/lentraide.es\\\/fr\\\/tienda\\\/keluga-amour\\\/\",\"name\":\"Keluga Amour | Entraide Fran\u00e7aise\",\"isPartOf\":{\"@id\":\"https:\\\/\\\/lentraide.es\\\/fr\\\/#website\"},\"primaryImageOfPage\":{\"@id\":\"https:\\\/\\\/lentraide.es\\\/fr\\\/tienda\\\/keluga-amour\\\/#primaryimage\"},\"image\":{\"@id\":\"https:\\\/\\\/lentraide.es\\\/fr\\\/tienda\\\/keluga-amour\\\/#primaryimage\"},\"thumbnailUrl\":\"https:\\\/\\\/lentraide.es\\\/wp-content\\\/uploads\\\/2020\\\/10\\\/Caviar-Persika.jpg\",\"datePublished\":\"2020-11-04T20:31:40+00:00\",\"dateModified\":\"2025-12-11T21:42:56+00:00\",\"breadcrumb\":{\"@id\":\"https:\\\/\\\/lentraide.es\\\/fr\\\/tienda\\\/keluga-amour\\\/#breadcrumb\"},\"inLanguage\":\"es\",\"potentialAction\":[{\"@type\":\"ReadAction\",\"target\":[\"https:\\\/\\\/lentraide.es\\\/fr\\\/tienda\\\/keluga-amour\\\/\"]}]},{\"@type\":\"ImageObject\",\"inLanguage\":\"es\",\"@id\":\"https:\\\/\\\/lentraide.es\\\/fr\\\/tienda\\\/keluga-amour\\\/#primaryimage\",\"url\":\"https:\\\/\\\/lentraide.es\\\/wp-content\\\/uploads\\\/2020\\\/10\\\/Caviar-Persika.jpg\",\"contentUrl\":\"https:\\\/\\\/lentraide.es\\\/wp-content\\\/uploads\\\/2020\\\/10\\\/Caviar-Persika.jpg\",\"width\":1600,\"height\":900},{\"@type\":\"BreadcrumbList\",\"@id\":\"https:\\\/\\\/lentraide.es\\\/fr\\\/tienda\\\/keluga-amour\\\/#breadcrumb\",\"itemListElement\":[{\"@type\":\"ListItem\",\"position\":1,\"name\":\"Accueil\",\"item\":\"https:\\\/\\\/lentraide.es\\\/fr\\\/\"},{\"@type\":\"ListItem\",\"position\":2,\"name\":\"Boutique\",\"item\":\"https:\\\/\\\/lentraide.es\\\/fr\\\/boutique-new\\\/\"},{\"@type\":\"ListItem\",\"position\":3,\"name\":\"Keluga Amour\"}]},{\"@type\":\"WebSite\",\"@id\":\"https:\\\/\\\/lentraide.es\\\/fr\\\/#website\",\"url\":\"https:\\\/\\\/lentraide.es\\\/fr\\\/\",\"name\":\"Entraide Fran\u00e7aise\",\"description\":\"Une main tendue vers la France\",\"publisher\":{\"@id\":\"https:\\\/\\\/lentraide.es\\\/fr\\\/#organization\"},\"alternateName\":\"L'entraide\",\"potentialAction\":[{\"@type\":\"SearchAction\",\"target\":{\"@type\":\"EntryPoint\",\"urlTemplate\":\"https:\\\/\\\/lentraide.es\\\/fr\\\/?s={search_term_string}\"},\"query-input\":{\"@type\":\"PropertyValueSpecification\",\"valueRequired\":true,\"valueName\":\"search_term_string\"}}],\"inLanguage\":\"es\"},{\"@type\":\"Organization\",\"@id\":\"https:\\\/\\\/lentraide.es\\\/fr\\\/#organization\",\"name\":\"Entraide Fran\u00e7aise\",\"alternateName\":\"L'entraide\",\"url\":\"https:\\\/\\\/lentraide.es\\\/fr\\\/\",\"logo\":{\"@type\":\"ImageObject\",\"inLanguage\":\"es\",\"@id\":\"https:\\\/\\\/lentraide.es\\\/fr\\\/#\\\/schema\\\/logo\\\/image\\\/\",\"url\":\"https:\\\/\\\/lentraide.es\\\/wp-content\\\/uploads\\\/2015\\\/07\\\/LOGO-azul2.png\",\"contentUrl\":\"https:\\\/\\\/lentraide.es\\\/wp-content\\\/uploads\\\/2015\\\/07\\\/LOGO-azul2.png\",\"width\":232,\"height\":146,\"caption\":\"Entraide Fran\u00e7aise\"},\"image\":{\"@id\":\"https:\\\/\\\/lentraide.es\\\/fr\\\/#\\\/schema\\\/logo\\\/image\\\/\"},\"sameAs\":[\"https:\\\/\\\/www.facebook.com\\\/entraide.francaisemadrid\",\"https:\\\/\\\/www.instagram.com\\\/entraidefrancaisemadrid\\\/\"]}]}<\/script>\n<!-- \/ Yoast SEO plugin. -->","yoast_head_json":{"title":"Keluga Amour | Entraide Fran\u00e7aise","robots":{"index":"index","follow":"follow","max-snippet":"max-snippet:-1","max-image-preview":"max-image-preview:large","max-video-preview":"max-video-preview:-1"},"canonical":"https:\/\/lentraide.es\/fr\/tienda\/keluga-amour\/","og_locale":"fr_FR","og_type":"article","og_title":"Keluga Amour | Entraide Fran\u00e7aise","og_description":"CAVIAR PERSIKA KELUGA AMOUR  Elabor\u00e9 par les iraniens. Esturgeon: Fr\u00e8re jumeau\u00a0 du Beluga. Belle pr\u00e9sentation. Couleur l\u00e9g\u00e8rement dor\u00e9e. Peu sal\u00e9, Saveur \u00e9l\u00e9gante et raffin\u00e9e.","og_url":"https:\/\/lentraide.es\/fr\/tienda\/keluga-amour\/","og_site_name":"Entraide Fran\u00e7aise","article_publisher":"https:\/\/www.facebook.com\/entraide.francaisemadrid","article_modified_time":"2025-12-11T21:42:56+00:00","og_image":[{"width":1600,"height":900,"url":"https:\/\/lentraide.es\/wp-content\/uploads\/2020\/10\/Caviar-Persika.jpg","type":"image\/jpeg"}],"twitter_card":"summary_large_image","schema":{"@context":"https:\/\/schema.org","@graph":[{"@type":"WebPage","@id":"https:\/\/lentraide.es\/fr\/tienda\/keluga-amour\/","url":"https:\/\/lentraide.es\/fr\/tienda\/keluga-amour\/","name":"Keluga Amour | Entraide Fran\u00e7aise","isPartOf":{"@id":"https:\/\/lentraide.es\/fr\/#website"},"primaryImageOfPage":{"@id":"https:\/\/lentraide.es\/fr\/tienda\/keluga-amour\/#primaryimage"},"image":{"@id":"https:\/\/lentraide.es\/fr\/tienda\/keluga-amour\/#primaryimage"},"thumbnailUrl":"https:\/\/lentraide.es\/wp-content\/uploads\/2020\/10\/Caviar-Persika.jpg","datePublished":"2020-11-04T20:31:40+00:00","dateModified":"2025-12-11T21:42:56+00:00","breadcrumb":{"@id":"https:\/\/lentraide.es\/fr\/tienda\/keluga-amour\/#breadcrumb"},"inLanguage":"es","potentialAction":[{"@type":"ReadAction","target":["https:\/\/lentraide.es\/fr\/tienda\/keluga-amour\/"]}]},{"@type":"ImageObject","inLanguage":"es","@id":"https:\/\/lentraide.es\/fr\/tienda\/keluga-amour\/#primaryimage","url":"https:\/\/lentraide.es\/wp-content\/uploads\/2020\/10\/Caviar-Persika.jpg","contentUrl":"https:\/\/lentraide.es\/wp-content\/uploads\/2020\/10\/Caviar-Persika.jpg","width":1600,"height":900},{"@type":"BreadcrumbList","@id":"https:\/\/lentraide.es\/fr\/tienda\/keluga-amour\/#breadcrumb","itemListElement":[{"@type":"ListItem","position":1,"name":"Accueil","item":"https:\/\/lentraide.es\/fr\/"},{"@type":"ListItem","position":2,"name":"Boutique","item":"https:\/\/lentraide.es\/fr\/boutique-new\/"},{"@type":"ListItem","position":3,"name":"Keluga Amour"}]},{"@type":"WebSite","@id":"https:\/\/lentraide.es\/fr\/#website","url":"https:\/\/lentraide.es\/fr\/","name":"Entraide Fran\u00e7aise","description":"Une main tendue vers la France","publisher":{"@id":"https:\/\/lentraide.es\/fr\/#organization"},"alternateName":"L'entraide","potentialAction":[{"@type":"SearchAction","target":{"@type":"EntryPoint","urlTemplate":"https:\/\/lentraide.es\/fr\/?s={search_term_string}"},"query-input":{"@type":"PropertyValueSpecification","valueRequired":true,"valueName":"search_term_string"}}],"inLanguage":"es"},{"@type":"Organization","@id":"https:\/\/lentraide.es\/fr\/#organization","name":"Entraide Fran\u00e7aise","alternateName":"L'entraide","url":"https:\/\/lentraide.es\/fr\/","logo":{"@type":"ImageObject","inLanguage":"es","@id":"https:\/\/lentraide.es\/fr\/#\/schema\/logo\/image\/","url":"https:\/\/lentraide.es\/wp-content\/uploads\/2015\/07\/LOGO-azul2.png","contentUrl":"https:\/\/lentraide.es\/wp-content\/uploads\/2015\/07\/LOGO-azul2.png","width":232,"height":146,"caption":"Entraide Fran\u00e7aise"},"image":{"@id":"https:\/\/lentraide.es\/fr\/#\/schema\/logo\/image\/"},"sameAs":["https:\/\/www.facebook.com\/entraide.francaisemadrid","https:\/\/www.instagram.com\/entraidefrancaisemadrid\/"]}]}},"_links":{"self":[{"href":"https:\/\/lentraide.es\/fr\/wp-json\/wp\/v2\/product\/26874","targetHints":{"allow":["GET"]}}],"collection":[{"href":"https:\/\/lentraide.es\/fr\/wp-json\/wp\/v2\/product"}],"about":[{"href":"https:\/\/lentraide.es\/fr\/wp-json\/wp\/v2\/types\/product"}],"wp:featuredmedia":[{"embeddable":true,"href":"https:\/\/lentraide.es\/fr\/wp-json\/wp\/v2\/media\/26860"}],"wp:attachment":[{"href":"https:\/\/lentraide.es\/fr\/wp-json\/wp\/v2\/media?parent=26874"}],"wp:term":[{"taxonomy":"product_brand","embeddable":true,"href":"https:\/\/lentraide.es\/fr\/wp-json\/wp\/v2\/product_brand?post=26874"},{"taxonomy":"product_cat","embeddable":true,"href":"https:\/\/lentraide.es\/fr\/wp-json\/wp\/v2\/product_cat?post=26874"},{"taxonomy":"product_tag","embeddable":true,"href":"https:\/\/lentraide.es\/fr\/wp-json\/wp\/v2\/product_tag?post=26874"}],"curies":[{"name":"wp","href":"https:\/\/api.w.org\/{rel}","templated":true}]}}