{"id":27158,"date":"2020-11-10T17:40:50","date_gmt":"2020-11-10T16:40:50","guid":{"rendered":"https:\/\/lentraide.es\/?post_type=product&#038;p=27158"},"modified":"2025-12-11T22:42:48","modified_gmt":"2025-12-11T21:42:48","slug":"boite-dassortiments","status":"publish","type":"product","link":"https:\/\/lentraide.es\/fr\/tienda\/boite-dassortiments\/","title":{"rendered":"Boite d&rsquo;assortiments"},"content":{"rendered":"<p>Ingr\u00e9dients: Farine de froment (gluten), sirop de glucose-fructose, sucre, nappage au sucre (sucre, amidon de bl\u00e9, sirop de glucose, colorants alimentaires : poudre d&rsquo;\u00e9pinards, jus de betterave rouge concentr\u00e9; colorant: curcumine), sirop de sucre caram\u00e9lis\u00e9, \u00e9pices, amidon de pomme de terre, poudres \u00e0 lever : diphosphates disodique, carbonates de sodium et d&rsquo;ammonium, carbonates de potassium; p\u00e2te de cacao, beurre de cacao, sel, g\u00e9latine alimentaire, colorant alimentaire: jus de betterave rouge concentr\u00e9; graisse butyrique (lait), \u00e9mulsifiant: l\u00e9cithine de soja.<\/p>\n<p>Allerg\u00e8nes: Gluten, lait, soja. Peut contenir des traces fruits \u00e0 coque, arachides, \u0153uf, lait, lupin et graines de s\u00e9same.<\/p>\n","protected":false},"excerpt":{"rendered":"<h4><strong>Bo\u00eete assortiment de pains d\u2019\u00e9pices enrob\u00e9s de sucre et de chocolat. <\/strong><\/h4>\n<p>Nos assortiments de pains d\u2019\u00e9pices panachent les formes et les saveurs. Qu\u2019ils soient napp\u00e9s de sucre fin ou de chocolat noir issu de p\u00e2te et de beurre de cacao, les pains d\u2019\u00e9pices se conjuguent au gr\u00e9 de vos envies dans un assortiment aux gla\u00e7ages vari\u00e9s.<\/p>\n","protected":false},"featured_media":27242,"template":"","meta":{"_acf_changed":false},"product_brand":[],"product_cat":[250,166],"product_tag":[],"class_list":{"0":"post-27158","1":"product","2":"type-product","3":"status-publish","4":"has-post-thumbnail","6":"product_cat-produits-alsace-noel","7":"product_cat-vente-de-noel","9":"first","10":"outofstock","11":"shipping-taxable","12":"purchasable","13":"product-type-simple"},"acf":[],"yoast_head":"<!-- This site is optimized with the Yoast SEO plugin v27.3 - https:\/\/yoast.com\/product\/yoast-seo-wordpress\/ -->\n<title>Boite d&#039;assortiments | Entraide Fran\u00e7aise<\/title>\n<meta name=\"robots\" content=\"index, follow, max-snippet:-1, max-image-preview:large, max-video-preview:-1\" \/>\n<link rel=\"canonical\" href=\"https:\/\/lentraide.es\/fr\/tienda\/boite-dassortiments\/\" \/>\n<meta property=\"og:locale\" content=\"fr_FR\" \/>\n<meta property=\"og:type\" content=\"article\" \/>\n<meta property=\"og:title\" content=\"Boite d&#039;assortiments | Entraide Fran\u00e7aise\" \/>\n<meta property=\"og:description\" content=\"Bo\u00eete assortiment de pains d\u2019\u00e9pices enrob\u00e9s de sucre et de chocolat.  Nos assortiments de pains d\u2019\u00e9pices panachent les formes et les saveurs. Qu\u2019ils soient napp\u00e9s de sucre fin ou de chocolat noir issu de p\u00e2te et de beurre de cacao, les pains d\u2019\u00e9pices se conjuguent au gr\u00e9 de vos envies dans un assortiment aux gla\u00e7ages vari\u00e9s.\" \/>\n<meta property=\"og:url\" content=\"https:\/\/lentraide.es\/fr\/tienda\/boite-dassortiments\/\" \/>\n<meta property=\"og:site_name\" content=\"Entraide Fran\u00e7aise\" \/>\n<meta property=\"article:publisher\" content=\"https:\/\/www.facebook.com\/entraide.francaisemadrid\" \/>\n<meta property=\"article:modified_time\" content=\"2025-12-11T21:42:48+00:00\" \/>\n<meta property=\"og:image\" content=\"https:\/\/lentraide.es\/wp-content\/uploads\/2020\/11\/Boites-assortiments-e1676133152172.jpg\" \/>\n\t<meta property=\"og:image:width\" content=\"812\" \/>\n\t<meta property=\"og:image:height\" content=\"1000\" \/>\n\t<meta property=\"og:image:type\" content=\"image\/jpeg\" \/>\n<meta name=\"twitter:card\" content=\"summary_large_image\" \/>\n<meta name=\"twitter:label1\" content=\"Tiempo de lectura\" \/>\n\t<meta name=\"twitter:data1\" content=\"1 minute\" \/>\n<script type=\"application\/ld+json\" class=\"yoast-schema-graph\">{\"@context\":\"https:\\\/\\\/schema.org\",\"@graph\":[{\"@type\":\"WebPage\",\"@id\":\"https:\\\/\\\/lentraide.es\\\/fr\\\/tienda\\\/boite-dassortiments\\\/\",\"url\":\"https:\\\/\\\/lentraide.es\\\/fr\\\/tienda\\\/boite-dassortiments\\\/\",\"name\":\"Boite d'assortiments | Entraide Fran\u00e7aise\",\"isPartOf\":{\"@id\":\"https:\\\/\\\/lentraide.es\\\/fr\\\/#website\"},\"primaryImageOfPage\":{\"@id\":\"https:\\\/\\\/lentraide.es\\\/fr\\\/tienda\\\/boite-dassortiments\\\/#primaryimage\"},\"image\":{\"@id\":\"https:\\\/\\\/lentraide.es\\\/fr\\\/tienda\\\/boite-dassortiments\\\/#primaryimage\"},\"thumbnailUrl\":\"https:\\\/\\\/lentraide.es\\\/wp-content\\\/uploads\\\/2020\\\/11\\\/Boites-assortiments-e1676133152172.jpg\",\"datePublished\":\"2020-11-10T16:40:50+00:00\",\"dateModified\":\"2025-12-11T21:42:48+00:00\",\"breadcrumb\":{\"@id\":\"https:\\\/\\\/lentraide.es\\\/fr\\\/tienda\\\/boite-dassortiments\\\/#breadcrumb\"},\"inLanguage\":\"es\",\"potentialAction\":[{\"@type\":\"ReadAction\",\"target\":[\"https:\\\/\\\/lentraide.es\\\/fr\\\/tienda\\\/boite-dassortiments\\\/\"]}]},{\"@type\":\"ImageObject\",\"inLanguage\":\"es\",\"@id\":\"https:\\\/\\\/lentraide.es\\\/fr\\\/tienda\\\/boite-dassortiments\\\/#primaryimage\",\"url\":\"https:\\\/\\\/lentraide.es\\\/wp-content\\\/uploads\\\/2020\\\/11\\\/Boites-assortiments-e1676133152172.jpg\",\"contentUrl\":\"https:\\\/\\\/lentraide.es\\\/wp-content\\\/uploads\\\/2020\\\/11\\\/Boites-assortiments-e1676133152172.jpg\",\"width\":812,\"height\":1000},{\"@type\":\"BreadcrumbList\",\"@id\":\"https:\\\/\\\/lentraide.es\\\/fr\\\/tienda\\\/boite-dassortiments\\\/#breadcrumb\",\"itemListElement\":[{\"@type\":\"ListItem\",\"position\":1,\"name\":\"Accueil\",\"item\":\"https:\\\/\\\/lentraide.es\\\/fr\\\/\"},{\"@type\":\"ListItem\",\"position\":2,\"name\":\"Boutique\",\"item\":\"https:\\\/\\\/lentraide.es\\\/fr\\\/boutique-new\\\/\"},{\"@type\":\"ListItem\",\"position\":3,\"name\":\"Boite d&rsquo;assortiments\"}]},{\"@type\":\"WebSite\",\"@id\":\"https:\\\/\\\/lentraide.es\\\/fr\\\/#website\",\"url\":\"https:\\\/\\\/lentraide.es\\\/fr\\\/\",\"name\":\"Entraide Fran\u00e7aise\",\"description\":\"Une main tendue vers la France\",\"publisher\":{\"@id\":\"https:\\\/\\\/lentraide.es\\\/fr\\\/#organization\"},\"alternateName\":\"L'entraide\",\"potentialAction\":[{\"@type\":\"SearchAction\",\"target\":{\"@type\":\"EntryPoint\",\"urlTemplate\":\"https:\\\/\\\/lentraide.es\\\/fr\\\/?s={search_term_string}\"},\"query-input\":{\"@type\":\"PropertyValueSpecification\",\"valueRequired\":true,\"valueName\":\"search_term_string\"}}],\"inLanguage\":\"es\"},{\"@type\":\"Organization\",\"@id\":\"https:\\\/\\\/lentraide.es\\\/fr\\\/#organization\",\"name\":\"Entraide Fran\u00e7aise\",\"alternateName\":\"L'entraide\",\"url\":\"https:\\\/\\\/lentraide.es\\\/fr\\\/\",\"logo\":{\"@type\":\"ImageObject\",\"inLanguage\":\"es\",\"@id\":\"https:\\\/\\\/lentraide.es\\\/fr\\\/#\\\/schema\\\/logo\\\/image\\\/\",\"url\":\"https:\\\/\\\/lentraide.es\\\/wp-content\\\/uploads\\\/2015\\\/07\\\/LOGO-azul2.png\",\"contentUrl\":\"https:\\\/\\\/lentraide.es\\\/wp-content\\\/uploads\\\/2015\\\/07\\\/LOGO-azul2.png\",\"width\":232,\"height\":146,\"caption\":\"Entraide Fran\u00e7aise\"},\"image\":{\"@id\":\"https:\\\/\\\/lentraide.es\\\/fr\\\/#\\\/schema\\\/logo\\\/image\\\/\"},\"sameAs\":[\"https:\\\/\\\/www.facebook.com\\\/entraide.francaisemadrid\",\"https:\\\/\\\/www.instagram.com\\\/entraidefrancaisemadrid\\\/\"]}]}<\/script>\n<!-- \/ Yoast SEO plugin. -->","yoast_head_json":{"title":"Boite d'assortiments | Entraide Fran\u00e7aise","robots":{"index":"index","follow":"follow","max-snippet":"max-snippet:-1","max-image-preview":"max-image-preview:large","max-video-preview":"max-video-preview:-1"},"canonical":"https:\/\/lentraide.es\/fr\/tienda\/boite-dassortiments\/","og_locale":"fr_FR","og_type":"article","og_title":"Boite d'assortiments | Entraide Fran\u00e7aise","og_description":"Bo\u00eete assortiment de pains d\u2019\u00e9pices enrob\u00e9s de sucre et de chocolat.  Nos assortiments de pains d\u2019\u00e9pices panachent les formes et les saveurs. Qu\u2019ils soient napp\u00e9s de sucre fin ou de chocolat noir issu de p\u00e2te et de beurre de cacao, les pains d\u2019\u00e9pices se conjuguent au gr\u00e9 de vos envies dans un assortiment aux gla\u00e7ages vari\u00e9s.","og_url":"https:\/\/lentraide.es\/fr\/tienda\/boite-dassortiments\/","og_site_name":"Entraide Fran\u00e7aise","article_publisher":"https:\/\/www.facebook.com\/entraide.francaisemadrid","article_modified_time":"2025-12-11T21:42:48+00:00","og_image":[{"width":812,"height":1000,"url":"https:\/\/lentraide.es\/wp-content\/uploads\/2020\/11\/Boites-assortiments-e1676133152172.jpg","type":"image\/jpeg"}],"twitter_card":"summary_large_image","twitter_misc":{"Tiempo de lectura":"1 minute"},"schema":{"@context":"https:\/\/schema.org","@graph":[{"@type":"WebPage","@id":"https:\/\/lentraide.es\/fr\/tienda\/boite-dassortiments\/","url":"https:\/\/lentraide.es\/fr\/tienda\/boite-dassortiments\/","name":"Boite d'assortiments | Entraide Fran\u00e7aise","isPartOf":{"@id":"https:\/\/lentraide.es\/fr\/#website"},"primaryImageOfPage":{"@id":"https:\/\/lentraide.es\/fr\/tienda\/boite-dassortiments\/#primaryimage"},"image":{"@id":"https:\/\/lentraide.es\/fr\/tienda\/boite-dassortiments\/#primaryimage"},"thumbnailUrl":"https:\/\/lentraide.es\/wp-content\/uploads\/2020\/11\/Boites-assortiments-e1676133152172.jpg","datePublished":"2020-11-10T16:40:50+00:00","dateModified":"2025-12-11T21:42:48+00:00","breadcrumb":{"@id":"https:\/\/lentraide.es\/fr\/tienda\/boite-dassortiments\/#breadcrumb"},"inLanguage":"es","potentialAction":[{"@type":"ReadAction","target":["https:\/\/lentraide.es\/fr\/tienda\/boite-dassortiments\/"]}]},{"@type":"ImageObject","inLanguage":"es","@id":"https:\/\/lentraide.es\/fr\/tienda\/boite-dassortiments\/#primaryimage","url":"https:\/\/lentraide.es\/wp-content\/uploads\/2020\/11\/Boites-assortiments-e1676133152172.jpg","contentUrl":"https:\/\/lentraide.es\/wp-content\/uploads\/2020\/11\/Boites-assortiments-e1676133152172.jpg","width":812,"height":1000},{"@type":"BreadcrumbList","@id":"https:\/\/lentraide.es\/fr\/tienda\/boite-dassortiments\/#breadcrumb","itemListElement":[{"@type":"ListItem","position":1,"name":"Accueil","item":"https:\/\/lentraide.es\/fr\/"},{"@type":"ListItem","position":2,"name":"Boutique","item":"https:\/\/lentraide.es\/fr\/boutique-new\/"},{"@type":"ListItem","position":3,"name":"Boite d&rsquo;assortiments"}]},{"@type":"WebSite","@id":"https:\/\/lentraide.es\/fr\/#website","url":"https:\/\/lentraide.es\/fr\/","name":"Entraide Fran\u00e7aise","description":"Une main tendue vers la France","publisher":{"@id":"https:\/\/lentraide.es\/fr\/#organization"},"alternateName":"L'entraide","potentialAction":[{"@type":"SearchAction","target":{"@type":"EntryPoint","urlTemplate":"https:\/\/lentraide.es\/fr\/?s={search_term_string}"},"query-input":{"@type":"PropertyValueSpecification","valueRequired":true,"valueName":"search_term_string"}}],"inLanguage":"es"},{"@type":"Organization","@id":"https:\/\/lentraide.es\/fr\/#organization","name":"Entraide Fran\u00e7aise","alternateName":"L'entraide","url":"https:\/\/lentraide.es\/fr\/","logo":{"@type":"ImageObject","inLanguage":"es","@id":"https:\/\/lentraide.es\/fr\/#\/schema\/logo\/image\/","url":"https:\/\/lentraide.es\/wp-content\/uploads\/2015\/07\/LOGO-azul2.png","contentUrl":"https:\/\/lentraide.es\/wp-content\/uploads\/2015\/07\/LOGO-azul2.png","width":232,"height":146,"caption":"Entraide Fran\u00e7aise"},"image":{"@id":"https:\/\/lentraide.es\/fr\/#\/schema\/logo\/image\/"},"sameAs":["https:\/\/www.facebook.com\/entraide.francaisemadrid","https:\/\/www.instagram.com\/entraidefrancaisemadrid\/"]}]}},"_links":{"self":[{"href":"https:\/\/lentraide.es\/fr\/wp-json\/wp\/v2\/product\/27158","targetHints":{"allow":["GET"]}}],"collection":[{"href":"https:\/\/lentraide.es\/fr\/wp-json\/wp\/v2\/product"}],"about":[{"href":"https:\/\/lentraide.es\/fr\/wp-json\/wp\/v2\/types\/product"}],"wp:featuredmedia":[{"embeddable":true,"href":"https:\/\/lentraide.es\/fr\/wp-json\/wp\/v2\/media\/27242"}],"wp:attachment":[{"href":"https:\/\/lentraide.es\/fr\/wp-json\/wp\/v2\/media?parent=27158"}],"wp:term":[{"taxonomy":"product_brand","embeddable":true,"href":"https:\/\/lentraide.es\/fr\/wp-json\/wp\/v2\/product_brand?post=27158"},{"taxonomy":"product_cat","embeddable":true,"href":"https:\/\/lentraide.es\/fr\/wp-json\/wp\/v2\/product_cat?post=27158"},{"taxonomy":"product_tag","embeddable":true,"href":"https:\/\/lentraide.es\/fr\/wp-json\/wp\/v2\/product_tag?post=27158"}],"curies":[{"name":"wp","href":"https:\/\/api.w.org\/{rel}","templated":true}]}}