{"id":27468,"date":"2020-11-11T19:16:33","date_gmt":"2020-11-11T18:16:33","guid":{"rendered":"https:\/\/lentraide.es\/?post_type=product&#038;p=27468"},"modified":"2025-12-11T22:42:05","modified_gmt":"2025-12-11T21:42:05","slug":"gewurztraminer","status":"publish","type":"product","link":"https:\/\/lentraide.es\/fr\/tienda\/gewurztraminer\/","title":{"rendered":"GEWURZTRAMINER"},"content":{"rendered":"<p>Lieu de production: R\u00e9gion viticole de Cleebourg, des communes de Cl\u00e9ebourg, Rott Steinseltz, Wissembourg, Oberhoffen et Riedseltz, en Alsace (France)<\/p>\n<p>Sol: argile et limon.<\/p>\n<p>C\u00e9page: 100% Gewurztraminer<\/p>\n<p>Robe de couleur jaune stable avec des reflets dor\u00e9s. Croustillant et lumineux.<br \/>\nNez d&rsquo;une grande expression, caract\u00e9ristique de son c\u00e9page, avec des ar\u00f4mes de fruits exotiques et de rose.<br \/>\nCe Gewurztraminer, aux ar\u00f4mes authentiques et \u00e9l\u00e9gants, est enveloppant en bouche, avec un \u00e9quilibre parfait entre sa rondeur, sa persistance et ses notes fruit\u00e9es de litchis.<\/p>\n","protected":false},"excerpt":{"rendered":"<h4 style=\"text-align: center;\"><strong>GEWURZTRAMINER<\/strong><br \/>\n<strong>M\u00e9daille d&rsquo;Or Colmar 2017<\/strong><\/h4>\n<p><strong>Un vin d&rsquo;ap\u00e9ritif et de gastronomie.<\/strong><\/p>\n<p><strong>Conservation:<\/strong> On peut l&rsquo;appr\u00e9cier d\u00e8s maintenant. Mais il s&rsquo;am\u00e9liore en cave pendant au moins 5 ans.<\/p>\n<p><em><strong>Harmonie gourmande<\/strong> :\u00a0 Il accompagnera la gastronomie asiatique et m\u00e9diterran\u00e9enne dans une merveilleuse harmonie. <\/em><em>Aussi avec des fromages forts et affin\u00e9s, ainsi qu&rsquo;avec des desserts sucr\u00e9s.<br \/>\nA servir froid entre 8 \u00b0 C et 10 \u00b0 C, de pr\u00e9f\u00e9rence dans des verres tulipes.<\/em><\/p>\n<p>&nbsp;<\/p>\n<p>&nbsp;<\/p>\n","protected":false},"featured_media":27627,"template":"","meta":{"_acf_changed":false},"product_brand":[],"product_cat":[250,166,251],"product_tag":[],"class_list":{"0":"post-27468","1":"product","2":"type-product","3":"status-publish","4":"has-post-thumbnail","6":"product_cat-produits-alsace-noel","7":"product_cat-vente-de-noel","8":"product_cat-vins-noel-entraide","10":"first","11":"outofstock","12":"shipping-taxable","13":"purchasable","14":"product-type-simple"},"acf":[],"yoast_head":"<!-- This site is optimized with the Yoast SEO plugin v27.3 - https:\/\/yoast.com\/product\/yoast-seo-wordpress\/ -->\n<title>GEWURZTRAMINER | Entraide Fran\u00e7aise<\/title>\n<meta name=\"robots\" content=\"index, follow, max-snippet:-1, max-image-preview:large, max-video-preview:-1\" \/>\n<link rel=\"canonical\" href=\"https:\/\/lentraide.es\/fr\/tienda\/gewurztraminer\/\" \/>\n<meta property=\"og:locale\" content=\"fr_FR\" \/>\n<meta property=\"og:type\" content=\"article\" \/>\n<meta property=\"og:title\" content=\"GEWURZTRAMINER | Entraide Fran\u00e7aise\" \/>\n<meta property=\"og:description\" content=\"GEWURZTRAMINER M\u00e9daille d&#039;Or Colmar 2017 Un vin d&#039;ap\u00e9ritif et de gastronomie.  Conservation: On peut l&#039;appr\u00e9cier d\u00e8s maintenant. Mais il s&#039;am\u00e9liore en cave pendant au moins 5 ans.  Harmonie gourmande :\u00a0 Il accompagnera la gastronomie asiatique et m\u00e9diterran\u00e9enne dans une merveilleuse harmonie. Aussi avec des fromages forts et affin\u00e9s, ainsi qu&#039;avec des desserts sucr\u00e9s. A servir froid entre 8 \u00b0 C et 10 \u00b0 C, de pr\u00e9f\u00e9rence dans des verres tulipes.  &nbsp;  &nbsp;\" \/>\n<meta property=\"og:url\" content=\"https:\/\/lentraide.es\/fr\/tienda\/gewurztraminer\/\" \/>\n<meta property=\"og:site_name\" content=\"Entraide Fran\u00e7aise\" \/>\n<meta property=\"article:publisher\" content=\"https:\/\/www.facebook.com\/entraide.francaisemadrid\" \/>\n<meta property=\"article:modified_time\" content=\"2025-12-11T21:42:05+00:00\" \/>\n<meta property=\"og:image\" content=\"https:\/\/lentraide.es\/wp-content\/uploads\/2020\/11\/Gewurzstraminer.png\" \/>\n\t<meta property=\"og:image:width\" content=\"300\" \/>\n\t<meta property=\"og:image:height\" content=\"600\" \/>\n\t<meta property=\"og:image:type\" content=\"image\/png\" \/>\n<meta name=\"twitter:card\" content=\"summary_large_image\" \/>\n<meta name=\"twitter:label1\" content=\"Tiempo de lectura\" \/>\n\t<meta name=\"twitter:data1\" content=\"1 minute\" \/>\n<script type=\"application\/ld+json\" class=\"yoast-schema-graph\">{\"@context\":\"https:\\\/\\\/schema.org\",\"@graph\":[{\"@type\":\"WebPage\",\"@id\":\"https:\\\/\\\/lentraide.es\\\/fr\\\/tienda\\\/gewurztraminer\\\/\",\"url\":\"https:\\\/\\\/lentraide.es\\\/fr\\\/tienda\\\/gewurztraminer\\\/\",\"name\":\"GEWURZTRAMINER | Entraide Fran\u00e7aise\",\"isPartOf\":{\"@id\":\"https:\\\/\\\/lentraide.es\\\/fr\\\/#website\"},\"primaryImageOfPage\":{\"@id\":\"https:\\\/\\\/lentraide.es\\\/fr\\\/tienda\\\/gewurztraminer\\\/#primaryimage\"},\"image\":{\"@id\":\"https:\\\/\\\/lentraide.es\\\/fr\\\/tienda\\\/gewurztraminer\\\/#primaryimage\"},\"thumbnailUrl\":\"https:\\\/\\\/lentraide.es\\\/wp-content\\\/uploads\\\/2020\\\/11\\\/Gewurzstraminer.png\",\"datePublished\":\"2020-11-11T18:16:33+00:00\",\"dateModified\":\"2025-12-11T21:42:05+00:00\",\"breadcrumb\":{\"@id\":\"https:\\\/\\\/lentraide.es\\\/fr\\\/tienda\\\/gewurztraminer\\\/#breadcrumb\"},\"inLanguage\":\"es\",\"potentialAction\":[{\"@type\":\"ReadAction\",\"target\":[\"https:\\\/\\\/lentraide.es\\\/fr\\\/tienda\\\/gewurztraminer\\\/\"]}]},{\"@type\":\"ImageObject\",\"inLanguage\":\"es\",\"@id\":\"https:\\\/\\\/lentraide.es\\\/fr\\\/tienda\\\/gewurztraminer\\\/#primaryimage\",\"url\":\"https:\\\/\\\/lentraide.es\\\/wp-content\\\/uploads\\\/2020\\\/11\\\/Gewurzstraminer.png\",\"contentUrl\":\"https:\\\/\\\/lentraide.es\\\/wp-content\\\/uploads\\\/2020\\\/11\\\/Gewurzstraminer.png\",\"width\":300,\"height\":600},{\"@type\":\"BreadcrumbList\",\"@id\":\"https:\\\/\\\/lentraide.es\\\/fr\\\/tienda\\\/gewurztraminer\\\/#breadcrumb\",\"itemListElement\":[{\"@type\":\"ListItem\",\"position\":1,\"name\":\"Accueil\",\"item\":\"https:\\\/\\\/lentraide.es\\\/fr\\\/\"},{\"@type\":\"ListItem\",\"position\":2,\"name\":\"Boutique\",\"item\":\"https:\\\/\\\/lentraide.es\\\/fr\\\/boutique-new\\\/\"},{\"@type\":\"ListItem\",\"position\":3,\"name\":\"GEWURZTRAMINER\"}]},{\"@type\":\"WebSite\",\"@id\":\"https:\\\/\\\/lentraide.es\\\/fr\\\/#website\",\"url\":\"https:\\\/\\\/lentraide.es\\\/fr\\\/\",\"name\":\"Entraide Fran\u00e7aise\",\"description\":\"Une main tendue vers la France\",\"publisher\":{\"@id\":\"https:\\\/\\\/lentraide.es\\\/fr\\\/#organization\"},\"alternateName\":\"L'entraide\",\"potentialAction\":[{\"@type\":\"SearchAction\",\"target\":{\"@type\":\"EntryPoint\",\"urlTemplate\":\"https:\\\/\\\/lentraide.es\\\/fr\\\/?s={search_term_string}\"},\"query-input\":{\"@type\":\"PropertyValueSpecification\",\"valueRequired\":true,\"valueName\":\"search_term_string\"}}],\"inLanguage\":\"es\"},{\"@type\":\"Organization\",\"@id\":\"https:\\\/\\\/lentraide.es\\\/fr\\\/#organization\",\"name\":\"Entraide Fran\u00e7aise\",\"alternateName\":\"L'entraide\",\"url\":\"https:\\\/\\\/lentraide.es\\\/fr\\\/\",\"logo\":{\"@type\":\"ImageObject\",\"inLanguage\":\"es\",\"@id\":\"https:\\\/\\\/lentraide.es\\\/fr\\\/#\\\/schema\\\/logo\\\/image\\\/\",\"url\":\"https:\\\/\\\/lentraide.es\\\/wp-content\\\/uploads\\\/2015\\\/07\\\/LOGO-azul2.png\",\"contentUrl\":\"https:\\\/\\\/lentraide.es\\\/wp-content\\\/uploads\\\/2015\\\/07\\\/LOGO-azul2.png\",\"width\":232,\"height\":146,\"caption\":\"Entraide Fran\u00e7aise\"},\"image\":{\"@id\":\"https:\\\/\\\/lentraide.es\\\/fr\\\/#\\\/schema\\\/logo\\\/image\\\/\"},\"sameAs\":[\"https:\\\/\\\/www.facebook.com\\\/entraide.francaisemadrid\",\"https:\\\/\\\/www.instagram.com\\\/entraidefrancaisemadrid\\\/\"]}]}<\/script>\n<!-- \/ Yoast SEO plugin. -->","yoast_head_json":{"title":"GEWURZTRAMINER | Entraide Fran\u00e7aise","robots":{"index":"index","follow":"follow","max-snippet":"max-snippet:-1","max-image-preview":"max-image-preview:large","max-video-preview":"max-video-preview:-1"},"canonical":"https:\/\/lentraide.es\/fr\/tienda\/gewurztraminer\/","og_locale":"fr_FR","og_type":"article","og_title":"GEWURZTRAMINER | Entraide Fran\u00e7aise","og_description":"GEWURZTRAMINER M\u00e9daille d'Or Colmar 2017 Un vin d'ap\u00e9ritif et de gastronomie.  Conservation: On peut l'appr\u00e9cier d\u00e8s maintenant. Mais il s'am\u00e9liore en cave pendant au moins 5 ans.  Harmonie gourmande :\u00a0 Il accompagnera la gastronomie asiatique et m\u00e9diterran\u00e9enne dans une merveilleuse harmonie. Aussi avec des fromages forts et affin\u00e9s, ainsi qu'avec des desserts sucr\u00e9s. A servir froid entre 8 \u00b0 C et 10 \u00b0 C, de pr\u00e9f\u00e9rence dans des verres tulipes.  &nbsp;  &nbsp;","og_url":"https:\/\/lentraide.es\/fr\/tienda\/gewurztraminer\/","og_site_name":"Entraide Fran\u00e7aise","article_publisher":"https:\/\/www.facebook.com\/entraide.francaisemadrid","article_modified_time":"2025-12-11T21:42:05+00:00","og_image":[{"width":300,"height":600,"url":"https:\/\/lentraide.es\/wp-content\/uploads\/2020\/11\/Gewurzstraminer.png","type":"image\/png"}],"twitter_card":"summary_large_image","twitter_misc":{"Tiempo de lectura":"1 minute"},"schema":{"@context":"https:\/\/schema.org","@graph":[{"@type":"WebPage","@id":"https:\/\/lentraide.es\/fr\/tienda\/gewurztraminer\/","url":"https:\/\/lentraide.es\/fr\/tienda\/gewurztraminer\/","name":"GEWURZTRAMINER | Entraide Fran\u00e7aise","isPartOf":{"@id":"https:\/\/lentraide.es\/fr\/#website"},"primaryImageOfPage":{"@id":"https:\/\/lentraide.es\/fr\/tienda\/gewurztraminer\/#primaryimage"},"image":{"@id":"https:\/\/lentraide.es\/fr\/tienda\/gewurztraminer\/#primaryimage"},"thumbnailUrl":"https:\/\/lentraide.es\/wp-content\/uploads\/2020\/11\/Gewurzstraminer.png","datePublished":"2020-11-11T18:16:33+00:00","dateModified":"2025-12-11T21:42:05+00:00","breadcrumb":{"@id":"https:\/\/lentraide.es\/fr\/tienda\/gewurztraminer\/#breadcrumb"},"inLanguage":"es","potentialAction":[{"@type":"ReadAction","target":["https:\/\/lentraide.es\/fr\/tienda\/gewurztraminer\/"]}]},{"@type":"ImageObject","inLanguage":"es","@id":"https:\/\/lentraide.es\/fr\/tienda\/gewurztraminer\/#primaryimage","url":"https:\/\/lentraide.es\/wp-content\/uploads\/2020\/11\/Gewurzstraminer.png","contentUrl":"https:\/\/lentraide.es\/wp-content\/uploads\/2020\/11\/Gewurzstraminer.png","width":300,"height":600},{"@type":"BreadcrumbList","@id":"https:\/\/lentraide.es\/fr\/tienda\/gewurztraminer\/#breadcrumb","itemListElement":[{"@type":"ListItem","position":1,"name":"Accueil","item":"https:\/\/lentraide.es\/fr\/"},{"@type":"ListItem","position":2,"name":"Boutique","item":"https:\/\/lentraide.es\/fr\/boutique-new\/"},{"@type":"ListItem","position":3,"name":"GEWURZTRAMINER"}]},{"@type":"WebSite","@id":"https:\/\/lentraide.es\/fr\/#website","url":"https:\/\/lentraide.es\/fr\/","name":"Entraide Fran\u00e7aise","description":"Une main tendue vers la France","publisher":{"@id":"https:\/\/lentraide.es\/fr\/#organization"},"alternateName":"L'entraide","potentialAction":[{"@type":"SearchAction","target":{"@type":"EntryPoint","urlTemplate":"https:\/\/lentraide.es\/fr\/?s={search_term_string}"},"query-input":{"@type":"PropertyValueSpecification","valueRequired":true,"valueName":"search_term_string"}}],"inLanguage":"es"},{"@type":"Organization","@id":"https:\/\/lentraide.es\/fr\/#organization","name":"Entraide Fran\u00e7aise","alternateName":"L'entraide","url":"https:\/\/lentraide.es\/fr\/","logo":{"@type":"ImageObject","inLanguage":"es","@id":"https:\/\/lentraide.es\/fr\/#\/schema\/logo\/image\/","url":"https:\/\/lentraide.es\/wp-content\/uploads\/2015\/07\/LOGO-azul2.png","contentUrl":"https:\/\/lentraide.es\/wp-content\/uploads\/2015\/07\/LOGO-azul2.png","width":232,"height":146,"caption":"Entraide Fran\u00e7aise"},"image":{"@id":"https:\/\/lentraide.es\/fr\/#\/schema\/logo\/image\/"},"sameAs":["https:\/\/www.facebook.com\/entraide.francaisemadrid","https:\/\/www.instagram.com\/entraidefrancaisemadrid\/"]}]}},"_links":{"self":[{"href":"https:\/\/lentraide.es\/fr\/wp-json\/wp\/v2\/product\/27468","targetHints":{"allow":["GET"]}}],"collection":[{"href":"https:\/\/lentraide.es\/fr\/wp-json\/wp\/v2\/product"}],"about":[{"href":"https:\/\/lentraide.es\/fr\/wp-json\/wp\/v2\/types\/product"}],"wp:featuredmedia":[{"embeddable":true,"href":"https:\/\/lentraide.es\/fr\/wp-json\/wp\/v2\/media\/27627"}],"wp:attachment":[{"href":"https:\/\/lentraide.es\/fr\/wp-json\/wp\/v2\/media?parent=27468"}],"wp:term":[{"taxonomy":"product_brand","embeddable":true,"href":"https:\/\/lentraide.es\/fr\/wp-json\/wp\/v2\/product_brand?post=27468"},{"taxonomy":"product_cat","embeddable":true,"href":"https:\/\/lentraide.es\/fr\/wp-json\/wp\/v2\/product_cat?post=27468"},{"taxonomy":"product_tag","embeddable":true,"href":"https:\/\/lentraide.es\/fr\/wp-json\/wp\/v2\/product_tag?post=27468"}],"curies":[{"name":"wp","href":"https:\/\/api.w.org\/{rel}","templated":true}]}}