{"id":27472,"date":"2020-11-11T19:32:38","date_gmt":"2020-11-11T18:32:38","guid":{"rendered":"https:\/\/lentraide.es\/?post_type=product&#038;p=27472"},"modified":"2025-12-11T22:42:05","modified_gmt":"2025-12-11T21:42:05","slug":"riesling","status":"publish","type":"product","link":"https:\/\/lentraide.es\/fr\/tienda\/riesling\/","title":{"rendered":"RIESLING LIEU-DIT \u00abESESLFORCH\u00a0\u00bb"},"content":{"rendered":"<p>Lieu de production : R\u00e9gion Viticole de Cl\u00e9ebourg, lieu-dit de Eselsforch, situ\u00e9 dans le Ban de Rott.<\/p>\n<p>C\u00e9page : Riesling 100%<\/p>\n<p>Mill\u00e9sime : 2017<\/p>\n<p>Robe jaune clair avec des reflets verts, nets et brillants.<br \/>\nNez complexe, avec un admirable m\u00e9lange de notes de citron et de pamplemousse avec des nuances min\u00e9rales et grill\u00e9es.<br \/>\nEn bouche : Structur\u00e9, sec et d\u00e9licatement fruit\u00e9, ce Riesling 2015 vous surprendra par son caract\u00e8re et son \u00e9l\u00e9gance.<\/p>\n","protected":false},"excerpt":{"rendered":"<h4 style=\"text-align: left;\"><strong>RIESLING LIEU-DIT \u00abESESLFORCH\u00a0\u00bb<br \/>\n\u00abPrix d&rsquo;Excellence\u00a0\u00bb aux Vinalies en 2017.<br \/>\n<\/strong><\/h4>\n<p><strong>La composition du sol sablo-argileux lui conf\u00e8re une min\u00e9ralit\u00e9 cristalline tr\u00e8s particuli\u00e8re, qui s&rsquo;accentuera au fil du temps au cours du stockage de ce vin d&rsquo;exception.<\/strong><\/p>\n<p>Conservation : Il se d\u00e9guste d\u00e8s maintenant pour appr\u00e9cier sa fra\u00eecheur fruit\u00e9e. Cet Eselsforch montre une merveilleuse \u00e9volution dans les 5 prochaines ann\u00e9es.<\/p>\n<p><em>Accompagnement : Id\u00e9al avec les poissons blancs et les fruits de mer.<\/em><\/p>\n","protected":false},"featured_media":27623,"template":"","meta":{"_acf_changed":false},"product_brand":[],"product_cat":[250,166,251],"product_tag":[],"class_list":{"0":"post-27472","1":"product","2":"type-product","3":"status-publish","4":"has-post-thumbnail","6":"product_cat-produits-alsace-noel","7":"product_cat-vente-de-noel","8":"product_cat-vins-noel-entraide","10":"first","11":"outofstock","12":"shipping-taxable","13":"purchasable","14":"product-type-simple"},"acf":[],"yoast_head":"<!-- This site is optimized with the Yoast SEO plugin v27.3 - https:\/\/yoast.com\/product\/yoast-seo-wordpress\/ -->\n<title>RIESLING LIEU-DIT &quot;ESESLFORCH&quot; | Entraide Fran\u00e7aise<\/title>\n<meta name=\"robots\" content=\"index, follow, max-snippet:-1, max-image-preview:large, max-video-preview:-1\" \/>\n<link rel=\"canonical\" href=\"https:\/\/lentraide.es\/fr\/tienda\/riesling\/\" \/>\n<meta property=\"og:locale\" content=\"fr_FR\" \/>\n<meta property=\"og:type\" content=\"article\" \/>\n<meta property=\"og:title\" content=\"RIESLING LIEU-DIT &quot;ESESLFORCH&quot; | Entraide Fran\u00e7aise\" \/>\n<meta property=\"og:description\" content=\"RIESLING LIEU-DIT &quot;ESESLFORCH&quot; &quot;Prix d&#039;Excellence&quot; aux Vinalies en 2017.  La composition du sol sablo-argileux lui conf\u00e8re une min\u00e9ralit\u00e9 cristalline tr\u00e8s particuli\u00e8re, qui s&#039;accentuera au fil du temps au cours du stockage de ce vin d&#039;exception.  Conservation : Il se d\u00e9guste d\u00e8s maintenant pour appr\u00e9cier sa fra\u00eecheur fruit\u00e9e. Cet Eselsforch montre une merveilleuse \u00e9volution dans les 5 prochaines ann\u00e9es.  Accompagnement : Id\u00e9al avec les poissons blancs et les fruits de mer.\" \/>\n<meta property=\"og:url\" content=\"https:\/\/lentraide.es\/fr\/tienda\/riesling\/\" \/>\n<meta property=\"og:site_name\" content=\"Entraide Fran\u00e7aise\" \/>\n<meta property=\"article:publisher\" content=\"https:\/\/www.facebook.com\/entraide.francaisemadrid\" \/>\n<meta property=\"article:modified_time\" content=\"2025-12-11T21:42:05+00:00\" \/>\n<meta property=\"og:image\" content=\"https:\/\/lentraide.es\/wp-content\/uploads\/2020\/11\/Riesling.png\" \/>\n\t<meta property=\"og:image:width\" content=\"300\" \/>\n\t<meta property=\"og:image:height\" content=\"600\" \/>\n\t<meta property=\"og:image:type\" content=\"image\/png\" \/>\n<meta name=\"twitter:card\" content=\"summary_large_image\" \/>\n<meta name=\"twitter:label1\" content=\"Tiempo de lectura\" \/>\n\t<meta name=\"twitter:data1\" content=\"1 minute\" \/>\n<script type=\"application\/ld+json\" class=\"yoast-schema-graph\">{\"@context\":\"https:\\\/\\\/schema.org\",\"@graph\":[{\"@type\":\"WebPage\",\"@id\":\"https:\\\/\\\/lentraide.es\\\/fr\\\/tienda\\\/riesling\\\/\",\"url\":\"https:\\\/\\\/lentraide.es\\\/fr\\\/tienda\\\/riesling\\\/\",\"name\":\"RIESLING LIEU-DIT \\\"ESESLFORCH\\\" | Entraide Fran\u00e7aise\",\"isPartOf\":{\"@id\":\"https:\\\/\\\/lentraide.es\\\/fr\\\/#website\"},\"primaryImageOfPage\":{\"@id\":\"https:\\\/\\\/lentraide.es\\\/fr\\\/tienda\\\/riesling\\\/#primaryimage\"},\"image\":{\"@id\":\"https:\\\/\\\/lentraide.es\\\/fr\\\/tienda\\\/riesling\\\/#primaryimage\"},\"thumbnailUrl\":\"https:\\\/\\\/lentraide.es\\\/wp-content\\\/uploads\\\/2020\\\/11\\\/Riesling.png\",\"datePublished\":\"2020-11-11T18:32:38+00:00\",\"dateModified\":\"2025-12-11T21:42:05+00:00\",\"breadcrumb\":{\"@id\":\"https:\\\/\\\/lentraide.es\\\/fr\\\/tienda\\\/riesling\\\/#breadcrumb\"},\"inLanguage\":\"es\",\"potentialAction\":[{\"@type\":\"ReadAction\",\"target\":[\"https:\\\/\\\/lentraide.es\\\/fr\\\/tienda\\\/riesling\\\/\"]}]},{\"@type\":\"ImageObject\",\"inLanguage\":\"es\",\"@id\":\"https:\\\/\\\/lentraide.es\\\/fr\\\/tienda\\\/riesling\\\/#primaryimage\",\"url\":\"https:\\\/\\\/lentraide.es\\\/wp-content\\\/uploads\\\/2020\\\/11\\\/Riesling.png\",\"contentUrl\":\"https:\\\/\\\/lentraide.es\\\/wp-content\\\/uploads\\\/2020\\\/11\\\/Riesling.png\",\"width\":300,\"height\":600},{\"@type\":\"BreadcrumbList\",\"@id\":\"https:\\\/\\\/lentraide.es\\\/fr\\\/tienda\\\/riesling\\\/#breadcrumb\",\"itemListElement\":[{\"@type\":\"ListItem\",\"position\":1,\"name\":\"Accueil\",\"item\":\"https:\\\/\\\/lentraide.es\\\/fr\\\/\"},{\"@type\":\"ListItem\",\"position\":2,\"name\":\"Boutique\",\"item\":\"https:\\\/\\\/lentraide.es\\\/fr\\\/boutique-new\\\/\"},{\"@type\":\"ListItem\",\"position\":3,\"name\":\"RIESLING LIEU-DIT \u00abESESLFORCH\u00a0\u00bb\"}]},{\"@type\":\"WebSite\",\"@id\":\"https:\\\/\\\/lentraide.es\\\/fr\\\/#website\",\"url\":\"https:\\\/\\\/lentraide.es\\\/fr\\\/\",\"name\":\"Entraide Fran\u00e7aise\",\"description\":\"Une main tendue vers la France\",\"publisher\":{\"@id\":\"https:\\\/\\\/lentraide.es\\\/fr\\\/#organization\"},\"alternateName\":\"L'entraide\",\"potentialAction\":[{\"@type\":\"SearchAction\",\"target\":{\"@type\":\"EntryPoint\",\"urlTemplate\":\"https:\\\/\\\/lentraide.es\\\/fr\\\/?s={search_term_string}\"},\"query-input\":{\"@type\":\"PropertyValueSpecification\",\"valueRequired\":true,\"valueName\":\"search_term_string\"}}],\"inLanguage\":\"es\"},{\"@type\":\"Organization\",\"@id\":\"https:\\\/\\\/lentraide.es\\\/fr\\\/#organization\",\"name\":\"Entraide Fran\u00e7aise\",\"alternateName\":\"L'entraide\",\"url\":\"https:\\\/\\\/lentraide.es\\\/fr\\\/\",\"logo\":{\"@type\":\"ImageObject\",\"inLanguage\":\"es\",\"@id\":\"https:\\\/\\\/lentraide.es\\\/fr\\\/#\\\/schema\\\/logo\\\/image\\\/\",\"url\":\"https:\\\/\\\/lentraide.es\\\/wp-content\\\/uploads\\\/2015\\\/07\\\/LOGO-azul2.png\",\"contentUrl\":\"https:\\\/\\\/lentraide.es\\\/wp-content\\\/uploads\\\/2015\\\/07\\\/LOGO-azul2.png\",\"width\":232,\"height\":146,\"caption\":\"Entraide Fran\u00e7aise\"},\"image\":{\"@id\":\"https:\\\/\\\/lentraide.es\\\/fr\\\/#\\\/schema\\\/logo\\\/image\\\/\"},\"sameAs\":[\"https:\\\/\\\/www.facebook.com\\\/entraide.francaisemadrid\",\"https:\\\/\\\/www.instagram.com\\\/entraidefrancaisemadrid\\\/\"]}]}<\/script>\n<!-- \/ Yoast SEO plugin. -->","yoast_head_json":{"title":"RIESLING LIEU-DIT \"ESESLFORCH\" | Entraide Fran\u00e7aise","robots":{"index":"index","follow":"follow","max-snippet":"max-snippet:-1","max-image-preview":"max-image-preview:large","max-video-preview":"max-video-preview:-1"},"canonical":"https:\/\/lentraide.es\/fr\/tienda\/riesling\/","og_locale":"fr_FR","og_type":"article","og_title":"RIESLING LIEU-DIT \"ESESLFORCH\" | Entraide Fran\u00e7aise","og_description":"RIESLING LIEU-DIT \"ESESLFORCH\" \"Prix d'Excellence\" aux Vinalies en 2017.  La composition du sol sablo-argileux lui conf\u00e8re une min\u00e9ralit\u00e9 cristalline tr\u00e8s particuli\u00e8re, qui s'accentuera au fil du temps au cours du stockage de ce vin d'exception.  Conservation : Il se d\u00e9guste d\u00e8s maintenant pour appr\u00e9cier sa fra\u00eecheur fruit\u00e9e. Cet Eselsforch montre une merveilleuse \u00e9volution dans les 5 prochaines ann\u00e9es.  Accompagnement : Id\u00e9al avec les poissons blancs et les fruits de mer.","og_url":"https:\/\/lentraide.es\/fr\/tienda\/riesling\/","og_site_name":"Entraide Fran\u00e7aise","article_publisher":"https:\/\/www.facebook.com\/entraide.francaisemadrid","article_modified_time":"2025-12-11T21:42:05+00:00","og_image":[{"width":300,"height":600,"url":"https:\/\/lentraide.es\/wp-content\/uploads\/2020\/11\/Riesling.png","type":"image\/png"}],"twitter_card":"summary_large_image","twitter_misc":{"Tiempo de lectura":"1 minute"},"schema":{"@context":"https:\/\/schema.org","@graph":[{"@type":"WebPage","@id":"https:\/\/lentraide.es\/fr\/tienda\/riesling\/","url":"https:\/\/lentraide.es\/fr\/tienda\/riesling\/","name":"RIESLING LIEU-DIT \"ESESLFORCH\" | Entraide Fran\u00e7aise","isPartOf":{"@id":"https:\/\/lentraide.es\/fr\/#website"},"primaryImageOfPage":{"@id":"https:\/\/lentraide.es\/fr\/tienda\/riesling\/#primaryimage"},"image":{"@id":"https:\/\/lentraide.es\/fr\/tienda\/riesling\/#primaryimage"},"thumbnailUrl":"https:\/\/lentraide.es\/wp-content\/uploads\/2020\/11\/Riesling.png","datePublished":"2020-11-11T18:32:38+00:00","dateModified":"2025-12-11T21:42:05+00:00","breadcrumb":{"@id":"https:\/\/lentraide.es\/fr\/tienda\/riesling\/#breadcrumb"},"inLanguage":"es","potentialAction":[{"@type":"ReadAction","target":["https:\/\/lentraide.es\/fr\/tienda\/riesling\/"]}]},{"@type":"ImageObject","inLanguage":"es","@id":"https:\/\/lentraide.es\/fr\/tienda\/riesling\/#primaryimage","url":"https:\/\/lentraide.es\/wp-content\/uploads\/2020\/11\/Riesling.png","contentUrl":"https:\/\/lentraide.es\/wp-content\/uploads\/2020\/11\/Riesling.png","width":300,"height":600},{"@type":"BreadcrumbList","@id":"https:\/\/lentraide.es\/fr\/tienda\/riesling\/#breadcrumb","itemListElement":[{"@type":"ListItem","position":1,"name":"Accueil","item":"https:\/\/lentraide.es\/fr\/"},{"@type":"ListItem","position":2,"name":"Boutique","item":"https:\/\/lentraide.es\/fr\/boutique-new\/"},{"@type":"ListItem","position":3,"name":"RIESLING LIEU-DIT \u00abESESLFORCH\u00a0\u00bb"}]},{"@type":"WebSite","@id":"https:\/\/lentraide.es\/fr\/#website","url":"https:\/\/lentraide.es\/fr\/","name":"Entraide Fran\u00e7aise","description":"Une main tendue vers la France","publisher":{"@id":"https:\/\/lentraide.es\/fr\/#organization"},"alternateName":"L'entraide","potentialAction":[{"@type":"SearchAction","target":{"@type":"EntryPoint","urlTemplate":"https:\/\/lentraide.es\/fr\/?s={search_term_string}"},"query-input":{"@type":"PropertyValueSpecification","valueRequired":true,"valueName":"search_term_string"}}],"inLanguage":"es"},{"@type":"Organization","@id":"https:\/\/lentraide.es\/fr\/#organization","name":"Entraide Fran\u00e7aise","alternateName":"L'entraide","url":"https:\/\/lentraide.es\/fr\/","logo":{"@type":"ImageObject","inLanguage":"es","@id":"https:\/\/lentraide.es\/fr\/#\/schema\/logo\/image\/","url":"https:\/\/lentraide.es\/wp-content\/uploads\/2015\/07\/LOGO-azul2.png","contentUrl":"https:\/\/lentraide.es\/wp-content\/uploads\/2015\/07\/LOGO-azul2.png","width":232,"height":146,"caption":"Entraide Fran\u00e7aise"},"image":{"@id":"https:\/\/lentraide.es\/fr\/#\/schema\/logo\/image\/"},"sameAs":["https:\/\/www.facebook.com\/entraide.francaisemadrid","https:\/\/www.instagram.com\/entraidefrancaisemadrid\/"]}]}},"_links":{"self":[{"href":"https:\/\/lentraide.es\/fr\/wp-json\/wp\/v2\/product\/27472","targetHints":{"allow":["GET"]}}],"collection":[{"href":"https:\/\/lentraide.es\/fr\/wp-json\/wp\/v2\/product"}],"about":[{"href":"https:\/\/lentraide.es\/fr\/wp-json\/wp\/v2\/types\/product"}],"wp:featuredmedia":[{"embeddable":true,"href":"https:\/\/lentraide.es\/fr\/wp-json\/wp\/v2\/media\/27623"}],"wp:attachment":[{"href":"https:\/\/lentraide.es\/fr\/wp-json\/wp\/v2\/media?parent=27472"}],"wp:term":[{"taxonomy":"product_brand","embeddable":true,"href":"https:\/\/lentraide.es\/fr\/wp-json\/wp\/v2\/product_brand?post=27472"},{"taxonomy":"product_cat","embeddable":true,"href":"https:\/\/lentraide.es\/fr\/wp-json\/wp\/v2\/product_cat?post=27472"},{"taxonomy":"product_tag","embeddable":true,"href":"https:\/\/lentraide.es\/fr\/wp-json\/wp\/v2\/product_tag?post=27472"}],"curies":[{"name":"wp","href":"https:\/\/api.w.org\/{rel}","templated":true}]}}