{"id":27473,"date":"2020-11-11T19:34:12","date_gmt":"2020-11-11T18:34:12","guid":{"rendered":"https:\/\/lentraide.es\/?post_type=product&#038;p=27473"},"modified":"2025-12-11T22:42:04","modified_gmt":"2025-12-11T21:42:04","slug":"pinot-gris","status":"publish","type":"product","link":"https:\/\/lentraide.es\/fr\/tienda\/pinot-gris\/","title":{"rendered":"PINOT GRIS HIMMRICH"},"content":{"rendered":"<p>Lieu de production : R\u00e9gion viticole de Cl\u00e9ebourg, villages de Cl\u00e9ebourg, Rott Steinseltz, Wissembourg, Oberhoffen, Riedseltz (Alsace)<\/p>\n<p>C\u00e9page : 100% Pinot Gris, vignes de plus de 25 ans.<\/p>\n<p>Robe jaune paille brillante aux reflets dor\u00e9s constants.<br \/>\nNez d&rsquo;une intensit\u00e9 et d&rsquo;une grande complexit\u00e9 aromatique qui offre un m\u00e9lange d&rsquo;ar\u00f4mes fruit\u00e9s de p\u00eache et coing, aux ar\u00f4mes fum\u00e9s et grill\u00e9s.<br \/>\nDot\u00e9e d&rsquo;une structure \u00e9quilibr\u00e9e avec un c\u00f4t\u00e9 soyeux en bouche, il r\u00e9veille des saveurs de sous-bois auquel s&rsquo;associent des notes d&rsquo;agrumes pour donner un ensemble d&rsquo;une grande \u00e9l\u00e9gance.<\/p>\n","protected":false},"excerpt":{"rendered":"<h4 style=\"text-align: center;\"><strong>PINOT GRIS HIMMRICH 2017<\/strong><\/h4>\n<p><strong>Un \u00e9quilibre harmonieux et une finale structur\u00e9e le rendent tr\u00e8s gastronomique et capable de <\/strong><strong>faire partie de tr\u00e8s beaux accompagnements.<\/strong><\/p>\n<p>Conservation: Se d\u00e9guste d\u00e8s maintenant, mais poursuivra son am\u00e9lioration dans votre cave pendant au moins les 5 \u00e0 7 prochaines ann\u00e9es.<\/p>\n<p><em>Avec poissons en sauce, gibier \u00e0 plumes, viandes rouges, foie gras. Aussi tr\u00e8s appr\u00e9ci\u00e9 \u00e0 l&rsquo;ap\u00e9ritif.<\/em><\/p>\n","protected":false},"featured_media":27621,"template":"","meta":{"_acf_changed":false},"product_brand":[],"product_cat":[250,166,251],"product_tag":[],"class_list":{"0":"post-27473","1":"product","2":"type-product","3":"status-publish","4":"has-post-thumbnail","6":"product_cat-produits-alsace-noel","7":"product_cat-vente-de-noel","8":"product_cat-vins-noel-entraide","10":"first","11":"outofstock","12":"shipping-taxable","13":"purchasable","14":"product-type-simple"},"acf":[],"yoast_head":"<!-- This site is optimized with the Yoast SEO plugin v27.3 - https:\/\/yoast.com\/product\/yoast-seo-wordpress\/ -->\n<title>PINOT GRIS HIMMRICH | Entraide Fran\u00e7aise<\/title>\n<meta name=\"robots\" content=\"index, follow, max-snippet:-1, max-image-preview:large, max-video-preview:-1\" \/>\n<link rel=\"canonical\" href=\"https:\/\/lentraide.es\/fr\/tienda\/pinot-gris\/\" \/>\n<meta property=\"og:locale\" content=\"fr_FR\" \/>\n<meta property=\"og:type\" content=\"article\" \/>\n<meta property=\"og:title\" content=\"PINOT GRIS HIMMRICH | Entraide Fran\u00e7aise\" \/>\n<meta property=\"og:description\" content=\"PINOT GRIS HIMMRICH 2017 Un \u00e9quilibre harmonieux et une finale structur\u00e9e le rendent tr\u00e8s gastronomique et capable de faire partie de tr\u00e8s beaux accompagnements.  Conservation: Se d\u00e9guste d\u00e8s maintenant, mais poursuivra son am\u00e9lioration dans votre cave pendant au moins les 5 \u00e0 7 prochaines ann\u00e9es.  Avec poissons en sauce, gibier \u00e0 plumes, viandes rouges, foie gras. Aussi tr\u00e8s appr\u00e9ci\u00e9 \u00e0 l&#039;ap\u00e9ritif.\" \/>\n<meta property=\"og:url\" content=\"https:\/\/lentraide.es\/fr\/tienda\/pinot-gris\/\" \/>\n<meta property=\"og:site_name\" content=\"Entraide Fran\u00e7aise\" \/>\n<meta property=\"article:publisher\" content=\"https:\/\/www.facebook.com\/entraide.francaisemadrid\" \/>\n<meta property=\"article:modified_time\" content=\"2025-12-11T21:42:04+00:00\" \/>\n<meta property=\"og:image\" content=\"https:\/\/lentraide.es\/wp-content\/uploads\/2020\/11\/Pinot-Gris.png\" \/>\n\t<meta property=\"og:image:width\" content=\"300\" \/>\n\t<meta property=\"og:image:height\" content=\"600\" \/>\n\t<meta property=\"og:image:type\" content=\"image\/png\" \/>\n<meta name=\"twitter:card\" content=\"summary_large_image\" \/>\n<meta name=\"twitter:label1\" content=\"Tiempo de lectura\" \/>\n\t<meta name=\"twitter:data1\" content=\"1 minute\" \/>\n<script type=\"application\/ld+json\" class=\"yoast-schema-graph\">{\"@context\":\"https:\\\/\\\/schema.org\",\"@graph\":[{\"@type\":\"WebPage\",\"@id\":\"https:\\\/\\\/lentraide.es\\\/fr\\\/tienda\\\/pinot-gris\\\/\",\"url\":\"https:\\\/\\\/lentraide.es\\\/fr\\\/tienda\\\/pinot-gris\\\/\",\"name\":\"PINOT GRIS HIMMRICH | Entraide Fran\u00e7aise\",\"isPartOf\":{\"@id\":\"https:\\\/\\\/lentraide.es\\\/fr\\\/#website\"},\"primaryImageOfPage\":{\"@id\":\"https:\\\/\\\/lentraide.es\\\/fr\\\/tienda\\\/pinot-gris\\\/#primaryimage\"},\"image\":{\"@id\":\"https:\\\/\\\/lentraide.es\\\/fr\\\/tienda\\\/pinot-gris\\\/#primaryimage\"},\"thumbnailUrl\":\"https:\\\/\\\/lentraide.es\\\/wp-content\\\/uploads\\\/2020\\\/11\\\/Pinot-Gris.png\",\"datePublished\":\"2020-11-11T18:34:12+00:00\",\"dateModified\":\"2025-12-11T21:42:04+00:00\",\"breadcrumb\":{\"@id\":\"https:\\\/\\\/lentraide.es\\\/fr\\\/tienda\\\/pinot-gris\\\/#breadcrumb\"},\"inLanguage\":\"es\",\"potentialAction\":[{\"@type\":\"ReadAction\",\"target\":[\"https:\\\/\\\/lentraide.es\\\/fr\\\/tienda\\\/pinot-gris\\\/\"]}]},{\"@type\":\"ImageObject\",\"inLanguage\":\"es\",\"@id\":\"https:\\\/\\\/lentraide.es\\\/fr\\\/tienda\\\/pinot-gris\\\/#primaryimage\",\"url\":\"https:\\\/\\\/lentraide.es\\\/wp-content\\\/uploads\\\/2020\\\/11\\\/Pinot-Gris.png\",\"contentUrl\":\"https:\\\/\\\/lentraide.es\\\/wp-content\\\/uploads\\\/2020\\\/11\\\/Pinot-Gris.png\",\"width\":300,\"height\":600},{\"@type\":\"BreadcrumbList\",\"@id\":\"https:\\\/\\\/lentraide.es\\\/fr\\\/tienda\\\/pinot-gris\\\/#breadcrumb\",\"itemListElement\":[{\"@type\":\"ListItem\",\"position\":1,\"name\":\"Accueil\",\"item\":\"https:\\\/\\\/lentraide.es\\\/fr\\\/\"},{\"@type\":\"ListItem\",\"position\":2,\"name\":\"Boutique\",\"item\":\"https:\\\/\\\/lentraide.es\\\/fr\\\/boutique-new\\\/\"},{\"@type\":\"ListItem\",\"position\":3,\"name\":\"PINOT GRIS HIMMRICH\"}]},{\"@type\":\"WebSite\",\"@id\":\"https:\\\/\\\/lentraide.es\\\/fr\\\/#website\",\"url\":\"https:\\\/\\\/lentraide.es\\\/fr\\\/\",\"name\":\"Entraide Fran\u00e7aise\",\"description\":\"Une main tendue vers la France\",\"publisher\":{\"@id\":\"https:\\\/\\\/lentraide.es\\\/fr\\\/#organization\"},\"alternateName\":\"L'entraide\",\"potentialAction\":[{\"@type\":\"SearchAction\",\"target\":{\"@type\":\"EntryPoint\",\"urlTemplate\":\"https:\\\/\\\/lentraide.es\\\/fr\\\/?s={search_term_string}\"},\"query-input\":{\"@type\":\"PropertyValueSpecification\",\"valueRequired\":true,\"valueName\":\"search_term_string\"}}],\"inLanguage\":\"es\"},{\"@type\":\"Organization\",\"@id\":\"https:\\\/\\\/lentraide.es\\\/fr\\\/#organization\",\"name\":\"Entraide Fran\u00e7aise\",\"alternateName\":\"L'entraide\",\"url\":\"https:\\\/\\\/lentraide.es\\\/fr\\\/\",\"logo\":{\"@type\":\"ImageObject\",\"inLanguage\":\"es\",\"@id\":\"https:\\\/\\\/lentraide.es\\\/fr\\\/#\\\/schema\\\/logo\\\/image\\\/\",\"url\":\"https:\\\/\\\/lentraide.es\\\/wp-content\\\/uploads\\\/2015\\\/07\\\/LOGO-azul2.png\",\"contentUrl\":\"https:\\\/\\\/lentraide.es\\\/wp-content\\\/uploads\\\/2015\\\/07\\\/LOGO-azul2.png\",\"width\":232,\"height\":146,\"caption\":\"Entraide Fran\u00e7aise\"},\"image\":{\"@id\":\"https:\\\/\\\/lentraide.es\\\/fr\\\/#\\\/schema\\\/logo\\\/image\\\/\"},\"sameAs\":[\"https:\\\/\\\/www.facebook.com\\\/entraide.francaisemadrid\",\"https:\\\/\\\/www.instagram.com\\\/entraidefrancaisemadrid\\\/\"]}]}<\/script>\n<!-- \/ Yoast SEO plugin. -->","yoast_head_json":{"title":"PINOT GRIS HIMMRICH | Entraide Fran\u00e7aise","robots":{"index":"index","follow":"follow","max-snippet":"max-snippet:-1","max-image-preview":"max-image-preview:large","max-video-preview":"max-video-preview:-1"},"canonical":"https:\/\/lentraide.es\/fr\/tienda\/pinot-gris\/","og_locale":"fr_FR","og_type":"article","og_title":"PINOT GRIS HIMMRICH | Entraide Fran\u00e7aise","og_description":"PINOT GRIS HIMMRICH 2017 Un \u00e9quilibre harmonieux et une finale structur\u00e9e le rendent tr\u00e8s gastronomique et capable de faire partie de tr\u00e8s beaux accompagnements.  Conservation: Se d\u00e9guste d\u00e8s maintenant, mais poursuivra son am\u00e9lioration dans votre cave pendant au moins les 5 \u00e0 7 prochaines ann\u00e9es.  Avec poissons en sauce, gibier \u00e0 plumes, viandes rouges, foie gras. Aussi tr\u00e8s appr\u00e9ci\u00e9 \u00e0 l'ap\u00e9ritif.","og_url":"https:\/\/lentraide.es\/fr\/tienda\/pinot-gris\/","og_site_name":"Entraide Fran\u00e7aise","article_publisher":"https:\/\/www.facebook.com\/entraide.francaisemadrid","article_modified_time":"2025-12-11T21:42:04+00:00","og_image":[{"width":300,"height":600,"url":"https:\/\/lentraide.es\/wp-content\/uploads\/2020\/11\/Pinot-Gris.png","type":"image\/png"}],"twitter_card":"summary_large_image","twitter_misc":{"Tiempo de lectura":"1 minute"},"schema":{"@context":"https:\/\/schema.org","@graph":[{"@type":"WebPage","@id":"https:\/\/lentraide.es\/fr\/tienda\/pinot-gris\/","url":"https:\/\/lentraide.es\/fr\/tienda\/pinot-gris\/","name":"PINOT GRIS HIMMRICH | Entraide Fran\u00e7aise","isPartOf":{"@id":"https:\/\/lentraide.es\/fr\/#website"},"primaryImageOfPage":{"@id":"https:\/\/lentraide.es\/fr\/tienda\/pinot-gris\/#primaryimage"},"image":{"@id":"https:\/\/lentraide.es\/fr\/tienda\/pinot-gris\/#primaryimage"},"thumbnailUrl":"https:\/\/lentraide.es\/wp-content\/uploads\/2020\/11\/Pinot-Gris.png","datePublished":"2020-11-11T18:34:12+00:00","dateModified":"2025-12-11T21:42:04+00:00","breadcrumb":{"@id":"https:\/\/lentraide.es\/fr\/tienda\/pinot-gris\/#breadcrumb"},"inLanguage":"es","potentialAction":[{"@type":"ReadAction","target":["https:\/\/lentraide.es\/fr\/tienda\/pinot-gris\/"]}]},{"@type":"ImageObject","inLanguage":"es","@id":"https:\/\/lentraide.es\/fr\/tienda\/pinot-gris\/#primaryimage","url":"https:\/\/lentraide.es\/wp-content\/uploads\/2020\/11\/Pinot-Gris.png","contentUrl":"https:\/\/lentraide.es\/wp-content\/uploads\/2020\/11\/Pinot-Gris.png","width":300,"height":600},{"@type":"BreadcrumbList","@id":"https:\/\/lentraide.es\/fr\/tienda\/pinot-gris\/#breadcrumb","itemListElement":[{"@type":"ListItem","position":1,"name":"Accueil","item":"https:\/\/lentraide.es\/fr\/"},{"@type":"ListItem","position":2,"name":"Boutique","item":"https:\/\/lentraide.es\/fr\/boutique-new\/"},{"@type":"ListItem","position":3,"name":"PINOT GRIS HIMMRICH"}]},{"@type":"WebSite","@id":"https:\/\/lentraide.es\/fr\/#website","url":"https:\/\/lentraide.es\/fr\/","name":"Entraide Fran\u00e7aise","description":"Une main tendue vers la France","publisher":{"@id":"https:\/\/lentraide.es\/fr\/#organization"},"alternateName":"L'entraide","potentialAction":[{"@type":"SearchAction","target":{"@type":"EntryPoint","urlTemplate":"https:\/\/lentraide.es\/fr\/?s={search_term_string}"},"query-input":{"@type":"PropertyValueSpecification","valueRequired":true,"valueName":"search_term_string"}}],"inLanguage":"es"},{"@type":"Organization","@id":"https:\/\/lentraide.es\/fr\/#organization","name":"Entraide Fran\u00e7aise","alternateName":"L'entraide","url":"https:\/\/lentraide.es\/fr\/","logo":{"@type":"ImageObject","inLanguage":"es","@id":"https:\/\/lentraide.es\/fr\/#\/schema\/logo\/image\/","url":"https:\/\/lentraide.es\/wp-content\/uploads\/2015\/07\/LOGO-azul2.png","contentUrl":"https:\/\/lentraide.es\/wp-content\/uploads\/2015\/07\/LOGO-azul2.png","width":232,"height":146,"caption":"Entraide Fran\u00e7aise"},"image":{"@id":"https:\/\/lentraide.es\/fr\/#\/schema\/logo\/image\/"},"sameAs":["https:\/\/www.facebook.com\/entraide.francaisemadrid","https:\/\/www.instagram.com\/entraidefrancaisemadrid\/"]}]}},"_links":{"self":[{"href":"https:\/\/lentraide.es\/fr\/wp-json\/wp\/v2\/product\/27473","targetHints":{"allow":["GET"]}}],"collection":[{"href":"https:\/\/lentraide.es\/fr\/wp-json\/wp\/v2\/product"}],"about":[{"href":"https:\/\/lentraide.es\/fr\/wp-json\/wp\/v2\/types\/product"}],"wp:featuredmedia":[{"embeddable":true,"href":"https:\/\/lentraide.es\/fr\/wp-json\/wp\/v2\/media\/27621"}],"wp:attachment":[{"href":"https:\/\/lentraide.es\/fr\/wp-json\/wp\/v2\/media?parent=27473"}],"wp:term":[{"taxonomy":"product_brand","embeddable":true,"href":"https:\/\/lentraide.es\/fr\/wp-json\/wp\/v2\/product_brand?post=27473"},{"taxonomy":"product_cat","embeddable":true,"href":"https:\/\/lentraide.es\/fr\/wp-json\/wp\/v2\/product_cat?post=27473"},{"taxonomy":"product_tag","embeddable":true,"href":"https:\/\/lentraide.es\/fr\/wp-json\/wp\/v2\/product_tag?post=27473"}],"curies":[{"name":"wp","href":"https:\/\/api.w.org\/{rel}","templated":true}]}}