{"id":34958,"date":"2023-11-01T13:00:04","date_gmt":"2023-11-01T12:00:04","guid":{"rendered":"https:\/\/lentraide.es\/?post_type=product&#038;p=34958"},"modified":"2025-12-28T23:45:40","modified_gmt":"2025-12-28T22:45:40","slug":"huitres-2","status":"publish","type":"product","link":"https:\/\/lentraide.es\/fr\/tienda\/huitres-2\/","title":{"rendered":"Hu\u00eetres n\u00ba 2"},"content":{"rendered":"<p><strong>Zone de p\u00eache :<\/strong> La Tremblade (Charente Maritime)<\/p>\n<p><strong>Esp\u00e8ce :<\/strong> Hu\u00eetre Fine de Claire<\/p>\n<p>Ces hu\u00eetres de taille sup\u00e9rieure, id\u00e9ales en entr\u00e9e ou pour des recettes d\u2019hu\u00eetres chaudes.<\/p>\n<p>Ce bivalve, est \u00e9galement id\u00e9al pour la composition d\u2019un plateau de fruits de mer pour \u00eatre d\u00e9gust\u00e9es seules accompagn\u00e9es de vins et de sauce \u00e0 l\u2019\u00e9chalote par exemple.<\/p>\n<p>C\u2019est pour cela que la Fine de Claire n\u00b02 est id\u00e9ale pour les amateurs d\u2019hu\u00eetres charnues au bon go\u00fbt iod\u00e9.<\/p>\n<p>Nos hu\u00eetres sont conditionn\u00e9es dans des bourriches \u00e0 plat afin de maintenir leur niveau d\u2019eau et ainsi pr\u00e9server leur fra\u00eecheur. C\u2019est gr\u00e2ce \u00e0 ce syst\u00e8me que les hu\u00eetres offrent un go\u00fbt iod\u00e9.<\/p>\n","protected":false},"excerpt":{"rendered":"<p><strong>HUITRES de La Tremblade &#8211; Bourriche de 24 pi\u00e8ces (Fines de Claire n\u00ba 2)<\/strong><\/p>\n<p>Ces hu\u00eetres de taille sup\u00e9rieure, id\u00e9ales en entr\u00e9e ou pour des recettes d\u2019hu\u00eetres chaudes vous sont livr\u00e9es en bourriche de 24 pi\u00e8ces pour conserver toute leur fra\u00eecheur et leurs saveurs.<\/p>\n<p>Un voyage gustatif garanti !<\/p>\n<p>Cultiv\u00e9es dans la grande tradition ostr\u00e9icole de la famille GEAY de La Tremblade, \u00e0 d\u00e9guster sans mod\u00e9ration.<\/p>\n<p>&nbsp;<\/p>\n<p><strong>ATTENTION : Choisissez bien votre option d\u2019enl\u00e8vement du produit<\/strong>,<\/p>\n<ul>\n<li><strong>soit le 14 d\u00e9cembre<\/strong> sur le Stand\u00a0 du March\u00e9 de No\u00ebl\u00a0(date limite de commande le 9 d\u00e9cembre)<\/li>\n<li>\n<div role=\"presentation\">soit\u00a0<b>le mercredi 24 d\u00e9cembre\u00a0<\/b>de\u00a012 heures\u00e0 14 heures,\u00a0\u00e0 la salle Blanche de Castille, Saint Louis de Fran\u00e7ais, Calle de Padilla 9 , 28006 Madrid (Barrio de Salamanca)<\/div>\n<\/li>\n<li>\n<div role=\"presentation\">soit\u00a0l<b>e mercredi 31 d\u00e9cembre<\/b>\u00a0de\u00a012 heures\u00a0\u00e0 14 heures,\u00a0\u00e0 la salle Blanche de Castille, Saint Louis de Fran\u00e7ais, Calle de Padilla 9 , 28006 Madrid (Barrio de Salamanca)<\/div>\n<\/li>\n<\/ul>\n","protected":false},"featured_media":35402,"template":"","meta":{"_acf_changed":false},"product_brand":[],"product_cat":[245,166],"product_tag":[],"class_list":{"0":"post-34958","1":"product","2":"type-product","3":"status-publish","4":"has-post-thumbnail","6":"product_cat-huitres-noel","7":"product_cat-vente-de-noel","9":"first","10":"outofstock","11":"shipping-taxable","12":"purchasable","13":"product-type-variable","14":"has-default-attributes"},"acf":[],"yoast_head":"<!-- This site is optimized with the Yoast SEO plugin v27.3 - https:\/\/yoast.com\/product\/yoast-seo-wordpress\/ -->\n<title>Hu\u00eetres n\u00ba 2 | Entraide Fran\u00e7aise<\/title>\n<meta name=\"robots\" content=\"index, follow, max-snippet:-1, max-image-preview:large, max-video-preview:-1\" \/>\n<link rel=\"canonical\" href=\"https:\/\/lentraide.es\/fr\/tienda\/huitres-2\/\" \/>\n<meta property=\"og:locale\" content=\"fr_FR\" \/>\n<meta property=\"og:type\" content=\"article\" \/>\n<meta property=\"og:title\" content=\"Hu\u00eetres n\u00ba 2 | Entraide Fran\u00e7aise\" \/>\n<meta property=\"og:description\" content=\"HUITRES de La Tremblade - Bourriche de 24 pi\u00e8ces (Fines de Claire n\u00ba 2)  Ces hu\u00eetres de taille sup\u00e9rieure, id\u00e9ales en entr\u00e9e ou pour des recettes d\u2019hu\u00eetres chaudes vous sont livr\u00e9es en bourriche de 24 pi\u00e8ces pour conserver toute leur fra\u00eecheur et leurs saveurs.  Un voyage gustatif garanti !  Cultiv\u00e9es dans la grande tradition ostr\u00e9icole de la famille GEAY de La Tremblade, \u00e0 d\u00e9guster sans mod\u00e9ration.  &nbsp;  ATTENTION : Choisissez bien votre option d\u2019enl\u00e8vement du produit,   soit le 14 d\u00e9cembre sur le Stand\u00a0 du March\u00e9 de No\u00ebl\u00a0(date limite de commande le 9 d\u00e9cembre)   soit\u00a0le mercredi 24 d\u00e9cembre\u00a0de\u00a012 heures\u00e0 14 heures,\u00a0\u00e0 la salle Blanche de Castille, Saint Louis de Fran\u00e7ais, Calle de Padilla 9 , 28006 Madrid (Barrio de Salamanca)   soit\u00a0le mercredi 31 d\u00e9cembre\u00a0de\u00a012 heures\u00a0\u00e0 14 heures,\u00a0\u00e0 la salle Blanche de Castille, Saint Louis de Fran\u00e7ais, Calle de Padilla 9 , 28006 Madrid (Barrio de Salamanca)\" \/>\n<meta property=\"og:url\" content=\"https:\/\/lentraide.es\/fr\/tienda\/huitres-2\/\" \/>\n<meta property=\"og:site_name\" content=\"Entraide Fran\u00e7aise\" \/>\n<meta property=\"article:publisher\" content=\"https:\/\/www.facebook.com\/entraide.francaisemadrid\" \/>\n<meta property=\"article:modified_time\" content=\"2025-12-28T22:45:40+00:00\" \/>\n<meta property=\"og:image\" content=\"https:\/\/lentraide.es\/wp-content\/uploads\/2020\/10\/huitre-_creuse_ouverte_catalogue-578x434-1.jpg\" \/>\n\t<meta property=\"og:image:width\" content=\"434\" \/>\n\t<meta property=\"og:image:height\" content=\"433\" \/>\n\t<meta property=\"og:image:type\" content=\"image\/jpeg\" \/>\n<meta name=\"twitter:card\" content=\"summary_large_image\" \/>\n<meta name=\"twitter:label1\" content=\"Tiempo de lectura\" \/>\n\t<meta name=\"twitter:data1\" content=\"1 minute\" \/>\n<script type=\"application\/ld+json\" class=\"yoast-schema-graph\">{\"@context\":\"https:\\\/\\\/schema.org\",\"@graph\":[{\"@type\":\"WebPage\",\"@id\":\"https:\\\/\\\/lentraide.es\\\/fr\\\/tienda\\\/huitres-2\\\/\",\"url\":\"https:\\\/\\\/lentraide.es\\\/fr\\\/tienda\\\/huitres-2\\\/\",\"name\":\"Hu\u00eetres n\u00ba 2 | Entraide Fran\u00e7aise\",\"isPartOf\":{\"@id\":\"https:\\\/\\\/lentraide.es\\\/fr\\\/#website\"},\"primaryImageOfPage\":{\"@id\":\"https:\\\/\\\/lentraide.es\\\/fr\\\/tienda\\\/huitres-2\\\/#primaryimage\"},\"image\":{\"@id\":\"https:\\\/\\\/lentraide.es\\\/fr\\\/tienda\\\/huitres-2\\\/#primaryimage\"},\"thumbnailUrl\":\"https:\\\/\\\/lentraide.es\\\/wp-content\\\/uploads\\\/2020\\\/10\\\/huitre-_creuse_ouverte_catalogue-578x434-1.jpg\",\"datePublished\":\"2023-11-01T12:00:04+00:00\",\"dateModified\":\"2025-12-28T22:45:40+00:00\",\"breadcrumb\":{\"@id\":\"https:\\\/\\\/lentraide.es\\\/fr\\\/tienda\\\/huitres-2\\\/#breadcrumb\"},\"inLanguage\":\"es\",\"potentialAction\":[{\"@type\":\"ReadAction\",\"target\":[\"https:\\\/\\\/lentraide.es\\\/fr\\\/tienda\\\/huitres-2\\\/\"]}]},{\"@type\":\"ImageObject\",\"inLanguage\":\"es\",\"@id\":\"https:\\\/\\\/lentraide.es\\\/fr\\\/tienda\\\/huitres-2\\\/#primaryimage\",\"url\":\"https:\\\/\\\/lentraide.es\\\/wp-content\\\/uploads\\\/2020\\\/10\\\/huitre-_creuse_ouverte_catalogue-578x434-1.jpg\",\"contentUrl\":\"https:\\\/\\\/lentraide.es\\\/wp-content\\\/uploads\\\/2020\\\/10\\\/huitre-_creuse_ouverte_catalogue-578x434-1.jpg\",\"width\":434,\"height\":433},{\"@type\":\"BreadcrumbList\",\"@id\":\"https:\\\/\\\/lentraide.es\\\/fr\\\/tienda\\\/huitres-2\\\/#breadcrumb\",\"itemListElement\":[{\"@type\":\"ListItem\",\"position\":1,\"name\":\"Accueil\",\"item\":\"https:\\\/\\\/lentraide.es\\\/fr\\\/\"},{\"@type\":\"ListItem\",\"position\":2,\"name\":\"Boutique\",\"item\":\"https:\\\/\\\/lentraide.es\\\/fr\\\/boutique-new\\\/\"},{\"@type\":\"ListItem\",\"position\":3,\"name\":\"Hu\u00eetres n\u00ba 2\"}]},{\"@type\":\"WebSite\",\"@id\":\"https:\\\/\\\/lentraide.es\\\/fr\\\/#website\",\"url\":\"https:\\\/\\\/lentraide.es\\\/fr\\\/\",\"name\":\"Entraide Fran\u00e7aise\",\"description\":\"Une main tendue vers la France\",\"publisher\":{\"@id\":\"https:\\\/\\\/lentraide.es\\\/fr\\\/#organization\"},\"alternateName\":\"L'entraide\",\"potentialAction\":[{\"@type\":\"SearchAction\",\"target\":{\"@type\":\"EntryPoint\",\"urlTemplate\":\"https:\\\/\\\/lentraide.es\\\/fr\\\/?s={search_term_string}\"},\"query-input\":{\"@type\":\"PropertyValueSpecification\",\"valueRequired\":true,\"valueName\":\"search_term_string\"}}],\"inLanguage\":\"es\"},{\"@type\":\"Organization\",\"@id\":\"https:\\\/\\\/lentraide.es\\\/fr\\\/#organization\",\"name\":\"Entraide Fran\u00e7aise\",\"alternateName\":\"L'entraide\",\"url\":\"https:\\\/\\\/lentraide.es\\\/fr\\\/\",\"logo\":{\"@type\":\"ImageObject\",\"inLanguage\":\"es\",\"@id\":\"https:\\\/\\\/lentraide.es\\\/fr\\\/#\\\/schema\\\/logo\\\/image\\\/\",\"url\":\"https:\\\/\\\/lentraide.es\\\/wp-content\\\/uploads\\\/2015\\\/07\\\/LOGO-azul2.png\",\"contentUrl\":\"https:\\\/\\\/lentraide.es\\\/wp-content\\\/uploads\\\/2015\\\/07\\\/LOGO-azul2.png\",\"width\":232,\"height\":146,\"caption\":\"Entraide Fran\u00e7aise\"},\"image\":{\"@id\":\"https:\\\/\\\/lentraide.es\\\/fr\\\/#\\\/schema\\\/logo\\\/image\\\/\"},\"sameAs\":[\"https:\\\/\\\/www.facebook.com\\\/entraide.francaisemadrid\",\"https:\\\/\\\/www.instagram.com\\\/entraidefrancaisemadrid\\\/\"]}]}<\/script>\n<!-- \/ Yoast SEO plugin. -->","yoast_head_json":{"title":"Hu\u00eetres n\u00ba 2 | Entraide Fran\u00e7aise","robots":{"index":"index","follow":"follow","max-snippet":"max-snippet:-1","max-image-preview":"max-image-preview:large","max-video-preview":"max-video-preview:-1"},"canonical":"https:\/\/lentraide.es\/fr\/tienda\/huitres-2\/","og_locale":"fr_FR","og_type":"article","og_title":"Hu\u00eetres n\u00ba 2 | Entraide Fran\u00e7aise","og_description":"HUITRES de La Tremblade - Bourriche de 24 pi\u00e8ces (Fines de Claire n\u00ba 2)  Ces hu\u00eetres de taille sup\u00e9rieure, id\u00e9ales en entr\u00e9e ou pour des recettes d\u2019hu\u00eetres chaudes vous sont livr\u00e9es en bourriche de 24 pi\u00e8ces pour conserver toute leur fra\u00eecheur et leurs saveurs.  Un voyage gustatif garanti !  Cultiv\u00e9es dans la grande tradition ostr\u00e9icole de la famille GEAY de La Tremblade, \u00e0 d\u00e9guster sans mod\u00e9ration.  &nbsp;  ATTENTION : Choisissez bien votre option d\u2019enl\u00e8vement du produit,   soit le 14 d\u00e9cembre sur le Stand\u00a0 du March\u00e9 de No\u00ebl\u00a0(date limite de commande le 9 d\u00e9cembre)   soit\u00a0le mercredi 24 d\u00e9cembre\u00a0de\u00a012 heures\u00e0 14 heures,\u00a0\u00e0 la salle Blanche de Castille, Saint Louis de Fran\u00e7ais, Calle de Padilla 9 , 28006 Madrid (Barrio de Salamanca)   soit\u00a0le mercredi 31 d\u00e9cembre\u00a0de\u00a012 heures\u00a0\u00e0 14 heures,\u00a0\u00e0 la salle Blanche de Castille, Saint Louis de Fran\u00e7ais, Calle de Padilla 9 , 28006 Madrid (Barrio de Salamanca)","og_url":"https:\/\/lentraide.es\/fr\/tienda\/huitres-2\/","og_site_name":"Entraide Fran\u00e7aise","article_publisher":"https:\/\/www.facebook.com\/entraide.francaisemadrid","article_modified_time":"2025-12-28T22:45:40+00:00","og_image":[{"width":434,"height":433,"url":"https:\/\/lentraide.es\/wp-content\/uploads\/2020\/10\/huitre-_creuse_ouverte_catalogue-578x434-1.jpg","type":"image\/jpeg"}],"twitter_card":"summary_large_image","twitter_misc":{"Tiempo de lectura":"1 minute"},"schema":{"@context":"https:\/\/schema.org","@graph":[{"@type":"WebPage","@id":"https:\/\/lentraide.es\/fr\/tienda\/huitres-2\/","url":"https:\/\/lentraide.es\/fr\/tienda\/huitres-2\/","name":"Hu\u00eetres n\u00ba 2 | Entraide Fran\u00e7aise","isPartOf":{"@id":"https:\/\/lentraide.es\/fr\/#website"},"primaryImageOfPage":{"@id":"https:\/\/lentraide.es\/fr\/tienda\/huitres-2\/#primaryimage"},"image":{"@id":"https:\/\/lentraide.es\/fr\/tienda\/huitres-2\/#primaryimage"},"thumbnailUrl":"https:\/\/lentraide.es\/wp-content\/uploads\/2020\/10\/huitre-_creuse_ouverte_catalogue-578x434-1.jpg","datePublished":"2023-11-01T12:00:04+00:00","dateModified":"2025-12-28T22:45:40+00:00","breadcrumb":{"@id":"https:\/\/lentraide.es\/fr\/tienda\/huitres-2\/#breadcrumb"},"inLanguage":"es","potentialAction":[{"@type":"ReadAction","target":["https:\/\/lentraide.es\/fr\/tienda\/huitres-2\/"]}]},{"@type":"ImageObject","inLanguage":"es","@id":"https:\/\/lentraide.es\/fr\/tienda\/huitres-2\/#primaryimage","url":"https:\/\/lentraide.es\/wp-content\/uploads\/2020\/10\/huitre-_creuse_ouverte_catalogue-578x434-1.jpg","contentUrl":"https:\/\/lentraide.es\/wp-content\/uploads\/2020\/10\/huitre-_creuse_ouverte_catalogue-578x434-1.jpg","width":434,"height":433},{"@type":"BreadcrumbList","@id":"https:\/\/lentraide.es\/fr\/tienda\/huitres-2\/#breadcrumb","itemListElement":[{"@type":"ListItem","position":1,"name":"Accueil","item":"https:\/\/lentraide.es\/fr\/"},{"@type":"ListItem","position":2,"name":"Boutique","item":"https:\/\/lentraide.es\/fr\/boutique-new\/"},{"@type":"ListItem","position":3,"name":"Hu\u00eetres n\u00ba 2"}]},{"@type":"WebSite","@id":"https:\/\/lentraide.es\/fr\/#website","url":"https:\/\/lentraide.es\/fr\/","name":"Entraide Fran\u00e7aise","description":"Une main tendue vers la France","publisher":{"@id":"https:\/\/lentraide.es\/fr\/#organization"},"alternateName":"L'entraide","potentialAction":[{"@type":"SearchAction","target":{"@type":"EntryPoint","urlTemplate":"https:\/\/lentraide.es\/fr\/?s={search_term_string}"},"query-input":{"@type":"PropertyValueSpecification","valueRequired":true,"valueName":"search_term_string"}}],"inLanguage":"es"},{"@type":"Organization","@id":"https:\/\/lentraide.es\/fr\/#organization","name":"Entraide Fran\u00e7aise","alternateName":"L'entraide","url":"https:\/\/lentraide.es\/fr\/","logo":{"@type":"ImageObject","inLanguage":"es","@id":"https:\/\/lentraide.es\/fr\/#\/schema\/logo\/image\/","url":"https:\/\/lentraide.es\/wp-content\/uploads\/2015\/07\/LOGO-azul2.png","contentUrl":"https:\/\/lentraide.es\/wp-content\/uploads\/2015\/07\/LOGO-azul2.png","width":232,"height":146,"caption":"Entraide Fran\u00e7aise"},"image":{"@id":"https:\/\/lentraide.es\/fr\/#\/schema\/logo\/image\/"},"sameAs":["https:\/\/www.facebook.com\/entraide.francaisemadrid","https:\/\/www.instagram.com\/entraidefrancaisemadrid\/"]}]}},"_links":{"self":[{"href":"https:\/\/lentraide.es\/fr\/wp-json\/wp\/v2\/product\/34958","targetHints":{"allow":["GET"]}}],"collection":[{"href":"https:\/\/lentraide.es\/fr\/wp-json\/wp\/v2\/product"}],"about":[{"href":"https:\/\/lentraide.es\/fr\/wp-json\/wp\/v2\/types\/product"}],"wp:featuredmedia":[{"embeddable":true,"href":"https:\/\/lentraide.es\/fr\/wp-json\/wp\/v2\/media\/35402"}],"wp:attachment":[{"href":"https:\/\/lentraide.es\/fr\/wp-json\/wp\/v2\/media?parent=34958"}],"wp:term":[{"taxonomy":"product_brand","embeddable":true,"href":"https:\/\/lentraide.es\/fr\/wp-json\/wp\/v2\/product_brand?post=34958"},{"taxonomy":"product_cat","embeddable":true,"href":"https:\/\/lentraide.es\/fr\/wp-json\/wp\/v2\/product_cat?post=34958"},{"taxonomy":"product_tag","embeddable":true,"href":"https:\/\/lentraide.es\/fr\/wp-json\/wp\/v2\/product_tag?post=34958"}],"curies":[{"name":"wp","href":"https:\/\/api.w.org\/{rel}","templated":true}]}}