{"id":43466,"date":"2022-10-26T18:53:25","date_gmt":"2022-10-26T16:53:25","guid":{"rendered":"https:\/\/lentraide.es\/?post_type=product&#038;p=43466"},"modified":"2025-12-11T22:42:04","modified_gmt":"2025-12-11T21:42:04","slug":"sauternes-50-cl","status":"publish","type":"product","link":"https:\/\/lentraide.es\/fr\/tienda\/sauternes-50-cl\/","title":{"rendered":"SAUTERNES 50 cl"},"content":{"rendered":"<p><strong>Terroir :<\/strong> Argile<\/p>\n<p><strong>C\u00e9pages :<\/strong> S\u00e9millon<\/p>\n<p><strong>Belle robe jaune or. Nez expressif d\u2019agrumes, de fruits blancs et de poire. Attaque d\u00e9licate avec une belle sucrosit\u00e9, d\u00e9voilant des notes de miel<\/strong>\u00a0<strong>m\u00eal\u00e9es \u00e0 des saveurs de p\u00eache et d\u2019abricot.<br \/>\nBon \u00e9quilibre en bouche. Croquant, frais et \u00e9quilibr\u00e9.<\/strong><\/p>\n<p><em>Accompagne parfaitement Foie gras, plats asiatiques, fromages de type roquefort &#8230;<\/em><\/p>\n","protected":false},"excerpt":{"rendered":"<h4><strong>SAUTERNES CHATEAU JEANNONNIER<\/strong><\/h4>\n<p><strong>Ce Sauternes est produit sur le domaine Ch\u00e2teau Jeannonnier, entr\u00e9 dans la famille de l&rsquo;arri\u00e8re grand-p\u00e8re de Jean Bonnard en 1919. Depuis, cette propri\u00e9t\u00e9 est toujours rest\u00e9e dans la famille et le savoir-faire s\u2019est transmis de g\u00e9n\u00e9ration en g\u00e9n\u00e9ration.<\/strong><\/p>\n","protected":false},"featured_media":43467,"template":"","meta":{"_acf_changed":false},"product_brand":[],"product_cat":[244,166,251],"product_tag":[],"class_list":{"0":"post-43466","1":"product","2":"type-product","3":"status-publish","4":"has-post-thumbnail","6":"product_cat-foie-gras-noel","7":"product_cat-vente-de-noel","8":"product_cat-vins-noel-entraide","10":"first","11":"outofstock","12":"shipping-taxable","13":"purchasable","14":"product-type-simple"},"acf":[],"yoast_head":"<!-- This site is optimized with the Yoast SEO plugin v27.3 - https:\/\/yoast.com\/product\/yoast-seo-wordpress\/ -->\n<title>SAUTERNES 50 cl | Entraide Fran\u00e7aise<\/title>\n<meta name=\"robots\" content=\"index, follow, max-snippet:-1, max-image-preview:large, max-video-preview:-1\" \/>\n<link rel=\"canonical\" href=\"https:\/\/lentraide.es\/fr\/tienda\/sauternes-50-cl\/\" \/>\n<meta property=\"og:locale\" content=\"fr_FR\" \/>\n<meta property=\"og:type\" content=\"article\" \/>\n<meta property=\"og:title\" content=\"SAUTERNES 50 cl | Entraide Fran\u00e7aise\" \/>\n<meta property=\"og:description\" content=\"SAUTERNES CHATEAU JEANNONNIER Ce Sauternes est produit sur le domaine Ch\u00e2teau Jeannonnier, entr\u00e9 dans la famille de l&#039;arri\u00e8re grand-p\u00e8re de Jean Bonnard en 1919. Depuis, cette propri\u00e9t\u00e9 est toujours rest\u00e9e dans la famille et le savoir-faire s\u2019est transmis de g\u00e9n\u00e9ration en g\u00e9n\u00e9ration.\" \/>\n<meta property=\"og:url\" content=\"https:\/\/lentraide.es\/fr\/tienda\/sauternes-50-cl\/\" \/>\n<meta property=\"og:site_name\" content=\"Entraide Fran\u00e7aise\" \/>\n<meta property=\"article:publisher\" content=\"https:\/\/www.facebook.com\/entraide.francaisemadrid\" \/>\n<meta property=\"article:modified_time\" content=\"2025-12-11T21:42:04+00:00\" \/>\n<meta property=\"og:image\" content=\"https:\/\/lentraide.es\/wp-content\/uploads\/2022\/10\/Sauternes-50cl.jpg\" \/>\n\t<meta property=\"og:image:width\" content=\"200\" \/>\n\t<meta property=\"og:image:height\" content=\"400\" \/>\n\t<meta property=\"og:image:type\" content=\"image\/jpeg\" \/>\n<meta name=\"twitter:card\" content=\"summary_large_image\" \/>\n<meta name=\"twitter:label1\" content=\"Tiempo de lectura\" \/>\n\t<meta name=\"twitter:data1\" content=\"1 minute\" \/>\n<script type=\"application\/ld+json\" class=\"yoast-schema-graph\">{\"@context\":\"https:\\\/\\\/schema.org\",\"@graph\":[{\"@type\":\"WebPage\",\"@id\":\"https:\\\/\\\/lentraide.es\\\/fr\\\/tienda\\\/sauternes-50-cl\\\/\",\"url\":\"https:\\\/\\\/lentraide.es\\\/fr\\\/tienda\\\/sauternes-50-cl\\\/\",\"name\":\"SAUTERNES 50 cl | Entraide Fran\u00e7aise\",\"isPartOf\":{\"@id\":\"https:\\\/\\\/lentraide.es\\\/fr\\\/#website\"},\"primaryImageOfPage\":{\"@id\":\"https:\\\/\\\/lentraide.es\\\/fr\\\/tienda\\\/sauternes-50-cl\\\/#primaryimage\"},\"image\":{\"@id\":\"https:\\\/\\\/lentraide.es\\\/fr\\\/tienda\\\/sauternes-50-cl\\\/#primaryimage\"},\"thumbnailUrl\":\"https:\\\/\\\/lentraide.es\\\/wp-content\\\/uploads\\\/2022\\\/10\\\/Sauternes-50cl.jpg\",\"datePublished\":\"2022-10-26T16:53:25+00:00\",\"dateModified\":\"2025-12-11T21:42:04+00:00\",\"breadcrumb\":{\"@id\":\"https:\\\/\\\/lentraide.es\\\/fr\\\/tienda\\\/sauternes-50-cl\\\/#breadcrumb\"},\"inLanguage\":\"es\",\"potentialAction\":[{\"@type\":\"ReadAction\",\"target\":[\"https:\\\/\\\/lentraide.es\\\/fr\\\/tienda\\\/sauternes-50-cl\\\/\"]}]},{\"@type\":\"ImageObject\",\"inLanguage\":\"es\",\"@id\":\"https:\\\/\\\/lentraide.es\\\/fr\\\/tienda\\\/sauternes-50-cl\\\/#primaryimage\",\"url\":\"https:\\\/\\\/lentraide.es\\\/wp-content\\\/uploads\\\/2022\\\/10\\\/Sauternes-50cl.jpg\",\"contentUrl\":\"https:\\\/\\\/lentraide.es\\\/wp-content\\\/uploads\\\/2022\\\/10\\\/Sauternes-50cl.jpg\",\"width\":200,\"height\":400},{\"@type\":\"BreadcrumbList\",\"@id\":\"https:\\\/\\\/lentraide.es\\\/fr\\\/tienda\\\/sauternes-50-cl\\\/#breadcrumb\",\"itemListElement\":[{\"@type\":\"ListItem\",\"position\":1,\"name\":\"Accueil\",\"item\":\"https:\\\/\\\/lentraide.es\\\/fr\\\/\"},{\"@type\":\"ListItem\",\"position\":2,\"name\":\"Boutique\",\"item\":\"https:\\\/\\\/lentraide.es\\\/fr\\\/boutique-new\\\/\"},{\"@type\":\"ListItem\",\"position\":3,\"name\":\"SAUTERNES 50 cl\"}]},{\"@type\":\"WebSite\",\"@id\":\"https:\\\/\\\/lentraide.es\\\/fr\\\/#website\",\"url\":\"https:\\\/\\\/lentraide.es\\\/fr\\\/\",\"name\":\"Entraide Fran\u00e7aise\",\"description\":\"Une main tendue vers la France\",\"publisher\":{\"@id\":\"https:\\\/\\\/lentraide.es\\\/fr\\\/#organization\"},\"alternateName\":\"L'entraide\",\"potentialAction\":[{\"@type\":\"SearchAction\",\"target\":{\"@type\":\"EntryPoint\",\"urlTemplate\":\"https:\\\/\\\/lentraide.es\\\/fr\\\/?s={search_term_string}\"},\"query-input\":{\"@type\":\"PropertyValueSpecification\",\"valueRequired\":true,\"valueName\":\"search_term_string\"}}],\"inLanguage\":\"es\"},{\"@type\":\"Organization\",\"@id\":\"https:\\\/\\\/lentraide.es\\\/fr\\\/#organization\",\"name\":\"Entraide Fran\u00e7aise\",\"alternateName\":\"L'entraide\",\"url\":\"https:\\\/\\\/lentraide.es\\\/fr\\\/\",\"logo\":{\"@type\":\"ImageObject\",\"inLanguage\":\"es\",\"@id\":\"https:\\\/\\\/lentraide.es\\\/fr\\\/#\\\/schema\\\/logo\\\/image\\\/\",\"url\":\"https:\\\/\\\/lentraide.es\\\/wp-content\\\/uploads\\\/2015\\\/07\\\/LOGO-azul2.png\",\"contentUrl\":\"https:\\\/\\\/lentraide.es\\\/wp-content\\\/uploads\\\/2015\\\/07\\\/LOGO-azul2.png\",\"width\":232,\"height\":146,\"caption\":\"Entraide Fran\u00e7aise\"},\"image\":{\"@id\":\"https:\\\/\\\/lentraide.es\\\/fr\\\/#\\\/schema\\\/logo\\\/image\\\/\"},\"sameAs\":[\"https:\\\/\\\/www.facebook.com\\\/entraide.francaisemadrid\",\"https:\\\/\\\/www.instagram.com\\\/entraidefrancaisemadrid\\\/\"]}]}<\/script>\n<!-- \/ Yoast SEO plugin. -->","yoast_head_json":{"title":"SAUTERNES 50 cl | Entraide Fran\u00e7aise","robots":{"index":"index","follow":"follow","max-snippet":"max-snippet:-1","max-image-preview":"max-image-preview:large","max-video-preview":"max-video-preview:-1"},"canonical":"https:\/\/lentraide.es\/fr\/tienda\/sauternes-50-cl\/","og_locale":"fr_FR","og_type":"article","og_title":"SAUTERNES 50 cl | Entraide Fran\u00e7aise","og_description":"SAUTERNES CHATEAU JEANNONNIER Ce Sauternes est produit sur le domaine Ch\u00e2teau Jeannonnier, entr\u00e9 dans la famille de l'arri\u00e8re grand-p\u00e8re de Jean Bonnard en 1919. Depuis, cette propri\u00e9t\u00e9 est toujours rest\u00e9e dans la famille et le savoir-faire s\u2019est transmis de g\u00e9n\u00e9ration en g\u00e9n\u00e9ration.","og_url":"https:\/\/lentraide.es\/fr\/tienda\/sauternes-50-cl\/","og_site_name":"Entraide Fran\u00e7aise","article_publisher":"https:\/\/www.facebook.com\/entraide.francaisemadrid","article_modified_time":"2025-12-11T21:42:04+00:00","og_image":[{"width":200,"height":400,"url":"https:\/\/lentraide.es\/wp-content\/uploads\/2022\/10\/Sauternes-50cl.jpg","type":"image\/jpeg"}],"twitter_card":"summary_large_image","twitter_misc":{"Tiempo de lectura":"1 minute"},"schema":{"@context":"https:\/\/schema.org","@graph":[{"@type":"WebPage","@id":"https:\/\/lentraide.es\/fr\/tienda\/sauternes-50-cl\/","url":"https:\/\/lentraide.es\/fr\/tienda\/sauternes-50-cl\/","name":"SAUTERNES 50 cl | Entraide Fran\u00e7aise","isPartOf":{"@id":"https:\/\/lentraide.es\/fr\/#website"},"primaryImageOfPage":{"@id":"https:\/\/lentraide.es\/fr\/tienda\/sauternes-50-cl\/#primaryimage"},"image":{"@id":"https:\/\/lentraide.es\/fr\/tienda\/sauternes-50-cl\/#primaryimage"},"thumbnailUrl":"https:\/\/lentraide.es\/wp-content\/uploads\/2022\/10\/Sauternes-50cl.jpg","datePublished":"2022-10-26T16:53:25+00:00","dateModified":"2025-12-11T21:42:04+00:00","breadcrumb":{"@id":"https:\/\/lentraide.es\/fr\/tienda\/sauternes-50-cl\/#breadcrumb"},"inLanguage":"es","potentialAction":[{"@type":"ReadAction","target":["https:\/\/lentraide.es\/fr\/tienda\/sauternes-50-cl\/"]}]},{"@type":"ImageObject","inLanguage":"es","@id":"https:\/\/lentraide.es\/fr\/tienda\/sauternes-50-cl\/#primaryimage","url":"https:\/\/lentraide.es\/wp-content\/uploads\/2022\/10\/Sauternes-50cl.jpg","contentUrl":"https:\/\/lentraide.es\/wp-content\/uploads\/2022\/10\/Sauternes-50cl.jpg","width":200,"height":400},{"@type":"BreadcrumbList","@id":"https:\/\/lentraide.es\/fr\/tienda\/sauternes-50-cl\/#breadcrumb","itemListElement":[{"@type":"ListItem","position":1,"name":"Accueil","item":"https:\/\/lentraide.es\/fr\/"},{"@type":"ListItem","position":2,"name":"Boutique","item":"https:\/\/lentraide.es\/fr\/boutique-new\/"},{"@type":"ListItem","position":3,"name":"SAUTERNES 50 cl"}]},{"@type":"WebSite","@id":"https:\/\/lentraide.es\/fr\/#website","url":"https:\/\/lentraide.es\/fr\/","name":"Entraide Fran\u00e7aise","description":"Une main tendue vers la France","publisher":{"@id":"https:\/\/lentraide.es\/fr\/#organization"},"alternateName":"L'entraide","potentialAction":[{"@type":"SearchAction","target":{"@type":"EntryPoint","urlTemplate":"https:\/\/lentraide.es\/fr\/?s={search_term_string}"},"query-input":{"@type":"PropertyValueSpecification","valueRequired":true,"valueName":"search_term_string"}}],"inLanguage":"es"},{"@type":"Organization","@id":"https:\/\/lentraide.es\/fr\/#organization","name":"Entraide Fran\u00e7aise","alternateName":"L'entraide","url":"https:\/\/lentraide.es\/fr\/","logo":{"@type":"ImageObject","inLanguage":"es","@id":"https:\/\/lentraide.es\/fr\/#\/schema\/logo\/image\/","url":"https:\/\/lentraide.es\/wp-content\/uploads\/2015\/07\/LOGO-azul2.png","contentUrl":"https:\/\/lentraide.es\/wp-content\/uploads\/2015\/07\/LOGO-azul2.png","width":232,"height":146,"caption":"Entraide Fran\u00e7aise"},"image":{"@id":"https:\/\/lentraide.es\/fr\/#\/schema\/logo\/image\/"},"sameAs":["https:\/\/www.facebook.com\/entraide.francaisemadrid","https:\/\/www.instagram.com\/entraidefrancaisemadrid\/"]}]}},"_links":{"self":[{"href":"https:\/\/lentraide.es\/fr\/wp-json\/wp\/v2\/product\/43466","targetHints":{"allow":["GET"]}}],"collection":[{"href":"https:\/\/lentraide.es\/fr\/wp-json\/wp\/v2\/product"}],"about":[{"href":"https:\/\/lentraide.es\/fr\/wp-json\/wp\/v2\/types\/product"}],"wp:featuredmedia":[{"embeddable":true,"href":"https:\/\/lentraide.es\/fr\/wp-json\/wp\/v2\/media\/43467"}],"wp:attachment":[{"href":"https:\/\/lentraide.es\/fr\/wp-json\/wp\/v2\/media?parent=43466"}],"wp:term":[{"taxonomy":"product_brand","embeddable":true,"href":"https:\/\/lentraide.es\/fr\/wp-json\/wp\/v2\/product_brand?post=43466"},{"taxonomy":"product_cat","embeddable":true,"href":"https:\/\/lentraide.es\/fr\/wp-json\/wp\/v2\/product_cat?post=43466"},{"taxonomy":"product_tag","embeddable":true,"href":"https:\/\/lentraide.es\/fr\/wp-json\/wp\/v2\/product_tag?post=43466"}],"curies":[{"name":"wp","href":"https:\/\/api.w.org\/{rel}","templated":true}]}}